{"id":154,"date":"2021-06-20T13:28:58","date_gmt":"2021-06-20T13:28:58","guid":{"rendered":"https:\/\/ec2-54-66-210-245.ap-southeast-2.compute.amazonaws.com\/?page_id=154"},"modified":"2026-03-18T15:39:03","modified_gmt":"2026-03-18T15:39:03","slug":"how-it-works","status":"publish","type":"page","link":"https:\/\/phonelocker.com\/de\/how-it-works\/","title":{"rendered":"Wie es funktioniert"},"content":{"rendered":"<div class=\"banner has-hover\" id=\"banner-1562637256\">\n          <div class=\"banner-inner fill\">\n        <div class=\"banner-bg fill\" >\n            <div class=\"bg fill bg-fill\"><\/div>\n                                    \n                    <\/div>\n        <div class=\"banner-layers container\">\n            <div class=\"fill banner-link\"><\/div>            \n   <div id=\"text-box-1790472560\" class=\"text-box banner-layer x5 md-x5 lg-x5 y50 md-y50 lg-y50 res-text\">\n                                <div class=\"text-box-content text box-shadow-3\">\n              \n              <div class=\"text-inner text-left\">\n                  \n<h5>Unsere L\u00f6sung<\/h5>\n<h3>So funktioniert es<\/h3>\n<p>Das Telefonschloss<sup>\u00ae<\/sup> Die L\u00f6sung schafft sichere, handyfreie Umgebungen f\u00fcr Schulen, Arbeitspl\u00e4tze, Veranstaltungen und dar\u00fcber hinaus.<\/p>\n              <\/div>\n           <\/div>\n                            \n<style>\n#text-box-1790472560 .text-box-content {\n  background-color: rgb(255, 255, 255);\n  font-size: 100%;\n}\n#text-box-1790472560 .text-inner {\n  padding: 30px 30px 30px 30px;\n}\n#text-box-1790472560 {\n  width: 60%;\n}\n@media (min-width:550px) {\n  #text-box-1790472560 {\n    width: 40%;\n  }\n}\n<\/style>\n    <\/div>\n \n        <\/div>\n      <\/div>\n\n            \n<style>\n#banner-1562637256 {\n  padding-top: 500px;\n  background-color: rgb(255, 255, 255);\n}\n#banner-1562637256 .bg.bg-loaded {\n  background-image: url(https:\/\/phonelocker.com\/wp-content\/uploads\/2026\/02\/Magnet-Unlocker-1-1024x1024.jpg);\n}\n<\/style>\n  <\/div>\n\n\n\t<section class=\"section home-tutorials-section how-tutorials-section\" id=\"section_2145038948\">\n\t\t<div class=\"bg section-bg fill bg-fill  bg-loaded\" >\n\n\t\t\t\n\t\t\t\n\t\t\t\n\n\t\t<\/div>\n\n\t\t<div class=\"section-content relative\">\n\t\t\t\n<div class=\"row heading-block\"  id=\"row-1336909955\">\n\n\t<div id=\"col-2043541468\" class=\"col small-12 large-12\"  >\n\t\t<div class=\"col-inner text-center\"  >\n\t\t\t\n\t\t\t\n<div class=\"container section-title-container\" ><h2 class=\"section-title section-title-center\"><b><\/b><span class=\"section-title-main\" >Mit unserer abschlie\u00dfbaren Handytasche<\/span><b><\/b><\/h2><\/div>\n<p>Das Telefonschloss<sup>\u00ae<\/sup> Die Tasche ist zuverl\u00e4ssig, robust und einfach zu handhaben.<\/p>\n\t<div id=\"text-354917378\" class=\"text main-heading\">\n\t\t\n\t\t\t<\/div>\n\t\n\t\t<\/div>\n\t\t\t<\/div>\n\n\t\n<\/div>\n<div class=\"row row-large home-tutorials-row\"  id=\"row-1658964619\">\n\n\t<div id=\"col-398610926\" class=\"col medium-4 small-12 large-4\"  >\n\t\t<div class=\"col-inner\"  >\n\t\t\t\n\t\t\t\n\n\t\t<div class=\"icon-box featured-box icon-box-center text-center\"  >\n\t\t\t\t\t<div class=\"icon-box-img\" style=\"width: 160px\">\n\t\t\t\t<div class=\"icon\">\n\t\t\t\t\t<div class=\"icon-inner\" >\n\t\t\t\t\t\t<img decoding=\"async\" width=\"148\" height=\"148\" src=\"https:\/\/phonelocker.com\/wp-content\/uploads\/2021\/06\/ic-tutorial-insert.png\" class=\"attachment-medium size-medium\" alt=\"\" \/>\t\t\t\t\t<\/div>\n\t\t\t\t<\/div>\n\t\t\t<\/div>\n\t\t\t\t<div class=\"icon-box-text last-reset\">\n\t\t\t\t\t\t\t\t\t\n<h3 class=\"uppercase\">Einf\u00fcgen<\/h3>\n<p>Stecken Sie Ihr Telefon in die Tasche<\/p>\n\t\t<\/div>\n\t<\/div>\n\t\n\t\n\t\t<\/div>\n\t\t\t<\/div>\n\n\t\n\n\t<div id=\"col-1143239518\" class=\"col medium-4 small-12 large-4\"  >\n\t\t<div class=\"col-inner\"  >\n\t\t\t\n\t\t\t\n\n\t\t<div class=\"icon-box featured-box icon-box-center text-center\"  >\n\t\t\t\t\t<div class=\"icon-box-img\" style=\"width: 160px\">\n\t\t\t\t<div class=\"icon\">\n\t\t\t\t\t<div class=\"icon-inner\" >\n\t\t\t\t\t\t<img decoding=\"async\" width=\"148\" height=\"148\" src=\"https:\/\/phonelocker.com\/wp-content\/uploads\/2021\/06\/ic-tutorial-lock.png\" class=\"attachment-medium size-medium\" alt=\"\" \/>\t\t\t\t\t<\/div>\n\t\t\t\t<\/div>\n\t\t\t<\/div>\n\t\t\t\t<div class=\"icon-box-text last-reset\">\n\t\t\t\t\t\t\t\t\t\n<h3 class=\"uppercase\">Sperren<\/h3>\n<p>Zum Verriegeln einfach den Stift in das Loch dr\u00fccken<\/p>\n\t\t<\/div>\n\t<\/div>\n\t\n\t\n\t\t<\/div>\n\t\t\t<\/div>\n\n\t\n\n\t<div id=\"col-1303563022\" class=\"col medium-4 small-12 large-4\"  >\n\t\t<div class=\"col-inner\"  >\n\t\t\t\n\t\t\t\n\n\t\t<div class=\"icon-box featured-box icon-box-center text-center\"  >\n\t\t\t\t\t<div class=\"icon-box-img\" style=\"width: 160px\">\n\t\t\t\t<div class=\"icon\">\n\t\t\t\t\t<div class=\"icon-inner\" >\n\t\t\t\t\t\t<img decoding=\"async\" width=\"148\" height=\"148\" src=\"https:\/\/phonelocker.com\/wp-content\/uploads\/2021\/06\/ic-tutorial-unlock.png\" class=\"attachment-medium size-medium\" alt=\"\" \/>\t\t\t\t\t<\/div>\n\t\t\t\t<\/div>\n\t\t\t<\/div>\n\t\t\t\t<div class=\"icon-box-text last-reset\">\n\t\t\t\t\t\t\t\t\t\n<h3 class=\"uppercase\">Freischalten<\/h3>\n<p>Entriegeln durch einfaches Platzieren des Verriegelungsmechanismus in der N\u00e4he der Magnetbasis<\/p>\n\t\t<\/div>\n\t<\/div>\n\t\n\t\n\t\t<\/div>\n\t\t\t<\/div>\n\n\t\n<\/div>\n\t<div id=\"gap-1777614969\" class=\"gap-element clearfix\" style=\"display:block; height:auto;\">\n\t\t\n<style>\n#gap-1777614969 {\n  padding-top: 180px;\n}\n<\/style>\n\t<\/div>\n\t\n\t\t<\/div>\n\n\t\t\n<style>\n#section_2145038948 {\n  padding-top: 29px;\n  padding-bottom: 29px;\n}\n<\/style>\n\t<\/section>\n\t\n\t<section class=\"section how-central-unlocking-section\" id=\"section_972637391\">\n\t\t<div class=\"bg section-bg fill bg-fill  bg-loaded\" >\n\n\t\t\t\n\t\t\t\n\t\t\t\n\n\t\t<\/div>\n\n\t\t<div class=\"section-content relative\">\n\t\t\t\n<div class=\"row row-collapse align-middle home-central-row how-central-row\"  id=\"row-587342002\">\n\n\t<div id=\"col-1158048015\" class=\"col left-col medium-6 small-12 large-6\"  >\n\t\t<div class=\"col-inner\"  >\n\t\t\t\n\t\t\t\n\t<div class=\"img has-hover x md-x lg-x y md-y lg-y\" id=\"image_218009688\">\n\t\t\t\t\t\t\t\t<div class=\"img-inner dark\" >\n\t\t\t<img decoding=\"async\" width=\"2560\" height=\"1920\" src=\"https:\/\/phonelocker.com\/wp-content\/uploads\/2026\/01\/P1301661-scaled.jpg\" class=\"attachment-original size-original\" alt=\"\" srcset=\"https:\/\/phonelocker.com\/wp-content\/uploads\/2026\/01\/P1301661-scaled.jpg 2560w, https:\/\/phonelocker.com\/wp-content\/uploads\/2026\/01\/P1301661-300x225.jpg 300w, https:\/\/phonelocker.com\/wp-content\/uploads\/2026\/01\/P1301661-1024x768.jpg 1024w, https:\/\/phonelocker.com\/wp-content\/uploads\/2026\/01\/P1301661-768x576.jpg 768w, https:\/\/phonelocker.com\/wp-content\/uploads\/2026\/01\/P1301661-1536x1152.jpg 1536w, https:\/\/phonelocker.com\/wp-content\/uploads\/2026\/01\/P1301661-2048x1536.jpg 2048w, https:\/\/phonelocker.com\/wp-content\/uploads\/2026\/01\/P1301661-16x12.jpg 16w\" sizes=\"(max-width: 2560px) 100vw, 2560px\" \/>\t\t\t\t\t\t\n\t\t\t\t\t<\/div>\n\t\t\t\t\t\t\t\t\n<style>\n#image_218009688 {\n  width: 100%;\n}\n<\/style>\n\t<\/div>\n\t\n\t\t<\/div>\n\t\t\t<\/div>\n\n\t\n\n\t<div id=\"col-1086770168\" class=\"col right-col medium-6 small-12 large-6\"  >\n\t\t<div class=\"col-inner box-shadow-2\" style=\"background-color:rgb(255, 255, 255);\" >\n\t\t\t\n\t\t\t\n<h3>Das Telefonschloss<sup>\u00ae<\/sup> Beutel<\/h3>\n<p>Telefonschlie\u00dffach<sup>\u00ae<\/sup> ist eine einfache, sichere und bew\u00e4hrte L\u00f6sung, die konzentrierte, handyfreie Umgebungen ohne Konflikte oder Komplikationen schafft. Unsere patentierte Tasche bewahrt Ger\u00e4te sicher beim Nutzer auf und verhindert gleichzeitig den Zugriff. So k\u00f6nnen Schulen, Unternehmen, Veranstaltungen und Sicherheitsbereiche Ablenkungen reduzieren, die Privatsph\u00e4re sch\u00fctzen und das Wohlbefinden steigern.<\/p>\n<p>Langlebig, leicht und einfach in gro\u00dfem Umfang zu verwenden: Phone Locker<sup>\u00ae<\/sup> genie\u00dft weltweit in verschiedenen Branchen das Vertrauen, bessere Verhaltensweisen, Lernprozesse, Produktivit\u00e4t und Sicherheit zu f\u00f6rdern.<\/p>\n<a href=\"https:\/\/phonelocker.com\/de\/the-product\/\" target=\"_self\" class=\"button primary\"  >\n    <span>Sehen Sie sich unsere Beutel an<\/span>\n  <\/a>\n\n\t\t<\/div>\n\t\t\n<style>\n#col-1086770168 > .col-inner {\n  padding: 65px 30px 50px 30px;\n  margin: 0px 0px 5px 0px;\n}\n<\/style>\n\t<\/div>\n\n\t\n\n\t<div id=\"col-839643349\" class=\"col left-col medium-6 small-12 large-6\"  >\n\t\t<div class=\"col-inner\"  >\n\t\t\t\n\t\t\t\n\t<div class=\"img has-hover x md-x lg-x y md-y lg-y\" id=\"image_1316601357\">\n\t\t\t\t\t\t\t\t<div class=\"img-inner dark\" >\n\t\t\t<img decoding=\"async\" width=\"2560\" height=\"1707\" src=\"https:\/\/phonelocker.com\/wp-content\/uploads\/2026\/02\/CERCLE-EXPERIENCE-CDMX-5-scaled.jpg\" class=\"attachment-original size-original\" alt=\"\" srcset=\"https:\/\/phonelocker.com\/wp-content\/uploads\/2026\/02\/CERCLE-EXPERIENCE-CDMX-5-scaled.jpg 2560w, https:\/\/phonelocker.com\/wp-content\/uploads\/2026\/02\/CERCLE-EXPERIENCE-CDMX-5-300x200.jpg 300w, https:\/\/phonelocker.com\/wp-content\/uploads\/2026\/02\/CERCLE-EXPERIENCE-CDMX-5-1024x683.jpg 1024w, https:\/\/phonelocker.com\/wp-content\/uploads\/2026\/02\/CERCLE-EXPERIENCE-CDMX-5-768x512.jpg 768w, https:\/\/phonelocker.com\/wp-content\/uploads\/2026\/02\/CERCLE-EXPERIENCE-CDMX-5-1536x1024.jpg 1536w, https:\/\/phonelocker.com\/wp-content\/uploads\/2026\/02\/CERCLE-EXPERIENCE-CDMX-5-2048x1365.jpg 2048w, https:\/\/phonelocker.com\/wp-content\/uploads\/2026\/02\/CERCLE-EXPERIENCE-CDMX-5-18x12.jpg 18w\" sizes=\"(max-width: 2560px) 100vw, 2560px\" \/>\t\t\t\t\t\t\n\t\t\t\t\t<\/div>\n\t\t\t\t\t\t\t\t\n<style>\n#image_1316601357 {\n  width: 100%;\n}\n<\/style>\n\t<\/div>\n\t\n\t\t<\/div>\n\t\t\t<\/div>\n\n\t\n\n\t<div id=\"col-310200544\" class=\"col right-col medium-6 small-12 large-6\"  >\n\t\t<div class=\"col-inner box-shadow-2\" style=\"background-color:rgb(255, 255, 255);\" >\n\t\t\t\n\t\t\t\n<h3>Telefonschlie\u00dffach<sup>\u00ae<\/sup> Unterst\u00fctzung und Standortplanung<\/h3>\n<p>Wenn Schulen, Betriebe oder Veranstalter beschlie\u00dfen, die Handynutzung einzuschr\u00e4nken oder zu reduzieren, liegt die gr\u00f6\u00dfte Herausforderung nicht in der Idee selbst, sondern in der Umsetzung. Richtlinien auf dem Papier reichen oft nicht aus, wenn sie nicht in der Praxis umgesetzt werden.<\/p>\n<p>Wir verstehen, dass jeder Standort und jede Location anders ist. Wir haben Erfahrung darin, Kunden bei der Implementierung des Phone Lockers zu unterst\u00fctzen.<sup>\u00ae<\/sup> Das System ist in verschiedenen Umgebungen einsetzbar und kann bei der Planung der Markteinf\u00fchrung helfen sowie zum Start Unterst\u00fctzung leisten.<\/p>\n\t\t<\/div>\n\t\t\n<style>\n#col-310200544 > .col-inner {\n  padding: 65px 30px 50px 30px;\n  margin: 0px 0px 5px 0px;\n}\n<\/style>\n\t<\/div>\n\n\t\n<\/div>\n<div class=\"container section-title-container\" ><h3 class=\"section-title section-title-center\"><b><\/b><span class=\"section-title-main\" >So funktioniert es<\/span><b><\/b><\/h3><\/div>\n<div class=\"row row-collapse align-center\"  id=\"row-600211849\">\n\n\t<div id=\"col-939846674\" class=\"col medium-10 small-12 large-10\"  >\n\t\t<div class=\"col-inner\"  >\n\t\t\t\n\t\t\t\n\n  <div class=\"banner has-hover how-banner-video\" id=\"banner-432896400\">\n          <div class=\"banner-inner fill\">\n        <div class=\"banner-bg fill\" >\n            <div class=\"bg fill bg-fill\"><\/div>\n                                    \n                    <\/div>\n        <div class=\"banner-layers container\">\n            <div class=\"fill banner-link\"><\/div>            \n   <div id=\"text-box-1819342814\" class=\"text-box banner-layer x50 md-x50 lg-x50 y50 md-y50 lg-y50 res-text\">\n                                <div class=\"text-box-content text dark\">\n              \n              <div class=\"text-inner text-center\">\n                  \n<div class=\"video video-fit mb\" style=\"padding-top:56.25%;\"><p><iframe title=\"Lernen Sie Phone Locker\u00ae kennen.\" width=\"1020\" height=\"574\" src=\"https:\/\/www.youtube.com\/embed\/E_a5evbX6ww?feature=oembed\" frameborder=\"0\" allow=\"accelerometer; autoplay; clipboard-write; encrypted-media; gyroscope; picture-in-picture; web-share\" referrerpolicy=\"strict-origin-when-cross-origin\" allowfullscreen><\/iframe><\/p>\n<\/div>\n              <\/div>\n           <\/div>\n                            \n<style>\n#text-box-1819342814 {\n  width: 100%;\n}\n#text-box-1819342814 .text-box-content {\n  font-size: 100%;\n}\n<\/style>\n    <\/div>\n \n        <\/div>\n      <\/div>\n\n            \n<style>\n#banner-432896400 {\n  padding-top: 380px;\n}\n<\/style>\n  <\/div>\n\n\n\t\t<\/div>\n\t\t\t<\/div>\n\n\t\n\n<style>\n#row-600211849 > .col > .col-inner {\n  background-color: rgb(255,255,255);\n}\n<\/style>\n<\/div>\n\t<div id=\"gap-193109961\" class=\"gap-element clearfix\" style=\"display:block; height:auto;\">\n\t\t\n<style>\n#gap-193109961 {\n  padding-top: 40px;\n}\n@media (min-width:550px) {\n  #gap-193109961 {\n    padding-top: 130px;\n  }\n}\n<\/style>\n\t<\/div>\n\t\n\t\t<\/div>\n\n\t\t\n<style>\n#section_972637391 {\n  padding-top: 0px;\n  padding-bottom: 0px;\n  background-color: rgb(255,255,255);\n}\n<\/style>\n\t<\/section>\n\t\n<div class=\"message-box relative dark\" style=\"padding-top:30px;padding-bottom:30px;\"><div class=\"message-box-bg-image bg-fill fill\" ><\/div><div class=\"message-box-bg-overlay bg-fill fill\" style=\"background-color:rgb(1, 181, 122);\"><\/div><div class=\"container relative\"><div class=\"inner last-reset\">\n<div class=\"row align-middle align-center\"  id=\"row-1947769429\">\n\n\t<div id=\"col-389557391\" class=\"col medium-9 small-12 large-9\"  >\n\t\t<div class=\"col-inner\"  >\n\t\t\t\n\t\t\t\n<h2 class=\"text--center\">Lasst uns handyfrei leben<\/h2>\n<p>Kontaktieren Sie uns, um eine kostenlose Vorf\u00fchrung unserer Beutel oder ein unverbindliches Angebot anzufordern.<\/p>\n\t\t<\/div>\n\t\t\t<\/div>\n\n\t\n\n\t<div id=\"col-1526115974\" class=\"col medium-2 small-12 large-2\"  >\n\t\t<div class=\"col-inner text-center\"  >\n\t\t\t\n\t\t\t\n<a href=\"https:\/\/phonelocker.com\/de\/contact\/\" target=\"_self\" class=\"button white is-outline lowercase\"  style=\"border-radius:99px;\">\n    <span>Kontaktieren Sie uns<\/span>\n  <\/a>\n\n\t\t<\/div>\n\t\t\t<\/div>\n\n\t\n<\/div>\n<\/div><\/div><\/div>","protected":false},"excerpt":{"rendered":"","protected":false},"author":1,"featured_media":2782,"parent":0,"menu_order":0,"comment_status":"closed","ping_status":"closed","template":"page-blank.php","meta":{"footnotes":""},"class_list":["post-154","page","type-page","status-publish","has-post-thumbnail","hentry"],"yoast_head":"<!-- This site is optimized with the Yoast SEO plugin v27.1.1 - https:\/\/yoast.com\/product\/yoast-seo-wordpress\/ -->\n<title>How it Works - Phone Locker<\/title>\n<meta name=\"robots\" content=\"index, follow, max-snippet:-1, max-image-preview:large, max-video-preview:-1\" \/>\n<link rel=\"canonical\" href=\"https:\/\/phonelocker.com\/de\/how-it-works\/\" \/>\n<meta property=\"og:locale\" content=\"de_DE\" \/>\n<meta property=\"og:type\" content=\"article\" \/>\n<meta property=\"og:title\" content=\"How it Works - Phone Locker\" \/>\n<meta property=\"og:url\" content=\"https:\/\/phonelocker.com\/de\/how-it-works\/\" \/>\n<meta property=\"og:site_name\" content=\"Phone Locker\" \/>\n<meta property=\"article:modified_time\" content=\"2026-03-18T15:39:03+00:00\" \/>\n<meta property=\"og:image\" content=\"https:\/\/phonelocker.com\/wp-content\/uploads\/2026\/02\/Magnet-Unlocker-1.jpg\" \/>\n\t<meta property=\"og:image:width\" content=\"2000\" \/>\n\t<meta property=\"og:image:height\" content=\"2000\" \/>\n\t<meta property=\"og:image:type\" content=\"image\/jpeg\" \/>\n<meta name=\"twitter:card\" content=\"summary_large_image\" \/>\n<meta name=\"twitter:label1\" content=\"Gesch\u00e4tzte Lesezeit\" \/>\n\t<meta name=\"twitter:data1\" content=\"3\u00a0Minuten\" \/>\n<!-- \/ Yoast SEO plugin. -->","yoast_head_json":{"title":"So funktioniert&#039;s \u2013 Telefonsperre","robots":{"index":"index","follow":"follow","max-snippet":"max-snippet:-1","max-image-preview":"max-image-preview:large","max-video-preview":"max-video-preview:-1"},"canonical":"https:\/\/phonelocker.com\/de\/how-it-works\/","og_locale":"de_DE","og_type":"article","og_title":"How it Works - Phone Locker","og_url":"https:\/\/phonelocker.com\/de\/how-it-works\/","og_site_name":"Phone Locker","article_modified_time":"2026-03-18T15:39:03+00:00","og_image":[{"width":2000,"height":2000,"url":"https:\/\/phonelocker.com\/wp-content\/uploads\/2026\/02\/Magnet-Unlocker-1.jpg","type":"image\/jpeg"}],"twitter_card":"summary_large_image","twitter_misc":{"Gesch\u00e4tzte Lesezeit":"3\u00a0Minuten"},"schema":{"@context":"https:\/\/schema.org","@graph":[{"@type":"WebPage","@id":"https:\/\/phonelocker.com\/how-it-works\/","url":"https:\/\/phonelocker.com\/how-it-works\/","name":"So funktioniert&#039;s \u2013 Telefonsperre","isPartOf":{"@id":"https:\/\/phonelocker.com\/#website"},"primaryImageOfPage":{"@id":"https:\/\/phonelocker.com\/how-it-works\/#primaryimage"},"image":{"@id":"https:\/\/phonelocker.com\/how-it-works\/#primaryimage"},"thumbnailUrl":"https:\/\/phonelocker.com\/wp-content\/uploads\/2026\/02\/Magnet-Unlocker-1.jpg","datePublished":"2021-06-20T13:28:58+00:00","dateModified":"2026-03-18T15:39:03+00:00","breadcrumb":{"@id":"https:\/\/phonelocker.com\/how-it-works\/#breadcrumb"},"inLanguage":"de","potentialAction":[{"@type":"ReadAction","target":["https:\/\/phonelocker.com\/how-it-works\/"]}]},{"@type":"ImageObject","inLanguage":"de","@id":"https:\/\/phonelocker.com\/how-it-works\/#primaryimage","url":"https:\/\/phonelocker.com\/wp-content\/uploads\/2026\/02\/Magnet-Unlocker-1.jpg","contentUrl":"https:\/\/phonelocker.com\/wp-content\/uploads\/2026\/02\/Magnet-Unlocker-1.jpg","width":2000,"height":2000},{"@type":"BreadcrumbList","@id":"https:\/\/phonelocker.com\/how-it-works\/#breadcrumb","itemListElement":[{"@type":"ListItem","position":1,"name":"Home","item":"https:\/\/phonelocker.com\/"},{"@type":"ListItem","position":2,"name":"How it Works"}]},{"@type":"WebSite","@id":"https:\/\/phonelocker.com\/#website","url":"https:\/\/phonelocker.com\/","name":"Telefonschlie\u00dffach","description":"Verschlie\u00dfbare Telefontasche","potentialAction":[{"@type":"SearchAction","target":{"@type":"EntryPoint","urlTemplate":"https:\/\/phonelocker.com\/?s={search_term_string}"},"query-input":{"@type":"PropertyValueSpecification","valueRequired":true,"valueName":"search_term_string"}}],"inLanguage":"de"}]}},"_links":{"self":[{"href":"https:\/\/phonelocker.com\/de\/wp-json\/wp\/v2\/pages\/154","targetHints":{"allow":["GET"]}}],"collection":[{"href":"https:\/\/phonelocker.com\/de\/wp-json\/wp\/v2\/pages"}],"about":[{"href":"https:\/\/phonelocker.com\/de\/wp-json\/wp\/v2\/types\/page"}],"author":[{"embeddable":true,"href":"https:\/\/phonelocker.com\/de\/wp-json\/wp\/v2\/users\/1"}],"replies":[{"embeddable":true,"href":"https:\/\/phonelocker.com\/de\/wp-json\/wp\/v2\/comments?post=154"}],"version-history":[{"count":10,"href":"https:\/\/phonelocker.com\/de\/wp-json\/wp\/v2\/pages\/154\/revisions"}],"predecessor-version":[{"id":3278,"href":"https:\/\/phonelocker.com\/de\/wp-json\/wp\/v2\/pages\/154\/revisions\/3278"}],"wp:featuredmedia":[{"embeddable":true,"href":"https:\/\/phonelocker.com\/de\/wp-json\/wp\/v2\/media\/2782"}],"wp:attachment":[{"href":"https:\/\/phonelocker.com\/de\/wp-json\/wp\/v2\/media?parent=154"}],"curies":[{"name":"wp","href":"https:\/\/api.w.org\/{rel}","templated":true}]}}