{"id":179,"date":"2021-06-20T15:37:20","date_gmt":"2021-06-20T15:37:20","guid":{"rendered":"https:\/\/ec2-54-66-210-245.ap-southeast-2.compute.amazonaws.com\/?page_id=179"},"modified":"2026-03-19T10:47:21","modified_gmt":"2026-03-19T10:47:21","slug":"product-benefits","status":"publish","type":"page","link":"https:\/\/phonelocker.com\/de\/product-benefits\/","title":{"rendered":"Vorteile von Phone Locker\u00ae"},"content":{"rendered":"<div class=\"banner has-hover\" id=\"banner-346884540\">\n          <div class=\"banner-inner fill\">\n        <div class=\"banner-bg fill\" >\n            <div class=\"bg fill bg-fill\"><\/div>\n                                    \n                    <\/div>\n        <div class=\"banner-layers container\">\n            <div class=\"fill banner-link\"><\/div>            \n   <div id=\"text-box-1926036544\" class=\"text-box banner-layer x5 md-x5 lg-x5 y95 md-y50 lg-y50 res-text\">\n                                <div class=\"text-box-content text box-shadow-1\">\n              \n              <div class=\"text-inner text-left\">\n                  \n<h6>Unsere L\u00f6sung<\/h6>\n<h3 class=\"uppercase\">Wir entwickeln funktionierende, handyfreie L\u00f6sungen.<\/h3>\n<p>Am Telefonschlie\u00dffach<sup>\u00ae<\/sup>, Wir glauben, dass das Weglegen des Smartphones mehr bedeutet als nur Ablenkung zu vermeiden \u2013 es er\u00f6ffnet neue M\u00f6glichkeiten. Unsere Taschen schaffen R\u00e4ume, in denen Menschen ganz im Hier und Jetzt sein k\u00f6nnen, ihre Aufmerksamkeit ungeteilt ist und echte Begegnungen gedeihen.<\/p>\n<a rel=\"noopener noreferrer\" href=\"https:\/\/phonelocker.com\/de\/contact\/\" target=\"_blank\" class=\"button primary is-gradient\"  >\n    <span>Kontaktieren Sie uns<\/span>\n  <\/a>\n\n              <\/div>\n           <\/div>\n                            \n<style>\n#text-box-1926036544 .text-box-content {\n  background-color: rgba(255, 255, 255, 0.94);\n  font-size: 100%;\n}\n#text-box-1926036544 .text-inner {\n  padding: 30px 30px 30px 30px;\n}\n#text-box-1926036544 {\n  width: 90%;\n}\n@media (min-width:550px) {\n  #text-box-1926036544 {\n    width: 44%;\n  }\n}\n<\/style>\n    <\/div>\n \n        <\/div>\n      <\/div>\n\n            \n<style>\n#banner-346884540 {\n  padding-top: 637px;\n}\n#banner-346884540 .bg.bg-loaded {\n  background-image: url(https:\/\/phonelocker.com\/wp-content\/uploads\/2026\/01\/P1301663-scaled.jpg);\n}\n#banner-346884540 .bg {\n  background-position: 62% 60%;\n}\n<\/style>\n  <\/div>\n\n\n\t<section class=\"section\" id=\"section_1919790867\">\n\t\t<div class=\"bg section-bg fill bg-fill  bg-loaded\" >\n\n\t\t\t\n\t\t\t<div class=\"section-bg-overlay absolute fill\"><\/div>\n\t\t\t\n\t<div class=\"is-border\"\n\t\tstyle=\"border-width:1px 0px 1px 0px;\">\n\t<\/div>\n\n\t\t<\/div>\n\n\t\t<div class=\"section-content relative\">\n\t\t\t\n<div class=\"row row-large align-middle\"  id=\"row-489545157\">\n\n\t<div id=\"col-734951913\" class=\"col small-12 large-12\"  >\n\t\t<div class=\"col-inner\"  >\n\t\t\t\n\t\t\t\n<p style=\"text-align: center;\"><strong>F\u00fcr Schulen, Theater, Arbeitspl\u00e4tze und Live-Veranstaltungen: Phone Locker<sup>\u00ae<\/sup> Es stellt Konzentration, Vertrauen und Vertraulichkeit wieder her. F\u00fcr den Einzelnen bietet es Sicherheit: Das Smartphone ist immer dabei, aber die st\u00e4ndige Ablenkung durch Benachrichtigungen entf\u00e4llt. Das Ergebnis ist eine seltene Freiheit \u2013 die Freiheit, klar zu denken, offen zusammenzuarbeiten und Momente so zu erleben, wie sie sein sollen.<\/strong><\/p>\n<p style=\"text-align: center;\">Telefonschlie\u00dffach<sup>\u00ae<\/sup> Es sichert nicht nur Ger\u00e4te. Es hilft Organisationen und Gemeinschaften, das Wertvollste zur\u00fcckzugewinnen: Aufmerksamkeit, Verbundenheit und authentische Erlebnisse.<\/p>\n\t\t<\/div>\n\t\t\t<\/div>\n\n\t\n<\/div>\n\t\t<\/div>\n\n\t\t\n<style>\n#section_1919790867 {\n  padding-top: 20px;\n  padding-bottom: 20px;\n  background-color: rgb(255, 255, 255);\n}\n#section_1919790867 .section-bg-overlay {\n  background-color: rgba(255, 255, 255, 0.85);\n}\n<\/style>\n\t<\/section>\n\t\n\t<section class=\"section\" id=\"section_328901461\">\n\t\t<div class=\"bg section-bg fill bg-fill  bg-loaded\" >\n\n\t\t\t\n\t\t\t<div class=\"section-bg-overlay absolute fill\"><\/div>\n\t\t\t\n\n\t\t<\/div>\n\n\t\t<div class=\"section-content relative\">\n\t\t\t\n<div class=\"container section-title-container\" ><h1 class=\"section-title section-title-center\"><b><\/b><span class=\"section-title-main\" >Produktvorteile<\/span><b><\/b><\/h1><\/div>\n<div class=\"row row-large align-middle\"  id=\"row-1874648005\">\n\n\t<div id=\"col-420855469\" class=\"col medium-6 small-12 large-6\"  >\n\t\t<div class=\"col-inner text-left\"  >\n\t\t\t\n\t\t\t\n<h3>F\u00fcr Ihren Raum gemacht<\/h3>\n<p>Unsere abschlie\u00dfbaren Handytaschen sind einfach zu bedienen, robust genug f\u00fcr den Einsatz in Umgebungen mit vielf\u00e4ltigem Gebrauch und in vollfarbiger, individueller Gestaltung erh\u00e4ltlich, um sie an Ihre Schule, Ihren Veranstaltungsort oder Ihre Organisation anzupassen.<\/p>\n<h3>Sichere, nahtlose Ein-Klick-Nutzung<\/h3>\n<p>Das System zum Sperren und Entsperren mit nur einem Fingertipp macht die Telefonverwaltung kinderleicht. Keine Verz\u00f6gerungen. Keine Warteschlangen. Einfach ein reibungsloses Erlebnis, das den Arbeitsfluss aufrechterh\u00e4lt und Momente wertvoll macht.<\/p>\n\t\t<\/div>\n\t\t\t<\/div>\n\n\t\n\n\t<div id=\"col-821568091\" class=\"col medium-6 small-12 large-6\"  >\n\t\t<div class=\"col-inner\"  >\n\t\t\t\n\t\t\t\n\t<div class=\"img has-hover x md-x lg-x y md-y lg-y\" id=\"image_318957003\">\n\t\t\t\t\t\t\t\t<div class=\"img-inner dark\" >\n\t\t\t<img decoding=\"async\" width=\"1020\" height=\"1020\" src=\"https:\/\/phonelocker.com\/wp-content\/uploads\/2026\/02\/Lockable-Magnet-Case-5-1024x1024.jpg\" class=\"attachment-large size-large\" alt=\"\" srcset=\"https:\/\/phonelocker.com\/wp-content\/uploads\/2026\/02\/Lockable-Magnet-Case-5-1024x1024.jpg 1024w, https:\/\/phonelocker.com\/wp-content\/uploads\/2026\/02\/Lockable-Magnet-Case-5-300x300.jpg 300w, https:\/\/phonelocker.com\/wp-content\/uploads\/2026\/02\/Lockable-Magnet-Case-5-150x150.jpg 150w, https:\/\/phonelocker.com\/wp-content\/uploads\/2026\/02\/Lockable-Magnet-Case-5-768x768.jpg 768w, https:\/\/phonelocker.com\/wp-content\/uploads\/2026\/02\/Lockable-Magnet-Case-5-1536x1536.jpg 1536w, https:\/\/phonelocker.com\/wp-content\/uploads\/2026\/02\/Lockable-Magnet-Case-5-12x12.jpg 12w, https:\/\/phonelocker.com\/wp-content\/uploads\/2026\/02\/Lockable-Magnet-Case-5.jpg 2000w\" sizes=\"(max-width: 1020px) 100vw, 1020px\" \/>\t\t\t\t\t\t\n\t\t\t\t\t<\/div>\n\t\t\t\t\t\t\t\t\n<style>\n#image_318957003 {\n  width: 100%;\n}\n<\/style>\n\t<\/div>\n\t\n\t<div class=\"img has-hover x md-x lg-x y md-y lg-y\" id=\"image_1088059572\">\n\t\t\t\t\t\t\t\t<div class=\"img-inner box-shadow-2 dark\" >\n\t\t\t\t\t\t\t\t\t\n\t\t\t\t\t<\/div>\n\t\t\t\t\t\t\t\t\n<style>\n#image_1088059572 {\n  width: 100%;\n}\n<\/style>\n\t<\/div>\n\t\n\t\t<\/div>\n\t\t\t<\/div>\n\n\t\n<\/div>\n\t\t<\/div>\n\n\t\t\n<style>\n#section_328901461 {\n  padding-top: 20px;\n  padding-bottom: 20px;\n  background-color: rgb(193, 193, 193);\n}\n#section_328901461 .section-bg-overlay {\n  background-color: rgba(255, 255, 255, 0.85);\n}\n<\/style>\n\t<\/section>\n\t\n\t<section class=\"section\" id=\"section_762510360\">\n\t\t<div class=\"bg section-bg fill bg-fill  bg-loaded\" >\n\n\t\t\t\n\t\t\t<div class=\"section-bg-overlay absolute fill\"><\/div>\n\t\t\t\n\n\t\t<\/div>\n\n\t\t<div class=\"section-content relative\">\n\t\t\t\n<div class=\"container section-title-container\" ><h1 class=\"section-title section-title-center\"><b><\/b><span class=\"section-title-main\" >personalisierter Ansatz<\/span><b><\/b><\/h1><\/div>\n<div class=\"row row-large align-middle\"  id=\"row-500700089\">\n\n\t<div id=\"col-1871235615\" class=\"col medium-6 small-12 large-6\"  >\n\t\t<div class=\"col-inner text-left\"  >\n\t\t\t\n\t\t\t\n<h3>Unterst\u00fctzung bei jedem Schritt<\/h3>\n<p>Wir liefern Ihnen nicht nur das Produkt, sondern unterst\u00fctzen Sie auch bei der Implementierung. Von der Planung und Kommunikation bis hin zum Support vor Ort sorgt unser Team f\u00fcr eine reibungslose und stressfreie Einf\u00fchrung Ihres telefonfreien Systems. Dank lokalem Support werden alle Probleme schnell und kostenlos gel\u00f6st.<\/p>\n<h3>Weltweit von Gemeinschaften gesch\u00e4tzt<\/h3>\n<p data-start=\"1831\" data-end=\"2041\">Schulen, Arbeitspl\u00e4tze und Veranstaltungen verlassen sich auf Phone Locker.<sup>\u00ae<\/sup> um sicherere, konzentriertere R\u00e4ume zu schaffen. Stark\u00a0<a href=\"https:\/\/uk.trustpilot.com\/review\/phonelocker.com\" target=\"_blank\" rel=\"noopener\">Trustpilot-Bewertungen<\/a>\u00a0Die fortlaufenden Partnerschaften mit Wohlt\u00e4tigkeitsorganisationen spiegeln unser Engagement f\u00fcr positive Auswirkungen wider, die \u00fcber das Produkt hinausgehen.<\/p>\n\t\t<\/div>\n\t\t\t<\/div>\n\n\t\n\n\t<div id=\"col-1431239280\" class=\"col medium-6 small-12 large-6\"  >\n\t\t<div class=\"col-inner\"  >\n\t\t\t\n\t\t\t\n\t<div class=\"img has-hover x md-x lg-x y md-y lg-y\" id=\"image_1216738783\">\n\t\t\t\t\t\t\t\t<div class=\"img-inner dark\" >\n\t\t\t<img decoding=\"async\" width=\"1020\" height=\"680\" src=\"https:\/\/phonelocker.com\/wp-content\/uploads\/2026\/02\/Insignus-school-staff-1024x683.jpg\" class=\"attachment-large size-large\" alt=\"\" srcset=\"https:\/\/phonelocker.com\/wp-content\/uploads\/2026\/02\/Insignus-school-staff-1024x683.jpg 1024w, https:\/\/phonelocker.com\/wp-content\/uploads\/2026\/02\/Insignus-school-staff-300x200.jpg 300w, https:\/\/phonelocker.com\/wp-content\/uploads\/2026\/02\/Insignus-school-staff-768x512.jpg 768w, https:\/\/phonelocker.com\/wp-content\/uploads\/2026\/02\/Insignus-school-staff-1536x1024.jpg 1536w, https:\/\/phonelocker.com\/wp-content\/uploads\/2026\/02\/Insignus-school-staff-2048x1366.jpg 2048w, https:\/\/phonelocker.com\/wp-content\/uploads\/2026\/02\/Insignus-school-staff-18x12.jpg 18w\" sizes=\"(max-width: 1020px) 100vw, 1020px\" \/>\t\t\t\t\t\t\n\t\t\t\t\t<\/div>\n\t\t\t\t\t\t\t\t\n<style>\n#image_1216738783 {\n  width: 100%;\n}\n<\/style>\n\t<\/div>\n\t\n\t<div class=\"img has-hover x md-x lg-x y md-y lg-y\" id=\"image_1667627887\">\n\t\t\t\t\t\t\t\t<div class=\"img-inner box-shadow-2 dark\" >\n\t\t\t\t\t\t\t\t\t\n\t\t\t\t\t<\/div>\n\t\t\t\t\t\t\t\t\n<style>\n#image_1667627887 {\n  width: 100%;\n}\n<\/style>\n\t<\/div>\n\t\n\t\t<\/div>\n\t\t\t<\/div>\n\n\t\n<\/div>\n\t\t<\/div>\n\n\t\t\n<style>\n#section_762510360 {\n  padding-top: 20px;\n  padding-bottom: 20px;\n  background-color: rgb(232, 236, 243);\n}\n#section_762510360 .section-bg-overlay {\n  background-color: rgba(255, 255, 255, 0.85);\n}\n<\/style>\n\t<\/section>\n\t\n\t<section class=\"section\" id=\"section_1124429140\">\n\t\t<div class=\"bg section-bg fill bg-fill  bg-loaded\" >\n\n\t\t\t\n\t\t\t<div class=\"section-bg-overlay absolute fill\"><\/div>\n\t\t\t\n\n\t\t<\/div>\n\n\t\t<div class=\"section-content relative\">\n\t\t\t\n<div class=\"container section-title-container\" ><h1 class=\"section-title section-title-center\"><b><\/b><span class=\"section-title-main\" >Verantwortungsbewusstes Design<\/span><b><\/b><\/h1><\/div>\n<div class=\"row row-large align-middle\"  id=\"row-191312285\">\n\n\t<div id=\"col-1247335884\" class=\"col medium-6 small-12 large-6\"  >\n\t\t<div class=\"col-inner text-left\"  >\n\t\t\t\n\t\t\t\n<h3>Agile Lieferkette und patentiertes Design<\/h3>\n<p>Am Telefonschlie\u00dffach<sup>\u00ae<\/sup>, Wir vertreiben nicht einfach nur Produkte anderer Hersteller \u2013 wir entwickeln und fertigen unsere patentierten Beutel selbst. Dadurch haben wir von Anfang bis Ende die volle Kontrolle \u00fcber Qualit\u00e4t, Langlebigkeit und Nachhaltigkeit. Unser Beuteldesign wurde durch Praxiserfahrung und Kundenfeedback stetig optimiert und ist so zu einem robusten, zuverl\u00e4ssigen und langlebigen Produkt geworden.<\/p>\n<p>Da wir die Hersteller sind, konnten wir jedes Detail optimieren \u2013 von verst\u00e4rkten N\u00e4hten und manipulationssicheren Verschl\u00fcssen bis hin zu umweltfreundlichen Materialien und benutzerfreundlichem Design. Dieser praxisorientierte Ansatz gew\u00e4hrleistet, dass unsere Taschen in Schulen, Unternehmen und bei Veranstaltungen stets zuverl\u00e4ssig ihren Dienst tun \u2013 Tag f\u00fcr Tag.<\/p>\n<h3>Sicher, gepr\u00fcft und verantwortungsbewusst<\/h3>\n<p>Unsere Materialien erf\u00fcllen die strengen REACH-Standards, und die Produktion erfolgt in einer BSCI-zertifizierten Fabrik mit hohen Umweltstandards. Unsere langlebigen Beutel f\u00f6rdern eine nachhaltige und verantwortungsvolle Nutzung.<\/p>\n<a href=\"https:\/\/phonelocker.com\/de\/the-product\/\" target=\"_self\" class=\"button primary\"  >\n    <span>Entdecken Sie die Handytasche<\/span>\n  <\/a>\n\n\t\t<\/div>\n\t\t\t<\/div>\n\n\t\n\n\t<div id=\"col-710656820\" class=\"col medium-6 small-12 large-6\"  >\n\t\t<div class=\"col-inner\"  >\n\t\t\t\n\t\t\t\n\t<div class=\"img has-hover x md-x lg-x y md-y lg-y\" id=\"image_645213632\">\n\t\t\t\t\t\t\t\t<div class=\"img-inner dark\" >\n\t\t\t<img decoding=\"async\" width=\"1020\" height=\"1020\" src=\"https:\/\/phonelocker.com\/wp-content\/uploads\/2026\/02\/photo-sketch-phone-locker-pouch.png\" class=\"attachment-large size-large\" alt=\"\" srcset=\"https:\/\/phonelocker.com\/wp-content\/uploads\/2026\/02\/photo-sketch-phone-locker-pouch.png 1024w, https:\/\/phonelocker.com\/wp-content\/uploads\/2026\/02\/photo-sketch-phone-locker-pouch-300x300.png 300w, https:\/\/phonelocker.com\/wp-content\/uploads\/2026\/02\/photo-sketch-phone-locker-pouch-150x150.png 150w, https:\/\/phonelocker.com\/wp-content\/uploads\/2026\/02\/photo-sketch-phone-locker-pouch-768x768.png 768w, https:\/\/phonelocker.com\/wp-content\/uploads\/2026\/02\/photo-sketch-phone-locker-pouch-12x12.png 12w\" sizes=\"(max-width: 1020px) 100vw, 1020px\" \/>\t\t\t\t\t\t\n\t\t\t\t\t<\/div>\n\t\t\t\t\t\t\t\t\n<style>\n#image_645213632 {\n  width: 100%;\n}\n<\/style>\n\t<\/div>\n\t\n\t<div class=\"img has-hover x md-x lg-x y md-y lg-y\" id=\"image_374251612\">\n\t\t\t\t\t\t\t\t<div class=\"img-inner box-shadow-2 dark\" >\n\t\t\t\t\t\t\t\t\t\n\t\t\t\t\t<\/div>\n\t\t\t\t\t\t\t\t\n<style>\n#image_374251612 {\n  width: 100%;\n}\n<\/style>\n\t<\/div>\n\t\n\t\t<\/div>\n\t\t\t<\/div>\n\n\t\n<\/div>\n\t\t<\/div>\n\n\t\t\n<style>\n#section_1124429140 {\n  padding-top: 20px;\n  padding-bottom: 20px;\n  background-color: rgb(193, 193, 193);\n}\n#section_1124429140 .section-bg-overlay {\n  background-color: rgba(255, 255, 255, 0.85);\n}\n<\/style>\n\t<\/section>\n\t\n\t<section class=\"section\" id=\"section_222337260\">\n\t\t<div class=\"bg section-bg fill bg-fill  bg-loaded\" >\n\n\t\t\t\n\t\t\t<div class=\"section-bg-overlay absolute fill\"><\/div>\n\t\t\t\n\n\t\t<\/div>\n\n\t\t<div class=\"section-content relative\">\n\t\t\t\n<div class=\"container section-title-container\" ><h1 class=\"section-title section-title-center\"><b><\/b><span class=\"section-title-main\" >unser Unterschied<\/span><b><\/b><\/h1><\/div>\n<div class=\"row row-large align-middle\"  id=\"row-2108237520\">\n\n\t<div id=\"col-1798831759\" class=\"col medium-6 small-12 large-6\"  >\n\t\t<div class=\"col-inner text-left\"  >\n\t\t\t\n\t\t\t\n<p>Telefonschlie\u00dffach<sup>\u00ae<\/sup> Es geht uns nicht nur um die Lieferung abschlie\u00dfbarer Handyh\u00fcllen \u2013 wir helfen Ihnen auch dabei, diese effektiv einzusetzen. Ob Sie als Schule Ablenkungen reduzieren, als Unternehmen die Konzentration verbessern oder als Veranstaltungsort handyfreie Bereiche schaffen m\u00f6chten: Wir wissen, dass die blo\u00dfe Verteilung von H\u00fcllen nicht ausreicht. Sie k\u00f6nnten auf Widerstand von Sch\u00fclern, Mitarbeitern, Eltern oder Kunden sto\u00dfen \u2013 und genau da setzen wir an.<\/p>\n<p>Wir bieten ma\u00dfgeschneiderte Unterst\u00fctzung, um Ihnen beim Aufbau eines<strong>\u00a0reibungsloser, souver\u00e4ner Rollout<\/strong>. Von der Ber\u00fccksichtigung der Anliegen der Interessengruppen und der klaren Kommunikation der Vorteile bis hin zur Unterst\u00fctzung bei der Einrichtung und dem t\u00e4glichen Gebrauch \u2013 wir begleiten Sie auf jedem Schritt Ihres Weges.<\/p>\n\t\t<\/div>\n\t\t\t<\/div>\n\n\t\n\n\t<div id=\"col-550854459\" class=\"col medium-6 small-12 large-6\"  >\n\t\t<div class=\"col-inner\"  >\n\t\t\t\n\t\t\t\n\t<div class=\"img has-hover x md-x lg-x y md-y lg-y\" id=\"image_1581692340\">\n\t\t\t\t\t\t\t\t<div class=\"img-inner dark\" >\n\t\t\t<img decoding=\"async\" width=\"800\" height=\"600\" src=\"https:\/\/phonelocker.com\/wp-content\/uploads\/2026\/01\/SaaS25.jpeg\" class=\"attachment-large size-large\" alt=\"\" srcset=\"https:\/\/phonelocker.com\/wp-content\/uploads\/2026\/01\/SaaS25.jpeg 800w, https:\/\/phonelocker.com\/wp-content\/uploads\/2026\/01\/SaaS25-300x225.jpeg 300w, https:\/\/phonelocker.com\/wp-content\/uploads\/2026\/01\/SaaS25-768x576.jpeg 768w, https:\/\/phonelocker.com\/wp-content\/uploads\/2026\/01\/SaaS25-16x12.jpeg 16w\" sizes=\"(max-width: 800px) 100vw, 800px\" \/>\t\t\t\t\t\t\n\t\t\t\t\t<\/div>\n\t\t\t\t\t\t\t\t\n<style>\n#image_1581692340 {\n  width: 100%;\n}\n<\/style>\n\t<\/div>\n\t\n\t<div class=\"img has-hover x md-x lg-x y md-y lg-y\" id=\"image_2092656042\">\n\t\t\t\t\t\t\t\t<div class=\"img-inner box-shadow-2 dark\" >\n\t\t\t\t\t\t\t\t\t\n\t\t\t\t\t<\/div>\n\t\t\t\t\t\t\t\t\n<style>\n#image_2092656042 {\n  width: 100%;\n}\n<\/style>\n\t<\/div>\n\t\n\t\t<\/div>\n\t\t\t<\/div>\n\n\t\n<\/div>\n\t\t<\/div>\n\n\t\t\n<style>\n#section_222337260 {\n  padding-top: 20px;\n  padding-bottom: 20px;\n  background-color: rgb(193, 193, 193);\n}\n#section_222337260 .section-bg-overlay {\n  background-color: rgba(255, 255, 255, 0.85);\n}\n<\/style>\n\t<\/section>\n\t\n<div class=\"message-box relative dark\" style=\"padding-top:40px;padding-bottom:40px;\"><div class=\"message-box-bg-image bg-fill fill\" ><\/div><div class=\"message-box-bg-overlay bg-fill fill\" style=\"background-color:rgb(1, 181, 122);\"><\/div><div class=\"container relative\"><div class=\"inner last-reset\">\n<div class=\"row align-middle align-center\"  id=\"row-2086117123\">\n\n\t<div id=\"col-1947690103\" class=\"col medium-9 small-12 large-9\"  >\n\t\t<div class=\"col-inner\"  >\n\t\t\t\n\t\t\t\n<h2 class=\"text--center\">Nehmen Sie Kontakt mit uns auf.<\/h2>\n<p>Tipps, wie Sie mit Phone Locker Ihr Handy entbehren k\u00f6nnen<sup>\u00ae<\/sup>, Nehmen Sie noch heute Kontakt mit uns auf.<\/p>\n\t\t<\/div>\n\t\t\t<\/div>\n\n\t\n\n\t<div id=\"col-1329774386\" class=\"col medium-2 small-12 large-2\"  >\n\t\t<div class=\"col-inner text-center\"  >\n\t\t\t\n\t\t\t\n<a href=\"https:\/\/phonelocker.com\/de\/contact\/\" target=\"_self\" class=\"button white is-outline\"  style=\"border-radius:99px;\">\n    <span>Sprechen Sie mit unserem Team<\/span>\n  <\/a>\n\n\t\t<\/div>\n\t\t\t<\/div>\n\n\t\n<\/div>\n<\/div><\/div><\/div>","protected":false},"excerpt":{"rendered":"","protected":false},"author":1,"featured_media":0,"parent":0,"menu_order":0,"comment_status":"closed","ping_status":"closed","template":"page-blank.php","meta":{"footnotes":""},"class_list":["post-179","page","type-page","status-publish","hentry"],"yoast_head":"<!-- This site is optimized with the Yoast SEO plugin v27.1.1 - https:\/\/yoast.com\/product\/yoast-seo-wordpress\/ -->\n<title>Phone Locker\u00ae Benefits - Phone Locker<\/title>\n<meta name=\"robots\" content=\"index, follow, max-snippet:-1, max-image-preview:large, max-video-preview:-1\" \/>\n<link rel=\"canonical\" href=\"https:\/\/phonelocker.com\/de\/product-benefits\/\" \/>\n<meta property=\"og:locale\" content=\"de_DE\" \/>\n<meta property=\"og:type\" content=\"article\" \/>\n<meta property=\"og:title\" content=\"Phone Locker\u00ae Benefits - Phone Locker\" \/>\n<meta property=\"og:url\" content=\"https:\/\/phonelocker.com\/de\/product-benefits\/\" \/>\n<meta property=\"og:site_name\" content=\"Phone Locker\" \/>\n<meta property=\"article:modified_time\" content=\"2026-03-19T10:47:21+00:00\" \/>\n<meta name=\"twitter:card\" content=\"summary_large_image\" \/>\n<meta name=\"twitter:label1\" content=\"Gesch\u00e4tzte Lesezeit\" \/>\n\t<meta name=\"twitter:data1\" content=\"4\u00a0Minuten\" \/>\n<!-- \/ Yoast SEO plugin. -->","yoast_head_json":{"title":"Vorteile von Phone Locker\u00ae - Phone Locker","robots":{"index":"index","follow":"follow","max-snippet":"max-snippet:-1","max-image-preview":"max-image-preview:large","max-video-preview":"max-video-preview:-1"},"canonical":"https:\/\/phonelocker.com\/de\/product-benefits\/","og_locale":"de_DE","og_type":"article","og_title":"Phone Locker\u00ae Benefits - Phone Locker","og_url":"https:\/\/phonelocker.com\/de\/product-benefits\/","og_site_name":"Phone Locker","article_modified_time":"2026-03-19T10:47:21+00:00","twitter_card":"summary_large_image","twitter_misc":{"Gesch\u00e4tzte Lesezeit":"4\u00a0Minuten"},"schema":{"@context":"https:\/\/schema.org","@graph":[{"@type":"WebPage","@id":"https:\/\/phonelocker.com\/product-benefits\/","url":"https:\/\/phonelocker.com\/product-benefits\/","name":"Vorteile von Phone Locker\u00ae - Phone Locker","isPartOf":{"@id":"https:\/\/phonelocker.com\/#website"},"datePublished":"2021-06-20T15:37:20+00:00","dateModified":"2026-03-19T10:47:21+00:00","breadcrumb":{"@id":"https:\/\/phonelocker.com\/product-benefits\/#breadcrumb"},"inLanguage":"de","potentialAction":[{"@type":"ReadAction","target":["https:\/\/phonelocker.com\/product-benefits\/"]}]},{"@type":"BreadcrumbList","@id":"https:\/\/phonelocker.com\/product-benefits\/#breadcrumb","itemListElement":[{"@type":"ListItem","position":1,"name":"Home","item":"https:\/\/phonelocker.com\/"},{"@type":"ListItem","position":2,"name":"Phone Locker\u00ae Benefits"}]},{"@type":"WebSite","@id":"https:\/\/phonelocker.com\/#website","url":"https:\/\/phonelocker.com\/","name":"Telefonschlie\u00dffach","description":"Verschlie\u00dfbare Telefontasche","potentialAction":[{"@type":"SearchAction","target":{"@type":"EntryPoint","urlTemplate":"https:\/\/phonelocker.com\/?s={search_term_string}"},"query-input":{"@type":"PropertyValueSpecification","valueRequired":true,"valueName":"search_term_string"}}],"inLanguage":"de"}]}},"_links":{"self":[{"href":"https:\/\/phonelocker.com\/de\/wp-json\/wp\/v2\/pages\/179","targetHints":{"allow":["GET"]}}],"collection":[{"href":"https:\/\/phonelocker.com\/de\/wp-json\/wp\/v2\/pages"}],"about":[{"href":"https:\/\/phonelocker.com\/de\/wp-json\/wp\/v2\/types\/page"}],"author":[{"embeddable":true,"href":"https:\/\/phonelocker.com\/de\/wp-json\/wp\/v2\/users\/1"}],"replies":[{"embeddable":true,"href":"https:\/\/phonelocker.com\/de\/wp-json\/wp\/v2\/comments?post=179"}],"version-history":[{"count":12,"href":"https:\/\/phonelocker.com\/de\/wp-json\/wp\/v2\/pages\/179\/revisions"}],"predecessor-version":[{"id":3321,"href":"https:\/\/phonelocker.com\/de\/wp-json\/wp\/v2\/pages\/179\/revisions\/3321"}],"wp:attachment":[{"href":"https:\/\/phonelocker.com\/de\/wp-json\/wp\/v2\/media?parent=179"}],"curies":[{"name":"wp","href":"https:\/\/api.w.org\/{rel}","templated":true}]}}