{"id":2818,"date":"2026-02-19T17:25:31","date_gmt":"2026-02-19T17:25:31","guid":{"rendered":"https:\/\/phonelocker.com\/?page_id=2818"},"modified":"2026-03-19T10:36:27","modified_gmt":"2026-03-19T10:36:27","slug":"the-product","status":"publish","type":"page","link":"https:\/\/phonelocker.com\/de\/the-product\/","title":{"rendered":"Das Produkt"},"content":{"rendered":"<div class=\"banner has-hover\" id=\"banner-1379399494\">\n          <div class=\"banner-inner fill\">\n        <div class=\"banner-bg fill\" >\n            <div class=\"bg fill bg-fill\"><\/div>\n                                    \n                    <\/div>\n        <div class=\"banner-layers container\">\n            <div class=\"fill banner-link\"><\/div>            \n   <div id=\"text-box-954775700\" class=\"text-box banner-layer x5 md-x5 lg-x5 y95 md-y50 lg-y50 res-text\">\n                                <div class=\"text-box-content text box-shadow-1\">\n              \n              <div class=\"text-inner text-left\">\n                  \n<h6>Unsere L\u00f6sung<\/h6>\n<h3 class=\"uppercase\">Das Telefonschloss<sup>\u00ae<\/sup> Beutel<\/h3>\n<p>Unsere Produkte sind darauf ausgelegt, handyfreie Umgebungen einfach, sicher und leicht zu verwalten zu machen.<\/p>\n<p>Ob Sie eine einmalige L\u00f6sung oder ein robustes System f\u00fcr den t\u00e4glichen Gebrauch ben\u00f6tigen, Phone Locker<sup>\u00ae<\/sup> bietet hochwertige, abschlie\u00dfbare Handyh\u00fcllen f\u00fcr den Alltag an, mit Optionen f\u00fcr unterschiedliche Anforderungen an Kontrolle, Branding und Gr\u00f6\u00dfe.<\/p>\n<a rel=\"noopener noreferrer\" href=\"https:\/\/phonelocker.com\/de\/contact\/\" target=\"_blank\" class=\"button primary is-gradient\"  >\n    <span>Kontaktieren Sie uns<\/span>\n  <\/a>\n\n              <\/div>\n           <\/div>\n                            \n<style>\n#text-box-954775700 .text-box-content {\n  background-color: rgba(255, 255, 255, 0.94);\n  font-size: 100%;\n}\n#text-box-954775700 .text-inner {\n  padding: 30px 30px 30px 30px;\n}\n#text-box-954775700 {\n  width: 90%;\n}\n@media (min-width:550px) {\n  #text-box-954775700 {\n    width: 44%;\n  }\n}\n<\/style>\n    <\/div>\n \n        <\/div>\n      <\/div>\n\n            \n<style>\n#banner-1379399494 {\n  padding-top: 637px;\n}\n#banner-1379399494 .bg.bg-loaded {\n  background-image: url(https:\/\/phonelocker.com\/wp-content\/uploads\/2026\/02\/Phone-Locker_Pouch-Metal-Box.jpg);\n}\n#banner-1379399494 .bg {\n  background-position: 62% 60%;\n}\n<\/style>\n  <\/div>\n\n\n\t<section class=\"section\" id=\"section_1149350774\">\n\t\t<div class=\"bg section-bg fill bg-fill  bg-loaded\" >\n\n\t\t\t\n\t\t\t<div class=\"section-bg-overlay absolute fill\"><\/div>\n\t\t\t\n\t<div class=\"is-border\"\n\t\tstyle=\"border-width:1px 0px 1px 0px;\">\n\t<\/div>\n\n\t\t<\/div>\n\n\t\t<div class=\"section-content relative\">\n\t\t\t\n<div class=\"row row-large align-middle\"  id=\"row-1456234175\">\n\n\t<div id=\"col-1032200499\" class=\"col small-12 large-12\"  >\n\t\t<div class=\"col-inner\"  >\n\t\t\t\n\t\t\t\n<p style=\"text-align: center;\"><span style=\"font-size: 120%;\">Das Telefonschloss<sup>\u00ae<\/sup> Die Tasche ist eine einfache und bew\u00e4hrte L\u00f6sung, die Schulen, Unternehmen und Veranstaltungen dabei hilft, handyfreie Momente zu schaffen \u2013 ohne die Ger\u00e4te wegzunehmen. Die Smartphones bleiben sicher beim Nutzer, w\u00e4hrend die Signalblockierungstechnologie Ablenkungen und Benachrichtigungen ausblendet und so Konzentration, Pr\u00e4senz und Wohlbefinden f\u00f6rdert.<\/span><\/p>\n<p><img decoding=\"async\" class=\"size-medium wp-image-2677 aligncenter\" src=\"https:\/\/phonelocker.com\/wp-content\/uploads\/2026\/01\/phonelockerpouch-300x300.png\" alt=\"\" width=\"300\" height=\"300\" srcset=\"https:\/\/phonelocker.com\/wp-content\/uploads\/2026\/01\/phonelockerpouch-300x300.png 300w, https:\/\/phonelocker.com\/wp-content\/uploads\/2026\/01\/phonelockerpouch-1024x1024.png 1024w, https:\/\/phonelocker.com\/wp-content\/uploads\/2026\/01\/phonelockerpouch-150x150.png 150w, https:\/\/phonelocker.com\/wp-content\/uploads\/2026\/01\/phonelockerpouch-768x768.png 768w, https:\/\/phonelocker.com\/wp-content\/uploads\/2026\/01\/phonelockerpouch-1536x1536.png 1536w, https:\/\/phonelocker.com\/wp-content\/uploads\/2026\/01\/phonelockerpouch-2048x2048.png 2048w, https:\/\/phonelocker.com\/wp-content\/uploads\/2026\/01\/phonelockerpouch-12x12.png 12w\" sizes=\"(max-width: 300px) 100vw, 300px\" \/><\/p>\n<p style=\"text-align: center;\">Der Phone Locker wurde f\u00fcr den t\u00e4glichen Gebrauch entwickelt und genie\u00dft weltweites Vertrauen.<sup>\u00ae<\/sup> Die Tasche vereint Langlebigkeit, Benutzerfreundlichkeit und durchdachtes Design und funktioniert nahtlos in realen Umgebungen.<\/p>\n\t\t<\/div>\n\t\t\t<\/div>\n\n\t\n<\/div>\n\t\t<\/div>\n\n\t\t\n<style>\n#section_1149350774 {\n  padding-top: 60px;\n  padding-bottom: 60px;\n  background-color: rgb(255, 255, 255);\n}\n#section_1149350774 .section-bg-overlay {\n  background-color: rgba(255, 255, 255, 0.85);\n}\n<\/style>\n\t<\/section>\n\t\n\t<section class=\"section\" id=\"section_461043049\">\n\t\t<div class=\"bg section-bg fill bg-fill  bg-loaded\" >\n\n\t\t\t\n\t\t\t<div class=\"section-bg-overlay absolute fill\"><\/div>\n\t\t\t\n\n\t\t<\/div>\n\n\t\t<div class=\"section-content relative\">\n\t\t\t\n<div class=\"container section-title-container\" ><h1 class=\"section-title section-title-center\"><b><\/b><span class=\"section-title-main\" >MATERIALIEN UND PASSFORM<\/span><b><\/b><\/h1><\/div>\n<div class=\"row row-large align-middle\"  id=\"row-1915039977\">\n\n\t<div id=\"col-1092730389\" class=\"col medium-6 small-12 large-6\"  >\n\t\t<div class=\"col-inner text-left\"  >\n\t\t\t\n\t\t\t\n<p><strong>Strapazierf\u00e4hige, langlebige Materialien<\/strong><br \/>\nHergestellt aus verst\u00e4rkten Geweben und Komponenten, die f\u00fcr den wiederholten t\u00e4glichen Einsatz in stark frequentierten Umgebungen konzipiert sind.<\/p>\n<p><strong>Leicht und komfortabel<\/strong><br \/>\nDie schlanke, leichte Bauweise erm\u00f6glicht es dem Benutzer, sein Telefon den ganzen Tag bei sich zu tragen, ohne dass es klobig wirkt oder Beschwerden verursacht.<\/p>\n<p><strong>Einheitliche Passform auf allen Ger\u00e4ten<\/strong><br \/>\nEntwickelt, um eine breite Palette von Smartphone-Gr\u00f6\u00dfen aufzunehmen und gleichzeitig eine zuverl\u00e4ssige Leistung zu gew\u00e4hrleisten.<\/p>\n\t\t<\/div>\n\t\t\t<\/div>\n\n\t\n\n\t<div id=\"col-438578717\" class=\"col medium-6 small-12 large-6\"  >\n\t\t<div class=\"col-inner\"  >\n\t\t\t\n\t\t\t\n\t<div class=\"img has-hover x md-x lg-x y md-y lg-y\" id=\"image_2111336324\">\n\t\t\t\t\t\t\t\t<div class=\"img-inner dark\" >\n\t\t\t<img decoding=\"async\" width=\"1020\" height=\"765\" src=\"https:\/\/phonelocker.com\/wp-content\/uploads\/2026\/01\/P1301663-1024x768.jpg\" class=\"attachment-large size-large\" alt=\"\" srcset=\"https:\/\/phonelocker.com\/wp-content\/uploads\/2026\/01\/P1301663-1024x768.jpg 1024w, https:\/\/phonelocker.com\/wp-content\/uploads\/2026\/01\/P1301663-300x225.jpg 300w, https:\/\/phonelocker.com\/wp-content\/uploads\/2026\/01\/P1301663-768x576.jpg 768w, https:\/\/phonelocker.com\/wp-content\/uploads\/2026\/01\/P1301663-1536x1152.jpg 1536w, https:\/\/phonelocker.com\/wp-content\/uploads\/2026\/01\/P1301663-2048x1536.jpg 2048w, https:\/\/phonelocker.com\/wp-content\/uploads\/2026\/01\/P1301663-16x12.jpg 16w\" sizes=\"(max-width: 1020px) 100vw, 1020px\" \/>\t\t\t\t\t\t\n\t\t\t\t\t<\/div>\n\t\t\t\t\t\t\t\t\n<style>\n#image_2111336324 {\n  width: 100%;\n}\n<\/style>\n\t<\/div>\n\t\n\t<div class=\"img has-hover x md-x lg-x y md-y lg-y\" id=\"image_237078523\">\n\t\t\t\t\t\t\t\t<div class=\"img-inner box-shadow-2 dark\" >\n\t\t\t\t\t\t\t\t\t\n\t\t\t\t\t<\/div>\n\t\t\t\t\t\t\t\t\n<style>\n#image_237078523 {\n  width: 100%;\n}\n<\/style>\n\t<\/div>\n\t\n\t\t<\/div>\n\t\t\t<\/div>\n\n\t\n<\/div>\n\t\t<\/div>\n\n\t\t\n<style>\n#section_461043049 {\n  padding-top: 60px;\n  padding-bottom: 60px;\n  background-color: rgb(193, 193, 193);\n}\n#section_461043049 .section-bg-overlay {\n  background-color: rgba(255, 255, 255, 0.85);\n}\n<\/style>\n\t<\/section>\n\t\n\t<section class=\"section\" id=\"section_972084835\">\n\t\t<div class=\"bg section-bg fill bg-fill  bg-loaded\" >\n\n\t\t\t\n\t\t\t<div class=\"section-bg-overlay absolute fill\"><\/div>\n\t\t\t\n\n\t\t<\/div>\n\n\t\t<div class=\"section-content relative\">\n\t\t\t\n<div class=\"container section-title-container\" ><h1 class=\"section-title section-title-center\"><b><\/b><span class=\"section-title-main\" >Produktinnovation<\/span><b><\/b><\/h1><\/div>\n<div class=\"row row-large align-middle\"  id=\"row-121044627\">\n\n\t<div id=\"col-399129527\" class=\"col medium-6 small-12 large-6\"  >\n\t\t<div class=\"col-inner text-left\"  >\n\t\t\t\n\t\t\t\n<p><strong>Sicherer Scharnierverriegelungsmechanismus<\/strong><br \/>\nEin robustes mechanisches Verriegelungssystem sorgt daf\u00fcr, dass der Beutel sicher verschlossen bleibt, bis er an einem festgelegten Entriegelungspunkt ge\u00f6ffnet wird.<\/p>\n<p><strong>Signalblockierungstechnologie<\/strong><br \/>\nVerhindert die Verbindung zu Netzwerken, Bluetooth, Ohrh\u00f6rern und Smartwatches \u2013 und eliminiert so Benachrichtigungen, Anrufe und Ablenkungen.<\/p>\n<p><strong>Manipulationssicheres Design<\/strong><br \/>\nEntwickelt, um robust gegen\u00fcber Belastungen, Abnutzung und Versuchen, das System zu umgehen, und um eine konsequente Durchsetzung der Richtlinien zu gew\u00e4hrleisten.<\/p>\n\t\t<\/div>\n\t\t\t<\/div>\n\n\t\n\n\t<div id=\"col-480021404\" class=\"col medium-6 small-12 large-6\"  >\n\t\t<div class=\"col-inner\"  >\n\t\t\t\n\t\t\t\n\t<div class=\"img has-hover x md-x lg-x y md-y lg-y\" id=\"image_1285944723\">\n\t\t\t\t\t\t\t\t<div class=\"img-inner dark\" >\n\t\t\t<img decoding=\"async\" width=\"1020\" height=\"765\" src=\"https:\/\/phonelocker.com\/wp-content\/uploads\/2026\/01\/P1301686-1024x768.jpg\" class=\"attachment-large size-large\" alt=\"\" srcset=\"https:\/\/phonelocker.com\/wp-content\/uploads\/2026\/01\/P1301686-1024x768.jpg 1024w, https:\/\/phonelocker.com\/wp-content\/uploads\/2026\/01\/P1301686-300x225.jpg 300w, https:\/\/phonelocker.com\/wp-content\/uploads\/2026\/01\/P1301686-768x576.jpg 768w, https:\/\/phonelocker.com\/wp-content\/uploads\/2026\/01\/P1301686-1536x1152.jpg 1536w, https:\/\/phonelocker.com\/wp-content\/uploads\/2026\/01\/P1301686-2048x1536.jpg 2048w, https:\/\/phonelocker.com\/wp-content\/uploads\/2026\/01\/P1301686-16x12.jpg 16w\" sizes=\"(max-width: 1020px) 100vw, 1020px\" \/>\t\t\t\t\t\t\n\t\t\t\t\t<\/div>\n\t\t\t\t\t\t\t\t\n<style>\n#image_1285944723 {\n  width: 100%;\n}\n<\/style>\n\t<\/div>\n\t\n\t<div class=\"img has-hover x md-x lg-x y md-y lg-y\" id=\"image_297630467\">\n\t\t\t\t\t\t\t\t<div class=\"img-inner box-shadow-2 dark\" >\n\t\t\t\t\t\t\t\t\t\n\t\t\t\t\t<\/div>\n\t\t\t\t\t\t\t\t\n<style>\n#image_297630467 {\n  width: 100%;\n}\n<\/style>\n\t<\/div>\n\t\n\t\t<\/div>\n\t\t\t<\/div>\n\n\t\n<\/div>\n\t\t<\/div>\n\n\t\t\n<style>\n#section_972084835 {\n  padding-top: 60px;\n  padding-bottom: 60px;\n  background-color: rgb(232, 236, 243);\n}\n#section_972084835 .section-bg-overlay {\n  background-color: rgba(255, 255, 255, 0.85);\n}\n<\/style>\n\t<\/section>\n\t\n\t<section class=\"section\" id=\"section_2098018468\">\n\t\t<div class=\"bg section-bg fill bg-fill  bg-loaded\" >\n\n\t\t\t\n\t\t\t<div class=\"section-bg-overlay absolute fill\"><\/div>\n\t\t\t\n\n\t\t<\/div>\n\n\t\t<div class=\"section-content relative\">\n\t\t\t\n<div class=\"container section-title-container\" ><h1 class=\"section-title section-title-center\"><b><\/b><span class=\"section-title-main\" >Entwurf und Umsetzung<\/span><b><\/b><\/h1><\/div>\n<div class=\"row row-large align-middle\"  id=\"row-685957557\">\n\n\t<div id=\"col-1448519464\" class=\"col medium-6 small-12 large-6\"  >\n\t\t<div class=\"col-inner text-left\"  >\n\t\t\t\n\t\t\t\n<p><strong>Individuelle Designoptionen<\/strong><br \/>\nVollfarb- und Logodruck.<\/p>\n<p><strong>Kompletter Onboarding-Service<\/strong><br \/>\nVon der Standortplanung bis hin zu Dokumentvorlagen bietet Ihnen unser Team alle notwendigen Schritte f\u00fcr ein reibungsloses Erlebnis ohne Smartphone.<\/p>\n<p><strong>Einfach zu implementieren und zu verwalten<\/strong><br \/>\nEinfacher \u00d6ffnungs- und Schlie\u00dfvorgang, der nur minimalen Schulungsaufwand f\u00fcr Mitarbeiter und Benutzer erfordert.<\/p>\n\t\t<\/div>\n\t\t\t<\/div>\n\n\t\n\n\t<div id=\"col-101741893\" class=\"col medium-6 small-12 large-6\"  >\n\t\t<div class=\"col-inner\"  >\n\t\t\t\n\t\t\t\n\t<div class=\"img has-hover x md-x lg-x y md-y lg-y\" id=\"image_1945408082\">\n\t\t\t\t\t\t\t\t<div class=\"img-inner dark\" >\n\t\t\t<img decoding=\"async\" width=\"1020\" height=\"765\" src=\"https:\/\/phonelocker.com\/wp-content\/uploads\/2026\/01\/P1301690-1024x768.jpg\" class=\"attachment-large size-large\" alt=\"\" srcset=\"https:\/\/phonelocker.com\/wp-content\/uploads\/2026\/01\/P1301690-1024x768.jpg 1024w, https:\/\/phonelocker.com\/wp-content\/uploads\/2026\/01\/P1301690-300x225.jpg 300w, https:\/\/phonelocker.com\/wp-content\/uploads\/2026\/01\/P1301690-768x576.jpg 768w, https:\/\/phonelocker.com\/wp-content\/uploads\/2026\/01\/P1301690-1536x1152.jpg 1536w, https:\/\/phonelocker.com\/wp-content\/uploads\/2026\/01\/P1301690-2048x1536.jpg 2048w, https:\/\/phonelocker.com\/wp-content\/uploads\/2026\/01\/P1301690-16x12.jpg 16w\" sizes=\"(max-width: 1020px) 100vw, 1020px\" \/>\t\t\t\t\t\t\n\t\t\t\t\t<\/div>\n\t\t\t\t\t\t\t\t\n<style>\n#image_1945408082 {\n  width: 100%;\n}\n<\/style>\n\t<\/div>\n\t\n\t<div class=\"img has-hover x md-x lg-x y md-y lg-y\" id=\"image_302166033\">\n\t\t\t\t\t\t\t\t<div class=\"img-inner box-shadow-2 dark\" >\n\t\t\t\t\t\t\t\t\t\n\t\t\t\t\t<\/div>\n\t\t\t\t\t\t\t\t\n<style>\n#image_302166033 {\n  width: 100%;\n}\n<\/style>\n\t<\/div>\n\t\n\t\t<\/div>\n\t\t\t<\/div>\n\n\t\n<\/div>\n\t\t<\/div>\n\n\t\t\n<style>\n#section_2098018468 {\n  padding-top: 60px;\n  padding-bottom: 60px;\n  background-color: rgb(193, 193, 193);\n}\n#section_2098018468 .section-bg-overlay {\n  background-color: rgba(255, 255, 255, 0.85);\n}\n<\/style>\n\t<\/section>\n\t\n\t<section class=\"section info-card-1\" id=\"section_2073765318\">\n\t\t<div class=\"bg section-bg fill bg-fill  bg-loaded\" >\n\n\t\t\t\n\t\t\t\n\t\t\t\n\n\t\t<\/div>\n\n\t\t<div class=\"section-content relative\">\n\t\t\t\n<div class=\"row row-small align-equal\"  id=\"row-741337869\">\n\n\t<div id=\"col-1798570230\" class=\"col medium-4 small-12 large-4\"  >\n\t\t<div class=\"col-inner\"  >\n\t\t\t\n\t\t\t\n\t<div class=\"box has-hover   has-hover box-push box-text-bottom\" >\n\n\t\t<div class=\"box-image\" >\n\t\t\t<a href=\"https:\/\/phonelocker.com\/de\/lockable-phone-pouches\/\" target=\"_blank\" rel=\"noopener noreferrer\" >\t\t\t<div class=\"image-zoom image-cover\" style=\"padding-top:70%;\">\n\t\t\t\t<img decoding=\"async\" width=\"2560\" height=\"2560\" src=\"https:\/\/phonelocker.com\/wp-content\/uploads\/2026\/02\/Phone-Locker_Pouch-Metal-Box.jpg\" class=\"attachment- size-\" alt=\"\" srcset=\"https:\/\/phonelocker.com\/wp-content\/uploads\/2026\/02\/Phone-Locker_Pouch-Metal-Box.jpg 2560w, https:\/\/phonelocker.com\/wp-content\/uploads\/2026\/02\/Phone-Locker_Pouch-Metal-Box-300x300.jpg 300w, https:\/\/phonelocker.com\/wp-content\/uploads\/2026\/02\/Phone-Locker_Pouch-Metal-Box-1024x1024.jpg 1024w, https:\/\/phonelocker.com\/wp-content\/uploads\/2026\/02\/Phone-Locker_Pouch-Metal-Box-150x150.jpg 150w, https:\/\/phonelocker.com\/wp-content\/uploads\/2026\/02\/Phone-Locker_Pouch-Metal-Box-768x768.jpg 768w, https:\/\/phonelocker.com\/wp-content\/uploads\/2026\/02\/Phone-Locker_Pouch-Metal-Box-1536x1536.jpg 1536w, https:\/\/phonelocker.com\/wp-content\/uploads\/2026\/02\/Phone-Locker_Pouch-Metal-Box-2048x2048.jpg 2048w, https:\/\/phonelocker.com\/wp-content\/uploads\/2026\/02\/Phone-Locker_Pouch-Metal-Box-12x12.jpg 12w\" sizes=\"(max-width: 2560px) 100vw, 2560px\" \/>\t\t\t\t\t\t\t\t\t\t\t<\/div>\n\t\t\t<\/a>\t\t<\/div>\n\n\t\t<div class=\"box-text text-center\" style=\"background-color:rgb(255, 255, 255);padding:20px 5% 20px 5%;\">\n\t\t\t<div class=\"box-text-inner\">\n\t\t\t\t\n<h4>Taschen und Entriegelungssysteme<\/h4>\n<p>Die Details, die Sie ben\u00f6tigen, um die richtige Entscheidung f\u00fcr sich zu treffen.<\/p>\n<a href=\"https:\/\/phonelocker.com\/de\/lockable-phone-pouches\/\" target=\"_self\" class=\"button primary is-underline\"  >\n    <span>Taschen ansehen<\/span>\n  <\/a>\n\n\t\t\t<\/div>\n\t\t<\/div>\n\t<\/div>\n\t\n\t\t<\/div>\n\t\t\t<\/div>\n\n\t\n\n\t<div id=\"col-184392097\" class=\"col medium-4 small-12 large-4\"  >\n\t\t<div class=\"col-inner\"  >\n\t\t\t\n\t\t\t\n\t<div class=\"box has-hover   has-hover box-push box-text-bottom\" >\n\n\t\t<div class=\"box-image\" >\n\t\t\t<a href=\"https:\/\/phonelocker.com\/de\/accessories\/\" target=\"_blank\" rel=\"noopener noreferrer\" >\t\t\t<div class=\"image-zoom image-cover\" style=\"padding-top:70%;\">\n\t\t\t\t<img decoding=\"async\" width=\"2560\" height=\"1920\" src=\"https:\/\/phonelocker.com\/wp-content\/uploads\/2026\/02\/phone-locker-lanyard-pouch.jpg\" class=\"attachment- size-\" alt=\"\" srcset=\"https:\/\/phonelocker.com\/wp-content\/uploads\/2026\/02\/phone-locker-lanyard-pouch.jpg 2560w, https:\/\/phonelocker.com\/wp-content\/uploads\/2026\/02\/phone-locker-lanyard-pouch-300x225.jpg 300w, https:\/\/phonelocker.com\/wp-content\/uploads\/2026\/02\/phone-locker-lanyard-pouch-1024x768.jpg 1024w, https:\/\/phonelocker.com\/wp-content\/uploads\/2026\/02\/phone-locker-lanyard-pouch-768x576.jpg 768w, https:\/\/phonelocker.com\/wp-content\/uploads\/2026\/02\/phone-locker-lanyard-pouch-1536x1152.jpg 1536w, https:\/\/phonelocker.com\/wp-content\/uploads\/2026\/02\/phone-locker-lanyard-pouch-2048x1536.jpg 2048w, https:\/\/phonelocker.com\/wp-content\/uploads\/2026\/02\/phone-locker-lanyard-pouch-16x12.jpg 16w\" sizes=\"(max-width: 2560px) 100vw, 2560px\" \/>\t\t\t\t\t\t\t\t\t\t\t<\/div>\n\t\t\t<\/a>\t\t<\/div>\n\n\t\t<div class=\"box-text text-center\" style=\"background-color:rgb(255, 255, 255);padding:20px 5% 20px 5%;\">\n\t\t\t<div class=\"box-text-inner\">\n\t\t\t\t\n<h4>Zubeh\u00f6r f\u00fcr unterst\u00fctzende Taschen<\/h4>\n<p>Von Schl\u00fcsselb\u00e4ndern bis hin zu Taschen \u2013 alles, was Sie daf\u00fcr brauchen.<\/p>\n<a rel=\"noopener noreferrer\" href=\"https:\/\/phonelocker.com\/de\/accessories\/\" target=\"_blank\" class=\"button primary is-underline\"  >\n    <span>Zubeh\u00f6r ansehen<\/span>\n  <\/a>\n\n\t\t\t<\/div>\n\t\t<\/div>\n\t<\/div>\n\t\n\t\t<\/div>\n\t\t\t<\/div>\n\n\t\n\n\t<div id=\"col-1625316221\" class=\"col medium-4 small-12 large-4\"  >\n\t\t<div class=\"col-inner\"  >\n\t\t\t\n\t\t\t\n\t<div class=\"box has-hover   has-hover box-push box-text-bottom\" >\n\n\t\t<div class=\"box-image\" >\n\t\t\t<a href=\"https:\/\/phonelocker.com\/de\/contact\/\" target=\"_blank\" rel=\"noopener noreferrer\" >\t\t\t<div class=\"image-zoom image-cover\" style=\"padding-top:70%;\">\n\t\t\t\t<img decoding=\"async\" width=\"1200\" height=\"600\" src=\"https:\/\/phonelocker.com\/wp-content\/uploads\/2026\/02\/Website-Images.jpg\" class=\"attachment- size-\" alt=\"\" srcset=\"https:\/\/phonelocker.com\/wp-content\/uploads\/2026\/02\/Website-Images.jpg 1200w, https:\/\/phonelocker.com\/wp-content\/uploads\/2026\/02\/Website-Images-300x150.jpg 300w, https:\/\/phonelocker.com\/wp-content\/uploads\/2026\/02\/Website-Images-1024x512.jpg 1024w, https:\/\/phonelocker.com\/wp-content\/uploads\/2026\/02\/Website-Images-768x384.jpg 768w, https:\/\/phonelocker.com\/wp-content\/uploads\/2026\/02\/Website-Images-18x9.jpg 18w\" sizes=\"(max-width: 1200px) 100vw, 1200px\" \/>\t\t\t\t\t\t\t\t\t\t\t<\/div>\n\t\t\t<\/a>\t\t<\/div>\n\n\t\t<div class=\"box-text text-center\" style=\"background-color:rgb(255, 255, 255);padding:20px 5% 20px 5%;\">\n\t\t\t<div class=\"box-text-inner\">\n\t\t\t\t\n<h4>Sprechen Sie mit unserem Team<\/h4>\n<p>F\u00fcr allgemeine Anfragen, weitere Informationen und Hinweise.<\/p>\n<a href=\"https:\/\/phonelocker.com\/de\/contact\/\" target=\"_self\" class=\"button primary is-underline\"  >\n    <span>Kontaktieren Sie uns<\/span>\n  <\/a>\n\n\t\t\t<\/div>\n\t\t<\/div>\n\t<\/div>\n\t\n\t\t<\/div>\n\t\t\t<\/div>\n\n\t\n\n<style>\n#row-741337869 > .col > .col-inner {\n  background-color: rgb(255,255,255);\n}\n<\/style>\n<\/div>\n\t\t<\/div>\n\n\t\t\n<style>\n#section_2073765318 {\n  padding-top: 50px;\n  padding-bottom: 50px;\n  background-color: rgb(32, 64, 154);\n}\n<\/style>\n\t<\/section>","protected":false},"excerpt":{"rendered":"","protected":false},"author":1,"featured_media":0,"parent":0,"menu_order":0,"comment_status":"closed","ping_status":"closed","template":"page-blank.php","meta":{"inline_featured_image":false,"footnotes":""},"class_list":["post-2818","page","type-page","status-publish","hentry"],"yoast_head":"<!-- This site is optimized with the Yoast SEO plugin v27.4 - https:\/\/yoast.com\/product\/yoast-seo-wordpress\/ -->\n<title>The Product - Phone Locker<\/title>\n<meta name=\"robots\" content=\"index, follow, max-snippet:-1, max-image-preview:large, max-video-preview:-1\" \/>\n<link rel=\"canonical\" href=\"https:\/\/phonelocker.com\/de\/the-product\/\" \/>\n<meta property=\"og:locale\" content=\"de_DE\" \/>\n<meta property=\"og:type\" content=\"article\" \/>\n<meta property=\"og:title\" content=\"The Product - Phone Locker\" \/>\n<meta property=\"og:url\" content=\"https:\/\/phonelocker.com\/de\/the-product\/\" \/>\n<meta property=\"og:site_name\" content=\"Phone Locker\" \/>\n<meta property=\"article:modified_time\" content=\"2026-03-19T10:36:27+00:00\" \/>\n<meta property=\"og:image\" content=\"https:\/\/phonelocker.com\/wp-content\/uploads\/2026\/01\/phonelockerpouch-1024x1024.png\" \/>\n\t<meta property=\"og:image:width\" content=\"1024\" \/>\n\t<meta property=\"og:image:height\" content=\"1024\" \/>\n\t<meta property=\"og:image:type\" content=\"image\/png\" \/>\n<meta name=\"twitter:card\" content=\"summary_large_image\" \/>\n<meta name=\"twitter:label1\" content=\"Gesch\u00e4tzte Lesezeit\" \/>\n\t<meta name=\"twitter:data1\" content=\"3\u00a0Minuten\" \/>\n<!-- \/ Yoast SEO plugin. -->","yoast_head_json":{"title":"The Product - Phone Locker","robots":{"index":"index","follow":"follow","max-snippet":"max-snippet:-1","max-image-preview":"max-image-preview:large","max-video-preview":"max-video-preview:-1"},"canonical":"https:\/\/phonelocker.com\/de\/the-product\/","og_locale":"de_DE","og_type":"article","og_title":"The Product - Phone Locker","og_url":"https:\/\/phonelocker.com\/de\/the-product\/","og_site_name":"Phone Locker","article_modified_time":"2026-03-19T10:36:27+00:00","og_image":[{"width":1024,"height":1024,"url":"https:\/\/phonelocker.com\/wp-content\/uploads\/2026\/01\/phonelockerpouch-1024x1024.png","type":"image\/png"}],"twitter_card":"summary_large_image","twitter_misc":{"Gesch\u00e4tzte Lesezeit":"3\u00a0Minuten"},"schema":{"@context":"https:\/\/schema.org","@graph":[{"@type":"WebPage","@id":"https:\/\/phonelocker.com\/the-product\/","url":"https:\/\/phonelocker.com\/the-product\/","name":"The Product - Phone Locker","isPartOf":{"@id":"https:\/\/phonelocker.com\/#website"},"primaryImageOfPage":{"@id":"https:\/\/phonelocker.com\/the-product\/#primaryimage"},"image":{"@id":"https:\/\/phonelocker.com\/the-product\/#primaryimage"},"thumbnailUrl":"https:\/\/phonelocker.com\/wp-content\/uploads\/2026\/01\/phonelockerpouch-300x300.png","datePublished":"2026-02-19T17:25:31+00:00","dateModified":"2026-03-19T10:36:27+00:00","breadcrumb":{"@id":"https:\/\/phonelocker.com\/the-product\/#breadcrumb"},"inLanguage":"de","potentialAction":[{"@type":"ReadAction","target":["https:\/\/phonelocker.com\/the-product\/"]}]},{"@type":"ImageObject","inLanguage":"de","@id":"https:\/\/phonelocker.com\/the-product\/#primaryimage","url":"https:\/\/phonelocker.com\/wp-content\/uploads\/2026\/01\/phonelockerpouch-300x300.png","contentUrl":"https:\/\/phonelocker.com\/wp-content\/uploads\/2026\/01\/phonelockerpouch-300x300.png"},{"@type":"BreadcrumbList","@id":"https:\/\/phonelocker.com\/the-product\/#breadcrumb","itemListElement":[{"@type":"ListItem","position":1,"name":"Home","item":"https:\/\/phonelocker.com\/"},{"@type":"ListItem","position":2,"name":"The Product"}]},{"@type":"WebSite","@id":"https:\/\/phonelocker.com\/#website","url":"https:\/\/phonelocker.com\/","name":"Telefonschlie\u00dffach","description":"Verschlie\u00dfbare Telefontasche","potentialAction":[{"@type":"SearchAction","target":{"@type":"EntryPoint","urlTemplate":"https:\/\/phonelocker.com\/?s={search_term_string}"},"query-input":{"@type":"PropertyValueSpecification","valueRequired":true,"valueName":"search_term_string"}}],"inLanguage":"de"}]}},"_links":{"self":[{"href":"https:\/\/phonelocker.com\/de\/wp-json\/wp\/v2\/pages\/2818","targetHints":{"allow":["GET"]}}],"collection":[{"href":"https:\/\/phonelocker.com\/de\/wp-json\/wp\/v2\/pages"}],"about":[{"href":"https:\/\/phonelocker.com\/de\/wp-json\/wp\/v2\/types\/page"}],"author":[{"embeddable":true,"href":"https:\/\/phonelocker.com\/de\/wp-json\/wp\/v2\/users\/1"}],"replies":[{"embeddable":true,"href":"https:\/\/phonelocker.com\/de\/wp-json\/wp\/v2\/comments?post=2818"}],"version-history":[{"count":10,"href":"https:\/\/phonelocker.com\/de\/wp-json\/wp\/v2\/pages\/2818\/revisions"}],"predecessor-version":[{"id":3316,"href":"https:\/\/phonelocker.com\/de\/wp-json\/wp\/v2\/pages\/2818\/revisions\/3316"}],"wp:attachment":[{"href":"https:\/\/phonelocker.com\/de\/wp-json\/wp\/v2\/media?parent=2818"}],"curies":[{"name":"wp","href":"https:\/\/api.w.org\/{rel}","templated":true}]}}