{"id":2823,"date":"2026-02-19T17:33:44","date_gmt":"2026-02-19T17:33:44","guid":{"rendered":"https:\/\/phonelocker.com\/?page_id=2823"},"modified":"2026-03-19T10:38:03","modified_gmt":"2026-03-19T10:38:03","slug":"lockable-phone-pouches","status":"publish","type":"page","link":"https:\/\/phonelocker.com\/de\/lockable-phone-pouches\/","title":{"rendered":"Verschlie\u00dfbare Handytaschen"},"content":{"rendered":"<div class=\"banner has-hover\" id=\"banner-776571803\">\n          <div class=\"banner-inner fill\">\n        <div class=\"banner-bg fill\" >\n            <div class=\"bg fill bg-fill\"><\/div>\n                                    \n                    <\/div>\n        <div class=\"banner-layers container\">\n            <div class=\"fill banner-link\"><\/div>            \n   <div id=\"text-box-1884755721\" class=\"text-box banner-layer x5 md-x5 lg-x5 y95 md-y50 lg-y50 res-text\">\n                                <div class=\"text-box-content text box-shadow-1\">\n              \n              <div class=\"text-inner text-left\">\n                  \n<h6>Unsere L\u00f6sung<\/h6>\n<h3 class=\"uppercase\">Das Telefonschloss<sup>\u00ae<\/sup> Taschensortiment<\/h3>\n<p>Unsere abschlie\u00dfbaren Handyh\u00fcllen sind weltweit im Einsatz und helfen Schulen, Veranstaltungsorten und Events, handyfreie Zonen zu schaffen, damit man sich ganz auf den Moment konzentrieren kann. Unser patentiertes H\u00fcllendesign ist in verschiedenen Ausf\u00fchrungen erh\u00e4ltlich und bietet maximale Flexibilit\u00e4t f\u00fcr Ihre individuellen Bed\u00fcrfnisse.<\/p>\n<a href=\"https:\/\/phonelocker.com\/de\/contact\/\" target=\"_self\" class=\"button primary is-gradient\"  >\n    <span>Kontaktieren Sie uns<\/span>\n  <\/a>\n\n              <\/div>\n           <\/div>\n                            \n<style>\n#text-box-1884755721 .text-box-content {\n  background-color: rgba(255, 255, 255, 0.94);\n  font-size: 100%;\n}\n#text-box-1884755721 .text-inner {\n  padding: 30px 30px 30px 30px;\n}\n#text-box-1884755721 {\n  width: 90%;\n}\n@media (min-width:550px) {\n  #text-box-1884755721 {\n    width: 44%;\n  }\n}\n<\/style>\n    <\/div>\n \n        <\/div>\n      <\/div>\n\n            \n<style>\n#banner-776571803 {\n  padding-top: 637px;\n}\n#banner-776571803 .bg.bg-loaded {\n  background-image: url(https:\/\/phonelocker.com\/wp-content\/uploads\/2026\/01\/P1301661-scaled.jpg);\n}\n#banner-776571803 .bg {\n  background-position: 62% 60%;\n}\n<\/style>\n  <\/div>\n\n\n\t<section class=\"section\" id=\"section_954989764\">\n\t\t<div class=\"bg section-bg fill bg-fill  bg-loaded\" >\n\n\t\t\t\n\t\t\t<div class=\"section-bg-overlay absolute fill\"><\/div>\n\t\t\t\n\n\t\t<\/div>\n\n\t\t<div class=\"section-content relative\">\n\t\t\t\n<div class=\"container section-title-container\" ><h1 class=\"section-title section-title-center\"><b><\/b><span class=\"section-title-main\" >Beutel<\/span><b><\/b><\/h1><\/div>\n<div class=\"row row-large align-middle\"  id=\"row-1879051449\">\n\n\t<div id=\"col-1189668395\" class=\"col medium-6 small-12 large-6\"  >\n\t\t<div class=\"col-inner text-left\"  >\n\t\t\t\n\t\t\t\n<h3><strong>Standardbeutel<\/strong><\/h3>\n<p>Unser Standard-Telefonschlie\u00dffach<sup>\u00ae<\/sup> Beutelma\u00dfe\u00a0<strong>135 mm x 280 mm<\/strong>, so konzipiert, dass es f\u00fcr die \u00fcberwiegende Mehrheit der Smartphones sicher und komfortabel passt.\u00a0<strong>kleinere Gr\u00f6\u00dfe (128 mm x 255 mm)<\/strong>\u00a0ist auch auf Anfrage erh\u00e4ltlich.<\/p>\n<h3><strong>Telefonschlie\u00dffach<sup>\u00ae<\/sup> Signalblockierungsbeutel<\/strong><\/h3>\n<p><strong>Unsere beliebteste Option<\/strong><\/p>\n<p>Diese abschlie\u00dfbare Tasche bietet die gleiche Form und Funktion wie die Standardversion, mit dem zus\u00e4tzlichen Vorteil integrierter Technologie.\u00a0<strong>Bluetooth-, WLAN- und Mobilfunknetzsignale blockieren<\/strong>. Es bietet mehr Sicherheit und ein beruhigendes Gef\u00fchl in Umgebungen, in denen die Konnektivit\u00e4t vollst\u00e4ndig eingeschr\u00e4nkt werden muss.<\/p>\n<p><strong>Gr\u00f6\u00dfe: 135 mm x 280 mm<\/strong><\/p>\n\t\t<\/div>\n\t\t\t<\/div>\n\n\t\n\n\t<div id=\"col-1535190316\" class=\"col medium-6 small-12 large-6\"  >\n\t\t<div class=\"col-inner\"  >\n\t\t\t\n\t\t\t\n\t<div class=\"img has-hover x md-x lg-x y md-y lg-y\" id=\"image_848727444\">\n\t\t\t\t\t\t\t\t<div class=\"img-inner dark\" >\n\t\t\t<img decoding=\"async\" width=\"1020\" height=\"765\" src=\"https:\/\/phonelocker.com\/wp-content\/uploads\/2026\/01\/P1301659-Edited-1024x768.png\" class=\"attachment-large size-large\" alt=\"\" srcset=\"https:\/\/phonelocker.com\/wp-content\/uploads\/2026\/01\/P1301659-Edited-1024x768.png 1024w, https:\/\/phonelocker.com\/wp-content\/uploads\/2026\/01\/P1301659-Edited-300x225.png 300w, https:\/\/phonelocker.com\/wp-content\/uploads\/2026\/01\/P1301659-Edited-768x576.png 768w, https:\/\/phonelocker.com\/wp-content\/uploads\/2026\/01\/P1301659-Edited-1536x1152.png 1536w, https:\/\/phonelocker.com\/wp-content\/uploads\/2026\/01\/P1301659-Edited-2048x1536.png 2048w, https:\/\/phonelocker.com\/wp-content\/uploads\/2026\/01\/P1301659-Edited-16x12.png 16w\" sizes=\"(max-width: 1020px) 100vw, 1020px\" \/>\t\t\t\t\t\t\n\t\t\t\t\t<\/div>\n\t\t\t\t\t\t\t\t\n<style>\n#image_848727444 {\n  width: 100%;\n}\n<\/style>\n\t<\/div>\n\t\n\t<div class=\"img has-hover x md-x lg-x y md-y lg-y\" id=\"image_1136190408\">\n\t\t\t\t\t\t\t\t<div class=\"img-inner box-shadow-2 dark\" >\n\t\t\t\t\t\t\t\t\t\n\t\t\t\t\t<\/div>\n\t\t\t\t\t\t\t\t\n<style>\n#image_1136190408 {\n  width: 100%;\n}\n<\/style>\n\t<\/div>\n\t\n\t\t<\/div>\n\t\t\t<\/div>\n\n\t\n<\/div>\n<div class=\"row row-large align-middle\"  id=\"row-397182411\">\n\n\t<div id=\"col-127867353\" class=\"col medium-6 small-12 large-6\"  >\n\t\t<div class=\"col-inner text-left\"  >\n\t\t\t\n\t\t\t\n<h3><strong>Telefonschlie\u00dffach<sup>\u00ae<\/sup> Medizinische Tasche<\/strong><\/h3>\n<p>Die medizinische Tasche wurde f\u00fcr Nutzer entwickelt, die aus medizinischen Gr\u00fcnden auf ihr Smartphone angewiesen sind. Sie sieht aus wie eine Standardtasche, verf\u00fcgt aber anstelle eines Schlosses \u00fcber einen einfachen Klettverschluss. Dadurch wird die Nutzung auch in handyfreien Bereichen erm\u00f6glicht.\u00a0<strong>ohne dabei Einzelpersonen mit medizinischen Bed\u00fcrfnissen hervorzuheben<\/strong>.<\/p>\n<p><strong>Gr\u00f6\u00dfe: 135 mm x 280 mm<\/strong><\/p>\n\t\t<\/div>\n\t\t\t<\/div>\n\n\t\n\n\t<div id=\"col-1887950621\" class=\"col medium-6 small-12 large-6\"  >\n\t\t<div class=\"col-inner\"  >\n\t\t\t\n\t\t\t\n\t<div class=\"img has-hover x md-x lg-x y md-y lg-y\" id=\"image_1946226208\">\n\t\t\t\t\t\t\t\t<div class=\"img-inner dark\" >\n\t\t\t<img decoding=\"async\" width=\"1020\" height=\"1020\" src=\"https:\/\/phonelocker.com\/wp-content\/uploads\/2026\/02\/medical-pouch-1024x1024.jpg\" class=\"attachment-large size-large\" alt=\"\" srcset=\"https:\/\/phonelocker.com\/wp-content\/uploads\/2026\/02\/medical-pouch-1024x1024.jpg 1024w, https:\/\/phonelocker.com\/wp-content\/uploads\/2026\/02\/medical-pouch-300x300.jpg 300w, https:\/\/phonelocker.com\/wp-content\/uploads\/2026\/02\/medical-pouch-150x150.jpg 150w, https:\/\/phonelocker.com\/wp-content\/uploads\/2026\/02\/medical-pouch-768x768.jpg 768w, https:\/\/phonelocker.com\/wp-content\/uploads\/2026\/02\/medical-pouch-1536x1536.jpg 1536w, https:\/\/phonelocker.com\/wp-content\/uploads\/2026\/02\/medical-pouch-2048x2048.jpg 2048w, https:\/\/phonelocker.com\/wp-content\/uploads\/2026\/02\/medical-pouch-12x12.jpg 12w\" sizes=\"(max-width: 1020px) 100vw, 1020px\" \/>\t\t\t\t\t\t\n\t\t\t\t\t<\/div>\n\t\t\t\t\t\t\t\t\n<style>\n#image_1946226208 {\n  width: 100%;\n}\n<\/style>\n\t<\/div>\n\t\n\t<div class=\"img has-hover x md-x lg-x y md-y lg-y\" id=\"image_1973291327\">\n\t\t\t\t\t\t\t\t<div class=\"img-inner box-shadow-2 dark\" >\n\t\t\t\t\t\t\t\t\t\n\t\t\t\t\t<\/div>\n\t\t\t\t\t\t\t\t\n<style>\n#image_1973291327 {\n  width: 100%;\n}\n<\/style>\n\t<\/div>\n\t\n\t\t<\/div>\n\t\t\t<\/div>\n\n\t\n<\/div>\n\t\t<\/div>\n\n\t\t\n<style>\n#section_954989764 {\n  padding-top: 60px;\n  padding-bottom: 60px;\n  background-color: rgb(255,255,255);\n}\n#section_954989764 .section-bg-overlay {\n  background-color: rgba(255, 255, 255, 0.85);\n}\n<\/style>\n\t<\/section>\n\t\n\t<section class=\"section\" id=\"section_1256513133\">\n\t\t<div class=\"bg section-bg fill bg-fill  bg-loaded\" >\n\n\t\t\t\n\t\t\t<div class=\"section-bg-overlay absolute fill\"><\/div>\n\t\t\t\n\n\t\t<\/div>\n\n\t\t<div class=\"section-content relative\">\n\t\t\t\n<div class=\"container section-title-container\" ><h1 class=\"section-title section-title-center\"><b><\/b><span class=\"section-title-main\" >Entsperrsysteme<\/span><b><\/b><\/h1><\/div>\n<div class=\"row row-large align-middle\"  id=\"row-532048927\">\n\n\t<div id=\"col-1182480487\" class=\"col medium-6 small-12 large-6\"  >\n\t\t<div class=\"col-inner text-left\"  >\n\t\t\t\n\t\t\t\n<h3 data-start=\"98\" data-end=\"132\">Telefonschlie\u00dffach<sup>\u00ae<\/sup> Entriegelungshebel<\/h3>\n<p data-start=\"134\" data-end=\"576\">Das Telefonschloss<sup>\u00ae<\/sup> Das Unlocking Paddle ist ein einfaches, robustes Werkzeug zum schnellen und kontrollierten Entriegeln von Handytaschen an festgelegten Ausg\u00e4ngen. Es ist f\u00fcr stark frequentierte Bereiche konzipiert und erm\u00f6glicht es dem Personal, Handys innerhalb von Sekunden freizugeben und gleichzeitig den Vorgang zu \u00fcberwachen. Das leichte und handliche Paddle unterst\u00fctzt reibungslose Abl\u00e4ufe in Schulen, Betrieben und bei Veranstaltungen \u2013 ganz ohne Strom- oder Internetanschluss.<\/p>\n<p data-start=\"578\" data-end=\"594\"><strong data-start=\"578\" data-end=\"594\">Wichtigste Vorteile<\/strong><\/p>\n<ul>\n<li data-start=\"597\" data-end=\"641\">Schnelles, zuverl\u00e4ssiges Entsperren auch in hektischen Umgebungen<\/li>\n<li data-start=\"597\" data-end=\"641\">Keine Batterien oder Elektronik erforderlich<\/li>\n<li data-start=\"597\" data-end=\"641\">Robustes Design f\u00fcr den langfristigen t\u00e4glichen Gebrauch<\/li>\n<li data-start=\"597\" data-end=\"641\">Unterst\u00fctzt verwaltete, \u00fcberwachte Telefonr\u00fcckgabe<\/li>\n<li data-start=\"597\" data-end=\"641\">Einfach an Ein- und Ausg\u00e4ngen zu positionieren<\/li>\n<\/ul>\n\t\t<\/div>\n\t\t\t<\/div>\n\n\t\n\n\t<div id=\"col-2117150972\" class=\"col medium-6 small-12 large-6\"  >\n\t\t<div class=\"col-inner\"  >\n\t\t\t\n\t\t\t\n\t<div class=\"img has-hover x md-x lg-x y md-y lg-y\" id=\"image_827189109\">\n\t\t\t\t\t\t\t\t<div class=\"img-inner dark\" >\n\t\t\t<img decoding=\"async\" width=\"1020\" height=\"1020\" src=\"https:\/\/phonelocker.com\/wp-content\/uploads\/2026\/02\/magnet-unlocker-1024x1024.jpg\" class=\"attachment-large size-large\" alt=\"\" srcset=\"https:\/\/phonelocker.com\/wp-content\/uploads\/2026\/02\/magnet-unlocker-1024x1024.jpg 1024w, https:\/\/phonelocker.com\/wp-content\/uploads\/2026\/02\/magnet-unlocker-300x300.jpg 300w, https:\/\/phonelocker.com\/wp-content\/uploads\/2026\/02\/magnet-unlocker-150x150.jpg 150w, https:\/\/phonelocker.com\/wp-content\/uploads\/2026\/02\/magnet-unlocker-768x768.jpg 768w, https:\/\/phonelocker.com\/wp-content\/uploads\/2026\/02\/magnet-unlocker-1536x1536.jpg 1536w, https:\/\/phonelocker.com\/wp-content\/uploads\/2026\/02\/magnet-unlocker-2048x2048.jpg 2048w, https:\/\/phonelocker.com\/wp-content\/uploads\/2026\/02\/magnet-unlocker-12x12.jpg 12w\" sizes=\"(max-width: 1020px) 100vw, 1020px\" \/>\t\t\t\t\t\t\n\t\t\t\t\t<\/div>\n\t\t\t\t\t\t\t\t\n<style>\n#image_827189109 {\n  width: 100%;\n}\n<\/style>\n\t<\/div>\n\t\n\t<div class=\"img has-hover x md-x lg-x y md-y lg-y\" id=\"image_1898419225\">\n\t\t\t\t\t\t\t\t<div class=\"img-inner box-shadow-2 dark\" >\n\t\t\t\t\t\t\t\t\t\n\t\t\t\t\t<\/div>\n\t\t\t\t\t\t\t\t\n<style>\n#image_1898419225 {\n  width: 100%;\n}\n<\/style>\n\t<\/div>\n\t\n\t\t<\/div>\n\t\t\t<\/div>\n\n\t\n<\/div>\n<div class=\"row row-large align-middle\"  id=\"row-1899275047\">\n\n\t<div id=\"col-1932976548\" class=\"col medium-6 small-12 large-6\"  >\n\t\t<div class=\"col-inner text-left\"  >\n\t\t\t\n\t\t\t\n<h3 data-start=\"823\" data-end=\"866\">Telefonschlie\u00dffach<sup>\u00ae<\/sup> Entriegeln des Magnetverschlusskastens<\/h3>\n<p data-start=\"868\" data-end=\"1277\">Die Magnet-Entriegelungsbox bietet einen sicheren, manipulationsgesch\u00fctzten Aufbewahrungsort f\u00fcr den Entriegelungsmagneten, wenn dieser nicht ben\u00f6tigt wird. Die Box wurde f\u00fcr kontrollierte Umgebungen entwickelt und stellt sicher, dass nur autorisiertes Personal Zugriff auf das Entriegelungswerkzeug hat. So k\u00f6nnen Unternehmen die Einhaltung ihrer Richtlinie f\u00fcr handyfreie Zonen gew\u00e4hrleisten. Dank ihres diskreten, wandmontierbaren Designs f\u00fcgt sie sich nahtlos in Empfangsbereiche, Pr\u00fcfungsr\u00e4ume und Veranstaltungsr\u00e4ume ein.<\/p>\n<p data-start=\"1279\" data-end=\"1295\"><strong data-start=\"1279\" data-end=\"1295\">Wichtigste Vorteile<\/strong><\/p>\n<ul>\n<li data-start=\"1298\" data-end=\"1341\">Sichere Aufbewahrung nur f\u00fcr autorisierten Zugriff<\/li>\n<li data-start=\"1298\" data-end=\"1341\">Wasserdicht f\u00fcr den Au\u00dfeneinsatz<\/li>\n<li data-start=\"1298\" data-end=\"1341\">Sch\u00fctzt vor Verlust oder Missbrauch des Magneten<\/li>\n<li data-start=\"1298\" data-end=\"1341\">Einfache Wandmontage<\/li>\n<li data-start=\"1298\" data-end=\"1341\">Ideal f\u00fcr gemeinsam genutzte oder mehrere Eing\u00e4nge umfassende Standorte<\/li>\n<li data-start=\"1298\" data-end=\"1341\">Unterst\u00fctzt einheitliche Schutzprozesse<\/li>\n<\/ul>\n\t\t<\/div>\n\t\t\t<\/div>\n\n\t\n\n\t<div id=\"col-1873479196\" class=\"col medium-6 small-12 large-6\"  >\n\t\t<div class=\"col-inner\"  >\n\t\t\t\n\t\t\t\n\t<div class=\"img has-hover x md-x lg-x y md-y lg-y\" id=\"image_1546884981\">\n\t\t\t\t\t\t\t\t<div class=\"img-inner dark\" >\n\t\t\t<img decoding=\"async\" width=\"1020\" height=\"1020\" src=\"https:\/\/phonelocker.com\/wp-content\/uploads\/2026\/02\/magnet-box-1024x1024.jpg\" class=\"attachment-large size-large\" alt=\"\" srcset=\"https:\/\/phonelocker.com\/wp-content\/uploads\/2026\/02\/magnet-box-1024x1024.jpg 1024w, https:\/\/phonelocker.com\/wp-content\/uploads\/2026\/02\/magnet-box-300x300.jpg 300w, https:\/\/phonelocker.com\/wp-content\/uploads\/2026\/02\/magnet-box-150x150.jpg 150w, https:\/\/phonelocker.com\/wp-content\/uploads\/2026\/02\/magnet-box-768x768.jpg 768w, https:\/\/phonelocker.com\/wp-content\/uploads\/2026\/02\/magnet-box-1536x1536.jpg 1536w, https:\/\/phonelocker.com\/wp-content\/uploads\/2026\/02\/magnet-box-2048x2048.jpg 2048w, https:\/\/phonelocker.com\/wp-content\/uploads\/2026\/02\/magnet-box-12x12.jpg 12w\" sizes=\"(max-width: 1020px) 100vw, 1020px\" \/>\t\t\t\t\t\t\n\t\t\t\t\t<\/div>\n\t\t\t\t\t\t\t\t\n<style>\n#image_1546884981 {\n  width: 100%;\n}\n<\/style>\n\t<\/div>\n\t\n\t<div class=\"img has-hover x md-x lg-x y md-y lg-y\" id=\"image_38499085\">\n\t\t\t\t\t\t\t\t<div class=\"img-inner box-shadow-2 dark\" >\n\t\t\t\t\t\t\t\t\t\n\t\t\t\t\t<\/div>\n\t\t\t\t\t\t\t\t\n<style>\n#image_38499085 {\n  width: 100%;\n}\n<\/style>\n\t<\/div>\n\t\n\t\t<\/div>\n\t\t\t<\/div>\n\n\t\n<\/div>\n<div class=\"row row-large align-middle\"  id=\"row-1577720707\">\n\n\t<div id=\"col-1080480082\" class=\"col medium-6 small-12 large-6\"  >\n\t\t<div class=\"col-inner text-left\"  >\n\t\t\t\n\t\t\t\n<h3 data-start=\"823\" data-end=\"866\">Telefonschlie\u00dffach<sup>\u00ae<\/sup> Magnetschrank entriegeln<\/h3>\n<p data-start=\"868\" data-end=\"1277\">Der Magnet-Entriegelungsschrank ist f\u00fcr den Innenbereich konzipiert.<\/p>\n<p data-start=\"1279\" data-end=\"1295\"><strong data-start=\"1279\" data-end=\"1295\">Wichtigste Vorteile<\/strong><\/p>\n<ul>\n<li data-start=\"1298\" data-end=\"1341\">Sichere Aufbewahrung nur f\u00fcr autorisierten Zugriff<\/li>\n<li data-start=\"1298\" data-end=\"1341\">Sch\u00fctzt vor Verlust oder Missbrauch des Magneten<\/li>\n<li data-start=\"1298\" data-end=\"1341\">Einfache Wandmontage<\/li>\n<li data-start=\"1298\" data-end=\"1341\">Ideal f\u00fcr gemeinsam genutzte oder mehrere Eing\u00e4nge umfassende Standorte<\/li>\n<li data-start=\"1298\" data-end=\"1341\">Unterst\u00fctzt einheitliche Schutzprozesse<\/li>\n<\/ul>\n\t\t<\/div>\n\t\t\t<\/div>\n\n\t\n\n\t<div id=\"col-188729805\" class=\"col medium-6 small-12 large-6\"  >\n\t\t<div class=\"col-inner\"  >\n\t\t\t\n\t\t\t\n\t<div class=\"img has-hover x md-x lg-x y md-y lg-y\" id=\"image_1804968514\">\n\t\t\t\t\t\t\t\t<div class=\"img-inner dark\" >\n\t\t\t<img decoding=\"async\" width=\"1020\" height=\"1020\" src=\"https:\/\/phonelocker.com\/wp-content\/uploads\/2026\/02\/magnet-cabinet-1024x1024.jpg\" class=\"attachment-large size-large\" alt=\"\" srcset=\"https:\/\/phonelocker.com\/wp-content\/uploads\/2026\/02\/magnet-cabinet-1024x1024.jpg 1024w, https:\/\/phonelocker.com\/wp-content\/uploads\/2026\/02\/magnet-cabinet-300x300.jpg 300w, https:\/\/phonelocker.com\/wp-content\/uploads\/2026\/02\/magnet-cabinet-150x150.jpg 150w, https:\/\/phonelocker.com\/wp-content\/uploads\/2026\/02\/magnet-cabinet-768x768.jpg 768w, https:\/\/phonelocker.com\/wp-content\/uploads\/2026\/02\/magnet-cabinet-1536x1536.jpg 1536w, https:\/\/phonelocker.com\/wp-content\/uploads\/2026\/02\/magnet-cabinet-2048x2048.jpg 2048w, https:\/\/phonelocker.com\/wp-content\/uploads\/2026\/02\/magnet-cabinet-12x12.jpg 12w\" sizes=\"(max-width: 1020px) 100vw, 1020px\" \/>\t\t\t\t\t\t\n\t\t\t\t\t<\/div>\n\t\t\t\t\t\t\t\t\n<style>\n#image_1804968514 {\n  width: 100%;\n}\n<\/style>\n\t<\/div>\n\t\n\t<div class=\"img has-hover x md-x lg-x y md-y lg-y\" id=\"image_1488290559\">\n\t\t\t\t\t\t\t\t<div class=\"img-inner box-shadow-2 dark\" >\n\t\t\t\t\t\t\t\t\t\n\t\t\t\t\t<\/div>\n\t\t\t\t\t\t\t\t\n<style>\n#image_1488290559 {\n  width: 100%;\n}\n<\/style>\n\t<\/div>\n\t\n\t\t<\/div>\n\t\t\t<\/div>\n\n\t\n<\/div>\n\t\t<\/div>\n\n\t\t\n<style>\n#section_1256513133 {\n  padding-top: 60px;\n  padding-bottom: 60px;\n  background-color: rgb(232, 236, 243);\n}\n#section_1256513133 .section-bg-overlay {\n  background-color: rgba(255, 255, 255, 0.85);\n}\n<\/style>\n\t<\/section>\n\t\n\t<section class=\"section info-card-1\" id=\"section_1798077311\">\n\t\t<div class=\"bg section-bg fill bg-fill  bg-loaded\" >\n\n\t\t\t\n\t\t\t\n\t\t\t\n\n\t\t<\/div>\n\n\t\t<div class=\"section-content relative\">\n\t\t\t\n<div class=\"row row-small align-equal align-center\"  id=\"row-1685794153\">\n\n\t<div id=\"col-462294892\" class=\"col medium-4 small-12 large-4\"  >\n\t\t<div class=\"col-inner\"  >\n\t\t\t\n\t\t\t\n\t<div class=\"box has-hover   has-hover box-push box-text-bottom\" >\n\n\t\t<div class=\"box-image\" >\n\t\t\t<a href=\"https:\/\/phonelocker.com\/de\/contact\/\"  >\t\t\t<div class=\"image-zoom image-cover\" style=\"padding-top:70%;\">\n\t\t\t\t<img decoding=\"async\" width=\"1200\" height=\"600\" src=\"https:\/\/phonelocker.com\/wp-content\/uploads\/2026\/02\/Website-Images.jpg\" class=\"attachment- size-\" alt=\"\" srcset=\"https:\/\/phonelocker.com\/wp-content\/uploads\/2026\/02\/Website-Images.jpg 1200w, https:\/\/phonelocker.com\/wp-content\/uploads\/2026\/02\/Website-Images-300x150.jpg 300w, https:\/\/phonelocker.com\/wp-content\/uploads\/2026\/02\/Website-Images-1024x512.jpg 1024w, https:\/\/phonelocker.com\/wp-content\/uploads\/2026\/02\/Website-Images-768x384.jpg 768w, https:\/\/phonelocker.com\/wp-content\/uploads\/2026\/02\/Website-Images-18x9.jpg 18w\" sizes=\"(max-width: 1200px) 100vw, 1200px\" \/>\t\t\t\t\t\t\t\t\t\t\t<\/div>\n\t\t\t<\/a>\t\t<\/div>\n\n\t\t<div class=\"box-text text-center\" style=\"background-color:rgb(255, 255, 255);padding:20px 5% 20px 5%;\">\n\t\t\t<div class=\"box-text-inner\">\n\t\t\t\t\n<h4>M\u00f6chten Sie mehr erfahren?<\/h4>\n<p>Sprechen Sie mit unserem Team und finden Sie die passende L\u00f6sung f\u00fcr sich.<\/p>\n<a rel=\"noopener noreferrer\" href=\"https:\/\/phonelocker.com\/de\/contact\/\" target=\"_blank\" class=\"button primary is-underline\"  >\n    <span>Kontaktieren Sie uns noch heute<\/span>\n  <\/a>\n\n\t\t\t<\/div>\n\t\t<\/div>\n\t<\/div>\n\t\n\t\t<\/div>\n\t\t\t<\/div>\n\n\t\n\n\t<div id=\"col-1743097952\" class=\"col medium-4 small-12 large-4\"  >\n\t\t<div class=\"col-inner\"  >\n\t\t\t\n\t\t\t\n\t<div class=\"box has-hover   has-hover box-push box-text-bottom\" >\n\n\t\t<div class=\"box-image\" >\n\t\t\t<a href=\"https:\/\/phonelocker.com\/de\/accessories\/\" target=\"_blank\" rel=\"noopener noreferrer\" >\t\t\t<div class=\"image-zoom image-cover\" style=\"padding-top:70%;\">\n\t\t\t\t<img decoding=\"async\" width=\"2000\" height=\"2000\" src=\"https:\/\/phonelocker.com\/wp-content\/uploads\/2026\/02\/Pouch-with-strap.jpg\" class=\"attachment- size-\" alt=\"\" srcset=\"https:\/\/phonelocker.com\/wp-content\/uploads\/2026\/02\/Pouch-with-strap.jpg 2000w, https:\/\/phonelocker.com\/wp-content\/uploads\/2026\/02\/Pouch-with-strap-300x300.jpg 300w, https:\/\/phonelocker.com\/wp-content\/uploads\/2026\/02\/Pouch-with-strap-1024x1024.jpg 1024w, https:\/\/phonelocker.com\/wp-content\/uploads\/2026\/02\/Pouch-with-strap-150x150.jpg 150w, https:\/\/phonelocker.com\/wp-content\/uploads\/2026\/02\/Pouch-with-strap-768x768.jpg 768w, https:\/\/phonelocker.com\/wp-content\/uploads\/2026\/02\/Pouch-with-strap-1536x1536.jpg 1536w, https:\/\/phonelocker.com\/wp-content\/uploads\/2026\/02\/Pouch-with-strap-12x12.jpg 12w\" sizes=\"(max-width: 2000px) 100vw, 2000px\" \/>\t\t\t\t\t\t\t\t\t\t\t<\/div>\n\t\t\t<\/a>\t\t<\/div>\n\n\t\t<div class=\"box-text text-center\" style=\"background-color:rgb(255, 255, 255);padding:20px 5% 20px 5%;\">\n\t\t\t<div class=\"box-text-inner\">\n\t\t\t\t\n<h4>Zubeh\u00f6r f\u00fcr unterst\u00fctzende Taschen<\/h4>\n<p>Von Schl\u00fcsselb\u00e4ndern bis hin zu Taschen \u2013 alles, was Sie daf\u00fcr brauchen.<\/p>\n<a rel=\"noopener noreferrer\" href=\"https:\/\/phonelocker.com\/de\/accessories\/\" target=\"_blank\" class=\"button primary is-underline\"  >\n    <span>Zubeh\u00f6r ansehen<\/span>\n  <\/a>\n\n\t\t\t<\/div>\n\t\t<\/div>\n\t<\/div>\n\t\n\t\t<\/div>\n\t\t\t<\/div>\n\n\t\n\n<style>\n#row-1685794153 > .col > .col-inner {\n  background-color: rgb(255,255,255);\n}\n<\/style>\n<\/div>\n\t\t<\/div>\n\n\t\t\n<style>\n#section_1798077311 {\n  padding-top: 50px;\n  padding-bottom: 50px;\n  background-color: #20409a;\n}\n<\/style>\n\t<\/section>","protected":false},"excerpt":{"rendered":"","protected":false},"author":1,"featured_media":0,"parent":0,"menu_order":0,"comment_status":"closed","ping_status":"closed","template":"page-blank.php","meta":{"inline_featured_image":false,"footnotes":""},"class_list":["post-2823","page","type-page","status-publish","hentry"],"yoast_head":"<!-- This site is optimized with the Yoast SEO plugin v27.4 - https:\/\/yoast.com\/product\/yoast-seo-wordpress\/ -->\n<title>Lockable Phone Pouches - Phone Locker<\/title>\n<meta name=\"robots\" content=\"index, follow, max-snippet:-1, max-image-preview:large, max-video-preview:-1\" \/>\n<link rel=\"canonical\" href=\"https:\/\/phonelocker.com\/de\/lockable-phone-pouches\/\" \/>\n<meta property=\"og:locale\" content=\"de_DE\" \/>\n<meta property=\"og:type\" content=\"article\" \/>\n<meta property=\"og:title\" content=\"Lockable Phone Pouches - Phone Locker\" \/>\n<meta property=\"og:url\" content=\"https:\/\/phonelocker.com\/de\/lockable-phone-pouches\/\" \/>\n<meta property=\"og:site_name\" content=\"Phone Locker\" \/>\n<meta property=\"article:modified_time\" content=\"2026-03-19T10:38:03+00:00\" \/>\n<meta name=\"twitter:card\" content=\"summary_large_image\" \/>\n<meta name=\"twitter:label1\" content=\"Gesch\u00e4tzte Lesezeit\" \/>\n\t<meta name=\"twitter:data1\" content=\"3\u00a0Minuten\" \/>\n<!-- \/ Yoast SEO plugin. -->","yoast_head_json":{"title":"Lockable Phone Pouches - Phone Locker","robots":{"index":"index","follow":"follow","max-snippet":"max-snippet:-1","max-image-preview":"max-image-preview:large","max-video-preview":"max-video-preview:-1"},"canonical":"https:\/\/phonelocker.com\/de\/lockable-phone-pouches\/","og_locale":"de_DE","og_type":"article","og_title":"Lockable Phone Pouches - Phone Locker","og_url":"https:\/\/phonelocker.com\/de\/lockable-phone-pouches\/","og_site_name":"Phone Locker","article_modified_time":"2026-03-19T10:38:03+00:00","twitter_card":"summary_large_image","twitter_misc":{"Gesch\u00e4tzte Lesezeit":"3\u00a0Minuten"},"schema":{"@context":"https:\/\/schema.org","@graph":[{"@type":"WebPage","@id":"https:\/\/phonelocker.com\/lockable-phone-pouches\/","url":"https:\/\/phonelocker.com\/lockable-phone-pouches\/","name":"Lockable Phone Pouches - Phone Locker","isPartOf":{"@id":"https:\/\/phonelocker.com\/#website"},"datePublished":"2026-02-19T17:33:44+00:00","dateModified":"2026-03-19T10:38:03+00:00","breadcrumb":{"@id":"https:\/\/phonelocker.com\/lockable-phone-pouches\/#breadcrumb"},"inLanguage":"de","potentialAction":[{"@type":"ReadAction","target":["https:\/\/phonelocker.com\/lockable-phone-pouches\/"]}]},{"@type":"BreadcrumbList","@id":"https:\/\/phonelocker.com\/lockable-phone-pouches\/#breadcrumb","itemListElement":[{"@type":"ListItem","position":1,"name":"Home","item":"https:\/\/phonelocker.com\/"},{"@type":"ListItem","position":2,"name":"Lockable Phone Pouches"}]},{"@type":"WebSite","@id":"https:\/\/phonelocker.com\/#website","url":"https:\/\/phonelocker.com\/","name":"Telefonschlie\u00dffach","description":"Verschlie\u00dfbare Telefontasche","potentialAction":[{"@type":"SearchAction","target":{"@type":"EntryPoint","urlTemplate":"https:\/\/phonelocker.com\/?s={search_term_string}"},"query-input":{"@type":"PropertyValueSpecification","valueRequired":true,"valueName":"search_term_string"}}],"inLanguage":"de"}]}},"_links":{"self":[{"href":"https:\/\/phonelocker.com\/de\/wp-json\/wp\/v2\/pages\/2823","targetHints":{"allow":["GET"]}}],"collection":[{"href":"https:\/\/phonelocker.com\/de\/wp-json\/wp\/v2\/pages"}],"about":[{"href":"https:\/\/phonelocker.com\/de\/wp-json\/wp\/v2\/types\/page"}],"author":[{"embeddable":true,"href":"https:\/\/phonelocker.com\/de\/wp-json\/wp\/v2\/users\/1"}],"replies":[{"embeddable":true,"href":"https:\/\/phonelocker.com\/de\/wp-json\/wp\/v2\/comments?post=2823"}],"version-history":[{"count":10,"href":"https:\/\/phonelocker.com\/de\/wp-json\/wp\/v2\/pages\/2823\/revisions"}],"predecessor-version":[{"id":3317,"href":"https:\/\/phonelocker.com\/de\/wp-json\/wp\/v2\/pages\/2823\/revisions\/3317"}],"wp:attachment":[{"href":"https:\/\/phonelocker.com\/de\/wp-json\/wp\/v2\/media?parent=2823"}],"curies":[{"name":"wp","href":"https:\/\/api.w.org\/{rel}","templated":true}]}}