{"id":2834,"date":"2026-02-19T17:29:26","date_gmt":"2026-02-19T17:29:26","guid":{"rendered":"https:\/\/phonelocker.com\/?page_id=2834"},"modified":"2026-03-24T15:53:11","modified_gmt":"2026-03-24T15:53:11","slug":"accessories","status":"publish","type":"page","link":"https:\/\/phonelocker.com\/de\/accessories\/","title":{"rendered":"Zubeh\u00f6r"},"content":{"rendered":"<div class=\"banner has-hover\" id=\"banner-381098591\">\n          <div class=\"banner-inner fill\">\n        <div class=\"banner-bg fill\" >\n            <div class=\"bg fill bg-fill\"><\/div>\n                                    \n                    <\/div>\n        <div class=\"banner-layers container\">\n            <div class=\"fill banner-link\"><\/div>            \n   <div id=\"text-box-362911478\" class=\"text-box banner-layer x5 md-x5 lg-x5 y95 md-y50 lg-y50 res-text\">\n                                <div class=\"text-box-content text box-shadow-1\">\n              \n              <div class=\"text-inner text-left\">\n                  \n<h6>Unsere L\u00f6sung<\/h6>\n<h3 class=\"uppercase\">Telefonschlie\u00dffach<sup>\u00ae<\/sup> Zubeh\u00f6r<\/h3>\n<p>Da unsere abschlie\u00dfbaren Handyh\u00fcllen im Laufe der Zeit f\u00fcr verschiedenste Zwecke eingesetzt wurden, haben wir Zubeh\u00f6r entwickelt, das auf den Bed\u00fcrfnissen unserer Kunden basiert. Als Hersteller, nicht nur als H\u00e4ndler, freuen wir uns, gemeinsam mit unseren Kunden L\u00f6sungen zu entwickeln, die eine nahtlose Nutzung ohne Handy erm\u00f6glichen.<\/p>\n<a href=\"https:\/\/phonelocker.com\/de\/contact\/\" target=\"_self\" class=\"button primary is-gradient\"  >\n    <span>Kontaktieren Sie uns<\/span>\n  <\/a>\n\n              <\/div>\n           <\/div>\n                            \n<style>\n#text-box-362911478 .text-box-content {\n  background-color: rgba(255, 255, 255, 0.94);\n  font-size: 100%;\n}\n#text-box-362911478 .text-inner {\n  padding: 30px 30px 30px 30px;\n}\n#text-box-362911478 {\n  width: 90%;\n}\n@media (min-width:550px) {\n  #text-box-362911478 {\n    width: 44%;\n  }\n}\n<\/style>\n    <\/div>\n \n        <\/div>\n      <\/div>\n\n            \n<style>\n#banner-381098591 {\n  padding-top: 637px;\n}\n#banner-381098591 .bg.bg-loaded {\n  background-image: url(https:\/\/phonelocker.com\/wp-content\/uploads\/2026\/02\/phone-locker-lanyard-pouch.jpg);\n}\n#banner-381098591 .bg {\n  background-position: 62% 60%;\n}\n<\/style>\n  <\/div>\n\n\n\t<section class=\"section\" id=\"section_1595710233\">\n\t\t<div class=\"bg section-bg fill bg-fill  bg-loaded\" >\n\n\t\t\t\n\t\t\t<div class=\"section-bg-overlay absolute fill\"><\/div>\n\t\t\t\n\n\t\t<\/div>\n\n\t\t<div class=\"section-content relative\">\n\t\t\t\n<div class=\"container section-title-container\" ><h1 class=\"section-title section-title-center\"><b><\/b><span class=\"section-title-main\" >Zubeh\u00f6r<\/span><b><\/b><\/h1><\/div>\n<div class=\"row row-large align-middle\"  id=\"row-1139386270\">\n\n\t<div id=\"col-404453406\" class=\"col medium-6 small-12 large-6\"  >\n\t\t<div class=\"col-inner text-left\"  >\n\t\t\t\n\t\t\t\n<h3>Taschenband<\/h3>\n<p><strong>F\u00fcr Komfort gemacht, mit h\u00f6chster Qualit\u00e4t gefertigt.<\/strong><\/p>\n<p>Entstanden aus dem Wunsch unserer Kunden, unsere abschlie\u00dfbaren Handytaschen in Tanzlokalen zu nutzen, erm\u00f6glicht das Lanyard den G\u00e4sten, sich frei zu bewegen, ohne ihre Tasche halten oder verstauen zu m\u00fcssen.<\/p>\n<p>Heute entscheiden sich viele Kunden daf\u00fcr, das Lanyard als Accessoire hinzuzuf\u00fcgen, um die Akzeptanz ihrer Initiative zum Verzicht auf Handys zu f\u00f6rdern.<\/p>\n\t\t<\/div>\n\t\t\t<\/div>\n\n\t\n\n\t<div id=\"col-1799919116\" class=\"col medium-6 small-12 large-6\"  >\n\t\t<div class=\"col-inner\"  >\n\t\t\t\n\t\t\t\n\t<div class=\"img has-hover x md-x lg-x y md-y lg-y\" id=\"image_1565989264\">\n\t\t\t\t\t\t\t\t<div class=\"img-inner dark\" >\n\t\t\t<img decoding=\"async\" width=\"1020\" height=\"1020\" src=\"https:\/\/phonelocker.com\/wp-content\/uploads\/2026\/02\/Pouch-with-strap-1024x1024.jpg\" class=\"attachment-large size-large\" alt=\"\" srcset=\"https:\/\/phonelocker.com\/wp-content\/uploads\/2026\/02\/Pouch-with-strap-1024x1024.jpg 1024w, https:\/\/phonelocker.com\/wp-content\/uploads\/2026\/02\/Pouch-with-strap-300x300.jpg 300w, https:\/\/phonelocker.com\/wp-content\/uploads\/2026\/02\/Pouch-with-strap-150x150.jpg 150w, https:\/\/phonelocker.com\/wp-content\/uploads\/2026\/02\/Pouch-with-strap-768x768.jpg 768w, https:\/\/phonelocker.com\/wp-content\/uploads\/2026\/02\/Pouch-with-strap-1536x1536.jpg 1536w, https:\/\/phonelocker.com\/wp-content\/uploads\/2026\/02\/Pouch-with-strap-12x12.jpg 12w, https:\/\/phonelocker.com\/wp-content\/uploads\/2026\/02\/Pouch-with-strap.jpg 2000w\" sizes=\"(max-width: 1020px) 100vw, 1020px\" \/>\t\t\t\t\t\t\n\t\t\t\t\t<\/div>\n\t\t\t\t\t\t\t\t\n<style>\n#image_1565989264 {\n  width: 100%;\n}\n<\/style>\n\t<\/div>\n\t\n\t<div class=\"img has-hover x md-x lg-x y md-y lg-y\" id=\"image_29592969\">\n\t\t\t\t\t\t\t\t<div class=\"img-inner box-shadow-2 dark\" >\n\t\t\t\t\t\t\t\t\t\n\t\t\t\t\t<\/div>\n\t\t\t\t\t\t\t\t\n<style>\n#image_29592969 {\n  width: 100%;\n}\n<\/style>\n\t<\/div>\n\t\n\t\t<\/div>\n\t\t\t<\/div>\n\n\t\n<\/div>\n<div class=\"row row-large align-middle\"  id=\"row-1479214683\">\n\n\t<div id=\"col-1412406371\" class=\"col medium-6 small-12 large-6\"  >\n\t\t<div class=\"col-inner text-left\"  >\n\t\t\t\n\t\t\t\n<h3>Rollcontainer<\/h3>\n<p><strong>Entwickelt, um sich nahtlos in Ihren Arbeitsfluss einzuf\u00fcgen.<\/strong><\/p>\n<p>Unsere Marken-Rollcontainer sind f\u00fcr einfachen Transport und sichere Aufbewahrung konzipiert und fassen bis zu 50-100 Handyf\u00e4cher.<sup>\u00ae<\/sup> Beutel in einer einzigen Einheit.<\/p>\n<p>Sie eignen sich ideal f\u00fcr Veranstaltungen und gro\u00dfe Veranstaltungsorte, da sie die Verteilung und Abholung schnell, organisiert und problemlos gestalten und gleichzeitig daf\u00fcr sorgen, dass alles unterwegs ordentlich verstaut bleibt.<\/p>\n\t\t<\/div>\n\t\t\t<\/div>\n\n\t\n\n\t<div id=\"col-50771279\" class=\"col medium-6 small-12 large-6\"  >\n\t\t<div class=\"col-inner\"  >\n\t\t\t\n\t\t\t\n\t<div class=\"img has-hover x md-x lg-x y md-y lg-y\" id=\"image_1726160502\">\n\t\t\t\t\t\t\t\t<div class=\"img-inner dark\" >\n\t\t\t<img decoding=\"async\" width=\"1020\" height=\"1020\" src=\"https:\/\/phonelocker.com\/wp-content\/uploads\/2026\/02\/phone-locker-storage-bag-2-1024x1024.jpg\" class=\"attachment-large size-large\" alt=\"\" srcset=\"https:\/\/phonelocker.com\/wp-content\/uploads\/2026\/02\/phone-locker-storage-bag-2-1024x1024.jpg 1024w, https:\/\/phonelocker.com\/wp-content\/uploads\/2026\/02\/phone-locker-storage-bag-2-300x300.jpg 300w, https:\/\/phonelocker.com\/wp-content\/uploads\/2026\/02\/phone-locker-storage-bag-2-150x150.jpg 150w, https:\/\/phonelocker.com\/wp-content\/uploads\/2026\/02\/phone-locker-storage-bag-2-768x768.jpg 768w, https:\/\/phonelocker.com\/wp-content\/uploads\/2026\/02\/phone-locker-storage-bag-2-1536x1536.jpg 1536w, https:\/\/phonelocker.com\/wp-content\/uploads\/2026\/02\/phone-locker-storage-bag-2-2048x2048.jpg 2048w, https:\/\/phonelocker.com\/wp-content\/uploads\/2026\/02\/phone-locker-storage-bag-2-12x12.jpg 12w\" sizes=\"(max-width: 1020px) 100vw, 1020px\" \/>\t\t\t\t\t\t\n\t\t\t\t\t<\/div>\n\t\t\t\t\t\t\t\t\n<style>\n#image_1726160502 {\n  width: 100%;\n}\n<\/style>\n\t<\/div>\n\t\n\t<div class=\"img has-hover x md-x lg-x y md-y lg-y\" id=\"image_1556064394\">\n\t\t\t\t\t\t\t\t<div class=\"img-inner box-shadow-2 dark\" >\n\t\t\t\t\t\t\t\t\t\n\t\t\t\t\t<\/div>\n\t\t\t\t\t\t\t\t\n<style>\n#image_1556064394 {\n  width: 100%;\n}\n<\/style>\n\t<\/div>\n\t\n\t\t<\/div>\n\t\t\t<\/div>\n\n\t\n<\/div>\n<div class=\"row row-large align-middle\"  id=\"row-1701797382\">\n\n\t<div id=\"col-830795076\" class=\"col medium-6 small-12 large-6\"  >\n\t\t<div class=\"col-inner text-left\"  >\n\t\t\t\n\t\t\t\n<h3>Aufbewahrungsbeutel<\/h3>\n<p><strong>Stark und nachhaltig.<\/strong><\/p>\n<p>Unsere Marken-Aufbewahrungstaschen lassen sich komplett flach zusammenfalten und bieten Platz f\u00fcr 4 Phone Locker.<sup>\u00ae<\/sup> Rollcontainer f\u00fcr einfachen Transport.<\/p>\n<p>F\u00fcr Kunden mit Veranstaltungsorten, die stark frequentiert sind, stellen die Taschen eine n\u00fctzliche Erg\u00e4nzung dar, wenn Hunderte oder sogar Tausende von Besuchern das Gel\u00e4nde verlassen.<\/p>\n\t\t<\/div>\n\t\t\t<\/div>\n\n\t\n\n\t<div id=\"col-1782013801\" class=\"col medium-6 small-12 large-6\"  >\n\t\t<div class=\"col-inner\"  >\n\t\t\t\n\t\t\t\n\t<div class=\"img has-hover x md-x lg-x y md-y lg-y\" id=\"image_1375029390\">\n\t\t\t\t\t\t\t\t<div class=\"img-inner dark\" >\n\t\t\t<img decoding=\"async\" width=\"1020\" height=\"1020\" src=\"https:\/\/phonelocker.com\/wp-content\/uploads\/2026\/02\/phone-locker-storage-bag-1024x1024.jpg\" class=\"attachment-large size-large\" alt=\"\" srcset=\"https:\/\/phonelocker.com\/wp-content\/uploads\/2026\/02\/phone-locker-storage-bag-1024x1024.jpg 1024w, https:\/\/phonelocker.com\/wp-content\/uploads\/2026\/02\/phone-locker-storage-bag-300x300.jpg 300w, https:\/\/phonelocker.com\/wp-content\/uploads\/2026\/02\/phone-locker-storage-bag-150x150.jpg 150w, https:\/\/phonelocker.com\/wp-content\/uploads\/2026\/02\/phone-locker-storage-bag-768x768.jpg 768w, https:\/\/phonelocker.com\/wp-content\/uploads\/2026\/02\/phone-locker-storage-bag-1536x1536.jpg 1536w, https:\/\/phonelocker.com\/wp-content\/uploads\/2026\/02\/phone-locker-storage-bag-2048x2048.jpg 2048w, https:\/\/phonelocker.com\/wp-content\/uploads\/2026\/02\/phone-locker-storage-bag-12x12.jpg 12w\" sizes=\"(max-width: 1020px) 100vw, 1020px\" \/>\t\t\t\t\t\t\n\t\t\t\t\t<\/div>\n\t\t\t\t\t\t\t\t\n<style>\n#image_1375029390 {\n  width: 100%;\n}\n<\/style>\n\t<\/div>\n\t\n\t<div class=\"img has-hover x md-x lg-x y md-y lg-y\" id=\"image_1832814216\">\n\t\t\t\t\t\t\t\t<div class=\"img-inner box-shadow-2 dark\" >\n\t\t\t\t\t\t\t\t\t\n\t\t\t\t\t<\/div>\n\t\t\t\t\t\t\t\t\n<style>\n#image_1832814216 {\n  width: 100%;\n}\n<\/style>\n\t<\/div>\n\t\n\t\t<\/div>\n\t\t\t<\/div>\n\n\t\n<\/div>\n\t\t<\/div>\n\n\t\t\n<style>\n#section_1595710233 {\n  padding-top: 60px;\n  padding-bottom: 60px;\n  background-color: rgb(255,255,255);\n}\n#section_1595710233 .section-bg-overlay {\n  background-color: rgba(255, 255, 255, 0.85);\n}\n<\/style>\n\t<\/section>\n\t\n\t<section class=\"section info-card-1\" id=\"section_435964481\">\n\t\t<div class=\"bg section-bg fill bg-fill  bg-loaded\" >\n\n\t\t\t\n\t\t\t\n\t\t\t\n\n\t\t<\/div>\n\n\t\t<div class=\"section-content relative\">\n\t\t\t\n<div class=\"row row-small align-equal align-center\"  id=\"row-807991257\">\n\n\t<div id=\"col-2111020776\" class=\"col medium-4 small-12 large-4\"  >\n\t\t<div class=\"col-inner\"  >\n\t\t\t\n\t\t\t\n\t<div class=\"box has-hover   has-hover box-push box-text-bottom\" >\n\n\t\t<div class=\"box-image\" >\n\t\t\t<a href=\"https:\/\/phonelocker.com\/de\/contact\/\" target=\"_blank\" rel=\"noopener noreferrer\" >\t\t\t<div class=\"image-zoom image-cover\" style=\"padding-top:70%;\">\n\t\t\t\t<img decoding=\"async\" width=\"1200\" height=\"600\" src=\"https:\/\/phonelocker.com\/wp-content\/uploads\/2026\/02\/Website-Images.jpg\" class=\"attachment- size-\" alt=\"\" srcset=\"https:\/\/phonelocker.com\/wp-content\/uploads\/2026\/02\/Website-Images.jpg 1200w, https:\/\/phonelocker.com\/wp-content\/uploads\/2026\/02\/Website-Images-300x150.jpg 300w, https:\/\/phonelocker.com\/wp-content\/uploads\/2026\/02\/Website-Images-1024x512.jpg 1024w, https:\/\/phonelocker.com\/wp-content\/uploads\/2026\/02\/Website-Images-768x384.jpg 768w, https:\/\/phonelocker.com\/wp-content\/uploads\/2026\/02\/Website-Images-18x9.jpg 18w\" sizes=\"(max-width: 1200px) 100vw, 1200px\" \/>\t\t\t\t\t\t\t\t\t\t\t<\/div>\n\t\t\t<\/a>\t\t<\/div>\n\n\t\t<div class=\"box-text text-center\" style=\"background-color:rgb(255, 255, 255);padding:20px 5% 20px 5%;\">\n\t\t\t<div class=\"box-text-inner\">\n\t\t\t\t\n<h4>M\u00f6chten Sie mehr erfahren?<\/h4>\n<p>Sprechen Sie mit unserem Team und finden Sie die passende L\u00f6sung f\u00fcr sich.<\/p>\n<a rel=\"noopener noreferrer\" href=\"https:\/\/phonelocker.com\/de\/contact\/\" target=\"_blank\" class=\"button primary is-underline\"  >\n    <span>Kontaktieren Sie uns noch heute!<\/span>\n  <\/a>\n\n\t\t\t<\/div>\n\t\t<\/div>\n\t<\/div>\n\t\n\t\t<\/div>\n\t\t\t<\/div>\n\n\t\n\n\t<div id=\"col-373768526\" class=\"col medium-4 small-12 large-4\"  >\n\t\t<div class=\"col-inner\"  >\n\t\t\t\n\t\t\t\n\t<div class=\"box has-hover   has-hover box-push box-text-bottom\" >\n\n\t\t<div class=\"box-image\" >\n\t\t\t<a href=\"https:\/\/phonelocker.com\/de\/lockable-phone-pouches\/\"  >\t\t\t<div class=\"image-zoom image-cover\" style=\"padding-top:70%;\">\n\t\t\t\t<img decoding=\"async\" width=\"2560\" height=\"2560\" src=\"https:\/\/phonelocker.com\/wp-content\/uploads\/2026\/02\/Phone-Locker_Pouch-Metal-Box.jpg\" class=\"attachment- size-\" alt=\"\" srcset=\"https:\/\/phonelocker.com\/wp-content\/uploads\/2026\/02\/Phone-Locker_Pouch-Metal-Box.jpg 2560w, https:\/\/phonelocker.com\/wp-content\/uploads\/2026\/02\/Phone-Locker_Pouch-Metal-Box-300x300.jpg 300w, https:\/\/phonelocker.com\/wp-content\/uploads\/2026\/02\/Phone-Locker_Pouch-Metal-Box-1024x1024.jpg 1024w, https:\/\/phonelocker.com\/wp-content\/uploads\/2026\/02\/Phone-Locker_Pouch-Metal-Box-150x150.jpg 150w, https:\/\/phonelocker.com\/wp-content\/uploads\/2026\/02\/Phone-Locker_Pouch-Metal-Box-768x768.jpg 768w, https:\/\/phonelocker.com\/wp-content\/uploads\/2026\/02\/Phone-Locker_Pouch-Metal-Box-1536x1536.jpg 1536w, https:\/\/phonelocker.com\/wp-content\/uploads\/2026\/02\/Phone-Locker_Pouch-Metal-Box-2048x2048.jpg 2048w, https:\/\/phonelocker.com\/wp-content\/uploads\/2026\/02\/Phone-Locker_Pouch-Metal-Box-12x12.jpg 12w\" sizes=\"(max-width: 2560px) 100vw, 2560px\" \/>\t\t\t\t\t\t\t\t\t\t\t<\/div>\n\t\t\t<\/a>\t\t<\/div>\n\n\t\t<div class=\"box-text text-center\" style=\"background-color:rgb(255, 255, 255);padding:20px 5% 20px 5%;\">\n\t\t\t<div class=\"box-text-inner\">\n\t\t\t\t\n<h4>Taschen und Entriegelungssysteme<\/h4>\n<p>Sehen Sie sich unser gesamtes Produktsortiment an.<\/p>\n<a rel=\"noopener noreferrer\" href=\"https:\/\/phonelocker.com\/de\/lockable-phone-pouches\/\" target=\"_blank\" class=\"button primary is-underline\"  >\n    <span>Taschen ansehen<\/span>\n  <\/a>\n\n\t\t\t<\/div>\n\t\t<\/div>\n\t<\/div>\n\t\n\t\t<\/div>\n\t\t\t<\/div>\n\n\t\n\n<style>\n#row-807991257 > .col > .col-inner {\n  background-color: rgb(255,255,255);\n}\n<\/style>\n<\/div>\n\t\t<\/div>\n\n\t\t\n<style>\n#section_435964481 {\n  padding-top: 50px;\n  padding-bottom: 50px;\n  background-color: #20409a;\n}\n<\/style>\n\t<\/section>","protected":false},"excerpt":{"rendered":"","protected":false},"author":1,"featured_media":0,"parent":0,"menu_order":0,"comment_status":"closed","ping_status":"closed","template":"page-blank.php","meta":{"inline_featured_image":false,"footnotes":""},"class_list":["post-2834","page","type-page","status-publish","hentry"],"yoast_head":"<!-- This site is optimized with the Yoast SEO plugin v27.4 - https:\/\/yoast.com\/product\/yoast-seo-wordpress\/ -->\n<title>Accessories - Phone Locker<\/title>\n<meta name=\"robots\" content=\"index, follow, max-snippet:-1, max-image-preview:large, max-video-preview:-1\" \/>\n<link rel=\"canonical\" href=\"https:\/\/phonelocker.com\/de\/accessories\/\" \/>\n<meta property=\"og:locale\" content=\"de_DE\" \/>\n<meta property=\"og:type\" content=\"article\" \/>\n<meta property=\"og:title\" content=\"Accessories - Phone Locker\" \/>\n<meta property=\"og:url\" content=\"https:\/\/phonelocker.com\/de\/accessories\/\" \/>\n<meta property=\"og:site_name\" content=\"Phone Locker\" \/>\n<meta property=\"article:modified_time\" content=\"2026-03-24T15:53:11+00:00\" \/>\n<meta name=\"twitter:card\" content=\"summary_large_image\" \/>\n<meta name=\"twitter:label1\" content=\"Gesch\u00e4tzte Lesezeit\" \/>\n\t<meta name=\"twitter:data1\" content=\"2\u00a0Minuten\" \/>\n<!-- \/ Yoast SEO plugin. -->","yoast_head_json":{"title":"Accessories - Phone Locker","robots":{"index":"index","follow":"follow","max-snippet":"max-snippet:-1","max-image-preview":"max-image-preview:large","max-video-preview":"max-video-preview:-1"},"canonical":"https:\/\/phonelocker.com\/de\/accessories\/","og_locale":"de_DE","og_type":"article","og_title":"Accessories - Phone Locker","og_url":"https:\/\/phonelocker.com\/de\/accessories\/","og_site_name":"Phone Locker","article_modified_time":"2026-03-24T15:53:11+00:00","twitter_card":"summary_large_image","twitter_misc":{"Gesch\u00e4tzte Lesezeit":"2\u00a0Minuten"},"schema":{"@context":"https:\/\/schema.org","@graph":[{"@type":"WebPage","@id":"https:\/\/phonelocker.com\/accessories\/","url":"https:\/\/phonelocker.com\/accessories\/","name":"Accessories - Phone Locker","isPartOf":{"@id":"https:\/\/phonelocker.com\/#website"},"datePublished":"2026-02-19T17:29:26+00:00","dateModified":"2026-03-24T15:53:11+00:00","breadcrumb":{"@id":"https:\/\/phonelocker.com\/accessories\/#breadcrumb"},"inLanguage":"de","potentialAction":[{"@type":"ReadAction","target":["https:\/\/phonelocker.com\/accessories\/"]}]},{"@type":"BreadcrumbList","@id":"https:\/\/phonelocker.com\/accessories\/#breadcrumb","itemListElement":[{"@type":"ListItem","position":1,"name":"Home","item":"https:\/\/phonelocker.com\/"},{"@type":"ListItem","position":2,"name":"Accessories"}]},{"@type":"WebSite","@id":"https:\/\/phonelocker.com\/#website","url":"https:\/\/phonelocker.com\/","name":"Telefonschlie\u00dffach","description":"Verschlie\u00dfbare Telefontasche","potentialAction":[{"@type":"SearchAction","target":{"@type":"EntryPoint","urlTemplate":"https:\/\/phonelocker.com\/?s={search_term_string}"},"query-input":{"@type":"PropertyValueSpecification","valueRequired":true,"valueName":"search_term_string"}}],"inLanguage":"de"}]}},"_links":{"self":[{"href":"https:\/\/phonelocker.com\/de\/wp-json\/wp\/v2\/pages\/2834","targetHints":{"allow":["GET"]}}],"collection":[{"href":"https:\/\/phonelocker.com\/de\/wp-json\/wp\/v2\/pages"}],"about":[{"href":"https:\/\/phonelocker.com\/de\/wp-json\/wp\/v2\/types\/page"}],"author":[{"embeddable":true,"href":"https:\/\/phonelocker.com\/de\/wp-json\/wp\/v2\/users\/1"}],"replies":[{"embeddable":true,"href":"https:\/\/phonelocker.com\/de\/wp-json\/wp\/v2\/comments?post=2834"}],"version-history":[{"count":10,"href":"https:\/\/phonelocker.com\/de\/wp-json\/wp\/v2\/pages\/2834\/revisions"}],"predecessor-version":[{"id":3413,"href":"https:\/\/phonelocker.com\/de\/wp-json\/wp\/v2\/pages\/2834\/revisions\/3413"}],"wp:attachment":[{"href":"https:\/\/phonelocker.com\/de\/wp-json\/wp\/v2\/media?parent=2834"}],"curies":[{"name":"wp","href":"https:\/\/api.w.org\/{rel}","templated":true}]}}