{"id":3,"date":"2021-06-13T16:01:01","date_gmt":"2021-06-13T16:01:01","guid":{"rendered":"http:\/\/localhost\/phone-pouch\/?page_id=3"},"modified":"2026-03-19T16:19:32","modified_gmt":"2026-03-19T16:19:32","slug":"privacy-policy","status":"publish","type":"page","link":"https:\/\/phonelocker.com\/de\/privacy-policy\/","title":{"rendered":"Datenschutzrichtlinie"},"content":{"rendered":"<h1 class=\"wp-block-heading\">Datenschutzrichtlinie von Phone Locker\u00ae<\/h1>\r\n<p><strong>Letzte Aktualisierung: 29. Januar 2026<\/strong><\/p>\r\n<p>Phone Locker\u00ae (\u201ewir\u201c, \u201euns\u201c, \u201eunser\u201c) verpflichtet sich, Ihre Privatsph\u00e4re zu sch\u00fctzen und zu respektieren. Diese Datenschutzrichtlinie erl\u00e4utert, wie wir Ihre personenbezogenen Daten erfassen, verwenden, speichern und sch\u00fctzen, wenn Sie unsere Website besuchen oder mit uns interagieren.<\/p>\r\n<p>Diese Richtlinie gilt f\u00fcr alle Nutzer der Phone Locker\u00ae-Website und der zugeh\u00f6rigen Dienste.<\/p>\r\n<p>Phone Locker\u00ae ist ein in Gro\u00dfbritannien ans\u00e4ssiges Unternehmen, das sichere Telefonsperrl\u00f6sungen f\u00fcr Schulen, Veranstaltungen und Organisationen anbietet.<\/p>\r\n<p><strong>Verantwortlicher f\u00fcr die Datenverarbeitung:<br \/><\/strong>PromoCollection Limited T\/A Phone Locker\u00ae<br \/>Firmenregistrierungsnummer: 09756639<br \/>3 Brunel Court, Severalls Industrial Park, Colchester, Essex, Vereinigtes K\u00f6nigreich, CO4 9XP<br \/>E-Mail:<strong>hello@phonelocker.com<\/strong><br \/>Diese E-Mail-Adresse wird auch f\u00fcr alle Anfragen zum Datenschutz und zur Privatsph\u00e4re verwendet.<\/p>\r\n<h2>Welche personenbezogenen Daten wir erfassen<\/h2>\r\n<p>Wir k\u00f6nnen folgende personenbezogene Daten erheben und verarbeiten:<\/p>\r\n<h3><strong>a) Informationen, die Sie uns zur Verf\u00fcgung stellen<\/strong><\/h3>\r\n<ul>\r\n<li>Name<\/li>\r\n<li>E-Mail-Adresse<\/li>\r\n<li>Telefonnummer<\/li>\r\n<li>Name der Organisation \/ Schule<\/li>\r\n<li>Berufsbezeichnung<\/li>\r\n<li>Alle Informationen, die \u00fcber Kontaktformulare, Anfragen, Downloads oder E-Mail-Korrespondenz \u00fcbermittelt werden.<\/li>\r\n<\/ul>\r\n<h3><strong>b) Automatisch erfasste Informationen<\/strong><\/h3>\r\n<ul>\r\n<li>IP-Adresse<\/li>\r\n<li>Browsertyp und -version<\/li>\r\n<li>Ger\u00e4teinformationen<\/li>\r\n<li>Besuchte Seiten und Verweildauer auf unserer Website<\/li>\r\n<li>Verweisende URLs<\/li>\r\n<\/ul>\r\n<p>Diese Daten werden mithilfe von Cookies und \u00e4hnlichen Technologien erfasst.<\/p>\r\n<h2>Wie wir Ihre Daten verwenden<\/h2>\r\n<p>Wir verwenden Ihre personenbezogenen Daten f\u00fcr folgende Zwecke:<\/p>\r\n<ul>\r\n<li>Auf Anfragen und Bitten antworten<\/li>\r\n<li>Wir stellen Informationen \u00fcber unsere Produkte und Dienstleistungen bereit.<\/li>\r\n<li>Pflege der Beziehungen zu Kunden, Schulen und Partnern<\/li>\r\n<li>Verbessern Sie unsere Website und unsere Dienstleistungen<\/li>\r\n<li>Versenden von Marketingmitteilungen (sofern eine Einwilligung vorliegt)<\/li>\r\n<li>Einhaltung gesetzlicher und beh\u00f6rdlicher Verpflichtungen<\/li>\r\n<\/ul>\r\n<p>Die Bereitstellung dieser Informationen ist daher eine vertragliche Verpflichtung oder eine notwendige Voraussetzung<br \/>Einen Vertrag abzuschlie\u00dfen. Wenn Sie die angeforderten personenbezogenen Daten nicht angeben, k\u00f6nnen wir m\u00f6glicherweise:<br \/>\u2022 Ihre Anfrage vollst\u00e4ndig beantworten;<br \/>\u2022 ein Angebot oder einen Kostenvoranschlag unterbreiten;<br \/>\u2022 mit potenziellen Verk\u00e4ufen, Installationen oder laufenden Supportleistungen fortfahren.<\/p>\r\n<p><br \/>F\u00fcr optionale Mitteilungen (z. B. Marketing-E-Mails) sind Sie nicht verpflichtet, Ihre Daten anzugeben.\u00a0<br \/>Details oder Einwilligung, und es gibt keine negativen Konsequenzen f\u00fcr das Zur\u00fcckhalten dieser Informationen, au\u00dfer dass man solche Aktualisierungen nicht erh\u00e4lt.<\/p>\r\n<p><br \/>Wir ben\u00f6tigen von Ihnen keine besonderen Kategorien von Daten (z. B. Gesundheitsdaten) f\u00fcr unsere<br \/>Standarddienste. Wir verwenden Ihre Daten nur, wenn wir eine rechtliche Grundlage daf\u00fcr haben.<\/p>\r\n<h2>Rechtm\u00e4\u00dfige Grundlagen f\u00fcr die Verarbeitung<\/h2>\r\n<p>Gem\u00e4\u00df der britischen DSGVO st\u00fctzen wir uns auf folgende Rechtsgrundlagen:<\/p>\r\n<ul>\r\n<li><strong>Zustimmung<\/strong> \u2013 sofern Sie dem Erhalt von Marketingmitteilungen zugestimmt haben<\/li>\r\n<li><strong>Berechtigte Interessen<\/strong> \u2013 um Anfragen zu beantworten und unsere Dienstleistungen zu verbessern<\/li>\r\n<li><strong>Vertragliche Notwendigkeit<\/strong> \u2013 wenn eine Verarbeitung erforderlich ist, um eine Dienstleistung zu erbringen<\/li>\r\n<li><strong>Rechtliche Verpflichtung<\/strong> \u2013 soweit gesetzlich vorgeschrieben<\/li>\r\n<\/ul>\r\n<h2>Marketingkommunikation<\/h2>\r\n<p>Wir senden Ihnen m\u00f6glicherweise Marketingmitteilungen zu Phone Locker\u00ae, wenn:<\/p>\r\n<ul>\r\n<li>Die Kontaktdaten sind gesch\u00e4ftlicher Natur.<\/li>\r\n<li>Die Kommunikation ist f\u00fcr Ihre berufliche Rolle relevant.<\/li>\r\n<li>Wir haben ein berechtigtes Interesse daran, unsere Dienstleistungen zu bewerben.<\/li>\r\n<\/ul>\r\n<p>Wir k\u00f6nnen gesch\u00e4ftliche Kontaktdaten aus \u00f6ffentlich zug\u00e4nglichen Quellen wie Firmenwebsites, LinkedIn, Branchenverzeichnissen und Veranstaltungslisten beziehen.<\/p>\r\n<p>Sie haben jederzeit das uneingeschr\u00e4nkte Recht, der Direktwerbung zu widersprechen.<\/p>\r\n<p>Alle Marketing-E-Mails enthalten einen Abmeldelink. Sie k\u00f6nnen sich auch abmelden, indem Sie uns unter hello@phonelocker.com kontaktieren.<\/p>\r\n<h2>Cookies<\/h2>\r\n<p>Unsere Website verwendet Cookies, um:<\/p>\r\n<ul>\r\n<li>Stellen Sie sicher, dass die Website ordnungsgem\u00e4\u00df funktioniert.<\/li>\r\n<li>Analyse des Website-Traffics und der Nutzung<\/li>\r\n<li>Leistung und Benutzererfahrung verbessern<\/li>\r\n<\/ul>\r\n<p>Sie k\u00f6nnen Cookies \u00fcber Ihre Browsereinstellungen verwalten oder deaktivieren. Weitere Informationen finden Sie in unseren Datenschutzbestimmungen. <strong>Cookie-Richtlinie<\/strong>.<\/p>\r\n<h2>Datenaustausch<\/h2>\r\n<p>Wir verkaufen Ihre pers\u00f6nlichen Daten nicht.<\/p>\r\n<p>Wir k\u00f6nnen Ihre Daten an vertrauensw\u00fcrdige Dritte weitergeben, darunter:<\/p>\r\n<ul>\r\n<li>Webhosting-Anbieter<\/li>\r\n<li>CRM- und E-Mail-Marketing-Plattformen<\/li>\r\n<li>Analyseanbieter (z. B. Google Analytics)<\/li>\r\n<li>E-Mail-Dienstleister<\/li>\r\n<li>Professionelle Berater (Recht, Finanzen, IT)<\/li>\r\n<\/ul>\r\n<p>Alle Drittparteien sind verpflichtet, Ihre Daten sicher und in \u00dcbereinstimmung mit der britischen DSGVO zu verarbeiten.<\/p>\r\n<h2>Internationale Datentransfers<\/h2>\r\n<p>Einige unserer Dienstleister haben ihren Sitz au\u00dferhalb Gro\u00dfbritanniens, darunter:<\/p>\r\n<ul>\r\n<li>Google (Vereinigte Staaten)<\/li>\r\n<li>Zoho (Rechenzentren in der EU und Indien)<\/li>\r\n<\/ul>\r\n<p>Wenn personenbezogene Daten international \u00fcbermittelt werden, stellen wir sicher, dass angemessene Schutzma\u00dfnahmen getroffen werden, darunter:<\/p>\r\n<ul>\r\n<li>Angemessenheitsvorschriften des Vereinigten K\u00f6nigreichs<\/li>\r\n<li>Internationale Datentransferabkommen (IDTA)<\/li>\r\n<li>Standardvertragsklauseln (SCCs)<\/li>\r\n<\/ul>\r\n<h2>Datenaufbewahrung<\/h2>\r\n<p>Wir speichern personenbezogene Daten nur so lange, wie es zur Erf\u00fcllung der Zwecke, f\u00fcr die sie erhoben wurden, erforderlich ist, einschlie\u00dflich gesetzlicher, buchhalterischer und melderechtlicher Anforderungen.<\/p>\r\n<h2>Ihre Rechte<\/h2>\r\n<p>Gem\u00e4\u00df der britischen DSGVO haben Sie folgende Rechte:<\/p>\r\n<ul>\r\n<li>Greifen Sie auf Ihre pers\u00f6nlichen Daten zu<\/li>\r\n<li>Berichtigung unrichtiger Daten beantragen<\/li>\r\n<li>Beantragen Sie die L\u00f6schung Ihrer Daten<\/li>\r\n<li>Objekt zur Verarbeitung<\/li>\r\n<li>Verarbeitung einschr\u00e4nken<\/li>\r\n<li>Anfrage zur Daten\u00fcbertragung<\/li>\r\n<li>Einwilligung jederzeit widerrufen<\/li>\r\n<\/ul>\r\n<p>Um Ihre Rechte auszu\u00fcben, wenden Sie sich bitte an: <a href=\"mailto:hello@phonelocker.com\">hello@phonelocker.com<\/a><\/p>\r\n<p>Sie haben au\u00dferdem das Recht, eine Beschwerde beim britischen Information Commissioner&#039;s Office (ICO) einzureichen.<\/p>\r\n<h2>Automatisierte Entscheidungsfindung<\/h2>\r\n<p>Wir verwenden keine automatisierten Entscheidungsfindungs- oder Profiling-Verfahren, die rechtliche oder erhebliche Auswirkungen auf Einzelpersonen haben.<\/p>\r\n<h2>Datensicherheit<\/h2>\r\n<p>Wir treffen geeignete technische und organisatorische Ma\u00dfnahmen, um Ihre personenbezogenen Daten vor unberechtigtem Zugriff, Verlust, Missbrauch oder Ver\u00e4nderung zu sch\u00fctzen.<\/p>\r\n<h2>Daten von Kindern<\/h2>\r\n<p>Phone Locker\u00ae sammelt oder verarbeitet nicht absichtlich personenbezogene Daten von Sch\u00fclern oder Kindern.<\/p>\r\n<p>Wenn Schulen unsere Produkte verwenden, bleiben sie die Verantwortlichen f\u00fcr alle Sch\u00fclerdaten.<\/p>\r\n<h2>\u00c4nderungen dieser Richtlinie<\/h2>\r\n<p>Wir k\u00f6nnen diese Datenschutzrichtlinie von Zeit zu Zeit aktualisieren. Alle \u00c4nderungen werden auf dieser Seite mit dem aktualisierten Revisionsdatum ver\u00f6ffentlicht.<\/p>\r\n<h2>Datenschutzbestimmungen Beschwerden und Anfragen<\/h2>\r\n<p>Bei Fragen oder Beschwerden zu unserer Datenschutzrichtlinie kontaktieren Sie uns bitte unter:<\/p>\r\n<p>3 Brunel Court Severalls, Colchester, CO4 9XP Essex, Vereinigtes K\u00f6nigreich<\/p>\r\n<p>hello@phonelocker.com<\/p>\r\n<p>(+44) 203 916 5098<\/p>","protected":false},"excerpt":{"rendered":"<p>Phone Locker\u00ae Privacy Policy Last updated: 29 January 2026 Phone Locker\u00ae\u00a0 (\u201cwe\u201d, \u201cus\u201d, \u201cour\u201d) is committed to protecting and respecting your privacy. This Privacy Policy explains how we collect, use, store and protect your personal data when you visit our website or engage with us. This policy applies to all users of the Phone Locker\u00ae [&#8230;]\n","protected":false},"author":1,"featured_media":0,"parent":0,"menu_order":0,"comment_status":"closed","ping_status":"open","template":"","meta":{"footnotes":""},"class_list":["post-3","page","type-page","status-publish","hentry"],"yoast_head":"<!-- This site is optimized with the Yoast SEO plugin v27.1.1 - https:\/\/yoast.com\/product\/yoast-seo-wordpress\/ -->\n<title>Privacy Policy - Phone Locker<\/title>\n<meta name=\"robots\" content=\"index, follow, max-snippet:-1, max-image-preview:large, max-video-preview:-1\" \/>\n<link rel=\"canonical\" href=\"https:\/\/phonelocker.com\/de\/privacy-policy\/\" \/>\n<meta property=\"og:locale\" content=\"de_DE\" \/>\n<meta property=\"og:type\" content=\"article\" \/>\n<meta property=\"og:title\" content=\"Privacy Policy - Phone Locker\" \/>\n<meta property=\"og:description\" content=\"Phone Locker\u00ae Privacy Policy Last updated: 29 January 2026 Phone Locker\u00ae\u00a0 (\u201cwe\u201d, \u201cus\u201d, \u201cour\u201d) is committed to protecting and respecting your privacy. This Privacy Policy explains how we collect, use, store and protect your personal data when you visit our website or engage with us. This policy applies to all users of the Phone Locker\u00ae [...]\" \/>\n<meta property=\"og:url\" content=\"https:\/\/phonelocker.com\/de\/privacy-policy\/\" \/>\n<meta property=\"og:site_name\" content=\"Phone Locker\" \/>\n<meta property=\"article:modified_time\" content=\"2026-03-19T16:19:32+00:00\" \/>\n<meta name=\"twitter:card\" content=\"summary_large_image\" \/>\n<meta name=\"twitter:label1\" content=\"Gesch\u00e4tzte Lesezeit\" \/>\n\t<meta name=\"twitter:data1\" content=\"4\u00a0Minuten\" \/>\n<!-- \/ Yoast SEO plugin. -->","yoast_head_json":{"title":"Datenschutzrichtlinie \u2013 Telefonspeicher","robots":{"index":"index","follow":"follow","max-snippet":"max-snippet:-1","max-image-preview":"max-image-preview:large","max-video-preview":"max-video-preview:-1"},"canonical":"https:\/\/phonelocker.com\/de\/privacy-policy\/","og_locale":"de_DE","og_type":"article","og_title":"Privacy Policy - Phone Locker","og_description":"Phone Locker\u00ae Privacy Policy Last updated: 29 January 2026 Phone Locker\u00ae\u00a0 (\u201cwe\u201d, \u201cus\u201d, \u201cour\u201d) is committed to protecting and respecting your privacy. This Privacy Policy explains how we collect, use, store and protect your personal data when you visit our website or engage with us. This policy applies to all users of the Phone Locker\u00ae [...]","og_url":"https:\/\/phonelocker.com\/de\/privacy-policy\/","og_site_name":"Phone Locker","article_modified_time":"2026-03-19T16:19:32+00:00","twitter_card":"summary_large_image","twitter_misc":{"Gesch\u00e4tzte Lesezeit":"4\u00a0Minuten"},"schema":{"@context":"https:\/\/schema.org","@graph":[{"@type":"WebPage","@id":"https:\/\/phonelocker.com\/privacy-policy\/","url":"https:\/\/phonelocker.com\/privacy-policy\/","name":"Datenschutzrichtlinie \u2013 Telefonspeicher","isPartOf":{"@id":"https:\/\/phonelocker.com\/#website"},"datePublished":"2021-06-13T16:01:01+00:00","dateModified":"2026-03-19T16:19:32+00:00","breadcrumb":{"@id":"https:\/\/phonelocker.com\/privacy-policy\/#breadcrumb"},"inLanguage":"de","potentialAction":[{"@type":"ReadAction","target":["https:\/\/phonelocker.com\/privacy-policy\/"]}]},{"@type":"BreadcrumbList","@id":"https:\/\/phonelocker.com\/privacy-policy\/#breadcrumb","itemListElement":[{"@type":"ListItem","position":1,"name":"Home","item":"https:\/\/phonelocker.com\/"},{"@type":"ListItem","position":2,"name":"Privacy Policy"}]},{"@type":"WebSite","@id":"https:\/\/phonelocker.com\/#website","url":"https:\/\/phonelocker.com\/","name":"Telefonschlie\u00dffach","description":"Verschlie\u00dfbare Telefontasche","potentialAction":[{"@type":"SearchAction","target":{"@type":"EntryPoint","urlTemplate":"https:\/\/phonelocker.com\/?s={search_term_string}"},"query-input":{"@type":"PropertyValueSpecification","valueRequired":true,"valueName":"search_term_string"}}],"inLanguage":"de"}]}},"_links":{"self":[{"href":"https:\/\/phonelocker.com\/de\/wp-json\/wp\/v2\/pages\/3","targetHints":{"allow":["GET"]}}],"collection":[{"href":"https:\/\/phonelocker.com\/de\/wp-json\/wp\/v2\/pages"}],"about":[{"href":"https:\/\/phonelocker.com\/de\/wp-json\/wp\/v2\/types\/page"}],"author":[{"embeddable":true,"href":"https:\/\/phonelocker.com\/de\/wp-json\/wp\/v2\/users\/1"}],"replies":[{"embeddable":true,"href":"https:\/\/phonelocker.com\/de\/wp-json\/wp\/v2\/comments?post=3"}],"version-history":[{"count":6,"href":"https:\/\/phonelocker.com\/de\/wp-json\/wp\/v2\/pages\/3\/revisions"}],"predecessor-version":[{"id":3346,"href":"https:\/\/phonelocker.com\/de\/wp-json\/wp\/v2\/pages\/3\/revisions\/3346"}],"wp:attachment":[{"href":"https:\/\/phonelocker.com\/de\/wp-json\/wp\/v2\/media?parent=3"}],"curies":[{"name":"wp","href":"https:\/\/api.w.org\/{rel}","templated":true}]}}