{"id":3004,"date":"2026-03-17T14:46:27","date_gmt":"2026-03-17T14:46:27","guid":{"rendered":"https:\/\/phonelocker.com\/?page_id=3004"},"modified":"2026-03-19T11:06:21","modified_gmt":"2026-03-19T11:06:21","slug":"esg-and-compliance","status":"publish","type":"page","link":"https:\/\/phonelocker.com\/de\/esg-and-compliance\/","title":{"rendered":"ESG und Compliance"},"content":{"rendered":"<div class=\"banner has-hover\" id=\"banner-1338627398\">\n          <div class=\"banner-inner fill\">\n        <div class=\"banner-bg fill\" >\n            <div class=\"bg fill bg-fill\"><\/div>\n                                    \n                    <\/div>\n        <div class=\"banner-layers container\">\n            <div class=\"fill banner-link\"><\/div>            \n   <div id=\"text-box-1915295830\" class=\"text-box banner-layer x5 md-x5 lg-x5 y95 md-y50 lg-y50 res-text\">\n                                <div class=\"text-box-content text box-shadow-1\">\n              \n              <div class=\"text-inner text-left\">\n                  \n<h6>Unsere Geschichte<\/h6>\n<h3 class=\"banner-header__title header--alt\">Verantwortungsbewusstes Design<\/h3>\n<p class=\"banner-header__subtitle text--white text--md\">Am Telefonschlie\u00dffach<sup>\u00ae<\/sup>, Verantwortung ist in die Art und Weise integriert, wie wir unsere Produkte entwickeln, herstellen und liefern.<\/p>\n<a rel=\"noopener noreferrer\" href=\"https:\/\/phonelocker.com\/de\/contact\/\" target=\"_blank\" class=\"button primary is-gradient\"  >\n    <span>Kontaktieren Sie uns<\/span>\n  <\/a>\n\n              <\/div>\n           <\/div>\n                            \n<style>\n#text-box-1915295830 .text-box-content {\n  background-color: rgba(255, 255, 255, 0.94);\n  font-size: 100%;\n}\n#text-box-1915295830 .text-inner {\n  padding: 30px 30px 30px 30px;\n}\n#text-box-1915295830 {\n  width: 90%;\n}\n@media (min-width:550px) {\n  #text-box-1915295830 {\n    width: 44%;\n  }\n}\n<\/style>\n    <\/div>\n \n        <\/div>\n      <\/div>\n\n            \n<style>\n#banner-1338627398 {\n  padding-top: 637px;\n}\n#banner-1338627398 .bg.bg-loaded {\n  background-image: url(https:\/\/phonelocker.com\/wp-content\/uploads\/2026\/03\/pexels-splash-of-rain-7321-scaled.jpg);\n}\n#banner-1338627398 .bg {\n  background-position: 62% 60%;\n}\n<\/style>\n  <\/div>\n\n\n\t<section class=\"section\" id=\"section_1204564045\">\n\t\t<div class=\"bg section-bg fill bg-fill  bg-loaded\" >\n\n\t\t\t\n\t\t\t<div class=\"section-bg-overlay absolute fill\"><\/div>\n\t\t\t\n\t<div class=\"is-border\"\n\t\tstyle=\"border-width:1px 0px 1px 0px;\">\n\t<\/div>\n\n\t\t<\/div>\n\n\t\t<div class=\"section-content relative\">\n\t\t\t\n<div class=\"row row-large align-middle\"  id=\"row-1119202606\">\n\n\t<div id=\"col-1979970810\" class=\"col small-12 large-12\"  >\n\t\t<div class=\"col-inner\"  >\n\t\t\t\n\t\t\t\n<h1 style=\"text-align: center;\"><span style=\"font-size: 140%;\">Unsere Auswirkungen managen<\/span><\/h1>\n<p style=\"text-align: center;\" data-start=\"196\" data-end=\"503\"><strong><span style=\"font-size: 120%;\">Von ethischen Lieferketten und der Einhaltung von Materialrichtlinien bis hin zur Qualit\u00e4tskontrolle und Umweltverantwortung verfolgen wir einen durchdachten Ansatz, um L\u00f6sungen zu schaffen, die sicher, langlebig und f\u00fcr den langfristigen Einsatz geeignet sind.<\/span><\/strong><\/p>\n<p style=\"text-align: center;\" data-start=\"196\" data-end=\"503\">Wir verfolgen aktiv unsere CO2-Bilanz und unsere Beutel sind f\u00fcr den langfristigen, wiederholten Gebrauch konzipiert, wodurch Abfall reduziert und ein h\u00e4ufiger Austausch vermieden wird.<\/p>\n<p style=\"text-align: center;\" data-start=\"196\" data-end=\"503\">Alle Produkte werden gem\u00e4\u00df REACH auf Chemikalien und Toxikologie gepr\u00fcft und in BSCI-zertifizierten Fabriken hergestellt. Dies gew\u00e4hrleistet hohe Standards in Bezug auf Qualit\u00e4tskontrolle, Arbeitssicherheit und Compliance. Durch strenge \u00f6kologische und produktionstechnische Kontrollen minimieren wir Risiken, verbessern die Produktkonsistenz und liefern Produkte, denen Unternehmen vertrauen k\u00f6nnen.<\/p>\n\t\t<\/div>\n\t\t\t<\/div>\n\n\t\n<\/div>\n<div class=\"container section-title-container\" ><h1 class=\"section-title section-title-center\"><b><\/b><span class=\"section-title-main\" >Akkreditierung<\/span><b><\/b><\/h1><\/div>\n<div class=\"row\"  id=\"row-551038186\">\n\n\t<div id=\"col-2005038230\" class=\"col medium-6 small-12 large-6\"  >\n\t\t<div class=\"col-inner text-center\"  >\n\t\t\t\n\t\t\t\n\t<div class=\"img has-hover x md-x lg-x y md-y lg-y\" id=\"image_1308201514\">\n\t\t\t\t\t\t\t\t<div class=\"img-inner dark\" >\n\t\t\t<img decoding=\"async\" width=\"1020\" height=\"990\" src=\"https:\/\/phonelocker.com\/wp-content\/uploads\/2026\/02\/BSCI_logo-1024x994.webp\" class=\"attachment-large size-large\" alt=\"\" srcset=\"https:\/\/phonelocker.com\/wp-content\/uploads\/2026\/02\/BSCI_logo-1024x994.webp 1024w, https:\/\/phonelocker.com\/wp-content\/uploads\/2026\/02\/BSCI_logo-300x291.webp 300w, https:\/\/phonelocker.com\/wp-content\/uploads\/2026\/02\/BSCI_logo-768x745.webp 768w, https:\/\/phonelocker.com\/wp-content\/uploads\/2026\/02\/BSCI_logo-12x12.webp 12w, https:\/\/phonelocker.com\/wp-content\/uploads\/2026\/02\/BSCI_logo.webp 1420w\" sizes=\"(max-width: 1020px) 100vw, 1020px\" \/>\t\t\t\t\t\t\n\t\t\t\t\t<\/div>\n\t\t\t\t\t\t\t\t\n<style>\n#image_1308201514 {\n  width: 30%;\n}\n<\/style>\n\t<\/div>\n\t\n\t\t<\/div>\n\t\t\t<\/div>\n\n\t\n\n\t<div id=\"col-1198443204\" class=\"col medium-6 small-12 large-6\"  >\n\t\t<div class=\"col-inner text-center\"  >\n\t\t\t\n\t\t\t\n\t<div class=\"img has-hover x md-x lg-x y md-y lg-y\" id=\"image_1336758784\">\n\t\t\t\t\t\t\t\t<div class=\"img-inner dark\" >\n\t\t\t<img decoding=\"async\" width=\"300\" height=\"261\" src=\"https:\/\/phonelocker.com\/wp-content\/uploads\/2026\/02\/Logo-REACH-300x261-1.png\" class=\"attachment-large size-large\" alt=\"\" srcset=\"https:\/\/phonelocker.com\/wp-content\/uploads\/2026\/02\/Logo-REACH-300x261-1.png 300w, https:\/\/phonelocker.com\/wp-content\/uploads\/2026\/02\/Logo-REACH-300x261-1-14x12.png 14w\" sizes=\"(max-width: 300px) 100vw, 300px\" \/>\t\t\t\t\t\t\n\t\t\t\t\t<\/div>\n\t\t\t\t\t\t\t\t\n<style>\n#image_1336758784 {\n  width: 30%;\n}\n<\/style>\n\t<\/div>\n\t\n\t\t<\/div>\n\t\t\t<\/div>\n\n\t\n<\/div>\n\t\t<\/div>\n\n\t\t\n<style>\n#section_1204564045 {\n  padding-top: 20px;\n  padding-bottom: 20px;\n  background-color: rgb(255, 255, 255);\n}\n#section_1204564045 .section-bg-overlay {\n  background-color: rgba(255, 255, 255, 0.85);\n}\n<\/style>\n\t<\/section>\n\t\n\t<section class=\"section\" id=\"section_925988460\">\n\t\t<div class=\"bg section-bg fill bg-fill  bg-loaded\" >\n\n\t\t\t\n\t\t\t<div class=\"section-bg-overlay absolute fill\"><\/div>\n\t\t\t\n\n\t\t<\/div>\n\n\t\t<div class=\"section-content relative\">\n\t\t\t\n<div class=\"container section-title-container\" ><h1 class=\"section-title section-title-center\"><b><\/b><span class=\"section-title-main\" >Konformit\u00e4t und ethische Fertigung<\/span><b><\/b><\/h1><\/div>\n<div class=\"row row-large align-middle\"  id=\"row-149082818\">\n\n\t<div id=\"col-937357088\" class=\"col medium-6 small-12 large-6\"  >\n\t\t<div class=\"col-inner text-left\"  >\n\t\t\t\n\t\t\t\n<p data-start=\"636\" data-end=\"928\"><strong data-start=\"636\" data-end=\"663\">REACH &amp; Materialsicherheit<\/strong><br data-start=\"663\" data-end=\"666\" \/>Alle Telefon-Sperren<sup>\u00ae<\/sup> Die Produkte entsprechen den\u00a0<strong data-start=\"712\" data-end=\"733\">REACH-Verordnung<\/strong>, Dadurch wird sichergestellt, dass die Materialien auf chemische Sicherheit gepr\u00fcft und zugelassen werden. Dies gibt unseren Kunden die Gewissheit, dass unsere Produkte anerkannte europ\u00e4ische Standards f\u00fcr Gesundheits- und Umweltschutz erf\u00fcllen.<\/p>\n<p data-start=\"930\" data-end=\"1128\"><strong data-start=\"930\" data-end=\"956\">BSCI-gepr\u00fcfte Fabriken<\/strong><br data-start=\"956\" data-end=\"959\" \/>Wir arbeiten mit\u00a0<strong data-start=\"972\" data-end=\"1011\">BSCI-konforme Fertigungspartner<\/strong>, Wir unterst\u00fctzen ethische Arbeitspraktiken, sichere Arbeitsbedingungen und verantwortungsvolle Beschaffung in unserer gesamten Lieferkette.<\/p>\n\t\t<\/div>\n\t\t\t<\/div>\n\n\t\n\n\t<div id=\"col-1234769729\" class=\"col medium-6 small-12 large-6\"  >\n\t\t<div class=\"col-inner\"  >\n\t\t\t\n\t\t\t\n\t<div class=\"img has-hover x md-x lg-x y md-y lg-y\" id=\"image_805580520\">\n\t\t\t\t\t\t\t\t<div class=\"img-inner image-cover dark\" style=\"padding-top:75%;\">\n\t\t\t<img decoding=\"async\" width=\"960\" height=\"501\" src=\"https:\/\/phonelocker.com\/wp-content\/uploads\/2026\/03\/Business_performance_monitoring_1200x627-1.webp\" class=\"attachment-large size-large\" alt=\"\" srcset=\"https:\/\/phonelocker.com\/wp-content\/uploads\/2026\/03\/Business_performance_monitoring_1200x627-1.webp 960w, https:\/\/phonelocker.com\/wp-content\/uploads\/2026\/03\/Business_performance_monitoring_1200x627-1-300x157.webp 300w, https:\/\/phonelocker.com\/wp-content\/uploads\/2026\/03\/Business_performance_monitoring_1200x627-1-768x401.webp 768w, https:\/\/phonelocker.com\/wp-content\/uploads\/2026\/03\/Business_performance_monitoring_1200x627-1-18x9.webp 18w\" sizes=\"(max-width: 960px) 100vw, 960px\" \/>\t\t\t\t\t\t\n\t\t\t\t\t<\/div>\n\t\t\t\t\t\t\t\t\n<style>\n#image_805580520 {\n  width: 100%;\n}\n<\/style>\n\t<\/div>\n\t\n\t<div class=\"img has-hover x md-x lg-x y md-y lg-y\" id=\"image_1042235082\">\n\t\t\t\t\t\t\t\t<div class=\"img-inner box-shadow-2 dark\" >\n\t\t\t\t\t\t\t\t\t\n\t\t\t\t\t<\/div>\n\t\t\t\t\t\t\t\t\n<style>\n#image_1042235082 {\n  width: 100%;\n}\n<\/style>\n\t<\/div>\n\t\n\t\t<\/div>\n\t\t\t<\/div>\n\n\t\n<\/div>\n\t\t<\/div>\n\n\t\t\n<style>\n#section_925988460 {\n  padding-top: 20px;\n  padding-bottom: 20px;\n}\n#section_925988460 .section-bg-overlay {\n  background-color: rgba(255, 255, 255, 0.85);\n}\n<\/style>\n\t<\/section>\n\t\n<div class=\"container section-title-container\" ><h1 class=\"section-title section-title-center\"><b><\/b><span class=\"section-title-main\" >Qualit\u00e4tskontrolle, der Sie vertrauen k\u00f6nnen<\/span><b><\/b><\/h1><\/div>\n\t<section class=\"section\" id=\"section_717789146\">\n\t\t<div class=\"bg section-bg fill bg-fill  bg-loaded\" >\n\n\t\t\t\n\t\t\t<div class=\"section-bg-overlay absolute fill\"><\/div>\n\t\t\t\n\n\t\t<\/div>\n\n\t\t<div class=\"section-content relative\">\n\t\t\t\n<div class=\"row row-large align-middle\"  id=\"row-624893520\">\n\n\t<div id=\"col-1062326971\" class=\"col medium-6 small-12 large-6\"  >\n\t\t<div class=\"col-inner text-left\"  >\n\t\t\t\n\t\t\t\n<p data-start=\"1169\" data-end=\"1391\"><strong data-start=\"1169\" data-end=\"1200\">F\u00fcr den Einsatz in der Praxis entwickelt<\/strong><br data-start=\"1200\" data-end=\"1203\" \/>Unsere Beutel wurden \u00fcber Jahre hinweg im t\u00e4glichen Einsatz in Schulen, Betrieben und im Alltag entwickelt und optimiert. Langlebigkeit, Sicherheit und Zuverl\u00e4ssigkeit stehen bei jeder Designentscheidung im Mittelpunkt.<\/p>\n<p data-start=\"1393\" data-end=\"1588\"><strong data-start=\"1393\" data-end=\"1426\">Qualit\u00e4tskontrollen in jeder Phase<\/strong><br data-start=\"1426\" data-end=\"1429\" \/>Jeder Produktionslauf durchl\u00e4uft festgelegte Qualit\u00e4tskontrollprozesse mit Sichtpr\u00fcfungen und Funktionspr\u00fcfungen, um Konsistenz, Leistung und Langlebigkeit zu gew\u00e4hrleisten.<\/p>\n\t\t<\/div>\n\t\t\t<\/div>\n\n\t\n\n\t<div id=\"col-1227866663\" class=\"col medium-6 small-12 large-6\"  >\n\t\t<div class=\"col-inner\"  >\n\t\t\t\n\t\t\t\n\t<div class=\"img has-hover x md-x lg-x y md-y lg-y\" id=\"image_364096726\">\n\t\t\t\t\t\t\t\t<div class=\"img-inner image-cover dark\" style=\"padding-top:75%;\">\n\t\t\t<img decoding=\"async\" width=\"1020\" height=\"765\" src=\"https:\/\/phonelocker.com\/wp-content\/uploads\/2026\/01\/P1301663-1024x768.jpg\" class=\"attachment-large size-large\" alt=\"\" srcset=\"https:\/\/phonelocker.com\/wp-content\/uploads\/2026\/01\/P1301663-1024x768.jpg 1024w, https:\/\/phonelocker.com\/wp-content\/uploads\/2026\/01\/P1301663-300x225.jpg 300w, https:\/\/phonelocker.com\/wp-content\/uploads\/2026\/01\/P1301663-768x576.jpg 768w, https:\/\/phonelocker.com\/wp-content\/uploads\/2026\/01\/P1301663-1536x1152.jpg 1536w, https:\/\/phonelocker.com\/wp-content\/uploads\/2026\/01\/P1301663-2048x1536.jpg 2048w, https:\/\/phonelocker.com\/wp-content\/uploads\/2026\/01\/P1301663-16x12.jpg 16w\" sizes=\"(max-width: 1020px) 100vw, 1020px\" \/>\t\t\t\t\t\t\n\t\t\t\t\t<\/div>\n\t\t\t\t\t\t\t\t\n<style>\n#image_364096726 {\n  width: 100%;\n}\n<\/style>\n\t<\/div>\n\t\n\t<div class=\"img has-hover x md-x lg-x y md-y lg-y\" id=\"image_1871759232\">\n\t\t\t\t\t\t\t\t<div class=\"img-inner box-shadow-2 dark\" >\n\t\t\t\t\t\t\t\t\t\n\t\t\t\t\t<\/div>\n\t\t\t\t\t\t\t\t\n<style>\n#image_1871759232 {\n  width: 100%;\n}\n<\/style>\n\t<\/div>\n\t\n\t\t<\/div>\n\t\t\t<\/div>\n\n\t\n<\/div>\n<div class=\"container section-title-container\" ><h1 class=\"section-title section-title-center\"><b><\/b><span class=\"section-title-main\" >Sorge um die Sch\u00f6pfung<\/span><b><\/b><\/h1><\/div>\n<div class=\"row row-large align-middle\"  id=\"row-1334745617\">\n\n\t<div id=\"col-2109449236\" class=\"col medium-6 small-12 large-6\"  >\n\t\t<div class=\"col-inner text-left\"  >\n\t\t\t\n\t\t\t\n<p data-start=\"1718\" data-end=\"1977\"><strong data-start=\"1718\" data-end=\"1749\">Gebaut f\u00fcr die Ewigkeit, nicht f\u00fcr Verschwendung.<\/strong><br data-start=\"1749\" data-end=\"1752\" \/>Telefonschlie\u00dffach<sup>\u00ae<\/sup> Die Produkte sind auf Langlebigkeit und wiederholten Gebrauch ausgelegt, wodurch der Bedarf an h\u00e4ufigem Austausch reduziert wird. Wo immer m\u00f6glich, verwenden wir sorgf\u00e4ltig ausgew\u00e4hlte Materialien, um die Umweltbelastung zu minimieren.<\/p>\n<p data-start=\"1979\" data-end=\"2136\"><strong data-start=\"1979\" data-end=\"2012\">Verantwortungsvolle Produktentscheidungen<\/strong><br data-start=\"2012\" data-end=\"2015\" \/>Wir legen Wert auf Langlebigkeit, Reparierbarkeit und kontrollierte Produktionsmengen, um unn\u00f6tigen Abfall und \u00dcberproduktion zu vermeiden.<\/p>\n\t\t<\/div>\n\t\t\t<\/div>\n\n\t\n\n\t<div id=\"col-1562086521\" class=\"col medium-6 small-12 large-6\"  >\n\t\t<div class=\"col-inner\"  >\n\t\t\t\n\t\t\t\n\t<div class=\"img has-hover x md-x lg-x y md-y lg-y\" id=\"image_1790260872\">\n\t\t\t\t\t\t\t\t<div class=\"img-inner dark\" >\n\t\t\t<img decoding=\"async\" width=\"1020\" height=\"679\" src=\"https:\/\/phonelocker.com\/wp-content\/uploads\/2026\/03\/machine-1024x682.jpg\" class=\"attachment-large size-large\" alt=\"\" srcset=\"https:\/\/phonelocker.com\/wp-content\/uploads\/2026\/03\/machine-1024x682.jpg 1024w, https:\/\/phonelocker.com\/wp-content\/uploads\/2026\/03\/machine-300x200.jpg 300w, https:\/\/phonelocker.com\/wp-content\/uploads\/2026\/03\/machine-768x512.jpg 768w, https:\/\/phonelocker.com\/wp-content\/uploads\/2026\/03\/machine-1536x1024.jpg 1536w, https:\/\/phonelocker.com\/wp-content\/uploads\/2026\/03\/machine-2048x1365.jpg 2048w, https:\/\/phonelocker.com\/wp-content\/uploads\/2026\/03\/machine-18x12.jpg 18w\" sizes=\"(max-width: 1020px) 100vw, 1020px\" \/>\t\t\t\t\t\t\n\t\t\t\t\t<\/div>\n\t\t\t\t\t\t\t\t\n<style>\n#image_1790260872 {\n  width: 100%;\n}\n<\/style>\n\t<\/div>\n\t\n\t<div class=\"img has-hover x md-x lg-x y md-y lg-y\" id=\"image_1804229172\">\n\t\t\t\t\t\t\t\t<div class=\"img-inner box-shadow-2 dark\" >\n\t\t\t\t\t\t\t\t\t\n\t\t\t\t\t<\/div>\n\t\t\t\t\t\t\t\t\n<style>\n#image_1804229172 {\n  width: 100%;\n}\n<\/style>\n\t<\/div>\n\t\n\t\t<\/div>\n\t\t\t<\/div>\n\n\t\n<\/div>\n<div class=\"container section-title-container\" ><h1 class=\"section-title section-title-center\"><b><\/b><span class=\"section-title-main\" >CO2-Nachverfolgung und Umweltverantwortung<\/span><b><\/b><\/h1><\/div>\n<div class=\"row row-large align-middle\"  id=\"row-1050609303\">\n\n\t<div id=\"col-528290953\" class=\"col medium-6 small-12 large-6\"  >\n\t\t<div class=\"col-inner text-left\"  >\n\t\t\t\n\t\t\t\n<p data-start=\"2194\" data-end=\"2272\">Wir setzen uns f\u00fcr mehr Transparenz in Bezug auf unseren \u00f6kologischen Fu\u00dfabdruck ein.<\/p>\n<p data-start=\"2274\" data-end=\"2494\"><strong data-start=\"2274\" data-end=\"2305\">Kohlenstoffverfolgung l\u00e4uft<\/strong><br data-start=\"2305\" data-end=\"2308\" \/>Telefonschlie\u00dffach<sup>\u00ae<\/sup> arbeitet aktiv daran, die CO\u2082-Bilanz in Produktion und Logistik zu erfassen. Dies umfasst das Verst\u00e4ndnis der Materialbeschaffung, der Herstellungsprozesse und der Transportemissionen.<\/p>\n<p data-start=\"2496\" data-end=\"2715\">Im Rahmen dieses Prozesses arbeiten wir eng mit unserem F\u00fchrungsteam zusammen, um die Daten zu verfeinern und M\u00f6glichkeiten zur Reduzierung der Auswirkungen im Laufe der Zeit zu identifizieren.<\/p>\n\t\t<\/div>\n\t\t\t<\/div>\n\n\t\n\n\t<div id=\"col-2056921003\" class=\"col medium-6 small-12 large-6\"  >\n\t\t<div class=\"col-inner\"  >\n\t\t\t\n\t\t\t\n\t<div class=\"img has-hover x md-x lg-x y md-y lg-y\" id=\"image_1710556166\">\n\t\t\t\t\t\t\t\t<div class=\"img-inner dark\" >\n\t\t\t<img decoding=\"async\" width=\"1020\" height=\"680\" src=\"https:\/\/phonelocker.com\/wp-content\/uploads\/2026\/03\/windturines-1024x683.jpg\" class=\"attachment-large size-large\" alt=\"\" srcset=\"https:\/\/phonelocker.com\/wp-content\/uploads\/2026\/03\/windturines-1024x683.jpg 1024w, https:\/\/phonelocker.com\/wp-content\/uploads\/2026\/03\/windturines-300x200.jpg 300w, https:\/\/phonelocker.com\/wp-content\/uploads\/2026\/03\/windturines-768x512.jpg 768w, https:\/\/phonelocker.com\/wp-content\/uploads\/2026\/03\/windturines-1536x1024.jpg 1536w, https:\/\/phonelocker.com\/wp-content\/uploads\/2026\/03\/windturines-2048x1366.jpg 2048w, https:\/\/phonelocker.com\/wp-content\/uploads\/2026\/03\/windturines-18x12.jpg 18w\" sizes=\"(max-width: 1020px) 100vw, 1020px\" \/>\t\t\t\t\t\t\n\t\t\t\t\t<\/div>\n\t\t\t\t\t\t\t\t\n<style>\n#image_1710556166 {\n  width: 100%;\n}\n<\/style>\n\t<\/div>\n\t\n\t<div class=\"img has-hover x md-x lg-x y md-y lg-y\" id=\"image_2001145721\">\n\t\t\t\t\t\t\t\t<div class=\"img-inner box-shadow-2 dark\" >\n\t\t\t\t\t\t\t\t\t\n\t\t\t\t\t<\/div>\n\t\t\t\t\t\t\t\t\n<style>\n#image_2001145721 {\n  width: 100%;\n}\n<\/style>\n\t<\/div>\n\t\n\t\t<\/div>\n\t\t\t<\/div>\n\n\t\n<\/div>\n\t\t<\/div>\n\n\t\t\n<style>\n#section_717789146 {\n  padding-top: 20px;\n  padding-bottom: 20px;\n}\n#section_717789146 .section-bg-overlay {\n  background-color: rgba(255, 255, 255, 0.85);\n}\n<\/style>\n\t<\/section>\n\t\n<div class=\"message-box relative dark\" style=\"padding-top:40px;padding-bottom:40px;\"><div class=\"message-box-bg-image bg-fill fill\" ><\/div><div class=\"message-box-bg-overlay bg-fill fill\" style=\"background-color:rgb(1, 181, 122);\"><\/div><div class=\"container relative\"><div class=\"inner last-reset\">\n<div class=\"row align-middle align-center\"  id=\"row-815755670\">\n\n\t<div id=\"col-1491166254\" class=\"col medium-9 small-12 large-9\"  >\n\t\t<div class=\"col-inner\"  >\n\t\t\t\n\t\t\t\n<h2 class=\"text--center\">Nehmen Sie Kontakt mit uns auf.<\/h2>\n<p>Tipps, wie Sie mit Phone Locker Ihr Handy entbehren k\u00f6nnen<sup>\u00ae<\/sup>, Nehmen Sie noch heute Kontakt mit uns auf.<\/p>\n\t\t<\/div>\n\t\t\t<\/div>\n\n\t\n\n\t<div id=\"col-1006156074\" class=\"col medium-2 small-12 large-2\"  >\n\t\t<div class=\"col-inner text-center\"  >\n\t\t\t\n\t\t\t\n<a href=\"https:\/\/phonelocker.com\/de\/contact\/\" target=\"_self\" class=\"button white is-outline\"  style=\"border-radius:99px;\">\n    <span>Sprechen Sie mit unserem Team<\/span>\n  <\/a>\n\n\t\t<\/div>\n\t\t\t<\/div>\n\n\t\n<\/div>\n<\/div><\/div><\/div>","protected":false},"excerpt":{"rendered":"","protected":false},"author":1,"featured_media":0,"parent":0,"menu_order":0,"comment_status":"closed","ping_status":"closed","template":"page-blank.php","meta":{"footnotes":""},"class_list":["post-3004","page","type-page","status-publish","hentry"],"yoast_head":"<!-- This site is optimized with the Yoast SEO plugin v27.1.1 - https:\/\/yoast.com\/product\/yoast-seo-wordpress\/ -->\n<title>ESG and Compliance - Phone Locker<\/title>\n<meta name=\"robots\" content=\"index, follow, max-snippet:-1, max-image-preview:large, max-video-preview:-1\" \/>\n<link rel=\"canonical\" href=\"https:\/\/phonelocker.com\/de\/esg-and-compliance\/\" \/>\n<meta property=\"og:locale\" content=\"de_DE\" \/>\n<meta property=\"og:type\" content=\"article\" \/>\n<meta property=\"og:title\" content=\"ESG and Compliance - Phone Locker\" \/>\n<meta property=\"og:url\" content=\"https:\/\/phonelocker.com\/de\/esg-and-compliance\/\" \/>\n<meta property=\"og:site_name\" content=\"Phone Locker\" \/>\n<meta property=\"article:modified_time\" content=\"2026-03-19T11:06:21+00:00\" \/>\n<meta name=\"twitter:card\" content=\"summary_large_image\" \/>\n<meta name=\"twitter:label1\" content=\"Gesch\u00e4tzte Lesezeit\" \/>\n\t<meta name=\"twitter:data1\" content=\"3\u00a0Minuten\" \/>\n<!-- \/ Yoast SEO plugin. -->","yoast_head_json":{"title":"ESG and Compliance - Phone Locker","robots":{"index":"index","follow":"follow","max-snippet":"max-snippet:-1","max-image-preview":"max-image-preview:large","max-video-preview":"max-video-preview:-1"},"canonical":"https:\/\/phonelocker.com\/de\/esg-and-compliance\/","og_locale":"de_DE","og_type":"article","og_title":"ESG and Compliance - Phone Locker","og_url":"https:\/\/phonelocker.com\/de\/esg-and-compliance\/","og_site_name":"Phone Locker","article_modified_time":"2026-03-19T11:06:21+00:00","twitter_card":"summary_large_image","twitter_misc":{"Gesch\u00e4tzte Lesezeit":"3\u00a0Minuten"},"schema":{"@context":"https:\/\/schema.org","@graph":[{"@type":"WebPage","@id":"https:\/\/phonelocker.com\/esg-and-compliance\/","url":"https:\/\/phonelocker.com\/esg-and-compliance\/","name":"ESG and Compliance - Phone Locker","isPartOf":{"@id":"https:\/\/phonelocker.com\/#website"},"datePublished":"2026-03-17T14:46:27+00:00","dateModified":"2026-03-19T11:06:21+00:00","breadcrumb":{"@id":"https:\/\/phonelocker.com\/esg-and-compliance\/#breadcrumb"},"inLanguage":"de","potentialAction":[{"@type":"ReadAction","target":["https:\/\/phonelocker.com\/esg-and-compliance\/"]}]},{"@type":"BreadcrumbList","@id":"https:\/\/phonelocker.com\/esg-and-compliance\/#breadcrumb","itemListElement":[{"@type":"ListItem","position":1,"name":"Home","item":"https:\/\/phonelocker.com\/"},{"@type":"ListItem","position":2,"name":"ESG and Compliance"}]},{"@type":"WebSite","@id":"https:\/\/phonelocker.com\/#website","url":"https:\/\/phonelocker.com\/","name":"Telefonschlie\u00dffach","description":"Verschlie\u00dfbare Telefontasche","potentialAction":[{"@type":"SearchAction","target":{"@type":"EntryPoint","urlTemplate":"https:\/\/phonelocker.com\/?s={search_term_string}"},"query-input":{"@type":"PropertyValueSpecification","valueRequired":true,"valueName":"search_term_string"}}],"inLanguage":"de"}]}},"_links":{"self":[{"href":"https:\/\/phonelocker.com\/de\/wp-json\/wp\/v2\/pages\/3004","targetHints":{"allow":["GET"]}}],"collection":[{"href":"https:\/\/phonelocker.com\/de\/wp-json\/wp\/v2\/pages"}],"about":[{"href":"https:\/\/phonelocker.com\/de\/wp-json\/wp\/v2\/types\/page"}],"author":[{"embeddable":true,"href":"https:\/\/phonelocker.com\/de\/wp-json\/wp\/v2\/users\/1"}],"replies":[{"embeddable":true,"href":"https:\/\/phonelocker.com\/de\/wp-json\/wp\/v2\/comments?post=3004"}],"version-history":[{"count":7,"href":"https:\/\/phonelocker.com\/de\/wp-json\/wp\/v2\/pages\/3004\/revisions"}],"predecessor-version":[{"id":3328,"href":"https:\/\/phonelocker.com\/de\/wp-json\/wp\/v2\/pages\/3004\/revisions\/3328"}],"wp:attachment":[{"href":"https:\/\/phonelocker.com\/de\/wp-json\/wp\/v2\/media?parent=3004"}],"curies":[{"name":"wp","href":"https:\/\/api.w.org\/{rel}","templated":true}]}}