{"id":523,"date":"2024-01-15T00:57:58","date_gmt":"2024-01-15T00:57:58","guid":{"rendered":"https:\/\/phonelocker.com\/?page_id=523"},"modified":"2026-02-24T15:37:40","modified_gmt":"2026-02-24T15:37:40","slug":"faqs","status":"publish","type":"page","link":"https:\/\/phonelocker.com\/de\/faqs\/","title":{"rendered":"FAQs"},"content":{"rendered":"<section class=\"section\" id=\"section_1375673628\">\n\t\t<div class=\"bg section-bg fill bg-fill  bg-loaded\" >\n\n\t\t\t\n\t\t\t\n\t\t\t\n\n\t\t<\/div>\n\n\t\t<div class=\"section-content relative\">\n\t\t\t\n<div class=\"row\"  id=\"row-995768407\">\n\n\t<div id=\"col-1214318184\" class=\"col small-12 large-12\"  >\n\t\t<div class=\"col-inner text-center\"  >\n\t\t\t\n\t\t\t\n<h2>FAQs<\/h2>\n\t\t<\/div>\n\t\t\t<\/div>\n\n\t\n<\/div>\n<div class=\"row align-center row-box-shadow-1\"  id=\"row-238613960\">\n\n\t<div id=\"col-538462749\" class=\"col medium-10 small-12 large-9\"  >\n\t\t<div class=\"col-inner\" style=\"background-color:rgb(255,255,255);\" >\n\t\t\t\n\t\t\t\n<div class=\"accordion\" rel=\"\">\n<div class=\"accordion-item\"><a href=\"#\" class=\"accordion-title plain\"><button class=\"toggle\"><i class=\"icon-angle-down\"><\/i><\/button><span>Erste Schritte<\/span><\/a><div class=\"accordion-inner\">\n\t<div id=\"text-4229978150\" class=\"text\">\n\t\t\n<p><strong>Was ist Phone Locker\u00ae?<\/strong><br \/>Phone Locker\u00ae bietet sichere, abschlie\u00dfbare Handytaschen, die dazu beitragen, handyfreie Umgebungen in Schulen, am Arbeitsplatz, bei Veranstaltungen und im Gastgewerbe zu schaffen.<\/p>\n<p><strong>Wie funktioniert Phone Locker\u00ae?<\/strong><br \/>Die Nutzer legen ihr Telefon in eine sichere Tasche, die mit einem einfachen Ein-Klick-System verriegelt wird. Die Telefone bleiben beim Nutzer, k\u00f6nnen aber erst nach Entriegelung durch autorisiertes Personal zug\u00e4nglich gemacht werden.<\/p>\n<p>Mit wenigen Handgriffen l\u00e4sst sich die verschlie\u00dfbare Handytasche bedienen.<\/p>\n<p>a. Stecken Sie Ihr Telefon in die Tasche.<\/p>\n<p>b. Schlie\u00dfen Sie das Telefon an, indem Sie den Verriegelungsmechanismus zudr\u00fccken.<\/p>\n<p>c. Entsperren Sie das Telefon mit einem zentralen Entsperrmagneten.<\/p>\n<p><strong>Ist Phone Locker\u00ae einfach zu implementieren?<\/strong><br \/>Ja. Phone Locker\u00ae ist so konzipiert, dass es schnell und einfach eingef\u00fchrt werden kann. Wir bieten au\u00dferdem kostenlose Unterst\u00fctzung bei der Implementierung, einschlie\u00dflich Planungsberatung, Mitarbeiterschulungen und Kommunikationsvorlagen.<\/p>\n<p><strong>Bieten Sie Testl\u00e4ufe oder Pilotprojekte an?<\/strong><br \/>Ja, wir k\u00f6nnen Pilotprogramme oder kleine Erstbestellungen unterst\u00fctzen, um Organisationen dabei zu helfen, die L\u00f6sung vor einer breiteren Einf\u00fchrung zu testen.<\/p>\n<p><a href=\"http:\/\/phonelocker.com\/de\/contact\/\">Nehmen Sie Kontakt mit unserem Team auf, um mehr zu erfahren.<\/a><\/p>\n\t\t\n<style>\n#text-4229978150 {\n  line-height: 1;\n}\n<\/style>\n\t<\/div>\n\t\n<\/div><\/div>\n<div class=\"accordion-item\"><a href=\"#\" class=\"accordion-title plain\"><button class=\"toggle\"><i class=\"icon-angle-down\"><\/i><\/button><span>Produkt &amp; Funktionen<\/span><\/a><div class=\"accordion-inner\">\n\t<div id=\"text-1927559573\" class=\"text\">\n\t\t\n<p data-start=\"1054\" data-end=\"1226\"><strong data-start=\"1054\" data-end=\"1093\">Welche Arten von Beuteln bieten Sie an?<\/strong><br data-start=\"1093\" data-end=\"1096\" \/>Wir bieten robuste, vielseitig verwendbare, abschlie\u00dfbare Taschen an, die je nach Bedarf mit Standard- und signalblockierenden Optionen erh\u00e4ltlich sind.<\/p>\n<p data-start=\"1054\" data-end=\"1226\"><a href=\"https:\/\/phonelocker.com\/de\/the-product\/\">Sehen Sie sich unsere Produkte an<\/a><\/p>\n<p data-start=\"1228\" data-end=\"1444\"><strong data-start=\"1228\" data-end=\"1263\">Sind Magnetf\u00fc\u00dfe im Lieferumfang enthalten?<\/strong><\/p>\n<p data-start=\"1228\" data-end=\"1444\">Ja, beim Kauf von 100 Handytaschen ist 1 magnetischer Sockel im Lieferumfang enthalten.<\/p>\n<p data-start=\"1228\" data-end=\"1444\"><strong data-start=\"1228\" data-end=\"1263\">Was bedeutet Signalblockierung?<\/strong><br data-start=\"1263\" data-end=\"1266\" \/>Signalblockierende H\u00fcllen verhindern, dass Telefone im verschlossenen Zustand Signale senden oder empfangen und bieten so zus\u00e4tzliche Sicherheit bei Pr\u00fcfungen, vertraulichen Besprechungen und in sensiblen Umgebungen.<\/p>\n<p data-start=\"1446\" data-end=\"1600\"><strong data-start=\"1446\" data-end=\"1487\">Sind die Beutel angenehm zu tragen?<\/strong><br data-start=\"1487\" data-end=\"1490\" \/>Ja. Die Beutel sind leicht, diskret und so konzipiert, dass sie den ganzen Tag \u00fcber bequem getragen oder mitgef\u00fchrt werden k\u00f6nnen.<\/p>\n<p data-start=\"1602\" data-end=\"1796\"><strong data-start=\"1602\" data-end=\"1634\">Wie haltbar sind die Beutel?<\/strong><br data-start=\"1634\" data-end=\"1637\" \/>Phone Locker\u00ae-Taschen sind f\u00fcr den wiederholten t\u00e4glichen Gebrauch konzipiert und bestehen aus langlebigen Materialien mit verst\u00e4rkter Konstruktion, wodurch sie sich auch f\u00fcr Umgebungen mit hohem Nutzungsaufkommen eignen.<\/p>\n<p data-start=\"1602\" data-end=\"1796\"><strong>Welche Garantie gibt es?<\/strong><\/p>\n<p data-start=\"1602\" data-end=\"1796\">F\u00fcr die Tasche gilt eine Garantie von 1 Jahr.<\/p>\n<p data-start=\"1602\" data-end=\"1796\">Siehe unsere Garantiebestimmungen<\/p>\n\t\t\n<style>\n#text-1927559573 {\n  line-height: 1;\n}\n<\/style>\n\t<\/div>\n\t\n<\/div><\/div>\n<div class=\"accordion-item\"><a href=\"#\" class=\"accordion-title plain\"><button class=\"toggle\"><i class=\"icon-angle-down\"><\/i><\/button><span>Bestellungen, Lieferung &amp; Support<\/span><\/a><div class=\"accordion-inner\">\n\t<div id=\"text-3562794242\" class=\"text\">\n\t\t\n<p data-start=\"3029\" data-end=\"3184\"><strong data-start=\"3029\" data-end=\"3056\">Liefern Sie direkt?<\/strong><br data-start=\"3056\" data-end=\"3059\" \/>Ja. Phone Locker\u00ae ist sowohl Hersteller als auch Lieferant, wodurch wir Qualit\u00e4t, Preise und Lieferzeiten kontrollieren k\u00f6nnen.<\/p>\n<p data-start=\"3186\" data-end=\"3348\"><strong data-start=\"3186\" data-end=\"3211\">Wohin liefern Sie?<\/strong><br data-start=\"3211\" data-end=\"3214\" \/>Wir sind in \u00fcber 30 L\u00e4ndern t\u00e4tig und arbeiten sowohl direkt mit unseren Kunden als auch \u00fcber vertrauensw\u00fcrdige Vertriebspartner, wo lokale Unterst\u00fctzung erforderlich ist.<\/p>\n<p data-start=\"3186\" data-end=\"3348\"><a href=\"https:\/\/phonelocker.com\/de\/location\/\">Sehen Sie sich unsere Standorte an<\/a><\/p>\n<p data-start=\"3350\" data-end=\"3492\"><strong data-start=\"3350\" data-end=\"3395\">Welche Unterst\u00fctzung bieten Sie nach dem Kauf an?<\/strong><br data-start=\"3395\" data-end=\"3398\" \/>Wir bieten fortlaufende Unterst\u00fctzung und l\u00f6sen lokale Probleme innerhalb einer Woche kostenlos.<\/p>\n<p data-start=\"3350\" data-end=\"3492\"><strong>Wie wird die Tasche umgesetzt?<\/strong><\/p>\n<p>Jede Umgebung ist je nach den Anforderungen der Benutzer anders.<\/p>\n<p>In Schulen kann den Sch\u00fclern beispielsweise befohlen werden, ihre Telefone w\u00e4hrend der Unterrichtszeit im Haus zu lassen. Im Notfall k\u00f6nnen sie ihre Familien \u00fcber das Schulb\u00fcro kontaktieren.<\/p>\n<p>In einer B\u00fcroumgebung kann es beispielsweise sein, dass Telefone beim Betreten eines Besprechungsraums oder einer bestimmten Zone gesperrt und beim Verlassen des Bereichs entfernt werden.<\/p>\n<p>Bei Konzerten oder Konferenzen kann es vorkommen, dass die Teilnehmer das Telefon beim Betreten des Veranstaltungsortes in die Tasche stecken und beim Verlassen wieder herausnehmen.<\/p>\n\t\t\n<style>\n#text-3562794242 {\n  line-height: 1;\n}\n<\/style>\n\t<\/div>\n\t\n<\/div><\/div>\n<div class=\"accordion-item\"><a href=\"#\" class=\"accordion-title plain\"><button class=\"toggle\"><i class=\"icon-angle-down\"><\/i><\/button><span>Einsatz im Bildungsbereich<\/span><\/a><div class=\"accordion-inner\">\n\t<div id=\"text-1254082707\" class=\"text\">\n\t\t\n<p data-start=\"1828\" data-end=\"2044\"><strong data-start=\"1828\" data-end=\"1878\">Sind Phone Locker\u00ae-Taschen f\u00fcr Schulen geeignet?<\/strong><br data-start=\"1878\" data-end=\"1881\" \/>Absolut. Phone Locker\u00ae wird in weiterf\u00fchrenden Schulen, Colleges und Universit\u00e4ten h\u00e4ufig eingesetzt, um Verhalten, Kinderschutz, die Integrit\u00e4t von Pr\u00fcfungen und das digitale Wohlbefinden zu unterst\u00fctzen.<\/p>\n<p data-start=\"1828\" data-end=\"2044\">Sehen Sie sich unsere Fallstudien an<a href=\"https:\/\/phonelocker.com\/de\/education\/\">Ausbildung<\/a><\/p>\n<p data-start=\"2046\" data-end=\"2223\"><strong data-start=\"2046\" data-end=\"2102\">Wie k\u00f6nnen Sch\u00fcler im Notfall auf ihre Handys zugreifen?<\/strong><br data-start=\"2102\" data-end=\"2105\" \/>Autorisierte Mitarbeiter k\u00f6nnen die Taschen bei Bedarf schnell \u00f6ffnen. Klare Verfahrensweisen gew\u00e4hrleisten Sicherheit und ein beruhigendes Gef\u00fchl.<\/p>\n<p data-start=\"2225\" data-end=\"2434\"><strong data-start=\"2225\" data-end=\"2268\">Werden die Sch\u00fcler die Beutel ablehnen?<\/strong><br data-start=\"2268\" data-end=\"2271\" \/>Die Erfahrung zeigt, dass Phone Locker\u00ae nach der Integration in die Schulrichtlinien zur Routine wird. Viele Schulen berichten von verbessertem Verhalten und weniger Konflikten im Zusammenhang mit der Handynutzung.<\/p>\n\t\t\n<style>\n#text-1254082707 {\n  line-height: 1;\n}\n<\/style>\n\t<\/div>\n\t\n<\/div><\/div>\n<div class=\"accordion-item\"><a href=\"#\" class=\"accordion-title plain\"><button class=\"toggle\"><i class=\"icon-angle-down\"><\/i><\/button><span>Veranstaltungen, Firmenveranstaltungen &amp; Gastgewerbe<\/span><\/a><div class=\"accordion-inner\">\n<p data-start=\"2481\" data-end=\"2673\"><strong data-start=\"2481\" data-end=\"2529\">Kann Phone Locker\u00ae auch f\u00fcr einmalige Veranstaltungen genutzt werden?<\/strong><br data-start=\"2529\" data-end=\"2532\" \/>Ja. Wir bieten flexible L\u00f6sungen f\u00fcr einmalige Veranstaltungen an, darunter Hochzeiten, Konferenzen, Festivals, Produkteinf\u00fchrungen und private Feiern.<\/p>\n<p data-start=\"2481\" data-end=\"2673\"><a href=\"https:\/\/phonelocker.com\/de\/entertainment\/\">Erfahren Sie mehr \u00fcber die Anforderungen Ihrer Branche.<\/a><\/p>\n<p data-start=\"2675\" data-end=\"2832\"><strong data-start=\"2675\" data-end=\"2729\">Ist Branding f\u00fcr Veranstaltungen oder Organisationen m\u00f6glich?<\/strong><br data-start=\"2729\" data-end=\"2732\" \/>Ja. Wir bieten individuell gestaltete, vollfarbige Beutel an, die zu Ihrer Marke, Ihrem Veranstaltungsort oder Ihrer Eventidentit\u00e4t passen.<\/p>\n<p data-start=\"2834\" data-end=\"2987\"><strong data-start=\"2834\" data-end=\"2884\">Wie schnell geht das Sperren und Entsperren vonstatten?<\/strong><br data-start=\"2884\" data-end=\"2887\" \/>Das Ein-Klick-System ist auf Geschwindigkeit ausgelegt und sorgt daf\u00fcr, dass Warteschlangen auch bei Gro\u00dfveranstaltungen reibungslos ablaufen.<\/p>\n<\/div><\/div>\n<div class=\"accordion-item\"><a href=\"#\" class=\"accordion-title plain\"><button class=\"toggle\"><i class=\"icon-angle-down\"><\/i><\/button><span>Nachhaltigkeit &amp; Verantwortung<\/span><\/a><div class=\"accordion-inner\">\n<p data-start=\"3539\" data-end=\"3748\"><strong data-start=\"3539\" data-end=\"3597\">Sind die Produkte von Phone Locker\u00ae umweltvertr\u00e4glich?<\/strong><br data-start=\"3597\" data-end=\"3600\" \/>Ja. Unsere Beutel sind f\u00fcr die langfristige Wiederverwendung konzipiert und werden unter strengen Umweltauflagen hergestellt. Wir erfassen unseren CO\u2082-Fu\u00dfabdruck und kompensieren ihn durch \u00f6kologische Ma\u00dfnahmen.<\/p>\n<p data-start=\"3750\" data-end=\"3920\"><strong data-start=\"3750\" data-end=\"3790\">Werden Ihre Produkte auf Sicherheit gepr\u00fcft?<\/strong><br data-start=\"3790\" data-end=\"3793\" \/>Alle Produkte werden einer REACH-Chemikalienpr\u00fcfung unterzogen und in BSCI-zertifizierten Fabriken hergestellt, um Sicherheit und Konformit\u00e4t zu gew\u00e4hrleisten.<\/p>\n<p data-start=\"3750\" data-end=\"3920\">Erfahren Sie mehr \u00fcber uns<\/p>\n<\/div><\/div>\n<div class=\"accordion-item\"><a href=\"#\" class=\"accordion-title plain\"><button class=\"toggle\"><i class=\"icon-angle-down\"><\/i><\/button><span>Preisgestaltung<\/span><\/a><div class=\"accordion-inner\">\n<p data-start=\"198\" data-end=\"234\"><strong>Wie viel kostet Phone Locker\u00ae?<\/strong><\/p>\n<p data-start=\"236\" data-end=\"580\">Die Kosten f\u00fcr Phone Locker\u00ae h\u00e4ngen von der Gr\u00f6\u00dfe Ihrer Organisation, der ben\u00f6tigten Anzahl an Taschen und davon ab, ob die L\u00f6sung dauerhaft oder f\u00fcr eine kurzfristige Veranstaltung gedacht ist. Wir bieten flexible Optionen, die f\u00fcr Schulen, Unternehmen und Veranstaltungsorte jeder Gr\u00f6\u00dfe erschwinglich sind. Die Preise werden individuell auf Ihre Bed\u00fcrfnisse und Ihren Implementierungsplan zugeschnitten.<\/p>\n<p data-start=\"979\" data-end=\"1030\"><strong>Ist Phone Locker\u00ae ein einmaliger Kauf oder ein Mietprodukt?<\/strong><\/p>\n<p data-start=\"1032\" data-end=\"1319\">Wir bieten beide Modelle an. Viele Schulen und Organisationen entscheiden sich f\u00fcr einen einmaligen Kauf zur t\u00e4glichen Nutzung, w\u00e4hrend Veranstaltungen und Konferenzen oft Kurzzeitmietpakete bevorzugen. Beide Optionen beinhalten dieselbe sichere Technologie und denselben Support \u2013 die Struktur richtet sich lediglich nach der ben\u00f6tigten Mietdauer.<\/p>\n<p data-start=\"2211\" data-end=\"2255\"><strong>K\u00f6nnen wir ein Angebot f\u00fcr unsere Organisation erhalten?<\/strong><\/p>\n<p data-start=\"2257\" data-end=\"2448\">Selbstverst\u00e4ndlich. Wir erstellen Ihnen gerne ein individuelles Angebot, das auf Ihre Gegebenheiten, die Anzahl der Nutzer und Ihre Ziele zugeschnitten ist. Ein kurzes Gespr\u00e4ch mit unserem Team gen\u00fcgt, um Ihnen die optimale und kosteng\u00fcnstigste L\u00f6sung zu empfehlen.<\/p>\n<p data-start=\"2257\" data-end=\"2448\">Nehmen Sie \u00fcber unser Kontaktformular Kontakt mit uns auf <a href=\"http:\/\/phonelocker.com\/de\/contact\/\">Kontaktformular<\/a> oder direkt:<\/p>\n<p data-start=\"2257\" data-end=\"2448\">E: hello@phonelocker.com<\/p>\n<p data-start=\"2257\" data-end=\"2448\">T: +44 (0) 2031618121<\/p>\n<\/div><\/div>\n<\/div>\n\t\t<\/div>\n\t\t\t<\/div>\n\n\t\n\n<style>\n#row-238613960 > .col > .col-inner {\n  padding: 0px 0px 0px 0px;\n}\n@media (min-width:550px) {\n  #row-238613960 > .col > .col-inner {\n    padding: 30px 30px 30px 30px;\n  }\n}\n<\/style>\n<\/div>\n\t\t<\/div>\n\n\t\t\n<style>\n#section_1375673628 {\n  padding-top: 60px;\n  padding-bottom: 60px;\n  background-color: rgb(255,255,255);\n}\n<\/style>\n\t<\/section>","protected":false},"excerpt":{"rendered":"","protected":false},"author":1,"featured_media":0,"parent":0,"menu_order":0,"comment_status":"closed","ping_status":"closed","template":"","meta":{"footnotes":""},"class_list":["post-523","page","type-page","status-publish","hentry"],"yoast_head":"<!-- This site is optimized with the Yoast SEO plugin v27.1.1 - https:\/\/yoast.com\/product\/yoast-seo-wordpress\/ -->\n<title>FAQs - Phone Locker<\/title>\n<meta name=\"robots\" content=\"index, follow, max-snippet:-1, max-image-preview:large, max-video-preview:-1\" \/>\n<link rel=\"canonical\" href=\"https:\/\/phonelocker.com\/de\/faqs\/\" \/>\n<meta property=\"og:locale\" content=\"de_DE\" \/>\n<meta property=\"og:type\" content=\"article\" \/>\n<meta property=\"og:title\" content=\"FAQs - Phone Locker\" \/>\n<meta property=\"og:url\" content=\"https:\/\/phonelocker.com\/de\/faqs\/\" \/>\n<meta property=\"og:site_name\" content=\"Phone Locker\" \/>\n<meta property=\"article:modified_time\" content=\"2026-02-24T15:37:40+00:00\" \/>\n<meta name=\"twitter:card\" content=\"summary_large_image\" \/>\n<meta name=\"twitter:label1\" content=\"Gesch\u00e4tzte Lesezeit\" \/>\n\t<meta name=\"twitter:data1\" content=\"3\u00a0Minuten\" \/>\n<!-- \/ Yoast SEO plugin. -->","yoast_head_json":{"title":"H\u00e4ufig gestellte Fragen \u2013 Telefonschlie\u00dffach","robots":{"index":"index","follow":"follow","max-snippet":"max-snippet:-1","max-image-preview":"max-image-preview:large","max-video-preview":"max-video-preview:-1"},"canonical":"https:\/\/phonelocker.com\/de\/faqs\/","og_locale":"de_DE","og_type":"article","og_title":"FAQs - Phone Locker","og_url":"https:\/\/phonelocker.com\/de\/faqs\/","og_site_name":"Phone Locker","article_modified_time":"2026-02-24T15:37:40+00:00","twitter_card":"summary_large_image","twitter_misc":{"Gesch\u00e4tzte Lesezeit":"3\u00a0Minuten"},"schema":{"@context":"https:\/\/schema.org","@graph":[{"@type":"WebPage","@id":"https:\/\/phonelocker.com\/faqs\/","url":"https:\/\/phonelocker.com\/faqs\/","name":"H\u00e4ufig gestellte Fragen \u2013 Telefonschlie\u00dffach","isPartOf":{"@id":"https:\/\/phonelocker.com\/#website"},"datePublished":"2024-01-15T00:57:58+00:00","dateModified":"2026-02-24T15:37:40+00:00","breadcrumb":{"@id":"https:\/\/phonelocker.com\/faqs\/#breadcrumb"},"inLanguage":"de","potentialAction":[{"@type":"ReadAction","target":["https:\/\/phonelocker.com\/faqs\/"]}]},{"@type":"BreadcrumbList","@id":"https:\/\/phonelocker.com\/faqs\/#breadcrumb","itemListElement":[{"@type":"ListItem","position":1,"name":"Home","item":"https:\/\/phonelocker.com\/"},{"@type":"ListItem","position":2,"name":"FAQs"}]},{"@type":"WebSite","@id":"https:\/\/phonelocker.com\/#website","url":"https:\/\/phonelocker.com\/","name":"Telefonschlie\u00dffach","description":"Verschlie\u00dfbare Telefontasche","potentialAction":[{"@type":"SearchAction","target":{"@type":"EntryPoint","urlTemplate":"https:\/\/phonelocker.com\/?s={search_term_string}"},"query-input":{"@type":"PropertyValueSpecification","valueRequired":true,"valueName":"search_term_string"}}],"inLanguage":"de"}]}},"_links":{"self":[{"href":"https:\/\/phonelocker.com\/de\/wp-json\/wp\/v2\/pages\/523","targetHints":{"allow":["GET"]}}],"collection":[{"href":"https:\/\/phonelocker.com\/de\/wp-json\/wp\/v2\/pages"}],"about":[{"href":"https:\/\/phonelocker.com\/de\/wp-json\/wp\/v2\/types\/page"}],"author":[{"embeddable":true,"href":"https:\/\/phonelocker.com\/de\/wp-json\/wp\/v2\/users\/1"}],"replies":[{"embeddable":true,"href":"https:\/\/phonelocker.com\/de\/wp-json\/wp\/v2\/comments?post=523"}],"version-history":[{"count":1,"href":"https:\/\/phonelocker.com\/de\/wp-json\/wp\/v2\/pages\/523\/revisions"}],"predecessor-version":[{"id":2944,"href":"https:\/\/phonelocker.com\/de\/wp-json\/wp\/v2\/pages\/523\/revisions\/2944"}],"wp:attachment":[{"href":"https:\/\/phonelocker.com\/de\/wp-json\/wp\/v2\/media?parent=523"}],"curies":[{"name":"wp","href":"https:\/\/api.w.org\/{rel}","templated":true}]}}