{"id":679,"date":"2024-03-27T06:55:47","date_gmt":"2024-03-27T06:55:47","guid":{"rendered":"https:\/\/phonelocker.com\/?page_id=679"},"modified":"2026-03-23T11:36:21","modified_gmt":"2026-03-23T11:36:21","slug":"location","status":"publish","type":"page","link":"https:\/\/phonelocker.com\/de\/location\/","title":{"rendered":"Standorte"},"content":{"rendered":"<div class=\"banner has-hover\" id=\"banner-2009851800\">\n          <div class=\"banner-inner fill\">\n        <div class=\"banner-bg fill\" >\n            <div class=\"bg fill bg-fill\"><\/div>\n                        <div class=\"overlay\"><\/div>            \n                    <\/div>\n        <div class=\"banner-layers container\">\n            <div class=\"fill banner-link\"><\/div>            \n   <div id=\"text-box-302139175\" class=\"text-box banner-layer x5 md-x5 lg-x5 y50 md-y50 lg-y50 res-text\">\n                                <div class=\"text-box-content text box-shadow-3\">\n              \n              <div class=\"text-inner text-left\">\n                  \n<h5 class=\"uppercase\">Standorte<\/h5>\n<h1 class=\"banner-header__title header--alt\">Unsere globale Pr\u00e4senz<\/h1>\n<p class=\"banner-header__subtitle text--white text--md\">Direkte Unterst\u00fctzung in \u00fcber 30 L\u00e4ndern und vertrauensw\u00fcrdige Partner rund um den Globus.<\/p>\n              <\/div>\n           <\/div>\n                            \n<style>\n#text-box-302139175 .text-box-content {\n  background-color: rgb(255, 255, 255);\n  font-size: 100%;\n}\n#text-box-302139175 .text-inner {\n  padding: 30px 30px 30px 30px;\n}\n#text-box-302139175 {\n  width: 60%;\n}\n@media (min-width:550px) {\n  #text-box-302139175 {\n    width: 40%;\n  }\n}\n<\/style>\n    <\/div>\n \n        <\/div>\n      <\/div>\n\n            \n<style>\n#banner-2009851800 {\n  padding-top: 500px;\n  background-color: rgb(255, 255, 255);\n}\n#banner-2009851800 .bg.bg-loaded {\n  background-image: url(https:\/\/phonelocker.com\/wp-content\/uploads\/2026\/02\/digital-technology-earth-made-with-particles-connection_1017-29750.avif);\n}\n#banner-2009851800 .overlay {\n  background-color: rgba(190, 190, 190, 0.2);\n}\n<\/style>\n  <\/div>\n\n\n<div class=\"container section-title-container\" ><h3 class=\"section-title section-title-center\"><b><\/b><span class=\"section-title-main\" >W\u00e4hle deine Region<\/span><b><\/b><\/h3><\/div>\n\t<div id=\"text-1823729170\" class=\"text\">\n\t\t\n<h3><a href=\"\/de\/asia\/\">Asien<\/a>\u00a0\u2013 <a href=\"\/de\/europe\/\">Europa<\/a>\u00a0\u2013 <a href=\"\/de\/middle-east\/\">Naher Osten<\/a>\u00a0 \u2013\u00a0<a href=\"\/de\/north-america\/\">Nord- und S\u00fcdamerika<\/a>\u00a0\u2013 <a href=\"\/de\/oceania\/\">Ozeanien<\/a><\/h3>\n<h3 style=\"text-align: center;\">\u00a0<\/h3>\n\t\t\n<style>\n#text-1823729170 {\n  text-align: center;\n}\n<\/style>\n\t<\/div>\n\t\n\t<section class=\"section\" id=\"section_707501209\">\n\t\t<div class=\"bg section-bg fill bg-fill  bg-loaded\" >\n\n\t\t\t\n\t\t\t\n\t\t\t\n\n\t\t<\/div>\n\n\t\t<div class=\"section-content relative\">\n\t\t\t\n\t<div id=\"text-542854321\" class=\"text\">\n\t\t\n<h2>Telefonschlie\u00dffach<sup>\u00ae<\/sup> ist weltweit t\u00e4tig und betreut Kunden in \u00fcber 30 L\u00e4ndern durch eine Kombination aus direkten Partnerschaften und vertrauensw\u00fcrdigen Vertriebspartnern.<\/h2>\n<p>Dank unserer internationalen Pr\u00e4senz k\u00f6nnen wir \u00fcberall dort, wo unsere Produkte eingesetzt werden, gleichbleibende Qualit\u00e4t, zuverl\u00e4ssige Lieferketten und lokalen Support gew\u00e4hrleisten.<\/p>\n<p class=\"p1\">Australien \u2022 Neuseeland \u2022 Vereinigtes K\u00f6nigreich \u2022 Kanada \u2022 \u00d6sterreich \u2022 Belgien \u2022 Bulgarien \u2022 D\u00e4nemark \u2022 Estland \u2022 Finnland \u2022 Frankreich \u2022 Deutschland \u2022 Gibraltar \u2022 Griechenland \u2022 Ungarn \u2022 Island \u2022 Irland \u2022 Italien \u2022 Lettland \u2022 Litauen \u2022 Luxemburg \u2022 Niederlande \u2022 Norwegen \u2022 Polen \u2022 Portugal \u2022 Rum\u00e4nien \u2022 Serbien \u2022 Spanien \u2022 Schweden \u2022 Schweiz \u2022 Vereinigtes K\u00f6nigreich \u2022 Belarus \u2022 Katar \u2022 Singapur<\/p>\n\t\t\n<style>\n#text-542854321 {\n  text-align: center;\n}\n<\/style>\n\t<\/div>\n\t\n\t\t<\/div>\n\n\t\t\n<style>\n#section_707501209 {\n  padding-top: 30px;\n  padding-bottom: 30px;\n}\n<\/style>\n\t<\/section>\n\t\n\t<section class=\"section\" id=\"section_252928152\">\n\t\t<div class=\"bg section-bg fill bg-fill  bg-loaded\" >\n\n\t\t\t\n\t\t\t\n\t\t\t\n\n\t\t<\/div>\n\n\t\t<div class=\"section-content relative\">\n\t\t\t\n<div class=\"row align-middle\"  id=\"row-1396771726\">\n\n\t<div id=\"col-1829909427\" class=\"col medium-6 small-12 large-6\"  >\n\t\t<div class=\"col-inner\"  >\n\t\t\t\n\t\t\t\n\t<div class=\"img has-hover x md-x lg-x y md-y lg-y\" id=\"image_1938780420\">\n\t\t\t\t\t\t\t\t<div class=\"img-inner image-cover dark\" style=\"padding-top:75%;\">\n\t\t\t<img decoding=\"async\" width=\"1020\" height=\"721\" src=\"https:\/\/phonelocker.com\/wp-content\/uploads\/2026\/02\/Europe-Map-1024x724.jpg\" class=\"attachment-large size-large\" alt=\"\" srcset=\"https:\/\/phonelocker.com\/wp-content\/uploads\/2026\/02\/Europe-Map-1024x724.jpg 1024w, https:\/\/phonelocker.com\/wp-content\/uploads\/2026\/02\/Europe-Map-300x212.jpg 300w, https:\/\/phonelocker.com\/wp-content\/uploads\/2026\/02\/Europe-Map-768x543.jpg 768w, https:\/\/phonelocker.com\/wp-content\/uploads\/2026\/02\/Europe-Map-1536x1087.jpg 1536w, https:\/\/phonelocker.com\/wp-content\/uploads\/2026\/02\/Europe-Map-18x12.jpg 18w, https:\/\/phonelocker.com\/wp-content\/uploads\/2026\/02\/Europe-Map.jpg 2000w\" sizes=\"(max-width: 1020px) 100vw, 1020px\" \/>\t\t\t\t\t\t\n\t\t\t\t\t<\/div>\n\t\t\t\t\t\t\t\t\n<style>\n#image_1938780420 {\n  width: 100%;\n}\n<\/style>\n\t<\/div>\n\t\n\t\t<\/div>\n\t\t\t<\/div>\n\n\t\n\n\t<div id=\"col-8654340\" class=\"col medium-6 small-12 large-6\"  >\n\t\t<div class=\"col-inner\"  >\n\t\t\t\n\t\t\t\n<h2>Europa<\/h2>\n<p>Telefonschlie\u00dffach<sup>\u00ae<\/sup> Wir sind europaweit stark vertreten und bieten \u00fcber ein Netzwerk direkter Partnerschaften und vertrauensw\u00fcrdiger Vertriebspartner L\u00f6sungen f\u00fcr Schulen, Unternehmen und Veranstaltungsorte. Unsere Produkte entsprechen den europ\u00e4ischen Vorschriften und gew\u00e4hrleisten so die Einhaltung der Bestimmungen und Sicherheit f\u00fcr jede Organisation.<\/p>\n<p>Wir sind uns der Bedeutung kultureller Repr\u00e4sentation und lokaler Bed\u00fcrfnisse bewusst und passen unseren Ansatz an nationale Richtlinien, sprachliche Anforderungen und branchenspezifische Erwartungen an. Von weiterf\u00fchrenden Schulen bis zu Universit\u00e4ten, von Unternehmenszentralen bis zu Veranstaltungsorten \u2013 Phone Locker<sup>\u00ae<\/sup> bietet zuverl\u00e4ssige, lokal unterst\u00fctzte L\u00f6sungen, die die europ\u00e4ischen Priorit\u00e4ten f\u00fcr Sicherheit, Konzentration und Wohlbefinden widerspiegeln.<\/p>\n<p><a href=\"https:\/\/phonelocker.com\/de\/europe\/\">Erfahren Sie mehr \u00fcber Ihren Standort<\/a><\/p>\n\t\t<\/div>\n\t\t\t<\/div>\n\n\t\n<\/div>\n<div class=\"row row-collapse row-full-width align-middle\"  id=\"row-1921220025\">\n\n\t<div id=\"col-300654348\" class=\"col medium-6 small-12 large-6\"  >\n\t\t<div class=\"col-inner\"  >\n\t\t\t\n\t\t\t\n\t<div class=\"img has-hover x md-x lg-x y md-y lg-y\" id=\"image_2050868727\">\n\t\t\t\t\t\t\t\t<div class=\"img-inner image-cover dark\" style=\"padding-top:75%;\">\n\t\t\t<img decoding=\"async\" width=\"1020\" height=\"681\" src=\"https:\/\/phonelocker.com\/wp-content\/uploads\/2026\/02\/vancouver-1024x684.jpg\" class=\"attachment-large size-large\" alt=\"\" srcset=\"https:\/\/phonelocker.com\/wp-content\/uploads\/2026\/02\/vancouver-1024x684.jpg 1024w, https:\/\/phonelocker.com\/wp-content\/uploads\/2026\/02\/vancouver-300x200.jpg 300w, https:\/\/phonelocker.com\/wp-content\/uploads\/2026\/02\/vancouver-768x513.jpg 768w, https:\/\/phonelocker.com\/wp-content\/uploads\/2026\/02\/vancouver-1536x1025.jpg 1536w, https:\/\/phonelocker.com\/wp-content\/uploads\/2026\/02\/vancouver-2048x1367.jpg 2048w, https:\/\/phonelocker.com\/wp-content\/uploads\/2026\/02\/vancouver-18x12.jpg 18w\" sizes=\"(max-width: 1020px) 100vw, 1020px\" \/>\t\t\t\t\t\t\n\t\t\t\t\t<\/div>\n\t\t\t\t\t\t\t\t\n<style>\n#image_2050868727 {\n  width: 100%;\n}\n<\/style>\n\t<\/div>\n\t\n\t\t<\/div>\n\t\t\t<\/div>\n\n\t\n\n\t<div id=\"col-1601839075\" class=\"col medium-6 small-12 large-6\"  >\n\t\t<div class=\"col-inner\" style=\"max-width:520px;\" >\n\t\t\t\n\t\t\t\n<h2 data-start=\"96\" data-end=\"116\">Kanada<\/h2>\n<p data-start=\"772\" data-end=\"1117\">In Kanada, Phone Locker<sup>\u00ae<\/sup> Wir haben ein starkes Netzwerk aus Direktkunden und Vertriebspartnern aufgebaut und unterst\u00fctzen Schulen, Universit\u00e4ten, Unternehmen und Veranstaltungsorte bei der Einrichtung sicherer, handyfreier Umgebungen. Unsere Produkte entsprechen den kanadischen Sicherheits- und Regulierungsstandards und geben Organisationen somit die Gewissheit, dass Qualit\u00e4t, Sicherheit und Zuverl\u00e4ssigkeit gew\u00e4hrleistet sind.<\/p>\n<p data-start=\"1119\" data-end=\"1345\">Durch eine Kombination aus direkter Unterst\u00fctzung und regionalen Partnerschaften, Phone Locker<sup>\u00ae<\/sup> gew\u00e4hrleistet eine effiziente Bereitstellung, eine reibungslose Implementierung und skalierbare L\u00f6sungen in den Bereichen Bildung, Unternehmen und Veranstaltungen im ganzen Land.<\/p>\n<p data-start=\"1119\" data-end=\"1345\"><a href=\"https:\/\/phonelocker.com\/de\/canada\/\">Erfahren Sie mehr \u00fcber Kanada<\/a><\/p>\n\t\t<\/div>\n\t\t\n<style>\n#col-1601839075 > .col-inner {\n  padding: 5% 5% 5% 5%;\n}\n<\/style>\n\t<\/div>\n\n\t\n<\/div>\n<div class=\"row row-collapse row-full-width align-middle\"  id=\"row-454582416\">\n\n\t<div id=\"col-13022855\" class=\"col medium-6 small-12 large-6\"  >\n\t\t<div class=\"col-inner\"  >\n\t\t\t\n\t\t\t\n\t<div class=\"img has-hover x md-x lg-x y md-y lg-y\" id=\"image_565745423\">\n\t\t\t\t\t\t\t\t<div class=\"img-inner image-cover dark\" style=\"padding-top:75%;\">\n\t\t\t<img decoding=\"async\" width=\"1020\" height=\"680\" src=\"https:\/\/phonelocker.com\/wp-content\/uploads\/2026\/02\/middle-east-woman-1024x683.jpg\" class=\"attachment-large size-large\" alt=\"\" srcset=\"https:\/\/phonelocker.com\/wp-content\/uploads\/2026\/02\/middle-east-woman-1024x683.jpg 1024w, https:\/\/phonelocker.com\/wp-content\/uploads\/2026\/02\/middle-east-woman-300x200.jpg 300w, https:\/\/phonelocker.com\/wp-content\/uploads\/2026\/02\/middle-east-woman-768x512.jpg 768w, https:\/\/phonelocker.com\/wp-content\/uploads\/2026\/02\/middle-east-woman-1536x1024.jpg 1536w, https:\/\/phonelocker.com\/wp-content\/uploads\/2026\/02\/middle-east-woman-2048x1366.jpg 2048w, https:\/\/phonelocker.com\/wp-content\/uploads\/2026\/02\/middle-east-woman-18x12.jpg 18w\" sizes=\"(max-width: 1020px) 100vw, 1020px\" \/>\t\t\t\t\t\t\n\t\t\t\t\t<\/div>\n\t\t\t\t\t\t\t\t\n<style>\n#image_565745423 {\n  width: 100%;\n}\n<\/style>\n\t<\/div>\n\t\n\t\t<\/div>\n\t\t\t<\/div>\n\n\t\n\n\t<div id=\"col-285490080\" class=\"col medium-6 small-12 large-6\"  >\n\t\t<div class=\"col-inner\" style=\"max-width:520px;\" >\n\t\t\t\n\t\t\t\n<h2 data-start=\"96\" data-end=\"116\">Naher Osten<\/h2>\n<p data-start=\"118\" data-end=\"432\">Telefonschlie\u00dffach<sup>\u00ae<\/sup> expandiert im Nahen Osten und ist sowohl in Katar als auch in den Vereinigten Arabischen Emiraten aktiv. Wir unterst\u00fctzen Organisationen, die Wert auf Konzentration, Datenschutz und Wohlbefinden legen. Unsere L\u00f6sungen eignen sich besonders f\u00fcr Schulen, Unternehmen und Veranstaltungen, bei denen staatliche Initiativen f\u00fcr digitales Wohlbefinden die Nachfrage nach handyfreien Bereichen steigern.<\/p>\n<p data-start=\"434\" data-end=\"748\">Wir arbeiten sowohl direkt als auch mit vertrauensw\u00fcrdigen lokalen Vertriebspartnern zusammen, um die Einhaltung regionaler Vorschriften und kultureller Gepflogenheiten zu gew\u00e4hrleisten und bieten ma\u00dfgeschneiderte Beratung und Unterst\u00fctzung. Ob f\u00fcr Bildungszwecke, Produktivit\u00e4tssteigerung am Arbeitsplatz oder Veranstaltungen \u2013 Phone Locker bietet die passende L\u00f6sung.<sup>\u00ae<\/sup> bietet zuverl\u00e4ssige, sichere und kulturell angemessene L\u00f6sungen in der gesamten Region.<\/p>\n\t\t<\/div>\n\t\t\n<style>\n#col-285490080 > .col-inner {\n  padding: 5% 5% 5% 5%;\n}\n<\/style>\n\t<\/div>\n\n\t\n<\/div>\n<div class=\"row row-collapse row-full-width align-middle\"  id=\"row-1899617239\">\n\n\t<div id=\"col-218317135\" class=\"col medium-6 small-12 large-6\"  >\n\t\t<div class=\"col-inner\"  >\n\t\t\t\n\t\t\t\n\t<div class=\"img has-hover x md-x lg-x y md-y lg-y\" id=\"image_629115299\">\n\t\t\t\t\t\t\t\t<div class=\"img-inner image-cover dark\" style=\"padding-top:75%;\">\n\t\t\t<img decoding=\"async\" width=\"1020\" height=\"675\" src=\"https:\/\/phonelocker.com\/wp-content\/uploads\/2026\/02\/University-of-Dublin-Ireland-1-1024x678.webp\" class=\"attachment-large size-large\" alt=\"\" srcset=\"https:\/\/phonelocker.com\/wp-content\/uploads\/2026\/02\/University-of-Dublin-Ireland-1-1024x678.webp 1024w, https:\/\/phonelocker.com\/wp-content\/uploads\/2026\/02\/University-of-Dublin-Ireland-1-300x199.webp 300w, https:\/\/phonelocker.com\/wp-content\/uploads\/2026\/02\/University-of-Dublin-Ireland-1-768x508.webp 768w, https:\/\/phonelocker.com\/wp-content\/uploads\/2026\/02\/University-of-Dublin-Ireland-1-1536x1017.webp 1536w, https:\/\/phonelocker.com\/wp-content\/uploads\/2026\/02\/University-of-Dublin-Ireland-1-18x12.webp 18w, https:\/\/phonelocker.com\/wp-content\/uploads\/2026\/02\/University-of-Dublin-Ireland-1.webp 1600w\" sizes=\"(max-width: 1020px) 100vw, 1020px\" \/>\t\t\t\t\t\t\n\t\t\t\t\t<\/div>\n\t\t\t\t\t\t\t\t\n<style>\n#image_629115299 {\n  width: 100%;\n}\n<\/style>\n\t<\/div>\n\t\n\t\t<\/div>\n\t\t\t<\/div>\n\n\t\n\n\t<div id=\"col-1247943533\" class=\"col medium-6 small-12 large-6\"  >\n\t\t<div class=\"col-inner\" style=\"max-width:520px;\" >\n\t\t\t\n\t\t\t\n<h2>Irland<\/h2>\n<p>Telefonschlie\u00dffach<sup>\u00ae<\/sup> ist der f\u00fchrende L\u00f6sungsanbieter in Irland und unterst\u00fctzt Schulen, Universit\u00e4ten, Arbeitspl\u00e4tze und Veranstaltungen mit sicheren, telefonfreien L\u00f6sungen.<\/p>\n<p>Wir sind stolz darauf, mit der irischen Regierung zusammenzuarbeiten, die Schulen, die an der Einf\u00fchrung von Phone Locker interessiert sind, Zusch\u00fcsse anbietet.<sup>\u00ae<\/sup> L\u00f6sungen, die es Bildungseinrichtungen erleichtern, konzentrierte und ablenkungsfreie Lernumgebungen zu schaffen.<\/p>\n<p>In Kombination mit unserem lokalen Unterst\u00fctzungsnetzwerk und unserer zuverl\u00e4ssigen Bereitstellung hilft diese Initiative irischen Schulen dabei, eine praktische, gesetzeskonforme und nachhaltige L\u00f6sung f\u00fcr den Umgang mit Mobiltelefonnutzung einzuf\u00fchren.<\/p>\n\t\t<\/div>\n\t\t\n<style>\n#col-1247943533 > .col-inner {\n  padding: 5% 5% 5% 5%;\n}\n<\/style>\n\t<\/div>\n\n\t\n<\/div>\n\t\t<\/div>\n\n\t\t\n<style>\n#section_252928152 {\n  padding-top: 30px;\n  padding-bottom: 30px;\n}\n<\/style>\n\t<\/section>","protected":false},"excerpt":{"rendered":"","protected":false},"author":1,"featured_media":0,"parent":0,"menu_order":0,"comment_status":"closed","ping_status":"closed","template":"","meta":{"footnotes":""},"class_list":["post-679","page","type-page","status-publish","hentry"],"yoast_head":"<!-- This site is optimized with the Yoast SEO plugin v27.1.1 - https:\/\/yoast.com\/product\/yoast-seo-wordpress\/ -->\n<title>Locations - Phone Locker<\/title>\n<meta name=\"robots\" content=\"index, follow, max-snippet:-1, max-image-preview:large, max-video-preview:-1\" \/>\n<link rel=\"canonical\" href=\"https:\/\/phonelocker.com\/de\/location\/\" \/>\n<meta property=\"og:locale\" content=\"de_DE\" \/>\n<meta property=\"og:type\" content=\"article\" \/>\n<meta property=\"og:title\" content=\"Locations - Phone Locker\" \/>\n<meta property=\"og:url\" content=\"https:\/\/phonelocker.com\/de\/location\/\" \/>\n<meta property=\"og:site_name\" content=\"Phone Locker\" \/>\n<meta property=\"article:modified_time\" content=\"2026-03-23T11:36:21+00:00\" \/>\n<meta name=\"twitter:card\" content=\"summary_large_image\" \/>\n<meta name=\"twitter:label1\" content=\"Gesch\u00e4tzte Lesezeit\" \/>\n\t<meta name=\"twitter:data1\" content=\"3\u00a0Minuten\" \/>\n<!-- \/ Yoast SEO plugin. -->","yoast_head_json":{"title":"Locations - Phone Locker","robots":{"index":"index","follow":"follow","max-snippet":"max-snippet:-1","max-image-preview":"max-image-preview:large","max-video-preview":"max-video-preview:-1"},"canonical":"https:\/\/phonelocker.com\/de\/location\/","og_locale":"de_DE","og_type":"article","og_title":"Locations - Phone Locker","og_url":"https:\/\/phonelocker.com\/de\/location\/","og_site_name":"Phone Locker","article_modified_time":"2026-03-23T11:36:21+00:00","twitter_card":"summary_large_image","twitter_misc":{"Gesch\u00e4tzte Lesezeit":"3\u00a0Minuten"},"schema":{"@context":"https:\/\/schema.org","@graph":[{"@type":"WebPage","@id":"https:\/\/phonelocker.com\/location\/","url":"https:\/\/phonelocker.com\/location\/","name":"Locations - Phone Locker","isPartOf":{"@id":"https:\/\/phonelocker.com\/#website"},"datePublished":"2024-03-27T06:55:47+00:00","dateModified":"2026-03-23T11:36:21+00:00","breadcrumb":{"@id":"https:\/\/phonelocker.com\/location\/#breadcrumb"},"inLanguage":"de","potentialAction":[{"@type":"ReadAction","target":["https:\/\/phonelocker.com\/location\/"]}]},{"@type":"BreadcrumbList","@id":"https:\/\/phonelocker.com\/location\/#breadcrumb","itemListElement":[{"@type":"ListItem","position":1,"name":"Home","item":"https:\/\/phonelocker.com\/"},{"@type":"ListItem","position":2,"name":"Locations"}]},{"@type":"WebSite","@id":"https:\/\/phonelocker.com\/#website","url":"https:\/\/phonelocker.com\/","name":"Telefonschlie\u00dffach","description":"Verschlie\u00dfbare Telefontasche","potentialAction":[{"@type":"SearchAction","target":{"@type":"EntryPoint","urlTemplate":"https:\/\/phonelocker.com\/?s={search_term_string}"},"query-input":{"@type":"PropertyValueSpecification","valueRequired":true,"valueName":"search_term_string"}}],"inLanguage":"de"}]}},"_links":{"self":[{"href":"https:\/\/phonelocker.com\/de\/wp-json\/wp\/v2\/pages\/679","targetHints":{"allow":["GET"]}}],"collection":[{"href":"https:\/\/phonelocker.com\/de\/wp-json\/wp\/v2\/pages"}],"about":[{"href":"https:\/\/phonelocker.com\/de\/wp-json\/wp\/v2\/types\/page"}],"author":[{"embeddable":true,"href":"https:\/\/phonelocker.com\/de\/wp-json\/wp\/v2\/users\/1"}],"replies":[{"embeddable":true,"href":"https:\/\/phonelocker.com\/de\/wp-json\/wp\/v2\/comments?post=679"}],"version-history":[{"count":22,"href":"https:\/\/phonelocker.com\/de\/wp-json\/wp\/v2\/pages\/679\/revisions"}],"predecessor-version":[{"id":3372,"href":"https:\/\/phonelocker.com\/de\/wp-json\/wp\/v2\/pages\/679\/revisions\/3372"}],"wp:attachment":[{"href":"https:\/\/phonelocker.com\/de\/wp-json\/wp\/v2\/media?parent=679"}],"curies":[{"name":"wp","href":"https:\/\/api.w.org\/{rel}","templated":true}]}}