{"id":844,"date":"2024-04-08T07:17:24","date_gmt":"2024-04-08T07:17:24","guid":{"rendered":"https:\/\/phonelocker.com\/?page_id=844"},"modified":"2025-04-01T02:03:56","modified_gmt":"2025-04-01T02:03:56","slug":"contact-sales","status":"publish","type":"page","link":"https:\/\/phonelocker.com\/de\/ireland\/contact-sales\/","title":{"rendered":"Kontakt-Verkauf"},"content":{"rendered":"<section class=\"section\" id=\"section_2033243625\">\n\t\t<div class=\"bg section-bg fill bg-fill  bg-loaded\" >\n\n\t\t\t\n\t\t\t\n\t\t\t\n\n\t\t<\/div>\n\n\t\t<div class=\"section-content relative\">\n\t\t\t<div class=\"row row-collapse\"  id=\"row-1200992158\">\n\t<div id=\"col-1815163495\" class=\"col small-12 large-12\"  >\n\t\t<div class=\"col-inner text-center\"  >\n\t\t\t\n\t\t\t<ul class=\"sidebar-wrapper ul-reset\"><div class=\"breadcrumbs\" vocab=\"https:\/\/schema.org\/\" typeof=\"BreadcrumbList\"><!-- Breadcrumb NavXT 6.6.0 -->\n<span property=\"itemListElement\" typeof=\"ListItem\"><a property=\"item\" typeof=\"WebPage\" title=\"Gehe zu Phone Locker.\" href=\"https:\/\/phonelocker.com\/de\" class=\"home\" aria-current=\"page\"><span property=\"name\">Heim<\/span><\/a><meta property=\"position\" content=\"1\"><\/span><\/div><\/ul>\t\t<\/div>\n\t\t\t<\/div>\n\n\t<\/div><div class=\"row\"  id=\"row-793714106\">\n\t<div id=\"col-1332579769\" class=\"col small-12 large-12\"  >\n\t\t<div class=\"col-inner text-center\"  >\n\t\t\t\n\t\t\t\t<div id=\"text-2874887204\" class=\"text\">\n\t\t\n<h2>Produkt Vorteile<\/h2>\n\t\t\t<\/div>\n\t\t\t<\/div>\n\t\t\t<\/div>\n\n\t<\/div><div class=\"row row-small\"  id=\"row-96936306\">\n\t<div id=\"col-1344945980\" class=\"col medium-4 small-12 large-4\"  >\n\t\t<div class=\"col-inner\"  >\n\t\t\t\n\t\t\t\n  <div class=\"banner has-hover bg-zoom\" id=\"banner-1003317053\">\n          <div class=\"banner-inner fill\">\n        <div class=\"banner-bg fill\" >\n            <div class=\"bg fill bg-fill\"><\/div>\n                        <div class=\"overlay\"><\/div>            \n                    <\/div>\n        <div class=\"banner-layers container\">\n            <a class=\"fill\" href=\"#\"  ><div class=\"fill banner-link\"><\/div><\/a>               <div id=\"text-box-1252659663\" class=\"text-box banner-layer x50 md-x50 lg-x50 y100 md-y100 lg-y100 res-text\">\n                                <div class=\"text-box-content text dark\">\n              \n              <div class=\"text-inner text-left\">\n                  \n<h3>Fokus beibehalten<\/h3>\n<p>Vermeiden Sie die Versuchung des Telefons              <\/div>\n           <\/div>\n                            \n<style>\n#text-box-1252659663 .text-inner {\n  padding: 18px 18px 18px 18px;\n}\n#text-box-1252659663 {\n  width: 100%;\n}\n#text-box-1252659663 .text-box-content {\n  font-size: 100%;\n}\n<\/style>\n    <\/div>\n         <\/div>\n      <\/div>\n\n            \n<style>\n#banner-1003317053 {\n  padding-top: 380px;\n}\n#banner-1003317053 .bg.bg-loaded {\n  background-image: url(https:\/\/phonelocker.com\/wp-content\/uploads\/2021\/06\/benefit-1.png);\n}\n#banner-1003317053 .overlay {\n  background-color: rgba(0, 0, 0, 0.01);\n}\n<\/style>\n  <\/div>\n\n\t\t<\/div>\n\t\t\n<style>\n#col-1344945980 > .col-inner {\n  margin: 0px 0px 20px 0px;\n}\n<\/style>\n\t<\/div>\n\n\t\n\t<div id=\"col-2050508891\" class=\"col medium-4 small-12 large-4\"  >\n\t\t<div class=\"col-inner\"  >\n\t\t\t\n\t\t\t\n  <div class=\"banner has-hover bg-zoom\" id=\"banner-1497613333\">\n          <div class=\"banner-inner fill\">\n        <div class=\"banner-bg fill\" >\n            <div class=\"bg fill bg-fill\"><\/div>\n                        <div class=\"overlay\"><\/div>            \n                    <\/div>\n        <div class=\"banner-layers container\">\n            <a class=\"fill\" href=\"#\"  ><div class=\"fill banner-link\"><\/div><\/a>               <div id=\"text-box-2084108370\" class=\"text-box banner-layer x50 md-x50 lg-x50 y100 md-y100 lg-y100 res-text\">\n                                <div class=\"text-box-content text dark\">\n              \n              <div class=\"text-inner text-left\">\n                  \n<h3>Telefonsignal blockieren<\/h3>\n<p>Ausgestattet mit speziellem Material zum Blockieren des Telefonsignals              <\/div>\n           <\/div>\n                            \n<style>\n#text-box-2084108370 .text-inner {\n  padding: 18px 18px 18px 18px;\n}\n#text-box-2084108370 {\n  width: 100%;\n}\n#text-box-2084108370 .text-box-content {\n  font-size: 100%;\n}\n<\/style>\n    <\/div>\n         <\/div>\n      <\/div>\n\n            \n<style>\n#banner-1497613333 {\n  padding-top: 380px;\n}\n#banner-1497613333 .bg.bg-loaded {\n  background-image: url(https:\/\/phonelocker.com\/wp-content\/uploads\/2021\/06\/benefit-2.png);\n}\n#banner-1497613333 .overlay {\n  background-color: rgba(0, 0, 0, 0.01);\n}\n<\/style>\n  <\/div>\n\n\t\t<\/div>\n\t\t\n<style>\n#col-2050508891 > .col-inner {\n  margin: 0px 0px 20px 0px;\n}\n<\/style>\n\t<\/div>\n\n\t\n\t<div id=\"col-1977888824\" class=\"col medium-4 small-12 large-4\"  >\n\t\t<div class=\"col-inner\"  >\n\t\t\t\n\t\t\t\n  <div class=\"banner has-hover bg-zoom\" id=\"banner-1975392515\">\n          <div class=\"banner-inner fill\">\n        <div class=\"banner-bg fill\" >\n            <div class=\"bg fill bg-fill\"><\/div>\n                        <div class=\"overlay\"><\/div>            \n                    <\/div>\n        <div class=\"banner-layers container\">\n            <a class=\"fill\" href=\"#\"  ><div class=\"fill banner-link\"><\/div><\/a>               <div id=\"text-box-602929471\" class=\"text-box banner-layer x50 md-x50 lg-x50 y100 md-y100 lg-y100 res-text\">\n                                <div class=\"text-box-content text dark\">\n              \n              <div class=\"text-inner text-left\">\n                  \n<h3>Gro\u00dfer Druckbereich<\/h3>\n<p>Die Beuteloberfl\u00e4che kann mit Sublimationsdruck individuell bedruckt werden              <\/div>\n           <\/div>\n                            \n<style>\n#text-box-602929471 .text-inner {\n  padding: 18px 18px 18px 18px;\n}\n#text-box-602929471 {\n  width: 100%;\n}\n#text-box-602929471 .text-box-content {\n  font-size: 100%;\n}\n<\/style>\n    <\/div>\n         <\/div>\n      <\/div>\n\n            \n<style>\n#banner-1975392515 {\n  padding-top: 380px;\n}\n#banner-1975392515 .bg.bg-loaded {\n  background-image: url(https:\/\/phonelocker.com\/wp-content\/uploads\/2021\/06\/benefit-3.png);\n}\n#banner-1975392515 .overlay {\n  background-color: rgba(0, 0, 0, 0.01);\n}\n<\/style>\n  <\/div>\n\n\t\t<\/div>\n\t\t\n<style>\n#col-1977888824 > .col-inner {\n  margin: 0px 0px 20px 0px;\n}\n<\/style>\n\t<\/div>\n\n\t\n\t<div id=\"col-1867950649\" class=\"col medium-4 small-12 large-4\"  >\n\t\t<div class=\"col-inner\"  >\n\t\t\t\n\t\t\t\n  <div class=\"banner has-hover bg-zoom\" id=\"banner-951820992\">\n          <div class=\"banner-inner fill\">\n        <div class=\"banner-bg fill\" >\n            <div class=\"bg fill bg-fill\"><\/div>\n                        <div class=\"overlay\"><\/div>            \n                    <\/div>\n        <div class=\"banner-layers container\">\n            <a class=\"fill\" href=\"#\"  ><div class=\"fill banner-link\"><\/div><\/a>               <div id=\"text-box-325664183\" class=\"text-box banner-layer x50 md-x50 lg-x50 y100 md-y100 lg-y100 res-text\">\n                                <div class=\"text-box-content text dark\">\n              \n              <div class=\"text-inner text-left\">\n                  \n<h3>Verhindert Betrug<\/h3>\n<p>Da die Telefone weggesperrt sind, gibt es keine M\u00f6glichkeit, einen Blick darauf zu werfen              <\/div>\n           <\/div>\n                            \n<style>\n#text-box-325664183 .text-inner {\n  padding: 18px 18px 18px 18px;\n}\n#text-box-325664183 {\n  width: 100%;\n}\n#text-box-325664183 .text-box-content {\n  font-size: 100%;\n}\n<\/style>\n    <\/div>\n         <\/div>\n      <\/div>\n\n            \n<style>\n#banner-951820992 {\n  padding-top: 380px;\n}\n#banner-951820992 .bg.bg-loaded {\n  background-image: url(https:\/\/phonelocker.com\/wp-content\/uploads\/2021\/06\/benefit-4.png);\n}\n#banner-951820992 .overlay {\n  background-color: rgba(0, 0, 0, 0.01);\n}\n<\/style>\n  <\/div>\n\n\t\t<\/div>\n\t\t\n<style>\n#col-1867950649 > .col-inner {\n  margin: 0px 0px 20px 0px;\n}\n<\/style>\n\t<\/div>\n\n\t\n\t<div id=\"col-989555067\" class=\"col medium-4 small-12 large-4\"  >\n\t\t<div class=\"col-inner\"  >\n\t\t\t\n\t\t\t\n  <div class=\"banner has-hover bg-zoom\" id=\"banner-187332239\">\n          <div class=\"banner-inner fill\">\n        <div class=\"banner-bg fill\" >\n            <div class=\"bg fill bg-fill\"><\/div>\n                        <div class=\"overlay\"><\/div>            \n                    <\/div>\n        <div class=\"banner-layers container\">\n            <a class=\"fill\" href=\"#\"  ><div class=\"fill banner-link\"><\/div><\/a>               <div id=\"text-box-1296146679\" class=\"text-box banner-layer x50 md-x50 lg-x50 y100 md-y100 lg-y100 res-text\">\n                                <div class=\"text-box-content text dark\">\n              \n              <div class=\"text-inner text-left\">\n                  \n<h3>Sicher zu benutzen<\/h3>\n<p>Flexibler Sicherheitsstift, sch\u00fctzt Ihre Finger w\u00e4hrend der Verwendung              <\/div>\n           <\/div>\n                            \n<style>\n#text-box-1296146679 .text-inner {\n  padding: 18px 18px 18px 18px;\n}\n#text-box-1296146679 {\n  width: 100%;\n}\n#text-box-1296146679 .text-box-content {\n  font-size: 100%;\n}\n<\/style>\n    <\/div>\n         <\/div>\n      <\/div>\n\n            \n<style>\n#banner-187332239 {\n  padding-top: 380px;\n}\n#banner-187332239 .bg.bg-loaded {\n  background-image: url(https:\/\/phonelocker.com\/wp-content\/uploads\/2021\/06\/benefit-5.png);\n}\n#banner-187332239 .overlay {\n  background-color: rgba(0, 0, 0, 0.01);\n}\n<\/style>\n  <\/div>\n\n\t\t<\/div>\n\t\t\n<style>\n#col-989555067 > .col-inner {\n  margin: 0px 0px 20px 0px;\n}\n<\/style>\n\t<\/div>\n\n\t\n\t<div id=\"col-1218684475\" class=\"col medium-4 small-12 large-4\"  >\n\t\t<div class=\"col-inner\"  >\n\t\t\t\n\t\t\t\n  <div class=\"banner has-hover bg-zoom\" id=\"banner-1028687347\">\n          <div class=\"banner-inner fill\">\n        <div class=\"banner-bg fill\" >\n            <div class=\"bg fill bg-fill\"><\/div>\n                        <div class=\"overlay\"><\/div>            \n                    <\/div>\n        <div class=\"banner-layers container\">\n            <a class=\"fill\" href=\"#\"  ><div class=\"fill banner-link\"><\/div><\/a>               <div id=\"text-box-724039400\" class=\"text-box banner-layer x50 md-x50 lg-x50 y100 md-y100 lg-y100 res-text\">\n                                <div class=\"text-box-content text dark\">\n              \n              <div class=\"text-inner text-left\">\n                  \n<h3>Passend f\u00fcr alle Telefongr\u00f6\u00dfen<\/h3>\n<p>Von kleinen bis zu gro\u00dfen Bildschirmtelefonen              <\/div>\n           <\/div>\n                            \n<style>\n#text-box-724039400 .text-inner {\n  padding: 18px 18px 18px 18px;\n}\n#text-box-724039400 {\n  width: 100%;\n}\n#text-box-724039400 .text-box-content {\n  font-size: 100%;\n}\n<\/style>\n    <\/div>\n         <\/div>\n      <\/div>\n\n            \n<style>\n#banner-1028687347 {\n  padding-top: 380px;\n}\n#banner-1028687347 .bg.bg-loaded {\n  background-image: url(https:\/\/phonelocker.com\/wp-content\/uploads\/2021\/06\/benefit-6.png);\n}\n#banner-1028687347 .overlay {\n  background-color: rgba(0, 0, 0, 0.01);\n}\n<\/style>\n  <\/div>\n\n\t\t<\/div>\n\t\t\n<style>\n#col-1218684475 > .col-inner {\n  margin: 0px 0px 20px 0px;\n}\n<\/style>\n\t<\/div>\n\n\t<\/div>\n<iframe height=\"600px\" width=\"100%\" frameborder=\"0\" allow=\"geolocation;microphone;camera\" src=\"https:\/\/zfrmz.com\/ra2RwaFQAG0mJTHtFNHh\"> <\/iframe>\t\t<\/div>\n\n\t\t\n<style>\n#section_2033243625 {\n  padding-top: 29px;\n  padding-bottom: 29px;\n}\n<\/style>\n\t<\/section>","protected":false},"excerpt":{"rendered":"","protected":false},"author":1,"featured_media":0,"parent":951,"menu_order":0,"comment_status":"closed","ping_status":"closed","template":"","meta":{"footnotes":""},"class_list":["post-844","page","type-page","status-publish","hentry"],"yoast_head":"<!-- This site is optimized with the Yoast SEO plugin v27.1.1 - https:\/\/yoast.com\/product\/yoast-seo-wordpress\/ -->\n<title>contact-sales - Phone Locker<\/title>\n<meta name=\"robots\" content=\"index, follow, max-snippet:-1, max-image-preview:large, max-video-preview:-1\" \/>\n<link rel=\"canonical\" href=\"https:\/\/phonelocker.com\/de\/ireland\/contact-sales\/\" \/>\n<meta property=\"og:locale\" content=\"de_DE\" \/>\n<meta property=\"og:type\" content=\"article\" \/>\n<meta property=\"og:title\" content=\"contact-sales - Phone Locker\" \/>\n<meta property=\"og:url\" content=\"https:\/\/phonelocker.com\/de\/ireland\/contact-sales\/\" \/>\n<meta property=\"og:site_name\" content=\"Phone Locker\" \/>\n<meta property=\"article:modified_time\" content=\"2025-04-01T02:03:56+00:00\" \/>\n<meta name=\"twitter:card\" content=\"summary_large_image\" \/>\n<meta name=\"twitter:label1\" content=\"Gesch\u00e4tzte Lesezeit\" \/>\n\t<meta name=\"twitter:data1\" content=\"2\u00a0Minuten\" \/>\n<!-- \/ Yoast SEO plugin. -->","yoast_head_json":{"title":"Kontakt-Vertrieb - Telefonschlie\u00dffach","robots":{"index":"index","follow":"follow","max-snippet":"max-snippet:-1","max-image-preview":"max-image-preview:large","max-video-preview":"max-video-preview:-1"},"canonical":"https:\/\/phonelocker.com\/de\/ireland\/contact-sales\/","og_locale":"de_DE","og_type":"article","og_title":"contact-sales - Phone Locker","og_url":"https:\/\/phonelocker.com\/de\/ireland\/contact-sales\/","og_site_name":"Phone Locker","article_modified_time":"2025-04-01T02:03:56+00:00","twitter_card":"summary_large_image","twitter_misc":{"Gesch\u00e4tzte Lesezeit":"2\u00a0Minuten"},"schema":{"@context":"https:\/\/schema.org","@graph":[{"@type":"WebPage","@id":"https:\/\/phonelocker.com\/ireland\/contact-sales\/","url":"https:\/\/phonelocker.com\/ireland\/contact-sales\/","name":"Kontakt-Vertrieb - Telefonschlie\u00dffach","isPartOf":{"@id":"https:\/\/phonelocker.com\/#website"},"datePublished":"2024-04-08T07:17:24+00:00","dateModified":"2025-04-01T02:03:56+00:00","breadcrumb":{"@id":"https:\/\/phonelocker.com\/ireland\/contact-sales\/#breadcrumb"},"inLanguage":"de","potentialAction":[{"@type":"ReadAction","target":["https:\/\/phonelocker.com\/ireland\/contact-sales\/"]}]},{"@type":"BreadcrumbList","@id":"https:\/\/phonelocker.com\/ireland\/contact-sales\/#breadcrumb","itemListElement":[{"@type":"ListItem","position":1,"name":"Home","item":"https:\/\/phonelocker.com\/"},{"@type":"ListItem","position":2,"name":"Ireland","item":"https:\/\/phonelocker.com\/ireland\/"},{"@type":"ListItem","position":3,"name":"contact-sales"}]},{"@type":"WebSite","@id":"https:\/\/phonelocker.com\/#website","url":"https:\/\/phonelocker.com\/","name":"Telefonschlie\u00dffach","description":"Verschlie\u00dfbare Telefontasche","potentialAction":[{"@type":"SearchAction","target":{"@type":"EntryPoint","urlTemplate":"https:\/\/phonelocker.com\/?s={search_term_string}"},"query-input":{"@type":"PropertyValueSpecification","valueRequired":true,"valueName":"search_term_string"}}],"inLanguage":"de"}]}},"_links":{"self":[{"href":"https:\/\/phonelocker.com\/de\/wp-json\/wp\/v2\/pages\/844","targetHints":{"allow":["GET"]}}],"collection":[{"href":"https:\/\/phonelocker.com\/de\/wp-json\/wp\/v2\/pages"}],"about":[{"href":"https:\/\/phonelocker.com\/de\/wp-json\/wp\/v2\/types\/page"}],"author":[{"embeddable":true,"href":"https:\/\/phonelocker.com\/de\/wp-json\/wp\/v2\/users\/1"}],"replies":[{"embeddable":true,"href":"https:\/\/phonelocker.com\/de\/wp-json\/wp\/v2\/comments?post=844"}],"version-history":[{"count":3,"href":"https:\/\/phonelocker.com\/de\/wp-json\/wp\/v2\/pages\/844\/revisions"}],"predecessor-version":[{"id":2188,"href":"https:\/\/phonelocker.com\/de\/wp-json\/wp\/v2\/pages\/844\/revisions\/2188"}],"up":[{"embeddable":true,"href":"https:\/\/phonelocker.com\/de\/wp-json\/wp\/v2\/pages\/951"}],"wp:attachment":[{"href":"https:\/\/phonelocker.com\/de\/wp-json\/wp\/v2\/media?parent=844"}],"curies":[{"name":"wp","href":"https:\/\/api.w.org\/{rel}","templated":true}]}}