{"id":154,"date":"2021-06-20T13:28:58","date_gmt":"2021-06-20T13:28:58","guid":{"rendered":"https:\/\/ec2-54-66-210-245.ap-southeast-2.compute.amazonaws.com\/?page_id=154"},"modified":"2026-03-18T15:39:03","modified_gmt":"2026-03-18T15:39:03","slug":"how-it-works","status":"publish","type":"page","link":"https:\/\/phonelocker.com\/es\/how-it-works\/","title":{"rendered":"C\u00f3mo funciona"},"content":{"rendered":"<div class=\"banner has-hover\" id=\"banner-368486192\">\n          <div class=\"banner-inner fill\">\n        <div class=\"banner-bg fill\" >\n            <div class=\"bg fill bg-fill\"><\/div>\n                                    \n                    <\/div>\n        <div class=\"banner-layers container\">\n            <div class=\"fill banner-link\"><\/div>            \n   <div id=\"text-box-1561889567\" class=\"text-box banner-layer x5 md-x5 lg-x5 y50 md-y50 lg-y50 res-text\">\n                                <div class=\"text-box-content text box-shadow-3\">\n              \n              <div class=\"text-inner text-left\">\n                  \n<h5>Nuestra soluci\u00f3n<\/h5>\n<h3>C\u00f3mo funciona<\/h3>\n<p>El casillero telef\u00f3nico<sup>\u00ae<\/sup> Esta soluci\u00f3n crea entornos seguros y libres de tel\u00e9fonos m\u00f3viles para escuelas, lugares de trabajo, eventos y mucho m\u00e1s.<\/p>\n              <\/div>\n           <\/div>\n                            \n<style>\n#text-box-1561889567 .text-box-content {\n  background-color: rgb(255, 255, 255);\n  font-size: 100%;\n}\n#text-box-1561889567 .text-inner {\n  padding: 30px 30px 30px 30px;\n}\n#text-box-1561889567 {\n  width: 60%;\n}\n@media (min-width:550px) {\n  #text-box-1561889567 {\n    width: 40%;\n  }\n}\n<\/style>\n    <\/div>\n \n        <\/div>\n      <\/div>\n\n            \n<style>\n#banner-368486192 {\n  padding-top: 500px;\n  background-color: rgb(255, 255, 255);\n}\n#banner-368486192 .bg.bg-loaded {\n  background-image: url(https:\/\/phonelocker.com\/wp-content\/uploads\/2026\/02\/Magnet-Unlocker-1-1024x1024.jpg);\n}\n<\/style>\n  <\/div>\n\n\n\t<section class=\"section home-tutorials-section how-tutorials-section\" id=\"section_584781135\">\n\t\t<div class=\"bg section-bg fill bg-fill  bg-loaded\" >\n\n\t\t\t\n\t\t\t\n\t\t\t\n\n\t\t<\/div>\n\n\t\t<div class=\"section-content relative\">\n\t\t\t\n<div class=\"row heading-block\"  id=\"row-33839030\">\n\n\t<div id=\"col-444212904\" class=\"col small-12 large-12\"  >\n\t\t<div class=\"col-inner text-center\"  >\n\t\t\t\n\t\t\t\n<div class=\"container section-title-container\" ><h2 class=\"section-title section-title-center\"><b><\/b><span class=\"section-title-main\" >Usando nuestra funda para tel\u00e9fono con cerradura<\/span><b><\/b><\/h2><\/div>\n<p>El casillero telef\u00f3nico<sup>\u00ae<\/sup> La bolsa es fiable, resistente y f\u00e1cil de usar.<\/p>\n\t<div id=\"text-2749329554\" class=\"text main-heading\">\n\t\t\n\t\t\t<\/div>\n\t\n\t\t<\/div>\n\t\t\t<\/div>\n\n\t\n<\/div>\n<div class=\"row row-large home-tutorials-row\"  id=\"row-211569593\">\n\n\t<div id=\"col-1025367760\" class=\"col medium-4 small-12 large-4\"  >\n\t\t<div class=\"col-inner\"  >\n\t\t\t\n\t\t\t\n\n\t\t<div class=\"icon-box featured-box icon-box-center text-center\"  >\n\t\t\t\t\t<div class=\"icon-box-img\" style=\"width: 160px\">\n\t\t\t\t<div class=\"icon\">\n\t\t\t\t\t<div class=\"icon-inner\" >\n\t\t\t\t\t\t<img decoding=\"async\" width=\"148\" height=\"148\" src=\"https:\/\/phonelocker.com\/wp-content\/uploads\/2021\/06\/ic-tutorial-insert.png\" class=\"attachment-medium size-medium\" alt=\"\" \/>\t\t\t\t\t<\/div>\n\t\t\t\t<\/div>\n\t\t\t<\/div>\n\t\t\t\t<div class=\"icon-box-text last-reset\">\n\t\t\t\t\t\t\t\t\t\n<h3 class=\"uppercase\">Insertar<\/h3>\n<p>Inserta tu tel\u00e9fono en la funda<\/p>\n\t\t<\/div>\n\t<\/div>\n\t\n\t\n\t\t<\/div>\n\t\t\t<\/div>\n\n\t\n\n\t<div id=\"col-1754771137\" class=\"col medium-4 small-12 large-4\"  >\n\t\t<div class=\"col-inner\"  >\n\t\t\t\n\t\t\t\n\n\t\t<div class=\"icon-box featured-box icon-box-center text-center\"  >\n\t\t\t\t\t<div class=\"icon-box-img\" style=\"width: 160px\">\n\t\t\t\t<div class=\"icon\">\n\t\t\t\t\t<div class=\"icon-inner\" >\n\t\t\t\t\t\t<img decoding=\"async\" width=\"148\" height=\"148\" src=\"https:\/\/phonelocker.com\/wp-content\/uploads\/2021\/06\/ic-tutorial-lock.png\" class=\"attachment-medium size-medium\" alt=\"\" \/>\t\t\t\t\t<\/div>\n\t\t\t\t<\/div>\n\t\t\t<\/div>\n\t\t\t\t<div class=\"icon-box-text last-reset\">\n\t\t\t\t\t\t\t\t\t\n<h3 class=\"uppercase\">Cerrar<\/h3>\n<p>Simplemente presione el pasador en el orificio para bloquearlo.<\/p>\n\t\t<\/div>\n\t<\/div>\n\t\n\t\n\t\t<\/div>\n\t\t\t<\/div>\n\n\t\n\n\t<div id=\"col-201767132\" class=\"col medium-4 small-12 large-4\"  >\n\t\t<div class=\"col-inner\"  >\n\t\t\t\n\t\t\t\n\n\t\t<div class=\"icon-box featured-box icon-box-center text-center\"  >\n\t\t\t\t\t<div class=\"icon-box-img\" style=\"width: 160px\">\n\t\t\t\t<div class=\"icon\">\n\t\t\t\t\t<div class=\"icon-inner\" >\n\t\t\t\t\t\t<img decoding=\"async\" width=\"148\" height=\"148\" src=\"https:\/\/phonelocker.com\/wp-content\/uploads\/2021\/06\/ic-tutorial-unlock.png\" class=\"attachment-medium size-medium\" alt=\"\" \/>\t\t\t\t\t<\/div>\n\t\t\t\t<\/div>\n\t\t\t<\/div>\n\t\t\t\t<div class=\"icon-box-text last-reset\">\n\t\t\t\t\t\t\t\t\t\n<h3 class=\"uppercase\">desbloquear<\/h3>\n<p>Desbloquee simplemente colocando el mecanismo de bloqueo cerca de la base magn\u00e9tica.<\/p>\n\t\t<\/div>\n\t<\/div>\n\t\n\t\n\t\t<\/div>\n\t\t\t<\/div>\n\n\t\n<\/div>\n\t<div id=\"gap-329062109\" class=\"gap-element clearfix\" style=\"display:block; height:auto;\">\n\t\t\n<style>\n#gap-329062109 {\n  padding-top: 180px;\n}\n<\/style>\n\t<\/div>\n\t\n\t\t<\/div>\n\n\t\t\n<style>\n#section_584781135 {\n  padding-top: 29px;\n  padding-bottom: 29px;\n}\n<\/style>\n\t<\/section>\n\t\n\t<section class=\"section how-central-unlocking-section\" id=\"section_2088380583\">\n\t\t<div class=\"bg section-bg fill bg-fill  bg-loaded\" >\n\n\t\t\t\n\t\t\t\n\t\t\t\n\n\t\t<\/div>\n\n\t\t<div class=\"section-content relative\">\n\t\t\t\n<div class=\"row row-collapse align-middle home-central-row how-central-row\"  id=\"row-1522675491\">\n\n\t<div id=\"col-1469367356\" class=\"col left-col medium-6 small-12 large-6\"  >\n\t\t<div class=\"col-inner\"  >\n\t\t\t\n\t\t\t\n\t<div class=\"img has-hover x md-x lg-x y md-y lg-y\" id=\"image_2016790770\">\n\t\t\t\t\t\t\t\t<div class=\"img-inner dark\" >\n\t\t\t<img decoding=\"async\" width=\"2560\" height=\"1920\" src=\"https:\/\/phonelocker.com\/wp-content\/uploads\/2026\/01\/P1301661-scaled.jpg\" class=\"attachment-original size-original\" alt=\"\" srcset=\"https:\/\/phonelocker.com\/wp-content\/uploads\/2026\/01\/P1301661-scaled.jpg 2560w, https:\/\/phonelocker.com\/wp-content\/uploads\/2026\/01\/P1301661-300x225.jpg 300w, https:\/\/phonelocker.com\/wp-content\/uploads\/2026\/01\/P1301661-1024x768.jpg 1024w, https:\/\/phonelocker.com\/wp-content\/uploads\/2026\/01\/P1301661-768x576.jpg 768w, https:\/\/phonelocker.com\/wp-content\/uploads\/2026\/01\/P1301661-1536x1152.jpg 1536w, https:\/\/phonelocker.com\/wp-content\/uploads\/2026\/01\/P1301661-2048x1536.jpg 2048w, https:\/\/phonelocker.com\/wp-content\/uploads\/2026\/01\/P1301661-16x12.jpg 16w\" sizes=\"(max-width: 2560px) 100vw, 2560px\" \/>\t\t\t\t\t\t\n\t\t\t\t\t<\/div>\n\t\t\t\t\t\t\t\t\n<style>\n#image_2016790770 {\n  width: 100%;\n}\n<\/style>\n\t<\/div>\n\t\n\t\t<\/div>\n\t\t\t<\/div>\n\n\t\n\n\t<div id=\"col-2123691321\" class=\"col right-col medium-6 small-12 large-6\"  >\n\t\t<div class=\"col-inner box-shadow-2\" style=\"background-color:rgb(255, 255, 255);\" >\n\t\t\t\n\t\t\t\n<h3>El casillero telef\u00f3nico<sup>\u00ae<\/sup> Bolsa<\/h3>\n<p>Casillero del tel\u00e9fono<sup>\u00ae<\/sup> Es una soluci\u00f3n sencilla, segura y probada, dise\u00f1ada para crear entornos libres de tel\u00e9fonos y que permiten concentrarse sin conflictos ni complicaciones. Nuestra funda patentada mantiene los dispositivos seguros junto al usuario, impidiendo su acceso, lo que ayuda a escuelas, lugares de trabajo, eventos y entornos seguros a reducir las distracciones, proteger la privacidad y mejorar el bienestar.<\/p>\n<p>Resistente, ligero y f\u00e1cil de usar a gran escala, Phone Locker<sup>\u00ae<\/sup> Goza de la confianza de clientes a nivel mundial en m\u00faltiples sectores para fomentar un mejor comportamiento, aprendizaje, productividad y seguridad.<\/p>\n<a href=\"https:\/\/phonelocker.com\/es\/the-product\/\" target=\"_self\" class=\"button primary\"  >\n    <span>Vea nuestras bolsas<\/span>\n  <\/a>\n\n\t\t<\/div>\n\t\t\n<style>\n#col-2123691321 > .col-inner {\n  padding: 65px 30px 50px 30px;\n  margin: 0px 0px 5px 0px;\n}\n<\/style>\n\t<\/div>\n\n\t\n\n\t<div id=\"col-918488987\" class=\"col left-col medium-6 small-12 large-6\"  >\n\t\t<div class=\"col-inner\"  >\n\t\t\t\n\t\t\t\n\t<div class=\"img has-hover x md-x lg-x y md-y lg-y\" id=\"image_1453687765\">\n\t\t\t\t\t\t\t\t<div class=\"img-inner dark\" >\n\t\t\t<img decoding=\"async\" width=\"2560\" height=\"1707\" src=\"https:\/\/phonelocker.com\/wp-content\/uploads\/2026\/02\/CERCLE-EXPERIENCE-CDMX-5-scaled.jpg\" class=\"attachment-original size-original\" alt=\"\" srcset=\"https:\/\/phonelocker.com\/wp-content\/uploads\/2026\/02\/CERCLE-EXPERIENCE-CDMX-5-scaled.jpg 2560w, https:\/\/phonelocker.com\/wp-content\/uploads\/2026\/02\/CERCLE-EXPERIENCE-CDMX-5-300x200.jpg 300w, https:\/\/phonelocker.com\/wp-content\/uploads\/2026\/02\/CERCLE-EXPERIENCE-CDMX-5-1024x683.jpg 1024w, https:\/\/phonelocker.com\/wp-content\/uploads\/2026\/02\/CERCLE-EXPERIENCE-CDMX-5-768x512.jpg 768w, https:\/\/phonelocker.com\/wp-content\/uploads\/2026\/02\/CERCLE-EXPERIENCE-CDMX-5-1536x1024.jpg 1536w, https:\/\/phonelocker.com\/wp-content\/uploads\/2026\/02\/CERCLE-EXPERIENCE-CDMX-5-2048x1365.jpg 2048w, https:\/\/phonelocker.com\/wp-content\/uploads\/2026\/02\/CERCLE-EXPERIENCE-CDMX-5-18x12.jpg 18w\" sizes=\"(max-width: 2560px) 100vw, 2560px\" \/>\t\t\t\t\t\t\n\t\t\t\t\t<\/div>\n\t\t\t\t\t\t\t\t\n<style>\n#image_1453687765 {\n  width: 100%;\n}\n<\/style>\n\t<\/div>\n\t\n\t\t<\/div>\n\t\t\t<\/div>\n\n\t\n\n\t<div id=\"col-1907448177\" class=\"col right-col medium-6 small-12 large-6\"  >\n\t\t<div class=\"col-inner box-shadow-2\" style=\"background-color:rgb(255, 255, 255);\" >\n\t\t\t\n\t\t\t\n<h3>Casillero del tel\u00e9fono<sup>\u00ae<\/sup> Apoyo y planificaci\u00f3n del sitio<\/h3>\n<p>Cuando las escuelas, centros de trabajo u organizadores de eventos deciden reducir o restringir el uso del tel\u00e9fono, el mayor desaf\u00edo no es la idea en s\u00ed, sino la implementaci\u00f3n. Las pol\u00edticas en teor\u00eda suelen ser insuficientes si no se implementan en la pr\u00e1ctica.<\/p>\n<p>Entendemos que cada sitio y lugar es diferente. Tenemos experiencia ayudando a los clientes a implementar Phone Locker.<sup>\u00ae<\/sup> El sistema funciona en diversos entornos y puede ayudar a planificar la implementaci\u00f3n, adem\u00e1s de estar presente para brindar soporte durante el lanzamiento.<\/p>\n\t\t<\/div>\n\t\t\n<style>\n#col-1907448177 > .col-inner {\n  padding: 65px 30px 50px 30px;\n  margin: 0px 0px 5px 0px;\n}\n<\/style>\n\t<\/div>\n\n\t\n<\/div>\n<div class=\"container section-title-container\" ><h3 class=\"section-title section-title-center\"><b><\/b><span class=\"section-title-main\" >C\u00f3mo funciona<\/span><b><\/b><\/h3><\/div>\n<div class=\"row row-collapse align-center\"  id=\"row-1380399853\">\n\n\t<div id=\"col-553575146\" class=\"col medium-10 small-12 large-10\"  >\n\t\t<div class=\"col-inner\"  >\n\t\t\t\n\t\t\t\n\n  <div class=\"banner has-hover how-banner-video\" id=\"banner-944284175\">\n          <div class=\"banner-inner fill\">\n        <div class=\"banner-bg fill\" >\n            <div class=\"bg fill bg-fill\"><\/div>\n                                    \n                    <\/div>\n        <div class=\"banner-layers container\">\n            <div class=\"fill banner-link\"><\/div>            \n   <div id=\"text-box-2121061547\" class=\"text-box banner-layer x50 md-x50 lg-x50 y50 md-y50 lg-y50 res-text\">\n                                <div class=\"text-box-content text dark\">\n              \n              <div class=\"text-inner text-center\">\n                  \n<div class=\"video video-fit mb\" style=\"padding-top:56.25%;\"><p><iframe title=\"Conoce Phone Locker\u00ae\" width=\"1020\" height=\"574\" src=\"https:\/\/www.youtube.com\/embed\/E_a5evbX6ww?feature=oembed\" frameborder=\"0\" allow=\"accelerometer; autoplay; clipboard-write; encrypted-media; gyroscope; picture-in-picture; web-share\" referrerpolicy=\"strict-origin-when-cross-origin\" allowfullscreen><\/iframe><\/p>\n<\/div>\n              <\/div>\n           <\/div>\n                            \n<style>\n#text-box-2121061547 {\n  width: 100%;\n}\n#text-box-2121061547 .text-box-content {\n  font-size: 100%;\n}\n<\/style>\n    <\/div>\n \n        <\/div>\n      <\/div>\n\n            \n<style>\n#banner-944284175 {\n  padding-top: 380px;\n}\n<\/style>\n  <\/div>\n\n\n\t\t<\/div>\n\t\t\t<\/div>\n\n\t\n\n<style>\n#row-1380399853 > .col > .col-inner {\n  background-color: rgb(255,255,255);\n}\n<\/style>\n<\/div>\n\t<div id=\"gap-694174832\" class=\"gap-element clearfix\" style=\"display:block; height:auto;\">\n\t\t\n<style>\n#gap-694174832 {\n  padding-top: 40px;\n}\n@media (min-width:550px) {\n  #gap-694174832 {\n    padding-top: 130px;\n  }\n}\n<\/style>\n\t<\/div>\n\t\n\t\t<\/div>\n\n\t\t\n<style>\n#section_2088380583 {\n  padding-top: 0px;\n  padding-bottom: 0px;\n  background-color: rgb(255,255,255);\n}\n<\/style>\n\t<\/section>\n\t\n<div class=\"message-box relative dark\" style=\"padding-top:30px;padding-bottom:30px;\"><div class=\"message-box-bg-image bg-fill fill\" ><\/div><div class=\"message-box-bg-overlay bg-fill fill\" style=\"background-color:rgb(1, 181, 122);\"><\/div><div class=\"container relative\"><div class=\"inner last-reset\">\n<div class=\"row align-middle align-center\"  id=\"row-565457261\">\n\n\t<div id=\"col-2035138432\" class=\"col medium-9 small-12 large-9\"  >\n\t\t<div class=\"col-inner\"  >\n\t\t\t\n\t\t\t\n<h2 class=\"text--center\">Vamos a dejar de usar el tel\u00e9fono<\/h2>\n<p>Cont\u00e1ctenos para solicitar su demostraci\u00f3n gratuita de nuestras bolsas, o un presupuesto sin compromiso.<\/p>\n\t\t<\/div>\n\t\t\t<\/div>\n\n\t\n\n\t<div id=\"col-736305105\" class=\"col medium-2 small-12 large-2\"  >\n\t\t<div class=\"col-inner text-center\"  >\n\t\t\t\n\t\t\t\n<a href=\"https:\/\/phonelocker.com\/es\/contact\/\" target=\"_self\" class=\"button white is-outline lowercase\"  style=\"border-radius:99px;\">\n    <span>Cont\u00e1ctenos<\/span>\n  <\/a>\n\n\t\t<\/div>\n\t\t\t<\/div>\n\n\t\n<\/div>\n<\/div><\/div><\/div>","protected":false},"excerpt":{"rendered":"","protected":false},"author":1,"featured_media":2782,"parent":0,"menu_order":0,"comment_status":"closed","ping_status":"closed","template":"page-blank.php","meta":{"footnotes":""},"class_list":["post-154","page","type-page","status-publish","has-post-thumbnail","hentry"],"yoast_head":"<!-- This site is optimized with the Yoast SEO plugin v27.1.1 - https:\/\/yoast.com\/product\/yoast-seo-wordpress\/ -->\n<title>How it Works - Phone Locker<\/title>\n<meta name=\"robots\" content=\"index, follow, max-snippet:-1, max-image-preview:large, max-video-preview:-1\" \/>\n<link rel=\"canonical\" href=\"https:\/\/phonelocker.com\/es\/how-it-works\/\" \/>\n<meta property=\"og:locale\" content=\"es_ES\" \/>\n<meta property=\"og:type\" content=\"article\" \/>\n<meta property=\"og:title\" content=\"How it Works - Phone Locker\" \/>\n<meta property=\"og:url\" content=\"https:\/\/phonelocker.com\/es\/how-it-works\/\" \/>\n<meta property=\"og:site_name\" content=\"Phone Locker\" \/>\n<meta property=\"article:modified_time\" content=\"2026-03-18T15:39:03+00:00\" \/>\n<meta property=\"og:image\" content=\"https:\/\/phonelocker.com\/wp-content\/uploads\/2026\/02\/Magnet-Unlocker-1.jpg\" \/>\n\t<meta property=\"og:image:width\" content=\"2000\" \/>\n\t<meta property=\"og:image:height\" content=\"2000\" \/>\n\t<meta property=\"og:image:type\" content=\"image\/jpeg\" \/>\n<meta name=\"twitter:card\" content=\"summary_large_image\" \/>\n<meta name=\"twitter:label1\" content=\"Tiempo de lectura\" \/>\n\t<meta name=\"twitter:data1\" content=\"3 minutos\" \/>\n<!-- \/ Yoast SEO plugin. -->","yoast_head_json":{"title":"C\u00f3mo funciona - Bloqueo de tel\u00e9fono","robots":{"index":"index","follow":"follow","max-snippet":"max-snippet:-1","max-image-preview":"max-image-preview:large","max-video-preview":"max-video-preview:-1"},"canonical":"https:\/\/phonelocker.com\/es\/how-it-works\/","og_locale":"es_ES","og_type":"article","og_title":"How it Works - Phone Locker","og_url":"https:\/\/phonelocker.com\/es\/how-it-works\/","og_site_name":"Phone Locker","article_modified_time":"2026-03-18T15:39:03+00:00","og_image":[{"width":2000,"height":2000,"url":"https:\/\/phonelocker.com\/wp-content\/uploads\/2026\/02\/Magnet-Unlocker-1.jpg","type":"image\/jpeg"}],"twitter_card":"summary_large_image","twitter_misc":{"Tiempo de lectura":"3 minutos"},"schema":{"@context":"https:\/\/schema.org","@graph":[{"@type":"WebPage","@id":"https:\/\/phonelocker.com\/how-it-works\/","url":"https:\/\/phonelocker.com\/how-it-works\/","name":"C\u00f3mo funciona - Bloqueo de tel\u00e9fono","isPartOf":{"@id":"https:\/\/phonelocker.com\/#website"},"primaryImageOfPage":{"@id":"https:\/\/phonelocker.com\/how-it-works\/#primaryimage"},"image":{"@id":"https:\/\/phonelocker.com\/how-it-works\/#primaryimage"},"thumbnailUrl":"https:\/\/phonelocker.com\/wp-content\/uploads\/2026\/02\/Magnet-Unlocker-1.jpg","datePublished":"2021-06-20T13:28:58+00:00","dateModified":"2026-03-18T15:39:03+00:00","breadcrumb":{"@id":"https:\/\/phonelocker.com\/how-it-works\/#breadcrumb"},"inLanguage":"es","potentialAction":[{"@type":"ReadAction","target":["https:\/\/phonelocker.com\/how-it-works\/"]}]},{"@type":"ImageObject","inLanguage":"es","@id":"https:\/\/phonelocker.com\/how-it-works\/#primaryimage","url":"https:\/\/phonelocker.com\/wp-content\/uploads\/2026\/02\/Magnet-Unlocker-1.jpg","contentUrl":"https:\/\/phonelocker.com\/wp-content\/uploads\/2026\/02\/Magnet-Unlocker-1.jpg","width":2000,"height":2000},{"@type":"BreadcrumbList","@id":"https:\/\/phonelocker.com\/how-it-works\/#breadcrumb","itemListElement":[{"@type":"ListItem","position":1,"name":"Home","item":"https:\/\/phonelocker.com\/"},{"@type":"ListItem","position":2,"name":"How it Works"}]},{"@type":"WebSite","@id":"https:\/\/phonelocker.com\/#website","url":"https:\/\/phonelocker.com\/","name":"Casillero del tel\u00e9fono","description":"Estuche para tel\u00e9fono con cerradura","potentialAction":[{"@type":"SearchAction","target":{"@type":"EntryPoint","urlTemplate":"https:\/\/phonelocker.com\/?s={search_term_string}"},"query-input":{"@type":"PropertyValueSpecification","valueRequired":true,"valueName":"search_term_string"}}],"inLanguage":"es"}]}},"_links":{"self":[{"href":"https:\/\/phonelocker.com\/es\/wp-json\/wp\/v2\/pages\/154","targetHints":{"allow":["GET"]}}],"collection":[{"href":"https:\/\/phonelocker.com\/es\/wp-json\/wp\/v2\/pages"}],"about":[{"href":"https:\/\/phonelocker.com\/es\/wp-json\/wp\/v2\/types\/page"}],"author":[{"embeddable":true,"href":"https:\/\/phonelocker.com\/es\/wp-json\/wp\/v2\/users\/1"}],"replies":[{"embeddable":true,"href":"https:\/\/phonelocker.com\/es\/wp-json\/wp\/v2\/comments?post=154"}],"version-history":[{"count":10,"href":"https:\/\/phonelocker.com\/es\/wp-json\/wp\/v2\/pages\/154\/revisions"}],"predecessor-version":[{"id":3278,"href":"https:\/\/phonelocker.com\/es\/wp-json\/wp\/v2\/pages\/154\/revisions\/3278"}],"wp:featuredmedia":[{"embeddable":true,"href":"https:\/\/phonelocker.com\/es\/wp-json\/wp\/v2\/media\/2782"}],"wp:attachment":[{"href":"https:\/\/phonelocker.com\/es\/wp-json\/wp\/v2\/media?parent=154"}],"curies":[{"name":"wp","href":"https:\/\/api.w.org\/{rel}","templated":true}]}}