{"id":179,"date":"2021-06-20T15:37:20","date_gmt":"2021-06-20T15:37:20","guid":{"rendered":"https:\/\/ec2-54-66-210-245.ap-southeast-2.compute.amazonaws.com\/?page_id=179"},"modified":"2026-03-19T10:47:21","modified_gmt":"2026-03-19T10:47:21","slug":"product-benefits","status":"publish","type":"page","link":"https:\/\/phonelocker.com\/es\/product-benefits\/","title":{"rendered":"Beneficios de Phone Locker\u00ae"},"content":{"rendered":"<div class=\"banner has-hover\" id=\"banner-1869146505\">\n          <div class=\"banner-inner fill\">\n        <div class=\"banner-bg fill\" >\n            <div class=\"bg fill bg-fill\"><\/div>\n                                    \n                    <\/div>\n        <div class=\"banner-layers container\">\n            <div class=\"fill banner-link\"><\/div>            \n   <div id=\"text-box-1482217219\" class=\"text-box banner-layer x5 md-x5 lg-x5 y95 md-y50 lg-y50 res-text\">\n                                <div class=\"text-box-content text box-shadow-1\">\n              \n              <div class=\"text-inner text-left\">\n                  \n<h6>Nuestra soluci\u00f3n<\/h6>\n<h3 class=\"uppercase\">Dise\u00f1amos soluciones sin tel\u00e9fono que funcionan<\/h3>\n<p>En la taquilla del tel\u00e9fono<sup>\u00ae<\/sup>, Creemos que guardar el tel\u00e9fono va m\u00e1s all\u00e1 de eliminar una distracci\u00f3n: se trata de desbloquear algo m\u00e1s grande. Nuestras fundas crean espacios donde las personas pueden estar plenamente presentes, donde la atenci\u00f3n se concentra por completo y donde florece la conexi\u00f3n aut\u00e9ntica.<\/p>\n<a rel=\"noopener noreferrer\" href=\"https:\/\/phonelocker.com\/es\/contact\/\" target=\"_blank\" class=\"button primary is-gradient\"  >\n    <span>Cont\u00e1ctenos<\/span>\n  <\/a>\n\n              <\/div>\n           <\/div>\n                            \n<style>\n#text-box-1482217219 .text-box-content {\n  background-color: rgba(255, 255, 255, 0.94);\n  font-size: 100%;\n}\n#text-box-1482217219 .text-inner {\n  padding: 30px 30px 30px 30px;\n}\n#text-box-1482217219 {\n  width: 90%;\n}\n@media (min-width:550px) {\n  #text-box-1482217219 {\n    width: 44%;\n  }\n}\n<\/style>\n    <\/div>\n \n        <\/div>\n      <\/div>\n\n            \n<style>\n#banner-1869146505 {\n  padding-top: 637px;\n}\n#banner-1869146505 .bg.bg-loaded {\n  background-image: url(https:\/\/phonelocker.com\/wp-content\/uploads\/2026\/01\/P1301663-scaled.jpg);\n}\n#banner-1869146505 .bg {\n  background-position: 62% 60%;\n}\n<\/style>\n  <\/div>\n\n\n\t<section class=\"section\" id=\"section_1578331712\">\n\t\t<div class=\"bg section-bg fill bg-fill  bg-loaded\" >\n\n\t\t\t\n\t\t\t<div class=\"section-bg-overlay absolute fill\"><\/div>\n\t\t\t\n\t<div class=\"is-border\"\n\t\tstyle=\"border-width:1px 0px 1px 0px;\">\n\t<\/div>\n\n\t\t<\/div>\n\n\t\t<div class=\"section-content relative\">\n\t\t\t\n<div class=\"row row-large align-middle\"  id=\"row-1981449734\">\n\n\t<div id=\"col-1107292900\" class=\"col small-12 large-12\"  >\n\t\t<div class=\"col-inner\"  >\n\t\t\t\n\t\t\t\n<p style=\"text-align: center;\"><strong>Para escuelas, teatros, lugares de trabajo y eventos en vivo, Phone Locker<sup>\u00ae<\/sup> Restablece la concentraci\u00f3n, la confianza y la confidencialidad. Para las personas, ofrece tranquilidad: el tel\u00e9fono siempre est\u00e1 presente, pero desaparece la constante presi\u00f3n de las notificaciones. El resultado es una libertad excepcional: la libertad de pensar con claridad, de colaborar abiertamente y de vivir los momentos tal como deben ser.<\/strong><\/p>\n<p style=\"text-align: center;\">Casillero del tel\u00e9fono<sup>\u00ae<\/sup> No solo protege los dispositivos. Ayuda a las organizaciones y comunidades a recuperar lo m\u00e1s valioso: la atenci\u00f3n, la conexi\u00f3n y la experiencia aut\u00e9ntica.<\/p>\n\t\t<\/div>\n\t\t\t<\/div>\n\n\t\n<\/div>\n\t\t<\/div>\n\n\t\t\n<style>\n#section_1578331712 {\n  padding-top: 20px;\n  padding-bottom: 20px;\n  background-color: rgb(255, 255, 255);\n}\n#section_1578331712 .section-bg-overlay {\n  background-color: rgba(255, 255, 255, 0.85);\n}\n<\/style>\n\t<\/section>\n\t\n\t<section class=\"section\" id=\"section_831045810\">\n\t\t<div class=\"bg section-bg fill bg-fill  bg-loaded\" >\n\n\t\t\t\n\t\t\t<div class=\"section-bg-overlay absolute fill\"><\/div>\n\t\t\t\n\n\t\t<\/div>\n\n\t\t<div class=\"section-content relative\">\n\t\t\t\n<div class=\"container section-title-container\" ><h1 class=\"section-title section-title-center\"><b><\/b><span class=\"section-title-main\" >Beneficios del producto<\/span><b><\/b><\/h1><\/div>\n<div class=\"row row-large align-middle\"  id=\"row-1697547248\">\n\n\t<div id=\"col-1104900730\" class=\"col medium-6 small-12 large-6\"  >\n\t\t<div class=\"col-inner text-left\"  >\n\t\t\t\n\t\t\t\n<h3>Hecho para tu espacio<\/h3>\n<p>Nuestras fundas para tel\u00e9fonos con cerradura son f\u00e1ciles de usar, lo suficientemente resistentes para entornos de usos m\u00faltiples y est\u00e1n disponibles con una marca personalizada a todo color para alinearse con su escuela, lugar u organizaci\u00f3n.<\/p>\n<h3>Uso seguro, sin inconvenientes y con un solo toque<\/h3>\n<p>El sistema de bloqueo y desbloqueo con un solo toque facilita la gesti\u00f3n del tel\u00e9fono. Sin retrasos. Sin colas. Una experiencia fluida que mantiene a la gente en movimiento y hace que los momentos sean inolvidables.<\/p>\n\t\t<\/div>\n\t\t\t<\/div>\n\n\t\n\n\t<div id=\"col-877399275\" class=\"col medium-6 small-12 large-6\"  >\n\t\t<div class=\"col-inner\"  >\n\t\t\t\n\t\t\t\n\t<div class=\"img has-hover x md-x lg-x y md-y lg-y\" id=\"image_84236930\">\n\t\t\t\t\t\t\t\t<div class=\"img-inner dark\" >\n\t\t\t<img decoding=\"async\" width=\"1020\" height=\"1020\" src=\"https:\/\/phonelocker.com\/wp-content\/uploads\/2026\/02\/Lockable-Magnet-Case-5-1024x1024.jpg\" class=\"attachment-large size-large\" alt=\"\" srcset=\"https:\/\/phonelocker.com\/wp-content\/uploads\/2026\/02\/Lockable-Magnet-Case-5-1024x1024.jpg 1024w, https:\/\/phonelocker.com\/wp-content\/uploads\/2026\/02\/Lockable-Magnet-Case-5-300x300.jpg 300w, https:\/\/phonelocker.com\/wp-content\/uploads\/2026\/02\/Lockable-Magnet-Case-5-150x150.jpg 150w, https:\/\/phonelocker.com\/wp-content\/uploads\/2026\/02\/Lockable-Magnet-Case-5-768x768.jpg 768w, https:\/\/phonelocker.com\/wp-content\/uploads\/2026\/02\/Lockable-Magnet-Case-5-1536x1536.jpg 1536w, https:\/\/phonelocker.com\/wp-content\/uploads\/2026\/02\/Lockable-Magnet-Case-5-12x12.jpg 12w, https:\/\/phonelocker.com\/wp-content\/uploads\/2026\/02\/Lockable-Magnet-Case-5.jpg 2000w\" sizes=\"(max-width: 1020px) 100vw, 1020px\" \/>\t\t\t\t\t\t\n\t\t\t\t\t<\/div>\n\t\t\t\t\t\t\t\t\n<style>\n#image_84236930 {\n  width: 100%;\n}\n<\/style>\n\t<\/div>\n\t\n\t<div class=\"img has-hover x md-x lg-x y md-y lg-y\" id=\"image_1796339576\">\n\t\t\t\t\t\t\t\t<div class=\"img-inner box-shadow-2 dark\" >\n\t\t\t\t\t\t\t\t\t\n\t\t\t\t\t<\/div>\n\t\t\t\t\t\t\t\t\n<style>\n#image_1796339576 {\n  width: 100%;\n}\n<\/style>\n\t<\/div>\n\t\n\t\t<\/div>\n\t\t\t<\/div>\n\n\t\n<\/div>\n\t\t<\/div>\n\n\t\t\n<style>\n#section_831045810 {\n  padding-top: 20px;\n  padding-bottom: 20px;\n  background-color: rgb(193, 193, 193);\n}\n#section_831045810 .section-bg-overlay {\n  background-color: rgba(255, 255, 255, 0.85);\n}\n<\/style>\n\t<\/section>\n\t\n\t<section class=\"section\" id=\"section_1589454327\">\n\t\t<div class=\"bg section-bg fill bg-fill  bg-loaded\" >\n\n\t\t\t\n\t\t\t<div class=\"section-bg-overlay absolute fill\"><\/div>\n\t\t\t\n\n\t\t<\/div>\n\n\t\t<div class=\"section-content relative\">\n\t\t\t\n<div class=\"container section-title-container\" ><h1 class=\"section-title section-title-center\"><b><\/b><span class=\"section-title-main\" >enfoque personalizado<\/span><b><\/b><\/h1><\/div>\n<div class=\"row row-large align-middle\"  id=\"row-1027365554\">\n\n\t<div id=\"col-1139157720\" class=\"col medium-6 small-12 large-6\"  >\n\t\t<div class=\"col-inner text-left\"  >\n\t\t\t\n\t\t\t\n<h3>Apoyo en cada paso del camino<\/h3>\n<p>No solo suministramos el producto, sino que le ayudamos a implementarlo. Desde la planificaci\u00f3n y la comunicaci\u00f3n hasta el soporte in situ, nuestro equipo garantiza que su implementaci\u00f3n sin tel\u00e9fono sea fluida y sin estr\u00e9s. El soporte localizado permite resolver cualquier problema de forma r\u00e1pida y gratuita.<\/p>\n<h3>Con la confianza de comunidades de todo el mundo<\/h3>\n<p data-start=\"1831\" data-end=\"2041\">Las escuelas, los lugares de trabajo y los eventos dependen de Phone Locker.<sup>\u00ae<\/sup> para crear espacios m\u00e1s seguros y concentrados. Fuerte\u00a0<a href=\"https:\/\/uk.trustpilot.com\/review\/phonelocker.com\" target=\"_blank\" rel=\"noopener\">Rese\u00f1as de Trustpilot<\/a>\u00a0y las continuas asociaciones ben\u00e9ficas reflejan nuestro compromiso de generar un impacto positivo m\u00e1s all\u00e1 del producto.<\/p>\n\t\t<\/div>\n\t\t\t<\/div>\n\n\t\n\n\t<div id=\"col-1668489032\" class=\"col medium-6 small-12 large-6\"  >\n\t\t<div class=\"col-inner\"  >\n\t\t\t\n\t\t\t\n\t<div class=\"img has-hover x md-x lg-x y md-y lg-y\" id=\"image_300018132\">\n\t\t\t\t\t\t\t\t<div class=\"img-inner dark\" >\n\t\t\t<img decoding=\"async\" width=\"1020\" height=\"680\" src=\"https:\/\/phonelocker.com\/wp-content\/uploads\/2026\/02\/Insignus-school-staff-1024x683.jpg\" class=\"attachment-large size-large\" alt=\"\" srcset=\"https:\/\/phonelocker.com\/wp-content\/uploads\/2026\/02\/Insignus-school-staff-1024x683.jpg 1024w, https:\/\/phonelocker.com\/wp-content\/uploads\/2026\/02\/Insignus-school-staff-300x200.jpg 300w, https:\/\/phonelocker.com\/wp-content\/uploads\/2026\/02\/Insignus-school-staff-768x512.jpg 768w, https:\/\/phonelocker.com\/wp-content\/uploads\/2026\/02\/Insignus-school-staff-1536x1024.jpg 1536w, https:\/\/phonelocker.com\/wp-content\/uploads\/2026\/02\/Insignus-school-staff-2048x1366.jpg 2048w, https:\/\/phonelocker.com\/wp-content\/uploads\/2026\/02\/Insignus-school-staff-18x12.jpg 18w\" sizes=\"(max-width: 1020px) 100vw, 1020px\" \/>\t\t\t\t\t\t\n\t\t\t\t\t<\/div>\n\t\t\t\t\t\t\t\t\n<style>\n#image_300018132 {\n  width: 100%;\n}\n<\/style>\n\t<\/div>\n\t\n\t<div class=\"img has-hover x md-x lg-x y md-y lg-y\" id=\"image_119253799\">\n\t\t\t\t\t\t\t\t<div class=\"img-inner box-shadow-2 dark\" >\n\t\t\t\t\t\t\t\t\t\n\t\t\t\t\t<\/div>\n\t\t\t\t\t\t\t\t\n<style>\n#image_119253799 {\n  width: 100%;\n}\n<\/style>\n\t<\/div>\n\t\n\t\t<\/div>\n\t\t\t<\/div>\n\n\t\n<\/div>\n\t\t<\/div>\n\n\t\t\n<style>\n#section_1589454327 {\n  padding-top: 20px;\n  padding-bottom: 20px;\n  background-color: rgb(232, 236, 243);\n}\n#section_1589454327 .section-bg-overlay {\n  background-color: rgba(255, 255, 255, 0.85);\n}\n<\/style>\n\t<\/section>\n\t\n\t<section class=\"section\" id=\"section_1379816277\">\n\t\t<div class=\"bg section-bg fill bg-fill  bg-loaded\" >\n\n\t\t\t\n\t\t\t<div class=\"section-bg-overlay absolute fill\"><\/div>\n\t\t\t\n\n\t\t<\/div>\n\n\t\t<div class=\"section-content relative\">\n\t\t\t\n<div class=\"container section-title-container\" ><h1 class=\"section-title section-title-center\"><b><\/b><span class=\"section-title-main\" >Responsable por dise\u00f1o<\/span><b><\/b><\/h1><\/div>\n<div class=\"row row-large align-middle\"  id=\"row-686032412\">\n\n\t<div id=\"col-2111167686\" class=\"col medium-6 small-12 large-6\"  >\n\t\t<div class=\"col-inner text-left\"  >\n\t\t\t\n\t\t\t\n<h3>Cadena de suministro \u00e1gil y dise\u00f1o patentado<\/h3>\n<p>En la taquilla del tel\u00e9fono<sup>\u00ae<\/sup>, No nos limitamos a distribuir el producto de otra persona: dise\u00f1amos, desarrollamos y fabricamos nuestras propias bolsas patentadas. Esto significa que tenemos un control total sobre la calidad, la durabilidad y la sostenibilidad de principio a fin. El dise\u00f1o de nuestras bolsas ha evolucionado gracias a su uso real y a las opiniones de los usuarios, dando como resultado un producto robusto, fiable y duradero.<\/p>\n<p>Como creadores, hemos perfeccionado cada detalle: desde costuras reforzadas y cierres a prueba de manipulaciones hasta materiales ecol\u00f3gicos y un dise\u00f1o intuitivo. Este enfoque pr\u00e1ctico garantiza el rendimiento constante de nuestras bolsas en escuelas, lugares de trabajo y eventos con mucha actividad, d\u00eda tras d\u00eda.<\/p>\n<h3>Seguro, probado y responsable<\/h3>\n<p>Nuestros materiales cumplen con los estrictos est\u00e1ndares REACH y la producci\u00f3n se gestiona en una f\u00e1brica con certificaci\u00f3n BSCI y un alto control ecol\u00f3gico. Nuestras bolsas de larga duraci\u00f3n promueven un uso sostenible y responsable.<\/p>\n<a href=\"https:\/\/phonelocker.com\/es\/the-product\/\" target=\"_self\" class=\"button primary\"  >\n    <span>Explora la funda para tel\u00e9fono<\/span>\n  <\/a>\n\n\t\t<\/div>\n\t\t\t<\/div>\n\n\t\n\n\t<div id=\"col-2133263377\" class=\"col medium-6 small-12 large-6\"  >\n\t\t<div class=\"col-inner\"  >\n\t\t\t\n\t\t\t\n\t<div class=\"img has-hover x md-x lg-x y md-y lg-y\" id=\"image_550346979\">\n\t\t\t\t\t\t\t\t<div class=\"img-inner dark\" >\n\t\t\t<img decoding=\"async\" width=\"1020\" height=\"1020\" src=\"https:\/\/phonelocker.com\/wp-content\/uploads\/2026\/02\/photo-sketch-phone-locker-pouch.png\" class=\"attachment-large size-large\" alt=\"\" srcset=\"https:\/\/phonelocker.com\/wp-content\/uploads\/2026\/02\/photo-sketch-phone-locker-pouch.png 1024w, https:\/\/phonelocker.com\/wp-content\/uploads\/2026\/02\/photo-sketch-phone-locker-pouch-300x300.png 300w, https:\/\/phonelocker.com\/wp-content\/uploads\/2026\/02\/photo-sketch-phone-locker-pouch-150x150.png 150w, https:\/\/phonelocker.com\/wp-content\/uploads\/2026\/02\/photo-sketch-phone-locker-pouch-768x768.png 768w, https:\/\/phonelocker.com\/wp-content\/uploads\/2026\/02\/photo-sketch-phone-locker-pouch-12x12.png 12w\" sizes=\"(max-width: 1020px) 100vw, 1020px\" \/>\t\t\t\t\t\t\n\t\t\t\t\t<\/div>\n\t\t\t\t\t\t\t\t\n<style>\n#image_550346979 {\n  width: 100%;\n}\n<\/style>\n\t<\/div>\n\t\n\t<div class=\"img has-hover x md-x lg-x y md-y lg-y\" id=\"image_1981272281\">\n\t\t\t\t\t\t\t\t<div class=\"img-inner box-shadow-2 dark\" >\n\t\t\t\t\t\t\t\t\t\n\t\t\t\t\t<\/div>\n\t\t\t\t\t\t\t\t\n<style>\n#image_1981272281 {\n  width: 100%;\n}\n<\/style>\n\t<\/div>\n\t\n\t\t<\/div>\n\t\t\t<\/div>\n\n\t\n<\/div>\n\t\t<\/div>\n\n\t\t\n<style>\n#section_1379816277 {\n  padding-top: 20px;\n  padding-bottom: 20px;\n  background-color: rgb(193, 193, 193);\n}\n#section_1379816277 .section-bg-overlay {\n  background-color: rgba(255, 255, 255, 0.85);\n}\n<\/style>\n\t<\/section>\n\t\n\t<section class=\"section\" id=\"section_1042848183\">\n\t\t<div class=\"bg section-bg fill bg-fill  bg-loaded\" >\n\n\t\t\t\n\t\t\t<div class=\"section-bg-overlay absolute fill\"><\/div>\n\t\t\t\n\n\t\t<\/div>\n\n\t\t<div class=\"section-content relative\">\n\t\t\t\n<div class=\"container section-title-container\" ><h1 class=\"section-title section-title-center\"><b><\/b><span class=\"section-title-main\" >nuestra diferencia<\/span><b><\/b><\/h1><\/div>\n<div class=\"row row-large align-middle\"  id=\"row-1197392549\">\n\n\t<div id=\"col-1825135633\" class=\"col medium-6 small-12 large-6\"  >\n\t\t<div class=\"col-inner text-left\"  >\n\t\t\t\n\t\t\t\n<p>Casillero del tel\u00e9fono<sup>\u00ae<\/sup> No se trata solo de proporcionar fundas para m\u00f3viles con cierre; estamos aqu\u00ed para ayudarte a sacarles el m\u00e1ximo partido. Tanto si eres un centro educativo que busca reducir las distracciones, un lugar de trabajo que pretende mejorar la concentraci\u00f3n o un establecimiento que desea crear espacios libres de m\u00f3viles, entendemos que simplemente repartir fundas no es suficiente. Puede que te encuentres con resistencia por parte de alumnos, personal, padres o clientes, y ah\u00ed es donde entramos nosotros.<\/p>\n<p>Ofrecemos soporte personalizado para ayudarle a construir una<strong>\u00a0Implementaci\u00f3n suave y segura<\/strong>. Desde abordar las inquietudes de las partes interesadas y comunicar claramente los beneficios hasta guiarlo en la log\u00edstica de la configuraci\u00f3n y el uso diario, lo acompa\u00f1amos en cada paso del camino.<\/p>\n\t\t<\/div>\n\t\t\t<\/div>\n\n\t\n\n\t<div id=\"col-1607926939\" class=\"col medium-6 small-12 large-6\"  >\n\t\t<div class=\"col-inner\"  >\n\t\t\t\n\t\t\t\n\t<div class=\"img has-hover x md-x lg-x y md-y lg-y\" id=\"image_1241674678\">\n\t\t\t\t\t\t\t\t<div class=\"img-inner dark\" >\n\t\t\t<img decoding=\"async\" width=\"800\" height=\"600\" src=\"https:\/\/phonelocker.com\/wp-content\/uploads\/2026\/01\/SaaS25.jpeg\" class=\"attachment-large size-large\" alt=\"\" srcset=\"https:\/\/phonelocker.com\/wp-content\/uploads\/2026\/01\/SaaS25.jpeg 800w, https:\/\/phonelocker.com\/wp-content\/uploads\/2026\/01\/SaaS25-300x225.jpeg 300w, https:\/\/phonelocker.com\/wp-content\/uploads\/2026\/01\/SaaS25-768x576.jpeg 768w, https:\/\/phonelocker.com\/wp-content\/uploads\/2026\/01\/SaaS25-16x12.jpeg 16w\" sizes=\"(max-width: 800px) 100vw, 800px\" \/>\t\t\t\t\t\t\n\t\t\t\t\t<\/div>\n\t\t\t\t\t\t\t\t\n<style>\n#image_1241674678 {\n  width: 100%;\n}\n<\/style>\n\t<\/div>\n\t\n\t<div class=\"img has-hover x md-x lg-x y md-y lg-y\" id=\"image_1890534649\">\n\t\t\t\t\t\t\t\t<div class=\"img-inner box-shadow-2 dark\" >\n\t\t\t\t\t\t\t\t\t\n\t\t\t\t\t<\/div>\n\t\t\t\t\t\t\t\t\n<style>\n#image_1890534649 {\n  width: 100%;\n}\n<\/style>\n\t<\/div>\n\t\n\t\t<\/div>\n\t\t\t<\/div>\n\n\t\n<\/div>\n\t\t<\/div>\n\n\t\t\n<style>\n#section_1042848183 {\n  padding-top: 20px;\n  padding-bottom: 20px;\n  background-color: rgb(193, 193, 193);\n}\n#section_1042848183 .section-bg-overlay {\n  background-color: rgba(255, 255, 255, 0.85);\n}\n<\/style>\n\t<\/section>\n\t\n<div class=\"message-box relative dark\" style=\"padding-top:40px;padding-bottom:40px;\"><div class=\"message-box-bg-image bg-fill fill\" ><\/div><div class=\"message-box-bg-overlay bg-fill fill\" style=\"background-color:rgb(1, 181, 122);\"><\/div><div class=\"container relative\"><div class=\"inner last-reset\">\n<div class=\"row align-middle align-center\"  id=\"row-1435705009\">\n\n\t<div id=\"col-647666078\" class=\"col medium-9 small-12 large-9\"  >\n\t\t<div class=\"col-inner\"  >\n\t\t\t\n\t\t\t\n<h2 class=\"text--center\">Ponte en contacto con nosotros.<\/h2>\n<p>Para obtener consejos sobre c\u00f3mo prescindir del tel\u00e9fono con Phone Locker<sup>\u00ae<\/sup>, Cont\u00e1ctanos hoy mismo.<\/p>\n\t\t<\/div>\n\t\t\t<\/div>\n\n\t\n\n\t<div id=\"col-1005301643\" class=\"col medium-2 small-12 large-2\"  >\n\t\t<div class=\"col-inner text-center\"  >\n\t\t\t\n\t\t\t\n<a href=\"https:\/\/phonelocker.com\/es\/contact\/\" target=\"_self\" class=\"button white is-outline\"  style=\"border-radius:99px;\">\n    <span>Habla con nuestro equipo<\/span>\n  <\/a>\n\n\t\t<\/div>\n\t\t\t<\/div>\n\n\t\n<\/div>\n<\/div><\/div><\/div>","protected":false},"excerpt":{"rendered":"","protected":false},"author":1,"featured_media":0,"parent":0,"menu_order":0,"comment_status":"closed","ping_status":"closed","template":"page-blank.php","meta":{"footnotes":""},"class_list":["post-179","page","type-page","status-publish","hentry"],"yoast_head":"<!-- This site is optimized with the Yoast SEO plugin v27.1.1 - https:\/\/yoast.com\/product\/yoast-seo-wordpress\/ -->\n<title>Phone Locker\u00ae Benefits - Phone Locker<\/title>\n<meta name=\"robots\" content=\"index, follow, max-snippet:-1, max-image-preview:large, max-video-preview:-1\" \/>\n<link rel=\"canonical\" href=\"https:\/\/phonelocker.com\/es\/product-benefits\/\" \/>\n<meta property=\"og:locale\" content=\"es_ES\" \/>\n<meta property=\"og:type\" content=\"article\" \/>\n<meta property=\"og:title\" content=\"Phone Locker\u00ae Benefits - Phone Locker\" \/>\n<meta property=\"og:url\" content=\"https:\/\/phonelocker.com\/es\/product-benefits\/\" \/>\n<meta property=\"og:site_name\" content=\"Phone Locker\" \/>\n<meta property=\"article:modified_time\" content=\"2026-03-19T10:47:21+00:00\" \/>\n<meta name=\"twitter:card\" content=\"summary_large_image\" \/>\n<meta name=\"twitter:label1\" content=\"Tiempo de lectura\" \/>\n\t<meta name=\"twitter:data1\" content=\"4 minutos\" \/>\n<!-- \/ Yoast SEO plugin. -->","yoast_head_json":{"title":"Phone Locker\u00ae Benefits - Phone Locker","robots":{"index":"index","follow":"follow","max-snippet":"max-snippet:-1","max-image-preview":"max-image-preview:large","max-video-preview":"max-video-preview:-1"},"canonical":"https:\/\/phonelocker.com\/es\/product-benefits\/","og_locale":"es_ES","og_type":"article","og_title":"Phone Locker\u00ae Benefits - Phone Locker","og_url":"https:\/\/phonelocker.com\/es\/product-benefits\/","og_site_name":"Phone Locker","article_modified_time":"2026-03-19T10:47:21+00:00","twitter_card":"summary_large_image","twitter_misc":{"Tiempo de lectura":"4 minutos"},"schema":{"@context":"https:\/\/schema.org","@graph":[{"@type":"WebPage","@id":"https:\/\/phonelocker.com\/product-benefits\/","url":"https:\/\/phonelocker.com\/product-benefits\/","name":"Phone Locker\u00ae Benefits - Phone Locker","isPartOf":{"@id":"https:\/\/phonelocker.com\/#website"},"datePublished":"2021-06-20T15:37:20+00:00","dateModified":"2026-03-19T10:47:21+00:00","breadcrumb":{"@id":"https:\/\/phonelocker.com\/product-benefits\/#breadcrumb"},"inLanguage":"es","potentialAction":[{"@type":"ReadAction","target":["https:\/\/phonelocker.com\/product-benefits\/"]}]},{"@type":"BreadcrumbList","@id":"https:\/\/phonelocker.com\/product-benefits\/#breadcrumb","itemListElement":[{"@type":"ListItem","position":1,"name":"Home","item":"https:\/\/phonelocker.com\/"},{"@type":"ListItem","position":2,"name":"Phone Locker\u00ae Benefits"}]},{"@type":"WebSite","@id":"https:\/\/phonelocker.com\/#website","url":"https:\/\/phonelocker.com\/","name":"Casillero del tel\u00e9fono","description":"Estuche para tel\u00e9fono con cerradura","potentialAction":[{"@type":"SearchAction","target":{"@type":"EntryPoint","urlTemplate":"https:\/\/phonelocker.com\/?s={search_term_string}"},"query-input":{"@type":"PropertyValueSpecification","valueRequired":true,"valueName":"search_term_string"}}],"inLanguage":"es"}]}},"_links":{"self":[{"href":"https:\/\/phonelocker.com\/es\/wp-json\/wp\/v2\/pages\/179","targetHints":{"allow":["GET"]}}],"collection":[{"href":"https:\/\/phonelocker.com\/es\/wp-json\/wp\/v2\/pages"}],"about":[{"href":"https:\/\/phonelocker.com\/es\/wp-json\/wp\/v2\/types\/page"}],"author":[{"embeddable":true,"href":"https:\/\/phonelocker.com\/es\/wp-json\/wp\/v2\/users\/1"}],"replies":[{"embeddable":true,"href":"https:\/\/phonelocker.com\/es\/wp-json\/wp\/v2\/comments?post=179"}],"version-history":[{"count":12,"href":"https:\/\/phonelocker.com\/es\/wp-json\/wp\/v2\/pages\/179\/revisions"}],"predecessor-version":[{"id":3321,"href":"https:\/\/phonelocker.com\/es\/wp-json\/wp\/v2\/pages\/179\/revisions\/3321"}],"wp:attachment":[{"href":"https:\/\/phonelocker.com\/es\/wp-json\/wp\/v2\/media?parent=179"}],"curies":[{"name":"wp","href":"https:\/\/api.w.org\/{rel}","templated":true}]}}