{"id":2818,"date":"2026-02-19T17:25:31","date_gmt":"2026-02-19T17:25:31","guid":{"rendered":"https:\/\/phonelocker.com\/?page_id=2818"},"modified":"2026-03-19T10:36:27","modified_gmt":"2026-03-19T10:36:27","slug":"the-product","status":"publish","type":"page","link":"https:\/\/phonelocker.com\/es\/the-product\/","title":{"rendered":"El producto"},"content":{"rendered":"<div class=\"banner has-hover\" id=\"banner-1400715149\">\n          <div class=\"banner-inner fill\">\n        <div class=\"banner-bg fill\" >\n            <div class=\"bg fill bg-fill\"><\/div>\n                                    \n                    <\/div>\n        <div class=\"banner-layers container\">\n            <div class=\"fill banner-link\"><\/div>            \n   <div id=\"text-box-2073915910\" class=\"text-box banner-layer x5 md-x5 lg-x5 y95 md-y50 lg-y50 res-text\">\n                                <div class=\"text-box-content text box-shadow-1\">\n              \n              <div class=\"text-inner text-left\">\n                  \n<h6>Nuestra soluci\u00f3n<\/h6>\n<h3 class=\"uppercase\">El casillero telef\u00f3nico<sup>\u00ae<\/sup> Bolsa<\/h3>\n<p>Nuestros productos est\u00e1n dise\u00f1ados para hacer que los entornos sin tel\u00e9fonos sean simples, seguros y f\u00e1ciles de administrar.<\/p>\n<p>Ya sea que necesite una soluci\u00f3n puntual o un sistema duradero para uso diario, Phone Locker<sup>\u00ae<\/sup> Ofrece fundas para tel\u00e9fonos con cierre de seguridad de alta calidad, dise\u00f1adas para entornos reales, con opciones que se adaptan a diferentes niveles de control, imagen de marca y escala.<\/p>\n<a rel=\"noopener noreferrer\" href=\"https:\/\/phonelocker.com\/es\/contact\/\" target=\"_blank\" class=\"button primary is-gradient\"  >\n    <span>Cont\u00e1ctenos<\/span>\n  <\/a>\n\n              <\/div>\n           <\/div>\n                            \n<style>\n#text-box-2073915910 .text-box-content {\n  background-color: rgba(255, 255, 255, 0.94);\n  font-size: 100%;\n}\n#text-box-2073915910 .text-inner {\n  padding: 30px 30px 30px 30px;\n}\n#text-box-2073915910 {\n  width: 90%;\n}\n@media (min-width:550px) {\n  #text-box-2073915910 {\n    width: 44%;\n  }\n}\n<\/style>\n    <\/div>\n \n        <\/div>\n      <\/div>\n\n            \n<style>\n#banner-1400715149 {\n  padding-top: 637px;\n}\n#banner-1400715149 .bg.bg-loaded {\n  background-image: url(https:\/\/phonelocker.com\/wp-content\/uploads\/2026\/02\/Phone-Locker_Pouch-Metal-Box.jpg);\n}\n#banner-1400715149 .bg {\n  background-position: 62% 60%;\n}\n<\/style>\n  <\/div>\n\n\n\t<section class=\"section\" id=\"section_17956102\">\n\t\t<div class=\"bg section-bg fill bg-fill  bg-loaded\" >\n\n\t\t\t\n\t\t\t<div class=\"section-bg-overlay absolute fill\"><\/div>\n\t\t\t\n\t<div class=\"is-border\"\n\t\tstyle=\"border-width:1px 0px 1px 0px;\">\n\t<\/div>\n\n\t\t<\/div>\n\n\t\t<div class=\"section-content relative\">\n\t\t\t\n<div class=\"row row-large align-middle\"  id=\"row-1319874124\">\n\n\t<div id=\"col-1830738700\" class=\"col small-12 large-12\"  >\n\t\t<div class=\"col-inner\"  >\n\t\t\t\n\t\t\t\n<p style=\"text-align: center;\"><span style=\"font-size: 120%;\">El casillero telef\u00f3nico<sup>\u00ae<\/sup> Pouch es una soluci\u00f3n sencilla y eficaz dise\u00f1ada para ayudar a escuelas, lugares de trabajo y eventos a crear momentos sin tel\u00e9fonos, sin necesidad de confiscarlos. Los tel\u00e9fonos permanecen seguros con el usuario, mientras que la tecnolog\u00eda de bloqueo de se\u00f1al elimina las distracciones y las notificaciones, favoreciendo la concentraci\u00f3n, la presencia y el bienestar.<\/span><\/p>\n<p><img decoding=\"async\" class=\"size-medium wp-image-2677 aligncenter\" src=\"https:\/\/phonelocker.com\/wp-content\/uploads\/2026\/01\/phonelockerpouch-300x300.png\" alt=\"\" width=\"300\" height=\"300\" srcset=\"https:\/\/phonelocker.com\/wp-content\/uploads\/2026\/01\/phonelockerpouch-300x300.png 300w, https:\/\/phonelocker.com\/wp-content\/uploads\/2026\/01\/phonelockerpouch-1024x1024.png 1024w, https:\/\/phonelocker.com\/wp-content\/uploads\/2026\/01\/phonelockerpouch-150x150.png 150w, https:\/\/phonelocker.com\/wp-content\/uploads\/2026\/01\/phonelockerpouch-768x768.png 768w, https:\/\/phonelocker.com\/wp-content\/uploads\/2026\/01\/phonelockerpouch-1536x1536.png 1536w, https:\/\/phonelocker.com\/wp-content\/uploads\/2026\/01\/phonelockerpouch-2048x2048.png 2048w, https:\/\/phonelocker.com\/wp-content\/uploads\/2026\/01\/phonelockerpouch-12x12.png 12w\" sizes=\"(max-width: 300px) 100vw, 300px\" \/><\/p>\n<p style=\"text-align: center;\">Dise\u00f1ado para el uso diario y con confianza a nivel mundial, el Phone Locker<sup>\u00ae<\/sup> Esta bolsa combina durabilidad, facilidad de uso y un dise\u00f1o inteligente para funcionar a la perfecci\u00f3n en entornos reales.<\/p>\n\t\t<\/div>\n\t\t\t<\/div>\n\n\t\n<\/div>\n\t\t<\/div>\n\n\t\t\n<style>\n#section_17956102 {\n  padding-top: 60px;\n  padding-bottom: 60px;\n  background-color: rgb(255, 255, 255);\n}\n#section_17956102 .section-bg-overlay {\n  background-color: rgba(255, 255, 255, 0.85);\n}\n<\/style>\n\t<\/section>\n\t\n\t<section class=\"section\" id=\"section_662707250\">\n\t\t<div class=\"bg section-bg fill bg-fill  bg-loaded\" >\n\n\t\t\t\n\t\t\t<div class=\"section-bg-overlay absolute fill\"><\/div>\n\t\t\t\n\n\t\t<\/div>\n\n\t\t<div class=\"section-content relative\">\n\t\t\t\n<div class=\"container section-title-container\" ><h1 class=\"section-title section-title-center\"><b><\/b><span class=\"section-title-main\" >MATERIALES Y AJUSTE<\/span><b><\/b><\/h1><\/div>\n<div class=\"row row-large align-middle\"  id=\"row-1192252462\">\n\n\t<div id=\"col-1901009550\" class=\"col medium-6 small-12 large-6\"  >\n\t\t<div class=\"col-inner text-left\"  >\n\t\t\t\n\t\t\t\n<p><strong>Materiales duraderos y de larga duraci\u00f3n<\/strong><br \/>\nFabricado con tejidos reforzados y componentes dise\u00f1ados para un uso diario repetido en entornos de alto tr\u00e1fico.<\/p>\n<p><strong>Ligero y c\u00f3modo.<\/strong><br \/>\nLa construcci\u00f3n delgada y liviana permite a los usuarios mantener su tel\u00e9fono con ellos todo el d\u00eda sin volumen ni incomodidad.<\/p>\n<p><strong>Ajuste uniforme en todos los dispositivos<\/strong><br \/>\nDise\u00f1ado para adaptarse a una amplia gama de tama\u00f1os de tel\u00e9fonos inteligentes manteniendo un rendimiento confiable.<\/p>\n\t\t<\/div>\n\t\t\t<\/div>\n\n\t\n\n\t<div id=\"col-663994625\" class=\"col medium-6 small-12 large-6\"  >\n\t\t<div class=\"col-inner\"  >\n\t\t\t\n\t\t\t\n\t<div class=\"img has-hover x md-x lg-x y md-y lg-y\" id=\"image_1281300096\">\n\t\t\t\t\t\t\t\t<div class=\"img-inner dark\" >\n\t\t\t<img decoding=\"async\" width=\"1020\" height=\"765\" src=\"https:\/\/phonelocker.com\/wp-content\/uploads\/2026\/01\/P1301663-1024x768.jpg\" class=\"attachment-large size-large\" alt=\"\" srcset=\"https:\/\/phonelocker.com\/wp-content\/uploads\/2026\/01\/P1301663-1024x768.jpg 1024w, https:\/\/phonelocker.com\/wp-content\/uploads\/2026\/01\/P1301663-300x225.jpg 300w, https:\/\/phonelocker.com\/wp-content\/uploads\/2026\/01\/P1301663-768x576.jpg 768w, https:\/\/phonelocker.com\/wp-content\/uploads\/2026\/01\/P1301663-1536x1152.jpg 1536w, https:\/\/phonelocker.com\/wp-content\/uploads\/2026\/01\/P1301663-2048x1536.jpg 2048w, https:\/\/phonelocker.com\/wp-content\/uploads\/2026\/01\/P1301663-16x12.jpg 16w\" sizes=\"(max-width: 1020px) 100vw, 1020px\" \/>\t\t\t\t\t\t\n\t\t\t\t\t<\/div>\n\t\t\t\t\t\t\t\t\n<style>\n#image_1281300096 {\n  width: 100%;\n}\n<\/style>\n\t<\/div>\n\t\n\t<div class=\"img has-hover x md-x lg-x y md-y lg-y\" id=\"image_1908448\">\n\t\t\t\t\t\t\t\t<div class=\"img-inner box-shadow-2 dark\" >\n\t\t\t\t\t\t\t\t\t\n\t\t\t\t\t<\/div>\n\t\t\t\t\t\t\t\t\n<style>\n#image_1908448 {\n  width: 100%;\n}\n<\/style>\n\t<\/div>\n\t\n\t\t<\/div>\n\t\t\t<\/div>\n\n\t\n<\/div>\n\t\t<\/div>\n\n\t\t\n<style>\n#section_662707250 {\n  padding-top: 60px;\n  padding-bottom: 60px;\n  background-color: rgb(193, 193, 193);\n}\n#section_662707250 .section-bg-overlay {\n  background-color: rgba(255, 255, 255, 0.85);\n}\n<\/style>\n\t<\/section>\n\t\n\t<section class=\"section\" id=\"section_916031786\">\n\t\t<div class=\"bg section-bg fill bg-fill  bg-loaded\" >\n\n\t\t\t\n\t\t\t<div class=\"section-bg-overlay absolute fill\"><\/div>\n\t\t\t\n\n\t\t<\/div>\n\n\t\t<div class=\"section-content relative\">\n\t\t\t\n<div class=\"container section-title-container\" ><h1 class=\"section-title section-title-center\"><b><\/b><span class=\"section-title-main\" >Innovaci\u00f3n de productos<\/span><b><\/b><\/h1><\/div>\n<div class=\"row row-large align-middle\"  id=\"row-1504590404\">\n\n\t<div id=\"col-1793192210\" class=\"col medium-6 small-12 large-6\"  >\n\t\t<div class=\"col-inner text-left\"  >\n\t\t\t\n\t\t\t\n<p><strong>Mecanismo de bloqueo de bisagra seguro<\/strong><br \/>\nUn robusto sistema de bloqueo mec\u00e1nico garantiza que la bolsa permanezca cerrada de forma segura hasta que se libere en un punto de desbloqueo designado.<\/p>\n<p><strong>Tecnolog\u00eda de bloqueo de se\u00f1ales<\/strong><br \/>\nImpide la conectividad a redes, Bluetooth, auriculares y relojes inteligentes, eliminando notificaciones, llamadas y distracciones.<\/p>\n<p><strong>Dise\u00f1o a prueba de manipulaciones<\/strong><br \/>\nDise\u00f1ado para soportar la manipulaci\u00f3n, el desgaste y los intentos de eludir el sistema, lo que favorece la aplicaci\u00f3n constante de pol\u00edticas.<\/p>\n\t\t<\/div>\n\t\t\t<\/div>\n\n\t\n\n\t<div id=\"col-715223402\" class=\"col medium-6 small-12 large-6\"  >\n\t\t<div class=\"col-inner\"  >\n\t\t\t\n\t\t\t\n\t<div class=\"img has-hover x md-x lg-x y md-y lg-y\" id=\"image_1200478605\">\n\t\t\t\t\t\t\t\t<div class=\"img-inner dark\" >\n\t\t\t<img decoding=\"async\" width=\"1020\" height=\"765\" src=\"https:\/\/phonelocker.com\/wp-content\/uploads\/2026\/01\/P1301686-1024x768.jpg\" class=\"attachment-large size-large\" alt=\"\" srcset=\"https:\/\/phonelocker.com\/wp-content\/uploads\/2026\/01\/P1301686-1024x768.jpg 1024w, https:\/\/phonelocker.com\/wp-content\/uploads\/2026\/01\/P1301686-300x225.jpg 300w, https:\/\/phonelocker.com\/wp-content\/uploads\/2026\/01\/P1301686-768x576.jpg 768w, https:\/\/phonelocker.com\/wp-content\/uploads\/2026\/01\/P1301686-1536x1152.jpg 1536w, https:\/\/phonelocker.com\/wp-content\/uploads\/2026\/01\/P1301686-2048x1536.jpg 2048w, https:\/\/phonelocker.com\/wp-content\/uploads\/2026\/01\/P1301686-16x12.jpg 16w\" sizes=\"(max-width: 1020px) 100vw, 1020px\" \/>\t\t\t\t\t\t\n\t\t\t\t\t<\/div>\n\t\t\t\t\t\t\t\t\n<style>\n#image_1200478605 {\n  width: 100%;\n}\n<\/style>\n\t<\/div>\n\t\n\t<div class=\"img has-hover x md-x lg-x y md-y lg-y\" id=\"image_229058308\">\n\t\t\t\t\t\t\t\t<div class=\"img-inner box-shadow-2 dark\" >\n\t\t\t\t\t\t\t\t\t\n\t\t\t\t\t<\/div>\n\t\t\t\t\t\t\t\t\n<style>\n#image_229058308 {\n  width: 100%;\n}\n<\/style>\n\t<\/div>\n\t\n\t\t<\/div>\n\t\t\t<\/div>\n\n\t\n<\/div>\n\t\t<\/div>\n\n\t\t\n<style>\n#section_916031786 {\n  padding-top: 60px;\n  padding-bottom: 60px;\n  background-color: rgb(232, 236, 243);\n}\n#section_916031786 .section-bg-overlay {\n  background-color: rgba(255, 255, 255, 0.85);\n}\n<\/style>\n\t<\/section>\n\t\n\t<section class=\"section\" id=\"section_412906612\">\n\t\t<div class=\"bg section-bg fill bg-fill  bg-loaded\" >\n\n\t\t\t\n\t\t\t<div class=\"section-bg-overlay absolute fill\"><\/div>\n\t\t\t\n\n\t\t<\/div>\n\n\t\t<div class=\"section-content relative\">\n\t\t\t\n<div class=\"container section-title-container\" ><h1 class=\"section-title section-title-center\"><b><\/b><span class=\"section-title-main\" >Dise\u00f1o e implementaci\u00f3n<\/span><b><\/b><\/h1><\/div>\n<div class=\"row row-large align-middle\"  id=\"row-301571735\">\n\n\t<div id=\"col-1270464884\" class=\"col medium-6 small-12 large-6\"  >\n\t\t<div class=\"col-inner text-left\"  >\n\t\t\t\n\t\t\t\n<p><strong>Opciones de dise\u00f1o personalizado<\/strong><br \/>\nImpresi\u00f3n a todo color y logotipo.<\/p>\n<p><strong>Incorporaci\u00f3n de servicio completo<\/strong><br \/>\nDesde la planificaci\u00f3n del sitio hasta las plantillas de documentos, nuestro equipo le proporciona los pasos que necesita para que su experiencia sin tel\u00e9fono sea perfecta.<\/p>\n<p><strong>F\u00e1cil de implementar y administrar<\/strong><br \/>\nProceso simple de apertura y cierre con m\u00ednima capacitaci\u00f3n requerida para el personal y los usuarios.<\/p>\n\t\t<\/div>\n\t\t\t<\/div>\n\n\t\n\n\t<div id=\"col-177077386\" class=\"col medium-6 small-12 large-6\"  >\n\t\t<div class=\"col-inner\"  >\n\t\t\t\n\t\t\t\n\t<div class=\"img has-hover x md-x lg-x y md-y lg-y\" id=\"image_1196231438\">\n\t\t\t\t\t\t\t\t<div class=\"img-inner dark\" >\n\t\t\t<img decoding=\"async\" width=\"1020\" height=\"765\" src=\"https:\/\/phonelocker.com\/wp-content\/uploads\/2026\/01\/P1301690-1024x768.jpg\" class=\"attachment-large size-large\" alt=\"\" srcset=\"https:\/\/phonelocker.com\/wp-content\/uploads\/2026\/01\/P1301690-1024x768.jpg 1024w, https:\/\/phonelocker.com\/wp-content\/uploads\/2026\/01\/P1301690-300x225.jpg 300w, https:\/\/phonelocker.com\/wp-content\/uploads\/2026\/01\/P1301690-768x576.jpg 768w, https:\/\/phonelocker.com\/wp-content\/uploads\/2026\/01\/P1301690-1536x1152.jpg 1536w, https:\/\/phonelocker.com\/wp-content\/uploads\/2026\/01\/P1301690-2048x1536.jpg 2048w, https:\/\/phonelocker.com\/wp-content\/uploads\/2026\/01\/P1301690-16x12.jpg 16w\" sizes=\"(max-width: 1020px) 100vw, 1020px\" \/>\t\t\t\t\t\t\n\t\t\t\t\t<\/div>\n\t\t\t\t\t\t\t\t\n<style>\n#image_1196231438 {\n  width: 100%;\n}\n<\/style>\n\t<\/div>\n\t\n\t<div class=\"img has-hover x md-x lg-x y md-y lg-y\" id=\"image_1452399667\">\n\t\t\t\t\t\t\t\t<div class=\"img-inner box-shadow-2 dark\" >\n\t\t\t\t\t\t\t\t\t\n\t\t\t\t\t<\/div>\n\t\t\t\t\t\t\t\t\n<style>\n#image_1452399667 {\n  width: 100%;\n}\n<\/style>\n\t<\/div>\n\t\n\t\t<\/div>\n\t\t\t<\/div>\n\n\t\n<\/div>\n\t\t<\/div>\n\n\t\t\n<style>\n#section_412906612 {\n  padding-top: 60px;\n  padding-bottom: 60px;\n  background-color: rgb(193, 193, 193);\n}\n#section_412906612 .section-bg-overlay {\n  background-color: rgba(255, 255, 255, 0.85);\n}\n<\/style>\n\t<\/section>\n\t\n\t<section class=\"section info-card-1\" id=\"section_1189735656\">\n\t\t<div class=\"bg section-bg fill bg-fill  bg-loaded\" >\n\n\t\t\t\n\t\t\t\n\t\t\t\n\n\t\t<\/div>\n\n\t\t<div class=\"section-content relative\">\n\t\t\t\n<div class=\"row row-small align-equal\"  id=\"row-1342407981\">\n\n\t<div id=\"col-1435640880\" class=\"col medium-4 small-12 large-4\"  >\n\t\t<div class=\"col-inner\"  >\n\t\t\t\n\t\t\t\n\t<div class=\"box has-hover   has-hover box-push box-text-bottom\" >\n\n\t\t<div class=\"box-image\" >\n\t\t\t<a href=\"https:\/\/phonelocker.com\/es\/lockable-phone-pouches\/\" target=\"_blank\" rel=\"noopener noreferrer\" >\t\t\t<div class=\"image-zoom image-cover\" style=\"padding-top:70%;\">\n\t\t\t\t<img decoding=\"async\" width=\"2560\" height=\"2560\" src=\"https:\/\/phonelocker.com\/wp-content\/uploads\/2026\/02\/Phone-Locker_Pouch-Metal-Box.jpg\" class=\"attachment- size-\" alt=\"\" srcset=\"https:\/\/phonelocker.com\/wp-content\/uploads\/2026\/02\/Phone-Locker_Pouch-Metal-Box.jpg 2560w, https:\/\/phonelocker.com\/wp-content\/uploads\/2026\/02\/Phone-Locker_Pouch-Metal-Box-300x300.jpg 300w, https:\/\/phonelocker.com\/wp-content\/uploads\/2026\/02\/Phone-Locker_Pouch-Metal-Box-1024x1024.jpg 1024w, https:\/\/phonelocker.com\/wp-content\/uploads\/2026\/02\/Phone-Locker_Pouch-Metal-Box-150x150.jpg 150w, https:\/\/phonelocker.com\/wp-content\/uploads\/2026\/02\/Phone-Locker_Pouch-Metal-Box-768x768.jpg 768w, https:\/\/phonelocker.com\/wp-content\/uploads\/2026\/02\/Phone-Locker_Pouch-Metal-Box-1536x1536.jpg 1536w, https:\/\/phonelocker.com\/wp-content\/uploads\/2026\/02\/Phone-Locker_Pouch-Metal-Box-2048x2048.jpg 2048w, https:\/\/phonelocker.com\/wp-content\/uploads\/2026\/02\/Phone-Locker_Pouch-Metal-Box-12x12.jpg 12w\" sizes=\"(max-width: 2560px) 100vw, 2560px\" \/>\t\t\t\t\t\t\t\t\t\t\t<\/div>\n\t\t\t<\/a>\t\t<\/div>\n\n\t\t<div class=\"box-text text-center\" style=\"background-color:rgb(255, 255, 255);padding:20px 5% 20px 5%;\">\n\t\t\t<div class=\"box-text-inner\">\n\t\t\t\t\n<h4>Bolsas y sistemas de desbloqueo<\/h4>\n<p>Los detalles que necesita para tomar la decisi\u00f3n adecuada para usted.<\/p>\n<a href=\"https:\/\/phonelocker.com\/es\/lockable-phone-pouches\/\" target=\"_self\" class=\"button primary is-underline\"  >\n    <span>Ver bolsillos<\/span>\n  <\/a>\n\n\t\t\t<\/div>\n\t\t<\/div>\n\t<\/div>\n\t\n\t\t<\/div>\n\t\t\t<\/div>\n\n\t\n\n\t<div id=\"col-1663354623\" class=\"col medium-4 small-12 large-4\"  >\n\t\t<div class=\"col-inner\"  >\n\t\t\t\n\t\t\t\n\t<div class=\"box has-hover   has-hover box-push box-text-bottom\" >\n\n\t\t<div class=\"box-image\" >\n\t\t\t<a href=\"https:\/\/phonelocker.com\/es\/accessories\/\" target=\"_blank\" rel=\"noopener noreferrer\" >\t\t\t<div class=\"image-zoom image-cover\" style=\"padding-top:70%;\">\n\t\t\t\t<img decoding=\"async\" width=\"2560\" height=\"1920\" src=\"https:\/\/phonelocker.com\/wp-content\/uploads\/2026\/02\/phone-locker-lanyard-pouch.jpg\" class=\"attachment- size-\" alt=\"\" srcset=\"https:\/\/phonelocker.com\/wp-content\/uploads\/2026\/02\/phone-locker-lanyard-pouch.jpg 2560w, https:\/\/phonelocker.com\/wp-content\/uploads\/2026\/02\/phone-locker-lanyard-pouch-300x225.jpg 300w, https:\/\/phonelocker.com\/wp-content\/uploads\/2026\/02\/phone-locker-lanyard-pouch-1024x768.jpg 1024w, https:\/\/phonelocker.com\/wp-content\/uploads\/2026\/02\/phone-locker-lanyard-pouch-768x576.jpg 768w, https:\/\/phonelocker.com\/wp-content\/uploads\/2026\/02\/phone-locker-lanyard-pouch-1536x1152.jpg 1536w, https:\/\/phonelocker.com\/wp-content\/uploads\/2026\/02\/phone-locker-lanyard-pouch-2048x1536.jpg 2048w, https:\/\/phonelocker.com\/wp-content\/uploads\/2026\/02\/phone-locker-lanyard-pouch-16x12.jpg 16w\" sizes=\"(max-width: 2560px) 100vw, 2560px\" \/>\t\t\t\t\t\t\t\t\t\t\t<\/div>\n\t\t\t<\/a>\t\t<\/div>\n\n\t\t<div class=\"box-text text-center\" style=\"background-color:rgb(255, 255, 255);padding:20px 5% 20px 5%;\">\n\t\t\t<div class=\"box-text-inner\">\n\t\t\t\t\n<h4>Accesorios de bolsa de apoyo<\/h4>\n<p>Desde cordones hasta bolsos, todos los complementos que necesitas.<\/p>\n<a rel=\"noopener noreferrer\" href=\"https:\/\/phonelocker.com\/es\/accessories\/\" target=\"_blank\" class=\"button primary is-underline\"  >\n    <span>Ver accesorios<\/span>\n  <\/a>\n\n\t\t\t<\/div>\n\t\t<\/div>\n\t<\/div>\n\t\n\t\t<\/div>\n\t\t\t<\/div>\n\n\t\n\n\t<div id=\"col-1611043404\" class=\"col medium-4 small-12 large-4\"  >\n\t\t<div class=\"col-inner\"  >\n\t\t\t\n\t\t\t\n\t<div class=\"box has-hover   has-hover box-push box-text-bottom\" >\n\n\t\t<div class=\"box-image\" >\n\t\t\t<a href=\"https:\/\/phonelocker.com\/es\/contact\/\" target=\"_blank\" rel=\"noopener noreferrer\" >\t\t\t<div class=\"image-zoom image-cover\" style=\"padding-top:70%;\">\n\t\t\t\t<img decoding=\"async\" width=\"1200\" height=\"600\" src=\"https:\/\/phonelocker.com\/wp-content\/uploads\/2026\/02\/Website-Images.jpg\" class=\"attachment- size-\" alt=\"\" srcset=\"https:\/\/phonelocker.com\/wp-content\/uploads\/2026\/02\/Website-Images.jpg 1200w, https:\/\/phonelocker.com\/wp-content\/uploads\/2026\/02\/Website-Images-300x150.jpg 300w, https:\/\/phonelocker.com\/wp-content\/uploads\/2026\/02\/Website-Images-1024x512.jpg 1024w, https:\/\/phonelocker.com\/wp-content\/uploads\/2026\/02\/Website-Images-768x384.jpg 768w, https:\/\/phonelocker.com\/wp-content\/uploads\/2026\/02\/Website-Images-18x9.jpg 18w\" sizes=\"(max-width: 1200px) 100vw, 1200px\" \/>\t\t\t\t\t\t\t\t\t\t\t<\/div>\n\t\t\t<\/a>\t\t<\/div>\n\n\t\t<div class=\"box-text text-center\" style=\"background-color:rgb(255, 255, 255);padding:20px 5% 20px 5%;\">\n\t\t\t<div class=\"box-text-inner\">\n\t\t\t\t\n<h4>Habla con nuestro equipo.<\/h4>\n<p>Para consultas generales, m\u00e1s informaci\u00f3n y orientaci\u00f3n.<\/p>\n<a href=\"https:\/\/phonelocker.com\/es\/contact\/\" target=\"_self\" class=\"button primary is-underline\"  >\n    <span>Cont\u00e1ctenos<\/span>\n  <\/a>\n\n\t\t\t<\/div>\n\t\t<\/div>\n\t<\/div>\n\t\n\t\t<\/div>\n\t\t\t<\/div>\n\n\t\n\n<style>\n#row-1342407981 > .col > .col-inner {\n  background-color: rgb(255,255,255);\n}\n<\/style>\n<\/div>\n\t\t<\/div>\n\n\t\t\n<style>\n#section_1189735656 {\n  padding-top: 50px;\n  padding-bottom: 50px;\n  background-color: rgb(32, 64, 154);\n}\n<\/style>\n\t<\/section>","protected":false},"excerpt":{"rendered":"","protected":false},"author":1,"featured_media":0,"parent":0,"menu_order":0,"comment_status":"closed","ping_status":"closed","template":"page-blank.php","meta":{"inline_featured_image":false,"footnotes":""},"class_list":["post-2818","page","type-page","status-publish","hentry"],"yoast_head":"<!-- This site is optimized with the Yoast SEO plugin v27.4 - https:\/\/yoast.com\/product\/yoast-seo-wordpress\/ -->\n<title>The Product - Phone Locker<\/title>\n<meta name=\"robots\" content=\"index, follow, max-snippet:-1, max-image-preview:large, max-video-preview:-1\" \/>\n<link rel=\"canonical\" href=\"https:\/\/phonelocker.com\/es\/the-product\/\" \/>\n<meta property=\"og:locale\" content=\"es_ES\" \/>\n<meta property=\"og:type\" content=\"article\" \/>\n<meta property=\"og:title\" content=\"The Product - Phone Locker\" \/>\n<meta property=\"og:url\" content=\"https:\/\/phonelocker.com\/es\/the-product\/\" \/>\n<meta property=\"og:site_name\" content=\"Phone Locker\" \/>\n<meta property=\"article:modified_time\" content=\"2026-03-19T10:36:27+00:00\" \/>\n<meta property=\"og:image\" content=\"https:\/\/phonelocker.com\/wp-content\/uploads\/2026\/01\/phonelockerpouch-1024x1024.png\" \/>\n\t<meta property=\"og:image:width\" content=\"1024\" \/>\n\t<meta property=\"og:image:height\" content=\"1024\" \/>\n\t<meta property=\"og:image:type\" content=\"image\/png\" \/>\n<meta name=\"twitter:card\" content=\"summary_large_image\" \/>\n<meta name=\"twitter:label1\" content=\"Tiempo de lectura\" \/>\n\t<meta name=\"twitter:data1\" content=\"3 minutos\" \/>\n<!-- \/ Yoast SEO plugin. -->","yoast_head_json":{"title":"El producto: casillero para tel\u00e9fono","robots":{"index":"index","follow":"follow","max-snippet":"max-snippet:-1","max-image-preview":"max-image-preview:large","max-video-preview":"max-video-preview:-1"},"canonical":"https:\/\/phonelocker.com\/es\/the-product\/","og_locale":"es_ES","og_type":"article","og_title":"The Product - Phone Locker","og_url":"https:\/\/phonelocker.com\/es\/the-product\/","og_site_name":"Phone Locker","article_modified_time":"2026-03-19T10:36:27+00:00","og_image":[{"width":1024,"height":1024,"url":"https:\/\/phonelocker.com\/wp-content\/uploads\/2026\/01\/phonelockerpouch-1024x1024.png","type":"image\/png"}],"twitter_card":"summary_large_image","twitter_misc":{"Tiempo de lectura":"3 minutos"},"schema":{"@context":"https:\/\/schema.org","@graph":[{"@type":"WebPage","@id":"https:\/\/phonelocker.com\/the-product\/","url":"https:\/\/phonelocker.com\/the-product\/","name":"El producto: casillero para tel\u00e9fono","isPartOf":{"@id":"https:\/\/phonelocker.com\/#website"},"primaryImageOfPage":{"@id":"https:\/\/phonelocker.com\/the-product\/#primaryimage"},"image":{"@id":"https:\/\/phonelocker.com\/the-product\/#primaryimage"},"thumbnailUrl":"https:\/\/phonelocker.com\/wp-content\/uploads\/2026\/01\/phonelockerpouch-300x300.png","datePublished":"2026-02-19T17:25:31+00:00","dateModified":"2026-03-19T10:36:27+00:00","breadcrumb":{"@id":"https:\/\/phonelocker.com\/the-product\/#breadcrumb"},"inLanguage":"es","potentialAction":[{"@type":"ReadAction","target":["https:\/\/phonelocker.com\/the-product\/"]}]},{"@type":"ImageObject","inLanguage":"es","@id":"https:\/\/phonelocker.com\/the-product\/#primaryimage","url":"https:\/\/phonelocker.com\/wp-content\/uploads\/2026\/01\/phonelockerpouch-300x300.png","contentUrl":"https:\/\/phonelocker.com\/wp-content\/uploads\/2026\/01\/phonelockerpouch-300x300.png"},{"@type":"BreadcrumbList","@id":"https:\/\/phonelocker.com\/the-product\/#breadcrumb","itemListElement":[{"@type":"ListItem","position":1,"name":"Home","item":"https:\/\/phonelocker.com\/"},{"@type":"ListItem","position":2,"name":"The Product"}]},{"@type":"WebSite","@id":"https:\/\/phonelocker.com\/#website","url":"https:\/\/phonelocker.com\/","name":"Casillero del tel\u00e9fono","description":"Estuche para tel\u00e9fono con cerradura","potentialAction":[{"@type":"SearchAction","target":{"@type":"EntryPoint","urlTemplate":"https:\/\/phonelocker.com\/?s={search_term_string}"},"query-input":{"@type":"PropertyValueSpecification","valueRequired":true,"valueName":"search_term_string"}}],"inLanguage":"es"}]}},"_links":{"self":[{"href":"https:\/\/phonelocker.com\/es\/wp-json\/wp\/v2\/pages\/2818","targetHints":{"allow":["GET"]}}],"collection":[{"href":"https:\/\/phonelocker.com\/es\/wp-json\/wp\/v2\/pages"}],"about":[{"href":"https:\/\/phonelocker.com\/es\/wp-json\/wp\/v2\/types\/page"}],"author":[{"embeddable":true,"href":"https:\/\/phonelocker.com\/es\/wp-json\/wp\/v2\/users\/1"}],"replies":[{"embeddable":true,"href":"https:\/\/phonelocker.com\/es\/wp-json\/wp\/v2\/comments?post=2818"}],"version-history":[{"count":10,"href":"https:\/\/phonelocker.com\/es\/wp-json\/wp\/v2\/pages\/2818\/revisions"}],"predecessor-version":[{"id":3316,"href":"https:\/\/phonelocker.com\/es\/wp-json\/wp\/v2\/pages\/2818\/revisions\/3316"}],"wp:attachment":[{"href":"https:\/\/phonelocker.com\/es\/wp-json\/wp\/v2\/media?parent=2818"}],"curies":[{"name":"wp","href":"https:\/\/api.w.org\/{rel}","templated":true}]}}