{"id":2823,"date":"2026-02-19T17:33:44","date_gmt":"2026-02-19T17:33:44","guid":{"rendered":"https:\/\/phonelocker.com\/?page_id=2823"},"modified":"2026-03-19T10:38:03","modified_gmt":"2026-03-19T10:38:03","slug":"lockable-phone-pouches","status":"publish","type":"page","link":"https:\/\/phonelocker.com\/es\/lockable-phone-pouches\/","title":{"rendered":"Fundas para tel\u00e9fono con cerradura"},"content":{"rendered":"<div class=\"banner has-hover\" id=\"banner-509109874\">\n          <div class=\"banner-inner fill\">\n        <div class=\"banner-bg fill\" >\n            <div class=\"bg fill bg-fill\"><\/div>\n                                    \n                    <\/div>\n        <div class=\"banner-layers container\">\n            <div class=\"fill banner-link\"><\/div>            \n   <div id=\"text-box-332759340\" class=\"text-box banner-layer x5 md-x5 lg-x5 y95 md-y50 lg-y50 res-text\">\n                                <div class=\"text-box-content text box-shadow-1\">\n              \n              <div class=\"text-inner text-left\">\n                  \n<h6>Nuestra soluci\u00f3n<\/h6>\n<h3 class=\"uppercase\">El casillero telef\u00f3nico<sup>\u00ae<\/sup> Gama de bolsas<\/h3>\n<p>Nuestras fundas para tel\u00e9fono con cerradura se utilizan en todo el mundo, ayudando a escuelas, recintos y eventos a crear espacios sin tel\u00e9fono para disfrutar del momento. Nuestro dise\u00f1o patentado de funda est\u00e1 disponible en varias versiones, lo que ofrece la m\u00e1xima flexibilidad para adaptarse a sus necesidades.<\/p>\n<a href=\"https:\/\/phonelocker.com\/es\/contact\/\" target=\"_self\" class=\"button primary is-gradient\"  >\n    <span>Cont\u00e1ctenos<\/span>\n  <\/a>\n\n              <\/div>\n           <\/div>\n                            \n<style>\n#text-box-332759340 .text-box-content {\n  background-color: rgba(255, 255, 255, 0.94);\n  font-size: 100%;\n}\n#text-box-332759340 .text-inner {\n  padding: 30px 30px 30px 30px;\n}\n#text-box-332759340 {\n  width: 90%;\n}\n@media (min-width:550px) {\n  #text-box-332759340 {\n    width: 44%;\n  }\n}\n<\/style>\n    <\/div>\n \n        <\/div>\n      <\/div>\n\n            \n<style>\n#banner-509109874 {\n  padding-top: 637px;\n}\n#banner-509109874 .bg.bg-loaded {\n  background-image: url(https:\/\/phonelocker.com\/wp-content\/uploads\/2026\/01\/P1301661-scaled.jpg);\n}\n#banner-509109874 .bg {\n  background-position: 62% 60%;\n}\n<\/style>\n  <\/div>\n\n\n\t<section class=\"section\" id=\"section_2109665923\">\n\t\t<div class=\"bg section-bg fill bg-fill  bg-loaded\" >\n\n\t\t\t\n\t\t\t<div class=\"section-bg-overlay absolute fill\"><\/div>\n\t\t\t\n\n\t\t<\/div>\n\n\t\t<div class=\"section-content relative\">\n\t\t\t\n<div class=\"container section-title-container\" ><h1 class=\"section-title section-title-center\"><b><\/b><span class=\"section-title-main\" >Bolsas<\/span><b><\/b><\/h1><\/div>\n<div class=\"row row-large align-middle\"  id=\"row-1010589028\">\n\n\t<div id=\"col-674207723\" class=\"col medium-6 small-12 large-6\"  >\n\t\t<div class=\"col-inner text-left\"  >\n\t\t\t\n\t\t\t\n<h3><strong>Bolsa est\u00e1ndar<\/strong><\/h3>\n<p>Nuestro casillero telef\u00f3nico est\u00e1ndar<sup>\u00ae<\/sup> Medidas de la bolsa\u00a0<strong>135 mm x 280 mm<\/strong>, dise\u00f1ado para adaptarse a la gran mayor\u00eda de tel\u00e9fonos inteligentes de forma segura y c\u00f3moda. Un\u00a0<strong>tama\u00f1o m\u00e1s peque\u00f1o (128 mm x 255 mm)<\/strong>\u00a0Tambi\u00e9n est\u00e1 disponible bajo petici\u00f3n.<\/p>\n<h3><strong>Casillero del tel\u00e9fono<sup>\u00ae<\/sup> Bolsa bloqueadora de se\u00f1al<\/strong><\/h3>\n<p><strong>Nuestra opci\u00f3n m\u00e1s popular<\/strong><\/p>\n<p>Esta bolsa con cerradura ofrece la misma forma y funci\u00f3n que la versi\u00f3n est\u00e1ndar, con el beneficio adicional de la tecnolog\u00eda incorporada para\u00a0<strong>bloquear se\u00f1ales de Bluetooth, Wi-Fi y redes m\u00f3viles<\/strong>. Proporciona mayor seguridad y tranquilidad en entornos donde la conectividad debe estar totalmente restringida.<\/p>\n<p><strong>Tama\u00f1o: 135 mm x 280 mm<\/strong><\/p>\n\t\t<\/div>\n\t\t\t<\/div>\n\n\t\n\n\t<div id=\"col-1834033471\" class=\"col medium-6 small-12 large-6\"  >\n\t\t<div class=\"col-inner\"  >\n\t\t\t\n\t\t\t\n\t<div class=\"img has-hover x md-x lg-x y md-y lg-y\" id=\"image_1793065712\">\n\t\t\t\t\t\t\t\t<div class=\"img-inner dark\" >\n\t\t\t<img decoding=\"async\" width=\"1020\" height=\"765\" src=\"https:\/\/phonelocker.com\/wp-content\/uploads\/2026\/01\/P1301659-Edited-1024x768.png\" class=\"attachment-large size-large\" alt=\"\" srcset=\"https:\/\/phonelocker.com\/wp-content\/uploads\/2026\/01\/P1301659-Edited-1024x768.png 1024w, https:\/\/phonelocker.com\/wp-content\/uploads\/2026\/01\/P1301659-Edited-300x225.png 300w, https:\/\/phonelocker.com\/wp-content\/uploads\/2026\/01\/P1301659-Edited-768x576.png 768w, https:\/\/phonelocker.com\/wp-content\/uploads\/2026\/01\/P1301659-Edited-1536x1152.png 1536w, https:\/\/phonelocker.com\/wp-content\/uploads\/2026\/01\/P1301659-Edited-2048x1536.png 2048w, https:\/\/phonelocker.com\/wp-content\/uploads\/2026\/01\/P1301659-Edited-16x12.png 16w\" sizes=\"(max-width: 1020px) 100vw, 1020px\" \/>\t\t\t\t\t\t\n\t\t\t\t\t<\/div>\n\t\t\t\t\t\t\t\t\n<style>\n#image_1793065712 {\n  width: 100%;\n}\n<\/style>\n\t<\/div>\n\t\n\t<div class=\"img has-hover x md-x lg-x y md-y lg-y\" id=\"image_555393528\">\n\t\t\t\t\t\t\t\t<div class=\"img-inner box-shadow-2 dark\" >\n\t\t\t\t\t\t\t\t\t\n\t\t\t\t\t<\/div>\n\t\t\t\t\t\t\t\t\n<style>\n#image_555393528 {\n  width: 100%;\n}\n<\/style>\n\t<\/div>\n\t\n\t\t<\/div>\n\t\t\t<\/div>\n\n\t\n<\/div>\n<div class=\"row row-large align-middle\"  id=\"row-56705902\">\n\n\t<div id=\"col-1180093328\" class=\"col medium-6 small-12 large-6\"  >\n\t\t<div class=\"col-inner text-left\"  >\n\t\t\t\n\t\t\t\n<h3><strong>Casillero del tel\u00e9fono<sup>\u00ae<\/sup> Bolsa m\u00e9dica<\/strong><\/h3>\n<p>Dise\u00f1ada para usuarios que necesitan acceder a su tel\u00e9fono por razones m\u00e9dicas, la funda m\u00e9dica tiene un dise\u00f1o similar al de la funda est\u00e1ndar, pero cuenta con un sencillo cierre de velcro en lugar de un candado. Esto garantiza la inclusi\u00f3n en espacios sin tel\u00e9fonos.\u00a0<strong>Sin se\u00f1alar a individuos con necesidades m\u00e9dicas<\/strong>.<\/p>\n<p><strong>Tama\u00f1o: 135 mm x 280 mm<\/strong><\/p>\n\t\t<\/div>\n\t\t\t<\/div>\n\n\t\n\n\t<div id=\"col-65408023\" class=\"col medium-6 small-12 large-6\"  >\n\t\t<div class=\"col-inner\"  >\n\t\t\t\n\t\t\t\n\t<div class=\"img has-hover x md-x lg-x y md-y lg-y\" id=\"image_1788598442\">\n\t\t\t\t\t\t\t\t<div class=\"img-inner dark\" >\n\t\t\t<img decoding=\"async\" width=\"1020\" height=\"1020\" src=\"https:\/\/phonelocker.com\/wp-content\/uploads\/2026\/02\/medical-pouch-1024x1024.jpg\" class=\"attachment-large size-large\" alt=\"\" srcset=\"https:\/\/phonelocker.com\/wp-content\/uploads\/2026\/02\/medical-pouch-1024x1024.jpg 1024w, https:\/\/phonelocker.com\/wp-content\/uploads\/2026\/02\/medical-pouch-300x300.jpg 300w, https:\/\/phonelocker.com\/wp-content\/uploads\/2026\/02\/medical-pouch-150x150.jpg 150w, https:\/\/phonelocker.com\/wp-content\/uploads\/2026\/02\/medical-pouch-768x768.jpg 768w, https:\/\/phonelocker.com\/wp-content\/uploads\/2026\/02\/medical-pouch-1536x1536.jpg 1536w, https:\/\/phonelocker.com\/wp-content\/uploads\/2026\/02\/medical-pouch-2048x2048.jpg 2048w, https:\/\/phonelocker.com\/wp-content\/uploads\/2026\/02\/medical-pouch-12x12.jpg 12w\" sizes=\"(max-width: 1020px) 100vw, 1020px\" \/>\t\t\t\t\t\t\n\t\t\t\t\t<\/div>\n\t\t\t\t\t\t\t\t\n<style>\n#image_1788598442 {\n  width: 100%;\n}\n<\/style>\n\t<\/div>\n\t\n\t<div class=\"img has-hover x md-x lg-x y md-y lg-y\" id=\"image_1345411452\">\n\t\t\t\t\t\t\t\t<div class=\"img-inner box-shadow-2 dark\" >\n\t\t\t\t\t\t\t\t\t\n\t\t\t\t\t<\/div>\n\t\t\t\t\t\t\t\t\n<style>\n#image_1345411452 {\n  width: 100%;\n}\n<\/style>\n\t<\/div>\n\t\n\t\t<\/div>\n\t\t\t<\/div>\n\n\t\n<\/div>\n\t\t<\/div>\n\n\t\t\n<style>\n#section_2109665923 {\n  padding-top: 60px;\n  padding-bottom: 60px;\n  background-color: rgb(255,255,255);\n}\n#section_2109665923 .section-bg-overlay {\n  background-color: rgba(255, 255, 255, 0.85);\n}\n<\/style>\n\t<\/section>\n\t\n\t<section class=\"section\" id=\"section_284584207\">\n\t\t<div class=\"bg section-bg fill bg-fill  bg-loaded\" >\n\n\t\t\t\n\t\t\t<div class=\"section-bg-overlay absolute fill\"><\/div>\n\t\t\t\n\n\t\t<\/div>\n\n\t\t<div class=\"section-content relative\">\n\t\t\t\n<div class=\"container section-title-container\" ><h1 class=\"section-title section-title-center\"><b><\/b><span class=\"section-title-main\" >Desbloqueo de sistemas<\/span><b><\/b><\/h1><\/div>\n<div class=\"row row-large align-middle\"  id=\"row-1409921689\">\n\n\t<div id=\"col-1087827533\" class=\"col medium-6 small-12 large-6\"  >\n\t\t<div class=\"col-inner text-left\"  >\n\t\t\t\n\t\t\t\n<h3 data-start=\"98\" data-end=\"132\">Casillero del tel\u00e9fono<sup>\u00ae<\/sup> Palanca de desbloqueo<\/h3>\n<p data-start=\"134\" data-end=\"576\">El casillero telef\u00f3nico<sup>\u00ae<\/sup> El Unlocking Paddle es una herramienta sencilla y resistente dise\u00f1ada para desbloquear r\u00e1pidamente y de forma controlada las bolsas en los puntos de salida designados. Dise\u00f1ado para entornos de alto tr\u00e1nsito, permite al personal liberar los tel\u00e9fonos en segundos, manteniendo una supervisi\u00f3n constante del proceso. Ligero y f\u00e1cil de sujetar, el Paddle facilita las rutinas diarias en escuelas, lugares de trabajo y eventos sin necesidad de alimentaci\u00f3n el\u00e9ctrica ni conexi\u00f3n a internet.<\/p>\n<p data-start=\"578\" data-end=\"594\"><strong data-start=\"578\" data-end=\"594\">Beneficios clave<\/strong><\/p>\n<ul>\n<li data-start=\"597\" data-end=\"641\">Desbloqueo r\u00e1pido y confiable en entornos concurridos<\/li>\n<li data-start=\"597\" data-end=\"641\">No requiere pilas ni componentes electr\u00f3nicos<\/li>\n<li data-start=\"597\" data-end=\"641\">Dise\u00f1o robusto para uso diario a largo plazo.<\/li>\n<li data-start=\"597\" data-end=\"641\">Admite devoluci\u00f3n de llamadas telef\u00f3nicas gestionada y supervisada<\/li>\n<li data-start=\"597\" data-end=\"641\">F\u00e1cil de colocar en puntos de entrada y salida.<\/li>\n<\/ul>\n\t\t<\/div>\n\t\t\t<\/div>\n\n\t\n\n\t<div id=\"col-1311634575\" class=\"col medium-6 small-12 large-6\"  >\n\t\t<div class=\"col-inner\"  >\n\t\t\t\n\t\t\t\n\t<div class=\"img has-hover x md-x lg-x y md-y lg-y\" id=\"image_1654023042\">\n\t\t\t\t\t\t\t\t<div class=\"img-inner dark\" >\n\t\t\t<img decoding=\"async\" width=\"1020\" height=\"1020\" src=\"https:\/\/phonelocker.com\/wp-content\/uploads\/2026\/02\/magnet-unlocker-1024x1024.jpg\" class=\"attachment-large size-large\" alt=\"\" srcset=\"https:\/\/phonelocker.com\/wp-content\/uploads\/2026\/02\/magnet-unlocker-1024x1024.jpg 1024w, https:\/\/phonelocker.com\/wp-content\/uploads\/2026\/02\/magnet-unlocker-300x300.jpg 300w, https:\/\/phonelocker.com\/wp-content\/uploads\/2026\/02\/magnet-unlocker-150x150.jpg 150w, https:\/\/phonelocker.com\/wp-content\/uploads\/2026\/02\/magnet-unlocker-768x768.jpg 768w, https:\/\/phonelocker.com\/wp-content\/uploads\/2026\/02\/magnet-unlocker-1536x1536.jpg 1536w, https:\/\/phonelocker.com\/wp-content\/uploads\/2026\/02\/magnet-unlocker-2048x2048.jpg 2048w, https:\/\/phonelocker.com\/wp-content\/uploads\/2026\/02\/magnet-unlocker-12x12.jpg 12w\" sizes=\"(max-width: 1020px) 100vw, 1020px\" \/>\t\t\t\t\t\t\n\t\t\t\t\t<\/div>\n\t\t\t\t\t\t\t\t\n<style>\n#image_1654023042 {\n  width: 100%;\n}\n<\/style>\n\t<\/div>\n\t\n\t<div class=\"img has-hover x md-x lg-x y md-y lg-y\" id=\"image_232041302\">\n\t\t\t\t\t\t\t\t<div class=\"img-inner box-shadow-2 dark\" >\n\t\t\t\t\t\t\t\t\t\n\t\t\t\t\t<\/div>\n\t\t\t\t\t\t\t\t\n<style>\n#image_232041302 {\n  width: 100%;\n}\n<\/style>\n\t<\/div>\n\t\n\t\t<\/div>\n\t\t\t<\/div>\n\n\t\n<\/div>\n<div class=\"row row-large align-middle\"  id=\"row-916762601\">\n\n\t<div id=\"col-1688049662\" class=\"col medium-6 small-12 large-6\"  >\n\t\t<div class=\"col-inner text-left\"  >\n\t\t\t\n\t\t\t\n<h3 data-start=\"823\" data-end=\"866\">Casillero del tel\u00e9fono<sup>\u00ae<\/sup> C\u00f3mo desbloquear una caja de seguridad magn\u00e9tica<\/h3>\n<p data-start=\"868\" data-end=\"1277\">La caja de seguridad con im\u00e1n de desbloqueo ofrece un lugar seguro y a prueba de manipulaciones para guardar el im\u00e1n cuando no se utiliza. Dise\u00f1ada para entornos controlados, la caja de seguridad garantiza que solo el personal autorizado pueda acceder a la herramienta de desbloqueo, lo que ayuda a las organizaciones a mantener la integridad de su pol\u00edtica de no usar tel\u00e9fonos. Su dise\u00f1o discreto y de montaje en pared se integra a la perfecci\u00f3n en \u00e1reas de recepci\u00f3n, salas de examen y espacios para eventos.<\/p>\n<p data-start=\"1279\" data-end=\"1295\"><strong data-start=\"1279\" data-end=\"1295\">Beneficios clave<\/strong><\/p>\n<ul>\n<li data-start=\"1298\" data-end=\"1341\">Almacenamiento seguro solo para acceso autorizado<\/li>\n<li data-start=\"1298\" data-end=\"1341\">Resistente al agua para uso en exteriores.<\/li>\n<li data-start=\"1298\" data-end=\"1341\">Protege contra la p\u00e9rdida o mal uso del im\u00e1n.<\/li>\n<li data-start=\"1298\" data-end=\"1341\">Instalaci\u00f3n sencilla en la pared<\/li>\n<li data-start=\"1298\" data-end=\"1341\">Ideal para sitios compartidos o con m\u00faltiples entradas.<\/li>\n<li data-start=\"1298\" data-end=\"1341\">Apoya procesos de protecci\u00f3n consistentes<\/li>\n<\/ul>\n\t\t<\/div>\n\t\t\t<\/div>\n\n\t\n\n\t<div id=\"col-1619068790\" class=\"col medium-6 small-12 large-6\"  >\n\t\t<div class=\"col-inner\"  >\n\t\t\t\n\t\t\t\n\t<div class=\"img has-hover x md-x lg-x y md-y lg-y\" id=\"image_1024965354\">\n\t\t\t\t\t\t\t\t<div class=\"img-inner dark\" >\n\t\t\t<img decoding=\"async\" width=\"1020\" height=\"1020\" src=\"https:\/\/phonelocker.com\/wp-content\/uploads\/2026\/02\/magnet-box-1024x1024.jpg\" class=\"attachment-large size-large\" alt=\"\" srcset=\"https:\/\/phonelocker.com\/wp-content\/uploads\/2026\/02\/magnet-box-1024x1024.jpg 1024w, https:\/\/phonelocker.com\/wp-content\/uploads\/2026\/02\/magnet-box-300x300.jpg 300w, https:\/\/phonelocker.com\/wp-content\/uploads\/2026\/02\/magnet-box-150x150.jpg 150w, https:\/\/phonelocker.com\/wp-content\/uploads\/2026\/02\/magnet-box-768x768.jpg 768w, https:\/\/phonelocker.com\/wp-content\/uploads\/2026\/02\/magnet-box-1536x1536.jpg 1536w, https:\/\/phonelocker.com\/wp-content\/uploads\/2026\/02\/magnet-box-2048x2048.jpg 2048w, https:\/\/phonelocker.com\/wp-content\/uploads\/2026\/02\/magnet-box-12x12.jpg 12w\" sizes=\"(max-width: 1020px) 100vw, 1020px\" \/>\t\t\t\t\t\t\n\t\t\t\t\t<\/div>\n\t\t\t\t\t\t\t\t\n<style>\n#image_1024965354 {\n  width: 100%;\n}\n<\/style>\n\t<\/div>\n\t\n\t<div class=\"img has-hover x md-x lg-x y md-y lg-y\" id=\"image_1223841171\">\n\t\t\t\t\t\t\t\t<div class=\"img-inner box-shadow-2 dark\" >\n\t\t\t\t\t\t\t\t\t\n\t\t\t\t\t<\/div>\n\t\t\t\t\t\t\t\t\n<style>\n#image_1223841171 {\n  width: 100%;\n}\n<\/style>\n\t<\/div>\n\t\n\t\t<\/div>\n\t\t\t<\/div>\n\n\t\n<\/div>\n<div class=\"row row-large align-middle\"  id=\"row-2141663811\">\n\n\t<div id=\"col-2136637008\" class=\"col medium-6 small-12 large-6\"  >\n\t\t<div class=\"col-inner text-left\"  >\n\t\t\t\n\t\t\t\n<h3 data-start=\"823\" data-end=\"866\">Casillero del tel\u00e9fono<sup>\u00ae<\/sup> Desbloqueo del armario magn\u00e9tico<\/h3>\n<p data-start=\"868\" data-end=\"1277\">El gabinete magn\u00e9tico de desbloqueo est\u00e1 dise\u00f1ado para uso en interiores.<\/p>\n<p data-start=\"1279\" data-end=\"1295\"><strong data-start=\"1279\" data-end=\"1295\">Beneficios clave<\/strong><\/p>\n<ul>\n<li data-start=\"1298\" data-end=\"1341\">Almacenamiento seguro solo para acceso autorizado<\/li>\n<li data-start=\"1298\" data-end=\"1341\">Protege contra la p\u00e9rdida o mal uso del im\u00e1n.<\/li>\n<li data-start=\"1298\" data-end=\"1341\">Instalaci\u00f3n sencilla en la pared<\/li>\n<li data-start=\"1298\" data-end=\"1341\">Ideal para sitios compartidos o con m\u00faltiples entradas.<\/li>\n<li data-start=\"1298\" data-end=\"1341\">Apoya procesos de protecci\u00f3n consistentes<\/li>\n<\/ul>\n\t\t<\/div>\n\t\t\t<\/div>\n\n\t\n\n\t<div id=\"col-410488651\" class=\"col medium-6 small-12 large-6\"  >\n\t\t<div class=\"col-inner\"  >\n\t\t\t\n\t\t\t\n\t<div class=\"img has-hover x md-x lg-x y md-y lg-y\" id=\"image_1260304871\">\n\t\t\t\t\t\t\t\t<div class=\"img-inner dark\" >\n\t\t\t<img decoding=\"async\" width=\"1020\" height=\"1020\" src=\"https:\/\/phonelocker.com\/wp-content\/uploads\/2026\/02\/magnet-cabinet-1024x1024.jpg\" class=\"attachment-large size-large\" alt=\"\" srcset=\"https:\/\/phonelocker.com\/wp-content\/uploads\/2026\/02\/magnet-cabinet-1024x1024.jpg 1024w, https:\/\/phonelocker.com\/wp-content\/uploads\/2026\/02\/magnet-cabinet-300x300.jpg 300w, https:\/\/phonelocker.com\/wp-content\/uploads\/2026\/02\/magnet-cabinet-150x150.jpg 150w, https:\/\/phonelocker.com\/wp-content\/uploads\/2026\/02\/magnet-cabinet-768x768.jpg 768w, https:\/\/phonelocker.com\/wp-content\/uploads\/2026\/02\/magnet-cabinet-1536x1536.jpg 1536w, https:\/\/phonelocker.com\/wp-content\/uploads\/2026\/02\/magnet-cabinet-2048x2048.jpg 2048w, https:\/\/phonelocker.com\/wp-content\/uploads\/2026\/02\/magnet-cabinet-12x12.jpg 12w\" sizes=\"(max-width: 1020px) 100vw, 1020px\" \/>\t\t\t\t\t\t\n\t\t\t\t\t<\/div>\n\t\t\t\t\t\t\t\t\n<style>\n#image_1260304871 {\n  width: 100%;\n}\n<\/style>\n\t<\/div>\n\t\n\t<div class=\"img has-hover x md-x lg-x y md-y lg-y\" id=\"image_188478585\">\n\t\t\t\t\t\t\t\t<div class=\"img-inner box-shadow-2 dark\" >\n\t\t\t\t\t\t\t\t\t\n\t\t\t\t\t<\/div>\n\t\t\t\t\t\t\t\t\n<style>\n#image_188478585 {\n  width: 100%;\n}\n<\/style>\n\t<\/div>\n\t\n\t\t<\/div>\n\t\t\t<\/div>\n\n\t\n<\/div>\n\t\t<\/div>\n\n\t\t\n<style>\n#section_284584207 {\n  padding-top: 60px;\n  padding-bottom: 60px;\n  background-color: rgb(232, 236, 243);\n}\n#section_284584207 .section-bg-overlay {\n  background-color: rgba(255, 255, 255, 0.85);\n}\n<\/style>\n\t<\/section>\n\t\n\t<section class=\"section info-card-1\" id=\"section_1030252951\">\n\t\t<div class=\"bg section-bg fill bg-fill  bg-loaded\" >\n\n\t\t\t\n\t\t\t\n\t\t\t\n\n\t\t<\/div>\n\n\t\t<div class=\"section-content relative\">\n\t\t\t\n<div class=\"row row-small align-equal align-center\"  id=\"row-8615654\">\n\n\t<div id=\"col-811872484\" class=\"col medium-4 small-12 large-4\"  >\n\t\t<div class=\"col-inner\"  >\n\t\t\t\n\t\t\t\n\t<div class=\"box has-hover   has-hover box-push box-text-bottom\" >\n\n\t\t<div class=\"box-image\" >\n\t\t\t<a href=\"https:\/\/phonelocker.com\/es\/contact\/\"  >\t\t\t<div class=\"image-zoom image-cover\" style=\"padding-top:70%;\">\n\t\t\t\t<img decoding=\"async\" width=\"1200\" height=\"600\" src=\"https:\/\/phonelocker.com\/wp-content\/uploads\/2026\/02\/Website-Images.jpg\" class=\"attachment- size-\" alt=\"\" srcset=\"https:\/\/phonelocker.com\/wp-content\/uploads\/2026\/02\/Website-Images.jpg 1200w, https:\/\/phonelocker.com\/wp-content\/uploads\/2026\/02\/Website-Images-300x150.jpg 300w, https:\/\/phonelocker.com\/wp-content\/uploads\/2026\/02\/Website-Images-1024x512.jpg 1024w, https:\/\/phonelocker.com\/wp-content\/uploads\/2026\/02\/Website-Images-768x384.jpg 768w, https:\/\/phonelocker.com\/wp-content\/uploads\/2026\/02\/Website-Images-18x9.jpg 18w\" sizes=\"(max-width: 1200px) 100vw, 1200px\" \/>\t\t\t\t\t\t\t\t\t\t\t<\/div>\n\t\t\t<\/a>\t\t<\/div>\n\n\t\t<div class=\"box-text text-center\" style=\"background-color:rgb(255, 255, 255);padding:20px 5% 20px 5%;\">\n\t\t\t<div class=\"box-text-inner\">\n\t\t\t\t\n<h4>\u00bfTe interesa saber m\u00e1s?<\/h4>\n<p>Contacta con nuestro equipo y encuentra la soluci\u00f3n que necesitas.<\/p>\n<a rel=\"noopener noreferrer\" href=\"https:\/\/phonelocker.com\/es\/contact\/\" target=\"_blank\" class=\"button primary is-underline\"  >\n    <span>Cont\u00e1ctanos hoy<\/span>\n  <\/a>\n\n\t\t\t<\/div>\n\t\t<\/div>\n\t<\/div>\n\t\n\t\t<\/div>\n\t\t\t<\/div>\n\n\t\n\n\t<div id=\"col-1038573979\" class=\"col medium-4 small-12 large-4\"  >\n\t\t<div class=\"col-inner\"  >\n\t\t\t\n\t\t\t\n\t<div class=\"box has-hover   has-hover box-push box-text-bottom\" >\n\n\t\t<div class=\"box-image\" >\n\t\t\t<a href=\"https:\/\/phonelocker.com\/es\/accessories\/\" target=\"_blank\" rel=\"noopener noreferrer\" >\t\t\t<div class=\"image-zoom image-cover\" style=\"padding-top:70%;\">\n\t\t\t\t<img decoding=\"async\" width=\"2000\" height=\"2000\" src=\"https:\/\/phonelocker.com\/wp-content\/uploads\/2026\/02\/Pouch-with-strap.jpg\" class=\"attachment- size-\" alt=\"\" srcset=\"https:\/\/phonelocker.com\/wp-content\/uploads\/2026\/02\/Pouch-with-strap.jpg 2000w, https:\/\/phonelocker.com\/wp-content\/uploads\/2026\/02\/Pouch-with-strap-300x300.jpg 300w, https:\/\/phonelocker.com\/wp-content\/uploads\/2026\/02\/Pouch-with-strap-1024x1024.jpg 1024w, https:\/\/phonelocker.com\/wp-content\/uploads\/2026\/02\/Pouch-with-strap-150x150.jpg 150w, https:\/\/phonelocker.com\/wp-content\/uploads\/2026\/02\/Pouch-with-strap-768x768.jpg 768w, https:\/\/phonelocker.com\/wp-content\/uploads\/2026\/02\/Pouch-with-strap-1536x1536.jpg 1536w, https:\/\/phonelocker.com\/wp-content\/uploads\/2026\/02\/Pouch-with-strap-12x12.jpg 12w\" sizes=\"(max-width: 2000px) 100vw, 2000px\" \/>\t\t\t\t\t\t\t\t\t\t\t<\/div>\n\t\t\t<\/a>\t\t<\/div>\n\n\t\t<div class=\"box-text text-center\" style=\"background-color:rgb(255, 255, 255);padding:20px 5% 20px 5%;\">\n\t\t\t<div class=\"box-text-inner\">\n\t\t\t\t\n<h4>Accesorios de bolsa de apoyo<\/h4>\n<p>Desde cordones hasta bolsos, todos los complementos que necesitas.<\/p>\n<a rel=\"noopener noreferrer\" href=\"https:\/\/phonelocker.com\/es\/accessories\/\" target=\"_blank\" class=\"button primary is-underline\"  >\n    <span>Ver accesorios<\/span>\n  <\/a>\n\n\t\t\t<\/div>\n\t\t<\/div>\n\t<\/div>\n\t\n\t\t<\/div>\n\t\t\t<\/div>\n\n\t\n\n<style>\n#row-8615654 > .col > .col-inner {\n  background-color: rgb(255,255,255);\n}\n<\/style>\n<\/div>\n\t\t<\/div>\n\n\t\t\n<style>\n#section_1030252951 {\n  padding-top: 50px;\n  padding-bottom: 50px;\n  background-color: #20409a;\n}\n<\/style>\n\t<\/section>","protected":false},"excerpt":{"rendered":"","protected":false},"author":1,"featured_media":0,"parent":0,"menu_order":0,"comment_status":"closed","ping_status":"closed","template":"page-blank.php","meta":{"inline_featured_image":false,"footnotes":""},"class_list":["post-2823","page","type-page","status-publish","hentry"],"yoast_head":"<!-- This site is optimized with the Yoast SEO plugin v27.4 - https:\/\/yoast.com\/product\/yoast-seo-wordpress\/ -->\n<title>Lockable Phone Pouches - Phone Locker<\/title>\n<meta name=\"robots\" content=\"index, follow, max-snippet:-1, max-image-preview:large, max-video-preview:-1\" \/>\n<link rel=\"canonical\" href=\"https:\/\/phonelocker.com\/es\/lockable-phone-pouches\/\" \/>\n<meta property=\"og:locale\" content=\"es_ES\" \/>\n<meta property=\"og:type\" content=\"article\" \/>\n<meta property=\"og:title\" content=\"Lockable Phone Pouches - Phone Locker\" \/>\n<meta property=\"og:url\" content=\"https:\/\/phonelocker.com\/es\/lockable-phone-pouches\/\" \/>\n<meta property=\"og:site_name\" content=\"Phone Locker\" \/>\n<meta property=\"article:modified_time\" content=\"2026-03-19T10:38:03+00:00\" \/>\n<meta name=\"twitter:card\" content=\"summary_large_image\" \/>\n<meta name=\"twitter:label1\" content=\"Tiempo de lectura\" \/>\n\t<meta name=\"twitter:data1\" content=\"3 minutos\" \/>\n<!-- \/ Yoast SEO plugin. -->","yoast_head_json":{"title":"Lockable Phone Pouches - Phone Locker","robots":{"index":"index","follow":"follow","max-snippet":"max-snippet:-1","max-image-preview":"max-image-preview:large","max-video-preview":"max-video-preview:-1"},"canonical":"https:\/\/phonelocker.com\/es\/lockable-phone-pouches\/","og_locale":"es_ES","og_type":"article","og_title":"Lockable Phone Pouches - Phone Locker","og_url":"https:\/\/phonelocker.com\/es\/lockable-phone-pouches\/","og_site_name":"Phone Locker","article_modified_time":"2026-03-19T10:38:03+00:00","twitter_card":"summary_large_image","twitter_misc":{"Tiempo de lectura":"3 minutos"},"schema":{"@context":"https:\/\/schema.org","@graph":[{"@type":"WebPage","@id":"https:\/\/phonelocker.com\/lockable-phone-pouches\/","url":"https:\/\/phonelocker.com\/lockable-phone-pouches\/","name":"Lockable Phone Pouches - Phone Locker","isPartOf":{"@id":"https:\/\/phonelocker.com\/#website"},"datePublished":"2026-02-19T17:33:44+00:00","dateModified":"2026-03-19T10:38:03+00:00","breadcrumb":{"@id":"https:\/\/phonelocker.com\/lockable-phone-pouches\/#breadcrumb"},"inLanguage":"es","potentialAction":[{"@type":"ReadAction","target":["https:\/\/phonelocker.com\/lockable-phone-pouches\/"]}]},{"@type":"BreadcrumbList","@id":"https:\/\/phonelocker.com\/lockable-phone-pouches\/#breadcrumb","itemListElement":[{"@type":"ListItem","position":1,"name":"Home","item":"https:\/\/phonelocker.com\/"},{"@type":"ListItem","position":2,"name":"Lockable Phone Pouches"}]},{"@type":"WebSite","@id":"https:\/\/phonelocker.com\/#website","url":"https:\/\/phonelocker.com\/","name":"Casillero del tel\u00e9fono","description":"Estuche para tel\u00e9fono con cerradura","potentialAction":[{"@type":"SearchAction","target":{"@type":"EntryPoint","urlTemplate":"https:\/\/phonelocker.com\/?s={search_term_string}"},"query-input":{"@type":"PropertyValueSpecification","valueRequired":true,"valueName":"search_term_string"}}],"inLanguage":"es"}]}},"_links":{"self":[{"href":"https:\/\/phonelocker.com\/es\/wp-json\/wp\/v2\/pages\/2823","targetHints":{"allow":["GET"]}}],"collection":[{"href":"https:\/\/phonelocker.com\/es\/wp-json\/wp\/v2\/pages"}],"about":[{"href":"https:\/\/phonelocker.com\/es\/wp-json\/wp\/v2\/types\/page"}],"author":[{"embeddable":true,"href":"https:\/\/phonelocker.com\/es\/wp-json\/wp\/v2\/users\/1"}],"replies":[{"embeddable":true,"href":"https:\/\/phonelocker.com\/es\/wp-json\/wp\/v2\/comments?post=2823"}],"version-history":[{"count":10,"href":"https:\/\/phonelocker.com\/es\/wp-json\/wp\/v2\/pages\/2823\/revisions"}],"predecessor-version":[{"id":3317,"href":"https:\/\/phonelocker.com\/es\/wp-json\/wp\/v2\/pages\/2823\/revisions\/3317"}],"wp:attachment":[{"href":"https:\/\/phonelocker.com\/es\/wp-json\/wp\/v2\/media?parent=2823"}],"curies":[{"name":"wp","href":"https:\/\/api.w.org\/{rel}","templated":true}]}}