{"id":2834,"date":"2026-02-19T17:29:26","date_gmt":"2026-02-19T17:29:26","guid":{"rendered":"https:\/\/phonelocker.com\/?page_id=2834"},"modified":"2026-03-24T15:53:11","modified_gmt":"2026-03-24T15:53:11","slug":"accessories","status":"publish","type":"page","link":"https:\/\/phonelocker.com\/es\/accessories\/","title":{"rendered":"Accesorios"},"content":{"rendered":"<div class=\"banner has-hover\" id=\"banner-287640470\">\n          <div class=\"banner-inner fill\">\n        <div class=\"banner-bg fill\" >\n            <div class=\"bg fill bg-fill\"><\/div>\n                                    \n                    <\/div>\n        <div class=\"banner-layers container\">\n            <div class=\"fill banner-link\"><\/div>            \n   <div id=\"text-box-80856314\" class=\"text-box banner-layer x5 md-x5 lg-x5 y95 md-y50 lg-y50 res-text\">\n                                <div class=\"text-box-content text box-shadow-1\">\n              \n              <div class=\"text-inner text-left\">\n                  \n<h6>Nuestra soluci\u00f3n<\/h6>\n<h3 class=\"uppercase\">Casillero del tel\u00e9fono<sup>\u00ae<\/sup> Accesorios<\/h3>\n<p>Con el tiempo, gracias a la variedad de usos que le damos a nuestras fundas para tel\u00e9fono con cerradura, hemos creado accesorios que se adaptan a las necesidades de nuestros clientes. Como fabricantes, no solo distribuidores, nos complace colaborar con nuestros clientes para crear soluciones que faciliten la implementaci\u00f3n sin necesidad de usar el tel\u00e9fono.<\/p>\n<a href=\"https:\/\/phonelocker.com\/es\/contact\/\" target=\"_self\" class=\"button primary is-gradient\"  >\n    <span>Cont\u00e1ctenos<\/span>\n  <\/a>\n\n              <\/div>\n           <\/div>\n                            \n<style>\n#text-box-80856314 .text-box-content {\n  background-color: rgba(255, 255, 255, 0.94);\n  font-size: 100%;\n}\n#text-box-80856314 .text-inner {\n  padding: 30px 30px 30px 30px;\n}\n#text-box-80856314 {\n  width: 90%;\n}\n@media (min-width:550px) {\n  #text-box-80856314 {\n    width: 44%;\n  }\n}\n<\/style>\n    <\/div>\n \n        <\/div>\n      <\/div>\n\n            \n<style>\n#banner-287640470 {\n  padding-top: 637px;\n}\n#banner-287640470 .bg.bg-loaded {\n  background-image: url(https:\/\/phonelocker.com\/wp-content\/uploads\/2026\/02\/phone-locker-lanyard-pouch.jpg);\n}\n#banner-287640470 .bg {\n  background-position: 62% 60%;\n}\n<\/style>\n  <\/div>\n\n\n\t<section class=\"section\" id=\"section_892515408\">\n\t\t<div class=\"bg section-bg fill bg-fill  bg-loaded\" >\n\n\t\t\t\n\t\t\t<div class=\"section-bg-overlay absolute fill\"><\/div>\n\t\t\t\n\n\t\t<\/div>\n\n\t\t<div class=\"section-content relative\">\n\t\t\t\n<div class=\"container section-title-container\" ><h1 class=\"section-title section-title-center\"><b><\/b><span class=\"section-title-main\" >accesorios<\/span><b><\/b><\/h1><\/div>\n<div class=\"row row-large align-middle\"  id=\"row-2004799475\">\n\n\t<div id=\"col-1362296784\" class=\"col medium-6 small-12 large-6\"  >\n\t\t<div class=\"col-inner text-left\"  >\n\t\t\t\n\t\t\t\n<h3>Cord\u00f3n para bolsa<\/h3>\n<p><strong>Hecho para la comodidad, construido con calidad.<\/strong><\/p>\n<p>Creado por nuestros clientes que quer\u00edan usar nuestras fundas para tel\u00e9fonos con cerradura en salas de baile, el cord\u00f3n significa que los clientes pueden moverse libremente sin el inconveniente de tener que sostener o guardar su funda.<\/p>\n<p>Hoy en d\u00eda, muchos clientes optan por agregar el accesorio de cord\u00f3n para ayudar a la aceptaci\u00f3n de su iniciativa de no usar tel\u00e9fono.<\/p>\n\t\t<\/div>\n\t\t\t<\/div>\n\n\t\n\n\t<div id=\"col-528496955\" class=\"col medium-6 small-12 large-6\"  >\n\t\t<div class=\"col-inner\"  >\n\t\t\t\n\t\t\t\n\t<div class=\"img has-hover x md-x lg-x y md-y lg-y\" id=\"image_133809587\">\n\t\t\t\t\t\t\t\t<div class=\"img-inner dark\" >\n\t\t\t<img decoding=\"async\" width=\"1020\" height=\"1020\" src=\"https:\/\/phonelocker.com\/wp-content\/uploads\/2026\/02\/Pouch-with-strap-1024x1024.jpg\" class=\"attachment-large size-large\" alt=\"\" srcset=\"https:\/\/phonelocker.com\/wp-content\/uploads\/2026\/02\/Pouch-with-strap-1024x1024.jpg 1024w, https:\/\/phonelocker.com\/wp-content\/uploads\/2026\/02\/Pouch-with-strap-300x300.jpg 300w, https:\/\/phonelocker.com\/wp-content\/uploads\/2026\/02\/Pouch-with-strap-150x150.jpg 150w, https:\/\/phonelocker.com\/wp-content\/uploads\/2026\/02\/Pouch-with-strap-768x768.jpg 768w, https:\/\/phonelocker.com\/wp-content\/uploads\/2026\/02\/Pouch-with-strap-1536x1536.jpg 1536w, https:\/\/phonelocker.com\/wp-content\/uploads\/2026\/02\/Pouch-with-strap-12x12.jpg 12w, https:\/\/phonelocker.com\/wp-content\/uploads\/2026\/02\/Pouch-with-strap.jpg 2000w\" sizes=\"(max-width: 1020px) 100vw, 1020px\" \/>\t\t\t\t\t\t\n\t\t\t\t\t<\/div>\n\t\t\t\t\t\t\t\t\n<style>\n#image_133809587 {\n  width: 100%;\n}\n<\/style>\n\t<\/div>\n\t\n\t<div class=\"img has-hover x md-x lg-x y md-y lg-y\" id=\"image_1943952296\">\n\t\t\t\t\t\t\t\t<div class=\"img-inner box-shadow-2 dark\" >\n\t\t\t\t\t\t\t\t\t\n\t\t\t\t\t<\/div>\n\t\t\t\t\t\t\t\t\n<style>\n#image_1943952296 {\n  width: 100%;\n}\n<\/style>\n\t<\/div>\n\t\n\t\t<\/div>\n\t\t\t<\/div>\n\n\t\n<\/div>\n<div class=\"row row-large align-middle\"  id=\"row-1010068299\">\n\n\t<div id=\"col-2052446985\" class=\"col medium-6 small-12 large-6\"  >\n\t\t<div class=\"col-inner text-left\"  >\n\t\t\t\n\t\t\t\n<h3>Contenedores con ruedas<\/h3>\n<p><strong>Dise\u00f1ado para facilitar su transici\u00f3n.<\/strong><\/p>\n<p>Nuestros contenedores con ruedas de marca est\u00e1n dise\u00f1ados para facilitar el transporte y el almacenamiento seguro, con capacidad para entre 50 y 100 unidades de Phone Locker.<sup>\u00ae<\/sup> bolsas en una sola unidad.<\/p>\n<p>Son ideales para eventos y lugares grandes, ya que hacen que la distribuci\u00f3n y la recogida sean r\u00e1pidas, organizadas y sin complicaciones, manteniendo todo perfectamente contenido durante el traslado.<\/p>\n\t\t<\/div>\n\t\t\t<\/div>\n\n\t\n\n\t<div id=\"col-1812871168\" class=\"col medium-6 small-12 large-6\"  >\n\t\t<div class=\"col-inner\"  >\n\t\t\t\n\t\t\t\n\t<div class=\"img has-hover x md-x lg-x y md-y lg-y\" id=\"image_1715613827\">\n\t\t\t\t\t\t\t\t<div class=\"img-inner dark\" >\n\t\t\t<img decoding=\"async\" width=\"1020\" height=\"1020\" src=\"https:\/\/phonelocker.com\/wp-content\/uploads\/2026\/02\/phone-locker-storage-bag-2-1024x1024.jpg\" class=\"attachment-large size-large\" alt=\"\" srcset=\"https:\/\/phonelocker.com\/wp-content\/uploads\/2026\/02\/phone-locker-storage-bag-2-1024x1024.jpg 1024w, https:\/\/phonelocker.com\/wp-content\/uploads\/2026\/02\/phone-locker-storage-bag-2-300x300.jpg 300w, https:\/\/phonelocker.com\/wp-content\/uploads\/2026\/02\/phone-locker-storage-bag-2-150x150.jpg 150w, https:\/\/phonelocker.com\/wp-content\/uploads\/2026\/02\/phone-locker-storage-bag-2-768x768.jpg 768w, https:\/\/phonelocker.com\/wp-content\/uploads\/2026\/02\/phone-locker-storage-bag-2-1536x1536.jpg 1536w, https:\/\/phonelocker.com\/wp-content\/uploads\/2026\/02\/phone-locker-storage-bag-2-2048x2048.jpg 2048w, https:\/\/phonelocker.com\/wp-content\/uploads\/2026\/02\/phone-locker-storage-bag-2-12x12.jpg 12w\" sizes=\"(max-width: 1020px) 100vw, 1020px\" \/>\t\t\t\t\t\t\n\t\t\t\t\t<\/div>\n\t\t\t\t\t\t\t\t\n<style>\n#image_1715613827 {\n  width: 100%;\n}\n<\/style>\n\t<\/div>\n\t\n\t<div class=\"img has-hover x md-x lg-x y md-y lg-y\" id=\"image_176122728\">\n\t\t\t\t\t\t\t\t<div class=\"img-inner box-shadow-2 dark\" >\n\t\t\t\t\t\t\t\t\t\n\t\t\t\t\t<\/div>\n\t\t\t\t\t\t\t\t\n<style>\n#image_176122728 {\n  width: 100%;\n}\n<\/style>\n\t<\/div>\n\t\n\t\t<\/div>\n\t\t\t<\/div>\n\n\t\n<\/div>\n<div class=\"row row-large align-middle\"  id=\"row-1287273699\">\n\n\t<div id=\"col-1349735291\" class=\"col medium-6 small-12 large-6\"  >\n\t\t<div class=\"col-inner text-left\"  >\n\t\t\t\n\t\t\t\n<h3>Bolsas de almacenamiento<\/h3>\n<p><strong>Fuerte y sostenible.<\/strong><\/p>\n<p>Nuestras bolsas de almacenamiento de marca se pliegan completamente y, cuando se usan, pueden contener 4 de los Phone Locker.<sup>\u00ae<\/sup> Contenedores con ruedas para facilitar el transporte.<\/p>\n<p>Para los clientes con lugares con mucho tr\u00e1nsito de personas, las bolsas son un complemento \u00fatil para cuando cientos o incluso miles de visitantes abandonan el lugar.<\/p>\n\t\t<\/div>\n\t\t\t<\/div>\n\n\t\n\n\t<div id=\"col-1655298084\" class=\"col medium-6 small-12 large-6\"  >\n\t\t<div class=\"col-inner\"  >\n\t\t\t\n\t\t\t\n\t<div class=\"img has-hover x md-x lg-x y md-y lg-y\" id=\"image_35846445\">\n\t\t\t\t\t\t\t\t<div class=\"img-inner dark\" >\n\t\t\t<img decoding=\"async\" width=\"1020\" height=\"1020\" src=\"https:\/\/phonelocker.com\/wp-content\/uploads\/2026\/02\/phone-locker-storage-bag-1024x1024.jpg\" class=\"attachment-large size-large\" alt=\"\" srcset=\"https:\/\/phonelocker.com\/wp-content\/uploads\/2026\/02\/phone-locker-storage-bag-1024x1024.jpg 1024w, https:\/\/phonelocker.com\/wp-content\/uploads\/2026\/02\/phone-locker-storage-bag-300x300.jpg 300w, https:\/\/phonelocker.com\/wp-content\/uploads\/2026\/02\/phone-locker-storage-bag-150x150.jpg 150w, https:\/\/phonelocker.com\/wp-content\/uploads\/2026\/02\/phone-locker-storage-bag-768x768.jpg 768w, https:\/\/phonelocker.com\/wp-content\/uploads\/2026\/02\/phone-locker-storage-bag-1536x1536.jpg 1536w, https:\/\/phonelocker.com\/wp-content\/uploads\/2026\/02\/phone-locker-storage-bag-2048x2048.jpg 2048w, https:\/\/phonelocker.com\/wp-content\/uploads\/2026\/02\/phone-locker-storage-bag-12x12.jpg 12w\" sizes=\"(max-width: 1020px) 100vw, 1020px\" \/>\t\t\t\t\t\t\n\t\t\t\t\t<\/div>\n\t\t\t\t\t\t\t\t\n<style>\n#image_35846445 {\n  width: 100%;\n}\n<\/style>\n\t<\/div>\n\t\n\t<div class=\"img has-hover x md-x lg-x y md-y lg-y\" id=\"image_349666922\">\n\t\t\t\t\t\t\t\t<div class=\"img-inner box-shadow-2 dark\" >\n\t\t\t\t\t\t\t\t\t\n\t\t\t\t\t<\/div>\n\t\t\t\t\t\t\t\t\n<style>\n#image_349666922 {\n  width: 100%;\n}\n<\/style>\n\t<\/div>\n\t\n\t\t<\/div>\n\t\t\t<\/div>\n\n\t\n<\/div>\n\t\t<\/div>\n\n\t\t\n<style>\n#section_892515408 {\n  padding-top: 60px;\n  padding-bottom: 60px;\n  background-color: rgb(255,255,255);\n}\n#section_892515408 .section-bg-overlay {\n  background-color: rgba(255, 255, 255, 0.85);\n}\n<\/style>\n\t<\/section>\n\t\n\t<section class=\"section info-card-1\" id=\"section_326666408\">\n\t\t<div class=\"bg section-bg fill bg-fill  bg-loaded\" >\n\n\t\t\t\n\t\t\t\n\t\t\t\n\n\t\t<\/div>\n\n\t\t<div class=\"section-content relative\">\n\t\t\t\n<div class=\"row row-small align-equal align-center\"  id=\"row-1180611506\">\n\n\t<div id=\"col-660243367\" class=\"col medium-4 small-12 large-4\"  >\n\t\t<div class=\"col-inner\"  >\n\t\t\t\n\t\t\t\n\t<div class=\"box has-hover   has-hover box-push box-text-bottom\" >\n\n\t\t<div class=\"box-image\" >\n\t\t\t<a href=\"https:\/\/phonelocker.com\/es\/contact\/\" target=\"_blank\" rel=\"noopener noreferrer\" >\t\t\t<div class=\"image-zoom image-cover\" style=\"padding-top:70%;\">\n\t\t\t\t<img decoding=\"async\" width=\"1200\" height=\"600\" src=\"https:\/\/phonelocker.com\/wp-content\/uploads\/2026\/02\/Website-Images.jpg\" class=\"attachment- size-\" alt=\"\" srcset=\"https:\/\/phonelocker.com\/wp-content\/uploads\/2026\/02\/Website-Images.jpg 1200w, https:\/\/phonelocker.com\/wp-content\/uploads\/2026\/02\/Website-Images-300x150.jpg 300w, https:\/\/phonelocker.com\/wp-content\/uploads\/2026\/02\/Website-Images-1024x512.jpg 1024w, https:\/\/phonelocker.com\/wp-content\/uploads\/2026\/02\/Website-Images-768x384.jpg 768w, https:\/\/phonelocker.com\/wp-content\/uploads\/2026\/02\/Website-Images-18x9.jpg 18w\" sizes=\"(max-width: 1200px) 100vw, 1200px\" \/>\t\t\t\t\t\t\t\t\t\t\t<\/div>\n\t\t\t<\/a>\t\t<\/div>\n\n\t\t<div class=\"box-text text-center\" style=\"background-color:rgb(255, 255, 255);padding:20px 5% 20px 5%;\">\n\t\t\t<div class=\"box-text-inner\">\n\t\t\t\t\n<h4>\u00bfTe interesa saber m\u00e1s?<\/h4>\n<p>Contacta con nuestro equipo y encuentra la soluci\u00f3n que necesitas.<\/p>\n<a rel=\"noopener noreferrer\" href=\"https:\/\/phonelocker.com\/es\/contact\/\" target=\"_blank\" class=\"button primary is-underline\"  >\n    <span>Cont\u00e1ctanos hoy<\/span>\n  <\/a>\n\n\t\t\t<\/div>\n\t\t<\/div>\n\t<\/div>\n\t\n\t\t<\/div>\n\t\t\t<\/div>\n\n\t\n\n\t<div id=\"col-1781753958\" class=\"col medium-4 small-12 large-4\"  >\n\t\t<div class=\"col-inner\"  >\n\t\t\t\n\t\t\t\n\t<div class=\"box has-hover   has-hover box-push box-text-bottom\" >\n\n\t\t<div class=\"box-image\" >\n\t\t\t<a href=\"https:\/\/phonelocker.com\/es\/lockable-phone-pouches\/\"  >\t\t\t<div class=\"image-zoom image-cover\" style=\"padding-top:70%;\">\n\t\t\t\t<img decoding=\"async\" width=\"2560\" height=\"2560\" src=\"https:\/\/phonelocker.com\/wp-content\/uploads\/2026\/02\/Phone-Locker_Pouch-Metal-Box.jpg\" class=\"attachment- size-\" alt=\"\" srcset=\"https:\/\/phonelocker.com\/wp-content\/uploads\/2026\/02\/Phone-Locker_Pouch-Metal-Box.jpg 2560w, https:\/\/phonelocker.com\/wp-content\/uploads\/2026\/02\/Phone-Locker_Pouch-Metal-Box-300x300.jpg 300w, https:\/\/phonelocker.com\/wp-content\/uploads\/2026\/02\/Phone-Locker_Pouch-Metal-Box-1024x1024.jpg 1024w, https:\/\/phonelocker.com\/wp-content\/uploads\/2026\/02\/Phone-Locker_Pouch-Metal-Box-150x150.jpg 150w, https:\/\/phonelocker.com\/wp-content\/uploads\/2026\/02\/Phone-Locker_Pouch-Metal-Box-768x768.jpg 768w, https:\/\/phonelocker.com\/wp-content\/uploads\/2026\/02\/Phone-Locker_Pouch-Metal-Box-1536x1536.jpg 1536w, https:\/\/phonelocker.com\/wp-content\/uploads\/2026\/02\/Phone-Locker_Pouch-Metal-Box-2048x2048.jpg 2048w, https:\/\/phonelocker.com\/wp-content\/uploads\/2026\/02\/Phone-Locker_Pouch-Metal-Box-12x12.jpg 12w\" sizes=\"(max-width: 2560px) 100vw, 2560px\" \/>\t\t\t\t\t\t\t\t\t\t\t<\/div>\n\t\t\t<\/a>\t\t<\/div>\n\n\t\t<div class=\"box-text text-center\" style=\"background-color:rgb(255, 255, 255);padding:20px 5% 20px 5%;\">\n\t\t\t<div class=\"box-text-inner\">\n\t\t\t\t\n<h4>Bolsas y sistemas de desbloqueo<\/h4>\n<p>Vea nuestra gama completa de productos.<\/p>\n<a rel=\"noopener noreferrer\" href=\"https:\/\/phonelocker.com\/es\/lockable-phone-pouches\/\" target=\"_blank\" class=\"button primary is-underline\"  >\n    <span>Ver bolsas<\/span>\n  <\/a>\n\n\t\t\t<\/div>\n\t\t<\/div>\n\t<\/div>\n\t\n\t\t<\/div>\n\t\t\t<\/div>\n\n\t\n\n<style>\n#row-1180611506 > .col > .col-inner {\n  background-color: rgb(255,255,255);\n}\n<\/style>\n<\/div>\n\t\t<\/div>\n\n\t\t\n<style>\n#section_326666408 {\n  padding-top: 50px;\n  padding-bottom: 50px;\n  background-color: #20409a;\n}\n<\/style>\n\t<\/section>","protected":false},"excerpt":{"rendered":"","protected":false},"author":1,"featured_media":0,"parent":0,"menu_order":0,"comment_status":"closed","ping_status":"closed","template":"page-blank.php","meta":{"inline_featured_image":false,"footnotes":""},"class_list":["post-2834","page","type-page","status-publish","hentry"],"yoast_head":"<!-- This site is optimized with the Yoast SEO plugin v27.4 - https:\/\/yoast.com\/product\/yoast-seo-wordpress\/ -->\n<title>Accessories - Phone Locker<\/title>\n<meta name=\"robots\" content=\"index, follow, max-snippet:-1, max-image-preview:large, max-video-preview:-1\" \/>\n<link rel=\"canonical\" href=\"https:\/\/phonelocker.com\/es\/accessories\/\" \/>\n<meta property=\"og:locale\" content=\"es_ES\" \/>\n<meta property=\"og:type\" content=\"article\" \/>\n<meta property=\"og:title\" content=\"Accessories - Phone Locker\" \/>\n<meta property=\"og:url\" content=\"https:\/\/phonelocker.com\/es\/accessories\/\" \/>\n<meta property=\"og:site_name\" content=\"Phone Locker\" \/>\n<meta property=\"article:modified_time\" content=\"2026-03-24T15:53:11+00:00\" \/>\n<meta name=\"twitter:card\" content=\"summary_large_image\" \/>\n<meta name=\"twitter:label1\" content=\"Tiempo de lectura\" \/>\n\t<meta name=\"twitter:data1\" content=\"2 minutos\" \/>\n<!-- \/ Yoast SEO plugin. -->","yoast_head_json":{"title":"Accessories - Phone Locker","robots":{"index":"index","follow":"follow","max-snippet":"max-snippet:-1","max-image-preview":"max-image-preview:large","max-video-preview":"max-video-preview:-1"},"canonical":"https:\/\/phonelocker.com\/es\/accessories\/","og_locale":"es_ES","og_type":"article","og_title":"Accessories - Phone Locker","og_url":"https:\/\/phonelocker.com\/es\/accessories\/","og_site_name":"Phone Locker","article_modified_time":"2026-03-24T15:53:11+00:00","twitter_card":"summary_large_image","twitter_misc":{"Tiempo de lectura":"2 minutos"},"schema":{"@context":"https:\/\/schema.org","@graph":[{"@type":"WebPage","@id":"https:\/\/phonelocker.com\/accessories\/","url":"https:\/\/phonelocker.com\/accessories\/","name":"Accessories - Phone Locker","isPartOf":{"@id":"https:\/\/phonelocker.com\/#website"},"datePublished":"2026-02-19T17:29:26+00:00","dateModified":"2026-03-24T15:53:11+00:00","breadcrumb":{"@id":"https:\/\/phonelocker.com\/accessories\/#breadcrumb"},"inLanguage":"es","potentialAction":[{"@type":"ReadAction","target":["https:\/\/phonelocker.com\/accessories\/"]}]},{"@type":"BreadcrumbList","@id":"https:\/\/phonelocker.com\/accessories\/#breadcrumb","itemListElement":[{"@type":"ListItem","position":1,"name":"Home","item":"https:\/\/phonelocker.com\/"},{"@type":"ListItem","position":2,"name":"Accessories"}]},{"@type":"WebSite","@id":"https:\/\/phonelocker.com\/#website","url":"https:\/\/phonelocker.com\/","name":"Casillero del tel\u00e9fono","description":"Estuche para tel\u00e9fono con cerradura","potentialAction":[{"@type":"SearchAction","target":{"@type":"EntryPoint","urlTemplate":"https:\/\/phonelocker.com\/?s={search_term_string}"},"query-input":{"@type":"PropertyValueSpecification","valueRequired":true,"valueName":"search_term_string"}}],"inLanguage":"es"}]}},"_links":{"self":[{"href":"https:\/\/phonelocker.com\/es\/wp-json\/wp\/v2\/pages\/2834","targetHints":{"allow":["GET"]}}],"collection":[{"href":"https:\/\/phonelocker.com\/es\/wp-json\/wp\/v2\/pages"}],"about":[{"href":"https:\/\/phonelocker.com\/es\/wp-json\/wp\/v2\/types\/page"}],"author":[{"embeddable":true,"href":"https:\/\/phonelocker.com\/es\/wp-json\/wp\/v2\/users\/1"}],"replies":[{"embeddable":true,"href":"https:\/\/phonelocker.com\/es\/wp-json\/wp\/v2\/comments?post=2834"}],"version-history":[{"count":10,"href":"https:\/\/phonelocker.com\/es\/wp-json\/wp\/v2\/pages\/2834\/revisions"}],"predecessor-version":[{"id":3413,"href":"https:\/\/phonelocker.com\/es\/wp-json\/wp\/v2\/pages\/2834\/revisions\/3413"}],"wp:attachment":[{"href":"https:\/\/phonelocker.com\/es\/wp-json\/wp\/v2\/media?parent=2834"}],"curies":[{"name":"wp","href":"https:\/\/api.w.org\/{rel}","templated":true}]}}