{"id":3,"date":"2021-06-13T16:01:01","date_gmt":"2021-06-13T16:01:01","guid":{"rendered":"http:\/\/localhost\/phone-pouch\/?page_id=3"},"modified":"2026-03-19T16:19:32","modified_gmt":"2026-03-19T16:19:32","slug":"privacy-policy","status":"publish","type":"page","link":"https:\/\/phonelocker.com\/es\/privacy-policy\/","title":{"rendered":"pol\u00edtica de privacidad"},"content":{"rendered":"<h1 class=\"wp-block-heading\">Pol\u00edtica de privacidad de Phone Locker\u00ae<\/h1>\r\n<p><strong>\u00daltima actualizaci\u00f3n: 29 de enero de 2026<\/strong><\/p>\r\n<p>Phone Locker\u00ae (\u00abnosotros\u00bb, \u00abnos\u00bb, \u00abnuestro\u00bb) se compromete a proteger y respetar su privacidad. Esta Pol\u00edtica de Privacidad explica c\u00f3mo recopilamos, usamos, almacenamos y protegemos sus datos personales cuando visita nuestro sitio web o interact\u00faa con nosotros.<\/p>\r\n<p>Esta pol\u00edtica se aplica a todos los usuarios del sitio web Phone Locker\u00ae y los servicios relacionados.<\/p>\r\n<p>Phone Locker\u00ae es una empresa con sede en el Reino Unido que ofrece soluciones seguras de bloqueo de tel\u00e9fonos para escuelas, eventos y organizaciones.<\/p>\r\n<p><strong>Responsable del tratamiento de datos:<br \/><\/strong>PromoCollection Limited T\/A Phone Locker\u00ae<br \/>N\u00famero de registro de la empresa: 09756639<br \/>3 Brunel Court Severalls Industrial Park, Colchester, Essex, Reino Unido, CO4 9XP<br \/>Correo electr\u00f3nico:<strong>hello@phonelocker.com<\/strong><br \/>Este correo electr\u00f3nico tambi\u00e9n se utiliza para todas las consultas sobre protecci\u00f3n de datos y privacidad.<\/p>\r\n<h2>Qu\u00e9 datos personales recopilamos<\/h2>\r\n<p>Podemos recopilar y procesar los siguientes datos personales:<\/p>\r\n<h3><strong>a) Informaci\u00f3n que usted nos proporciona<\/strong><\/h3>\r\n<ul>\r\n<li>Nombre<\/li>\r\n<li>Direcci\u00f3n de correo electr\u00f3nico<\/li>\r\n<li>N\u00famero de tel\u00e9fono<\/li>\r\n<li>Nombre de la organizaci\u00f3n\/escuela<\/li>\r\n<li>T\u00edtulo profesional<\/li>\r\n<li>Cualquier informaci\u00f3n enviada a trav\u00e9s de formularios de contacto, consultas, descargas o correspondencia por correo electr\u00f3nico.<\/li>\r\n<\/ul>\r\n<h3><strong>b) Informaci\u00f3n recopilada autom\u00e1ticamente<\/strong><\/h3>\r\n<ul>\r\n<li>Direcci\u00f3n IP<\/li>\r\n<li>Tipo y versi\u00f3n del navegador<\/li>\r\n<li>Informaci\u00f3n del dispositivo<\/li>\r\n<li>P\u00e1ginas visitadas y tiempo de permanencia en nuestro sitio web<\/li>\r\n<li>URL de referencia<\/li>\r\n<\/ul>\r\n<p>Estos datos se recopilan mediante cookies y tecnolog\u00edas similares.<\/p>\r\n<h2>C\u00f3mo usamos sus datos<\/h2>\r\n<p>Utilizamos sus datos personales para:<\/p>\r\n<ul>\r\n<li>Responder a consultas y solicitudes<\/li>\r\n<li>Proporcionar informaci\u00f3n sobre nuestros productos y servicios<\/li>\r\n<li>Gestionar las relaciones con clientes, escuelas y socios.<\/li>\r\n<li>Mejorar nuestro sitio web y nuestros servicios<\/li>\r\n<li>Enviar comunicaciones de marketing (cuando se haya dado el consentimiento)<\/li>\r\n<li>Cumplir con obligaciones legales o reglamentarias<\/li>\r\n<\/ul>\r\n<p>Proporcionar esta informaci\u00f3n es, por tanto, un requisito contractual o un requisito necesario para<br \/>Celebrar un contrato. Si no nos proporciona los datos personales solicitados, es posible que no podamos:<br \/>\u2022 responder completamente a su consulta;<br \/>\u2022 proporcionar una cotizaci\u00f3n o propuesta;<br \/>\u2022 proceder con cualquier posible venta, instalaci\u00f3n o servicio de soporte continuo.<\/p>\r\n<p><br \/>Para comunicaciones opcionales (por ejemplo, correos electr\u00f3nicos de marketing), no est\u00e1 obligado a proporcionar su\u00a0<br \/>detalles o consentimiento, y no hay consecuencias negativas por retenerlos aparte de no recibir dichas actualizaciones.<\/p>\r\n<p><br \/>No requerimos que usted proporcione ning\u00fan dato de categor\u00eda especial (por ejemplo, informaci\u00f3n de salud) para nuestro<br \/>Servicios est\u00e1ndar. Solo utilizaremos sus datos cuando tengamos una base legal para hacerlo.<\/p>\r\n<h2>Bases legales para el tratamiento<\/h2>\r\n<p>Seg\u00fan el RGPD del Reino Unido, nos basamos en las siguientes bases legales:<\/p>\r\n<ul>\r\n<li><strong>Consentir<\/strong> \u2013 cuando haya optado por recibir comunicaciones de marketing<\/li>\r\n<li><strong>Intereses leg\u00edtimos<\/strong> \u2013 para responder consultas y mejorar nuestros servicios<\/li>\r\n<li><strong>Necesidad contractual<\/strong> \u2013 cuando el tratamiento sea necesario para prestar un servicio<\/li>\r\n<li><strong>Obligaci\u00f3n legal<\/strong> \u2013 cuando lo exija la ley<\/li>\r\n<\/ul>\r\n<h2>Comunicaciones de marketing<\/h2>\r\n<p>Es posible que le enviemos comunicaciones de marketing sobre Phone Locker\u00ae donde:<\/p>\r\n<ul>\r\n<li>Los datos de contacto est\u00e1n relacionados con la empresa.<\/li>\r\n<li>La comunicaci\u00f3n es relevante para tu rol profesional<\/li>\r\n<li>Tenemos un inter\u00e9s leg\u00edtimo en promocionar nuestros servicios.<\/li>\r\n<\/ul>\r\n<p>Podemos obtener detalles de contacto comercial de fuentes disponibles p\u00fablicamente, como sitios web de empresas, LinkedIn, directorios comerciales y listados de eventos.<\/p>\r\n<p>Usted tiene el derecho absoluto de oponerse al marketing directo en cualquier momento.<\/p>\r\n<p>Todos los correos electr\u00f3nicos de marketing incluyen un enlace para cancelar la suscripci\u00f3n; tambi\u00e9n puede cancelarla comunic\u00e1ndose con nosotros a hello@phonelocker.com.<\/p>\r\n<h2>Galletas<\/h2>\r\n<p>Nuestro sitio web utiliza cookies para:<\/p>\r\n<ul>\r\n<li>Aseg\u00farese de que el sitio web funcione correctamente<\/li>\r\n<li>Analizar el tr\u00e1fico y el uso del sitio web<\/li>\r\n<li>Mejorar el rendimiento y la experiencia del usuario<\/li>\r\n<\/ul>\r\n<p>Puede administrar o deshabilitar las cookies a trav\u00e9s de la configuraci\u00f3n de su navegador. Para obtener m\u00e1s informaci\u00f3n, consulte nuestra <strong>Pol\u00edtica de cookies<\/strong>.<\/p>\r\n<h2>Intercambio de datos<\/h2>\r\n<p>No vendemos sus datos personales.<\/p>\r\n<p>Podemos compartir sus datos con terceros de confianza, incluidos:<\/p>\r\n<ul>\r\n<li>Proveedores de alojamiento de sitios web<\/li>\r\n<li>Plataformas de CRM y marketing por correo electr\u00f3nico<\/li>\r\n<li>Proveedores de an\u00e1lisis (por ejemplo, Google Analytics)<\/li>\r\n<li>proveedores de servicios de correo electr\u00f3nico<\/li>\r\n<li>Asesores profesionales (legales, financieros, inform\u00e1ticos)<\/li>\r\n<\/ul>\r\n<p>Todos los terceros deben procesar sus datos de forma segura y de acuerdo con el RGPD del Reino Unido.<\/p>\r\n<h2>Transferencias internacionales de datos<\/h2>\r\n<p>Algunos de nuestros proveedores de servicios se encuentran fuera del Reino Unido, incluidos:<\/p>\r\n<ul>\r\n<li>Google (Estados Unidos)<\/li>\r\n<li>Zoho (centros de datos de la UE y la India)<\/li>\r\n<\/ul>\r\n<p>Cuando se transfieren datos personales a nivel internacional, garantizamos que existan las garant\u00edas adecuadas, que incluyen:<\/p>\r\n<ul>\r\n<li>Normativa de adecuaci\u00f3n del Reino Unido<\/li>\r\n<li>Acuerdos internacionales de transferencia de datos (IDTA)<\/li>\r\n<li>Cl\u00e1usulas contractuales est\u00e1ndar (CCE)<\/li>\r\n<\/ul>\r\n<h2>Retenci\u00f3n de datos<\/h2>\r\n<p>Conservamos datos personales solo durante el tiempo que sea necesario para cumplir con los fines para los que fueron recopilados, incluidos los requisitos legales, contables y de informes.<\/p>\r\n<h2>Sus derechos<\/h2>\r\n<p>Seg\u00fan el RGPD del Reino Unido, usted tiene derecho a:<\/p>\r\n<ul>\r\n<li>Acceda a sus datos personales<\/li>\r\n<li>Solicitar la correcci\u00f3n de datos inexactos<\/li>\r\n<li>Solicitar la eliminaci\u00f3n de sus datos<\/li>\r\n<li>Oponerse al tratamiento<\/li>\r\n<li>Restringir el procesamiento<\/li>\r\n<li>Solicitar portabilidad de datos<\/li>\r\n<li>Retirar el consentimiento en cualquier momento<\/li>\r\n<\/ul>\r\n<p>Para ejercer sus derechos, por favor contacte con: <a href=\"mailto:hello@phonelocker.com\">hello@phonelocker.com<\/a><\/p>\r\n<p>Tambi\u00e9n tiene derecho a presentar una queja ante la Oficina del Comisionado de Informaci\u00f3n del Reino Unido (ICO).<\/p>\r\n<h2>Toma de decisiones automatizada<\/h2>\r\n<p>No utilizamos toma de decisiones automatizada ni elaboraci\u00f3n de perfiles que produzcan efectos jur\u00eddicos o significativos en las personas.<\/p>\r\n<h2>Seguridad de datos<\/h2>\r\n<p>Tomamos medidas t\u00e9cnicas y organizativas adecuadas para proteger sus datos personales contra acceso no autorizado, p\u00e9rdida, mal uso o alteraci\u00f3n.<\/p>\r\n<h2>Datos de los ni\u00f1os<\/h2>\r\n<p>Phone Locker\u00ae no recopila ni procesa intencionalmente datos personales de estudiantes o ni\u00f1os.<\/p>\r\n<p>Cuando las escuelas utilizan nuestros productos, siguen siendo el controlador de datos de toda la informaci\u00f3n de los estudiantes.<\/p>\r\n<h2>Cambios a esta pol\u00edtica<\/h2>\r\n<p>Podemos actualizar esta Pol\u00edtica de Privacidad peri\u00f3dicamente. Cualquier cambio se publicar\u00e1 en esta p\u00e1gina con la fecha de revisi\u00f3n actualizada.<\/p>\r\n<h2>Pol\u00edtica de privacidad Quejas y consultas<\/h2>\r\n<p>Si tiene alguna consulta o queja sobre nuestra Pol\u00edtica de privacidad, cont\u00e1ctenos en:<\/p>\r\n<p>3 Brunel Court Severalls, Colchester, CO4 9XP Essex, Reino Unido<\/p>\r\n<p>hello@phonelocker.com<\/p>\r\n<p>(+44) 203 916 5098<\/p>","protected":false},"excerpt":{"rendered":"<p>Phone Locker\u00ae Privacy Policy Last updated: 29 January 2026 Phone Locker\u00ae\u00a0 (\u201cwe\u201d, \u201cus\u201d, \u201cour\u201d) is committed to protecting and respecting your privacy. This Privacy Policy explains how we collect, use, store and protect your personal data when you visit our website or engage with us. This policy applies to all users of the Phone Locker\u00ae [&#8230;]\n","protected":false},"author":1,"featured_media":0,"parent":0,"menu_order":0,"comment_status":"closed","ping_status":"open","template":"","meta":{"footnotes":""},"class_list":["post-3","page","type-page","status-publish","hentry"],"yoast_head":"<!-- This site is optimized with the Yoast SEO plugin v27.1.1 - https:\/\/yoast.com\/product\/yoast-seo-wordpress\/ -->\n<title>Privacy Policy - Phone Locker<\/title>\n<meta name=\"robots\" content=\"index, follow, max-snippet:-1, max-image-preview:large, max-video-preview:-1\" \/>\n<link rel=\"canonical\" href=\"https:\/\/phonelocker.com\/es\/privacy-policy\/\" \/>\n<meta property=\"og:locale\" content=\"es_ES\" \/>\n<meta property=\"og:type\" content=\"article\" \/>\n<meta property=\"og:title\" content=\"Privacy Policy - Phone Locker\" \/>\n<meta property=\"og:description\" content=\"Phone Locker\u00ae Privacy Policy Last updated: 29 January 2026 Phone Locker\u00ae\u00a0 (\u201cwe\u201d, \u201cus\u201d, \u201cour\u201d) is committed to protecting and respecting your privacy. This Privacy Policy explains how we collect, use, store and protect your personal data when you visit our website or engage with us. This policy applies to all users of the Phone Locker\u00ae [...]\" \/>\n<meta property=\"og:url\" content=\"https:\/\/phonelocker.com\/es\/privacy-policy\/\" \/>\n<meta property=\"og:site_name\" content=\"Phone Locker\" \/>\n<meta property=\"article:modified_time\" content=\"2026-03-19T16:19:32+00:00\" \/>\n<meta name=\"twitter:card\" content=\"summary_large_image\" \/>\n<meta name=\"twitter:label1\" content=\"Tiempo de lectura\" \/>\n\t<meta name=\"twitter:data1\" content=\"4 minutos\" \/>\n<!-- \/ Yoast SEO plugin. -->","yoast_head_json":{"title":"Privacy Policy - Phone Locker","robots":{"index":"index","follow":"follow","max-snippet":"max-snippet:-1","max-image-preview":"max-image-preview:large","max-video-preview":"max-video-preview:-1"},"canonical":"https:\/\/phonelocker.com\/es\/privacy-policy\/","og_locale":"es_ES","og_type":"article","og_title":"Privacy Policy - Phone Locker","og_description":"Phone Locker\u00ae Privacy Policy Last updated: 29 January 2026 Phone Locker\u00ae\u00a0 (\u201cwe\u201d, \u201cus\u201d, \u201cour\u201d) is committed to protecting and respecting your privacy. This Privacy Policy explains how we collect, use, store and protect your personal data when you visit our website or engage with us. This policy applies to all users of the Phone Locker\u00ae [...]","og_url":"https:\/\/phonelocker.com\/es\/privacy-policy\/","og_site_name":"Phone Locker","article_modified_time":"2026-03-19T16:19:32+00:00","twitter_card":"summary_large_image","twitter_misc":{"Tiempo de lectura":"4 minutos"},"schema":{"@context":"https:\/\/schema.org","@graph":[{"@type":"WebPage","@id":"https:\/\/phonelocker.com\/privacy-policy\/","url":"https:\/\/phonelocker.com\/privacy-policy\/","name":"Privacy Policy - Phone Locker","isPartOf":{"@id":"https:\/\/phonelocker.com\/#website"},"datePublished":"2021-06-13T16:01:01+00:00","dateModified":"2026-03-19T16:19:32+00:00","breadcrumb":{"@id":"https:\/\/phonelocker.com\/privacy-policy\/#breadcrumb"},"inLanguage":"es","potentialAction":[{"@type":"ReadAction","target":["https:\/\/phonelocker.com\/privacy-policy\/"]}]},{"@type":"BreadcrumbList","@id":"https:\/\/phonelocker.com\/privacy-policy\/#breadcrumb","itemListElement":[{"@type":"ListItem","position":1,"name":"Home","item":"https:\/\/phonelocker.com\/"},{"@type":"ListItem","position":2,"name":"Privacy Policy"}]},{"@type":"WebSite","@id":"https:\/\/phonelocker.com\/#website","url":"https:\/\/phonelocker.com\/","name":"Casillero del tel\u00e9fono","description":"Estuche para tel\u00e9fono con cerradura","potentialAction":[{"@type":"SearchAction","target":{"@type":"EntryPoint","urlTemplate":"https:\/\/phonelocker.com\/?s={search_term_string}"},"query-input":{"@type":"PropertyValueSpecification","valueRequired":true,"valueName":"search_term_string"}}],"inLanguage":"es"}]}},"_links":{"self":[{"href":"https:\/\/phonelocker.com\/es\/wp-json\/wp\/v2\/pages\/3","targetHints":{"allow":["GET"]}}],"collection":[{"href":"https:\/\/phonelocker.com\/es\/wp-json\/wp\/v2\/pages"}],"about":[{"href":"https:\/\/phonelocker.com\/es\/wp-json\/wp\/v2\/types\/page"}],"author":[{"embeddable":true,"href":"https:\/\/phonelocker.com\/es\/wp-json\/wp\/v2\/users\/1"}],"replies":[{"embeddable":true,"href":"https:\/\/phonelocker.com\/es\/wp-json\/wp\/v2\/comments?post=3"}],"version-history":[{"count":6,"href":"https:\/\/phonelocker.com\/es\/wp-json\/wp\/v2\/pages\/3\/revisions"}],"predecessor-version":[{"id":3346,"href":"https:\/\/phonelocker.com\/es\/wp-json\/wp\/v2\/pages\/3\/revisions\/3346"}],"wp:attachment":[{"href":"https:\/\/phonelocker.com\/es\/wp-json\/wp\/v2\/media?parent=3"}],"curies":[{"name":"wp","href":"https:\/\/api.w.org\/{rel}","templated":true}]}}