{"id":3004,"date":"2026-03-17T14:46:27","date_gmt":"2026-03-17T14:46:27","guid":{"rendered":"https:\/\/phonelocker.com\/?page_id=3004"},"modified":"2026-03-19T11:06:21","modified_gmt":"2026-03-19T11:06:21","slug":"esg-and-compliance","status":"publish","type":"page","link":"https:\/\/phonelocker.com\/es\/esg-and-compliance\/","title":{"rendered":"ESG y cumplimiento normativo"},"content":{"rendered":"<div class=\"banner has-hover\" id=\"banner-1877518846\">\n          <div class=\"banner-inner fill\">\n        <div class=\"banner-bg fill\" >\n            <div class=\"bg fill bg-fill\"><\/div>\n                                    \n                    <\/div>\n        <div class=\"banner-layers container\">\n            <div class=\"fill banner-link\"><\/div>            \n   <div id=\"text-box-1059895608\" class=\"text-box banner-layer x5 md-x5 lg-x5 y95 md-y50 lg-y50 res-text\">\n                                <div class=\"text-box-content text box-shadow-1\">\n              \n              <div class=\"text-inner text-left\">\n                  \n<h6>Nuestra historia<\/h6>\n<h3 class=\"banner-header__title header--alt\">Dise\u00f1o responsable<\/h3>\n<p class=\"banner-header__subtitle text--white text--md\">En la taquilla del tel\u00e9fono<sup>\u00ae<\/sup>, La responsabilidad est\u00e1 integrada en la forma en que dise\u00f1amos, fabricamos y entregamos nuestros productos.<\/p>\n<a rel=\"noopener noreferrer\" href=\"https:\/\/phonelocker.com\/es\/contact\/\" target=\"_blank\" class=\"button primary is-gradient\"  >\n    <span>Cont\u00e1ctenos<\/span>\n  <\/a>\n\n              <\/div>\n           <\/div>\n                            \n<style>\n#text-box-1059895608 .text-box-content {\n  background-color: rgba(255, 255, 255, 0.94);\n  font-size: 100%;\n}\n#text-box-1059895608 .text-inner {\n  padding: 30px 30px 30px 30px;\n}\n#text-box-1059895608 {\n  width: 90%;\n}\n@media (min-width:550px) {\n  #text-box-1059895608 {\n    width: 44%;\n  }\n}\n<\/style>\n    <\/div>\n \n        <\/div>\n      <\/div>\n\n            \n<style>\n#banner-1877518846 {\n  padding-top: 637px;\n}\n#banner-1877518846 .bg.bg-loaded {\n  background-image: url(https:\/\/phonelocker.com\/wp-content\/uploads\/2026\/03\/pexels-splash-of-rain-7321-scaled.jpg);\n}\n#banner-1877518846 .bg {\n  background-position: 62% 60%;\n}\n<\/style>\n  <\/div>\n\n\n\t<section class=\"section\" id=\"section_1631188273\">\n\t\t<div class=\"bg section-bg fill bg-fill  bg-loaded\" >\n\n\t\t\t\n\t\t\t<div class=\"section-bg-overlay absolute fill\"><\/div>\n\t\t\t\n\t<div class=\"is-border\"\n\t\tstyle=\"border-width:1px 0px 1px 0px;\">\n\t<\/div>\n\n\t\t<\/div>\n\n\t\t<div class=\"section-content relative\">\n\t\t\t\n<div class=\"row row-large align-middle\"  id=\"row-486851993\">\n\n\t<div id=\"col-1381152074\" class=\"col small-12 large-12\"  >\n\t\t<div class=\"col-inner\"  >\n\t\t\t\n\t\t\t\n<h1 style=\"text-align: center;\"><span style=\"font-size: 140%;\">Gestionar nuestro impacto<\/span><\/h1>\n<p style=\"text-align: center;\" data-start=\"196\" data-end=\"503\"><strong><span style=\"font-size: 120%;\">Desde cadenas de suministro \u00e9ticas y cumplimiento de las normativas sobre materiales hasta control de calidad y responsabilidad medioambiental, adoptamos un enfoque reflexivo para crear soluciones seguras, duraderas y aptas para un uso a largo plazo.<\/span><\/strong><\/p>\n<p style=\"text-align: center;\" data-start=\"196\" data-end=\"503\">Realizamos un seguimiento activo de nuestro impacto de carbono y nuestras bolsas est\u00e1n dise\u00f1adas para un uso repetido a largo plazo, lo que reduce los residuos y la necesidad de reemplazo frecuente.<\/p>\n<p style=\"text-align: center;\" data-start=\"196\" data-end=\"503\">Todos los productos se someten a pruebas qu\u00edmicas y toxicol\u00f3gicas conforme a la normativa REACH y se fabrican en plantas auditadas por BSCI, lo que garantiza altos est\u00e1ndares de control de calidad, seguridad laboral y cumplimiento normativo. Mediante una estricta supervisi\u00f3n ecol\u00f3gica y de la producci\u00f3n, minimizamos los riesgos, mejoramos la uniformidad y ofrecemos productos en los que las organizaciones pueden confiar.<\/p>\n\t\t<\/div>\n\t\t\t<\/div>\n\n\t\n<\/div>\n<div class=\"container section-title-container\" ><h1 class=\"section-title section-title-center\"><b><\/b><span class=\"section-title-main\" >Acreditaci\u00f3n<\/span><b><\/b><\/h1><\/div>\n<div class=\"row\"  id=\"row-1000881424\">\n\n\t<div id=\"col-197807378\" class=\"col medium-6 small-12 large-6\"  >\n\t\t<div class=\"col-inner text-center\"  >\n\t\t\t\n\t\t\t\n\t<div class=\"img has-hover x md-x lg-x y md-y lg-y\" id=\"image_1867583792\">\n\t\t\t\t\t\t\t\t<div class=\"img-inner dark\" >\n\t\t\t<img decoding=\"async\" width=\"1020\" height=\"990\" src=\"https:\/\/phonelocker.com\/wp-content\/uploads\/2026\/02\/BSCI_logo-1024x994.webp\" class=\"attachment-large size-large\" alt=\"\" srcset=\"https:\/\/phonelocker.com\/wp-content\/uploads\/2026\/02\/BSCI_logo-1024x994.webp 1024w, https:\/\/phonelocker.com\/wp-content\/uploads\/2026\/02\/BSCI_logo-300x291.webp 300w, https:\/\/phonelocker.com\/wp-content\/uploads\/2026\/02\/BSCI_logo-768x745.webp 768w, https:\/\/phonelocker.com\/wp-content\/uploads\/2026\/02\/BSCI_logo-12x12.webp 12w, https:\/\/phonelocker.com\/wp-content\/uploads\/2026\/02\/BSCI_logo.webp 1420w\" sizes=\"(max-width: 1020px) 100vw, 1020px\" \/>\t\t\t\t\t\t\n\t\t\t\t\t<\/div>\n\t\t\t\t\t\t\t\t\n<style>\n#image_1867583792 {\n  width: 30%;\n}\n<\/style>\n\t<\/div>\n\t\n\t\t<\/div>\n\t\t\t<\/div>\n\n\t\n\n\t<div id=\"col-1984752276\" class=\"col medium-6 small-12 large-6\"  >\n\t\t<div class=\"col-inner text-center\"  >\n\t\t\t\n\t\t\t\n\t<div class=\"img has-hover x md-x lg-x y md-y lg-y\" id=\"image_680219543\">\n\t\t\t\t\t\t\t\t<div class=\"img-inner dark\" >\n\t\t\t<img decoding=\"async\" width=\"300\" height=\"261\" src=\"https:\/\/phonelocker.com\/wp-content\/uploads\/2026\/02\/Logo-REACH-300x261-1.png\" class=\"attachment-large size-large\" alt=\"\" srcset=\"https:\/\/phonelocker.com\/wp-content\/uploads\/2026\/02\/Logo-REACH-300x261-1.png 300w, https:\/\/phonelocker.com\/wp-content\/uploads\/2026\/02\/Logo-REACH-300x261-1-14x12.png 14w\" sizes=\"(max-width: 300px) 100vw, 300px\" \/>\t\t\t\t\t\t\n\t\t\t\t\t<\/div>\n\t\t\t\t\t\t\t\t\n<style>\n#image_680219543 {\n  width: 30%;\n}\n<\/style>\n\t<\/div>\n\t\n\t\t<\/div>\n\t\t\t<\/div>\n\n\t\n<\/div>\n\t\t<\/div>\n\n\t\t\n<style>\n#section_1631188273 {\n  padding-top: 20px;\n  padding-bottom: 20px;\n  background-color: rgb(255, 255, 255);\n}\n#section_1631188273 .section-bg-overlay {\n  background-color: rgba(255, 255, 255, 0.85);\n}\n<\/style>\n\t<\/section>\n\t\n\t<section class=\"section\" id=\"section_1681772519\">\n\t\t<div class=\"bg section-bg fill bg-fill  bg-loaded\" >\n\n\t\t\t\n\t\t\t<div class=\"section-bg-overlay absolute fill\"><\/div>\n\t\t\t\n\n\t\t<\/div>\n\n\t\t<div class=\"section-content relative\">\n\t\t\t\n<div class=\"container section-title-container\" ><h1 class=\"section-title section-title-center\"><b><\/b><span class=\"section-title-main\" >Cumplimiento y fabricaci\u00f3n \u00e9tica<\/span><b><\/b><\/h1><\/div>\n<div class=\"row row-large align-middle\"  id=\"row-357873303\">\n\n\t<div id=\"col-1969039587\" class=\"col medium-6 small-12 large-6\"  >\n\t\t<div class=\"col-inner text-left\"  >\n\t\t\t\n\t\t\t\n<p data-start=\"636\" data-end=\"928\"><strong data-start=\"636\" data-end=\"663\">REACH y seguridad de los materiales<\/strong><br data-start=\"663\" data-end=\"666\" \/>Bloqueo de tel\u00e9fono completo<sup>\u00ae<\/sup> Los productos cumplen con\u00a0<strong data-start=\"712\" data-end=\"733\">Reglamento REACH<\/strong>, Garantizamos que los materiales se someten a pruebas y se aprueban en materia de seguridad qu\u00edmica. Esto brinda a nuestros clientes la confianza de que nuestros productos cumplen con los est\u00e1ndares europeos reconocidos en materia de salud y protecci\u00f3n del medio ambiente.<\/p>\n<p data-start=\"930\" data-end=\"1128\"><strong data-start=\"930\" data-end=\"956\">F\u00e1bricas auditadas por BSCI<\/strong><br data-start=\"956\" data-end=\"959\" \/>Trabajamos con\u00a0<strong data-start=\"972\" data-end=\"1011\">Socios de fabricaci\u00f3n alineados con BSCI<\/strong>, apoyando pr\u00e1cticas laborales \u00e9ticas, condiciones de trabajo seguras y un abastecimiento responsable en toda nuestra cadena de suministro.<\/p>\n\t\t<\/div>\n\t\t\t<\/div>\n\n\t\n\n\t<div id=\"col-1916306150\" class=\"col medium-6 small-12 large-6\"  >\n\t\t<div class=\"col-inner\"  >\n\t\t\t\n\t\t\t\n\t<div class=\"img has-hover x md-x lg-x y md-y lg-y\" id=\"image_481412779\">\n\t\t\t\t\t\t\t\t<div class=\"img-inner image-cover dark\" style=\"padding-top:75%;\">\n\t\t\t<img decoding=\"async\" width=\"960\" height=\"501\" src=\"https:\/\/phonelocker.com\/wp-content\/uploads\/2026\/03\/Business_performance_monitoring_1200x627-1.webp\" class=\"attachment-large size-large\" alt=\"\" srcset=\"https:\/\/phonelocker.com\/wp-content\/uploads\/2026\/03\/Business_performance_monitoring_1200x627-1.webp 960w, https:\/\/phonelocker.com\/wp-content\/uploads\/2026\/03\/Business_performance_monitoring_1200x627-1-300x157.webp 300w, https:\/\/phonelocker.com\/wp-content\/uploads\/2026\/03\/Business_performance_monitoring_1200x627-1-768x401.webp 768w, https:\/\/phonelocker.com\/wp-content\/uploads\/2026\/03\/Business_performance_monitoring_1200x627-1-18x9.webp 18w\" sizes=\"(max-width: 960px) 100vw, 960px\" \/>\t\t\t\t\t\t\n\t\t\t\t\t<\/div>\n\t\t\t\t\t\t\t\t\n<style>\n#image_481412779 {\n  width: 100%;\n}\n<\/style>\n\t<\/div>\n\t\n\t<div class=\"img has-hover x md-x lg-x y md-y lg-y\" id=\"image_460604029\">\n\t\t\t\t\t\t\t\t<div class=\"img-inner box-shadow-2 dark\" >\n\t\t\t\t\t\t\t\t\t\n\t\t\t\t\t<\/div>\n\t\t\t\t\t\t\t\t\n<style>\n#image_460604029 {\n  width: 100%;\n}\n<\/style>\n\t<\/div>\n\t\n\t\t<\/div>\n\t\t\t<\/div>\n\n\t\n<\/div>\n\t\t<\/div>\n\n\t\t\n<style>\n#section_1681772519 {\n  padding-top: 20px;\n  padding-bottom: 20px;\n}\n#section_1681772519 .section-bg-overlay {\n  background-color: rgba(255, 255, 255, 0.85);\n}\n<\/style>\n\t<\/section>\n\t\n<div class=\"container section-title-container\" ><h1 class=\"section-title section-title-center\"><b><\/b><span class=\"section-title-main\" >Control de calidad en el que puede confiar.<\/span><b><\/b><\/h1><\/div>\n\t<section class=\"section\" id=\"section_1229155258\">\n\t\t<div class=\"bg section-bg fill bg-fill  bg-loaded\" >\n\n\t\t\t\n\t\t\t<div class=\"section-bg-overlay absolute fill\"><\/div>\n\t\t\t\n\n\t\t<\/div>\n\n\t\t<div class=\"section-content relative\">\n\t\t\t\n<div class=\"row row-large align-middle\"  id=\"row-1327014351\">\n\n\t<div id=\"col-1695505740\" class=\"col medium-6 small-12 large-6\"  >\n\t\t<div class=\"col-inner text-left\"  >\n\t\t\t\n\t\t\t\n<p data-start=\"1169\" data-end=\"1391\"><strong data-start=\"1169\" data-end=\"1200\">Dise\u00f1ado para uso en el mundo real.<\/strong><br data-start=\"1200\" data-end=\"1203\" \/>Nuestras bolsas se han desarrollado y perfeccionado a lo largo de a\u00f1os de uso diario en escuelas, lugares de trabajo y entornos cotidianos. La durabilidad, la seguridad y la fiabilidad son fundamentales en cada decisi\u00f3n de dise\u00f1o.<\/p>\n<p data-start=\"1393\" data-end=\"1588\"><strong data-start=\"1393\" data-end=\"1426\">Controles de calidad en cada etapa<\/strong><br data-start=\"1426\" data-end=\"1429\" \/>Cada lote de producci\u00f3n sigue procesos de control de calidad definidos, con inspecciones visuales y comprobaciones funcionales para garantizar la consistencia, el rendimiento y la durabilidad.<\/p>\n\t\t<\/div>\n\t\t\t<\/div>\n\n\t\n\n\t<div id=\"col-1253519586\" class=\"col medium-6 small-12 large-6\"  >\n\t\t<div class=\"col-inner\"  >\n\t\t\t\n\t\t\t\n\t<div class=\"img has-hover x md-x lg-x y md-y lg-y\" id=\"image_342374741\">\n\t\t\t\t\t\t\t\t<div class=\"img-inner image-cover dark\" style=\"padding-top:75%;\">\n\t\t\t<img decoding=\"async\" width=\"1020\" height=\"765\" src=\"https:\/\/phonelocker.com\/wp-content\/uploads\/2026\/01\/P1301663-1024x768.jpg\" class=\"attachment-large size-large\" alt=\"\" srcset=\"https:\/\/phonelocker.com\/wp-content\/uploads\/2026\/01\/P1301663-1024x768.jpg 1024w, https:\/\/phonelocker.com\/wp-content\/uploads\/2026\/01\/P1301663-300x225.jpg 300w, https:\/\/phonelocker.com\/wp-content\/uploads\/2026\/01\/P1301663-768x576.jpg 768w, https:\/\/phonelocker.com\/wp-content\/uploads\/2026\/01\/P1301663-1536x1152.jpg 1536w, https:\/\/phonelocker.com\/wp-content\/uploads\/2026\/01\/P1301663-2048x1536.jpg 2048w, https:\/\/phonelocker.com\/wp-content\/uploads\/2026\/01\/P1301663-16x12.jpg 16w\" sizes=\"(max-width: 1020px) 100vw, 1020px\" \/>\t\t\t\t\t\t\n\t\t\t\t\t<\/div>\n\t\t\t\t\t\t\t\t\n<style>\n#image_342374741 {\n  width: 100%;\n}\n<\/style>\n\t<\/div>\n\t\n\t<div class=\"img has-hover x md-x lg-x y md-y lg-y\" id=\"image_863671524\">\n\t\t\t\t\t\t\t\t<div class=\"img-inner box-shadow-2 dark\" >\n\t\t\t\t\t\t\t\t\t\n\t\t\t\t\t<\/div>\n\t\t\t\t\t\t\t\t\n<style>\n#image_863671524 {\n  width: 100%;\n}\n<\/style>\n\t<\/div>\n\t\n\t\t<\/div>\n\t\t\t<\/div>\n\n\t\n<\/div>\n<div class=\"container section-title-container\" ><h1 class=\"section-title section-title-center\"><b><\/b><span class=\"section-title-main\" >Cuidado de la creaci\u00f3n<\/span><b><\/b><\/h1><\/div>\n<div class=\"row row-large align-middle\"  id=\"row-965774334\">\n\n\t<div id=\"col-1889429110\" class=\"col medium-6 small-12 large-6\"  >\n\t\t<div class=\"col-inner text-left\"  >\n\t\t\t\n\t\t\t\n<p data-start=\"1718\" data-end=\"1977\"><strong data-start=\"1718\" data-end=\"1749\">Construido para durar, no para desperdiciar.<\/strong><br data-start=\"1749\" data-end=\"1752\" \/>Casillero del tel\u00e9fono<sup>\u00ae<\/sup> Nuestros productos est\u00e1n dise\u00f1ados para una larga vida \u00fatil y un uso repetido, lo que reduce la necesidad de reemplazos frecuentes. Siempre que es posible, utilizamos materiales cuidadosamente seleccionados para minimizar el impacto ambiental.<\/p>\n<p data-start=\"1979\" data-end=\"2136\"><strong data-start=\"1979\" data-end=\"2012\">Decisiones responsables sobre productos<\/strong><br data-start=\"2012\" data-end=\"2015\" \/>Priorizamos la durabilidad, la facilidad de reparaci\u00f3n y los vol\u00famenes de producci\u00f3n controlados para evitar el desperdicio innecesario y la sobreproducci\u00f3n.<\/p>\n\t\t<\/div>\n\t\t\t<\/div>\n\n\t\n\n\t<div id=\"col-121224980\" class=\"col medium-6 small-12 large-6\"  >\n\t\t<div class=\"col-inner\"  >\n\t\t\t\n\t\t\t\n\t<div class=\"img has-hover x md-x lg-x y md-y lg-y\" id=\"image_1315962691\">\n\t\t\t\t\t\t\t\t<div class=\"img-inner dark\" >\n\t\t\t<img decoding=\"async\" width=\"1020\" height=\"679\" src=\"https:\/\/phonelocker.com\/wp-content\/uploads\/2026\/03\/machine-1024x682.jpg\" class=\"attachment-large size-large\" alt=\"\" srcset=\"https:\/\/phonelocker.com\/wp-content\/uploads\/2026\/03\/machine-1024x682.jpg 1024w, https:\/\/phonelocker.com\/wp-content\/uploads\/2026\/03\/machine-300x200.jpg 300w, https:\/\/phonelocker.com\/wp-content\/uploads\/2026\/03\/machine-768x512.jpg 768w, https:\/\/phonelocker.com\/wp-content\/uploads\/2026\/03\/machine-1536x1024.jpg 1536w, https:\/\/phonelocker.com\/wp-content\/uploads\/2026\/03\/machine-2048x1365.jpg 2048w, https:\/\/phonelocker.com\/wp-content\/uploads\/2026\/03\/machine-18x12.jpg 18w\" sizes=\"(max-width: 1020px) 100vw, 1020px\" \/>\t\t\t\t\t\t\n\t\t\t\t\t<\/div>\n\t\t\t\t\t\t\t\t\n<style>\n#image_1315962691 {\n  width: 100%;\n}\n<\/style>\n\t<\/div>\n\t\n\t<div class=\"img has-hover x md-x lg-x y md-y lg-y\" id=\"image_1922272939\">\n\t\t\t\t\t\t\t\t<div class=\"img-inner box-shadow-2 dark\" >\n\t\t\t\t\t\t\t\t\t\n\t\t\t\t\t<\/div>\n\t\t\t\t\t\t\t\t\n<style>\n#image_1922272939 {\n  width: 100%;\n}\n<\/style>\n\t<\/div>\n\t\n\t\t<\/div>\n\t\t\t<\/div>\n\n\t\n<\/div>\n<div class=\"container section-title-container\" ><h1 class=\"section-title section-title-center\"><b><\/b><span class=\"section-title-main\" >Seguimiento de emisiones de carbono y responsabilidad ambiental<\/span><b><\/b><\/h1><\/div>\n<div class=\"row row-large align-middle\"  id=\"row-244154967\">\n\n\t<div id=\"col-1773717549\" class=\"col medium-6 small-12 large-6\"  >\n\t\t<div class=\"col-inner text-left\"  >\n\t\t\t\n\t\t\t\n<p data-start=\"2194\" data-end=\"2272\">Estamos comprometidos a mejorar la transparencia en torno a nuestra huella ambiental.<\/p>\n<p data-start=\"2274\" data-end=\"2494\"><strong data-start=\"2274\" data-end=\"2305\">Seguimiento de emisiones de carbono en curso<\/strong><br data-start=\"2305\" data-end=\"2308\" \/>Casillero del tel\u00e9fono<sup>\u00ae<\/sup> est\u00e1 trabajando activamente para monitorear el impacto de carbono en la producci\u00f3n y la log\u00edstica. Esto incluye comprender el origen de los materiales, los procesos de fabricaci\u00f3n y las emisiones del transporte.<\/p>\n<p data-start=\"2496\" data-end=\"2715\">Como parte de este proceso, estamos colaborando estrechamente con nuestro equipo directivo para refinar los datos e identificar oportunidades para reducir el impacto con el tiempo.<\/p>\n\t\t<\/div>\n\t\t\t<\/div>\n\n\t\n\n\t<div id=\"col-998406631\" class=\"col medium-6 small-12 large-6\"  >\n\t\t<div class=\"col-inner\"  >\n\t\t\t\n\t\t\t\n\t<div class=\"img has-hover x md-x lg-x y md-y lg-y\" id=\"image_1898857737\">\n\t\t\t\t\t\t\t\t<div class=\"img-inner dark\" >\n\t\t\t<img decoding=\"async\" width=\"1020\" height=\"680\" src=\"https:\/\/phonelocker.com\/wp-content\/uploads\/2026\/03\/windturines-1024x683.jpg\" class=\"attachment-large size-large\" alt=\"\" srcset=\"https:\/\/phonelocker.com\/wp-content\/uploads\/2026\/03\/windturines-1024x683.jpg 1024w, https:\/\/phonelocker.com\/wp-content\/uploads\/2026\/03\/windturines-300x200.jpg 300w, https:\/\/phonelocker.com\/wp-content\/uploads\/2026\/03\/windturines-768x512.jpg 768w, https:\/\/phonelocker.com\/wp-content\/uploads\/2026\/03\/windturines-1536x1024.jpg 1536w, https:\/\/phonelocker.com\/wp-content\/uploads\/2026\/03\/windturines-2048x1366.jpg 2048w, https:\/\/phonelocker.com\/wp-content\/uploads\/2026\/03\/windturines-18x12.jpg 18w\" sizes=\"(max-width: 1020px) 100vw, 1020px\" \/>\t\t\t\t\t\t\n\t\t\t\t\t<\/div>\n\t\t\t\t\t\t\t\t\n<style>\n#image_1898857737 {\n  width: 100%;\n}\n<\/style>\n\t<\/div>\n\t\n\t<div class=\"img has-hover x md-x lg-x y md-y lg-y\" id=\"image_1496356668\">\n\t\t\t\t\t\t\t\t<div class=\"img-inner box-shadow-2 dark\" >\n\t\t\t\t\t\t\t\t\t\n\t\t\t\t\t<\/div>\n\t\t\t\t\t\t\t\t\n<style>\n#image_1496356668 {\n  width: 100%;\n}\n<\/style>\n\t<\/div>\n\t\n\t\t<\/div>\n\t\t\t<\/div>\n\n\t\n<\/div>\n\t\t<\/div>\n\n\t\t\n<style>\n#section_1229155258 {\n  padding-top: 20px;\n  padding-bottom: 20px;\n}\n#section_1229155258 .section-bg-overlay {\n  background-color: rgba(255, 255, 255, 0.85);\n}\n<\/style>\n\t<\/section>\n\t\n<div class=\"message-box relative dark\" style=\"padding-top:40px;padding-bottom:40px;\"><div class=\"message-box-bg-image bg-fill fill\" ><\/div><div class=\"message-box-bg-overlay bg-fill fill\" style=\"background-color:rgb(1, 181, 122);\"><\/div><div class=\"container relative\"><div class=\"inner last-reset\">\n<div class=\"row align-middle align-center\"  id=\"row-1462696984\">\n\n\t<div id=\"col-760350609\" class=\"col medium-9 small-12 large-9\"  >\n\t\t<div class=\"col-inner\"  >\n\t\t\t\n\t\t\t\n<h2 class=\"text--center\">Ponte en contacto con nosotros.<\/h2>\n<p>Para obtener consejos sobre c\u00f3mo prescindir del tel\u00e9fono con Phone Locker<sup>\u00ae<\/sup>, Cont\u00e1ctanos hoy mismo.<\/p>\n\t\t<\/div>\n\t\t\t<\/div>\n\n\t\n\n\t<div id=\"col-1903934586\" class=\"col medium-2 small-12 large-2\"  >\n\t\t<div class=\"col-inner text-center\"  >\n\t\t\t\n\t\t\t\n<a href=\"https:\/\/phonelocker.com\/es\/contact\/\" target=\"_self\" class=\"button white is-outline\"  style=\"border-radius:99px;\">\n    <span>Habla con nuestro equipo<\/span>\n  <\/a>\n\n\t\t<\/div>\n\t\t\t<\/div>\n\n\t\n<\/div>\n<\/div><\/div><\/div>","protected":false},"excerpt":{"rendered":"","protected":false},"author":1,"featured_media":0,"parent":0,"menu_order":0,"comment_status":"closed","ping_status":"closed","template":"page-blank.php","meta":{"footnotes":""},"class_list":["post-3004","page","type-page","status-publish","hentry"],"yoast_head":"<!-- This site is optimized with the Yoast SEO plugin v27.1.1 - https:\/\/yoast.com\/product\/yoast-seo-wordpress\/ -->\n<title>ESG and Compliance - Phone Locker<\/title>\n<meta name=\"robots\" content=\"index, follow, max-snippet:-1, max-image-preview:large, max-video-preview:-1\" \/>\n<link rel=\"canonical\" href=\"https:\/\/phonelocker.com\/es\/esg-and-compliance\/\" \/>\n<meta property=\"og:locale\" content=\"es_ES\" \/>\n<meta property=\"og:type\" content=\"article\" \/>\n<meta property=\"og:title\" content=\"ESG and Compliance - Phone Locker\" \/>\n<meta property=\"og:url\" content=\"https:\/\/phonelocker.com\/es\/esg-and-compliance\/\" \/>\n<meta property=\"og:site_name\" content=\"Phone Locker\" \/>\n<meta property=\"article:modified_time\" content=\"2026-03-19T11:06:21+00:00\" \/>\n<meta name=\"twitter:card\" content=\"summary_large_image\" \/>\n<meta name=\"twitter:label1\" content=\"Tiempo de lectura\" \/>\n\t<meta name=\"twitter:data1\" content=\"3 minutos\" \/>\n<!-- \/ Yoast SEO plugin. -->","yoast_head_json":{"title":"ESG and Compliance - Phone Locker","robots":{"index":"index","follow":"follow","max-snippet":"max-snippet:-1","max-image-preview":"max-image-preview:large","max-video-preview":"max-video-preview:-1"},"canonical":"https:\/\/phonelocker.com\/es\/esg-and-compliance\/","og_locale":"es_ES","og_type":"article","og_title":"ESG and Compliance - Phone Locker","og_url":"https:\/\/phonelocker.com\/es\/esg-and-compliance\/","og_site_name":"Phone Locker","article_modified_time":"2026-03-19T11:06:21+00:00","twitter_card":"summary_large_image","twitter_misc":{"Tiempo de lectura":"3 minutos"},"schema":{"@context":"https:\/\/schema.org","@graph":[{"@type":"WebPage","@id":"https:\/\/phonelocker.com\/esg-and-compliance\/","url":"https:\/\/phonelocker.com\/esg-and-compliance\/","name":"ESG and Compliance - Phone Locker","isPartOf":{"@id":"https:\/\/phonelocker.com\/#website"},"datePublished":"2026-03-17T14:46:27+00:00","dateModified":"2026-03-19T11:06:21+00:00","breadcrumb":{"@id":"https:\/\/phonelocker.com\/esg-and-compliance\/#breadcrumb"},"inLanguage":"es","potentialAction":[{"@type":"ReadAction","target":["https:\/\/phonelocker.com\/esg-and-compliance\/"]}]},{"@type":"BreadcrumbList","@id":"https:\/\/phonelocker.com\/esg-and-compliance\/#breadcrumb","itemListElement":[{"@type":"ListItem","position":1,"name":"Home","item":"https:\/\/phonelocker.com\/"},{"@type":"ListItem","position":2,"name":"ESG and Compliance"}]},{"@type":"WebSite","@id":"https:\/\/phonelocker.com\/#website","url":"https:\/\/phonelocker.com\/","name":"Casillero del tel\u00e9fono","description":"Estuche para tel\u00e9fono con cerradura","potentialAction":[{"@type":"SearchAction","target":{"@type":"EntryPoint","urlTemplate":"https:\/\/phonelocker.com\/?s={search_term_string}"},"query-input":{"@type":"PropertyValueSpecification","valueRequired":true,"valueName":"search_term_string"}}],"inLanguage":"es"}]}},"_links":{"self":[{"href":"https:\/\/phonelocker.com\/es\/wp-json\/wp\/v2\/pages\/3004","targetHints":{"allow":["GET"]}}],"collection":[{"href":"https:\/\/phonelocker.com\/es\/wp-json\/wp\/v2\/pages"}],"about":[{"href":"https:\/\/phonelocker.com\/es\/wp-json\/wp\/v2\/types\/page"}],"author":[{"embeddable":true,"href":"https:\/\/phonelocker.com\/es\/wp-json\/wp\/v2\/users\/1"}],"replies":[{"embeddable":true,"href":"https:\/\/phonelocker.com\/es\/wp-json\/wp\/v2\/comments?post=3004"}],"version-history":[{"count":7,"href":"https:\/\/phonelocker.com\/es\/wp-json\/wp\/v2\/pages\/3004\/revisions"}],"predecessor-version":[{"id":3328,"href":"https:\/\/phonelocker.com\/es\/wp-json\/wp\/v2\/pages\/3004\/revisions\/3328"}],"wp:attachment":[{"href":"https:\/\/phonelocker.com\/es\/wp-json\/wp\/v2\/media?parent=3004"}],"curies":[{"name":"wp","href":"https:\/\/api.w.org\/{rel}","templated":true}]}}