{"id":523,"date":"2024-01-15T00:57:58","date_gmt":"2024-01-15T00:57:58","guid":{"rendered":"https:\/\/phonelocker.com\/?page_id=523"},"modified":"2026-02-24T15:37:40","modified_gmt":"2026-02-24T15:37:40","slug":"faqs","status":"publish","type":"page","link":"https:\/\/phonelocker.com\/es\/faqs\/","title":{"rendered":"Preguntas frecuentes"},"content":{"rendered":"<section class=\"section\" id=\"section_28101979\">\n\t\t<div class=\"bg section-bg fill bg-fill  bg-loaded\" >\n\n\t\t\t\n\t\t\t\n\t\t\t\n\n\t\t<\/div>\n\n\t\t<div class=\"section-content relative\">\n\t\t\t\n<div class=\"row\"  id=\"row-692254223\">\n\n\t<div id=\"col-1256909946\" class=\"col small-12 large-12\"  >\n\t\t<div class=\"col-inner text-center\"  >\n\t\t\t\n\t\t\t\n<h2>Preguntas frecuentes<\/h2>\n\t\t<\/div>\n\t\t\t<\/div>\n\n\t\n<\/div>\n<div class=\"row align-center row-box-shadow-1\"  id=\"row-2037560426\">\n\n\t<div id=\"col-1307427521\" class=\"col medium-10 small-12 large-9\"  >\n\t\t<div class=\"col-inner\" style=\"background-color:rgb(255,255,255);\" >\n\t\t\t\n\t\t\t\n<div class=\"accordion\" rel=\"\">\n<div class=\"accordion-item\"><a href=\"#\" class=\"accordion-title plain\"><button class=\"toggle\"><i class=\"icon-angle-down\"><\/i><\/button><span>Empezando<\/span><\/a><div class=\"accordion-inner\">\n\t<div id=\"text-3134369367\" class=\"text\">\n\t\t\n<p><strong>\u00bfQu\u00e9 es Phone Locker\u00ae?<\/strong><br \/>Phone Locker\u00ae ofrece fundas para tel\u00e9fonos seguras y con cerradura que ayudan a crear entornos sin tel\u00e9fonos en escuelas, lugares de trabajo, eventos y entornos de hosteler\u00eda.<\/p>\n<p><strong>\u00bfC\u00f3mo funciona Phone Locker\u00ae?<\/strong><br \/>Los usuarios guardan su tel\u00e9fono en una funda segura, que se cierra con un simple toque. El tel\u00e9fono permanece en su poder, pero no se puede acceder a \u00e9l hasta que lo desbloquee personal autorizado.<\/p>\n<p>La funda para tel\u00e9fono con cerradura se puede utilizar en unos sencillos pasos.<\/p>\n<p>a. Inserta tu tel\u00e9fono en la bolsa.<\/p>\n<p>b. Bloquee el tel\u00e9fono en el interior presionando el mecanismo de bloqueo para cerrarlo.<\/p>\n<p>C. Desbloquee el tel\u00e9fono mediante un im\u00e1n de desbloqueo central.<\/p>\n<p><strong>\u00bfEs f\u00e1cil implementar Phone Locker\u00ae?<\/strong><br \/>S\u00ed. Phone Locker\u00ae est\u00e1 dise\u00f1ado para una implementaci\u00f3n r\u00e1pida y sencilla. Tambi\u00e9n ofrecemos soporte gratuito para la implementaci\u00f3n, que incluye asesoramiento en planificaci\u00f3n, orientaci\u00f3n para el personal y plantillas de comunicaci\u00f3n.<\/p>\n<p><strong>\u00bfOfrecen pruebas o pilotos?<\/strong><br \/>S\u00ed, podemos apoyar programas piloto o peque\u00f1os pedidos iniciales para ayudar a las organizaciones a probar la soluci\u00f3n antes de una implementaci\u00f3n m\u00e1s amplia.<\/p>\n<p><a href=\"http:\/\/phonelocker.com\/es\/contact\/\">P\u00f3ngase en contacto con nuestro equipo para obtener m\u00e1s informaci\u00f3n.<\/a><\/p>\n\t\t\n<style>\n#text-3134369367 {\n  line-height: 1;\n}\n<\/style>\n\t<\/div>\n\t\n<\/div><\/div>\n<div class=\"accordion-item\"><a href=\"#\" class=\"accordion-title plain\"><button class=\"toggle\"><i class=\"icon-angle-down\"><\/i><\/button><span>Producto y caracter\u00edsticas<\/span><\/a><div class=\"accordion-inner\">\n\t<div id=\"text-2223569580\" class=\"text\">\n\t\t\n<p data-start=\"1054\" data-end=\"1226\"><strong data-start=\"1054\" data-end=\"1093\">\u00bfQu\u00e9 tipos de bolsas ofrec\u00e9is?<\/strong><br data-start=\"1093\" data-end=\"1096\" \/>Ofrecemos bolsas con cerradura duraderas y de usos m\u00faltiples, con opciones est\u00e1ndar y de bloqueo de se\u00f1al disponibles seg\u00fan sus necesidades.<\/p>\n<p data-start=\"1054\" data-end=\"1226\"><a href=\"https:\/\/phonelocker.com\/es\/the-product\/\">Ver nuestros productos<\/a><\/p>\n<p data-start=\"1228\" data-end=\"1444\"><strong data-start=\"1228\" data-end=\"1263\">\u00bfSe incluyen bases magn\u00e9ticas?<\/strong><\/p>\n<p data-start=\"1228\" data-end=\"1444\">S\u00ed, se incluye 1 base magn\u00e9tica por cada 100 unidades de funda para tel\u00e9fono compradas.<\/p>\n<p data-start=\"1228\" data-end=\"1444\"><strong data-start=\"1228\" data-end=\"1263\">\u00bfQu\u00e9 significa bloqueo de se\u00f1al?<\/strong><br data-start=\"1263\" data-end=\"1266\" \/>Las bolsas bloqueadoras de se\u00f1ales evitan que los tel\u00e9fonos env\u00eden o reciban se\u00f1ales mientras est\u00e1n bloqueados, lo que proporciona seguridad adicional para ex\u00e1menes, reuniones confidenciales y entornos sensibles.<\/p>\n<p data-start=\"1446\" data-end=\"1600\"><strong data-start=\"1446\" data-end=\"1487\">\u00bfSon c\u00f3modas las bolsas para llevar?<\/strong><br data-start=\"1487\" data-end=\"1490\" \/>S\u00ed. Las bolsas son ligeras, discretas y est\u00e1n dise\u00f1adas para usarse o llevarse c\u00f3modamente durante todo el d\u00eda.<\/p>\n<p data-start=\"1602\" data-end=\"1796\"><strong data-start=\"1602\" data-end=\"1634\">\u00bfQu\u00e9 tan duraderas son las bolsas?<\/strong><br data-start=\"1634\" data-end=\"1637\" \/>Las bolsas Phone Locker\u00ae est\u00e1n dise\u00f1adas para un uso diario repetido con materiales de larga duraci\u00f3n y una construcci\u00f3n reforzada, lo que las hace adecuadas para entornos de gran volumen.<\/p>\n<p data-start=\"1602\" data-end=\"1796\"><strong>\u00bfQu\u00e9 es la garant\u00eda?<\/strong><\/p>\n<p data-start=\"1602\" data-end=\"1796\">La bolsa incluye una garant\u00eda de 1 a\u00f1o.<\/p>\n<p data-start=\"1602\" data-end=\"1796\">Vea nuestra garant\u00eda<\/p>\n\t\t\n<style>\n#text-2223569580 {\n  line-height: 1;\n}\n<\/style>\n\t<\/div>\n\t\n<\/div><\/div>\n<div class=\"accordion-item\"><a href=\"#\" class=\"accordion-title plain\"><button class=\"toggle\"><i class=\"icon-angle-down\"><\/i><\/button><span>Pedidos, Entrega y Soporte<\/span><\/a><div class=\"accordion-inner\">\n\t<div id=\"text-1549759445\" class=\"text\">\n\t\t\n<p data-start=\"3029\" data-end=\"3184\"><strong data-start=\"3029\" data-end=\"3056\">\u00bfUstedes suministran directamente?<\/strong><br data-start=\"3056\" data-end=\"3059\" \/>S\u00ed. Phone Locker\u00ae es a la vez fabricante y proveedor, lo que nos permite controlar la calidad, los precios y los plazos de entrega.<\/p>\n<p data-start=\"3186\" data-end=\"3348\"><strong data-start=\"3186\" data-end=\"3211\">\u00bfA d\u00f3nde hacen entregas?<\/strong><br data-start=\"3211\" data-end=\"3214\" \/>Operamos en m\u00e1s de 30 pa\u00edses, trabajando directamente con los clientes y a trav\u00e9s de distribuidores de confianza donde se requiere apoyo local.<\/p>\n<p data-start=\"3186\" data-end=\"3348\"><a href=\"https:\/\/phonelocker.com\/es\/location\/\">Vea nuestras ubicaciones<\/a><\/p>\n<p data-start=\"3350\" data-end=\"3492\"><strong data-start=\"3350\" data-end=\"3395\">\u00bfQu\u00e9 soporte ofrecen despu\u00e9s de la compra?<\/strong><br data-start=\"3395\" data-end=\"3398\" \/>Brindamos soporte continuo, con resoluci\u00f3n de problemas localizados dentro de una semana, sin cargo.<\/p>\n<p data-start=\"3350\" data-end=\"3492\"><strong>\u00bfC\u00f3mo se implementar\u00e1 la bolsa?<\/strong><\/p>\n<p>Cada entorno ser\u00e1 diferente dependiendo de las necesidades de los usuarios.<\/p>\n<p>Por ejemplo, en las escuelas, se puede indicar a los estudiantes que tengan sus tel\u00e9fonos adentro durante el horario escolar. Si tienen una emergencia, pueden usar la oficina de la escuela para comunicarse con sus familias.<\/p>\n<p>En un entorno de oficina, es posible que los tel\u00e9fonos se bloqueen una vez que ingresan a una sala de reuniones o una zona determinada y se retiren una vez que abandonan el \u00e1rea.<\/p>\n<p>En conciertos o conferencias, podr\u00eda ser que los asistentes introduzcan el tel\u00e9fono en la funda al entrar y lo retiren al salir del recinto.<\/p>\n\t\t\n<style>\n#text-1549759445 {\n  line-height: 1;\n}\n<\/style>\n\t<\/div>\n\t\n<\/div><\/div>\n<div class=\"accordion-item\"><a href=\"#\" class=\"accordion-title plain\"><button class=\"toggle\"><i class=\"icon-angle-down\"><\/i><\/button><span>Uso en la educaci\u00f3n<\/span><\/a><div class=\"accordion-inner\">\n\t<div id=\"text-2700870037\" class=\"text\">\n\t\t\n<p data-start=\"1828\" data-end=\"2044\"><strong data-start=\"1828\" data-end=\"1878\">\u00bfSon las bolsas Phone Locker\u00ae adecuadas para las escuelas?<\/strong><br data-start=\"1878\" data-end=\"1881\" \/>Por supuesto. Phone Locker\u00ae se usa ampliamente en escuelas secundarias, colegios y universidades para promover el comportamiento, la protecci\u00f3n, la integridad en los ex\u00e1menes y el bienestar digital.<\/p>\n<p data-start=\"1828\" data-end=\"2044\">Vea nuestros estudios de caso<a href=\"https:\/\/phonelocker.com\/es\/education\/\">Educaci\u00f3n<\/a><\/p>\n<p data-start=\"2046\" data-end=\"2223\"><strong data-start=\"2046\" data-end=\"2102\">\u00bfC\u00f3mo acceden los estudiantes a sus tel\u00e9fonos en caso de emergencia?<\/strong><br data-start=\"2102\" data-end=\"2105\" \/>El personal autorizado puede desbloquear las bolsas r\u00e1pidamente si es necesario. Se proporcionan procedimientos claros para garantizar la seguridad y la tranquilidad.<\/p>\n<p data-start=\"2225\" data-end=\"2434\"><strong data-start=\"2225\" data-end=\"2268\">\u00bfLos estudiantes se resistir\u00e1n a utilizar las bolsas?<\/strong><br data-start=\"2268\" data-end=\"2271\" \/>La experiencia demuestra que, una vez integrado en la pol\u00edtica escolar, Phone Locker\u00ae se convierte en una rutina. Muchos centros educativos informan de una mejora en el comportamiento y una reducci\u00f3n de los conflictos relacionados con el uso del tel\u00e9fono.<\/p>\n\t\t\n<style>\n#text-2700870037 {\n  line-height: 1;\n}\n<\/style>\n\t<\/div>\n\t\n<\/div><\/div>\n<div class=\"accordion-item\"><a href=\"#\" class=\"accordion-title plain\"><button class=\"toggle\"><i class=\"icon-angle-down\"><\/i><\/button><span>Eventos, corporativos y hospitalidad<\/span><\/a><div class=\"accordion-inner\">\n<p data-start=\"2481\" data-end=\"2673\"><strong data-start=\"2481\" data-end=\"2529\">\u00bfSe puede utilizar Phone Locker\u00ae para eventos puntuales?<\/strong><br data-start=\"2529\" data-end=\"2532\" \/>S\u00ed. Ofrecemos soluciones flexibles para eventos \u00fanicos, como bodas, conferencias, festivales, lanzamientos de productos y funciones privadas.<\/p>\n<p data-start=\"2481\" data-end=\"2673\"><a href=\"https:\/\/phonelocker.com\/es\/entertainment\/\">Descubra m\u00e1s sobre los requisitos de su industria<\/a><\/p>\n<p data-start=\"2675\" data-end=\"2832\"><strong data-start=\"2675\" data-end=\"2729\">\u00bfEl branding est\u00e1 disponible para eventos u organizaciones?<\/strong><br data-start=\"2729\" data-end=\"2732\" \/>S\u00ed. Ofrecemos bolsas personalizadas a todo color que combinan con la identidad de su marca, lugar o evento.<\/p>\n<p data-start=\"2834\" data-end=\"2987\"><strong data-start=\"2834\" data-end=\"2884\">\u00bfQu\u00e9 tan r\u00e1pido es el proceso de bloqueo y desbloqueo?<\/strong><br data-start=\"2884\" data-end=\"2887\" \/>El sistema de un solo toque est\u00e1 dise\u00f1ado para brindar velocidad, permitiendo que las colas avancen sin problemas incluso en eventos de gran volumen.<\/p>\n<\/div><\/div>\n<div class=\"accordion-item\"><a href=\"#\" class=\"accordion-title plain\"><button class=\"toggle\"><i class=\"icon-angle-down\"><\/i><\/button><span>Sostenibilidad y Responsabilidad<\/span><\/a><div class=\"accordion-inner\">\n<p data-start=\"3539\" data-end=\"3748\"><strong data-start=\"3539\" data-end=\"3597\">\u00bfSon los productos Phone Locker\u00ae responsables con el medio ambiente?<\/strong><br data-start=\"3597\" data-end=\"3600\" \/>S\u00ed. Nuestras bolsas est\u00e1n dise\u00f1adas para su reutilizaci\u00f3n a largo plazo y se fabrican bajo estrictos controles ecol\u00f3gicos. Monitoreamos nuestra huella de carbono y la compensamos con medidas ecol\u00f3gicas.<\/p>\n<p data-start=\"3750\" data-end=\"3920\"><strong data-start=\"3750\" data-end=\"3790\">\u00bfSe prueban sus productos en t\u00e9rminos de seguridad?<\/strong><br data-start=\"3790\" data-end=\"3793\" \/>Todos los productos se someten a pruebas qu\u00edmicas REACH y se producen en f\u00e1bricas auditadas por BSCI para garantizar la seguridad y el cumplimiento.<\/p>\n<p data-start=\"3750\" data-end=\"3920\">Descubra m\u00e1s sobre nosotros<\/p>\n<\/div><\/div>\n<div class=\"accordion-item\"><a href=\"#\" class=\"accordion-title plain\"><button class=\"toggle\"><i class=\"icon-angle-down\"><\/i><\/button><span>Precios<\/span><\/a><div class=\"accordion-inner\">\n<p data-start=\"198\" data-end=\"234\"><strong>\u00bfCu\u00e1nto cuesta Phone Locker\u00ae?<\/strong><\/p>\n<p data-start=\"236\" data-end=\"580\">El costo de usar Phone Locker\u00ae depende del tama\u00f1o de su organizaci\u00f3n, la cantidad de bolsas necesarias y si la soluci\u00f3n es para uso permanente o para un evento de corta duraci\u00f3n. Ofrecemos opciones flexibles, dise\u00f1adas para ser asequibles para escuelas, empresas y espacios de todos los tama\u00f1os, con precios adaptados a su entorno espec\u00edfico y plan de implementaci\u00f3n.<\/p>\n<p data-start=\"979\" data-end=\"1030\"><strong>\u00bfPhone Locker\u00ae es una compra \u00fanica o un alquiler?<\/strong><\/p>\n<p data-start=\"1032\" data-end=\"1319\">Ofrecemos ambos modelos. Muchas escuelas y organizaciones optan por una compra \u00fanica para uso diario, mientras que los eventos y conferencias suelen preferir paquetes de alquiler a corto plazo. Cada opci\u00f3n incluye la misma tecnolog\u00eda y soporte seguros; la estructura simplemente refleja el tiempo que necesita la soluci\u00f3n.<\/p>\n<p data-start=\"2211\" data-end=\"2255\"><strong>\u00bfPodemos obtener una cotizaci\u00f3n para nuestra organizaci\u00f3n?<\/strong><\/p>\n<p data-start=\"2257\" data-end=\"2448\">Por supuesto. Ofrecemos presupuestos personalizados seg\u00fan su entorno, n\u00famero de usuarios y objetivos. Una breve conversaci\u00f3n con nuestro equipo nos permite recomendarle la configuraci\u00f3n m\u00e1s adecuada y rentable.<\/p>\n<p data-start=\"2257\" data-end=\"2448\">Ponte en contacto con nosotros a trav\u00e9s de nuestro <a href=\"http:\/\/phonelocker.com\/es\/contact\/\">formulario de contacto<\/a> o directamente:<\/p>\n<p data-start=\"2257\" data-end=\"2448\">Correo electr\u00f3nico: hello@phonelocker.com<\/p>\n<p data-start=\"2257\" data-end=\"2448\">Tel\u00e9fono: +44 (0) 2031618121<\/p>\n<\/div><\/div>\n<\/div>\n\t\t<\/div>\n\t\t\t<\/div>\n\n\t\n\n<style>\n#row-2037560426 > .col > .col-inner {\n  padding: 0px 0px 0px 0px;\n}\n@media (min-width:550px) {\n  #row-2037560426 > .col > .col-inner {\n    padding: 30px 30px 30px 30px;\n  }\n}\n<\/style>\n<\/div>\n\t\t<\/div>\n\n\t\t\n<style>\n#section_28101979 {\n  padding-top: 60px;\n  padding-bottom: 60px;\n  background-color: rgb(255,255,255);\n}\n<\/style>\n\t<\/section>","protected":false},"excerpt":{"rendered":"","protected":false},"author":1,"featured_media":0,"parent":0,"menu_order":0,"comment_status":"closed","ping_status":"closed","template":"","meta":{"footnotes":""},"class_list":["post-523","page","type-page","status-publish","hentry"],"yoast_head":"<!-- This site is optimized with the Yoast SEO plugin v27.1.1 - https:\/\/yoast.com\/product\/yoast-seo-wordpress\/ -->\n<title>FAQs - Phone Locker<\/title>\n<meta name=\"robots\" content=\"index, follow, max-snippet:-1, max-image-preview:large, max-video-preview:-1\" \/>\n<link rel=\"canonical\" href=\"https:\/\/phonelocker.com\/es\/faqs\/\" \/>\n<meta property=\"og:locale\" content=\"es_ES\" \/>\n<meta property=\"og:type\" content=\"article\" \/>\n<meta property=\"og:title\" content=\"FAQs - Phone Locker\" \/>\n<meta property=\"og:url\" content=\"https:\/\/phonelocker.com\/es\/faqs\/\" \/>\n<meta property=\"og:site_name\" content=\"Phone Locker\" \/>\n<meta property=\"article:modified_time\" content=\"2026-02-24T15:37:40+00:00\" \/>\n<meta name=\"twitter:card\" content=\"summary_large_image\" \/>\n<meta name=\"twitter:label1\" content=\"Tiempo de lectura\" \/>\n\t<meta name=\"twitter:data1\" content=\"3 minutos\" \/>\n<!-- \/ Yoast SEO plugin. -->","yoast_head_json":{"title":"FAQs - Phone Locker","robots":{"index":"index","follow":"follow","max-snippet":"max-snippet:-1","max-image-preview":"max-image-preview:large","max-video-preview":"max-video-preview:-1"},"canonical":"https:\/\/phonelocker.com\/es\/faqs\/","og_locale":"es_ES","og_type":"article","og_title":"FAQs - Phone Locker","og_url":"https:\/\/phonelocker.com\/es\/faqs\/","og_site_name":"Phone Locker","article_modified_time":"2026-02-24T15:37:40+00:00","twitter_card":"summary_large_image","twitter_misc":{"Tiempo de lectura":"3 minutos"},"schema":{"@context":"https:\/\/schema.org","@graph":[{"@type":"WebPage","@id":"https:\/\/phonelocker.com\/faqs\/","url":"https:\/\/phonelocker.com\/faqs\/","name":"FAQs - Phone Locker","isPartOf":{"@id":"https:\/\/phonelocker.com\/#website"},"datePublished":"2024-01-15T00:57:58+00:00","dateModified":"2026-02-24T15:37:40+00:00","breadcrumb":{"@id":"https:\/\/phonelocker.com\/faqs\/#breadcrumb"},"inLanguage":"es","potentialAction":[{"@type":"ReadAction","target":["https:\/\/phonelocker.com\/faqs\/"]}]},{"@type":"BreadcrumbList","@id":"https:\/\/phonelocker.com\/faqs\/#breadcrumb","itemListElement":[{"@type":"ListItem","position":1,"name":"Home","item":"https:\/\/phonelocker.com\/"},{"@type":"ListItem","position":2,"name":"FAQs"}]},{"@type":"WebSite","@id":"https:\/\/phonelocker.com\/#website","url":"https:\/\/phonelocker.com\/","name":"Casillero del tel\u00e9fono","description":"Estuche para tel\u00e9fono con cerradura","potentialAction":[{"@type":"SearchAction","target":{"@type":"EntryPoint","urlTemplate":"https:\/\/phonelocker.com\/?s={search_term_string}"},"query-input":{"@type":"PropertyValueSpecification","valueRequired":true,"valueName":"search_term_string"}}],"inLanguage":"es"}]}},"_links":{"self":[{"href":"https:\/\/phonelocker.com\/es\/wp-json\/wp\/v2\/pages\/523","targetHints":{"allow":["GET"]}}],"collection":[{"href":"https:\/\/phonelocker.com\/es\/wp-json\/wp\/v2\/pages"}],"about":[{"href":"https:\/\/phonelocker.com\/es\/wp-json\/wp\/v2\/types\/page"}],"author":[{"embeddable":true,"href":"https:\/\/phonelocker.com\/es\/wp-json\/wp\/v2\/users\/1"}],"replies":[{"embeddable":true,"href":"https:\/\/phonelocker.com\/es\/wp-json\/wp\/v2\/comments?post=523"}],"version-history":[{"count":1,"href":"https:\/\/phonelocker.com\/es\/wp-json\/wp\/v2\/pages\/523\/revisions"}],"predecessor-version":[{"id":2944,"href":"https:\/\/phonelocker.com\/es\/wp-json\/wp\/v2\/pages\/523\/revisions\/2944"}],"wp:attachment":[{"href":"https:\/\/phonelocker.com\/es\/wp-json\/wp\/v2\/media?parent=523"}],"curies":[{"name":"wp","href":"https:\/\/api.w.org\/{rel}","templated":true}]}}