{"id":674,"date":"2024-03-27T06:42:12","date_gmt":"2024-03-27T06:42:12","guid":{"rendered":"https:\/\/phonelocker.com\/?page_id=674"},"modified":"2026-03-23T12:11:32","modified_gmt":"2026-03-23T12:11:32","slug":"asia","status":"publish","type":"page","link":"https:\/\/phonelocker.com\/es\/asia\/","title":{"rendered":"Asia"},"content":{"rendered":"<div class=\"banner has-hover\" id=\"banner-1394250217\">\n          <div class=\"banner-inner fill\">\n        <div class=\"banner-bg fill\" >\n            <div class=\"bg fill bg-fill\"><\/div>\n                                    \n                    <\/div>\n        <div class=\"banner-layers container\">\n            <div class=\"fill banner-link\"><\/div>            \n   <div id=\"text-box-1571655130\" class=\"text-box banner-layer x50 md-x50 lg-x50 y50 md-y50 lg-y50 res-text\">\n                                <div class=\"text-box-content text dark\">\n              \n              <div class=\"text-inner text-center\">\n                  \n<h3 class=\"uppercase\"><strong>Soluciones sin tel\u00e9fono en toda Asia<\/strong><\/h3>\n<p>Encuentre informaci\u00f3n y apoyo para escuelas, eventos y organizaciones que utilizan Phone Locker\u00ae para crear entornos espec\u00edficos y libres de tel\u00e9fonos en todo su pa\u00eds.<\/p>\n<p>Seleccione su pa\u00eds para obtener m\u00e1s informaci\u00f3n.<\/p>\n              <\/div>\n           <\/div>\n                            \n<style>\n#text-box-1571655130 {\n  width: 60%;\n}\n#text-box-1571655130 .text-box-content {\n  font-size: 100%;\n}\n<\/style>\n    <\/div>\n \n        <\/div>\n      <\/div>\n\n            \n<style>\n#banner-1394250217 {\n  padding-top: 500px;\n  background-color: rgb(1, 181, 122);\n}\n<\/style>\n  <\/div>\n\n\n<div class=\"container section-title-container\" ><h3 class=\"section-title section-title-center\"><b><\/b><span class=\"section-title-main\" >Elige tu pa\u00eds<\/span><b><\/b><\/h3><\/div>\n<div class=\"row\"  id=\"row-632860158\">\n\n\t<div id=\"col-1118784514\" class=\"col medium-4 small-12 large-4\"  >\n\t\t<div class=\"col-inner\"  >\n\t\t\t\n\t\t\t\n<p style=\"text-align: center;\">\u00a0<img decoding=\"async\" class=\"alignnone  wp-image-3389\" src=\"https:\/\/phonelocker.com\/wp-content\/uploads\/2026\/03\/japan-flag.png\" alt=\"\" width=\"50\" height=\"50\" srcset=\"https:\/\/phonelocker.com\/wp-content\/uploads\/2026\/03\/japan-flag.png 256w, https:\/\/phonelocker.com\/wp-content\/uploads\/2026\/03\/japan-flag-150x150.png 150w, https:\/\/phonelocker.com\/wp-content\/uploads\/2026\/03\/japan-flag-12x12.png 12w\" sizes=\"(max-width: 50px) 100vw, 50px\" \/><\/p>\n<p style=\"text-align: center;\">Jap\u00f3n<\/p>\n\t\t<\/div>\n\t\t\t<\/div>\n\n\t\n\n\t<div id=\"col-2076130929\" class=\"col medium-4 small-12 large-4\"  >\n\t\t<div class=\"col-inner\"  >\n\t\t\t\n\t\t\t\n<p style=\"text-align: center;\"><a href=\"\/es\/singapore\/contact-sales\/\"><img decoding=\"async\" title=\"\" src=\"https:\/\/img.icons8.com\/color\/48\/singapore-circular.png\" alt=\"\" \/> <\/a><\/p>\n<p><a href=\"\/es\/singapore\/contact-sales\/\">Singapur<\/a><\/p>\n\t\t<\/div>\n\t\t\t<\/div>\n\n\t\n\n\t<div id=\"col-1648589633\" class=\"col medium-4 small-12 large-4\"  >\n\t\t<div class=\"col-inner\"  >\n\t\t\t\n\t\t\t\n<p style=\"text-align: center;\"><img decoding=\"async\" class=\"alignnone  wp-image-3388\" src=\"https:\/\/phonelocker.com\/wp-content\/uploads\/2026\/03\/china-flag-circle-300x169.jpg\" alt=\"\" width=\"89\" height=\"50\" srcset=\"https:\/\/phonelocker.com\/wp-content\/uploads\/2026\/03\/china-flag-circle-300x169.jpg 300w, https:\/\/phonelocker.com\/wp-content\/uploads\/2026\/03\/china-flag-circle-18x10.jpg 18w, https:\/\/phonelocker.com\/wp-content\/uploads\/2026\/03\/china-flag-circle.jpg 622w\" sizes=\"(max-width: 89px) 100vw, 89px\" \/><\/p>\n<p>Porcelana<\/p>\n\t\t<\/div>\n\t\t\t<\/div>\n\n\t\n<\/div>","protected":false},"excerpt":{"rendered":"","protected":false},"author":1,"featured_media":0,"parent":0,"menu_order":0,"comment_status":"closed","ping_status":"closed","template":"","meta":{"footnotes":""},"class_list":["post-674","page","type-page","status-publish","hentry"],"yoast_head":"<!-- This site is optimized with the Yoast SEO plugin v27.1.1 - https:\/\/yoast.com\/product\/yoast-seo-wordpress\/ -->\n<title>Asia - Phone Locker<\/title>\n<meta name=\"robots\" content=\"index, follow, max-snippet:-1, max-image-preview:large, max-video-preview:-1\" \/>\n<link rel=\"canonical\" href=\"https:\/\/phonelocker.com\/es\/asia\/\" \/>\n<meta property=\"og:locale\" content=\"es_ES\" \/>\n<meta property=\"og:type\" content=\"article\" \/>\n<meta property=\"og:title\" content=\"Asia - Phone Locker\" \/>\n<meta property=\"og:url\" content=\"https:\/\/phonelocker.com\/es\/asia\/\" \/>\n<meta property=\"og:site_name\" content=\"Phone Locker\" \/>\n<meta property=\"article:modified_time\" content=\"2026-03-23T12:11:32+00:00\" \/>\n<meta property=\"og:image\" content=\"https:\/\/phonelocker.com\/wp-content\/uploads\/2026\/03\/japan-flag.png\" \/>\n\t<meta property=\"og:image:width\" content=\"256\" \/>\n\t<meta property=\"og:image:height\" content=\"256\" \/>\n\t<meta property=\"og:image:type\" content=\"image\/png\" \/>\n<meta name=\"twitter:card\" content=\"summary_large_image\" \/>\n<meta name=\"twitter:label1\" content=\"Tiempo de lectura\" \/>\n\t<meta name=\"twitter:data1\" content=\"2 minutos\" \/>\n<!-- \/ Yoast SEO plugin. -->","yoast_head_json":{"title":"Asia - Taquilla para tel\u00e9fono","robots":{"index":"index","follow":"follow","max-snippet":"max-snippet:-1","max-image-preview":"max-image-preview:large","max-video-preview":"max-video-preview:-1"},"canonical":"https:\/\/phonelocker.com\/es\/asia\/","og_locale":"es_ES","og_type":"article","og_title":"Asia - Phone Locker","og_url":"https:\/\/phonelocker.com\/es\/asia\/","og_site_name":"Phone Locker","article_modified_time":"2026-03-23T12:11:32+00:00","og_image":[{"width":256,"height":256,"url":"https:\/\/phonelocker.com\/wp-content\/uploads\/2026\/03\/japan-flag.png","type":"image\/png"}],"twitter_card":"summary_large_image","twitter_misc":{"Tiempo de lectura":"2 minutos"},"schema":{"@context":"https:\/\/schema.org","@graph":[{"@type":"WebPage","@id":"https:\/\/phonelocker.com\/asia\/","url":"https:\/\/phonelocker.com\/asia\/","name":"Asia - Taquilla para tel\u00e9fono","isPartOf":{"@id":"https:\/\/phonelocker.com\/#website"},"primaryImageOfPage":{"@id":"https:\/\/phonelocker.com\/asia\/#primaryimage"},"image":{"@id":"https:\/\/phonelocker.com\/asia\/#primaryimage"},"thumbnailUrl":"https:\/\/phonelocker.com\/wp-content\/uploads\/2026\/03\/japan-flag.png","datePublished":"2024-03-27T06:42:12+00:00","dateModified":"2026-03-23T12:11:32+00:00","breadcrumb":{"@id":"https:\/\/phonelocker.com\/asia\/#breadcrumb"},"inLanguage":"es","potentialAction":[{"@type":"ReadAction","target":["https:\/\/phonelocker.com\/asia\/"]}]},{"@type":"ImageObject","inLanguage":"es","@id":"https:\/\/phonelocker.com\/asia\/#primaryimage","url":"https:\/\/phonelocker.com\/wp-content\/uploads\/2026\/03\/japan-flag.png","contentUrl":"https:\/\/phonelocker.com\/wp-content\/uploads\/2026\/03\/japan-flag.png"},{"@type":"BreadcrumbList","@id":"https:\/\/phonelocker.com\/asia\/#breadcrumb","itemListElement":[{"@type":"ListItem","position":1,"name":"Home","item":"https:\/\/phonelocker.com\/"},{"@type":"ListItem","position":2,"name":"Asia"}]},{"@type":"WebSite","@id":"https:\/\/phonelocker.com\/#website","url":"https:\/\/phonelocker.com\/","name":"Casillero del tel\u00e9fono","description":"Estuche para tel\u00e9fono con cerradura","potentialAction":[{"@type":"SearchAction","target":{"@type":"EntryPoint","urlTemplate":"https:\/\/phonelocker.com\/?s={search_term_string}"},"query-input":{"@type":"PropertyValueSpecification","valueRequired":true,"valueName":"search_term_string"}}],"inLanguage":"es"}]}},"_links":{"self":[{"href":"https:\/\/phonelocker.com\/es\/wp-json\/wp\/v2\/pages\/674","targetHints":{"allow":["GET"]}}],"collection":[{"href":"https:\/\/phonelocker.com\/es\/wp-json\/wp\/v2\/pages"}],"about":[{"href":"https:\/\/phonelocker.com\/es\/wp-json\/wp\/v2\/types\/page"}],"author":[{"embeddable":true,"href":"https:\/\/phonelocker.com\/es\/wp-json\/wp\/v2\/users\/1"}],"replies":[{"embeddable":true,"href":"https:\/\/phonelocker.com\/es\/wp-json\/wp\/v2\/comments?post=674"}],"version-history":[{"count":17,"href":"https:\/\/phonelocker.com\/es\/wp-json\/wp\/v2\/pages\/674\/revisions"}],"predecessor-version":[{"id":3390,"href":"https:\/\/phonelocker.com\/es\/wp-json\/wp\/v2\/pages\/674\/revisions\/3390"}],"wp:attachment":[{"href":"https:\/\/phonelocker.com\/es\/wp-json\/wp\/v2\/media?parent=674"}],"curies":[{"name":"wp","href":"https:\/\/api.w.org\/{rel}","templated":true}]}}