{"id":679,"date":"2024-03-27T06:55:47","date_gmt":"2024-03-27T06:55:47","guid":{"rendered":"https:\/\/phonelocker.com\/?page_id=679"},"modified":"2026-03-23T11:36:21","modified_gmt":"2026-03-23T11:36:21","slug":"location","status":"publish","type":"page","link":"https:\/\/phonelocker.com\/es\/location\/","title":{"rendered":"Ubicaciones"},"content":{"rendered":"<div class=\"banner has-hover\" id=\"banner-1863399585\">\n          <div class=\"banner-inner fill\">\n        <div class=\"banner-bg fill\" >\n            <div class=\"bg fill bg-fill\"><\/div>\n                        <div class=\"overlay\"><\/div>            \n                    <\/div>\n        <div class=\"banner-layers container\">\n            <div class=\"fill banner-link\"><\/div>            \n   <div id=\"text-box-577242454\" class=\"text-box banner-layer x5 md-x5 lg-x5 y50 md-y50 lg-y50 res-text\">\n                                <div class=\"text-box-content text box-shadow-3\">\n              \n              <div class=\"text-inner text-left\">\n                  \n<h5 class=\"uppercase\">Ubicaciones<\/h5>\n<h1 class=\"banner-header__title header--alt\">Nuestra presencia global<\/h1>\n<p class=\"banner-header__subtitle text--white text--md\">M\u00e1s de 30 pa\u00edses, soporte directo y socios confiables en todo el mundo.<\/p>\n              <\/div>\n           <\/div>\n                            \n<style>\n#text-box-577242454 .text-box-content {\n  background-color: rgb(255, 255, 255);\n  font-size: 100%;\n}\n#text-box-577242454 .text-inner {\n  padding: 30px 30px 30px 30px;\n}\n#text-box-577242454 {\n  width: 60%;\n}\n@media (min-width:550px) {\n  #text-box-577242454 {\n    width: 40%;\n  }\n}\n<\/style>\n    <\/div>\n \n        <\/div>\n      <\/div>\n\n            \n<style>\n#banner-1863399585 {\n  padding-top: 500px;\n  background-color: rgb(255, 255, 255);\n}\n#banner-1863399585 .bg.bg-loaded {\n  background-image: url(https:\/\/phonelocker.com\/wp-content\/uploads\/2026\/02\/digital-technology-earth-made-with-particles-connection_1017-29750.avif);\n}\n#banner-1863399585 .overlay {\n  background-color: rgba(190, 190, 190, 0.2);\n}\n<\/style>\n  <\/div>\n\n\n<div class=\"container section-title-container\" ><h3 class=\"section-title section-title-center\"><b><\/b><span class=\"section-title-main\" >Elige tu regi\u00f3n<\/span><b><\/b><\/h3><\/div>\n\t<div id=\"text-1884474310\" class=\"text\">\n\t\t\n<h3><a href=\"\/es\/asia\/\">Asia<\/a>\u00a0\u2013 <a href=\"\/es\/europe\/\">Europa<\/a>\u00a0\u2013 <a href=\"\/es\/middle-east\/\">Oriente Medio<\/a>\u00a0 \u2013\u00a0<a href=\"\/es\/north-america\/\">Am\u00e9rica del Norte y del Sur<\/a>\u00a0\u2013 <a href=\"\/es\/oceania\/\">Ocean\u00eda<\/a><\/h3>\n<h3 style=\"text-align: center;\">\u00a0<\/h3>\n\t\t\n<style>\n#text-1884474310 {\n  text-align: center;\n}\n<\/style>\n\t<\/div>\n\t\n\t<section class=\"section\" id=\"section_139825582\">\n\t\t<div class=\"bg section-bg fill bg-fill  bg-loaded\" >\n\n\t\t\t\n\t\t\t\n\t\t\t\n\n\t\t<\/div>\n\n\t\t<div class=\"section-content relative\">\n\t\t\t\n\t<div id=\"text-973180901\" class=\"text\">\n\t\t\n<h2>Casillero del tel\u00e9fono<sup>\u00ae<\/sup> Opera a nivel mundial, brindando soporte a clientes en m\u00e1s de 30 pa\u00edses a trav\u00e9s de una combinaci\u00f3n de alianzas directas y distribuidores de confianza.<\/h2>\n<p>Nuestra presencia internacional nos permite ofrecer calidad constante, suministro confiable y soporte localizado dondequiera que se utilicen nuestros productos.<\/p>\n<p class=\"p1\">Australia \u2022 Nueva Zelanda \u2022 Reino Unido \u2022 Canad\u00e1 \u2022 Austria \u2022 B\u00e9lgica \u2022 Bulgaria \u2022 Dinamarca \u2022 Estonia \u2022 Finlandia \u2022 Francia \u2022 Alemania \u2022 Gibraltar \u2022 Grecia \u2022 Hungr\u00eda \u2022 Islandia \u2022 Irlanda \u2022 Italia \u2022 Letonia \u2022 Lituania \u2022 Luxemburgo \u2022 Pa\u00edses Bajos \u2022 Noruega \u2022 Polonia \u2022 Portugal \u2022 Ruman\u00eda \u2022 Serbia \u2022 Espa\u00f1a \u2022 Suecia \u2022 Suiza \u2022 Reino Unido \u2022 Bielorrusia \u2022 Catar \u2022 Singapur<\/p>\n\t\t\n<style>\n#text-973180901 {\n  text-align: center;\n}\n<\/style>\n\t<\/div>\n\t\n\t\t<\/div>\n\n\t\t\n<style>\n#section_139825582 {\n  padding-top: 30px;\n  padding-bottom: 30px;\n}\n<\/style>\n\t<\/section>\n\t\n\t<section class=\"section\" id=\"section_1444078599\">\n\t\t<div class=\"bg section-bg fill bg-fill  bg-loaded\" >\n\n\t\t\t\n\t\t\t\n\t\t\t\n\n\t\t<\/div>\n\n\t\t<div class=\"section-content relative\">\n\t\t\t\n<div class=\"row align-middle\"  id=\"row-1448667234\">\n\n\t<div id=\"col-731343381\" class=\"col medium-6 small-12 large-6\"  >\n\t\t<div class=\"col-inner\"  >\n\t\t\t\n\t\t\t\n\t<div class=\"img has-hover x md-x lg-x y md-y lg-y\" id=\"image_1431125060\">\n\t\t\t\t\t\t\t\t<div class=\"img-inner image-cover dark\" style=\"padding-top:75%;\">\n\t\t\t<img decoding=\"async\" width=\"1020\" height=\"721\" src=\"https:\/\/phonelocker.com\/wp-content\/uploads\/2026\/02\/Europe-Map-1024x724.jpg\" class=\"attachment-large size-large\" alt=\"\" srcset=\"https:\/\/phonelocker.com\/wp-content\/uploads\/2026\/02\/Europe-Map-1024x724.jpg 1024w, https:\/\/phonelocker.com\/wp-content\/uploads\/2026\/02\/Europe-Map-300x212.jpg 300w, https:\/\/phonelocker.com\/wp-content\/uploads\/2026\/02\/Europe-Map-768x543.jpg 768w, https:\/\/phonelocker.com\/wp-content\/uploads\/2026\/02\/Europe-Map-1536x1087.jpg 1536w, https:\/\/phonelocker.com\/wp-content\/uploads\/2026\/02\/Europe-Map-18x12.jpg 18w, https:\/\/phonelocker.com\/wp-content\/uploads\/2026\/02\/Europe-Map.jpg 2000w\" sizes=\"(max-width: 1020px) 100vw, 1020px\" \/>\t\t\t\t\t\t\n\t\t\t\t\t<\/div>\n\t\t\t\t\t\t\t\t\n<style>\n#image_1431125060 {\n  width: 100%;\n}\n<\/style>\n\t<\/div>\n\t\n\t\t<\/div>\n\t\t\t<\/div>\n\n\t\n\n\t<div id=\"col-1589023664\" class=\"col medium-6 small-12 large-6\"  >\n\t\t<div class=\"col-inner\"  >\n\t\t\t\n\t\t\t\n<h2>Europa<\/h2>\n<p>Casillero del tel\u00e9fono<sup>\u00ae<\/sup> Contamos con una s\u00f3lida presencia en toda Europa, gracias a una red de socios directos y distribuidores de confianza que ofrecen soluciones a escuelas, centros de trabajo y espacios para eventos. Nuestros productos cumplen con la normativa europea, garantizando el cumplimiento y la tranquilidad de todas las organizaciones.<\/p>\n<p>Tambi\u00e9n reconocemos la importancia de la representaci\u00f3n cultural y las necesidades locales, adaptando nuestro enfoque para ajustarnos a las pol\u00edticas nacionales, los requisitos ling\u00fc\u00edsticos y las expectativas espec\u00edficas del sector. Desde escuelas secundarias hasta universidades, oficinas corporativas y lugares de entretenimiento, Phone Locker<sup>\u00ae<\/sup> Proporciona soluciones fiables con apoyo local que reflejan las prioridades europeas en materia de seguridad, atenci\u00f3n y bienestar.<\/p>\n<p><a href=\"https:\/\/phonelocker.com\/es\/europe\/\">Descubra m\u00e1s sobre su ubicaci\u00f3n<\/a><\/p>\n\t\t<\/div>\n\t\t\t<\/div>\n\n\t\n<\/div>\n<div class=\"row row-collapse row-full-width align-middle\"  id=\"row-1073219982\">\n\n\t<div id=\"col-1176388118\" class=\"col medium-6 small-12 large-6\"  >\n\t\t<div class=\"col-inner\"  >\n\t\t\t\n\t\t\t\n\t<div class=\"img has-hover x md-x lg-x y md-y lg-y\" id=\"image_337005552\">\n\t\t\t\t\t\t\t\t<div class=\"img-inner image-cover dark\" style=\"padding-top:75%;\">\n\t\t\t<img decoding=\"async\" width=\"1020\" height=\"681\" src=\"https:\/\/phonelocker.com\/wp-content\/uploads\/2026\/02\/vancouver-1024x684.jpg\" class=\"attachment-large size-large\" alt=\"\" srcset=\"https:\/\/phonelocker.com\/wp-content\/uploads\/2026\/02\/vancouver-1024x684.jpg 1024w, https:\/\/phonelocker.com\/wp-content\/uploads\/2026\/02\/vancouver-300x200.jpg 300w, https:\/\/phonelocker.com\/wp-content\/uploads\/2026\/02\/vancouver-768x513.jpg 768w, https:\/\/phonelocker.com\/wp-content\/uploads\/2026\/02\/vancouver-1536x1025.jpg 1536w, https:\/\/phonelocker.com\/wp-content\/uploads\/2026\/02\/vancouver-2048x1367.jpg 2048w, https:\/\/phonelocker.com\/wp-content\/uploads\/2026\/02\/vancouver-18x12.jpg 18w\" sizes=\"(max-width: 1020px) 100vw, 1020px\" \/>\t\t\t\t\t\t\n\t\t\t\t\t<\/div>\n\t\t\t\t\t\t\t\t\n<style>\n#image_337005552 {\n  width: 100%;\n}\n<\/style>\n\t<\/div>\n\t\n\t\t<\/div>\n\t\t\t<\/div>\n\n\t\n\n\t<div id=\"col-1175968544\" class=\"col medium-6 small-12 large-6\"  >\n\t\t<div class=\"col-inner\" style=\"max-width:520px;\" >\n\t\t\t\n\t\t\t\n<h2 data-start=\"96\" data-end=\"116\">Canad\u00e1<\/h2>\n<p data-start=\"772\" data-end=\"1117\">En Canad\u00e1, casillero telef\u00f3nico<sup>\u00ae<\/sup> Hemos establecido una s\u00f3lida red de clientes directos y socios de distribuci\u00f3n, ayudando a escuelas, universidades, lugares de trabajo y recintos a implementar entornos seguros libres de tel\u00e9fonos m\u00f3viles. Nuestros productos cumplen con las normas de seguridad y reglamentarias canadienses, lo que brinda a las organizaciones confianza en la calidad, la seguridad y la fiabilidad.<\/p>\n<p data-start=\"1119\" data-end=\"1345\">Mediante una combinaci\u00f3n de apoyo directo y asociaciones regionales, Phone Locker<sup>\u00ae<\/sup> Garantiza una prestaci\u00f3n de servicios eficiente, una implementaci\u00f3n fluida y soluciones escalables en los sectores de educaci\u00f3n, corporativo y de eventos en todo el pa\u00eds.<\/p>\n<p data-start=\"1119\" data-end=\"1345\"><a href=\"https:\/\/phonelocker.com\/es\/canada\/\">Descubra m\u00e1s sobre Canad\u00e1<\/a><\/p>\n\t\t<\/div>\n\t\t\n<style>\n#col-1175968544 > .col-inner {\n  padding: 5% 5% 5% 5%;\n}\n<\/style>\n\t<\/div>\n\n\t\n<\/div>\n<div class=\"row row-collapse row-full-width align-middle\"  id=\"row-915296380\">\n\n\t<div id=\"col-334228876\" class=\"col medium-6 small-12 large-6\"  >\n\t\t<div class=\"col-inner\"  >\n\t\t\t\n\t\t\t\n\t<div class=\"img has-hover x md-x lg-x y md-y lg-y\" id=\"image_1853927582\">\n\t\t\t\t\t\t\t\t<div class=\"img-inner image-cover dark\" style=\"padding-top:75%;\">\n\t\t\t<img decoding=\"async\" width=\"1020\" height=\"680\" src=\"https:\/\/phonelocker.com\/wp-content\/uploads\/2026\/02\/middle-east-woman-1024x683.jpg\" class=\"attachment-large size-large\" alt=\"\" srcset=\"https:\/\/phonelocker.com\/wp-content\/uploads\/2026\/02\/middle-east-woman-1024x683.jpg 1024w, https:\/\/phonelocker.com\/wp-content\/uploads\/2026\/02\/middle-east-woman-300x200.jpg 300w, https:\/\/phonelocker.com\/wp-content\/uploads\/2026\/02\/middle-east-woman-768x512.jpg 768w, https:\/\/phonelocker.com\/wp-content\/uploads\/2026\/02\/middle-east-woman-1536x1024.jpg 1536w, https:\/\/phonelocker.com\/wp-content\/uploads\/2026\/02\/middle-east-woman-2048x1366.jpg 2048w, https:\/\/phonelocker.com\/wp-content\/uploads\/2026\/02\/middle-east-woman-18x12.jpg 18w\" sizes=\"(max-width: 1020px) 100vw, 1020px\" \/>\t\t\t\t\t\t\n\t\t\t\t\t<\/div>\n\t\t\t\t\t\t\t\t\n<style>\n#image_1853927582 {\n  width: 100%;\n}\n<\/style>\n\t<\/div>\n\t\n\t\t<\/div>\n\t\t\t<\/div>\n\n\t\n\n\t<div id=\"col-2129747847\" class=\"col medium-6 small-12 large-6\"  >\n\t\t<div class=\"col-inner\" style=\"max-width:520px;\" >\n\t\t\t\n\t\t\t\n<h2 data-start=\"96\" data-end=\"116\">Oriente Medio<\/h2>\n<p data-start=\"118\" data-end=\"432\">Casillero del tel\u00e9fono<sup>\u00ae<\/sup> Se est\u00e1 expandiendo por todo Oriente Medio y opera tanto en Qatar como en los Emiratos \u00c1rabes Unidos, brindando soporte a organizaciones que priorizan la concentraci\u00f3n, la privacidad y el bienestar. Nuestras soluciones son especialmente adecuadas para escuelas, entornos corporativos y eventos donde las iniciativas gubernamentales de bienestar digital impulsan la demanda de espacios libres de tel\u00e9fonos.<\/p>\n<p data-start=\"434\" data-end=\"748\">Trabajamos tanto directamente como con distribuidores locales de confianza para garantizar el cumplimiento de las normativas regionales y las expectativas culturales, proporcionando orientaci\u00f3n y apoyo personalizados. Ya sea para educaci\u00f3n, productividad en el lugar de trabajo o eventos, Phone Locker<sup>\u00ae<\/sup> Ofrece soluciones fiables, seguras y culturalmente apropiadas en toda la regi\u00f3n.<\/p>\n\t\t<\/div>\n\t\t\n<style>\n#col-2129747847 > .col-inner {\n  padding: 5% 5% 5% 5%;\n}\n<\/style>\n\t<\/div>\n\n\t\n<\/div>\n<div class=\"row row-collapse row-full-width align-middle\"  id=\"row-1322303264\">\n\n\t<div id=\"col-204695108\" class=\"col medium-6 small-12 large-6\"  >\n\t\t<div class=\"col-inner\"  >\n\t\t\t\n\t\t\t\n\t<div class=\"img has-hover x md-x lg-x y md-y lg-y\" id=\"image_302280987\">\n\t\t\t\t\t\t\t\t<div class=\"img-inner image-cover dark\" style=\"padding-top:75%;\">\n\t\t\t<img decoding=\"async\" width=\"1020\" height=\"675\" src=\"https:\/\/phonelocker.com\/wp-content\/uploads\/2026\/02\/University-of-Dublin-Ireland-1-1024x678.webp\" class=\"attachment-large size-large\" alt=\"\" srcset=\"https:\/\/phonelocker.com\/wp-content\/uploads\/2026\/02\/University-of-Dublin-Ireland-1-1024x678.webp 1024w, https:\/\/phonelocker.com\/wp-content\/uploads\/2026\/02\/University-of-Dublin-Ireland-1-300x199.webp 300w, https:\/\/phonelocker.com\/wp-content\/uploads\/2026\/02\/University-of-Dublin-Ireland-1-768x508.webp 768w, https:\/\/phonelocker.com\/wp-content\/uploads\/2026\/02\/University-of-Dublin-Ireland-1-1536x1017.webp 1536w, https:\/\/phonelocker.com\/wp-content\/uploads\/2026\/02\/University-of-Dublin-Ireland-1-18x12.webp 18w, https:\/\/phonelocker.com\/wp-content\/uploads\/2026\/02\/University-of-Dublin-Ireland-1.webp 1600w\" sizes=\"(max-width: 1020px) 100vw, 1020px\" \/>\t\t\t\t\t\t\n\t\t\t\t\t<\/div>\n\t\t\t\t\t\t\t\t\n<style>\n#image_302280987 {\n  width: 100%;\n}\n<\/style>\n\t<\/div>\n\t\n\t\t<\/div>\n\t\t\t<\/div>\n\n\t\n\n\t<div id=\"col-119315356\" class=\"col medium-6 small-12 large-6\"  >\n\t\t<div class=\"col-inner\" style=\"max-width:520px;\" >\n\t\t\t\n\t\t\t\n<h2>Irlanda<\/h2>\n<p>Casillero del tel\u00e9fono<sup>\u00ae<\/sup> Es el proveedor de soluciones n\u00famero uno en Irlanda, que ofrece a escuelas, universidades, lugares de trabajo y eventos soluciones seguras y sin necesidad de tel\u00e9fonos m\u00f3viles.<\/p>\n<p>Estamos orgullosos de asociarnos con el Gobierno irland\u00e9s, que ofrece subvenciones a las escuelas interesadas en implementar Phone Locker.<sup>\u00ae<\/sup> soluciones que facilitan a las instituciones educativas la creaci\u00f3n de entornos de aprendizaje concentrados y libres de distracciones.<\/p>\n<p>Combinada con nuestra red de apoyo local y una prestaci\u00f3n confiable, esta iniciativa ayuda a las escuelas irlandesas a adoptar una soluci\u00f3n pr\u00e1ctica, compatible y sostenible para gestionar el uso de tel\u00e9fonos m\u00f3viles.<\/p>\n\t\t<\/div>\n\t\t\n<style>\n#col-119315356 > .col-inner {\n  padding: 5% 5% 5% 5%;\n}\n<\/style>\n\t<\/div>\n\n\t\n<\/div>\n\t\t<\/div>\n\n\t\t\n<style>\n#section_1444078599 {\n  padding-top: 30px;\n  padding-bottom: 30px;\n}\n<\/style>\n\t<\/section>","protected":false},"excerpt":{"rendered":"","protected":false},"author":1,"featured_media":0,"parent":0,"menu_order":0,"comment_status":"closed","ping_status":"closed","template":"","meta":{"footnotes":""},"class_list":["post-679","page","type-page","status-publish","hentry"],"yoast_head":"<!-- This site is optimized with the Yoast SEO plugin v27.1.1 - https:\/\/yoast.com\/product\/yoast-seo-wordpress\/ -->\n<title>Locations - Phone Locker<\/title>\n<meta name=\"robots\" content=\"index, follow, max-snippet:-1, max-image-preview:large, max-video-preview:-1\" \/>\n<link rel=\"canonical\" href=\"https:\/\/phonelocker.com\/es\/location\/\" \/>\n<meta property=\"og:locale\" content=\"es_ES\" \/>\n<meta property=\"og:type\" content=\"article\" \/>\n<meta property=\"og:title\" content=\"Locations - Phone Locker\" \/>\n<meta property=\"og:url\" content=\"https:\/\/phonelocker.com\/es\/location\/\" \/>\n<meta property=\"og:site_name\" content=\"Phone Locker\" \/>\n<meta property=\"article:modified_time\" content=\"2026-03-23T11:36:21+00:00\" \/>\n<meta name=\"twitter:card\" content=\"summary_large_image\" \/>\n<meta name=\"twitter:label1\" content=\"Tiempo de lectura\" \/>\n\t<meta name=\"twitter:data1\" content=\"3 minutos\" \/>\n<!-- \/ Yoast SEO plugin. -->","yoast_head_json":{"title":"Ubicaciones - Taquillas para tel\u00e9fonos","robots":{"index":"index","follow":"follow","max-snippet":"max-snippet:-1","max-image-preview":"max-image-preview:large","max-video-preview":"max-video-preview:-1"},"canonical":"https:\/\/phonelocker.com\/es\/location\/","og_locale":"es_ES","og_type":"article","og_title":"Locations - Phone Locker","og_url":"https:\/\/phonelocker.com\/es\/location\/","og_site_name":"Phone Locker","article_modified_time":"2026-03-23T11:36:21+00:00","twitter_card":"summary_large_image","twitter_misc":{"Tiempo de lectura":"3 minutos"},"schema":{"@context":"https:\/\/schema.org","@graph":[{"@type":"WebPage","@id":"https:\/\/phonelocker.com\/location\/","url":"https:\/\/phonelocker.com\/location\/","name":"Ubicaciones - Taquillas para tel\u00e9fonos","isPartOf":{"@id":"https:\/\/phonelocker.com\/#website"},"datePublished":"2024-03-27T06:55:47+00:00","dateModified":"2026-03-23T11:36:21+00:00","breadcrumb":{"@id":"https:\/\/phonelocker.com\/location\/#breadcrumb"},"inLanguage":"es","potentialAction":[{"@type":"ReadAction","target":["https:\/\/phonelocker.com\/location\/"]}]},{"@type":"BreadcrumbList","@id":"https:\/\/phonelocker.com\/location\/#breadcrumb","itemListElement":[{"@type":"ListItem","position":1,"name":"Home","item":"https:\/\/phonelocker.com\/"},{"@type":"ListItem","position":2,"name":"Locations"}]},{"@type":"WebSite","@id":"https:\/\/phonelocker.com\/#website","url":"https:\/\/phonelocker.com\/","name":"Casillero del tel\u00e9fono","description":"Estuche para tel\u00e9fono con cerradura","potentialAction":[{"@type":"SearchAction","target":{"@type":"EntryPoint","urlTemplate":"https:\/\/phonelocker.com\/?s={search_term_string}"},"query-input":{"@type":"PropertyValueSpecification","valueRequired":true,"valueName":"search_term_string"}}],"inLanguage":"es"}]}},"_links":{"self":[{"href":"https:\/\/phonelocker.com\/es\/wp-json\/wp\/v2\/pages\/679","targetHints":{"allow":["GET"]}}],"collection":[{"href":"https:\/\/phonelocker.com\/es\/wp-json\/wp\/v2\/pages"}],"about":[{"href":"https:\/\/phonelocker.com\/es\/wp-json\/wp\/v2\/types\/page"}],"author":[{"embeddable":true,"href":"https:\/\/phonelocker.com\/es\/wp-json\/wp\/v2\/users\/1"}],"replies":[{"embeddable":true,"href":"https:\/\/phonelocker.com\/es\/wp-json\/wp\/v2\/comments?post=679"}],"version-history":[{"count":22,"href":"https:\/\/phonelocker.com\/es\/wp-json\/wp\/v2\/pages\/679\/revisions"}],"predecessor-version":[{"id":3372,"href":"https:\/\/phonelocker.com\/es\/wp-json\/wp\/v2\/pages\/679\/revisions\/3372"}],"wp:attachment":[{"href":"https:\/\/phonelocker.com\/es\/wp-json\/wp\/v2\/media?parent=679"}],"curies":[{"name":"wp","href":"https:\/\/api.w.org\/{rel}","templated":true}]}}