{"id":842,"date":"2024-04-08T07:25:57","date_gmt":"2024-04-08T07:25:57","guid":{"rendered":"https:\/\/phonelocker.com\/?page_id=842"},"modified":"2026-03-23T10:42:12","modified_gmt":"2026-03-23T10:42:12","slug":"contact-sales","status":"publish","type":"page","link":"https:\/\/phonelocker.com\/es\/poland\/contact-sales\/","title":{"rendered":"contacto-ventas"},"content":{"rendered":"<div class=\"banner has-hover\" id=\"banner-1491870767\">\n          <div class=\"banner-inner fill\">\n        <div class=\"banner-bg fill\" >\n            <div class=\"bg fill bg-fill\"><\/div>\n                                    \n                    <\/div>\n        <div class=\"banner-layers container\">\n            <div class=\"fill banner-link\"><\/div>            \n   <div id=\"text-box-1052920997\" class=\"text-box banner-layer x50 md-x50 lg-x50 y50 md-y50 lg-y50 res-text\">\n                                <div class=\"text-box-content text dark\">\n              \n              <div class=\"text-inner text-center\">\n                  \n<h6>Tu pa\u00eds<\/h6>\n<h2>Casillero del tel\u00e9fono<sup>\u00ae<\/sup> en Polonia<\/h2>\n<p>Casillero del tel\u00e9fono<sup>\u00ae<\/sup> ayuda a escuelas, colegios, eventos y organizaciones en toda Polonia a<b>\u00a0<\/b>Crea espacios tranquilos, concentrados y libres de tel\u00e9fonos. Nuestro sencillo sistema de cierre permite a las personas llevar sus tel\u00e9fonos consigo, evitando su uso cuando m\u00e1s importa: en aulas, ex\u00e1menes, actuaciones, conferencias o entornos de formaci\u00f3n. F\u00e1cil de implementar y dise\u00f1ado para fomentar el bienestar, la atenci\u00f3n y el comportamiento positivo, Phone Locker<sup>\u00ae<\/sup> Proporciona una forma pr\u00e1ctica de introducir entornos libres de tel\u00e9fonos sin confiscaci\u00f3n ni interrupciones.<\/p>\n              <\/div>\n           <\/div>\n                            \n<style>\n#text-box-1052920997 {\n  width: 60%;\n}\n#text-box-1052920997 .text-box-content {\n  font-size: 100%;\n}\n<\/style>\n    <\/div>\n \n        <\/div>\n      <\/div>\n\n            \n<style>\n#banner-1491870767 {\n  padding-top: 500px;\n}\n<\/style>\n  <\/div>\n\n\n<div class=\"container section-title-container\" ><h3 class=\"section-title section-title-center\"><b><\/b><span class=\"section-title-main\" >Solicitar informaci\u00f3n<\/span><b><\/b><\/h3><\/div>\n\t<section class=\"section\" id=\"section_199676070\">\n\t\t<div class=\"bg section-bg fill bg-fill  bg-loaded\" >\n\n\t\t\t\n\t\t\t<div class=\"section-bg-overlay absolute fill\"><\/div>\n\t\t\t\n\t<div class=\"is-border\"\n\t\tstyle=\"border-width:0px 0px 0px 0px;\">\n\t<\/div>\n\n\t\t<\/div>\n\n\t\t<div class=\"section-content relative\">\n\t\t\t\n<div class=\"row row-large align-middle\"  id=\"row-1241127980\">\n\n\t<div id=\"col-928041939\" class=\"col medium-6 small-12 large-6\"  >\n\t\t<div class=\"col-inner\"  >\n\t\t\t\n\t\t\t\n\t<div class=\"img has-hover x md-x lg-x y md-y lg-y\" id=\"image_1483506980\">\n\t\t\t\t\t\t\t\t<div class=\"img-inner dark\" >\n\t\t\t<img decoding=\"async\" width=\"1020\" height=\"1020\" src=\"https:\/\/phonelocker.com\/wp-content\/uploads\/2026\/01\/phonelockerpouch-clear-1024x1024.png\" class=\"attachment-large size-large\" alt=\"\" srcset=\"https:\/\/phonelocker.com\/wp-content\/uploads\/2026\/01\/phonelockerpouch-clear-1024x1024.png 1024w, https:\/\/phonelocker.com\/wp-content\/uploads\/2026\/01\/phonelockerpouch-clear-300x300.png 300w, https:\/\/phonelocker.com\/wp-content\/uploads\/2026\/01\/phonelockerpouch-clear-150x150.png 150w, https:\/\/phonelocker.com\/wp-content\/uploads\/2026\/01\/phonelockerpouch-clear-768x768.png 768w, https:\/\/phonelocker.com\/wp-content\/uploads\/2026\/01\/phonelockerpouch-clear-1536x1536.png 1536w, https:\/\/phonelocker.com\/wp-content\/uploads\/2026\/01\/phonelockerpouch-clear-2048x2048.png 2048w, https:\/\/phonelocker.com\/wp-content\/uploads\/2026\/01\/phonelockerpouch-clear-12x12.png 12w\" sizes=\"(max-width: 1020px) 100vw, 1020px\" \/>\t\t\t\t\t\t\n\t\t\t\t\t<\/div>\n\t\t\t\t\t\t\t\t\n<style>\n#image_1483506980 {\n  width: 100%;\n}\n<\/style>\n\t<\/div>\n\t\n\t<div class=\"img has-hover x md-x lg-x y md-y lg-y\" id=\"image_1476033408\">\n\t\t\t\t\t\t\t\t<div class=\"img-inner box-shadow-2 dark\" >\n\t\t\t\t\t\t\t\t\t\n\t\t\t\t\t<\/div>\n\t\t\t\t\t\t\t\t\n<style>\n#image_1476033408 {\n  width: 100%;\n}\n<\/style>\n\t<\/div>\n\t\n\t\t<\/div>\n\t\t\t<\/div>\n\n\t\n\n\t<div id=\"col-972442430\" class=\"col medium-6 small-12 large-6\"  >\n\t\t<div class=\"col-inner text-left\"  >\n\t\t\t\n\t\t\t\n<p data-start=\"2290\" data-end=\"2371\">Si est\u00e1s buscando soluciones que te permitan prescindir del tel\u00e9fono en Polonia, estaremos encantados de ayudarte.<\/p>\n<ul data-start=\"2373\" data-end=\"2467\">\n<li data-start=\"2373\" data-end=\"2394\">\n<p data-start=\"2375\" data-end=\"2394\">Solicitar informaci\u00f3n<\/p>\n<\/li>\n<li data-start=\"2395\" data-end=\"2414\">\n<p data-start=\"2397\" data-end=\"2414\">Pregunte por los precios<\/p>\n<\/li>\n<li data-start=\"2415\" data-end=\"2438\">\n<p data-start=\"2417\" data-end=\"2438\">Organizar un paquete de muestra<\/p>\n<\/li>\n<li data-start=\"2439\" data-end=\"2467\">\n<p data-start=\"2441\" data-end=\"2467\">Hable con un socio local<\/p>\n<\/li>\n<\/ul>\n<a rel=\"noopener noreferrer\" href=\"https:\/\/phonelocker.com\/es\/how-it-works\/\" target=\"_blank\" class=\"button primary\"  >\n    <span>Vea c\u00f3mo funciona el casillero telef\u00f3nico<sup>\u00ae<\/sup> Funcionamiento de la bolsa<\/span>\n  <\/a>\n\n\t\t<\/div>\n\t\t\t<\/div>\n\n\t\n<\/div>\n\t\t<\/div>\n\n\t\t\n<style>\n#section_199676070 {\n  padding-top: 20px;\n  padding-bottom: 20px;\n}\n#section_199676070 .section-bg-overlay {\n  background-color: rgba(255, 255, 255, 0.85);\n}\n<\/style>\n\t<\/section>\n\t\n<div class=\"message-box relative dark\" style=\"padding-top:36px;padding-bottom:36px;\"><div class=\"message-box-bg-image bg-fill fill\" ><\/div><div class=\"message-box-bg-overlay bg-fill fill\" style=\"background-color:rgb(6, 180, 122);\"><\/div><div class=\"container relative\"><div class=\"inner last-reset\">\n<div class=\"row align-middle\"  id=\"row-1124614695\">\n\n\t<div id=\"col-1434663073\" class=\"col medium-7 small-12 large-7\"  >\n\t\t<div class=\"col-inner\"  >\n\t\t\t\n\t\t\t\n<h2 class=\"text--center\">Ponte en contacto con nosotros.<\/h2>\n<p>Para obtener consejos sobre c\u00f3mo prescindir del tel\u00e9fono con Phone Locker<sup>\u00ae<\/sup>, Cont\u00e1ctanos hoy mismo.<\/p>\n\t\t<\/div>\n\t\t\t<\/div>\n\n\t\n<\/div>\n<iframe height=\"600px\" width=\"100%\" frameborder=\"0\" allow=\"geolocation;microphone;camera\" src=\"https:\/\/zfrmz.com\/ra2RwaFQAG0mJTHtFNHh\"> <\/iframe>\n<\/div><\/div><\/div>","protected":false},"excerpt":{"rendered":"","protected":false},"author":1,"featured_media":0,"parent":968,"menu_order":0,"comment_status":"closed","ping_status":"closed","template":"","meta":{"footnotes":""},"class_list":["post-842","page","type-page","status-publish","hentry"],"yoast_head":"<!-- This site is optimized with the Yoast SEO plugin v27.1.1 - https:\/\/yoast.com\/product\/yoast-seo-wordpress\/ -->\n<title>contact-sales - Phone Locker<\/title>\n<meta name=\"robots\" content=\"index, follow, max-snippet:-1, max-image-preview:large, max-video-preview:-1\" \/>\n<link rel=\"canonical\" href=\"https:\/\/phonelocker.com\/es\/poland\/contact-sales\/\" \/>\n<meta property=\"og:locale\" content=\"es_ES\" \/>\n<meta property=\"og:type\" content=\"article\" \/>\n<meta property=\"og:title\" content=\"contact-sales - Phone Locker\" \/>\n<meta property=\"og:url\" content=\"https:\/\/phonelocker.com\/es\/poland\/contact-sales\/\" \/>\n<meta property=\"og:site_name\" content=\"Phone Locker\" \/>\n<meta property=\"article:modified_time\" content=\"2026-03-23T10:42:12+00:00\" \/>\n<meta name=\"twitter:card\" content=\"summary_large_image\" \/>\n<meta name=\"twitter:label1\" content=\"Tiempo de lectura\" \/>\n\t<meta name=\"twitter:data1\" content=\"1 minuto\" \/>\n<!-- \/ Yoast SEO plugin. -->","yoast_head_json":{"title":"Contacto de ventas - Casillero telef\u00f3nico","robots":{"index":"index","follow":"follow","max-snippet":"max-snippet:-1","max-image-preview":"max-image-preview:large","max-video-preview":"max-video-preview:-1"},"canonical":"https:\/\/phonelocker.com\/es\/poland\/contact-sales\/","og_locale":"es_ES","og_type":"article","og_title":"contact-sales - Phone Locker","og_url":"https:\/\/phonelocker.com\/es\/poland\/contact-sales\/","og_site_name":"Phone Locker","article_modified_time":"2026-03-23T10:42:12+00:00","twitter_card":"summary_large_image","twitter_misc":{"Tiempo de lectura":"1 minuto"},"schema":{"@context":"https:\/\/schema.org","@graph":[{"@type":"WebPage","@id":"https:\/\/phonelocker.com\/poland\/contact-sales\/","url":"https:\/\/phonelocker.com\/poland\/contact-sales\/","name":"Contacto de ventas - Casillero telef\u00f3nico","isPartOf":{"@id":"https:\/\/phonelocker.com\/#website"},"datePublished":"2024-04-08T07:25:57+00:00","dateModified":"2026-03-23T10:42:12+00:00","breadcrumb":{"@id":"https:\/\/phonelocker.com\/poland\/contact-sales\/#breadcrumb"},"inLanguage":"es","potentialAction":[{"@type":"ReadAction","target":["https:\/\/phonelocker.com\/poland\/contact-sales\/"]}]},{"@type":"BreadcrumbList","@id":"https:\/\/phonelocker.com\/poland\/contact-sales\/#breadcrumb","itemListElement":[{"@type":"ListItem","position":1,"name":"Home","item":"https:\/\/phonelocker.com\/"},{"@type":"ListItem","position":2,"name":"Poland","item":"https:\/\/phonelocker.com\/poland\/"},{"@type":"ListItem","position":3,"name":"contact-sales"}]},{"@type":"WebSite","@id":"https:\/\/phonelocker.com\/#website","url":"https:\/\/phonelocker.com\/","name":"Casillero del tel\u00e9fono","description":"Estuche para tel\u00e9fono con cerradura","potentialAction":[{"@type":"SearchAction","target":{"@type":"EntryPoint","urlTemplate":"https:\/\/phonelocker.com\/?s={search_term_string}"},"query-input":{"@type":"PropertyValueSpecification","valueRequired":true,"valueName":"search_term_string"}}],"inLanguage":"es"}]}},"_links":{"self":[{"href":"https:\/\/phonelocker.com\/es\/wp-json\/wp\/v2\/pages\/842","targetHints":{"allow":["GET"]}}],"collection":[{"href":"https:\/\/phonelocker.com\/es\/wp-json\/wp\/v2\/pages"}],"about":[{"href":"https:\/\/phonelocker.com\/es\/wp-json\/wp\/v2\/types\/page"}],"author":[{"embeddable":true,"href":"https:\/\/phonelocker.com\/es\/wp-json\/wp\/v2\/users\/1"}],"replies":[{"embeddable":true,"href":"https:\/\/phonelocker.com\/es\/wp-json\/wp\/v2\/comments?post=842"}],"version-history":[{"count":13,"href":"https:\/\/phonelocker.com\/es\/wp-json\/wp\/v2\/pages\/842\/revisions"}],"predecessor-version":[{"id":3363,"href":"https:\/\/phonelocker.com\/es\/wp-json\/wp\/v2\/pages\/842\/revisions\/3363"}],"up":[{"embeddable":true,"href":"https:\/\/phonelocker.com\/es\/wp-json\/wp\/v2\/pages\/968"}],"wp:attachment":[{"href":"https:\/\/phonelocker.com\/es\/wp-json\/wp\/v2\/media?parent=842"}],"curies":[{"name":"wp","href":"https:\/\/api.w.org\/{rel}","templated":true}]}}