{"id":848,"date":"2024-04-08T07:29:33","date_gmt":"2024-04-08T07:29:33","guid":{"rendered":"https:\/\/phonelocker.com\/?page_id=848"},"modified":"2025-04-01T02:35:12","modified_gmt":"2025-04-01T02:35:12","slug":"contact-sales","status":"publish","type":"page","link":"https:\/\/phonelocker.com\/es\/sweden\/contact-sales\/","title":{"rendered":"contacto-ventas"},"content":{"rendered":"<section class=\"section\" id=\"section_1878489640\">\n\t\t<div class=\"bg section-bg fill bg-fill  bg-loaded\" >\n\n\t\t\t\n\t\t\t\n\t\t\t\n\n\t\t<\/div>\n\n\t\t<div class=\"section-content relative\">\n\t\t\t<div class=\"row row-collapse\"  id=\"row-1653416658\">\n\t<div id=\"col-786270866\" class=\"col small-12 large-12\"  >\n\t\t<div class=\"col-inner text-center\"  >\n\t\t\t\n\t\t\t<ul class=\"sidebar-wrapper ul-reset\"><div class=\"breadcrumbs\" vocab=\"https:\/\/schema.org\/\" typeof=\"BreadcrumbList\"><!-- Breadcrumb NavXT 6.6.0 -->\n<span property=\"itemListElement\" typeof=\"ListItem\"><a property=\"item\" typeof=\"WebPage\" title=\"Ve a la taquilla del tel\u00e9fono.\" href=\"https:\/\/phonelocker.com\/es\" class=\"home\" aria-current=\"page\"><span property=\"name\">Hogar<\/span><\/a><meta property=\"position\" content=\"1\"><\/span><\/div><\/ul>\t\t<\/div>\n\t\t\t<\/div>\n\n\t<\/div><div class=\"row\"  id=\"row-541925120\">\n\t<div id=\"col-701930620\" class=\"col small-12 large-12\"  >\n\t\t<div class=\"col-inner text-center\"  >\n\t\t\t\n\t\t\t\t<div id=\"text-4042854975\" class=\"text\">\n\t\t\n<h2>Beneficios del producto<\/h2>\n\t\t\t<\/div>\n\t\t\t<\/div>\n\t\t\t<\/div>\n\n\t<\/div><div class=\"row row-small\"  id=\"row-364445164\"><\/div>\t\t<\/div>\n\n\t\t\n<style>\n#section_1878489640 {\n  padding-top: 29px;\n  padding-bottom: 29px;\n}\n<\/style>\n\t<\/section>\n\t\n<div class=\"row row-small\"  id=\"row-442545035\">\n\t<div id=\"col-546258528\" class=\"col medium-4 small-12 large-4\"  >\n\t\t<div class=\"col-inner\"  >\n\t\t\t\n\t\t\t\n  <div class=\"banner has-hover bg-zoom\" id=\"banner-741460533\">\n          <div class=\"banner-inner fill\">\n        <div class=\"banner-bg fill\" >\n            <div class=\"bg fill bg-fill\"><\/div>\n                        <div class=\"overlay\"><\/div>            \n                    <\/div>\n        <div class=\"banner-layers container\">\n            <a class=\"fill\" href=\"#\"  ><div class=\"fill banner-link\"><\/div><\/a>               <div id=\"text-box-1547421065\" class=\"text-box banner-layer x50 md-x50 lg-x50 y100 md-y100 lg-y100 res-text\">\n                                <div class=\"text-box-content text dark\">\n              \n              <div class=\"text-inner text-left\">\n                  \n<h3>Mantener el enfoque<\/h3>\n<p>Mant\u00e9ngase alejado de la tentaci\u00f3n del tel\u00e9fono              <\/div>\n           <\/div>\n                            \n<style>\n#text-box-1547421065 .text-inner {\n  padding: 18px 18px 18px 18px;\n}\n#text-box-1547421065 {\n  width: 100%;\n}\n#text-box-1547421065 .text-box-content {\n  font-size: 100%;\n}\n<\/style>\n    <\/div>\n         <\/div>\n      <\/div>\n\n            \n<style>\n#banner-741460533 {\n  padding-top: 380px;\n}\n#banner-741460533 .bg.bg-loaded {\n  background-image: url(https:\/\/phonelocker.com\/wp-content\/uploads\/2021\/06\/benefit-1.png);\n}\n#banner-741460533 .overlay {\n  background-color: rgba(0, 0, 0, 0.01);\n}\n<\/style>\n  <\/div>\n\n\t\t<\/div>\n\t\t\n<style>\n#col-546258528 > .col-inner {\n  margin: 0px 0px 20px 0px;\n}\n<\/style>\n\t<\/div>\n\n\t\n\t<div id=\"col-1501012758\" class=\"col medium-4 small-12 large-4\"  >\n\t\t<div class=\"col-inner\"  >\n\t\t\t\n\t\t\t\n  <div class=\"banner has-hover bg-zoom\" id=\"banner-1486072667\">\n          <div class=\"banner-inner fill\">\n        <div class=\"banner-bg fill\" >\n            <div class=\"bg fill bg-fill\"><\/div>\n                        <div class=\"overlay\"><\/div>            \n                    <\/div>\n        <div class=\"banner-layers container\">\n            <a class=\"fill\" href=\"#\"  ><div class=\"fill banner-link\"><\/div><\/a>               <div id=\"text-box-710430786\" class=\"text-box banner-layer x50 md-x50 lg-x50 y100 md-y100 lg-y100 res-text\">\n                                <div class=\"text-box-content text dark\">\n              \n              <div class=\"text-inner text-left\">\n                  \n<h3>Bloquear se\u00f1al de tel\u00e9fono<\/h3>\n<p>Equipado con material especial para bloquear la se\u00f1al telef\u00f3nica.              <\/div>\n           <\/div>\n                            \n<style>\n#text-box-710430786 .text-inner {\n  padding: 18px 18px 18px 18px;\n}\n#text-box-710430786 {\n  width: 100%;\n}\n#text-box-710430786 .text-box-content {\n  font-size: 100%;\n}\n<\/style>\n    <\/div>\n         <\/div>\n      <\/div>\n\n            \n<style>\n#banner-1486072667 {\n  padding-top: 380px;\n}\n#banner-1486072667 .bg.bg-loaded {\n  background-image: url(https:\/\/phonelocker.com\/wp-content\/uploads\/2021\/06\/benefit-2.png);\n}\n#banner-1486072667 .overlay {\n  background-color: rgba(0, 0, 0, 0.01);\n}\n<\/style>\n  <\/div>\n\n\t\t<\/div>\n\t\t\n<style>\n#col-1501012758 > .col-inner {\n  margin: 0px 0px 20px 0px;\n}\n<\/style>\n\t<\/div>\n\n\t\n\t<div id=\"col-1321159893\" class=\"col medium-4 small-12 large-4\"  >\n\t\t<div class=\"col-inner\"  >\n\t\t\t\n\t\t\t\n  <div class=\"banner has-hover bg-zoom\" id=\"banner-1189106452\">\n          <div class=\"banner-inner fill\">\n        <div class=\"banner-bg fill\" >\n            <div class=\"bg fill bg-fill\"><\/div>\n                        <div class=\"overlay\"><\/div>            \n                    <\/div>\n        <div class=\"banner-layers container\">\n            <a class=\"fill\" href=\"#\"  ><div class=\"fill banner-link\"><\/div><\/a>               <div id=\"text-box-1094653171\" class=\"text-box banner-layer x50 md-x50 lg-x50 y100 md-y100 lg-y100 res-text\">\n                                <div class=\"text-box-content text dark\">\n              \n              <div class=\"text-inner text-left\">\n                  \n<h3>Gran \u00e1rea de impresi\u00f3n<\/h3>\n<p>La superficie de la bolsa se puede imprimir de forma personalizada con impresi\u00f3n por sublimaci\u00f3n.              <\/div>\n           <\/div>\n                            \n<style>\n#text-box-1094653171 .text-inner {\n  padding: 18px 18px 18px 18px;\n}\n#text-box-1094653171 {\n  width: 100%;\n}\n#text-box-1094653171 .text-box-content {\n  font-size: 100%;\n}\n<\/style>\n    <\/div>\n         <\/div>\n      <\/div>\n\n            \n<style>\n#banner-1189106452 {\n  padding-top: 380px;\n}\n#banner-1189106452 .bg.bg-loaded {\n  background-image: url(https:\/\/phonelocker.com\/wp-content\/uploads\/2021\/06\/benefit-3.png);\n}\n#banner-1189106452 .overlay {\n  background-color: rgba(0, 0, 0, 0.01);\n}\n<\/style>\n  <\/div>\n\n\t\t<\/div>\n\t\t\n<style>\n#col-1321159893 > .col-inner {\n  margin: 0px 0px 20px 0px;\n}\n<\/style>\n\t<\/div>\n\n\t\n\t<div id=\"col-247531143\" class=\"col medium-4 small-12 large-4\"  >\n\t\t<div class=\"col-inner\"  >\n\t\t\t\n\t\t\t\n  <div class=\"banner has-hover bg-zoom\" id=\"banner-1118316060\">\n          <div class=\"banner-inner fill\">\n        <div class=\"banner-bg fill\" >\n            <div class=\"bg fill bg-fill\"><\/div>\n                        <div class=\"overlay\"><\/div>            \n                    <\/div>\n        <div class=\"banner-layers container\">\n            <a class=\"fill\" href=\"#\"  ><div class=\"fill banner-link\"><\/div><\/a>               <div id=\"text-box-925149245\" class=\"text-box banner-layer x50 md-x50 lg-x50 y100 md-y100 lg-y100 res-text\">\n                                <div class=\"text-box-content text dark\">\n              \n              <div class=\"text-inner text-left\">\n                  \n<h3>Previene las trampas<\/h3>\n<p>Con los tel\u00e9fonos guardados bajo llave, no hay oportunidad de echar un vistazo              <\/div>\n           <\/div>\n                            \n<style>\n#text-box-925149245 .text-inner {\n  padding: 18px 18px 18px 18px;\n}\n#text-box-925149245 {\n  width: 100%;\n}\n#text-box-925149245 .text-box-content {\n  font-size: 100%;\n}\n<\/style>\n    <\/div>\n         <\/div>\n      <\/div>\n\n            \n<style>\n#banner-1118316060 {\n  padding-top: 380px;\n}\n#banner-1118316060 .bg.bg-loaded {\n  background-image: url(https:\/\/phonelocker.com\/wp-content\/uploads\/2021\/06\/benefit-4.png);\n}\n#banner-1118316060 .overlay {\n  background-color: rgba(0, 0, 0, 0.01);\n}\n<\/style>\n  <\/div>\n\n\t\t<\/div>\n\t\t\n<style>\n#col-247531143 > .col-inner {\n  margin: 0px 0px 20px 0px;\n}\n<\/style>\n\t<\/div>\n\n\t\n\t<div id=\"col-1470689261\" class=\"col medium-4 small-12 large-4\"  >\n\t\t<div class=\"col-inner\"  >\n\t\t\t\n\t\t\t\n  <div class=\"banner has-hover bg-zoom\" id=\"banner-131636066\">\n          <div class=\"banner-inner fill\">\n        <div class=\"banner-bg fill\" >\n            <div class=\"bg fill bg-fill\"><\/div>\n                        <div class=\"overlay\"><\/div>            \n                    <\/div>\n        <div class=\"banner-layers container\">\n            <a class=\"fill\" href=\"#\"  ><div class=\"fill banner-link\"><\/div><\/a>               <div id=\"text-box-1378160575\" class=\"text-box banner-layer x50 md-x50 lg-x50 y100 md-y100 lg-y100 res-text\">\n                                <div class=\"text-box-content text dark\">\n              \n              <div class=\"text-inner text-left\">\n                  \n<h3>Seguro de usar<\/h3>\n<p>Pasador flexible de seguridad, mantiene tus dedos seguros durante el uso.              <\/div>\n           <\/div>\n                            \n<style>\n#text-box-1378160575 .text-inner {\n  padding: 18px 18px 18px 18px;\n}\n#text-box-1378160575 {\n  width: 100%;\n}\n#text-box-1378160575 .text-box-content {\n  font-size: 100%;\n}\n<\/style>\n    <\/div>\n         <\/div>\n      <\/div>\n\n            \n<style>\n#banner-131636066 {\n  padding-top: 380px;\n}\n#banner-131636066 .bg.bg-loaded {\n  background-image: url(https:\/\/phonelocker.com\/wp-content\/uploads\/2021\/06\/benefit-5.png);\n}\n#banner-131636066 .overlay {\n  background-color: rgba(0, 0, 0, 0.01);\n}\n<\/style>\n  <\/div>\n\n\t\t<\/div>\n\t\t\n<style>\n#col-1470689261 > .col-inner {\n  margin: 0px 0px 20px 0px;\n}\n<\/style>\n\t<\/div>\n\n\t\n\t<div id=\"col-2022614118\" class=\"col medium-4 small-12 large-4\"  >\n\t\t<div class=\"col-inner\"  >\n\t\t\t\n\t\t\t\n  <div class=\"banner has-hover bg-zoom\" id=\"banner-1854948936\">\n          <div class=\"banner-inner fill\">\n        <div class=\"banner-bg fill\" >\n            <div class=\"bg fill bg-fill\"><\/div>\n                        <div class=\"overlay\"><\/div>            \n                    <\/div>\n        <div class=\"banner-layers container\">\n            <a class=\"fill\" href=\"#\"  ><div class=\"fill banner-link\"><\/div><\/a>               <div id=\"text-box-1298196776\" class=\"text-box banner-layer x50 md-x50 lg-x50 y100 md-y100 lg-y100 res-text\">\n                                <div class=\"text-box-content text dark\">\n              \n              <div class=\"text-inner text-left\">\n                  \n<h3>Se adapta a todos los tama\u00f1os de tel\u00e9fono<\/h3>\n<p>De tel\u00e9fonos de pantalla peque\u00f1a a grande              <\/div>\n           <\/div>\n                            \n<style>\n#text-box-1298196776 .text-inner {\n  padding: 18px 18px 18px 18px;\n}\n#text-box-1298196776 {\n  width: 100%;\n}\n#text-box-1298196776 .text-box-content {\n  font-size: 100%;\n}\n<\/style>\n    <\/div>\n         <\/div>\n      <\/div>\n\n            \n<style>\n#banner-1854948936 {\n  padding-top: 380px;\n}\n#banner-1854948936 .bg.bg-loaded {\n  background-image: url(https:\/\/phonelocker.com\/wp-content\/uploads\/2021\/06\/benefit-6.png);\n}\n#banner-1854948936 .overlay {\n  background-color: rgba(0, 0, 0, 0.01);\n}\n<\/style>\n  <\/div>\n\n\t\t<\/div>\n\t\t\n<style>\n#col-2022614118 > .col-inner {\n  margin: 0px 0px 20px 0px;\n}\n<\/style>\n\t<\/div>\n\n\t<\/div><iframe height=\"600px\" width=\"100%\" frameborder=\"0\" allow=\"geolocation;microphone;camera\" src=\"https:\/\/zfrmz.com\/ra2RwaFQAG0mJTHtFNHh\"> <\/iframe>","protected":false},"excerpt":{"rendered":"","protected":false},"author":1,"featured_media":0,"parent":976,"menu_order":0,"comment_status":"closed","ping_status":"closed","template":"","meta":{"footnotes":""},"class_list":["post-848","page","type-page","status-publish","hentry"],"yoast_head":"<!-- This site is optimized with the Yoast SEO plugin v27.1.1 - https:\/\/yoast.com\/product\/yoast-seo-wordpress\/ -->\n<title>contact-sales - Phone Locker<\/title>\n<meta name=\"robots\" content=\"index, follow, max-snippet:-1, max-image-preview:large, max-video-preview:-1\" \/>\n<link rel=\"canonical\" href=\"https:\/\/phonelocker.com\/es\/sweden\/contact-sales\/\" \/>\n<meta property=\"og:locale\" content=\"es_ES\" \/>\n<meta property=\"og:type\" content=\"article\" \/>\n<meta property=\"og:title\" content=\"contact-sales - Phone Locker\" \/>\n<meta property=\"og:url\" content=\"https:\/\/phonelocker.com\/es\/sweden\/contact-sales\/\" \/>\n<meta property=\"og:site_name\" content=\"Phone Locker\" \/>\n<meta property=\"article:modified_time\" content=\"2025-04-01T02:35:12+00:00\" \/>\n<meta name=\"twitter:card\" content=\"summary_large_image\" \/>\n<meta name=\"twitter:label1\" content=\"Tiempo de lectura\" \/>\n\t<meta name=\"twitter:data1\" content=\"2 minutos\" \/>\n<!-- \/ Yoast SEO plugin. -->","yoast_head_json":{"title":"Contacto de ventas - Casillero telef\u00f3nico","robots":{"index":"index","follow":"follow","max-snippet":"max-snippet:-1","max-image-preview":"max-image-preview:large","max-video-preview":"max-video-preview:-1"},"canonical":"https:\/\/phonelocker.com\/es\/sweden\/contact-sales\/","og_locale":"es_ES","og_type":"article","og_title":"contact-sales - Phone Locker","og_url":"https:\/\/phonelocker.com\/es\/sweden\/contact-sales\/","og_site_name":"Phone Locker","article_modified_time":"2025-04-01T02:35:12+00:00","twitter_card":"summary_large_image","twitter_misc":{"Tiempo de lectura":"2 minutos"},"schema":{"@context":"https:\/\/schema.org","@graph":[{"@type":"WebPage","@id":"https:\/\/phonelocker.com\/sweden\/contact-sales\/","url":"https:\/\/phonelocker.com\/sweden\/contact-sales\/","name":"Contacto de ventas - Casillero telef\u00f3nico","isPartOf":{"@id":"https:\/\/phonelocker.com\/#website"},"datePublished":"2024-04-08T07:29:33+00:00","dateModified":"2025-04-01T02:35:12+00:00","breadcrumb":{"@id":"https:\/\/phonelocker.com\/sweden\/contact-sales\/#breadcrumb"},"inLanguage":"es","potentialAction":[{"@type":"ReadAction","target":["https:\/\/phonelocker.com\/sweden\/contact-sales\/"]}]},{"@type":"BreadcrumbList","@id":"https:\/\/phonelocker.com\/sweden\/contact-sales\/#breadcrumb","itemListElement":[{"@type":"ListItem","position":1,"name":"Home","item":"https:\/\/phonelocker.com\/"},{"@type":"ListItem","position":2,"name":"Sweden","item":"https:\/\/phonelocker.com\/sweden\/"},{"@type":"ListItem","position":3,"name":"contact-sales"}]},{"@type":"WebSite","@id":"https:\/\/phonelocker.com\/#website","url":"https:\/\/phonelocker.com\/","name":"Casillero del tel\u00e9fono","description":"Estuche para tel\u00e9fono con cerradura","potentialAction":[{"@type":"SearchAction","target":{"@type":"EntryPoint","urlTemplate":"https:\/\/phonelocker.com\/?s={search_term_string}"},"query-input":{"@type":"PropertyValueSpecification","valueRequired":true,"valueName":"search_term_string"}}],"inLanguage":"es"}]}},"_links":{"self":[{"href":"https:\/\/phonelocker.com\/es\/wp-json\/wp\/v2\/pages\/848","targetHints":{"allow":["GET"]}}],"collection":[{"href":"https:\/\/phonelocker.com\/es\/wp-json\/wp\/v2\/pages"}],"about":[{"href":"https:\/\/phonelocker.com\/es\/wp-json\/wp\/v2\/types\/page"}],"author":[{"embeddable":true,"href":"https:\/\/phonelocker.com\/es\/wp-json\/wp\/v2\/users\/1"}],"replies":[{"embeddable":true,"href":"https:\/\/phonelocker.com\/es\/wp-json\/wp\/v2\/comments?post=848"}],"version-history":[{"count":10,"href":"https:\/\/phonelocker.com\/es\/wp-json\/wp\/v2\/pages\/848\/revisions"}],"predecessor-version":[{"id":3057,"href":"https:\/\/phonelocker.com\/es\/wp-json\/wp\/v2\/pages\/848\/revisions\/3057"}],"up":[{"embeddable":true,"href":"https:\/\/phonelocker.com\/es\/wp-json\/wp\/v2\/pages\/976"}],"wp:attachment":[{"href":"https:\/\/phonelocker.com\/es\/wp-json\/wp\/v2\/media?parent=848"}],"curies":[{"name":"wp","href":"https:\/\/api.w.org\/{rel}","templated":true}]}}