{"id":154,"date":"2021-06-20T13:28:58","date_gmt":"2021-06-20T13:28:58","guid":{"rendered":"https:\/\/ec2-54-66-210-245.ap-southeast-2.compute.amazonaws.com\/?page_id=154"},"modified":"2026-03-18T15:39:03","modified_gmt":"2026-03-18T15:39:03","slug":"how-it-works","status":"publish","type":"page","link":"https:\/\/phonelocker.com\/fr\/how-it-works\/","title":{"rendered":"Comment \u00e7a fonctionne"},"content":{"rendered":"<div class=\"banner has-hover\" id=\"banner-18271478\">\n          <div class=\"banner-inner fill\">\n        <div class=\"banner-bg fill\" >\n            <div class=\"bg fill bg-fill\"><\/div>\n                                    \n                    <\/div>\n        <div class=\"banner-layers container\">\n            <div class=\"fill banner-link\"><\/div>            \n   <div id=\"text-box-557916209\" class=\"text-box banner-layer x5 md-x5 lg-x5 y50 md-y50 lg-y50 res-text\">\n                                <div class=\"text-box-content text box-shadow-3\">\n              \n              <div class=\"text-inner text-left\">\n                  \n<h5>Notre solution<\/h5>\n<h3>Comment \u00e7a marche<\/h3>\n<p>Le casier t\u00e9l\u00e9phonique<sup>\u00ae<\/sup> Cette solution cr\u00e9e des environnements s\u00e9curis\u00e9s et sans t\u00e9l\u00e9phone pour les \u00e9coles, les lieux de travail, les \u00e9v\u00e9nements et bien plus encore.<\/p>\n              <\/div>\n           <\/div>\n                            \n<style>\n#text-box-557916209 .text-box-content {\n  background-color: rgb(255, 255, 255);\n  font-size: 100%;\n}\n#text-box-557916209 .text-inner {\n  padding: 30px 30px 30px 30px;\n}\n#text-box-557916209 {\n  width: 60%;\n}\n@media (min-width:550px) {\n  #text-box-557916209 {\n    width: 40%;\n  }\n}\n<\/style>\n    <\/div>\n \n        <\/div>\n      <\/div>\n\n            \n<style>\n#banner-18271478 {\n  padding-top: 500px;\n  background-color: rgb(255, 255, 255);\n}\n#banner-18271478 .bg.bg-loaded {\n  background-image: url(https:\/\/phonelocker.com\/wp-content\/uploads\/2026\/02\/Magnet-Unlocker-1-1024x1024.jpg);\n}\n<\/style>\n  <\/div>\n\n\n\t<section class=\"section home-tutorials-section how-tutorials-section\" id=\"section_1816980689\">\n\t\t<div class=\"bg section-bg fill bg-fill  bg-loaded\" >\n\n\t\t\t\n\t\t\t\n\t\t\t\n\n\t\t<\/div>\n\n\t\t<div class=\"section-content relative\">\n\t\t\t\n<div class=\"row heading-block\"  id=\"row-251481571\">\n\n\t<div id=\"col-2124774663\" class=\"col small-12 large-12\"  >\n\t\t<div class=\"col-inner text-center\"  >\n\t\t\t\n\t\t\t\n<div class=\"container section-title-container\" ><h2 class=\"section-title section-title-center\"><b><\/b><span class=\"section-title-main\" >Utilisez notre pochette de t\u00e9l\u00e9phone verrouillable<\/span><b><\/b><\/h2><\/div>\n<p>Le casier t\u00e9l\u00e9phonique<sup>\u00ae<\/sup> La pochette est fiable, r\u00e9sistante et simple d&#039;utilisation.<\/p>\n\t<div id=\"text-1245105195\" class=\"text main-heading\">\n\t\t\n\t\t\t<\/div>\n\t\n\t\t<\/div>\n\t\t\t<\/div>\n\n\t\n<\/div>\n<div class=\"row row-large home-tutorials-row\"  id=\"row-1574067304\">\n\n\t<div id=\"col-2098990434\" class=\"col medium-4 small-12 large-4\"  >\n\t\t<div class=\"col-inner\"  >\n\t\t\t\n\t\t\t\n\n\t\t<div class=\"icon-box featured-box icon-box-center text-center\"  >\n\t\t\t\t\t<div class=\"icon-box-img\" style=\"width: 160px\">\n\t\t\t\t<div class=\"icon\">\n\t\t\t\t\t<div class=\"icon-inner\" >\n\t\t\t\t\t\t<img decoding=\"async\" width=\"148\" height=\"148\" src=\"https:\/\/phonelocker.com\/wp-content\/uploads\/2021\/06\/ic-tutorial-insert.png\" class=\"attachment-medium size-medium\" alt=\"\" \/>\t\t\t\t\t<\/div>\n\t\t\t\t<\/div>\n\t\t\t<\/div>\n\t\t\t\t<div class=\"icon-box-text last-reset\">\n\t\t\t\t\t\t\t\t\t\n<h3 class=\"uppercase\">Ins\u00e9rer<\/h3>\n<p>Ins\u00e9rez votre t\u00e9l\u00e9phone dans la pochette<\/p>\n\t\t<\/div>\n\t<\/div>\n\t\n\t\n\t\t<\/div>\n\t\t\t<\/div>\n\n\t\n\n\t<div id=\"col-1333722225\" class=\"col medium-4 small-12 large-4\"  >\n\t\t<div class=\"col-inner\"  >\n\t\t\t\n\t\t\t\n\n\t\t<div class=\"icon-box featured-box icon-box-center text-center\"  >\n\t\t\t\t\t<div class=\"icon-box-img\" style=\"width: 160px\">\n\t\t\t\t<div class=\"icon\">\n\t\t\t\t\t<div class=\"icon-inner\" >\n\t\t\t\t\t\t<img decoding=\"async\" width=\"148\" height=\"148\" src=\"https:\/\/phonelocker.com\/wp-content\/uploads\/2021\/06\/ic-tutorial-lock.png\" class=\"attachment-medium size-medium\" alt=\"\" \/>\t\t\t\t\t<\/div>\n\t\t\t\t<\/div>\n\t\t\t<\/div>\n\t\t\t\t<div class=\"icon-box-text last-reset\">\n\t\t\t\t\t\t\t\t\t\n<h3 class=\"uppercase\">Verrouillage<\/h3>\n<p>Appuyez simplement sur la goupille dans le trou pour verrouiller la fermeture.<\/p>\n\t\t<\/div>\n\t<\/div>\n\t\n\t\n\t\t<\/div>\n\t\t\t<\/div>\n\n\t\n\n\t<div id=\"col-1157879203\" class=\"col medium-4 small-12 large-4\"  >\n\t\t<div class=\"col-inner\"  >\n\t\t\t\n\t\t\t\n\n\t\t<div class=\"icon-box featured-box icon-box-center text-center\"  >\n\t\t\t\t\t<div class=\"icon-box-img\" style=\"width: 160px\">\n\t\t\t\t<div class=\"icon\">\n\t\t\t\t\t<div class=\"icon-inner\" >\n\t\t\t\t\t\t<img decoding=\"async\" width=\"148\" height=\"148\" src=\"https:\/\/phonelocker.com\/wp-content\/uploads\/2021\/06\/ic-tutorial-unlock.png\" class=\"attachment-medium size-medium\" alt=\"\" \/>\t\t\t\t\t<\/div>\n\t\t\t\t<\/div>\n\t\t\t<\/div>\n\t\t\t\t<div class=\"icon-box-text last-reset\">\n\t\t\t\t\t\t\t\t\t\n<h3 class=\"uppercase\">ouvrir<\/h3>\n<p>D\u00e9verrouillez en pla\u00e7ant simplement le m\u00e9canisme de verrouillage pr\u00e8s de la base magn\u00e9tique<\/p>\n\t\t<\/div>\n\t<\/div>\n\t\n\t\n\t\t<\/div>\n\t\t\t<\/div>\n\n\t\n<\/div>\n\t<div id=\"gap-618744327\" class=\"gap-element clearfix\" style=\"display:block; height:auto;\">\n\t\t\n<style>\n#gap-618744327 {\n  padding-top: 180px;\n}\n<\/style>\n\t<\/div>\n\t\n\t\t<\/div>\n\n\t\t\n<style>\n#section_1816980689 {\n  padding-top: 29px;\n  padding-bottom: 29px;\n}\n<\/style>\n\t<\/section>\n\t\n\t<section class=\"section how-central-unlocking-section\" id=\"section_110170028\">\n\t\t<div class=\"bg section-bg fill bg-fill  bg-loaded\" >\n\n\t\t\t\n\t\t\t\n\t\t\t\n\n\t\t<\/div>\n\n\t\t<div class=\"section-content relative\">\n\t\t\t\n<div class=\"row row-collapse align-middle home-central-row how-central-row\"  id=\"row-1486360267\">\n\n\t<div id=\"col-936472091\" class=\"col left-col medium-6 small-12 large-6\"  >\n\t\t<div class=\"col-inner\"  >\n\t\t\t\n\t\t\t\n\t<div class=\"img has-hover x md-x lg-x y md-y lg-y\" id=\"image_663364583\">\n\t\t\t\t\t\t\t\t<div class=\"img-inner dark\" >\n\t\t\t<img decoding=\"async\" width=\"2560\" height=\"1920\" src=\"https:\/\/phonelocker.com\/wp-content\/uploads\/2026\/01\/P1301661-scaled.jpg\" class=\"attachment-original size-original\" alt=\"\" srcset=\"https:\/\/phonelocker.com\/wp-content\/uploads\/2026\/01\/P1301661-scaled.jpg 2560w, https:\/\/phonelocker.com\/wp-content\/uploads\/2026\/01\/P1301661-300x225.jpg 300w, https:\/\/phonelocker.com\/wp-content\/uploads\/2026\/01\/P1301661-1024x768.jpg 1024w, https:\/\/phonelocker.com\/wp-content\/uploads\/2026\/01\/P1301661-768x576.jpg 768w, https:\/\/phonelocker.com\/wp-content\/uploads\/2026\/01\/P1301661-1536x1152.jpg 1536w, https:\/\/phonelocker.com\/wp-content\/uploads\/2026\/01\/P1301661-2048x1536.jpg 2048w, https:\/\/phonelocker.com\/wp-content\/uploads\/2026\/01\/P1301661-16x12.jpg 16w\" sizes=\"(max-width: 2560px) 100vw, 2560px\" \/>\t\t\t\t\t\t\n\t\t\t\t\t<\/div>\n\t\t\t\t\t\t\t\t\n<style>\n#image_663364583 {\n  width: 100%;\n}\n<\/style>\n\t<\/div>\n\t\n\t\t<\/div>\n\t\t\t<\/div>\n\n\t\n\n\t<div id=\"col-397721184\" class=\"col right-col medium-6 small-12 large-6\"  >\n\t\t<div class=\"col-inner box-shadow-2\" style=\"background-color:rgb(255, 255, 255);\" >\n\t\t\t\n\t\t\t\n<h3>Le casier t\u00e9l\u00e9phonique<sup>\u00ae<\/sup> Poche<\/h3>\n<p>Casier de t\u00e9l\u00e9phone<sup>\u00ae<\/sup> Il s&#039;agit d&#039;une solution simple, s\u00e9curis\u00e9e et \u00e9prouv\u00e9e, con\u00e7ue pour cr\u00e9er des environnements propices \u00e0 la concentration et sans t\u00e9l\u00e9phone, en toute s\u00e9r\u00e9nit\u00e9. Notre pochette brevet\u00e9e permet de garder les appareils en s\u00e9curit\u00e9 avec l&#039;utilisateur tout en emp\u00eachant leur acc\u00e8s, aidant ainsi les \u00e9coles, les lieux de travail, les \u00e9v\u00e9nements et les environnements s\u00e9curis\u00e9s \u00e0 r\u00e9duire les distractions, \u00e0 prot\u00e9ger la vie priv\u00e9e et \u00e0 am\u00e9liorer le bien-\u00eatre.<\/p>\n<p>Durable, l\u00e9ger et facile \u00e0 utiliser \u00e0 grande \u00e9chelle, Phone Locker<sup>\u00ae<\/sup> Elle b\u00e9n\u00e9ficie d&#039;une confiance mondiale dans de nombreux secteurs pour favoriser de meilleurs comportements, l&#039;apprentissage, la productivit\u00e9 et la s\u00e9curit\u00e9.<\/p>\n<a href=\"https:\/\/phonelocker.com\/fr\/the-product\/\" target=\"_self\" class=\"button primary\"  >\n    <span>D\u00e9couvrez nos pochettes<\/span>\n  <\/a>\n\n\t\t<\/div>\n\t\t\n<style>\n#col-397721184 > .col-inner {\n  padding: 65px 30px 50px 30px;\n  margin: 0px 0px 5px 0px;\n}\n<\/style>\n\t<\/div>\n\n\t\n\n\t<div id=\"col-439787217\" class=\"col left-col medium-6 small-12 large-6\"  >\n\t\t<div class=\"col-inner\"  >\n\t\t\t\n\t\t\t\n\t<div class=\"img has-hover x md-x lg-x y md-y lg-y\" id=\"image_2005801013\">\n\t\t\t\t\t\t\t\t<div class=\"img-inner dark\" >\n\t\t\t<img decoding=\"async\" width=\"2560\" height=\"1707\" src=\"https:\/\/phonelocker.com\/wp-content\/uploads\/2026\/02\/CERCLE-EXPERIENCE-CDMX-5-scaled.jpg\" class=\"attachment-original size-original\" alt=\"\" srcset=\"https:\/\/phonelocker.com\/wp-content\/uploads\/2026\/02\/CERCLE-EXPERIENCE-CDMX-5-scaled.jpg 2560w, https:\/\/phonelocker.com\/wp-content\/uploads\/2026\/02\/CERCLE-EXPERIENCE-CDMX-5-300x200.jpg 300w, https:\/\/phonelocker.com\/wp-content\/uploads\/2026\/02\/CERCLE-EXPERIENCE-CDMX-5-1024x683.jpg 1024w, https:\/\/phonelocker.com\/wp-content\/uploads\/2026\/02\/CERCLE-EXPERIENCE-CDMX-5-768x512.jpg 768w, https:\/\/phonelocker.com\/wp-content\/uploads\/2026\/02\/CERCLE-EXPERIENCE-CDMX-5-1536x1024.jpg 1536w, https:\/\/phonelocker.com\/wp-content\/uploads\/2026\/02\/CERCLE-EXPERIENCE-CDMX-5-2048x1365.jpg 2048w, https:\/\/phonelocker.com\/wp-content\/uploads\/2026\/02\/CERCLE-EXPERIENCE-CDMX-5-18x12.jpg 18w\" sizes=\"(max-width: 2560px) 100vw, 2560px\" \/>\t\t\t\t\t\t\n\t\t\t\t\t<\/div>\n\t\t\t\t\t\t\t\t\n<style>\n#image_2005801013 {\n  width: 100%;\n}\n<\/style>\n\t<\/div>\n\t\n\t\t<\/div>\n\t\t\t<\/div>\n\n\t\n\n\t<div id=\"col-1508169140\" class=\"col right-col medium-6 small-12 large-6\"  >\n\t\t<div class=\"col-inner box-shadow-2\" style=\"background-color:rgb(255, 255, 255);\" >\n\t\t\t\n\t\t\t\n<h3>Casier de t\u00e9l\u00e9phone<sup>\u00ae<\/sup> Assistance et planification du site<\/h3>\n<p>Lorsque les \u00e9coles, les entreprises ou les organisateurs d&#039;\u00e9v\u00e9nements d\u00e9cident de r\u00e9duire ou de limiter l&#039;utilisation des t\u00e9l\u00e9phones portables, le principal d\u00e9fi n&#039;est pas l&#039;id\u00e9e en elle-m\u00eame, mais sa mise en \u0153uvre. Les politiques \u00e9crites sont souvent inefficaces sans application concr\u00e8te.<\/p>\n<p>Nous comprenons que chaque site et lieu est diff\u00e9rent. Nous avons l&#039;exp\u00e9rience n\u00e9cessaire pour aider nos clients \u00e0 mettre en \u0153uvre le syst\u00e8me de casier t\u00e9l\u00e9phonique.<sup>\u00ae<\/sup> Nous disposons d&#039;un syst\u00e8me op\u00e9rationnel dans divers environnements, et nous pouvons aider \u00e0 planifier son d\u00e9ploiement et \u00eatre pr\u00e9sents lors du lancement pour assurer le support.<\/p>\n\t\t<\/div>\n\t\t\n<style>\n#col-1508169140 > .col-inner {\n  padding: 65px 30px 50px 30px;\n  margin: 0px 0px 5px 0px;\n}\n<\/style>\n\t<\/div>\n\n\t\n<\/div>\n<div class=\"container section-title-container\" ><h3 class=\"section-title section-title-center\"><b><\/b><span class=\"section-title-main\" >comment \u00e7a marche<\/span><b><\/b><\/h3><\/div>\n<div class=\"row row-collapse align-center\"  id=\"row-756937922\">\n\n\t<div id=\"col-200768398\" class=\"col medium-10 small-12 large-10\"  >\n\t\t<div class=\"col-inner\"  >\n\t\t\t\n\t\t\t\n\n  <div class=\"banner has-hover how-banner-video\" id=\"banner-2085058440\">\n          <div class=\"banner-inner fill\">\n        <div class=\"banner-bg fill\" >\n            <div class=\"bg fill bg-fill\"><\/div>\n                                    \n                    <\/div>\n        <div class=\"banner-layers container\">\n            <div class=\"fill banner-link\"><\/div>            \n   <div id=\"text-box-72466351\" class=\"text-box banner-layer x50 md-x50 lg-x50 y50 md-y50 lg-y50 res-text\">\n                                <div class=\"text-box-content text dark\">\n              \n              <div class=\"text-inner text-center\">\n                  \n<div class=\"video video-fit mb\" style=\"padding-top:56.25%;\"><p><iframe title=\"D\u00e9couvrez Phone Locker\u00ae\" width=\"1020\" height=\"574\" src=\"https:\/\/www.youtube.com\/embed\/E_a5evbX6ww?feature=oembed\" frameborder=\"0\" allow=\"accelerometer; autoplay; clipboard-write; encrypted-media; gyroscope; picture-in-picture; web-share\" referrerpolicy=\"strict-origin-when-cross-origin\" allowfullscreen><\/iframe><\/p>\n<\/div>\n              <\/div>\n           <\/div>\n                            \n<style>\n#text-box-72466351 {\n  width: 100%;\n}\n#text-box-72466351 .text-box-content {\n  font-size: 100%;\n}\n<\/style>\n    <\/div>\n \n        <\/div>\n      <\/div>\n\n            \n<style>\n#banner-2085058440 {\n  padding-top: 380px;\n}\n<\/style>\n  <\/div>\n\n\n\t\t<\/div>\n\t\t\t<\/div>\n\n\t\n\n<style>\n#row-756937922 > .col > .col-inner {\n  background-color: rgb(255,255,255);\n}\n<\/style>\n<\/div>\n\t<div id=\"gap-662583338\" class=\"gap-element clearfix\" style=\"display:block; height:auto;\">\n\t\t\n<style>\n#gap-662583338 {\n  padding-top: 40px;\n}\n@media (min-width:550px) {\n  #gap-662583338 {\n    padding-top: 130px;\n  }\n}\n<\/style>\n\t<\/div>\n\t\n\t\t<\/div>\n\n\t\t\n<style>\n#section_110170028 {\n  padding-top: 0px;\n  padding-bottom: 0px;\n  background-color: rgb(255,255,255);\n}\n<\/style>\n\t<\/section>\n\t\n<div class=\"message-box relative dark\" style=\"padding-top:30px;padding-bottom:30px;\"><div class=\"message-box-bg-image bg-fill fill\" ><\/div><div class=\"message-box-bg-overlay bg-fill fill\" style=\"background-color:rgb(1, 181, 122);\"><\/div><div class=\"container relative\"><div class=\"inner last-reset\">\n<div class=\"row align-middle align-center\"  id=\"row-789882101\">\n\n\t<div id=\"col-599225943\" class=\"col medium-9 small-12 large-9\"  >\n\t\t<div class=\"col-inner\"  >\n\t\t\t\n\t\t\t\n<h2 class=\"text--center\">D\u00e9connectons-nous des t\u00e9l\u00e9phones<\/h2>\n<p>Contactez-nous pour demander une d\u00e9monstration gratuite de nos pochettes ou un devis sans engagement.<\/p>\n\t\t<\/div>\n\t\t\t<\/div>\n\n\t\n\n\t<div id=\"col-1455511065\" class=\"col medium-2 small-12 large-2\"  >\n\t\t<div class=\"col-inner text-center\"  >\n\t\t\t\n\t\t\t\n<a href=\"https:\/\/phonelocker.com\/fr\/contact\/\" target=\"_self\" class=\"button white is-outline lowercase\"  style=\"border-radius:99px;\">\n    <span>Contactez-nous<\/span>\n  <\/a>\n\n\t\t<\/div>\n\t\t\t<\/div>\n\n\t\n<\/div>\n<\/div><\/div><\/div>","protected":false},"excerpt":{"rendered":"","protected":false},"author":1,"featured_media":2782,"parent":0,"menu_order":0,"comment_status":"closed","ping_status":"closed","template":"page-blank.php","meta":{"inline_featured_image":false,"footnotes":""},"class_list":["post-154","page","type-page","status-publish","has-post-thumbnail","hentry"],"yoast_head":"<!-- This site is optimized with the Yoast SEO plugin v27.4 - https:\/\/yoast.com\/product\/yoast-seo-wordpress\/ -->\n<title>How it Works - Phone Locker<\/title>\n<meta name=\"robots\" content=\"index, follow, max-snippet:-1, max-image-preview:large, max-video-preview:-1\" \/>\n<link rel=\"canonical\" href=\"https:\/\/phonelocker.com\/fr\/how-it-works\/\" \/>\n<meta property=\"og:locale\" content=\"fr_FR\" \/>\n<meta property=\"og:type\" content=\"article\" \/>\n<meta property=\"og:title\" content=\"How it Works - Phone Locker\" \/>\n<meta property=\"og:url\" content=\"https:\/\/phonelocker.com\/fr\/how-it-works\/\" \/>\n<meta property=\"og:site_name\" content=\"Phone Locker\" \/>\n<meta property=\"article:modified_time\" content=\"2026-03-18T15:39:03+00:00\" \/>\n<meta property=\"og:image\" content=\"https:\/\/phonelocker.com\/wp-content\/uploads\/2026\/02\/Magnet-Unlocker-1.jpg\" \/>\n\t<meta property=\"og:image:width\" content=\"2000\" \/>\n\t<meta property=\"og:image:height\" content=\"2000\" \/>\n\t<meta property=\"og:image:type\" content=\"image\/jpeg\" \/>\n<meta name=\"twitter:card\" content=\"summary_large_image\" \/>\n<meta name=\"twitter:label1\" content=\"Dur\u00e9e de lecture estim\u00e9e\" \/>\n\t<meta name=\"twitter:data1\" content=\"3 minutes\" \/>\n<!-- \/ Yoast SEO plugin. -->","yoast_head_json":{"title":"Fonctionnement - Coffre-fort t\u00e9l\u00e9phonique","robots":{"index":"index","follow":"follow","max-snippet":"max-snippet:-1","max-image-preview":"max-image-preview:large","max-video-preview":"max-video-preview:-1"},"canonical":"https:\/\/phonelocker.com\/fr\/how-it-works\/","og_locale":"fr_FR","og_type":"article","og_title":"How it Works - Phone Locker","og_url":"https:\/\/phonelocker.com\/fr\/how-it-works\/","og_site_name":"Phone Locker","article_modified_time":"2026-03-18T15:39:03+00:00","og_image":[{"width":2000,"height":2000,"url":"https:\/\/phonelocker.com\/wp-content\/uploads\/2026\/02\/Magnet-Unlocker-1.jpg","type":"image\/jpeg"}],"twitter_card":"summary_large_image","twitter_misc":{"Dur\u00e9e de lecture estim\u00e9e":"3 minutes"},"schema":{"@context":"https:\/\/schema.org","@graph":[{"@type":"WebPage","@id":"https:\/\/phonelocker.com\/how-it-works\/","url":"https:\/\/phonelocker.com\/how-it-works\/","name":"Fonctionnement - Coffre-fort t\u00e9l\u00e9phonique","isPartOf":{"@id":"https:\/\/phonelocker.com\/#website"},"primaryImageOfPage":{"@id":"https:\/\/phonelocker.com\/how-it-works\/#primaryimage"},"image":{"@id":"https:\/\/phonelocker.com\/how-it-works\/#primaryimage"},"thumbnailUrl":"https:\/\/phonelocker.com\/wp-content\/uploads\/2026\/02\/Magnet-Unlocker-1.jpg","datePublished":"2021-06-20T13:28:58+00:00","dateModified":"2026-03-18T15:39:03+00:00","breadcrumb":{"@id":"https:\/\/phonelocker.com\/how-it-works\/#breadcrumb"},"inLanguage":"fr-FR","potentialAction":[{"@type":"ReadAction","target":["https:\/\/phonelocker.com\/how-it-works\/"]}]},{"@type":"ImageObject","inLanguage":"fr-FR","@id":"https:\/\/phonelocker.com\/how-it-works\/#primaryimage","url":"https:\/\/phonelocker.com\/wp-content\/uploads\/2026\/02\/Magnet-Unlocker-1.jpg","contentUrl":"https:\/\/phonelocker.com\/wp-content\/uploads\/2026\/02\/Magnet-Unlocker-1.jpg","width":2000,"height":2000},{"@type":"BreadcrumbList","@id":"https:\/\/phonelocker.com\/how-it-works\/#breadcrumb","itemListElement":[{"@type":"ListItem","position":1,"name":"Home","item":"https:\/\/phonelocker.com\/"},{"@type":"ListItem","position":2,"name":"How it Works"}]},{"@type":"WebSite","@id":"https:\/\/phonelocker.com\/#website","url":"https:\/\/phonelocker.com\/","name":"Casier de t\u00e9l\u00e9phone","description":"Pochette pour t\u00e9l\u00e9phone verrouillable","potentialAction":[{"@type":"SearchAction","target":{"@type":"EntryPoint","urlTemplate":"https:\/\/phonelocker.com\/?s={search_term_string}"},"query-input":{"@type":"PropertyValueSpecification","valueRequired":true,"valueName":"search_term_string"}}],"inLanguage":"fr-FR"}]}},"_links":{"self":[{"href":"https:\/\/phonelocker.com\/fr\/wp-json\/wp\/v2\/pages\/154","targetHints":{"allow":["GET"]}}],"collection":[{"href":"https:\/\/phonelocker.com\/fr\/wp-json\/wp\/v2\/pages"}],"about":[{"href":"https:\/\/phonelocker.com\/fr\/wp-json\/wp\/v2\/types\/page"}],"author":[{"embeddable":true,"href":"https:\/\/phonelocker.com\/fr\/wp-json\/wp\/v2\/users\/1"}],"replies":[{"embeddable":true,"href":"https:\/\/phonelocker.com\/fr\/wp-json\/wp\/v2\/comments?post=154"}],"version-history":[{"count":10,"href":"https:\/\/phonelocker.com\/fr\/wp-json\/wp\/v2\/pages\/154\/revisions"}],"predecessor-version":[{"id":3278,"href":"https:\/\/phonelocker.com\/fr\/wp-json\/wp\/v2\/pages\/154\/revisions\/3278"}],"wp:featuredmedia":[{"embeddable":true,"href":"https:\/\/phonelocker.com\/fr\/wp-json\/wp\/v2\/media\/2782"}],"wp:attachment":[{"href":"https:\/\/phonelocker.com\/fr\/wp-json\/wp\/v2\/media?parent=154"}],"curies":[{"name":"wp","href":"https:\/\/api.w.org\/{rel}","templated":true}]}}