{"id":179,"date":"2021-06-20T15:37:20","date_gmt":"2021-06-20T15:37:20","guid":{"rendered":"https:\/\/ec2-54-66-210-245.ap-southeast-2.compute.amazonaws.com\/?page_id=179"},"modified":"2026-03-19T10:47:21","modified_gmt":"2026-03-19T10:47:21","slug":"product-benefits","status":"publish","type":"page","link":"https:\/\/phonelocker.com\/fr\/product-benefits\/","title":{"rendered":"Avantages de Phone Locker\u00ae"},"content":{"rendered":"<div class=\"banner has-hover\" id=\"banner-1363270730\">\n          <div class=\"banner-inner fill\">\n        <div class=\"banner-bg fill\" >\n            <div class=\"bg fill bg-fill\"><\/div>\n                                    \n                    <\/div>\n        <div class=\"banner-layers container\">\n            <div class=\"fill banner-link\"><\/div>            \n   <div id=\"text-box-449602441\" class=\"text-box banner-layer x5 md-x5 lg-x5 y95 md-y50 lg-y50 res-text\">\n                                <div class=\"text-box-content text box-shadow-1\">\n              \n              <div class=\"text-inner text-left\">\n                  \n<h6>Notre solution<\/h6>\n<h3 class=\"uppercase\">Nous concevons des solutions sans t\u00e9l\u00e9phone qui fonctionnent<\/h3>\n<p>Chez Phone Locker<sup>\u00ae<\/sup>, Pour nous, ranger son t\u00e9l\u00e9phone, c&#039;est bien plus qu&#039;\u00e9liminer une distraction\u00a0: c&#039;est acc\u00e9der \u00e0 quelque chose de plus profond. Nos pochettes cr\u00e9ent des espaces o\u00f9 l&#039;on peut \u00eatre pleinement pr\u00e9sent, o\u00f9 l&#039;attention est concentr\u00e9e et o\u00f9 de v\u00e9ritables liens peuvent s&#039;\u00e9panouir.<\/p>\n<a rel=\"noopener noreferrer\" href=\"https:\/\/phonelocker.com\/fr\/contact\/\" target=\"_blank\" class=\"button primary is-gradient\"  >\n    <span>Contactez-nous<\/span>\n  <\/a>\n\n              <\/div>\n           <\/div>\n                            \n<style>\n#text-box-449602441 .text-box-content {\n  background-color: rgba(255, 255, 255, 0.94);\n  font-size: 100%;\n}\n#text-box-449602441 .text-inner {\n  padding: 30px 30px 30px 30px;\n}\n#text-box-449602441 {\n  width: 90%;\n}\n@media (min-width:550px) {\n  #text-box-449602441 {\n    width: 44%;\n  }\n}\n<\/style>\n    <\/div>\n \n        <\/div>\n      <\/div>\n\n            \n<style>\n#banner-1363270730 {\n  padding-top: 637px;\n}\n#banner-1363270730 .bg.bg-loaded {\n  background-image: url(https:\/\/phonelocker.com\/wp-content\/uploads\/2026\/01\/P1301663-scaled.jpg);\n}\n#banner-1363270730 .bg {\n  background-position: 62% 60%;\n}\n<\/style>\n  <\/div>\n\n\n\t<section class=\"section\" id=\"section_888528941\">\n\t\t<div class=\"bg section-bg fill bg-fill  bg-loaded\" >\n\n\t\t\t\n\t\t\t<div class=\"section-bg-overlay absolute fill\"><\/div>\n\t\t\t\n\t<div class=\"is-border\"\n\t\tstyle=\"border-width:1px 0px 1px 0px;\">\n\t<\/div>\n\n\t\t<\/div>\n\n\t\t<div class=\"section-content relative\">\n\t\t\t\n<div class=\"row row-large align-middle\"  id=\"row-900985950\">\n\n\t<div id=\"col-292640404\" class=\"col small-12 large-12\"  >\n\t\t<div class=\"col-inner\"  >\n\t\t\t\n\t\t\t\n<p style=\"text-align: center;\"><strong>Pour les \u00e9coles, les th\u00e9\u00e2tres, les lieux de travail et les \u00e9v\u00e9nements en direct, Phone Locker<sup>\u00ae<\/sup> Elle r\u00e9tablit la concentration, la confiance et la confidentialit\u00e9. Pour les particuliers, elle offre une tranquillit\u00e9 d&#039;esprit\u00a0: votre t\u00e9l\u00e9phone est toujours \u00e0 port\u00e9e de main, mais vous n&#039;\u00eates plus constamment sollicit\u00e9 par les notifications. Il en r\u00e9sulte une libert\u00e9 pr\u00e9cieuse\u00a0: celle de penser clairement, de collaborer en toute transparence et de vivre pleinement chaque instant.<\/strong><\/p>\n<p style=\"text-align: center;\">Casier de t\u00e9l\u00e9phone<sup>\u00ae<\/sup> Elle ne se contente pas de s\u00e9curiser les appareils. Elle aide les organisations et les communaut\u00e9s \u00e0 r\u00e9cup\u00e9rer ce qui leur est le plus pr\u00e9cieux\u00a0: l\u2019attention, le lien social et une exp\u00e9rience authentique.<\/p>\n\t\t<\/div>\n\t\t\t<\/div>\n\n\t\n<\/div>\n\t\t<\/div>\n\n\t\t\n<style>\n#section_888528941 {\n  padding-top: 20px;\n  padding-bottom: 20px;\n  background-color: rgb(255, 255, 255);\n}\n#section_888528941 .section-bg-overlay {\n  background-color: rgba(255, 255, 255, 0.85);\n}\n<\/style>\n\t<\/section>\n\t\n\t<section class=\"section\" id=\"section_1006117774\">\n\t\t<div class=\"bg section-bg fill bg-fill  bg-loaded\" >\n\n\t\t\t\n\t\t\t<div class=\"section-bg-overlay absolute fill\"><\/div>\n\t\t\t\n\n\t\t<\/div>\n\n\t\t<div class=\"section-content relative\">\n\t\t\t\n<div class=\"container section-title-container\" ><h1 class=\"section-title section-title-center\"><b><\/b><span class=\"section-title-main\" >Avantages du produit<\/span><b><\/b><\/h1><\/div>\n<div class=\"row row-large align-middle\"  id=\"row-734151310\">\n\n\t<div id=\"col-117050445\" class=\"col medium-6 small-12 large-6\"  >\n\t\t<div class=\"col-inner text-left\"  >\n\t\t\t\n\t\t\t\n<h3>Con\u00e7u pour votre espace<\/h3>\n<p>Nos pochettes de t\u00e9l\u00e9phone verrouillables sont simples d&#039;utilisation, suffisamment r\u00e9sistantes pour une utilisation intensive et disponibles avec un marquage personnalis\u00e9 en couleur pour s&#039;harmoniser avec votre \u00e9cole, votre \u00e9tablissement ou votre organisation.<\/p>\n<h3>Utilisation s\u00e9curis\u00e9e, fluide et en un seul clic<\/h3>\n<p>Le syst\u00e8me de verrouillage et de d\u00e9verrouillage en un clic simplifie la gestion du t\u00e9l\u00e9phone. Fini les ralentissements et les files d&#039;attente\u00a0! Profitez d&#039;une exp\u00e9rience fluide et sans accroc, pour des moments toujours plus pr\u00e9cieux.<\/p>\n\t\t<\/div>\n\t\t\t<\/div>\n\n\t\n\n\t<div id=\"col-1374356280\" class=\"col medium-6 small-12 large-6\"  >\n\t\t<div class=\"col-inner\"  >\n\t\t\t\n\t\t\t\n\t<div class=\"img has-hover x md-x lg-x y md-y lg-y\" id=\"image_648676198\">\n\t\t\t\t\t\t\t\t<div class=\"img-inner dark\" >\n\t\t\t<img decoding=\"async\" width=\"1020\" height=\"1020\" src=\"https:\/\/phonelocker.com\/wp-content\/uploads\/2026\/02\/Lockable-Magnet-Case-5-1024x1024.jpg\" class=\"attachment-large size-large\" alt=\"\" srcset=\"https:\/\/phonelocker.com\/wp-content\/uploads\/2026\/02\/Lockable-Magnet-Case-5-1024x1024.jpg 1024w, https:\/\/phonelocker.com\/wp-content\/uploads\/2026\/02\/Lockable-Magnet-Case-5-300x300.jpg 300w, https:\/\/phonelocker.com\/wp-content\/uploads\/2026\/02\/Lockable-Magnet-Case-5-150x150.jpg 150w, https:\/\/phonelocker.com\/wp-content\/uploads\/2026\/02\/Lockable-Magnet-Case-5-768x768.jpg 768w, https:\/\/phonelocker.com\/wp-content\/uploads\/2026\/02\/Lockable-Magnet-Case-5-1536x1536.jpg 1536w, https:\/\/phonelocker.com\/wp-content\/uploads\/2026\/02\/Lockable-Magnet-Case-5-12x12.jpg 12w, https:\/\/phonelocker.com\/wp-content\/uploads\/2026\/02\/Lockable-Magnet-Case-5.jpg 2000w\" sizes=\"(max-width: 1020px) 100vw, 1020px\" \/>\t\t\t\t\t\t\n\t\t\t\t\t<\/div>\n\t\t\t\t\t\t\t\t\n<style>\n#image_648676198 {\n  width: 100%;\n}\n<\/style>\n\t<\/div>\n\t\n\t<div class=\"img has-hover x md-x lg-x y md-y lg-y\" id=\"image_2127604469\">\n\t\t\t\t\t\t\t\t<div class=\"img-inner box-shadow-2 dark\" >\n\t\t\t\t\t\t\t\t\t\n\t\t\t\t\t<\/div>\n\t\t\t\t\t\t\t\t\n<style>\n#image_2127604469 {\n  width: 100%;\n}\n<\/style>\n\t<\/div>\n\t\n\t\t<\/div>\n\t\t\t<\/div>\n\n\t\n<\/div>\n\t\t<\/div>\n\n\t\t\n<style>\n#section_1006117774 {\n  padding-top: 20px;\n  padding-bottom: 20px;\n  background-color: rgb(193, 193, 193);\n}\n#section_1006117774 .section-bg-overlay {\n  background-color: rgba(255, 255, 255, 0.85);\n}\n<\/style>\n\t<\/section>\n\t\n\t<section class=\"section\" id=\"section_1951476210\">\n\t\t<div class=\"bg section-bg fill bg-fill  bg-loaded\" >\n\n\t\t\t\n\t\t\t<div class=\"section-bg-overlay absolute fill\"><\/div>\n\t\t\t\n\n\t\t<\/div>\n\n\t\t<div class=\"section-content relative\">\n\t\t\t\n<div class=\"container section-title-container\" ><h1 class=\"section-title section-title-center\"><b><\/b><span class=\"section-title-main\" >approche personnalis\u00e9e<\/span><b><\/b><\/h1><\/div>\n<div class=\"row row-large align-middle\"  id=\"row-635525084\">\n\n\t<div id=\"col-1104924779\" class=\"col medium-6 small-12 large-6\"  >\n\t\t<div class=\"col-inner text-left\"  >\n\t\t\t\n\t\t\t\n<h3>Apporter un soutien \u00e0 chaque \u00e9tape du processus<\/h3>\n<p>Nous ne nous contentons pas de fournir le produit, nous vous accompagnons dans sa mise en \u0153uvre. De la planification \u00e0 la communication, en passant par l&#039;assistance sur site, notre \u00e9quipe veille \u00e0 ce que le d\u00e9ploiement de votre solution sans t\u00e9l\u00e9phone se d\u00e9roule sans accroc et en toute s\u00e9r\u00e9nit\u00e9. Gr\u00e2ce \u00e0 une assistance locale, tout probl\u00e8me est r\u00e9solu rapidement et gratuitement.<\/p>\n<h3>Reconnue par les communaut\u00e9s du monde entier<\/h3>\n<p data-start=\"1831\" data-end=\"2041\">Les \u00e9coles, les lieux de travail et les \u00e9v\u00e9nements font confiance \u00e0 Phone Locker<sup>\u00ae<\/sup> cr\u00e9er des espaces plus s\u00fbrs et plus propices \u00e0 la concentration. Fort\u00a0<a href=\"https:\/\/uk.trustpilot.com\/review\/phonelocker.com\" target=\"_blank\" rel=\"noopener\">Avis Trustpilot<\/a>\u00a0Nos partenariats caritatifs continus t\u00e9moignent de notre engagement \u00e0 avoir un impact positif au-del\u00e0 du produit.<\/p>\n\t\t<\/div>\n\t\t\t<\/div>\n\n\t\n\n\t<div id=\"col-51306404\" class=\"col medium-6 small-12 large-6\"  >\n\t\t<div class=\"col-inner\"  >\n\t\t\t\n\t\t\t\n\t<div class=\"img has-hover x md-x lg-x y md-y lg-y\" id=\"image_1989736726\">\n\t\t\t\t\t\t\t\t<div class=\"img-inner dark\" >\n\t\t\t<img decoding=\"async\" width=\"1020\" height=\"680\" src=\"https:\/\/phonelocker.com\/wp-content\/uploads\/2026\/02\/Insignus-school-staff-1024x683.jpg\" class=\"attachment-large size-large\" alt=\"\" srcset=\"https:\/\/phonelocker.com\/wp-content\/uploads\/2026\/02\/Insignus-school-staff-1024x683.jpg 1024w, https:\/\/phonelocker.com\/wp-content\/uploads\/2026\/02\/Insignus-school-staff-300x200.jpg 300w, https:\/\/phonelocker.com\/wp-content\/uploads\/2026\/02\/Insignus-school-staff-768x512.jpg 768w, https:\/\/phonelocker.com\/wp-content\/uploads\/2026\/02\/Insignus-school-staff-1536x1024.jpg 1536w, https:\/\/phonelocker.com\/wp-content\/uploads\/2026\/02\/Insignus-school-staff-2048x1366.jpg 2048w, https:\/\/phonelocker.com\/wp-content\/uploads\/2026\/02\/Insignus-school-staff-18x12.jpg 18w\" sizes=\"(max-width: 1020px) 100vw, 1020px\" \/>\t\t\t\t\t\t\n\t\t\t\t\t<\/div>\n\t\t\t\t\t\t\t\t\n<style>\n#image_1989736726 {\n  width: 100%;\n}\n<\/style>\n\t<\/div>\n\t\n\t<div class=\"img has-hover x md-x lg-x y md-y lg-y\" id=\"image_1065227168\">\n\t\t\t\t\t\t\t\t<div class=\"img-inner box-shadow-2 dark\" >\n\t\t\t\t\t\t\t\t\t\n\t\t\t\t\t<\/div>\n\t\t\t\t\t\t\t\t\n<style>\n#image_1065227168 {\n  width: 100%;\n}\n<\/style>\n\t<\/div>\n\t\n\t\t<\/div>\n\t\t\t<\/div>\n\n\t\n<\/div>\n\t\t<\/div>\n\n\t\t\n<style>\n#section_1951476210 {\n  padding-top: 20px;\n  padding-bottom: 20px;\n  background-color: rgb(232, 236, 243);\n}\n#section_1951476210 .section-bg-overlay {\n  background-color: rgba(255, 255, 255, 0.85);\n}\n<\/style>\n\t<\/section>\n\t\n\t<section class=\"section\" id=\"section_143857960\">\n\t\t<div class=\"bg section-bg fill bg-fill  bg-loaded\" >\n\n\t\t\t\n\t\t\t<div class=\"section-bg-overlay absolute fill\"><\/div>\n\t\t\t\n\n\t\t<\/div>\n\n\t\t<div class=\"section-content relative\">\n\t\t\t\n<div class=\"container section-title-container\" ><h1 class=\"section-title section-title-center\"><b><\/b><span class=\"section-title-main\" >REsponsable par la conception<\/span><b><\/b><\/h1><\/div>\n<div class=\"row row-large align-middle\"  id=\"row-345935238\">\n\n\t<div id=\"col-1802110060\" class=\"col medium-6 small-12 large-6\"  >\n\t\t<div class=\"col-inner text-left\"  >\n\t\t\t\n\t\t\t\n<h3>Cha\u00eene d&#039;approvisionnement agile et conception brevet\u00e9e<\/h3>\n<p>Chez Phone Locker<sup>\u00ae<\/sup>, Nous ne nous contentons pas de distribuer le produit d&#039;un tiers\u00a0: nous concevons, d\u00e9veloppons et fabriquons nous-m\u00eames nos sachets brevet\u00e9s. Cela nous permet de ma\u00eetriser parfaitement la qualit\u00e9, la durabilit\u00e9 et l&#039;impact environnemental, de la conception \u00e0 la fabrication. Le design de nos sachets a \u00e9volu\u00e9 gr\u00e2ce \u00e0 une utilisation concr\u00e8te et aux retours d&#039;exp\u00e9rience, pour un produit robuste, fiable et con\u00e7u pour durer.<\/p>\n<p>\u00c9tant les cr\u00e9ateurs, nous avons pu peaufiner chaque d\u00e9tail\u00a0: coutures renforc\u00e9es, fermeture inviolable, mat\u00e9riaux \u00e9cologiques et conception ergonomique. C\u2019est cette approche pratique qui garantit la performance constante de nos pochettes dans les \u00e9coles, les entreprises et lors d\u2019\u00e9v\u00e9nements, jour apr\u00e8s jour.<\/p>\n<h3>S\u00fbr, test\u00e9 et responsable<\/h3>\n<p>Nos mat\u00e9riaux r\u00e9pondent aux normes REACH les plus strictes et notre production est g\u00e9r\u00e9e par une usine certifi\u00e9e BSCI, soumise \u00e0 un contr\u00f4le \u00e9cologique rigoureux. Nos sachets longue dur\u00e9e favorisent une utilisation durable et responsable.<\/p>\n<a href=\"https:\/\/phonelocker.com\/fr\/the-product\/\" target=\"_self\" class=\"button primary\"  >\n    <span>Explorez la pochette pour t\u00e9l\u00e9phone portable<\/span>\n  <\/a>\n\n\t\t<\/div>\n\t\t\t<\/div>\n\n\t\n\n\t<div id=\"col-1628404170\" class=\"col medium-6 small-12 large-6\"  >\n\t\t<div class=\"col-inner\"  >\n\t\t\t\n\t\t\t\n\t<div class=\"img has-hover x md-x lg-x y md-y lg-y\" id=\"image_1078144745\">\n\t\t\t\t\t\t\t\t<div class=\"img-inner dark\" >\n\t\t\t<img decoding=\"async\" width=\"1020\" height=\"1020\" src=\"https:\/\/phonelocker.com\/wp-content\/uploads\/2026\/02\/photo-sketch-phone-locker-pouch.png\" class=\"attachment-large size-large\" alt=\"\" srcset=\"https:\/\/phonelocker.com\/wp-content\/uploads\/2026\/02\/photo-sketch-phone-locker-pouch.png 1024w, https:\/\/phonelocker.com\/wp-content\/uploads\/2026\/02\/photo-sketch-phone-locker-pouch-300x300.png 300w, https:\/\/phonelocker.com\/wp-content\/uploads\/2026\/02\/photo-sketch-phone-locker-pouch-150x150.png 150w, https:\/\/phonelocker.com\/wp-content\/uploads\/2026\/02\/photo-sketch-phone-locker-pouch-768x768.png 768w, https:\/\/phonelocker.com\/wp-content\/uploads\/2026\/02\/photo-sketch-phone-locker-pouch-12x12.png 12w\" sizes=\"(max-width: 1020px) 100vw, 1020px\" \/>\t\t\t\t\t\t\n\t\t\t\t\t<\/div>\n\t\t\t\t\t\t\t\t\n<style>\n#image_1078144745 {\n  width: 100%;\n}\n<\/style>\n\t<\/div>\n\t\n\t<div class=\"img has-hover x md-x lg-x y md-y lg-y\" id=\"image_1508789965\">\n\t\t\t\t\t\t\t\t<div class=\"img-inner box-shadow-2 dark\" >\n\t\t\t\t\t\t\t\t\t\n\t\t\t\t\t<\/div>\n\t\t\t\t\t\t\t\t\n<style>\n#image_1508789965 {\n  width: 100%;\n}\n<\/style>\n\t<\/div>\n\t\n\t\t<\/div>\n\t\t\t<\/div>\n\n\t\n<\/div>\n\t\t<\/div>\n\n\t\t\n<style>\n#section_143857960 {\n  padding-top: 20px;\n  padding-bottom: 20px;\n  background-color: rgb(193, 193, 193);\n}\n#section_143857960 .section-bg-overlay {\n  background-color: rgba(255, 255, 255, 0.85);\n}\n<\/style>\n\t<\/section>\n\t\n\t<section class=\"section\" id=\"section_1185234308\">\n\t\t<div class=\"bg section-bg fill bg-fill  bg-loaded\" >\n\n\t\t\t\n\t\t\t<div class=\"section-bg-overlay absolute fill\"><\/div>\n\t\t\t\n\n\t\t<\/div>\n\n\t\t<div class=\"section-content relative\">\n\t\t\t\n<div class=\"container section-title-container\" ><h1 class=\"section-title section-title-center\"><b><\/b><span class=\"section-title-main\" >notre diff\u00e9rence<\/span><b><\/b><\/h1><\/div>\n<div class=\"row row-large align-middle\"  id=\"row-1013372526\">\n\n\t<div id=\"col-1961899412\" class=\"col medium-6 small-12 large-6\"  >\n\t\t<div class=\"col-inner text-left\"  >\n\t\t\t\n\t\t\t\n<p>Casier de t\u00e9l\u00e9phone<sup>\u00ae<\/sup> Notre mission ne se limite pas \u00e0 la simple fourniture de pochettes verrouillables pour t\u00e9l\u00e9phones\u00a0: nous sommes l\u00e0 pour vous aider \u00e0 les utiliser efficacement. Que vous soyez un \u00e9tablissement scolaire cherchant \u00e0 r\u00e9duire les distractions, une entreprise souhaitant am\u00e9liorer la concentration ou un lieu d\u00e9sirant cr\u00e9er des espaces sans t\u00e9l\u00e9phone, nous savons que la simple distribution de pochettes ne suffit pas. Vous pourriez rencontrer des r\u00e9ticences de la part des \u00e9l\u00e8ves, du personnel, des parents ou des clients\u00a0; c\u2019est l\u00e0 que nous intervenons.<\/p>\n<p>Nous vous proposons un accompagnement personnalis\u00e9 pour vous aider \u00e0 construire un<strong>\u00a0d\u00e9ploiement fluide et confiant<\/strong>. De la prise en compte des pr\u00e9occupations des parties prenantes et de la communication claire des avantages, jusqu&#039;\u00e0 l&#039;accompagnement dans la logistique de l&#039;installation et de l&#039;utilisation quotidienne, nous sommes \u00e0 vos c\u00f4t\u00e9s \u00e0 chaque \u00e9tape.<\/p>\n\t\t<\/div>\n\t\t\t<\/div>\n\n\t\n\n\t<div id=\"col-47286809\" class=\"col medium-6 small-12 large-6\"  >\n\t\t<div class=\"col-inner\"  >\n\t\t\t\n\t\t\t\n\t<div class=\"img has-hover x md-x lg-x y md-y lg-y\" id=\"image_1780732565\">\n\t\t\t\t\t\t\t\t<div class=\"img-inner dark\" >\n\t\t\t<img decoding=\"async\" width=\"800\" height=\"600\" src=\"https:\/\/phonelocker.com\/wp-content\/uploads\/2026\/01\/SaaS25.jpeg\" class=\"attachment-large size-large\" alt=\"\" srcset=\"https:\/\/phonelocker.com\/wp-content\/uploads\/2026\/01\/SaaS25.jpeg 800w, https:\/\/phonelocker.com\/wp-content\/uploads\/2026\/01\/SaaS25-300x225.jpeg 300w, https:\/\/phonelocker.com\/wp-content\/uploads\/2026\/01\/SaaS25-768x576.jpeg 768w, https:\/\/phonelocker.com\/wp-content\/uploads\/2026\/01\/SaaS25-16x12.jpeg 16w\" sizes=\"(max-width: 800px) 100vw, 800px\" \/>\t\t\t\t\t\t\n\t\t\t\t\t<\/div>\n\t\t\t\t\t\t\t\t\n<style>\n#image_1780732565 {\n  width: 100%;\n}\n<\/style>\n\t<\/div>\n\t\n\t<div class=\"img has-hover x md-x lg-x y md-y lg-y\" id=\"image_1044639391\">\n\t\t\t\t\t\t\t\t<div class=\"img-inner box-shadow-2 dark\" >\n\t\t\t\t\t\t\t\t\t\n\t\t\t\t\t<\/div>\n\t\t\t\t\t\t\t\t\n<style>\n#image_1044639391 {\n  width: 100%;\n}\n<\/style>\n\t<\/div>\n\t\n\t\t<\/div>\n\t\t\t<\/div>\n\n\t\n<\/div>\n\t\t<\/div>\n\n\t\t\n<style>\n#section_1185234308 {\n  padding-top: 20px;\n  padding-bottom: 20px;\n  background-color: rgb(193, 193, 193);\n}\n#section_1185234308 .section-bg-overlay {\n  background-color: rgba(255, 255, 255, 0.85);\n}\n<\/style>\n\t<\/section>\n\t\n<div class=\"message-box relative dark\" style=\"padding-top:40px;padding-bottom:40px;\"><div class=\"message-box-bg-image bg-fill fill\" ><\/div><div class=\"message-box-bg-overlay bg-fill fill\" style=\"background-color:rgb(1, 181, 122);\"><\/div><div class=\"container relative\"><div class=\"inner last-reset\">\n<div class=\"row align-middle align-center\"  id=\"row-75299831\">\n\n\t<div id=\"col-1711216473\" class=\"col medium-9 small-12 large-9\"  >\n\t\t<div class=\"col-inner\"  >\n\t\t\t\n\t\t\t\n<h2 class=\"text--center\">Entrer en contact.<\/h2>\n<p>Pour des conseils sur la fa\u00e7on de se passer de t\u00e9l\u00e9phone avec Phone Locker<sup>\u00ae<\/sup>, Contactez-nous d\u00e8s aujourd&#039;hui.<\/p>\n\t\t<\/div>\n\t\t\t<\/div>\n\n\t\n\n\t<div id=\"col-1413051227\" class=\"col medium-2 small-12 large-2\"  >\n\t\t<div class=\"col-inner text-center\"  >\n\t\t\t\n\t\t\t\n<a href=\"https:\/\/phonelocker.com\/fr\/contact\/\" target=\"_self\" class=\"button white is-outline\"  style=\"border-radius:99px;\">\n    <span>Parlez \u00e0 notre \u00e9quipe<\/span>\n  <\/a>\n\n\t\t<\/div>\n\t\t\t<\/div>\n\n\t\n<\/div>\n<\/div><\/div><\/div>","protected":false},"excerpt":{"rendered":"","protected":false},"author":1,"featured_media":0,"parent":0,"menu_order":0,"comment_status":"closed","ping_status":"closed","template":"page-blank.php","meta":{"footnotes":""},"class_list":["post-179","page","type-page","status-publish","hentry"],"yoast_head":"<!-- This site is optimized with the Yoast SEO plugin v27.1.1 - https:\/\/yoast.com\/product\/yoast-seo-wordpress\/ -->\n<title>Phone Locker\u00ae Benefits - Phone Locker<\/title>\n<meta name=\"robots\" content=\"index, follow, max-snippet:-1, max-image-preview:large, max-video-preview:-1\" \/>\n<link rel=\"canonical\" href=\"https:\/\/phonelocker.com\/fr\/product-benefits\/\" \/>\n<meta property=\"og:locale\" content=\"fr_FR\" \/>\n<meta property=\"og:type\" content=\"article\" \/>\n<meta property=\"og:title\" content=\"Phone Locker\u00ae Benefits - Phone Locker\" \/>\n<meta property=\"og:url\" content=\"https:\/\/phonelocker.com\/fr\/product-benefits\/\" \/>\n<meta property=\"og:site_name\" content=\"Phone Locker\" \/>\n<meta property=\"article:modified_time\" content=\"2026-03-19T10:47:21+00:00\" \/>\n<meta name=\"twitter:card\" content=\"summary_large_image\" \/>\n<meta name=\"twitter:label1\" content=\"Dur\u00e9e de lecture estim\u00e9e\" \/>\n\t<meta name=\"twitter:data1\" content=\"4 minutes\" \/>\n<!-- \/ Yoast SEO plugin. -->","yoast_head_json":{"title":"Avantages de Phone Locker\u00ae - Phone Locker","robots":{"index":"index","follow":"follow","max-snippet":"max-snippet:-1","max-image-preview":"max-image-preview:large","max-video-preview":"max-video-preview:-1"},"canonical":"https:\/\/phonelocker.com\/fr\/product-benefits\/","og_locale":"fr_FR","og_type":"article","og_title":"Phone Locker\u00ae Benefits - Phone Locker","og_url":"https:\/\/phonelocker.com\/fr\/product-benefits\/","og_site_name":"Phone Locker","article_modified_time":"2026-03-19T10:47:21+00:00","twitter_card":"summary_large_image","twitter_misc":{"Dur\u00e9e de lecture estim\u00e9e":"4 minutes"},"schema":{"@context":"https:\/\/schema.org","@graph":[{"@type":"WebPage","@id":"https:\/\/phonelocker.com\/product-benefits\/","url":"https:\/\/phonelocker.com\/product-benefits\/","name":"Avantages de Phone Locker\u00ae - Phone Locker","isPartOf":{"@id":"https:\/\/phonelocker.com\/#website"},"datePublished":"2021-06-20T15:37:20+00:00","dateModified":"2026-03-19T10:47:21+00:00","breadcrumb":{"@id":"https:\/\/phonelocker.com\/product-benefits\/#breadcrumb"},"inLanguage":"fr-FR","potentialAction":[{"@type":"ReadAction","target":["https:\/\/phonelocker.com\/product-benefits\/"]}]},{"@type":"BreadcrumbList","@id":"https:\/\/phonelocker.com\/product-benefits\/#breadcrumb","itemListElement":[{"@type":"ListItem","position":1,"name":"Home","item":"https:\/\/phonelocker.com\/"},{"@type":"ListItem","position":2,"name":"Phone Locker\u00ae Benefits"}]},{"@type":"WebSite","@id":"https:\/\/phonelocker.com\/#website","url":"https:\/\/phonelocker.com\/","name":"Casier de t\u00e9l\u00e9phone","description":"Pochette pour t\u00e9l\u00e9phone verrouillable","potentialAction":[{"@type":"SearchAction","target":{"@type":"EntryPoint","urlTemplate":"https:\/\/phonelocker.com\/?s={search_term_string}"},"query-input":{"@type":"PropertyValueSpecification","valueRequired":true,"valueName":"search_term_string"}}],"inLanguage":"fr-FR"}]}},"_links":{"self":[{"href":"https:\/\/phonelocker.com\/fr\/wp-json\/wp\/v2\/pages\/179","targetHints":{"allow":["GET"]}}],"collection":[{"href":"https:\/\/phonelocker.com\/fr\/wp-json\/wp\/v2\/pages"}],"about":[{"href":"https:\/\/phonelocker.com\/fr\/wp-json\/wp\/v2\/types\/page"}],"author":[{"embeddable":true,"href":"https:\/\/phonelocker.com\/fr\/wp-json\/wp\/v2\/users\/1"}],"replies":[{"embeddable":true,"href":"https:\/\/phonelocker.com\/fr\/wp-json\/wp\/v2\/comments?post=179"}],"version-history":[{"count":12,"href":"https:\/\/phonelocker.com\/fr\/wp-json\/wp\/v2\/pages\/179\/revisions"}],"predecessor-version":[{"id":3321,"href":"https:\/\/phonelocker.com\/fr\/wp-json\/wp\/v2\/pages\/179\/revisions\/3321"}],"wp:attachment":[{"href":"https:\/\/phonelocker.com\/fr\/wp-json\/wp\/v2\/media?parent=179"}],"curies":[{"name":"wp","href":"https:\/\/api.w.org\/{rel}","templated":true}]}}