{"id":2823,"date":"2026-02-19T17:33:44","date_gmt":"2026-02-19T17:33:44","guid":{"rendered":"https:\/\/phonelocker.com\/?page_id=2823"},"modified":"2026-03-19T10:38:03","modified_gmt":"2026-03-19T10:38:03","slug":"lockable-phone-pouches","status":"publish","type":"page","link":"https:\/\/phonelocker.com\/fr\/lockable-phone-pouches\/","title":{"rendered":"Pochettes verrouillables pour t\u00e9l\u00e9phone"},"content":{"rendered":"<div class=\"banner has-hover\" id=\"banner-415415612\">\n          <div class=\"banner-inner fill\">\n        <div class=\"banner-bg fill\" >\n            <div class=\"bg fill bg-fill\"><\/div>\n                                    \n                    <\/div>\n        <div class=\"banner-layers container\">\n            <div class=\"fill banner-link\"><\/div>            \n   <div id=\"text-box-1601786157\" class=\"text-box banner-layer x5 md-x5 lg-x5 y95 md-y50 lg-y50 res-text\">\n                                <div class=\"text-box-content text box-shadow-1\">\n              \n              <div class=\"text-inner text-left\">\n                  \n<h6>Notre solution<\/h6>\n<h3 class=\"uppercase\">Le casier t\u00e9l\u00e9phonique<sup>\u00ae<\/sup> Gamme de pochettes<\/h3>\n<p>Nos pochettes de t\u00e9l\u00e9phone verrouillables sont utilis\u00e9es partout dans le monde, aidant les \u00e9coles, les lieux de spectacle et les organisateurs d&#039;\u00e9v\u00e9nements \u00e0 cr\u00e9er des espaces sans t\u00e9l\u00e9phone pour profiter pleinement du moment pr\u00e9sent. Notre mod\u00e8le de pochette brevet\u00e9 se d\u00e9cline en plusieurs versions, offrant une flexibilit\u00e9 maximale pour r\u00e9pondre \u00e0 vos besoins.<\/p>\n<a href=\"https:\/\/phonelocker.com\/fr\/contact\/\" target=\"_self\" class=\"button primary is-gradient\"  >\n    <span>Contactez-nous<\/span>\n  <\/a>\n\n              <\/div>\n           <\/div>\n                            \n<style>\n#text-box-1601786157 .text-box-content {\n  background-color: rgba(255, 255, 255, 0.94);\n  font-size: 100%;\n}\n#text-box-1601786157 .text-inner {\n  padding: 30px 30px 30px 30px;\n}\n#text-box-1601786157 {\n  width: 90%;\n}\n@media (min-width:550px) {\n  #text-box-1601786157 {\n    width: 44%;\n  }\n}\n<\/style>\n    <\/div>\n \n        <\/div>\n      <\/div>\n\n            \n<style>\n#banner-415415612 {\n  padding-top: 637px;\n}\n#banner-415415612 .bg.bg-loaded {\n  background-image: url(https:\/\/phonelocker.com\/wp-content\/uploads\/2026\/01\/P1301661-scaled.jpg);\n}\n#banner-415415612 .bg {\n  background-position: 62% 60%;\n}\n<\/style>\n  <\/div>\n\n\n\t<section class=\"section\" id=\"section_1399696174\">\n\t\t<div class=\"bg section-bg fill bg-fill  bg-loaded\" >\n\n\t\t\t\n\t\t\t<div class=\"section-bg-overlay absolute fill\"><\/div>\n\t\t\t\n\n\t\t<\/div>\n\n\t\t<div class=\"section-content relative\">\n\t\t\t\n<div class=\"container section-title-container\" ><h1 class=\"section-title section-title-center\"><b><\/b><span class=\"section-title-main\" >Pochettes<\/span><b><\/b><\/h1><\/div>\n<div class=\"row row-large align-middle\"  id=\"row-1312887947\">\n\n\t<div id=\"col-325004487\" class=\"col medium-6 small-12 large-6\"  >\n\t\t<div class=\"col-inner text-left\"  >\n\t\t\t\n\t\t\t\n<h3><strong>Pochette standard<\/strong><\/h3>\n<p>Notre casier t\u00e9l\u00e9phonique standard<sup>\u00ae<\/sup> mesures de la pochette\u00a0<strong>135 mm x 280 mm<\/strong>, con\u00e7u pour s&#039;adapter \u00e0 la grande majorit\u00e9 des smartphones de mani\u00e8re s\u00fbre et confortable.\u00a0<strong>format plus petit (128 mm x 255 mm)<\/strong>\u00a0est \u00e9galement disponible sur demande.<\/p>\n<h3><strong>Casier de t\u00e9l\u00e9phone<sup>\u00ae<\/sup> Pochette de blocage de signal<\/strong><\/h3>\n<p><strong>Notre option la plus populaire<\/strong><\/p>\n<p>Cette pochette verrouillable offre la m\u00eame forme et la m\u00eame fonction que la version standard, avec l&#039;avantage suppl\u00e9mentaire d&#039;une technologie int\u00e9gr\u00e9e pour\u00a0<strong>bloquer les signaux Bluetooth, Wi-Fi et de r\u00e9seau mobile<\/strong>. Elle offre une s\u00e9curit\u00e9 renforc\u00e9e et une tranquillit\u00e9 d&#039;esprit accrue dans les environnements o\u00f9 la connectivit\u00e9 doit \u00eatre totalement restreinte.<\/p>\n<p><strong>Dimensions : 135 mm x 280 mm<\/strong><\/p>\n\t\t<\/div>\n\t\t\t<\/div>\n\n\t\n\n\t<div id=\"col-1187039106\" class=\"col medium-6 small-12 large-6\"  >\n\t\t<div class=\"col-inner\"  >\n\t\t\t\n\t\t\t\n\t<div class=\"img has-hover x md-x lg-x y md-y lg-y\" id=\"image_1180460389\">\n\t\t\t\t\t\t\t\t<div class=\"img-inner dark\" >\n\t\t\t<img decoding=\"async\" width=\"1020\" height=\"765\" src=\"https:\/\/phonelocker.com\/wp-content\/uploads\/2026\/01\/P1301659-Edited-1024x768.png\" class=\"attachment-large size-large\" alt=\"\" srcset=\"https:\/\/phonelocker.com\/wp-content\/uploads\/2026\/01\/P1301659-Edited-1024x768.png 1024w, https:\/\/phonelocker.com\/wp-content\/uploads\/2026\/01\/P1301659-Edited-300x225.png 300w, https:\/\/phonelocker.com\/wp-content\/uploads\/2026\/01\/P1301659-Edited-768x576.png 768w, https:\/\/phonelocker.com\/wp-content\/uploads\/2026\/01\/P1301659-Edited-1536x1152.png 1536w, https:\/\/phonelocker.com\/wp-content\/uploads\/2026\/01\/P1301659-Edited-2048x1536.png 2048w, https:\/\/phonelocker.com\/wp-content\/uploads\/2026\/01\/P1301659-Edited-16x12.png 16w\" sizes=\"(max-width: 1020px) 100vw, 1020px\" \/>\t\t\t\t\t\t\n\t\t\t\t\t<\/div>\n\t\t\t\t\t\t\t\t\n<style>\n#image_1180460389 {\n  width: 100%;\n}\n<\/style>\n\t<\/div>\n\t\n\t<div class=\"img has-hover x md-x lg-x y md-y lg-y\" id=\"image_812931181\">\n\t\t\t\t\t\t\t\t<div class=\"img-inner box-shadow-2 dark\" >\n\t\t\t\t\t\t\t\t\t\n\t\t\t\t\t<\/div>\n\t\t\t\t\t\t\t\t\n<style>\n#image_812931181 {\n  width: 100%;\n}\n<\/style>\n\t<\/div>\n\t\n\t\t<\/div>\n\t\t\t<\/div>\n\n\t\n<\/div>\n<div class=\"row row-large align-middle\"  id=\"row-1950107787\">\n\n\t<div id=\"col-318692141\" class=\"col medium-6 small-12 large-6\"  >\n\t\t<div class=\"col-inner text-left\"  >\n\t\t\t\n\t\t\t\n<h3><strong>Casier de t\u00e9l\u00e9phone<sup>\u00ae<\/sup> Pochette m\u00e9dicale<\/strong><\/h3>\n<p>Con\u00e7ue pour les utilisateurs qui ont besoin d&#039;acc\u00e9der \u00e0 leur t\u00e9l\u00e9phone pour des raisons m\u00e9dicales, la pochette m\u00e9dicale ressemble \u00e0 la pochette standard, mais se ferme avec un simple velcro au lieu d&#039;un cadenas. Elle permet ainsi \u00e0 tous d&#039;y avoir acc\u00e8s, m\u00eame dans les espaces sans t\u00e9l\u00e9phone.\u00a0<strong>sans cibler les personnes ayant des besoins m\u00e9dicaux<\/strong>.<\/p>\n<p><strong>Dimensions : 135 mm x 280 mm<\/strong><\/p>\n\t\t<\/div>\n\t\t\t<\/div>\n\n\t\n\n\t<div id=\"col-1506051672\" class=\"col medium-6 small-12 large-6\"  >\n\t\t<div class=\"col-inner\"  >\n\t\t\t\n\t\t\t\n\t<div class=\"img has-hover x md-x lg-x y md-y lg-y\" id=\"image_1036446137\">\n\t\t\t\t\t\t\t\t<div class=\"img-inner dark\" >\n\t\t\t<img decoding=\"async\" width=\"1020\" height=\"1020\" src=\"https:\/\/phonelocker.com\/wp-content\/uploads\/2026\/02\/medical-pouch-1024x1024.jpg\" class=\"attachment-large size-large\" alt=\"\" srcset=\"https:\/\/phonelocker.com\/wp-content\/uploads\/2026\/02\/medical-pouch-1024x1024.jpg 1024w, https:\/\/phonelocker.com\/wp-content\/uploads\/2026\/02\/medical-pouch-300x300.jpg 300w, https:\/\/phonelocker.com\/wp-content\/uploads\/2026\/02\/medical-pouch-150x150.jpg 150w, https:\/\/phonelocker.com\/wp-content\/uploads\/2026\/02\/medical-pouch-768x768.jpg 768w, https:\/\/phonelocker.com\/wp-content\/uploads\/2026\/02\/medical-pouch-1536x1536.jpg 1536w, https:\/\/phonelocker.com\/wp-content\/uploads\/2026\/02\/medical-pouch-2048x2048.jpg 2048w, https:\/\/phonelocker.com\/wp-content\/uploads\/2026\/02\/medical-pouch-12x12.jpg 12w\" sizes=\"(max-width: 1020px) 100vw, 1020px\" \/>\t\t\t\t\t\t\n\t\t\t\t\t<\/div>\n\t\t\t\t\t\t\t\t\n<style>\n#image_1036446137 {\n  width: 100%;\n}\n<\/style>\n\t<\/div>\n\t\n\t<div class=\"img has-hover x md-x lg-x y md-y lg-y\" id=\"image_239035354\">\n\t\t\t\t\t\t\t\t<div class=\"img-inner box-shadow-2 dark\" >\n\t\t\t\t\t\t\t\t\t\n\t\t\t\t\t<\/div>\n\t\t\t\t\t\t\t\t\n<style>\n#image_239035354 {\n  width: 100%;\n}\n<\/style>\n\t<\/div>\n\t\n\t\t<\/div>\n\t\t\t<\/div>\n\n\t\n<\/div>\n\t\t<\/div>\n\n\t\t\n<style>\n#section_1399696174 {\n  padding-top: 60px;\n  padding-bottom: 60px;\n  background-color: rgb(255,255,255);\n}\n#section_1399696174 .section-bg-overlay {\n  background-color: rgba(255, 255, 255, 0.85);\n}\n<\/style>\n\t<\/section>\n\t\n\t<section class=\"section\" id=\"section_1281419719\">\n\t\t<div class=\"bg section-bg fill bg-fill  bg-loaded\" >\n\n\t\t\t\n\t\t\t<div class=\"section-bg-overlay absolute fill\"><\/div>\n\t\t\t\n\n\t\t<\/div>\n\n\t\t<div class=\"section-content relative\">\n\t\t\t\n<div class=\"container section-title-container\" ><h1 class=\"section-title section-title-center\"><b><\/b><span class=\"section-title-main\" >Syst\u00e8mes de d\u00e9verrouillage<\/span><b><\/b><\/h1><\/div>\n<div class=\"row row-large align-middle\"  id=\"row-1050688988\">\n\n\t<div id=\"col-1874327190\" class=\"col medium-6 small-12 large-6\"  >\n\t\t<div class=\"col-inner text-left\"  >\n\t\t\t\n\t\t\t\n<h3 data-start=\"98\" data-end=\"132\">Casier de t\u00e9l\u00e9phone<sup>\u00ae<\/sup> D\u00e9verrouillage de la pagaie<\/h3>\n<p data-start=\"134\" data-end=\"576\">Le casier t\u00e9l\u00e9phonique<sup>\u00ae<\/sup> Le dispositif de d\u00e9verrouillage est un outil simple et robuste con\u00e7u pour d\u00e9verrouiller rapidement et en toute s\u00e9curit\u00e9 les pochettes aux points de sortie d\u00e9sign\u00e9s. Con\u00e7u pour les environnements \u00e0 forte fr\u00e9quentation, il permet au personnel de lib\u00e9rer les t\u00e9l\u00e9phones en quelques secondes tout en gardant un contr\u00f4le total sur l&#039;op\u00e9ration. L\u00e9ger et facile \u00e0 prendre en main, le dispositif facilite le quotidien dans les \u00e9coles, les entreprises et lors d&#039;\u00e9v\u00e9nements, sans n\u00e9cessiter d&#039;alimentation \u00e9lectrique ni de connexion internet.<\/p>\n<p data-start=\"578\" data-end=\"594\"><strong data-start=\"578\" data-end=\"594\">Principaux avantages<\/strong><\/p>\n<ul>\n<li data-start=\"597\" data-end=\"641\">D\u00e9verrouillage rapide et fiable m\u00eame dans des environnements charg\u00e9s<\/li>\n<li data-start=\"597\" data-end=\"641\">Aucune pile ni appareil \u00e9lectronique requis<\/li>\n<li data-start=\"597\" data-end=\"641\">Conception robuste pour une utilisation quotidienne \u00e0 long terme<\/li>\n<li data-start=\"597\" data-end=\"641\">Assistance pour le retour t\u00e9l\u00e9phonique g\u00e9r\u00e9 et supervis\u00e9<\/li>\n<li data-start=\"597\" data-end=\"641\">Facile \u00e0 positionner aux points d&#039;entr\u00e9e et de sortie<\/li>\n<\/ul>\n\t\t<\/div>\n\t\t\t<\/div>\n\n\t\n\n\t<div id=\"col-1973380022\" class=\"col medium-6 small-12 large-6\"  >\n\t\t<div class=\"col-inner\"  >\n\t\t\t\n\t\t\t\n\t<div class=\"img has-hover x md-x lg-x y md-y lg-y\" id=\"image_1777335783\">\n\t\t\t\t\t\t\t\t<div class=\"img-inner dark\" >\n\t\t\t<img decoding=\"async\" width=\"1020\" height=\"1020\" src=\"https:\/\/phonelocker.com\/wp-content\/uploads\/2026\/02\/magnet-unlocker-1024x1024.jpg\" class=\"attachment-large size-large\" alt=\"\" srcset=\"https:\/\/phonelocker.com\/wp-content\/uploads\/2026\/02\/magnet-unlocker-1024x1024.jpg 1024w, https:\/\/phonelocker.com\/wp-content\/uploads\/2026\/02\/magnet-unlocker-300x300.jpg 300w, https:\/\/phonelocker.com\/wp-content\/uploads\/2026\/02\/magnet-unlocker-150x150.jpg 150w, https:\/\/phonelocker.com\/wp-content\/uploads\/2026\/02\/magnet-unlocker-768x768.jpg 768w, https:\/\/phonelocker.com\/wp-content\/uploads\/2026\/02\/magnet-unlocker-1536x1536.jpg 1536w, https:\/\/phonelocker.com\/wp-content\/uploads\/2026\/02\/magnet-unlocker-2048x2048.jpg 2048w, https:\/\/phonelocker.com\/wp-content\/uploads\/2026\/02\/magnet-unlocker-12x12.jpg 12w\" sizes=\"(max-width: 1020px) 100vw, 1020px\" \/>\t\t\t\t\t\t\n\t\t\t\t\t<\/div>\n\t\t\t\t\t\t\t\t\n<style>\n#image_1777335783 {\n  width: 100%;\n}\n<\/style>\n\t<\/div>\n\t\n\t<div class=\"img has-hover x md-x lg-x y md-y lg-y\" id=\"image_393804253\">\n\t\t\t\t\t\t\t\t<div class=\"img-inner box-shadow-2 dark\" >\n\t\t\t\t\t\t\t\t\t\n\t\t\t\t\t<\/div>\n\t\t\t\t\t\t\t\t\n<style>\n#image_393804253 {\n  width: 100%;\n}\n<\/style>\n\t<\/div>\n\t\n\t\t<\/div>\n\t\t\t<\/div>\n\n\t\n<\/div>\n<div class=\"row row-large align-middle\"  id=\"row-335161462\">\n\n\t<div id=\"col-30333470\" class=\"col medium-6 small-12 large-6\"  >\n\t\t<div class=\"col-inner text-left\"  >\n\t\t\t\n\t\t\t\n<h3 data-start=\"823\" data-end=\"866\">Casier de t\u00e9l\u00e9phone<sup>\u00ae<\/sup> D\u00e9verrouillage d&#039;une bo\u00eete \u00e0 verrouillage magn\u00e9tique<\/h3>\n<p data-start=\"868\" data-end=\"1277\">Le coffret magn\u00e9tique de d\u00e9verrouillage offre un espace de rangement s\u00e9curis\u00e9 et inviolable pour l&#039;aimant de d\u00e9verrouillage lorsqu&#039;il n&#039;est pas utilis\u00e9. Con\u00e7u pour les environnements contr\u00f4l\u00e9s, ce coffret garantit que seul le personnel autoris\u00e9 peut acc\u00e9der \u00e0 l&#039;outil, permettant ainsi aux organisations de respecter leur politique d&#039;interdiction d&#039;utilisation des t\u00e9l\u00e9phones portables. Son design discret, fixable au mur, s&#039;int\u00e8gre parfaitement aux espaces d&#039;accueil, salles d&#039;examen et espaces \u00e9v\u00e9nementiels.<\/p>\n<p data-start=\"1279\" data-end=\"1295\"><strong data-start=\"1279\" data-end=\"1295\">Principaux avantages<\/strong><\/p>\n<ul>\n<li data-start=\"1298\" data-end=\"1341\">Stockage s\u00e9curis\u00e9 r\u00e9serv\u00e9 aux personnes autoris\u00e9es<\/li>\n<li data-start=\"1298\" data-end=\"1341\">\u00c9tanche pour une utilisation en ext\u00e9rieur<\/li>\n<li data-start=\"1298\" data-end=\"1341\">Prot\u00e8ge contre la perte ou la mauvaise utilisation de l&#039;aimant<\/li>\n<li data-start=\"1298\" data-end=\"1341\">Installation murale simple<\/li>\n<li data-start=\"1298\" data-end=\"1341\">Id\u00e9al pour les sites partag\u00e9s ou \u00e0 entr\u00e9es multiples<\/li>\n<li data-start=\"1298\" data-end=\"1341\">Soutient des processus de protection coh\u00e9rents<\/li>\n<\/ul>\n\t\t<\/div>\n\t\t\t<\/div>\n\n\t\n\n\t<div id=\"col-1745767194\" class=\"col medium-6 small-12 large-6\"  >\n\t\t<div class=\"col-inner\"  >\n\t\t\t\n\t\t\t\n\t<div class=\"img has-hover x md-x lg-x y md-y lg-y\" id=\"image_407885886\">\n\t\t\t\t\t\t\t\t<div class=\"img-inner dark\" >\n\t\t\t<img decoding=\"async\" width=\"1020\" height=\"1020\" src=\"https:\/\/phonelocker.com\/wp-content\/uploads\/2026\/02\/magnet-box-1024x1024.jpg\" class=\"attachment-large size-large\" alt=\"\" srcset=\"https:\/\/phonelocker.com\/wp-content\/uploads\/2026\/02\/magnet-box-1024x1024.jpg 1024w, https:\/\/phonelocker.com\/wp-content\/uploads\/2026\/02\/magnet-box-300x300.jpg 300w, https:\/\/phonelocker.com\/wp-content\/uploads\/2026\/02\/magnet-box-150x150.jpg 150w, https:\/\/phonelocker.com\/wp-content\/uploads\/2026\/02\/magnet-box-768x768.jpg 768w, https:\/\/phonelocker.com\/wp-content\/uploads\/2026\/02\/magnet-box-1536x1536.jpg 1536w, https:\/\/phonelocker.com\/wp-content\/uploads\/2026\/02\/magnet-box-2048x2048.jpg 2048w, https:\/\/phonelocker.com\/wp-content\/uploads\/2026\/02\/magnet-box-12x12.jpg 12w\" sizes=\"(max-width: 1020px) 100vw, 1020px\" \/>\t\t\t\t\t\t\n\t\t\t\t\t<\/div>\n\t\t\t\t\t\t\t\t\n<style>\n#image_407885886 {\n  width: 100%;\n}\n<\/style>\n\t<\/div>\n\t\n\t<div class=\"img has-hover x md-x lg-x y md-y lg-y\" id=\"image_883530230\">\n\t\t\t\t\t\t\t\t<div class=\"img-inner box-shadow-2 dark\" >\n\t\t\t\t\t\t\t\t\t\n\t\t\t\t\t<\/div>\n\t\t\t\t\t\t\t\t\n<style>\n#image_883530230 {\n  width: 100%;\n}\n<\/style>\n\t<\/div>\n\t\n\t\t<\/div>\n\t\t\t<\/div>\n\n\t\n<\/div>\n<div class=\"row row-large align-middle\"  id=\"row-120005218\">\n\n\t<div id=\"col-720013598\" class=\"col medium-6 small-12 large-6\"  >\n\t\t<div class=\"col-inner text-left\"  >\n\t\t\t\n\t\t\t\n<h3 data-start=\"823\" data-end=\"866\">Casier de t\u00e9l\u00e9phone<sup>\u00ae<\/sup> D\u00e9verrouillage d&#039;une armoire magn\u00e9tique<\/h3>\n<p data-start=\"868\" data-end=\"1277\">L&#039;armoire magn\u00e9tique de d\u00e9verrouillage con\u00e7ue pour une utilisation en int\u00e9rieur.<\/p>\n<p data-start=\"1279\" data-end=\"1295\"><strong data-start=\"1279\" data-end=\"1295\">Principaux avantages<\/strong><\/p>\n<ul>\n<li data-start=\"1298\" data-end=\"1341\">Stockage s\u00e9curis\u00e9 r\u00e9serv\u00e9 aux personnes autoris\u00e9es<\/li>\n<li data-start=\"1298\" data-end=\"1341\">Prot\u00e8ge contre la perte ou la mauvaise utilisation de l&#039;aimant<\/li>\n<li data-start=\"1298\" data-end=\"1341\">Installation murale simple<\/li>\n<li data-start=\"1298\" data-end=\"1341\">Id\u00e9al pour les sites partag\u00e9s ou \u00e0 entr\u00e9es multiples<\/li>\n<li data-start=\"1298\" data-end=\"1341\">Soutient des processus de protection coh\u00e9rents<\/li>\n<\/ul>\n\t\t<\/div>\n\t\t\t<\/div>\n\n\t\n\n\t<div id=\"col-1740064468\" class=\"col medium-6 small-12 large-6\"  >\n\t\t<div class=\"col-inner\"  >\n\t\t\t\n\t\t\t\n\t<div class=\"img has-hover x md-x lg-x y md-y lg-y\" id=\"image_1839011046\">\n\t\t\t\t\t\t\t\t<div class=\"img-inner dark\" >\n\t\t\t<img decoding=\"async\" width=\"1020\" height=\"1020\" src=\"https:\/\/phonelocker.com\/wp-content\/uploads\/2026\/02\/magnet-cabinet-1024x1024.jpg\" class=\"attachment-large size-large\" alt=\"\" srcset=\"https:\/\/phonelocker.com\/wp-content\/uploads\/2026\/02\/magnet-cabinet-1024x1024.jpg 1024w, https:\/\/phonelocker.com\/wp-content\/uploads\/2026\/02\/magnet-cabinet-300x300.jpg 300w, https:\/\/phonelocker.com\/wp-content\/uploads\/2026\/02\/magnet-cabinet-150x150.jpg 150w, https:\/\/phonelocker.com\/wp-content\/uploads\/2026\/02\/magnet-cabinet-768x768.jpg 768w, https:\/\/phonelocker.com\/wp-content\/uploads\/2026\/02\/magnet-cabinet-1536x1536.jpg 1536w, https:\/\/phonelocker.com\/wp-content\/uploads\/2026\/02\/magnet-cabinet-2048x2048.jpg 2048w, https:\/\/phonelocker.com\/wp-content\/uploads\/2026\/02\/magnet-cabinet-12x12.jpg 12w\" sizes=\"(max-width: 1020px) 100vw, 1020px\" \/>\t\t\t\t\t\t\n\t\t\t\t\t<\/div>\n\t\t\t\t\t\t\t\t\n<style>\n#image_1839011046 {\n  width: 100%;\n}\n<\/style>\n\t<\/div>\n\t\n\t<div class=\"img has-hover x md-x lg-x y md-y lg-y\" id=\"image_724279475\">\n\t\t\t\t\t\t\t\t<div class=\"img-inner box-shadow-2 dark\" >\n\t\t\t\t\t\t\t\t\t\n\t\t\t\t\t<\/div>\n\t\t\t\t\t\t\t\t\n<style>\n#image_724279475 {\n  width: 100%;\n}\n<\/style>\n\t<\/div>\n\t\n\t\t<\/div>\n\t\t\t<\/div>\n\n\t\n<\/div>\n\t\t<\/div>\n\n\t\t\n<style>\n#section_1281419719 {\n  padding-top: 60px;\n  padding-bottom: 60px;\n  background-color: rgb(232, 236, 243);\n}\n#section_1281419719 .section-bg-overlay {\n  background-color: rgba(255, 255, 255, 0.85);\n}\n<\/style>\n\t<\/section>\n\t\n\t<section class=\"section info-card-1\" id=\"section_357920678\">\n\t\t<div class=\"bg section-bg fill bg-fill  bg-loaded\" >\n\n\t\t\t\n\t\t\t\n\t\t\t\n\n\t\t<\/div>\n\n\t\t<div class=\"section-content relative\">\n\t\t\t\n<div class=\"row row-small align-equal align-center\"  id=\"row-2135799017\">\n\n\t<div id=\"col-82223423\" class=\"col medium-4 small-12 large-4\"  >\n\t\t<div class=\"col-inner\"  >\n\t\t\t\n\t\t\t\n\t<div class=\"box has-hover   has-hover box-push box-text-bottom\" >\n\n\t\t<div class=\"box-image\" >\n\t\t\t<a href=\"https:\/\/phonelocker.com\/fr\/contact\/\"  >\t\t\t<div class=\"image-zoom image-cover\" style=\"padding-top:70%;\">\n\t\t\t\t<img decoding=\"async\" width=\"1200\" height=\"600\" src=\"https:\/\/phonelocker.com\/wp-content\/uploads\/2026\/02\/Website-Images.jpg\" class=\"attachment- size-\" alt=\"\" srcset=\"https:\/\/phonelocker.com\/wp-content\/uploads\/2026\/02\/Website-Images.jpg 1200w, https:\/\/phonelocker.com\/wp-content\/uploads\/2026\/02\/Website-Images-300x150.jpg 300w, https:\/\/phonelocker.com\/wp-content\/uploads\/2026\/02\/Website-Images-1024x512.jpg 1024w, https:\/\/phonelocker.com\/wp-content\/uploads\/2026\/02\/Website-Images-768x384.jpg 768w, https:\/\/phonelocker.com\/wp-content\/uploads\/2026\/02\/Website-Images-18x9.jpg 18w\" sizes=\"(max-width: 1200px) 100vw, 1200px\" \/>\t\t\t\t\t\t\t\t\t\t\t<\/div>\n\t\t\t<\/a>\t\t<\/div>\n\n\t\t<div class=\"box-text text-center\" style=\"background-color:rgb(255, 255, 255);padding:20px 5% 20px 5%;\">\n\t\t\t<div class=\"box-text-inner\">\n\t\t\t\t\n<h4>Envie d&#039;en savoir plus ?<\/h4>\n<p>Contactez notre \u00e9quipe et trouvez la solution qui vous convient.<\/p>\n<a rel=\"noopener noreferrer\" href=\"https:\/\/phonelocker.com\/fr\/contact\/\" target=\"_blank\" class=\"button primary is-underline\"  >\n    <span>Contactez-nous aujourd&#039;hui<\/span>\n  <\/a>\n\n\t\t\t<\/div>\n\t\t<\/div>\n\t<\/div>\n\t\n\t\t<\/div>\n\t\t\t<\/div>\n\n\t\n\n\t<div id=\"col-2104124034\" class=\"col medium-4 small-12 large-4\"  >\n\t\t<div class=\"col-inner\"  >\n\t\t\t\n\t\t\t\n\t<div class=\"box has-hover   has-hover box-push box-text-bottom\" >\n\n\t\t<div class=\"box-image\" >\n\t\t\t<a href=\"https:\/\/phonelocker.com\/fr\/accessories\/\" target=\"_blank\" rel=\"noopener noreferrer\" >\t\t\t<div class=\"image-zoom image-cover\" style=\"padding-top:70%;\">\n\t\t\t\t<img decoding=\"async\" width=\"2000\" height=\"2000\" src=\"https:\/\/phonelocker.com\/wp-content\/uploads\/2026\/02\/Pouch-with-strap.jpg\" class=\"attachment- size-\" alt=\"\" srcset=\"https:\/\/phonelocker.com\/wp-content\/uploads\/2026\/02\/Pouch-with-strap.jpg 2000w, https:\/\/phonelocker.com\/wp-content\/uploads\/2026\/02\/Pouch-with-strap-300x300.jpg 300w, https:\/\/phonelocker.com\/wp-content\/uploads\/2026\/02\/Pouch-with-strap-1024x1024.jpg 1024w, https:\/\/phonelocker.com\/wp-content\/uploads\/2026\/02\/Pouch-with-strap-150x150.jpg 150w, https:\/\/phonelocker.com\/wp-content\/uploads\/2026\/02\/Pouch-with-strap-768x768.jpg 768w, https:\/\/phonelocker.com\/wp-content\/uploads\/2026\/02\/Pouch-with-strap-1536x1536.jpg 1536w, https:\/\/phonelocker.com\/wp-content\/uploads\/2026\/02\/Pouch-with-strap-12x12.jpg 12w\" sizes=\"(max-width: 2000px) 100vw, 2000px\" \/>\t\t\t\t\t\t\t\t\t\t\t<\/div>\n\t\t\t<\/a>\t\t<\/div>\n\n\t\t<div class=\"box-text text-center\" style=\"background-color:rgb(255, 255, 255);padding:20px 5% 20px 5%;\">\n\t\t\t<div class=\"box-text-inner\">\n\t\t\t\t\n<h4>Accessoires pour pochettes de support<\/h4>\n<p>Des cordons aux sacs, tous les accessoires dont vous avez besoin.<\/p>\n<a rel=\"noopener noreferrer\" href=\"https:\/\/phonelocker.com\/fr\/accessories\/\" target=\"_blank\" class=\"button primary is-underline\"  >\n    <span>Voir les accessoires<\/span>\n  <\/a>\n\n\t\t\t<\/div>\n\t\t<\/div>\n\t<\/div>\n\t\n\t\t<\/div>\n\t\t\t<\/div>\n\n\t\n\n<style>\n#row-2135799017 > .col > .col-inner {\n  background-color: rgb(255,255,255);\n}\n<\/style>\n<\/div>\n\t\t<\/div>\n\n\t\t\n<style>\n#section_357920678 {\n  padding-top: 50px;\n  padding-bottom: 50px;\n  background-color: #20409a;\n}\n<\/style>\n\t<\/section>","protected":false},"excerpt":{"rendered":"","protected":false},"author":1,"featured_media":0,"parent":0,"menu_order":0,"comment_status":"closed","ping_status":"closed","template":"page-blank.php","meta":{"inline_featured_image":false,"footnotes":""},"class_list":["post-2823","page","type-page","status-publish","hentry"],"yoast_head":"<!-- This site is optimized with the Yoast SEO plugin v27.4 - https:\/\/yoast.com\/product\/yoast-seo-wordpress\/ -->\n<title>Lockable Phone Pouches - Phone Locker<\/title>\n<meta name=\"robots\" content=\"index, follow, max-snippet:-1, max-image-preview:large, max-video-preview:-1\" \/>\n<link rel=\"canonical\" href=\"https:\/\/phonelocker.com\/fr\/lockable-phone-pouches\/\" \/>\n<meta property=\"og:locale\" content=\"fr_FR\" \/>\n<meta property=\"og:type\" content=\"article\" \/>\n<meta property=\"og:title\" content=\"Lockable Phone Pouches - Phone Locker\" \/>\n<meta property=\"og:url\" content=\"https:\/\/phonelocker.com\/fr\/lockable-phone-pouches\/\" \/>\n<meta property=\"og:site_name\" content=\"Phone Locker\" \/>\n<meta property=\"article:modified_time\" content=\"2026-03-19T10:38:03+00:00\" \/>\n<meta name=\"twitter:card\" content=\"summary_large_image\" \/>\n<meta name=\"twitter:label1\" content=\"Dur\u00e9e de lecture estim\u00e9e\" \/>\n\t<meta name=\"twitter:data1\" content=\"3 minutes\" \/>\n<!-- \/ Yoast SEO plugin. -->","yoast_head_json":{"title":"Pochettes de t\u00e9l\u00e9phone verrouillables - Casier \u00e0 t\u00e9l\u00e9phone","robots":{"index":"index","follow":"follow","max-snippet":"max-snippet:-1","max-image-preview":"max-image-preview:large","max-video-preview":"max-video-preview:-1"},"canonical":"https:\/\/phonelocker.com\/fr\/lockable-phone-pouches\/","og_locale":"fr_FR","og_type":"article","og_title":"Lockable Phone Pouches - Phone Locker","og_url":"https:\/\/phonelocker.com\/fr\/lockable-phone-pouches\/","og_site_name":"Phone Locker","article_modified_time":"2026-03-19T10:38:03+00:00","twitter_card":"summary_large_image","twitter_misc":{"Dur\u00e9e de lecture estim\u00e9e":"3 minutes"},"schema":{"@context":"https:\/\/schema.org","@graph":[{"@type":"WebPage","@id":"https:\/\/phonelocker.com\/lockable-phone-pouches\/","url":"https:\/\/phonelocker.com\/lockable-phone-pouches\/","name":"Pochettes de t\u00e9l\u00e9phone verrouillables - Casier \u00e0 t\u00e9l\u00e9phone","isPartOf":{"@id":"https:\/\/phonelocker.com\/#website"},"datePublished":"2026-02-19T17:33:44+00:00","dateModified":"2026-03-19T10:38:03+00:00","breadcrumb":{"@id":"https:\/\/phonelocker.com\/lockable-phone-pouches\/#breadcrumb"},"inLanguage":"fr-FR","potentialAction":[{"@type":"ReadAction","target":["https:\/\/phonelocker.com\/lockable-phone-pouches\/"]}]},{"@type":"BreadcrumbList","@id":"https:\/\/phonelocker.com\/lockable-phone-pouches\/#breadcrumb","itemListElement":[{"@type":"ListItem","position":1,"name":"Home","item":"https:\/\/phonelocker.com\/"},{"@type":"ListItem","position":2,"name":"Lockable Phone Pouches"}]},{"@type":"WebSite","@id":"https:\/\/phonelocker.com\/#website","url":"https:\/\/phonelocker.com\/","name":"Casier de t\u00e9l\u00e9phone","description":"Pochette pour t\u00e9l\u00e9phone verrouillable","potentialAction":[{"@type":"SearchAction","target":{"@type":"EntryPoint","urlTemplate":"https:\/\/phonelocker.com\/?s={search_term_string}"},"query-input":{"@type":"PropertyValueSpecification","valueRequired":true,"valueName":"search_term_string"}}],"inLanguage":"fr-FR"}]}},"_links":{"self":[{"href":"https:\/\/phonelocker.com\/fr\/wp-json\/wp\/v2\/pages\/2823","targetHints":{"allow":["GET"]}}],"collection":[{"href":"https:\/\/phonelocker.com\/fr\/wp-json\/wp\/v2\/pages"}],"about":[{"href":"https:\/\/phonelocker.com\/fr\/wp-json\/wp\/v2\/types\/page"}],"author":[{"embeddable":true,"href":"https:\/\/phonelocker.com\/fr\/wp-json\/wp\/v2\/users\/1"}],"replies":[{"embeddable":true,"href":"https:\/\/phonelocker.com\/fr\/wp-json\/wp\/v2\/comments?post=2823"}],"version-history":[{"count":10,"href":"https:\/\/phonelocker.com\/fr\/wp-json\/wp\/v2\/pages\/2823\/revisions"}],"predecessor-version":[{"id":3317,"href":"https:\/\/phonelocker.com\/fr\/wp-json\/wp\/v2\/pages\/2823\/revisions\/3317"}],"wp:attachment":[{"href":"https:\/\/phonelocker.com\/fr\/wp-json\/wp\/v2\/media?parent=2823"}],"curies":[{"name":"wp","href":"https:\/\/api.w.org\/{rel}","templated":true}]}}