{"id":3,"date":"2021-06-13T16:01:01","date_gmt":"2021-06-13T16:01:01","guid":{"rendered":"http:\/\/localhost\/phone-pouch\/?page_id=3"},"modified":"2026-03-19T16:19:32","modified_gmt":"2026-03-19T16:19:32","slug":"privacy-policy","status":"publish","type":"page","link":"https:\/\/phonelocker.com\/fr\/privacy-policy\/","title":{"rendered":"politique de confidentialit\u00e9"},"content":{"rendered":"<h1 class=\"wp-block-heading\">Politique de confidentialit\u00e9 de Phone Locker\u00ae<\/h1>\r\n<p><strong>Derni\u00e8re mise \u00e0 jour : 29 janvier 2026<\/strong><\/p>\r\n<p>Phone Locker\u00ae (\u00ab nous \u00bb, \u00ab notre \u00bb) s\u2019engage \u00e0 prot\u00e9ger et \u00e0 respecter votre vie priv\u00e9e. La pr\u00e9sente Politique de confidentialit\u00e9 explique comment nous recueillons, utilisons, stockons et prot\u00e9geons vos donn\u00e9es personnelles lorsque vous consultez notre site web ou interagissez avec nous.<\/p>\r\n<p>Cette politique s&#039;applique \u00e0 tous les utilisateurs du site web Phone Locker\u00ae et des services associ\u00e9s.<\/p>\r\n<p>Phone Locker\u00ae est une entreprise bas\u00e9e au Royaume-Uni qui propose des solutions de verrouillage de t\u00e9l\u00e9phones s\u00e9curis\u00e9es pour les \u00e9coles, les \u00e9v\u00e9nements et les organisations.<\/p>\r\n<p><strong>Responsable du traitement des donn\u00e9es :<br \/><\/strong>PromoCollection Limited T\/A Phone Locker\u00ae<br \/>Num\u00e9ro d&#039;immatriculation de la soci\u00e9t\u00e9 : 09756639<br \/>3 Brunel Court, Severalls Industrial Park, Colchester, Essex, Royaume-Uni, CO4 9XP<br \/>E-mail:<strong>hello@phonelocker.com<\/strong><br \/>Cette adresse \u00e9lectronique est \u00e9galement utilis\u00e9e pour toutes les demandes relatives \u00e0 la protection des donn\u00e9es et \u00e0 la confidentialit\u00e9.<\/p>\r\n<h2>Quelles donn\u00e9es personnelles collectons-nous ?<\/h2>\r\n<p>Nous pouvons collecter et traiter les donn\u00e9es personnelles suivantes\u00a0:<\/p>\r\n<h3><strong>a) Les informations que vous nous fournissez<\/strong><\/h3>\r\n<ul>\r\n<li>Nom<\/li>\r\n<li>Adresse email<\/li>\r\n<li>Num\u00e9ro de t\u00e9l\u00e9phone<\/li>\r\n<li>Nom de l&#039;organisation\/de l&#039;\u00e9cole<\/li>\r\n<li>Titre d&#039;emploi<\/li>\r\n<li>Toute information soumise via les formulaires de contact, les demandes de renseignements, les t\u00e9l\u00e9chargements ou les correspondances par courriel<\/li>\r\n<\/ul>\r\n<h3><strong>b) Informations collect\u00e9es automatiquement<\/strong><\/h3>\r\n<ul>\r\n<li>Adresse IP<\/li>\r\n<li>Type et version du navigateur<\/li>\r\n<li>Informations sur l&#039;appareil<\/li>\r\n<li>Pages consult\u00e9es et temps pass\u00e9 sur notre site web<\/li>\r\n<li>URL de r\u00e9f\u00e9rence<\/li>\r\n<\/ul>\r\n<p>Ces donn\u00e9es sont collect\u00e9es \u00e0 l&#039;aide de cookies et de technologies similaires.<\/p>\r\n<h2>Comment nous utilisons vos donn\u00e9es<\/h2>\r\n<p>Nous utilisons vos donn\u00e9es personnelles pour :<\/p>\r\n<ul>\r\n<li>R\u00e9pondre aux demandes de renseignements et aux requ\u00eates<\/li>\r\n<li>Fournir des informations sur nos produits et services<\/li>\r\n<li>G\u00e9rer les relations avec les clients, les \u00e9coles et les partenaires<\/li>\r\n<li>Am\u00e9liorer notre site web et nos services<\/li>\r\n<li>Envoyer des communications marketing (lorsque le consentement a \u00e9t\u00e9 donn\u00e9)<\/li>\r\n<li>Respecter les obligations l\u00e9gales et r\u00e9glementaires<\/li>\r\n<\/ul>\r\n<p>Fournir ces informations est donc une obligation contractuelle ou une condition n\u00e9cessaire \u00e0<br \/>conclure un contrat. Si vous ne fournissez pas les donn\u00e9es personnelles demand\u00e9es, nous pourrions ne pas \u00eatre en mesure de\u00a0:<br \/>\u2022 r\u00e9pondre pleinement \u00e0 votre demande\u00a0;<br \/>\u2022 fournir un devis ou une proposition ;<br \/>\u2022 proc\u00e9der \u00e0 toute vente potentielle, installation ou service d&#039;assistance continue.<\/p>\r\n<p><br \/>Pour les communications facultatives (par exemple, les courriels marketing), vous n&#039;\u00eates pas oblig\u00e9 de fournir vos informations.\u00a0<br \/>vous fournissez les d\u00e9tails ou votre consentement, et le fait de ne pas les communiquer n&#039;entra\u00eene aucune cons\u00e9quence n\u00e9gative autre que celle de ne pas recevoir ces mises \u00e0 jour.<\/p>\r\n<p><br \/>Nous ne vous demandons pas de fournir de donn\u00e9es sensibles (par exemple, des informations de sant\u00e9) pour notre<br \/>Services standard. Nous n&#039;utiliserons vos donn\u00e9es que si nous avons une base l\u00e9gale pour le faire.<\/p>\r\n<h2>Bases l\u00e9gales du traitement<\/h2>\r\n<p>Conform\u00e9ment au RGPD britannique, nous nous appuyons sur les bases l\u00e9gales suivantes\u00a0:<\/p>\r\n<ul>\r\n<li><strong>Consentement<\/strong> \u2013 lorsque vous avez consenti \u00e0 recevoir des communications marketing<\/li>\r\n<li><strong>Int\u00e9r\u00eats l\u00e9gitimes<\/strong> \u2013 pour r\u00e9pondre aux demandes de renseignements et am\u00e9liorer nos services<\/li>\r\n<li><strong>n\u00e9cessit\u00e9 contractuelle<\/strong> \u2013 lorsque le traitement est n\u00e9cessaire pour fournir un service<\/li>\r\n<li><strong>Obligation l\u00e9gale<\/strong> \u2013 lorsque la loi l\u2019exige<\/li>\r\n<\/ul>\r\n<h2>Communications marketing<\/h2>\r\n<p>Nous pouvons vous envoyer des communications marketing concernant Phone Locker\u00ae dans les cas suivants\u00a0:<\/p>\r\n<ul>\r\n<li>Les coordonn\u00e9es sont li\u00e9es \u00e0 l&#039;entreprise.<\/li>\r\n<li>Cette communication est pertinente pour votre r\u00f4le professionnel.<\/li>\r\n<li>Nous avons un int\u00e9r\u00eat l\u00e9gitime \u00e0 promouvoir nos services<\/li>\r\n<\/ul>\r\n<p>Nous pouvons obtenir les coordonn\u00e9es professionnelles \u00e0 partir de sources publiques telles que les sites web des entreprises, LinkedIn, les annuaires professionnels et les listes d&#039;\u00e9v\u00e9nements.<\/p>\r\n<p>Vous avez le droit absolu de vous opposer \u00e0 tout moment au marketing direct.<\/p>\r\n<p>Tous nos e-mails marketing contiennent un lien de d\u00e9sabonnement, et vous pouvez \u00e9galement vous d\u00e9sinscrire en nous contactant \u00e0 l&#039;adresse hello@phonelocker.com.<\/p>\r\n<h2>Cookies<\/h2>\r\n<p>Notre site web utilise des cookies pour\u00a0:<\/p>\r\n<ul>\r\n<li>Assurez-vous que le site Web fonctionne correctement.<\/li>\r\n<li>Analyser le trafic et l&#039;utilisation du site web<\/li>\r\n<li>Am\u00e9liorer les performances et l&#039;exp\u00e9rience utilisateur<\/li>\r\n<\/ul>\r\n<p>Vous pouvez g\u00e9rer ou d\u00e9sactiver les cookies via les param\u00e8tres de votre navigateur. Pour plus d&#039;informations, veuillez consulter notre politique de confidentialit\u00e9. <strong>Politique relative aux cookies<\/strong>.<\/p>\r\n<h2>Partage de donn\u00e9es<\/h2>\r\n<p>Nous ne vendons pas vos donn\u00e9es personnelles.<\/p>\r\n<p>Nous pouvons partager vos donn\u00e9es avec des tiers de confiance, notamment\u00a0:<\/p>\r\n<ul>\r\n<li>fournisseurs d&#039;h\u00e9bergement de sites web<\/li>\r\n<li>Plateformes CRM et marketing par e-mail<\/li>\r\n<li>Fournisseurs d&#039;analyse (par exemple Google Analytics)<\/li>\r\n<li>fournisseurs de services de messagerie \u00e9lectronique<\/li>\r\n<li>Conseillers professionnels (juridiques, financiers, informatiques)<\/li>\r\n<\/ul>\r\n<p>Tous les tiers sont tenus de traiter vos donn\u00e9es de mani\u00e8re s\u00e9curis\u00e9e et conform\u00e9ment au RGPD britannique.<\/p>\r\n<h2>Transferts internationaux de donn\u00e9es<\/h2>\r\n<p>Certains de nos prestataires de services sont situ\u00e9s en dehors du Royaume-Uni, notamment\u00a0:<\/p>\r\n<ul>\r\n<li>Google (\u00c9tats-Unis)<\/li>\r\n<li>Zoho (centres de donn\u00e9es en UE et en Inde)<\/li>\r\n<\/ul>\r\n<p>Lorsque des donn\u00e9es personnelles sont transf\u00e9r\u00e9es \u00e0 l&#039;international, nous veillons \u00e0 ce que des garanties appropri\u00e9es soient mises en place, notamment\u00a0:<\/p>\r\n<ul>\r\n<li>R\u00e8glementation britannique sur l&#039;ad\u00e9quation<\/li>\r\n<li>Accords internationaux de transfert de donn\u00e9es (IDTA)<\/li>\r\n<li>Clauses contractuelles types (CCT)<\/li>\r\n<\/ul>\r\n<h2>Conservation des donn\u00e9es<\/h2>\r\n<p>Nous ne conservons les donn\u00e9es personnelles que pendant la dur\u00e9e n\u00e9cessaire \u00e0 la r\u00e9alisation des finalit\u00e9s pour lesquelles elles ont \u00e9t\u00e9 collect\u00e9es, y compris les obligations l\u00e9gales, comptables et de d\u00e9claration.<\/p>\r\n<h2>Vos droits<\/h2>\r\n<p>En vertu du RGPD britannique, vous avez le droit de\u00a0:<\/p>\r\n<ul>\r\n<li>Acc\u00e9dez \u00e0 vos donn\u00e9es personnelles<\/li>\r\n<li>Demande de correction des donn\u00e9es inexactes<\/li>\r\n<li>Demandez la suppression de vos donn\u00e9es<\/li>\r\n<li>Opposition au traitement<\/li>\r\n<li>Restreindre le traitement<\/li>\r\n<li>Demande de portabilit\u00e9 des donn\u00e9es<\/li>\r\n<li>Retirer son consentement \u00e0 tout moment<\/li>\r\n<\/ul>\r\n<p>Pour exercer vos droits, veuillez contacter\u00a0: <a href=\"mailto:hello@phonelocker.com\">hello@phonelocker.com<\/a><\/p>\r\n<p>Vous avez \u00e9galement le droit de d\u00e9poser une plainte aupr\u00e8s du Bureau du commissaire \u00e0 l&#039;information du Royaume-Uni (ICO).<\/p>\r\n<h2>Prise de d\u00e9cision automatis\u00e9e<\/h2>\r\n<p>Nous n&#039;utilisons pas de syst\u00e8mes de d\u00e9cision automatis\u00e9s ni de profilage susceptibles d&#039;avoir des effets juridiques ou significatifs sur les individus.<\/p>\r\n<h2>S\u00e9curit\u00e9 des donn\u00e9es<\/h2>\r\n<p>Nous prenons les mesures techniques et organisationnelles appropri\u00e9es pour prot\u00e9ger vos donn\u00e9es personnelles contre tout acc\u00e8s non autoris\u00e9, perte, utilisation abusive ou alt\u00e9ration.<\/p>\r\n<h2>Donn\u00e9es sur les enfants<\/h2>\r\n<p>Phone Locker\u00ae ne collecte ni ne traite intentionnellement les donn\u00e9es personnelles des \u00e9l\u00e8ves ou des enfants.<\/p>\r\n<p>Lorsque les \u00e9coles utilisent nos produits, elles restent responsables du traitement des donn\u00e9es relatives aux \u00e9l\u00e8ves.<\/p>\r\n<h2>Modifications apport\u00e9es \u00e0 cette politique<\/h2>\r\n<p>Nous pouvons \u00eatre amen\u00e9s \u00e0 modifier la pr\u00e9sente politique de confidentialit\u00e9. Toute modification sera publi\u00e9e sur cette page, accompagn\u00e9e d&#039;une date de r\u00e9vision mise \u00e0 jour.<\/p>\r\n<h2>R\u00e9clamations et demandes de renseignements concernant la politique de confidentialit\u00e9<\/h2>\r\n<p>Si vous avez des questions ou des r\u00e9clamations concernant notre politique de confidentialit\u00e9, veuillez nous contacter \u00e0 l&#039;adresse suivante\u00a0:<\/p>\r\n<p>3 Brunel Court, Severalls, Colchester, CO4 9XP, Essex, Royaume-Uni<\/p>\r\n<p>hello@phonelocker.com<\/p>\r\n<p>(+44) 203 916 5098<\/p>","protected":false},"excerpt":{"rendered":"<p>Phone Locker\u00ae Privacy Policy Last updated: 29 January 2026 Phone Locker\u00ae\u00a0 (\u201cwe\u201d, \u201cus\u201d, \u201cour\u201d) is committed to protecting and respecting your privacy. This Privacy Policy explains how we collect, use, store and protect your personal data when you visit our website or engage with us. This policy applies to all users of the Phone Locker\u00ae [&#8230;]\n","protected":false},"author":1,"featured_media":0,"parent":0,"menu_order":0,"comment_status":"closed","ping_status":"open","template":"","meta":{"footnotes":""},"class_list":["post-3","page","type-page","status-publish","hentry"],"yoast_head":"<!-- This site is optimized with the Yoast SEO plugin v27.1.1 - https:\/\/yoast.com\/product\/yoast-seo-wordpress\/ -->\n<title>Privacy Policy - Phone Locker<\/title>\n<meta name=\"robots\" content=\"index, follow, max-snippet:-1, max-image-preview:large, max-video-preview:-1\" \/>\n<link rel=\"canonical\" href=\"https:\/\/phonelocker.com\/fr\/privacy-policy\/\" \/>\n<meta property=\"og:locale\" content=\"fr_FR\" \/>\n<meta property=\"og:type\" content=\"article\" \/>\n<meta property=\"og:title\" content=\"Privacy Policy - Phone Locker\" \/>\n<meta property=\"og:description\" content=\"Phone Locker\u00ae Privacy Policy Last updated: 29 January 2026 Phone Locker\u00ae\u00a0 (\u201cwe\u201d, \u201cus\u201d, \u201cour\u201d) is committed to protecting and respecting your privacy. This Privacy Policy explains how we collect, use, store and protect your personal data when you visit our website or engage with us. This policy applies to all users of the Phone Locker\u00ae [...]\" \/>\n<meta property=\"og:url\" content=\"https:\/\/phonelocker.com\/fr\/privacy-policy\/\" \/>\n<meta property=\"og:site_name\" content=\"Phone Locker\" \/>\n<meta property=\"article:modified_time\" content=\"2026-03-19T16:19:32+00:00\" \/>\n<meta name=\"twitter:card\" content=\"summary_large_image\" \/>\n<meta name=\"twitter:label1\" content=\"Dur\u00e9e de lecture estim\u00e9e\" \/>\n\t<meta name=\"twitter:data1\" content=\"4 minutes\" \/>\n<!-- \/ Yoast SEO plugin. -->","yoast_head_json":{"title":"Politique de confidentialit\u00e9 - Coffre-fort t\u00e9l\u00e9phonique","robots":{"index":"index","follow":"follow","max-snippet":"max-snippet:-1","max-image-preview":"max-image-preview:large","max-video-preview":"max-video-preview:-1"},"canonical":"https:\/\/phonelocker.com\/fr\/privacy-policy\/","og_locale":"fr_FR","og_type":"article","og_title":"Privacy Policy - Phone Locker","og_description":"Phone Locker\u00ae Privacy Policy Last updated: 29 January 2026 Phone Locker\u00ae\u00a0 (\u201cwe\u201d, \u201cus\u201d, \u201cour\u201d) is committed to protecting and respecting your privacy. This Privacy Policy explains how we collect, use, store and protect your personal data when you visit our website or engage with us. This policy applies to all users of the Phone Locker\u00ae [...]","og_url":"https:\/\/phonelocker.com\/fr\/privacy-policy\/","og_site_name":"Phone Locker","article_modified_time":"2026-03-19T16:19:32+00:00","twitter_card":"summary_large_image","twitter_misc":{"Dur\u00e9e de lecture estim\u00e9e":"4 minutes"},"schema":{"@context":"https:\/\/schema.org","@graph":[{"@type":"WebPage","@id":"https:\/\/phonelocker.com\/privacy-policy\/","url":"https:\/\/phonelocker.com\/privacy-policy\/","name":"Politique de confidentialit\u00e9 - Coffre-fort t\u00e9l\u00e9phonique","isPartOf":{"@id":"https:\/\/phonelocker.com\/#website"},"datePublished":"2021-06-13T16:01:01+00:00","dateModified":"2026-03-19T16:19:32+00:00","breadcrumb":{"@id":"https:\/\/phonelocker.com\/privacy-policy\/#breadcrumb"},"inLanguage":"fr-FR","potentialAction":[{"@type":"ReadAction","target":["https:\/\/phonelocker.com\/privacy-policy\/"]}]},{"@type":"BreadcrumbList","@id":"https:\/\/phonelocker.com\/privacy-policy\/#breadcrumb","itemListElement":[{"@type":"ListItem","position":1,"name":"Home","item":"https:\/\/phonelocker.com\/"},{"@type":"ListItem","position":2,"name":"Privacy Policy"}]},{"@type":"WebSite","@id":"https:\/\/phonelocker.com\/#website","url":"https:\/\/phonelocker.com\/","name":"Casier de t\u00e9l\u00e9phone","description":"Pochette pour t\u00e9l\u00e9phone verrouillable","potentialAction":[{"@type":"SearchAction","target":{"@type":"EntryPoint","urlTemplate":"https:\/\/phonelocker.com\/?s={search_term_string}"},"query-input":{"@type":"PropertyValueSpecification","valueRequired":true,"valueName":"search_term_string"}}],"inLanguage":"fr-FR"}]}},"_links":{"self":[{"href":"https:\/\/phonelocker.com\/fr\/wp-json\/wp\/v2\/pages\/3","targetHints":{"allow":["GET"]}}],"collection":[{"href":"https:\/\/phonelocker.com\/fr\/wp-json\/wp\/v2\/pages"}],"about":[{"href":"https:\/\/phonelocker.com\/fr\/wp-json\/wp\/v2\/types\/page"}],"author":[{"embeddable":true,"href":"https:\/\/phonelocker.com\/fr\/wp-json\/wp\/v2\/users\/1"}],"replies":[{"embeddable":true,"href":"https:\/\/phonelocker.com\/fr\/wp-json\/wp\/v2\/comments?post=3"}],"version-history":[{"count":6,"href":"https:\/\/phonelocker.com\/fr\/wp-json\/wp\/v2\/pages\/3\/revisions"}],"predecessor-version":[{"id":3346,"href":"https:\/\/phonelocker.com\/fr\/wp-json\/wp\/v2\/pages\/3\/revisions\/3346"}],"wp:attachment":[{"href":"https:\/\/phonelocker.com\/fr\/wp-json\/wp\/v2\/media?parent=3"}],"curies":[{"name":"wp","href":"https:\/\/api.w.org\/{rel}","templated":true}]}}