{"id":3004,"date":"2026-03-17T14:46:27","date_gmt":"2026-03-17T14:46:27","guid":{"rendered":"https:\/\/phonelocker.com\/?page_id=3004"},"modified":"2026-03-19T11:06:21","modified_gmt":"2026-03-19T11:06:21","slug":"esg-and-compliance","status":"publish","type":"page","link":"https:\/\/phonelocker.com\/fr\/esg-and-compliance\/","title":{"rendered":"ESG et conformit\u00e9"},"content":{"rendered":"<div class=\"banner has-hover\" id=\"banner-425750219\">\n          <div class=\"banner-inner fill\">\n        <div class=\"banner-bg fill\" >\n            <div class=\"bg fill bg-fill\"><\/div>\n                                    \n                    <\/div>\n        <div class=\"banner-layers container\">\n            <div class=\"fill banner-link\"><\/div>            \n   <div id=\"text-box-2016171976\" class=\"text-box banner-layer x5 md-x5 lg-x5 y95 md-y50 lg-y50 res-text\">\n                                <div class=\"text-box-content text box-shadow-1\">\n              \n              <div class=\"text-inner text-left\">\n                  \n<h6>Notre histoire<\/h6>\n<h3 class=\"banner-header__title header--alt\">Conception responsable<\/h3>\n<p class=\"banner-header__subtitle text--white text--md\">Chez Phone Locker<sup>\u00ae<\/sup>, La responsabilit\u00e9 est int\u00e9gr\u00e9e \u00e0 la mani\u00e8re dont nous concevons, fabriquons et livrons nos produits.<\/p>\n<a rel=\"noopener noreferrer\" href=\"https:\/\/phonelocker.com\/fr\/contact\/\" target=\"_blank\" class=\"button primary is-gradient\"  >\n    <span>Contactez-nous<\/span>\n  <\/a>\n\n              <\/div>\n           <\/div>\n                            \n<style>\n#text-box-2016171976 .text-box-content {\n  background-color: rgba(255, 255, 255, 0.94);\n  font-size: 100%;\n}\n#text-box-2016171976 .text-inner {\n  padding: 30px 30px 30px 30px;\n}\n#text-box-2016171976 {\n  width: 90%;\n}\n@media (min-width:550px) {\n  #text-box-2016171976 {\n    width: 44%;\n  }\n}\n<\/style>\n    <\/div>\n \n        <\/div>\n      <\/div>\n\n            \n<style>\n#banner-425750219 {\n  padding-top: 637px;\n}\n#banner-425750219 .bg.bg-loaded {\n  background-image: url(https:\/\/phonelocker.com\/wp-content\/uploads\/2026\/03\/pexels-splash-of-rain-7321-scaled.jpg);\n}\n#banner-425750219 .bg {\n  background-position: 62% 60%;\n}\n<\/style>\n  <\/div>\n\n\n\t<section class=\"section\" id=\"section_1014918747\">\n\t\t<div class=\"bg section-bg fill bg-fill  bg-loaded\" >\n\n\t\t\t\n\t\t\t<div class=\"section-bg-overlay absolute fill\"><\/div>\n\t\t\t\n\t<div class=\"is-border\"\n\t\tstyle=\"border-width:1px 0px 1px 0px;\">\n\t<\/div>\n\n\t\t<\/div>\n\n\t\t<div class=\"section-content relative\">\n\t\t\t\n<div class=\"row row-large align-middle\"  id=\"row-2008068924\">\n\n\t<div id=\"col-50487203\" class=\"col small-12 large-12\"  >\n\t\t<div class=\"col-inner\"  >\n\t\t\t\n\t\t\t\n<h1 style=\"text-align: center;\"><span style=\"font-size: 140%;\">G\u00e9rer notre impact<\/span><\/h1>\n<p style=\"text-align: center;\" data-start=\"196\" data-end=\"503\"><strong><span style=\"font-size: 120%;\">Des cha\u00eenes d&#039;approvisionnement \u00e9thiques et de la conformit\u00e9 des mat\u00e9riaux au contr\u00f4le de la qualit\u00e9 et \u00e0 la responsabilit\u00e9 environnementale, nous adoptons une approche r\u00e9fl\u00e9chie pour cr\u00e9er des solutions s\u00fbres, durables et adapt\u00e9es \u00e0 une utilisation \u00e0 long terme.<\/span><\/strong><\/p>\n<p style=\"text-align: center;\" data-start=\"196\" data-end=\"503\">Nous suivons activement notre impact carbone et nos sachets sont con\u00e7us pour une utilisation r\u00e9p\u00e9t\u00e9e et \u00e0 long terme, r\u00e9duisant ainsi les d\u00e9chets et la n\u00e9cessit\u00e9 de les remplacer fr\u00e9quemment.<\/p>\n<p style=\"text-align: center;\" data-start=\"196\" data-end=\"503\">Tous nos produits sont soumis aux tests chimiques et toxicologiques REACH et sont fabriqu\u00e9s dans des usines certifi\u00e9es BSCI, garantissant ainsi des normes \u00e9lev\u00e9es en mati\u00e8re de contr\u00f4le qualit\u00e9, de s\u00e9curit\u00e9 des travailleurs et de conformit\u00e9. Gr\u00e2ce \u00e0 un contr\u00f4le rigoureux de l&#039;environnement et de la fabrication, nous minimisons les risques, am\u00e9liorons la constance de nos produits et fournissons aux entreprises des produits fiables.<\/p>\n\t\t<\/div>\n\t\t\t<\/div>\n\n\t\n<\/div>\n<div class=\"container section-title-container\" ><h1 class=\"section-title section-title-center\"><b><\/b><span class=\"section-title-main\" >Accr\u00e9ditation<\/span><b><\/b><\/h1><\/div>\n<div class=\"row\"  id=\"row-256688091\">\n\n\t<div id=\"col-1788367082\" class=\"col medium-6 small-12 large-6\"  >\n\t\t<div class=\"col-inner text-center\"  >\n\t\t\t\n\t\t\t\n\t<div class=\"img has-hover x md-x lg-x y md-y lg-y\" id=\"image_1143143182\">\n\t\t\t\t\t\t\t\t<div class=\"img-inner dark\" >\n\t\t\t<img decoding=\"async\" width=\"1020\" height=\"990\" src=\"https:\/\/phonelocker.com\/wp-content\/uploads\/2026\/02\/BSCI_logo-1024x994.webp\" class=\"attachment-large size-large\" alt=\"\" srcset=\"https:\/\/phonelocker.com\/wp-content\/uploads\/2026\/02\/BSCI_logo-1024x994.webp 1024w, https:\/\/phonelocker.com\/wp-content\/uploads\/2026\/02\/BSCI_logo-300x291.webp 300w, https:\/\/phonelocker.com\/wp-content\/uploads\/2026\/02\/BSCI_logo-768x745.webp 768w, https:\/\/phonelocker.com\/wp-content\/uploads\/2026\/02\/BSCI_logo-12x12.webp 12w, https:\/\/phonelocker.com\/wp-content\/uploads\/2026\/02\/BSCI_logo.webp 1420w\" sizes=\"(max-width: 1020px) 100vw, 1020px\" \/>\t\t\t\t\t\t\n\t\t\t\t\t<\/div>\n\t\t\t\t\t\t\t\t\n<style>\n#image_1143143182 {\n  width: 30%;\n}\n<\/style>\n\t<\/div>\n\t\n\t\t<\/div>\n\t\t\t<\/div>\n\n\t\n\n\t<div id=\"col-1596734962\" class=\"col medium-6 small-12 large-6\"  >\n\t\t<div class=\"col-inner text-center\"  >\n\t\t\t\n\t\t\t\n\t<div class=\"img has-hover x md-x lg-x y md-y lg-y\" id=\"image_1663416305\">\n\t\t\t\t\t\t\t\t<div class=\"img-inner dark\" >\n\t\t\t<img decoding=\"async\" width=\"300\" height=\"261\" src=\"https:\/\/phonelocker.com\/wp-content\/uploads\/2026\/02\/Logo-REACH-300x261-1.png\" class=\"attachment-large size-large\" alt=\"\" srcset=\"https:\/\/phonelocker.com\/wp-content\/uploads\/2026\/02\/Logo-REACH-300x261-1.png 300w, https:\/\/phonelocker.com\/wp-content\/uploads\/2026\/02\/Logo-REACH-300x261-1-14x12.png 14w\" sizes=\"(max-width: 300px) 100vw, 300px\" \/>\t\t\t\t\t\t\n\t\t\t\t\t<\/div>\n\t\t\t\t\t\t\t\t\n<style>\n#image_1663416305 {\n  width: 30%;\n}\n<\/style>\n\t<\/div>\n\t\n\t\t<\/div>\n\t\t\t<\/div>\n\n\t\n<\/div>\n\t\t<\/div>\n\n\t\t\n<style>\n#section_1014918747 {\n  padding-top: 20px;\n  padding-bottom: 20px;\n  background-color: rgb(255, 255, 255);\n}\n#section_1014918747 .section-bg-overlay {\n  background-color: rgba(255, 255, 255, 0.85);\n}\n<\/style>\n\t<\/section>\n\t\n\t<section class=\"section\" id=\"section_630258389\">\n\t\t<div class=\"bg section-bg fill bg-fill  bg-loaded\" >\n\n\t\t\t\n\t\t\t<div class=\"section-bg-overlay absolute fill\"><\/div>\n\t\t\t\n\n\t\t<\/div>\n\n\t\t<div class=\"section-content relative\">\n\t\t\t\n<div class=\"container section-title-container\" ><h1 class=\"section-title section-title-center\"><b><\/b><span class=\"section-title-main\" >Conformit\u00e9 et fabrication \u00e9thique<\/span><b><\/b><\/h1><\/div>\n<div class=\"row row-large align-middle\"  id=\"row-453981048\">\n\n\t<div id=\"col-679304261\" class=\"col medium-6 small-12 large-6\"  >\n\t\t<div class=\"col-inner text-left\"  >\n\t\t\t\n\t\t\t\n<p data-start=\"636\" data-end=\"928\"><strong data-start=\"636\" data-end=\"663\">REACH et s\u00e9curit\u00e9 des mat\u00e9riaux<\/strong><br data-start=\"663\" data-end=\"666\" \/>Tous les casiers t\u00e9l\u00e9phoniques<sup>\u00ae<\/sup> les produits sont conformes aux\u00a0<strong data-start=\"712\" data-end=\"733\">R\u00e8glement REACH<\/strong>, Nous veillons \u00e0 ce que les mat\u00e9riaux soient test\u00e9s et approuv\u00e9s en mati\u00e8re de s\u00e9curit\u00e9 chimique. Cela permet \u00e0 nos clients d&#039;avoir l&#039;assurance que nos produits r\u00e9pondent aux normes europ\u00e9ennes reconnues en mati\u00e8re de sant\u00e9 et de protection de l&#039;environnement.<\/p>\n<p data-start=\"930\" data-end=\"1128\"><strong data-start=\"930\" data-end=\"956\">Usines audit\u00e9es par BSCI<\/strong><br data-start=\"956\" data-end=\"959\" \/>Nous travaillons avec\u00a0<strong data-start=\"972\" data-end=\"1011\">Partenaires de fabrication align\u00e9s sur BSCI<\/strong>, en soutenant des pratiques de travail \u00e9thiques, des conditions de travail s\u00fbres et un approvisionnement responsable tout au long de notre cha\u00eene d&#039;approvisionnement.<\/p>\n\t\t<\/div>\n\t\t\t<\/div>\n\n\t\n\n\t<div id=\"col-447348292\" class=\"col medium-6 small-12 large-6\"  >\n\t\t<div class=\"col-inner\"  >\n\t\t\t\n\t\t\t\n\t<div class=\"img has-hover x md-x lg-x y md-y lg-y\" id=\"image_1635127470\">\n\t\t\t\t\t\t\t\t<div class=\"img-inner image-cover dark\" style=\"padding-top:75%;\">\n\t\t\t<img decoding=\"async\" width=\"960\" height=\"501\" src=\"https:\/\/phonelocker.com\/wp-content\/uploads\/2026\/03\/Business_performance_monitoring_1200x627-1.webp\" class=\"attachment-large size-large\" alt=\"\" srcset=\"https:\/\/phonelocker.com\/wp-content\/uploads\/2026\/03\/Business_performance_monitoring_1200x627-1.webp 960w, https:\/\/phonelocker.com\/wp-content\/uploads\/2026\/03\/Business_performance_monitoring_1200x627-1-300x157.webp 300w, https:\/\/phonelocker.com\/wp-content\/uploads\/2026\/03\/Business_performance_monitoring_1200x627-1-768x401.webp 768w, https:\/\/phonelocker.com\/wp-content\/uploads\/2026\/03\/Business_performance_monitoring_1200x627-1-18x9.webp 18w\" sizes=\"(max-width: 960px) 100vw, 960px\" \/>\t\t\t\t\t\t\n\t\t\t\t\t<\/div>\n\t\t\t\t\t\t\t\t\n<style>\n#image_1635127470 {\n  width: 100%;\n}\n<\/style>\n\t<\/div>\n\t\n\t<div class=\"img has-hover x md-x lg-x y md-y lg-y\" id=\"image_207651447\">\n\t\t\t\t\t\t\t\t<div class=\"img-inner box-shadow-2 dark\" >\n\t\t\t\t\t\t\t\t\t\n\t\t\t\t\t<\/div>\n\t\t\t\t\t\t\t\t\n<style>\n#image_207651447 {\n  width: 100%;\n}\n<\/style>\n\t<\/div>\n\t\n\t\t<\/div>\n\t\t\t<\/div>\n\n\t\n<\/div>\n\t\t<\/div>\n\n\t\t\n<style>\n#section_630258389 {\n  padding-top: 20px;\n  padding-bottom: 20px;\n}\n#section_630258389 .section-bg-overlay {\n  background-color: rgba(255, 255, 255, 0.85);\n}\n<\/style>\n\t<\/section>\n\t\n<div class=\"container section-title-container\" ><h1 class=\"section-title section-title-center\"><b><\/b><span class=\"section-title-main\" >Un contr\u00f4le qualit\u00e9 auquel vous pouvez faire confiance<\/span><b><\/b><\/h1><\/div>\n\t<section class=\"section\" id=\"section_2078986754\">\n\t\t<div class=\"bg section-bg fill bg-fill  bg-loaded\" >\n\n\t\t\t\n\t\t\t<div class=\"section-bg-overlay absolute fill\"><\/div>\n\t\t\t\n\n\t\t<\/div>\n\n\t\t<div class=\"section-content relative\">\n\t\t\t\n<div class=\"row row-large align-middle\"  id=\"row-1492960758\">\n\n\t<div id=\"col-365508402\" class=\"col medium-6 small-12 large-6\"  >\n\t\t<div class=\"col-inner text-left\"  >\n\t\t\t\n\t\t\t\n<p data-start=\"1169\" data-end=\"1391\"><strong data-start=\"1169\" data-end=\"1200\">Con\u00e7u pour une utilisation r\u00e9elle<\/strong><br data-start=\"1200\" data-end=\"1203\" \/>Nos pochettes ont \u00e9t\u00e9 con\u00e7ues et perfectionn\u00e9es au fil des ann\u00e9es gr\u00e2ce \u00e0 une utilisation quotidienne dans les \u00e9coles, les lieux de travail et en milieu urbain. Durabilit\u00e9, s\u00e9curit\u00e9 et fiabilit\u00e9 sont au c\u0153ur de chaque d\u00e9cision de conception.<\/p>\n<p data-start=\"1393\" data-end=\"1588\"><strong data-start=\"1393\" data-end=\"1426\">Contr\u00f4les de qualit\u00e9 \u00e0 chaque \u00e9tape<\/strong><br data-start=\"1426\" data-end=\"1429\" \/>Chaque cycle de production suit des processus de contr\u00f4le qualit\u00e9 d\u00e9finis, avec des inspections visuelles et des v\u00e9rifications fonctionnelles pour garantir la constance, la performance et la long\u00e9vit\u00e9.<\/p>\n\t\t<\/div>\n\t\t\t<\/div>\n\n\t\n\n\t<div id=\"col-1628303707\" class=\"col medium-6 small-12 large-6\"  >\n\t\t<div class=\"col-inner\"  >\n\t\t\t\n\t\t\t\n\t<div class=\"img has-hover x md-x lg-x y md-y lg-y\" id=\"image_488146303\">\n\t\t\t\t\t\t\t\t<div class=\"img-inner image-cover dark\" style=\"padding-top:75%;\">\n\t\t\t<img decoding=\"async\" width=\"1020\" height=\"765\" src=\"https:\/\/phonelocker.com\/wp-content\/uploads\/2026\/01\/P1301663-1024x768.jpg\" class=\"attachment-large size-large\" alt=\"\" srcset=\"https:\/\/phonelocker.com\/wp-content\/uploads\/2026\/01\/P1301663-1024x768.jpg 1024w, https:\/\/phonelocker.com\/wp-content\/uploads\/2026\/01\/P1301663-300x225.jpg 300w, https:\/\/phonelocker.com\/wp-content\/uploads\/2026\/01\/P1301663-768x576.jpg 768w, https:\/\/phonelocker.com\/wp-content\/uploads\/2026\/01\/P1301663-1536x1152.jpg 1536w, https:\/\/phonelocker.com\/wp-content\/uploads\/2026\/01\/P1301663-2048x1536.jpg 2048w, https:\/\/phonelocker.com\/wp-content\/uploads\/2026\/01\/P1301663-16x12.jpg 16w\" sizes=\"(max-width: 1020px) 100vw, 1020px\" \/>\t\t\t\t\t\t\n\t\t\t\t\t<\/div>\n\t\t\t\t\t\t\t\t\n<style>\n#image_488146303 {\n  width: 100%;\n}\n<\/style>\n\t<\/div>\n\t\n\t<div class=\"img has-hover x md-x lg-x y md-y lg-y\" id=\"image_1599844467\">\n\t\t\t\t\t\t\t\t<div class=\"img-inner box-shadow-2 dark\" >\n\t\t\t\t\t\t\t\t\t\n\t\t\t\t\t<\/div>\n\t\t\t\t\t\t\t\t\n<style>\n#image_1599844467 {\n  width: 100%;\n}\n<\/style>\n\t<\/div>\n\t\n\t\t<\/div>\n\t\t\t<\/div>\n\n\t\n<\/div>\n<div class=\"container section-title-container\" ><h1 class=\"section-title section-title-center\"><b><\/b><span class=\"section-title-main\" >Prendre soin de la cr\u00e9ation<\/span><b><\/b><\/h1><\/div>\n<div class=\"row row-large align-middle\"  id=\"row-1773097145\">\n\n\t<div id=\"col-466547177\" class=\"col medium-6 small-12 large-6\"  >\n\t\t<div class=\"col-inner text-left\"  >\n\t\t\t\n\t\t\t\n<p data-start=\"1718\" data-end=\"1977\"><strong data-start=\"1718\" data-end=\"1749\">Con\u00e7u pour durer, pas pour \u00eatre gaspill\u00e9<\/strong><br data-start=\"1749\" data-end=\"1752\" \/>Casier de t\u00e9l\u00e9phone<sup>\u00ae<\/sup> Nos produits sont con\u00e7us pour une utilisation prolong\u00e9e et r\u00e9p\u00e9t\u00e9e, r\u00e9duisant ainsi la fr\u00e9quence de remplacement. Dans la mesure du possible, nous privil\u00e9gions des mat\u00e9riaux responsables afin de minimiser notre impact environnemental.<\/p>\n<p data-start=\"1979\" data-end=\"2136\"><strong data-start=\"1979\" data-end=\"2012\">Des d\u00e9cisions responsables en mati\u00e8re de produits<\/strong><br data-start=\"2012\" data-end=\"2015\" \/>Nous privil\u00e9gions la durabilit\u00e9, la r\u00e9parabilit\u00e9 et des volumes de production contr\u00f4l\u00e9s afin d&#039;\u00e9viter le gaspillage inutile et la surproduction.<\/p>\n\t\t<\/div>\n\t\t\t<\/div>\n\n\t\n\n\t<div id=\"col-18945342\" class=\"col medium-6 small-12 large-6\"  >\n\t\t<div class=\"col-inner\"  >\n\t\t\t\n\t\t\t\n\t<div class=\"img has-hover x md-x lg-x y md-y lg-y\" id=\"image_1018517554\">\n\t\t\t\t\t\t\t\t<div class=\"img-inner dark\" >\n\t\t\t<img decoding=\"async\" width=\"1020\" height=\"679\" src=\"https:\/\/phonelocker.com\/wp-content\/uploads\/2026\/03\/machine-1024x682.jpg\" class=\"attachment-large size-large\" alt=\"\" srcset=\"https:\/\/phonelocker.com\/wp-content\/uploads\/2026\/03\/machine-1024x682.jpg 1024w, https:\/\/phonelocker.com\/wp-content\/uploads\/2026\/03\/machine-300x200.jpg 300w, https:\/\/phonelocker.com\/wp-content\/uploads\/2026\/03\/machine-768x512.jpg 768w, https:\/\/phonelocker.com\/wp-content\/uploads\/2026\/03\/machine-1536x1024.jpg 1536w, https:\/\/phonelocker.com\/wp-content\/uploads\/2026\/03\/machine-2048x1365.jpg 2048w, https:\/\/phonelocker.com\/wp-content\/uploads\/2026\/03\/machine-18x12.jpg 18w\" sizes=\"(max-width: 1020px) 100vw, 1020px\" \/>\t\t\t\t\t\t\n\t\t\t\t\t<\/div>\n\t\t\t\t\t\t\t\t\n<style>\n#image_1018517554 {\n  width: 100%;\n}\n<\/style>\n\t<\/div>\n\t\n\t<div class=\"img has-hover x md-x lg-x y md-y lg-y\" id=\"image_1384470685\">\n\t\t\t\t\t\t\t\t<div class=\"img-inner box-shadow-2 dark\" >\n\t\t\t\t\t\t\t\t\t\n\t\t\t\t\t<\/div>\n\t\t\t\t\t\t\t\t\n<style>\n#image_1384470685 {\n  width: 100%;\n}\n<\/style>\n\t<\/div>\n\t\n\t\t<\/div>\n\t\t\t<\/div>\n\n\t\n<\/div>\n<div class=\"container section-title-container\" ><h1 class=\"section-title section-title-center\"><b><\/b><span class=\"section-title-main\" >Suivi des \u00e9missions de carbone et responsabilit\u00e9 environnementale<\/span><b><\/b><\/h1><\/div>\n<div class=\"row row-large align-middle\"  id=\"row-1131423212\">\n\n\t<div id=\"col-210122117\" class=\"col medium-6 small-12 large-6\"  >\n\t\t<div class=\"col-inner text-left\"  >\n\t\t\t\n\t\t\t\n<p data-start=\"2194\" data-end=\"2272\">Nous nous engageons \u00e0 am\u00e9liorer la transparence concernant notre empreinte environnementale.<\/p>\n<p data-start=\"2274\" data-end=\"2494\"><strong data-start=\"2274\" data-end=\"2305\">Suivi des \u00e9missions de carbone en cours<\/strong><br data-start=\"2305\" data-end=\"2308\" \/>Casier de t\u00e9l\u00e9phone<sup>\u00ae<\/sup> L&#039;entreprise s&#039;efforce activement de suivre l&#039;impact carbone de sa production et de sa logistique. Cela inclut l&#039;analyse de l&#039;approvisionnement en mati\u00e8res premi\u00e8res, des proc\u00e9d\u00e9s de fabrication et des \u00e9missions li\u00e9es au transport.<\/p>\n<p data-start=\"2496\" data-end=\"2715\">Dans le cadre de ce processus, nous collaborons \u00e9troitement avec notre \u00e9quipe dirigeante afin d&#039;affiner les donn\u00e9es et d&#039;identifier les possibilit\u00e9s de r\u00e9duire l&#039;impact au fil du temps.<\/p>\n\t\t<\/div>\n\t\t\t<\/div>\n\n\t\n\n\t<div id=\"col-421657299\" class=\"col medium-6 small-12 large-6\"  >\n\t\t<div class=\"col-inner\"  >\n\t\t\t\n\t\t\t\n\t<div class=\"img has-hover x md-x lg-x y md-y lg-y\" id=\"image_1963315102\">\n\t\t\t\t\t\t\t\t<div class=\"img-inner dark\" >\n\t\t\t<img decoding=\"async\" width=\"1020\" height=\"680\" src=\"https:\/\/phonelocker.com\/wp-content\/uploads\/2026\/03\/windturines-1024x683.jpg\" class=\"attachment-large size-large\" alt=\"\" srcset=\"https:\/\/phonelocker.com\/wp-content\/uploads\/2026\/03\/windturines-1024x683.jpg 1024w, https:\/\/phonelocker.com\/wp-content\/uploads\/2026\/03\/windturines-300x200.jpg 300w, https:\/\/phonelocker.com\/wp-content\/uploads\/2026\/03\/windturines-768x512.jpg 768w, https:\/\/phonelocker.com\/wp-content\/uploads\/2026\/03\/windturines-1536x1024.jpg 1536w, https:\/\/phonelocker.com\/wp-content\/uploads\/2026\/03\/windturines-2048x1366.jpg 2048w, https:\/\/phonelocker.com\/wp-content\/uploads\/2026\/03\/windturines-18x12.jpg 18w\" sizes=\"(max-width: 1020px) 100vw, 1020px\" \/>\t\t\t\t\t\t\n\t\t\t\t\t<\/div>\n\t\t\t\t\t\t\t\t\n<style>\n#image_1963315102 {\n  width: 100%;\n}\n<\/style>\n\t<\/div>\n\t\n\t<div class=\"img has-hover x md-x lg-x y md-y lg-y\" id=\"image_829348654\">\n\t\t\t\t\t\t\t\t<div class=\"img-inner box-shadow-2 dark\" >\n\t\t\t\t\t\t\t\t\t\n\t\t\t\t\t<\/div>\n\t\t\t\t\t\t\t\t\n<style>\n#image_829348654 {\n  width: 100%;\n}\n<\/style>\n\t<\/div>\n\t\n\t\t<\/div>\n\t\t\t<\/div>\n\n\t\n<\/div>\n\t\t<\/div>\n\n\t\t\n<style>\n#section_2078986754 {\n  padding-top: 20px;\n  padding-bottom: 20px;\n}\n#section_2078986754 .section-bg-overlay {\n  background-color: rgba(255, 255, 255, 0.85);\n}\n<\/style>\n\t<\/section>\n\t\n<div class=\"message-box relative dark\" style=\"padding-top:40px;padding-bottom:40px;\"><div class=\"message-box-bg-image bg-fill fill\" ><\/div><div class=\"message-box-bg-overlay bg-fill fill\" style=\"background-color:rgb(1, 181, 122);\"><\/div><div class=\"container relative\"><div class=\"inner last-reset\">\n<div class=\"row align-middle align-center\"  id=\"row-348037117\">\n\n\t<div id=\"col-1523014040\" class=\"col medium-9 small-12 large-9\"  >\n\t\t<div class=\"col-inner\"  >\n\t\t\t\n\t\t\t\n<h2 class=\"text--center\">Entrer en contact.<\/h2>\n<p>Pour des conseils sur la fa\u00e7on de se passer de t\u00e9l\u00e9phone avec Phone Locker<sup>\u00ae<\/sup>, Contactez-nous d\u00e8s aujourd&#039;hui.<\/p>\n\t\t<\/div>\n\t\t\t<\/div>\n\n\t\n\n\t<div id=\"col-1522153525\" class=\"col medium-2 small-12 large-2\"  >\n\t\t<div class=\"col-inner text-center\"  >\n\t\t\t\n\t\t\t\n<a href=\"https:\/\/phonelocker.com\/fr\/contact\/\" target=\"_self\" class=\"button white is-outline\"  style=\"border-radius:99px;\">\n    <span>Parlez \u00e0 notre \u00e9quipe<\/span>\n  <\/a>\n\n\t\t<\/div>\n\t\t\t<\/div>\n\n\t\n<\/div>\n<\/div><\/div><\/div>","protected":false},"excerpt":{"rendered":"","protected":false},"author":1,"featured_media":0,"parent":0,"menu_order":0,"comment_status":"closed","ping_status":"closed","template":"page-blank.php","meta":{"footnotes":""},"class_list":["post-3004","page","type-page","status-publish","hentry"],"yoast_head":"<!-- This site is optimized with the Yoast SEO plugin v27.1.1 - https:\/\/yoast.com\/product\/yoast-seo-wordpress\/ -->\n<title>ESG and Compliance - Phone Locker<\/title>\n<meta name=\"robots\" content=\"index, follow, max-snippet:-1, max-image-preview:large, max-video-preview:-1\" \/>\n<link rel=\"canonical\" href=\"https:\/\/phonelocker.com\/fr\/esg-and-compliance\/\" \/>\n<meta property=\"og:locale\" content=\"fr_FR\" \/>\n<meta property=\"og:type\" content=\"article\" \/>\n<meta property=\"og:title\" content=\"ESG and Compliance - Phone Locker\" \/>\n<meta property=\"og:url\" content=\"https:\/\/phonelocker.com\/fr\/esg-and-compliance\/\" \/>\n<meta property=\"og:site_name\" content=\"Phone Locker\" \/>\n<meta property=\"article:modified_time\" content=\"2026-03-19T11:06:21+00:00\" \/>\n<meta name=\"twitter:card\" content=\"summary_large_image\" \/>\n<meta name=\"twitter:label1\" content=\"Dur\u00e9e de lecture estim\u00e9e\" \/>\n\t<meta name=\"twitter:data1\" content=\"3 minutes\" \/>\n<!-- \/ Yoast SEO plugin. -->","yoast_head_json":{"title":"ESG and Compliance - Phone Locker","robots":{"index":"index","follow":"follow","max-snippet":"max-snippet:-1","max-image-preview":"max-image-preview:large","max-video-preview":"max-video-preview:-1"},"canonical":"https:\/\/phonelocker.com\/fr\/esg-and-compliance\/","og_locale":"fr_FR","og_type":"article","og_title":"ESG and Compliance - Phone Locker","og_url":"https:\/\/phonelocker.com\/fr\/esg-and-compliance\/","og_site_name":"Phone Locker","article_modified_time":"2026-03-19T11:06:21+00:00","twitter_card":"summary_large_image","twitter_misc":{"Dur\u00e9e de lecture estim\u00e9e":"3 minutes"},"schema":{"@context":"https:\/\/schema.org","@graph":[{"@type":"WebPage","@id":"https:\/\/phonelocker.com\/esg-and-compliance\/","url":"https:\/\/phonelocker.com\/esg-and-compliance\/","name":"ESG and Compliance - Phone Locker","isPartOf":{"@id":"https:\/\/phonelocker.com\/#website"},"datePublished":"2026-03-17T14:46:27+00:00","dateModified":"2026-03-19T11:06:21+00:00","breadcrumb":{"@id":"https:\/\/phonelocker.com\/esg-and-compliance\/#breadcrumb"},"inLanguage":"fr-FR","potentialAction":[{"@type":"ReadAction","target":["https:\/\/phonelocker.com\/esg-and-compliance\/"]}]},{"@type":"BreadcrumbList","@id":"https:\/\/phonelocker.com\/esg-and-compliance\/#breadcrumb","itemListElement":[{"@type":"ListItem","position":1,"name":"Home","item":"https:\/\/phonelocker.com\/"},{"@type":"ListItem","position":2,"name":"ESG and Compliance"}]},{"@type":"WebSite","@id":"https:\/\/phonelocker.com\/#website","url":"https:\/\/phonelocker.com\/","name":"Casier de t\u00e9l\u00e9phone","description":"Pochette pour t\u00e9l\u00e9phone verrouillable","potentialAction":[{"@type":"SearchAction","target":{"@type":"EntryPoint","urlTemplate":"https:\/\/phonelocker.com\/?s={search_term_string}"},"query-input":{"@type":"PropertyValueSpecification","valueRequired":true,"valueName":"search_term_string"}}],"inLanguage":"fr-FR"}]}},"_links":{"self":[{"href":"https:\/\/phonelocker.com\/fr\/wp-json\/wp\/v2\/pages\/3004","targetHints":{"allow":["GET"]}}],"collection":[{"href":"https:\/\/phonelocker.com\/fr\/wp-json\/wp\/v2\/pages"}],"about":[{"href":"https:\/\/phonelocker.com\/fr\/wp-json\/wp\/v2\/types\/page"}],"author":[{"embeddable":true,"href":"https:\/\/phonelocker.com\/fr\/wp-json\/wp\/v2\/users\/1"}],"replies":[{"embeddable":true,"href":"https:\/\/phonelocker.com\/fr\/wp-json\/wp\/v2\/comments?post=3004"}],"version-history":[{"count":7,"href":"https:\/\/phonelocker.com\/fr\/wp-json\/wp\/v2\/pages\/3004\/revisions"}],"predecessor-version":[{"id":3328,"href":"https:\/\/phonelocker.com\/fr\/wp-json\/wp\/v2\/pages\/3004\/revisions\/3328"}],"wp:attachment":[{"href":"https:\/\/phonelocker.com\/fr\/wp-json\/wp\/v2\/media?parent=3004"}],"curies":[{"name":"wp","href":"https:\/\/api.w.org\/{rel}","templated":true}]}}