{"id":339,"date":"2023-05-15T09:54:26","date_gmt":"2023-05-15T09:54:26","guid":{"rendered":"https:\/\/phonelocker.com\/?page_id=339"},"modified":"2024-12-19T13:24:46","modified_gmt":"2024-12-19T13:24:46","slug":"contact","status":"publish","type":"page","link":"https:\/\/phonelocker.com\/fr\/contact\/","title":{"rendered":"Contact"},"content":{"rendered":"<div class=\"container section-title-container\" ><h2 class=\"section-title section-title-normal\"><b><\/b><span class=\"section-title-main\" >Contactez-nous<\/span><b><\/b><\/h2><\/div>\n<div class=\"is-divider divider clearfix\" ><\/div>\n<p>Vous avez des questions sur la pochette pour t\u00e9l\u00e9phone portable Phone Locker\u00ae ou souhaitez-vous obtenir un devis ?<\/p>\n<p>Veuillez utiliser le formulaire de contact ci-dessous ou appeler nos bureaux au +44 (0) 203 161 8121.<\/p>\n<iframe height=\"600px\" width=\"100%\" frameborder=\"0\" allow=\"geolocation;microphone;camera\" src=\"https:\/\/zfrmz.com\/ra2RwaFQAG0mJTHtFNHh\"> <\/iframe>\n<div id=\"gtx-trans\" style=\"position: absolute; left: 522px; top: 76.6094px;\">\n<div class=\"gtx-trans-icon\">\u00a0<\/div>\n<\/div>","protected":false},"excerpt":{"rendered":"<p>Vous avez des questions sur la pochette pour t\u00e9l\u00e9phone portable Phone Locker\u00ae ou souhaitez obtenir un devis\u00a0? Veuillez utiliser le formulaire de contact ci-dessous ou nous appeler au +44 (0)203 161 8121. \u00a0<\/p>","protected":false},"author":1,"featured_media":0,"parent":0,"menu_order":0,"comment_status":"closed","ping_status":"closed","template":"","meta":{"footnotes":""},"class_list":["post-339","page","type-page","status-publish","hentry"],"yoast_head":"<!-- This site is optimized with the Yoast SEO plugin v27.1.1 - https:\/\/yoast.com\/product\/yoast-seo-wordpress\/ -->\n<title>Contact - Phone Locker<\/title>\n<meta name=\"robots\" content=\"index, follow, max-snippet:-1, max-image-preview:large, max-video-preview:-1\" \/>\n<link rel=\"canonical\" href=\"https:\/\/phonelocker.com\/fr\/contact\/\" \/>\n<meta property=\"og:locale\" content=\"fr_FR\" \/>\n<meta property=\"og:type\" content=\"article\" \/>\n<meta property=\"og:title\" content=\"Contact - Phone Locker\" \/>\n<meta property=\"og:description\" content=\"Have questions about the Phone Locker\u00ae mobile phone pouch, or would you like to get a quotation? Please use the contact form below, or call our offices on +44(0)203 161 8121. \u00a0\" \/>\n<meta property=\"og:url\" content=\"https:\/\/phonelocker.com\/fr\/contact\/\" \/>\n<meta property=\"og:site_name\" content=\"Phone Locker\" \/>\n<meta property=\"article:modified_time\" content=\"2024-12-19T13:24:46+00:00\" \/>\n<meta name=\"twitter:card\" content=\"summary_large_image\" \/>\n<meta name=\"twitter:label1\" content=\"Dur\u00e9e de lecture estim\u00e9e\" \/>\n\t<meta name=\"twitter:data1\" content=\"1 minute\" \/>\n<!-- \/ Yoast SEO plugin. -->","yoast_head_json":{"title":"Contact - Coffre-fort t\u00e9l\u00e9phonique","robots":{"index":"index","follow":"follow","max-snippet":"max-snippet:-1","max-image-preview":"max-image-preview:large","max-video-preview":"max-video-preview:-1"},"canonical":"https:\/\/phonelocker.com\/fr\/contact\/","og_locale":"fr_FR","og_type":"article","og_title":"Contact - Phone Locker","og_description":"Have questions about the Phone Locker\u00ae mobile phone pouch, or would you like to get a quotation? Please use the contact form below, or call our offices on +44(0)203 161 8121. \u00a0","og_url":"https:\/\/phonelocker.com\/fr\/contact\/","og_site_name":"Phone Locker","article_modified_time":"2024-12-19T13:24:46+00:00","twitter_card":"summary_large_image","twitter_misc":{"Dur\u00e9e de lecture estim\u00e9e":"1 minute"},"schema":{"@context":"https:\/\/schema.org","@graph":[{"@type":"WebPage","@id":"https:\/\/phonelocker.com\/contact\/","url":"https:\/\/phonelocker.com\/contact\/","name":"Contact - Coffre-fort t\u00e9l\u00e9phonique","isPartOf":{"@id":"https:\/\/phonelocker.com\/#website"},"datePublished":"2023-05-15T09:54:26+00:00","dateModified":"2024-12-19T13:24:46+00:00","breadcrumb":{"@id":"https:\/\/phonelocker.com\/contact\/#breadcrumb"},"inLanguage":"fr-FR","potentialAction":[{"@type":"ReadAction","target":["https:\/\/phonelocker.com\/contact\/"]}]},{"@type":"BreadcrumbList","@id":"https:\/\/phonelocker.com\/contact\/#breadcrumb","itemListElement":[{"@type":"ListItem","position":1,"name":"Home","item":"https:\/\/phonelocker.com\/"},{"@type":"ListItem","position":2,"name":"Contact"}]},{"@type":"WebSite","@id":"https:\/\/phonelocker.com\/#website","url":"https:\/\/phonelocker.com\/","name":"Casier de t\u00e9l\u00e9phone","description":"Pochette pour t\u00e9l\u00e9phone verrouillable","potentialAction":[{"@type":"SearchAction","target":{"@type":"EntryPoint","urlTemplate":"https:\/\/phonelocker.com\/?s={search_term_string}"},"query-input":{"@type":"PropertyValueSpecification","valueRequired":true,"valueName":"search_term_string"}}],"inLanguage":"fr-FR"}]}},"_links":{"self":[{"href":"https:\/\/phonelocker.com\/fr\/wp-json\/wp\/v2\/pages\/339","targetHints":{"allow":["GET"]}}],"collection":[{"href":"https:\/\/phonelocker.com\/fr\/wp-json\/wp\/v2\/pages"}],"about":[{"href":"https:\/\/phonelocker.com\/fr\/wp-json\/wp\/v2\/types\/page"}],"author":[{"embeddable":true,"href":"https:\/\/phonelocker.com\/fr\/wp-json\/wp\/v2\/users\/1"}],"replies":[{"embeddable":true,"href":"https:\/\/phonelocker.com\/fr\/wp-json\/wp\/v2\/comments?post=339"}],"version-history":[{"count":8,"href":"https:\/\/phonelocker.com\/fr\/wp-json\/wp\/v2\/pages\/339\/revisions"}],"predecessor-version":[{"id":2111,"href":"https:\/\/phonelocker.com\/fr\/wp-json\/wp\/v2\/pages\/339\/revisions\/2111"}],"wp:attachment":[{"href":"https:\/\/phonelocker.com\/fr\/wp-json\/wp\/v2\/media?parent=339"}],"curies":[{"name":"wp","href":"https:\/\/api.w.org\/{rel}","templated":true}]}}