{"id":523,"date":"2024-01-15T00:57:58","date_gmt":"2024-01-15T00:57:58","guid":{"rendered":"https:\/\/phonelocker.com\/?page_id=523"},"modified":"2026-02-24T15:37:40","modified_gmt":"2026-02-24T15:37:40","slug":"faqs","status":"publish","type":"page","link":"https:\/\/phonelocker.com\/fr\/faqs\/","title":{"rendered":"FAQ"},"content":{"rendered":"<section class=\"section\" id=\"section_898937683\">\n\t\t<div class=\"bg section-bg fill bg-fill  bg-loaded\" >\n\n\t\t\t\n\t\t\t\n\t\t\t\n\n\t\t<\/div>\n\n\t\t<div class=\"section-content relative\">\n\t\t\t\n<div class=\"row\"  id=\"row-1550015127\">\n\n\t<div id=\"col-735600511\" class=\"col small-12 large-12\"  >\n\t\t<div class=\"col-inner text-center\"  >\n\t\t\t\n\t\t\t\n<h2>FAQ<\/h2>\n\t\t<\/div>\n\t\t\t<\/div>\n\n\t\n<\/div>\n<div class=\"row align-center row-box-shadow-1\"  id=\"row-2133474506\">\n\n\t<div id=\"col-662996546\" class=\"col medium-10 small-12 large-9\"  >\n\t\t<div class=\"col-inner\" style=\"background-color:rgb(255,255,255);\" >\n\t\t\t\n\t\t\t\n<div class=\"accordion\" rel=\"\">\n<div class=\"accordion-item\"><a href=\"#\" class=\"accordion-title plain\"><button class=\"toggle\"><i class=\"icon-angle-down\"><\/i><\/button><span>Commencer<\/span><\/a><div class=\"accordion-inner\">\n\t<div id=\"text-957492829\" class=\"text\">\n\t\t\n<p><strong>Qu&#039;est-ce que Phone Locker\u00ae ?<\/strong><br \/>Phone Locker\u00ae propose des pochettes pour t\u00e9l\u00e9phones s\u00e9curis\u00e9es et verrouillables qui contribuent \u00e0 cr\u00e9er des environnements sans t\u00e9l\u00e9phone dans les \u00e9coles, les lieux de travail, les \u00e9v\u00e9nements et les \u00e9tablissements h\u00f4teliers.<\/p>\n<p><strong>Comment fonctionne Phone Locker\u00ae ?<\/strong><br \/>L&#039;utilisateur place son t\u00e9l\u00e9phone dans une pochette s\u00e9curis\u00e9e, qui se verrouille d&#039;une simple pression. Le t\u00e9l\u00e9phone reste en possession de l&#039;utilisateur, mais celui-ci ne peut y acc\u00e9der que lorsqu&#039;il est d\u00e9verrouill\u00e9 par un membre du personnel autoris\u00e9.<\/p>\n<p>La pochette verrouillable pour t\u00e9l\u00e9phone peut \u00eatre utilis\u00e9e en quelques \u00e9tapes simples.<\/p>\n<p>un. Ins\u00e9rez votre t\u00e9l\u00e9phone dans la pochette.<\/p>\n<p>b. Verrouillez le t\u00e9l\u00e9phone \u00e0 l&#039;int\u00e9rieur en appuyant sur le m\u00e9canisme de verrouillage pour le fermer.<\/p>\n<p>c. D\u00e9verrouillez le t\u00e9l\u00e9phone \u00e0 l&#039;aide d&#039;un aimant de d\u00e9verrouillage central.<\/p>\n<p><strong>Phone Locker\u00ae est-il facile \u00e0 mettre en \u0153uvre\u00a0?<\/strong><br \/>Oui. Phone Locker\u00ae est con\u00e7u pour un d\u00e9ploiement rapide et simple. Nous offrons \u00e9galement un soutien gratuit \u00e0 la mise en \u0153uvre, comprenant des conseils en planification, un accompagnement du personnel et des mod\u00e8les de communication.<\/p>\n<p><strong>Proposez-vous des essais ou des projets pilotes\u00a0?<\/strong><br \/>Oui, nous pouvons soutenir des programmes pilotes ou des commandes initiales de petite taille pour aider les organisations \u00e0 tester la solution avant un d\u00e9ploiement plus large.<\/p>\n<p><a href=\"http:\/\/phonelocker.com\/fr\/contact\/\">Contactez notre \u00e9quipe pour en savoir plus.<\/a><\/p>\n\t\t\n<style>\n#text-957492829 {\n  line-height: 1;\n}\n<\/style>\n\t<\/div>\n\t\n<\/div><\/div>\n<div class=\"accordion-item\"><a href=\"#\" class=\"accordion-title plain\"><button class=\"toggle\"><i class=\"icon-angle-down\"><\/i><\/button><span>Produit et fonctionnalit\u00e9s<\/span><\/a><div class=\"accordion-inner\">\n\t<div id=\"text-89521910\" class=\"text\">\n\t\t\n<p data-start=\"1054\" data-end=\"1226\"><strong data-start=\"1054\" data-end=\"1093\">Quels types de pochettes proposez-vous ?<\/strong><br data-start=\"1093\" data-end=\"1096\" \/>Nous proposons des pochettes verrouillables, r\u00e9sistantes et polyvalentes, avec des options standard et de blocage de signal disponibles selon vos besoins.<\/p>\n<p data-start=\"1054\" data-end=\"1226\"><a href=\"https:\/\/phonelocker.com\/fr\/the-product\/\">D\u00e9couvrez nos produits<\/a><\/p>\n<p data-start=\"1228\" data-end=\"1444\"><strong data-start=\"1228\" data-end=\"1263\">Les bases magn\u00e9tiques sont-elles incluses\u00a0?<\/strong><\/p>\n<p data-start=\"1228\" data-end=\"1444\">Oui, 1 base magn\u00e9tique est incluse pour chaque tranche de 100 pochettes pour t\u00e9l\u00e9phone achet\u00e9es.<\/p>\n<p data-start=\"1228\" data-end=\"1444\"><strong data-start=\"1228\" data-end=\"1263\">Que signifie le blocage du signal\u00a0?<\/strong><br data-start=\"1263\" data-end=\"1266\" \/>Les pochettes anti-signal emp\u00eachent les t\u00e9l\u00e9phones d&#039;\u00e9mettre ou de recevoir des signaux lorsqu&#039;elles sont verrouill\u00e9es, offrant ainsi une s\u00e9curit\u00e9 suppl\u00e9mentaire pour les examens, les r\u00e9unions confidentielles et les environnements sensibles.<\/p>\n<p data-start=\"1446\" data-end=\"1600\"><strong data-start=\"1446\" data-end=\"1487\">Les pochettes sont-elles confortables \u00e0 porter ?<\/strong><br data-start=\"1487\" data-end=\"1490\" \/>Oui. Les pochettes sont l\u00e9g\u00e8res, discr\u00e8tes et con\u00e7ues pour \u00eatre port\u00e9es ou transport\u00e9es confortablement tout au long de la journ\u00e9e.<\/p>\n<p data-start=\"1602\" data-end=\"1796\"><strong data-start=\"1602\" data-end=\"1634\">Les pochettes sont-elles r\u00e9sistantes\u00a0?<\/strong><br data-start=\"1634\" data-end=\"1637\" \/>Les pochettes Phone Locker\u00ae sont con\u00e7ues pour un usage quotidien r\u00e9p\u00e9t\u00e9 gr\u00e2ce \u00e0 des mat\u00e9riaux durables et une construction renforc\u00e9e, ce qui les rend adapt\u00e9es aux environnements \u00e0 fort volume d&#039;utilisation.<\/p>\n<p data-start=\"1602\" data-end=\"1796\"><strong>Quelle est la garantie ?<\/strong><\/p>\n<p data-start=\"1602\" data-end=\"1796\">La pochette comprend une garantie d&#039;un an.<\/p>\n<p data-start=\"1602\" data-end=\"1796\">Consultez notre garantie<\/p>\n\t\t\n<style>\n#text-89521910 {\n  line-height: 1;\n}\n<\/style>\n\t<\/div>\n\t\n<\/div><\/div>\n<div class=\"accordion-item\"><a href=\"#\" class=\"accordion-title plain\"><button class=\"toggle\"><i class=\"icon-angle-down\"><\/i><\/button><span>Commandes, livraison et assistance<\/span><\/a><div class=\"accordion-inner\">\n\t<div id=\"text-4094876002\" class=\"text\">\n\t\t\n<p data-start=\"3029\" data-end=\"3184\"><strong data-start=\"3029\" data-end=\"3056\">Vous fournissez directement ?<\/strong><br data-start=\"3056\" data-end=\"3059\" \/>Oui. Phone Locker\u00ae est \u00e0 la fois le fabricant et le fournisseur, ce qui nous permet de contr\u00f4ler la qualit\u00e9, les prix et les d\u00e9lais de livraison.<\/p>\n<p data-start=\"3186\" data-end=\"3348\"><strong data-start=\"3186\" data-end=\"3211\">O\u00f9 effectuez-vous vos livraisons ?<\/strong><br data-start=\"3211\" data-end=\"3214\" \/>Nous sommes pr\u00e9sents dans plus de 30 pays, travaillant directement avec les clients et par l&#039;interm\u00e9diaire de distributeurs de confiance lorsque l&#039;assistance locale est n\u00e9cessaire.<\/p>\n<p data-start=\"3186\" data-end=\"3348\"><a href=\"https:\/\/phonelocker.com\/fr\/location\/\">Consultez nos emplacements<\/a><\/p>\n<p data-start=\"3350\" data-end=\"3492\"><strong data-start=\"3350\" data-end=\"3395\">Quel type d&#039;assistance proposez-vous apr\u00e8s l&#039;achat\u00a0?<\/strong><br data-start=\"3395\" data-end=\"3398\" \/>Nous offrons un soutien continu, avec une r\u00e9solution localis\u00e9e des probl\u00e8mes sous une semaine, et ce gratuitement.<\/p>\n<p data-start=\"3350\" data-end=\"3492\"><strong>Comment la poche sera-t-elle mise en \u0153uvre ?<\/strong><\/p>\n<p>Chaque environnement sera diff\u00e9rent en fonction des besoins des utilisateurs.<\/p>\n<p>Par exemple, dans les \u00e9coles, il peut \u00eatre demand\u00e9 aux \u00e9l\u00e8ves de garder leur t\u00e9l\u00e9phone \u00e0 l\u2019int\u00e9rieur pendant les heures de cours. En cas d&#039;urgence, ils peuvent utiliser le bureau de l&#039;\u00e9cole pour contacter leur famille.<\/p>\n<p>Dans un environnement de bureau, il se peut que les t\u00e9l\u00e9phones soient verrouill\u00e9s une fois entr\u00e9s dans une salle de r\u00e9union ou dans une certaine zone, et retir\u00e9s une fois qu&#039;ils quittent la zone.<\/p>\n<p>Lors de concerts ou de conf\u00e9rences, il se peut que les participants ins\u00e8rent le t\u00e9l\u00e9phone dans la pochette en entrant et le retirent en quittant la salle.<\/p>\n\t\t\n<style>\n#text-4094876002 {\n  line-height: 1;\n}\n<\/style>\n\t<\/div>\n\t\n<\/div><\/div>\n<div class=\"accordion-item\"><a href=\"#\" class=\"accordion-title plain\"><button class=\"toggle\"><i class=\"icon-angle-down\"><\/i><\/button><span>Utilisation dans l&#039;\u00e9ducation<\/span><\/a><div class=\"accordion-inner\">\n\t<div id=\"text-2154271849\" class=\"text\">\n\t\t\n<p data-start=\"1828\" data-end=\"2044\"><strong data-start=\"1828\" data-end=\"1878\">Les pochettes Phone Locker\u00ae sont-elles adapt\u00e9es aux \u00e9coles\u00a0?<\/strong><br data-start=\"1878\" data-end=\"1881\" \/>Absolument. Phone Locker\u00ae est largement utilis\u00e9 dans les \u00e9coles secondaires, les coll\u00e8ges et les universit\u00e9s pour favoriser un bon comportement, assurer la protection des \u00e9l\u00e8ves, garantir l&#039;int\u00e9grit\u00e9 des examens et promouvoir le bien-\u00eatre num\u00e9rique.<\/p>\n<p data-start=\"1828\" data-end=\"2044\">Consultez nos \u00e9tudes de cas<a href=\"https:\/\/phonelocker.com\/fr\/education\/\">\u00c9ducation<\/a><\/p>\n<p data-start=\"2046\" data-end=\"2223\"><strong data-start=\"2046\" data-end=\"2102\">Comment les \u00e9l\u00e8ves acc\u00e8dent-ils \u00e0 leur t\u00e9l\u00e9phone en cas d&#039;urgence\u00a0?<\/strong><br data-start=\"2102\" data-end=\"2105\" \/>Le personnel autoris\u00e9 peut d\u00e9verrouiller rapidement les pochettes en cas de besoin. Des proc\u00e9dures claires sont mises en place pour garantir la s\u00e9curit\u00e9 et la tranquillit\u00e9 d&#039;esprit.<\/p>\n<p data-start=\"2225\" data-end=\"2434\"><strong data-start=\"2225\" data-end=\"2268\">Les \u00e9l\u00e8ves vont-ils refuser d&#039;utiliser les pochettes ?<\/strong><br data-start=\"2268\" data-end=\"2271\" \/>L&#039;exp\u00e9rience montre qu&#039;une fois int\u00e9gr\u00e9 au r\u00e8glement int\u00e9rieur de l&#039;\u00e9tablissement, le syst\u00e8me Phone Locker\u00ae devient une habitude. De nombreux \u00e9tablissements scolaires constatent une am\u00e9lioration du comportement et une diminution des conflits li\u00e9s \u00e0 l&#039;utilisation du t\u00e9l\u00e9phone.<\/p>\n\t\t\n<style>\n#text-2154271849 {\n  line-height: 1;\n}\n<\/style>\n\t<\/div>\n\t\n<\/div><\/div>\n<div class=\"accordion-item\"><a href=\"#\" class=\"accordion-title plain\"><button class=\"toggle\"><i class=\"icon-angle-down\"><\/i><\/button><span>\u00c9v\u00e9nements, Entreprises et H\u00f4tellerie<\/span><\/a><div class=\"accordion-inner\">\n<p data-start=\"2481\" data-end=\"2673\"><strong data-start=\"2481\" data-end=\"2529\">Phone Locker\u00ae peut-il \u00eatre utilis\u00e9 pour des \u00e9v\u00e9nements ponctuels\u00a0?<\/strong><br data-start=\"2529\" data-end=\"2532\" \/>Oui. Nous proposons des solutions flexibles pour les \u00e9v\u00e9nements ponctuels, tels que les mariages, les conf\u00e9rences, les festivals, les lancements de produits et les r\u00e9ceptions priv\u00e9es.<\/p>\n<p data-start=\"2481\" data-end=\"2673\"><a href=\"https:\/\/phonelocker.com\/fr\/entertainment\/\">D\u00e9couvrez-en plus sur les exigences de votre secteur.<\/a><\/p>\n<p data-start=\"2675\" data-end=\"2832\"><strong data-start=\"2675\" data-end=\"2729\">La personnalisation de marque est-elle possible pour les \u00e9v\u00e9nements ou les organisations\u00a0?<\/strong><br data-start=\"2729\" data-end=\"2732\" \/>Oui. Nous proposons des pochettes personnalis\u00e9es en couleur, assorties \u00e0 votre marque, votre lieu ou l&#039;identit\u00e9 de votre \u00e9v\u00e9nement.<\/p>\n<p data-start=\"2834\" data-end=\"2987\"><strong data-start=\"2834\" data-end=\"2884\">Le processus de verrouillage et de d\u00e9verrouillage est-il rapide\u00a0?<\/strong><br data-start=\"2884\" data-end=\"2887\" \/>Le syst\u00e8me \u00e0 un seul clic est con\u00e7u pour la rapidit\u00e9, assurant un flux de files d&#039;attente fluide m\u00eame lors d&#039;\u00e9v\u00e9nements \u00e0 forte affluence.<\/p>\n<\/div><\/div>\n<div class=\"accordion-item\"><a href=\"#\" class=\"accordion-title plain\"><button class=\"toggle\"><i class=\"icon-angle-down\"><\/i><\/button><span>Durabilit\u00e9 et responsabilit\u00e9<\/span><\/a><div class=\"accordion-inner\">\n<p data-start=\"3539\" data-end=\"3748\"><strong data-start=\"3539\" data-end=\"3597\">Les produits Phone Locker\u00ae sont-ils respectueux de l&#039;environnement\u00a0?<\/strong><br data-start=\"3597\" data-end=\"3600\" \/>Oui. Nos pochettes sont con\u00e7ues pour une r\u00e9utilisation \u00e0 long terme et sont fabriqu\u00e9es dans le respect de normes \u00e9cologiques strictes. Nous suivons notre empreinte carbone et la compensons par des actions \u00e9cologiques.<\/p>\n<p data-start=\"3750\" data-end=\"3920\"><strong data-start=\"3750\" data-end=\"3790\">Vos produits sont-ils test\u00e9s pour garantir leur s\u00e9curit\u00e9 ?<\/strong><br data-start=\"3790\" data-end=\"3793\" \/>Tous les produits sont soumis \u00e0 des tests chimiques REACH et sont fabriqu\u00e9s dans des usines audit\u00e9es BSCI afin de garantir la s\u00e9curit\u00e9 et la conformit\u00e9.<\/p>\n<p data-start=\"3750\" data-end=\"3920\">Apprenez-en plus sur nous<\/p>\n<\/div><\/div>\n<div class=\"accordion-item\"><a href=\"#\" class=\"accordion-title plain\"><button class=\"toggle\"><i class=\"icon-angle-down\"><\/i><\/button><span>Tarifs<\/span><\/a><div class=\"accordion-inner\">\n<p data-start=\"198\" data-end=\"234\"><strong>Combien co\u00fbte Phone Locker\u00ae ?<\/strong><\/p>\n<p data-start=\"236\" data-end=\"580\">Le co\u00fbt d&#039;utilisation de Phone Locker\u00ae d\u00e9pend de la taille de votre organisation, du nombre de pochettes n\u00e9cessaires et de la dur\u00e9e de l&#039;utilisation (permanente ou ponctuelle). Nous proposons des solutions flexibles et abordables pour les \u00e9coles, les entreprises et les lieux de toutes tailles, avec des tarifs adapt\u00e9s \u00e0 votre environnement et \u00e0 votre plan de mise en \u0153uvre.<\/p>\n<p data-start=\"979\" data-end=\"1030\"><strong>Phone Locker\u00ae est-il un achat unique ou une location\u00a0?<\/strong><\/p>\n<p data-start=\"1032\" data-end=\"1319\">Nous proposons les deux formules. De nombreux \u00e9tablissements scolaires et organisations optent pour un achat unique pour une utilisation quotidienne, tandis que les organisateurs d&#039;\u00e9v\u00e9nements et de conf\u00e9rences privil\u00e9gient souvent les formules de location \u00e0 court terme. Chaque option inclut la m\u00eame technologie s\u00e9curis\u00e9e et le m\u00eame support\u00a0; la formule choisie d\u00e9pend simplement de la dur\u00e9e d&#039;utilisation de la solution.<\/p>\n<p data-start=\"2211\" data-end=\"2255\"><strong>Pouvons-nous obtenir un devis pour notre organisation ?<\/strong><\/p>\n<p data-start=\"2257\" data-end=\"2448\">Absolument. Nous \u00e9tablissons des devis personnalis\u00e9s en fonction de votre environnement, du nombre d&#039;utilisateurs et de vos objectifs. Un bref \u00e9change avec notre \u00e9quipe nous permettra de vous recommander la solution la plus adapt\u00e9e et la plus \u00e9conomique.<\/p>\n<p data-start=\"2257\" data-end=\"2448\">Contactez-nous via notre <a href=\"http:\/\/phonelocker.com\/fr\/contact\/\">formulaire de contact<\/a> ou directement :<\/p>\n<p data-start=\"2257\" data-end=\"2448\">E: hello@phonelocker.com<\/p>\n<p data-start=\"2257\" data-end=\"2448\">T\u00e9l. : +44 (0) 2031618121<\/p>\n<\/div><\/div>\n<\/div>\n\t\t<\/div>\n\t\t\t<\/div>\n\n\t\n\n<style>\n#row-2133474506 > .col > .col-inner {\n  padding: 0px 0px 0px 0px;\n}\n@media (min-width:550px) {\n  #row-2133474506 > .col > .col-inner {\n    padding: 30px 30px 30px 30px;\n  }\n}\n<\/style>\n<\/div>\n\t\t<\/div>\n\n\t\t\n<style>\n#section_898937683 {\n  padding-top: 60px;\n  padding-bottom: 60px;\n  background-color: rgb(255,255,255);\n}\n<\/style>\n\t<\/section>","protected":false},"excerpt":{"rendered":"","protected":false},"author":1,"featured_media":0,"parent":0,"menu_order":0,"comment_status":"closed","ping_status":"closed","template":"","meta":{"footnotes":""},"class_list":["post-523","page","type-page","status-publish","hentry"],"yoast_head":"<!-- This site is optimized with the Yoast SEO plugin v27.1.1 - https:\/\/yoast.com\/product\/yoast-seo-wordpress\/ -->\n<title>FAQs - Phone Locker<\/title>\n<meta name=\"robots\" content=\"index, follow, max-snippet:-1, max-image-preview:large, max-video-preview:-1\" \/>\n<link rel=\"canonical\" href=\"https:\/\/phonelocker.com\/fr\/faqs\/\" \/>\n<meta property=\"og:locale\" content=\"fr_FR\" \/>\n<meta property=\"og:type\" content=\"article\" \/>\n<meta property=\"og:title\" content=\"FAQs - Phone Locker\" \/>\n<meta property=\"og:url\" content=\"https:\/\/phonelocker.com\/fr\/faqs\/\" \/>\n<meta property=\"og:site_name\" content=\"Phone Locker\" \/>\n<meta property=\"article:modified_time\" content=\"2026-02-24T15:37:40+00:00\" \/>\n<meta name=\"twitter:card\" content=\"summary_large_image\" \/>\n<meta name=\"twitter:label1\" content=\"Dur\u00e9e de lecture estim\u00e9e\" \/>\n\t<meta name=\"twitter:data1\" content=\"3 minutes\" \/>\n<!-- \/ Yoast SEO plugin. -->","yoast_head_json":{"title":"FAQs - Phone Locker","robots":{"index":"index","follow":"follow","max-snippet":"max-snippet:-1","max-image-preview":"max-image-preview:large","max-video-preview":"max-video-preview:-1"},"canonical":"https:\/\/phonelocker.com\/fr\/faqs\/","og_locale":"fr_FR","og_type":"article","og_title":"FAQs - Phone Locker","og_url":"https:\/\/phonelocker.com\/fr\/faqs\/","og_site_name":"Phone Locker","article_modified_time":"2026-02-24T15:37:40+00:00","twitter_card":"summary_large_image","twitter_misc":{"Dur\u00e9e de lecture estim\u00e9e":"3 minutes"},"schema":{"@context":"https:\/\/schema.org","@graph":[{"@type":"WebPage","@id":"https:\/\/phonelocker.com\/faqs\/","url":"https:\/\/phonelocker.com\/faqs\/","name":"FAQs - Phone Locker","isPartOf":{"@id":"https:\/\/phonelocker.com\/#website"},"datePublished":"2024-01-15T00:57:58+00:00","dateModified":"2026-02-24T15:37:40+00:00","breadcrumb":{"@id":"https:\/\/phonelocker.com\/faqs\/#breadcrumb"},"inLanguage":"fr-FR","potentialAction":[{"@type":"ReadAction","target":["https:\/\/phonelocker.com\/faqs\/"]}]},{"@type":"BreadcrumbList","@id":"https:\/\/phonelocker.com\/faqs\/#breadcrumb","itemListElement":[{"@type":"ListItem","position":1,"name":"Home","item":"https:\/\/phonelocker.com\/"},{"@type":"ListItem","position":2,"name":"FAQs"}]},{"@type":"WebSite","@id":"https:\/\/phonelocker.com\/#website","url":"https:\/\/phonelocker.com\/","name":"Casier de t\u00e9l\u00e9phone","description":"Pochette pour t\u00e9l\u00e9phone verrouillable","potentialAction":[{"@type":"SearchAction","target":{"@type":"EntryPoint","urlTemplate":"https:\/\/phonelocker.com\/?s={search_term_string}"},"query-input":{"@type":"PropertyValueSpecification","valueRequired":true,"valueName":"search_term_string"}}],"inLanguage":"fr-FR"}]}},"_links":{"self":[{"href":"https:\/\/phonelocker.com\/fr\/wp-json\/wp\/v2\/pages\/523","targetHints":{"allow":["GET"]}}],"collection":[{"href":"https:\/\/phonelocker.com\/fr\/wp-json\/wp\/v2\/pages"}],"about":[{"href":"https:\/\/phonelocker.com\/fr\/wp-json\/wp\/v2\/types\/page"}],"author":[{"embeddable":true,"href":"https:\/\/phonelocker.com\/fr\/wp-json\/wp\/v2\/users\/1"}],"replies":[{"embeddable":true,"href":"https:\/\/phonelocker.com\/fr\/wp-json\/wp\/v2\/comments?post=523"}],"version-history":[{"count":1,"href":"https:\/\/phonelocker.com\/fr\/wp-json\/wp\/v2\/pages\/523\/revisions"}],"predecessor-version":[{"id":2944,"href":"https:\/\/phonelocker.com\/fr\/wp-json\/wp\/v2\/pages\/523\/revisions\/2944"}],"wp:attachment":[{"href":"https:\/\/phonelocker.com\/fr\/wp-json\/wp\/v2\/media?parent=523"}],"curies":[{"name":"wp","href":"https:\/\/api.w.org\/{rel}","templated":true}]}}