{"id":674,"date":"2024-03-27T06:42:12","date_gmt":"2024-03-27T06:42:12","guid":{"rendered":"https:\/\/phonelocker.com\/?page_id=674"},"modified":"2026-03-23T12:11:32","modified_gmt":"2026-03-23T12:11:32","slug":"asia","status":"publish","type":"page","link":"https:\/\/phonelocker.com\/fr\/asia\/","title":{"rendered":"Asie"},"content":{"rendered":"<div class=\"banner has-hover\" id=\"banner-1268104253\">\n          <div class=\"banner-inner fill\">\n        <div class=\"banner-bg fill\" >\n            <div class=\"bg fill bg-fill\"><\/div>\n                                    \n                    <\/div>\n        <div class=\"banner-layers container\">\n            <div class=\"fill banner-link\"><\/div>            \n   <div id=\"text-box-1686395848\" class=\"text-box banner-layer x50 md-x50 lg-x50 y50 md-y50 lg-y50 res-text\">\n                                <div class=\"text-box-content text dark\">\n              \n              <div class=\"text-inner text-center\">\n                  \n<h3 class=\"uppercase\"><strong>Solutions sans t\u00e9l\u00e9phone \u00e0 travers l&#039;Asie<\/strong><\/h3>\n<p>Trouvez des informations et du soutien pour les \u00e9coles, les \u00e9v\u00e9nements et les organisations qui utilisent Phone Locker\u00ae afin de cr\u00e9er des environnements sans t\u00e9l\u00e9phone et propices \u00e0 la concentration dans tout le pays.<\/p>\n<p>S\u00e9lectionnez votre pays pour en savoir plus.<\/p>\n              <\/div>\n           <\/div>\n                            \n<style>\n#text-box-1686395848 {\n  width: 60%;\n}\n#text-box-1686395848 .text-box-content {\n  font-size: 100%;\n}\n<\/style>\n    <\/div>\n \n        <\/div>\n      <\/div>\n\n            \n<style>\n#banner-1268104253 {\n  padding-top: 500px;\n  background-color: rgb(1, 181, 122);\n}\n<\/style>\n  <\/div>\n\n\n<div class=\"container section-title-container\" ><h3 class=\"section-title section-title-center\"><b><\/b><span class=\"section-title-main\" >Choisis ton pays<\/span><b><\/b><\/h3><\/div>\n<div class=\"row\"  id=\"row-1954312810\">\n\n\t<div id=\"col-913830738\" class=\"col medium-4 small-12 large-4\"  >\n\t\t<div class=\"col-inner\"  >\n\t\t\t\n\t\t\t\n<p style=\"text-align: center;\">\u00a0<img decoding=\"async\" class=\"alignnone  wp-image-3389\" src=\"https:\/\/phonelocker.com\/wp-content\/uploads\/2026\/03\/japan-flag.png\" alt=\"\" width=\"50\" height=\"50\" srcset=\"https:\/\/phonelocker.com\/wp-content\/uploads\/2026\/03\/japan-flag.png 256w, https:\/\/phonelocker.com\/wp-content\/uploads\/2026\/03\/japan-flag-150x150.png 150w, https:\/\/phonelocker.com\/wp-content\/uploads\/2026\/03\/japan-flag-12x12.png 12w\" sizes=\"(max-width: 50px) 100vw, 50px\" \/><\/p>\n<p style=\"text-align: center;\">Japon<\/p>\n\t\t<\/div>\n\t\t\t<\/div>\n\n\t\n\n\t<div id=\"col-1054911852\" class=\"col medium-4 small-12 large-4\"  >\n\t\t<div class=\"col-inner\"  >\n\t\t\t\n\t\t\t\n<p style=\"text-align: center;\"><a href=\"\/fr\/singapore\/contact-sales\/\"><img decoding=\"async\" title=\"\" src=\"https:\/\/img.icons8.com\/color\/48\/singapore-circular.png\" alt=\"\" \/> <\/a><\/p>\n<p><a href=\"\/fr\/singapore\/contact-sales\/\">Singapour<\/a><\/p>\n\t\t<\/div>\n\t\t\t<\/div>\n\n\t\n\n\t<div id=\"col-1665984397\" class=\"col medium-4 small-12 large-4\"  >\n\t\t<div class=\"col-inner\"  >\n\t\t\t\n\t\t\t\n<p style=\"text-align: center;\"><img decoding=\"async\" class=\"alignnone  wp-image-3388\" src=\"https:\/\/phonelocker.com\/wp-content\/uploads\/2026\/03\/china-flag-circle-300x169.jpg\" alt=\"\" width=\"89\" height=\"50\" srcset=\"https:\/\/phonelocker.com\/wp-content\/uploads\/2026\/03\/china-flag-circle-300x169.jpg 300w, https:\/\/phonelocker.com\/wp-content\/uploads\/2026\/03\/china-flag-circle-18x10.jpg 18w, https:\/\/phonelocker.com\/wp-content\/uploads\/2026\/03\/china-flag-circle.jpg 622w\" sizes=\"(max-width: 89px) 100vw, 89px\" \/><\/p>\n<p>Chine<\/p>\n\t\t<\/div>\n\t\t\t<\/div>\n\n\t\n<\/div>","protected":false},"excerpt":{"rendered":"","protected":false},"author":1,"featured_media":0,"parent":0,"menu_order":0,"comment_status":"closed","ping_status":"closed","template":"","meta":{"footnotes":""},"class_list":["post-674","page","type-page","status-publish","hentry"],"yoast_head":"<!-- This site is optimized with the Yoast SEO plugin v27.1.1 - https:\/\/yoast.com\/product\/yoast-seo-wordpress\/ -->\n<title>Asia - Phone Locker<\/title>\n<meta name=\"robots\" content=\"index, follow, max-snippet:-1, max-image-preview:large, max-video-preview:-1\" \/>\n<link rel=\"canonical\" href=\"https:\/\/phonelocker.com\/fr\/asia\/\" \/>\n<meta property=\"og:locale\" content=\"fr_FR\" \/>\n<meta property=\"og:type\" content=\"article\" \/>\n<meta property=\"og:title\" content=\"Asia - Phone Locker\" \/>\n<meta property=\"og:url\" content=\"https:\/\/phonelocker.com\/fr\/asia\/\" \/>\n<meta property=\"og:site_name\" content=\"Phone Locker\" \/>\n<meta property=\"article:modified_time\" content=\"2026-03-23T12:11:32+00:00\" \/>\n<meta property=\"og:image\" content=\"https:\/\/phonelocker.com\/wp-content\/uploads\/2026\/03\/japan-flag.png\" \/>\n\t<meta property=\"og:image:width\" content=\"256\" \/>\n\t<meta property=\"og:image:height\" content=\"256\" \/>\n\t<meta property=\"og:image:type\" content=\"image\/png\" \/>\n<meta name=\"twitter:card\" content=\"summary_large_image\" \/>\n<meta name=\"twitter:label1\" content=\"Dur\u00e9e de lecture estim\u00e9e\" \/>\n\t<meta name=\"twitter:data1\" content=\"2 minutes\" \/>\n<!-- \/ Yoast SEO plugin. -->","yoast_head_json":{"title":"Asia - Phone Locker","robots":{"index":"index","follow":"follow","max-snippet":"max-snippet:-1","max-image-preview":"max-image-preview:large","max-video-preview":"max-video-preview:-1"},"canonical":"https:\/\/phonelocker.com\/fr\/asia\/","og_locale":"fr_FR","og_type":"article","og_title":"Asia - Phone Locker","og_url":"https:\/\/phonelocker.com\/fr\/asia\/","og_site_name":"Phone Locker","article_modified_time":"2026-03-23T12:11:32+00:00","og_image":[{"width":256,"height":256,"url":"https:\/\/phonelocker.com\/wp-content\/uploads\/2026\/03\/japan-flag.png","type":"image\/png"}],"twitter_card":"summary_large_image","twitter_misc":{"Dur\u00e9e de lecture estim\u00e9e":"2 minutes"},"schema":{"@context":"https:\/\/schema.org","@graph":[{"@type":"WebPage","@id":"https:\/\/phonelocker.com\/asia\/","url":"https:\/\/phonelocker.com\/asia\/","name":"Asia - Phone Locker","isPartOf":{"@id":"https:\/\/phonelocker.com\/#website"},"primaryImageOfPage":{"@id":"https:\/\/phonelocker.com\/asia\/#primaryimage"},"image":{"@id":"https:\/\/phonelocker.com\/asia\/#primaryimage"},"thumbnailUrl":"https:\/\/phonelocker.com\/wp-content\/uploads\/2026\/03\/japan-flag.png","datePublished":"2024-03-27T06:42:12+00:00","dateModified":"2026-03-23T12:11:32+00:00","breadcrumb":{"@id":"https:\/\/phonelocker.com\/asia\/#breadcrumb"},"inLanguage":"fr-FR","potentialAction":[{"@type":"ReadAction","target":["https:\/\/phonelocker.com\/asia\/"]}]},{"@type":"ImageObject","inLanguage":"fr-FR","@id":"https:\/\/phonelocker.com\/asia\/#primaryimage","url":"https:\/\/phonelocker.com\/wp-content\/uploads\/2026\/03\/japan-flag.png","contentUrl":"https:\/\/phonelocker.com\/wp-content\/uploads\/2026\/03\/japan-flag.png"},{"@type":"BreadcrumbList","@id":"https:\/\/phonelocker.com\/asia\/#breadcrumb","itemListElement":[{"@type":"ListItem","position":1,"name":"Home","item":"https:\/\/phonelocker.com\/"},{"@type":"ListItem","position":2,"name":"Asia"}]},{"@type":"WebSite","@id":"https:\/\/phonelocker.com\/#website","url":"https:\/\/phonelocker.com\/","name":"Casier de t\u00e9l\u00e9phone","description":"Pochette pour t\u00e9l\u00e9phone verrouillable","potentialAction":[{"@type":"SearchAction","target":{"@type":"EntryPoint","urlTemplate":"https:\/\/phonelocker.com\/?s={search_term_string}"},"query-input":{"@type":"PropertyValueSpecification","valueRequired":true,"valueName":"search_term_string"}}],"inLanguage":"fr-FR"}]}},"_links":{"self":[{"href":"https:\/\/phonelocker.com\/fr\/wp-json\/wp\/v2\/pages\/674","targetHints":{"allow":["GET"]}}],"collection":[{"href":"https:\/\/phonelocker.com\/fr\/wp-json\/wp\/v2\/pages"}],"about":[{"href":"https:\/\/phonelocker.com\/fr\/wp-json\/wp\/v2\/types\/page"}],"author":[{"embeddable":true,"href":"https:\/\/phonelocker.com\/fr\/wp-json\/wp\/v2\/users\/1"}],"replies":[{"embeddable":true,"href":"https:\/\/phonelocker.com\/fr\/wp-json\/wp\/v2\/comments?post=674"}],"version-history":[{"count":17,"href":"https:\/\/phonelocker.com\/fr\/wp-json\/wp\/v2\/pages\/674\/revisions"}],"predecessor-version":[{"id":3390,"href":"https:\/\/phonelocker.com\/fr\/wp-json\/wp\/v2\/pages\/674\/revisions\/3390"}],"wp:attachment":[{"href":"https:\/\/phonelocker.com\/fr\/wp-json\/wp\/v2\/media?parent=674"}],"curies":[{"name":"wp","href":"https:\/\/api.w.org\/{rel}","templated":true}]}}