{"id":679,"date":"2024-03-27T06:55:47","date_gmt":"2024-03-27T06:55:47","guid":{"rendered":"https:\/\/phonelocker.com\/?page_id=679"},"modified":"2026-03-23T11:36:21","modified_gmt":"2026-03-23T11:36:21","slug":"location","status":"publish","type":"page","link":"https:\/\/phonelocker.com\/fr\/location\/","title":{"rendered":"Emplacements"},"content":{"rendered":"<div class=\"banner has-hover\" id=\"banner-155889985\">\n          <div class=\"banner-inner fill\">\n        <div class=\"banner-bg fill\" >\n            <div class=\"bg fill bg-fill\"><\/div>\n                        <div class=\"overlay\"><\/div>            \n                    <\/div>\n        <div class=\"banner-layers container\">\n            <div class=\"fill banner-link\"><\/div>            \n   <div id=\"text-box-1048955678\" class=\"text-box banner-layer x5 md-x5 lg-x5 y50 md-y50 lg-y50 res-text\">\n                                <div class=\"text-box-content text box-shadow-3\">\n              \n              <div class=\"text-inner text-left\">\n                  \n<h5 class=\"uppercase\">Emplacements<\/h5>\n<h1 class=\"banner-header__title header--alt\">Notre pr\u00e9sence mondiale<\/h1>\n<p class=\"banner-header__subtitle text--white text--md\">Pr\u00e9sence dans plus de 30 pays, soutien direct et partenaires de confiance \u00e0 travers le monde.<\/p>\n              <\/div>\n           <\/div>\n                            \n<style>\n#text-box-1048955678 .text-box-content {\n  background-color: rgb(255, 255, 255);\n  font-size: 100%;\n}\n#text-box-1048955678 .text-inner {\n  padding: 30px 30px 30px 30px;\n}\n#text-box-1048955678 {\n  width: 60%;\n}\n@media (min-width:550px) {\n  #text-box-1048955678 {\n    width: 40%;\n  }\n}\n<\/style>\n    <\/div>\n \n        <\/div>\n      <\/div>\n\n            \n<style>\n#banner-155889985 {\n  padding-top: 500px;\n  background-color: rgb(255, 255, 255);\n}\n#banner-155889985 .bg.bg-loaded {\n  background-image: url(https:\/\/phonelocker.com\/wp-content\/uploads\/2026\/02\/digital-technology-earth-made-with-particles-connection_1017-29750.avif);\n}\n#banner-155889985 .overlay {\n  background-color: rgba(190, 190, 190, 0.2);\n}\n<\/style>\n  <\/div>\n\n\n<div class=\"container section-title-container\" ><h3 class=\"section-title section-title-center\"><b><\/b><span class=\"section-title-main\" >Choisissez votre r\u00e9gion<\/span><b><\/b><\/h3><\/div>\n\t<div id=\"text-2980602151\" class=\"text\">\n\t\t\n<h3><a href=\"\/fr\/asia\/\">Asie<\/a>\u00a0\u2013 <a href=\"\/fr\/europe\/\">L&#039;Europe \uf0d7<\/a>\u00a0\u2013 <a href=\"\/fr\/middle-east\/\">Moyen-Orient<\/a>\u00a0 \u2013\u00a0<a href=\"\/fr\/north-america\/\">Am\u00e9rique du Nord et du Sud<\/a>\u00a0\u2013 <a href=\"\/fr\/oceania\/\">Oc\u00e9anie<\/a><\/h3>\n<h3 style=\"text-align: center;\">\u00a0<\/h3>\n\t\t\n<style>\n#text-2980602151 {\n  text-align: center;\n}\n<\/style>\n\t<\/div>\n\t\n\t<section class=\"section\" id=\"section_626440329\">\n\t\t<div class=\"bg section-bg fill bg-fill  bg-loaded\" >\n\n\t\t\t\n\t\t\t\n\t\t\t\n\n\t\t<\/div>\n\n\t\t<div class=\"section-content relative\">\n\t\t\t\n\t<div id=\"text-1065769322\" class=\"text\">\n\t\t\n<h2>Casier de t\u00e9l\u00e9phone<sup>\u00ae<\/sup> Elle op\u00e8re \u00e0 l&#039;\u00e9chelle mondiale, en accompagnant ses clients dans plus de 30 pays gr\u00e2ce \u00e0 une combinaison de partenariats directs et de distributeurs de confiance.<\/h2>\n<p>Notre pr\u00e9sence internationale nous permet de garantir une qualit\u00e9 constante, un approvisionnement fiable et une assistance localis\u00e9e partout o\u00f9 nos produits sont utilis\u00e9s.<\/p>\n<p class=\"p1\">Australie \u2022 Nouvelle-Z\u00e9lande \u2022 Royaume-Uni \u2022 Canada \u2022 Autriche \u2022 Belgique \u2022 Bulgarie \u2022 Danemark \u2022 Estonie \u2022 Finlande \u2022 France \u2022 Allemagne \u2022 Gibraltar \u2022 Gr\u00e8ce \u2022 Hongrie \u2022 Islande \u2022 Irlande \u2022 Italie \u2022 Lettonie \u2022 Lituanie \u2022 Luxembourg \u2022 Pays-Bas \u2022 Norv\u00e8ge \u2022 Pologne \u2022 Portugal \u2022 Roumanie \u2022 Serbie \u2022 Espagne \u2022 Su\u00e8de \u2022 Suisse \u2022 Royaume-Uni \u2022 Bi\u00e9lorussie \u2022 Qatar \u2022 Singapour<\/p>\n\t\t\n<style>\n#text-1065769322 {\n  text-align: center;\n}\n<\/style>\n\t<\/div>\n\t\n\t\t<\/div>\n\n\t\t\n<style>\n#section_626440329 {\n  padding-top: 30px;\n  padding-bottom: 30px;\n}\n<\/style>\n\t<\/section>\n\t\n\t<section class=\"section\" id=\"section_2096817202\">\n\t\t<div class=\"bg section-bg fill bg-fill  bg-loaded\" >\n\n\t\t\t\n\t\t\t\n\t\t\t\n\n\t\t<\/div>\n\n\t\t<div class=\"section-content relative\">\n\t\t\t\n<div class=\"row align-middle\"  id=\"row-265417685\">\n\n\t<div id=\"col-345623190\" class=\"col medium-6 small-12 large-6\"  >\n\t\t<div class=\"col-inner\"  >\n\t\t\t\n\t\t\t\n\t<div class=\"img has-hover x md-x lg-x y md-y lg-y\" id=\"image_1974439844\">\n\t\t\t\t\t\t\t\t<div class=\"img-inner image-cover dark\" style=\"padding-top:75%;\">\n\t\t\t<img decoding=\"async\" width=\"1020\" height=\"721\" src=\"https:\/\/phonelocker.com\/wp-content\/uploads\/2026\/02\/Europe-Map-1024x724.jpg\" class=\"attachment-large size-large\" alt=\"\" srcset=\"https:\/\/phonelocker.com\/wp-content\/uploads\/2026\/02\/Europe-Map-1024x724.jpg 1024w, https:\/\/phonelocker.com\/wp-content\/uploads\/2026\/02\/Europe-Map-300x212.jpg 300w, https:\/\/phonelocker.com\/wp-content\/uploads\/2026\/02\/Europe-Map-768x543.jpg 768w, https:\/\/phonelocker.com\/wp-content\/uploads\/2026\/02\/Europe-Map-1536x1087.jpg 1536w, https:\/\/phonelocker.com\/wp-content\/uploads\/2026\/02\/Europe-Map-18x12.jpg 18w, https:\/\/phonelocker.com\/wp-content\/uploads\/2026\/02\/Europe-Map.jpg 2000w\" sizes=\"(max-width: 1020px) 100vw, 1020px\" \/>\t\t\t\t\t\t\n\t\t\t\t\t<\/div>\n\t\t\t\t\t\t\t\t\n<style>\n#image_1974439844 {\n  width: 100%;\n}\n<\/style>\n\t<\/div>\n\t\n\t\t<\/div>\n\t\t\t<\/div>\n\n\t\n\n\t<div id=\"col-1941605991\" class=\"col medium-6 small-12 large-6\"  >\n\t\t<div class=\"col-inner\"  >\n\t\t\t\n\t\t\t\n<h2>L&#039;Europe \uf0d7<\/h2>\n<p>Casier de t\u00e9l\u00e9phone<sup>\u00ae<\/sup> Nous sommes solidement implant\u00e9s en Europe, gr\u00e2ce \u00e0 un r\u00e9seau de partenariats directs et de distributeurs agr\u00e9\u00e9s qui fournissent des solutions aux \u00e9tablissements scolaires, aux entreprises et aux lieux \u00e9v\u00e9nementiels. Nos produits sont conformes \u00e0 la r\u00e9glementation europ\u00e9enne, garantissant ainsi la conformit\u00e9 et la s\u00e9r\u00e9nit\u00e9 de chaque organisation.<\/p>\n<p>Nous reconnaissons \u00e9galement l&#039;importance de la repr\u00e9sentation culturelle et des besoins locaux, et adaptons notre approche aux politiques nationales, aux exigences linguistiques et aux attentes sp\u00e9cifiques \u00e0 chaque secteur. Des \u00e9coles secondaires aux universit\u00e9s, des bureaux d&#039;entreprises aux lieux de divertissement, Phone Locker<sup>\u00ae<\/sup> propose des solutions fiables, b\u00e9n\u00e9ficiant d&#039;un support local, qui refl\u00e8tent les priorit\u00e9s europ\u00e9ennes en mati\u00e8re de s\u00e9curit\u00e9, de concentration et de bien-\u00eatre.<\/p>\n<p><a href=\"https:\/\/phonelocker.com\/fr\/europe\/\">D\u00e9couvrez plus d&#039;informations sur votre emplacement<\/a><\/p>\n\t\t<\/div>\n\t\t\t<\/div>\n\n\t\n<\/div>\n<div class=\"row row-collapse row-full-width align-middle\"  id=\"row-2114521099\">\n\n\t<div id=\"col-815039396\" class=\"col medium-6 small-12 large-6\"  >\n\t\t<div class=\"col-inner\"  >\n\t\t\t\n\t\t\t\n\t<div class=\"img has-hover x md-x lg-x y md-y lg-y\" id=\"image_880262033\">\n\t\t\t\t\t\t\t\t<div class=\"img-inner image-cover dark\" style=\"padding-top:75%;\">\n\t\t\t<img decoding=\"async\" width=\"1020\" height=\"681\" src=\"https:\/\/phonelocker.com\/wp-content\/uploads\/2026\/02\/vancouver-1024x684.jpg\" class=\"attachment-large size-large\" alt=\"\" srcset=\"https:\/\/phonelocker.com\/wp-content\/uploads\/2026\/02\/vancouver-1024x684.jpg 1024w, https:\/\/phonelocker.com\/wp-content\/uploads\/2026\/02\/vancouver-300x200.jpg 300w, https:\/\/phonelocker.com\/wp-content\/uploads\/2026\/02\/vancouver-768x513.jpg 768w, https:\/\/phonelocker.com\/wp-content\/uploads\/2026\/02\/vancouver-1536x1025.jpg 1536w, https:\/\/phonelocker.com\/wp-content\/uploads\/2026\/02\/vancouver-2048x1367.jpg 2048w, https:\/\/phonelocker.com\/wp-content\/uploads\/2026\/02\/vancouver-18x12.jpg 18w\" sizes=\"(max-width: 1020px) 100vw, 1020px\" \/>\t\t\t\t\t\t\n\t\t\t\t\t<\/div>\n\t\t\t\t\t\t\t\t\n<style>\n#image_880262033 {\n  width: 100%;\n}\n<\/style>\n\t<\/div>\n\t\n\t\t<\/div>\n\t\t\t<\/div>\n\n\t\n\n\t<div id=\"col-1086078226\" class=\"col medium-6 small-12 large-6\"  >\n\t\t<div class=\"col-inner\" style=\"max-width:520px;\" >\n\t\t\t\n\t\t\t\n<h2 data-start=\"96\" data-end=\"116\">Canada<\/h2>\n<p data-start=\"772\" data-end=\"1117\">Au Canada, Phone Locker<sup>\u00ae<\/sup> Nous avons \u00e9tabli un solide r\u00e9seau de clients directs et de partenaires de distribution, aidant ainsi les \u00e9coles, les universit\u00e9s, les entreprises et les lieux de spectacle \u00e0 mettre en place des environnements s\u00e9curis\u00e9s sans t\u00e9l\u00e9phone. Nos produits sont conformes aux normes de s\u00e9curit\u00e9 et r\u00e9glementaires canadiennes, garantissant aux organisations qualit\u00e9, s\u00e9curit\u00e9 et fiabilit\u00e9.<\/p>\n<p data-start=\"1119\" data-end=\"1345\">Gr\u00e2ce \u00e0 une combinaison de soutien direct et de partenariats r\u00e9gionaux, Phone Locker<sup>\u00ae<\/sup> assure une prestation efficace, une mise en \u0153uvre sans heurts et des solutions \u00e9volutives dans les secteurs de l&#039;\u00e9ducation, des entreprises et de l&#039;\u00e9v\u00e9nementiel \u00e0 travers tout le pays.<\/p>\n<p data-start=\"1119\" data-end=\"1345\"><a href=\"https:\/\/phonelocker.com\/fr\/canada\/\">D\u00e9couvrez-en plus sur le Canada<\/a><\/p>\n\t\t<\/div>\n\t\t\n<style>\n#col-1086078226 > .col-inner {\n  padding: 5% 5% 5% 5%;\n}\n<\/style>\n\t<\/div>\n\n\t\n<\/div>\n<div class=\"row row-collapse row-full-width align-middle\"  id=\"row-10132915\">\n\n\t<div id=\"col-1258474370\" class=\"col medium-6 small-12 large-6\"  >\n\t\t<div class=\"col-inner\"  >\n\t\t\t\n\t\t\t\n\t<div class=\"img has-hover x md-x lg-x y md-y lg-y\" id=\"image_2017040993\">\n\t\t\t\t\t\t\t\t<div class=\"img-inner image-cover dark\" style=\"padding-top:75%;\">\n\t\t\t<img decoding=\"async\" width=\"1020\" height=\"680\" src=\"https:\/\/phonelocker.com\/wp-content\/uploads\/2026\/02\/middle-east-woman-1024x683.jpg\" class=\"attachment-large size-large\" alt=\"\" srcset=\"https:\/\/phonelocker.com\/wp-content\/uploads\/2026\/02\/middle-east-woman-1024x683.jpg 1024w, https:\/\/phonelocker.com\/wp-content\/uploads\/2026\/02\/middle-east-woman-300x200.jpg 300w, https:\/\/phonelocker.com\/wp-content\/uploads\/2026\/02\/middle-east-woman-768x512.jpg 768w, https:\/\/phonelocker.com\/wp-content\/uploads\/2026\/02\/middle-east-woman-1536x1024.jpg 1536w, https:\/\/phonelocker.com\/wp-content\/uploads\/2026\/02\/middle-east-woman-2048x1366.jpg 2048w, https:\/\/phonelocker.com\/wp-content\/uploads\/2026\/02\/middle-east-woman-18x12.jpg 18w\" sizes=\"(max-width: 1020px) 100vw, 1020px\" \/>\t\t\t\t\t\t\n\t\t\t\t\t<\/div>\n\t\t\t\t\t\t\t\t\n<style>\n#image_2017040993 {\n  width: 100%;\n}\n<\/style>\n\t<\/div>\n\t\n\t\t<\/div>\n\t\t\t<\/div>\n\n\t\n\n\t<div id=\"col-531942949\" class=\"col medium-6 small-12 large-6\"  >\n\t\t<div class=\"col-inner\" style=\"max-width:520px;\" >\n\t\t\t\n\t\t\t\n<h2 data-start=\"96\" data-end=\"116\">Moyen-Orient<\/h2>\n<p data-start=\"118\" data-end=\"432\">Casier de t\u00e9l\u00e9phone<sup>\u00ae<\/sup> Notre entreprise \u00e9tend ses activit\u00e9s au Moyen-Orient et est pr\u00e9sente au Qatar et aux \u00c9mirats arabes unis. Nous accompagnons les organisations qui privil\u00e9gient la concentration, la confidentialit\u00e9 et le bien-\u00eatre. Nos solutions sont particuli\u00e8rement adapt\u00e9es aux \u00e9tablissements scolaires, aux entreprises et aux \u00e9v\u00e9nements o\u00f9 les initiatives gouvernementales en faveur du bien-\u00eatre num\u00e9rique favorisent la cr\u00e9ation d&#039;espaces sans t\u00e9l\u00e9phone.<\/p>\n<p data-start=\"434\" data-end=\"748\">Nous travaillons directement avec des distributeurs locaux de confiance pour garantir le respect des r\u00e9glementations r\u00e9gionales et des sp\u00e9cificit\u00e9s culturelles, en fournissant un accompagnement et un soutien personnalis\u00e9s. Que ce soit pour l&#039;\u00e9ducation, la productivit\u00e9 au travail ou les \u00e9v\u00e9nements, Phone Locker<sup>\u00ae<\/sup> propose des solutions fiables, s\u00e9curis\u00e9es et adapt\u00e9es aux sp\u00e9cificit\u00e9s culturelles de toute la r\u00e9gion.<\/p>\n\t\t<\/div>\n\t\t\n<style>\n#col-531942949 > .col-inner {\n  padding: 5% 5% 5% 5%;\n}\n<\/style>\n\t<\/div>\n\n\t\n<\/div>\n<div class=\"row row-collapse row-full-width align-middle\"  id=\"row-449599828\">\n\n\t<div id=\"col-1058158776\" class=\"col medium-6 small-12 large-6\"  >\n\t\t<div class=\"col-inner\"  >\n\t\t\t\n\t\t\t\n\t<div class=\"img has-hover x md-x lg-x y md-y lg-y\" id=\"image_603999454\">\n\t\t\t\t\t\t\t\t<div class=\"img-inner image-cover dark\" style=\"padding-top:75%;\">\n\t\t\t<img decoding=\"async\" width=\"1020\" height=\"675\" src=\"https:\/\/phonelocker.com\/wp-content\/uploads\/2026\/02\/University-of-Dublin-Ireland-1-1024x678.webp\" class=\"attachment-large size-large\" alt=\"\" srcset=\"https:\/\/phonelocker.com\/wp-content\/uploads\/2026\/02\/University-of-Dublin-Ireland-1-1024x678.webp 1024w, https:\/\/phonelocker.com\/wp-content\/uploads\/2026\/02\/University-of-Dublin-Ireland-1-300x199.webp 300w, https:\/\/phonelocker.com\/wp-content\/uploads\/2026\/02\/University-of-Dublin-Ireland-1-768x508.webp 768w, https:\/\/phonelocker.com\/wp-content\/uploads\/2026\/02\/University-of-Dublin-Ireland-1-1536x1017.webp 1536w, https:\/\/phonelocker.com\/wp-content\/uploads\/2026\/02\/University-of-Dublin-Ireland-1-18x12.webp 18w, https:\/\/phonelocker.com\/wp-content\/uploads\/2026\/02\/University-of-Dublin-Ireland-1.webp 1600w\" sizes=\"(max-width: 1020px) 100vw, 1020px\" \/>\t\t\t\t\t\t\n\t\t\t\t\t<\/div>\n\t\t\t\t\t\t\t\t\n<style>\n#image_603999454 {\n  width: 100%;\n}\n<\/style>\n\t<\/div>\n\t\n\t\t<\/div>\n\t\t\t<\/div>\n\n\t\n\n\t<div id=\"col-1603175696\" class=\"col medium-6 small-12 large-6\"  >\n\t\t<div class=\"col-inner\" style=\"max-width:520px;\" >\n\t\t\t\n\t\t\t\n<h2>Irlande<\/h2>\n<p>Casier de t\u00e9l\u00e9phone<sup>\u00ae<\/sup> est le premier fournisseur de solutions en Irlande, offrant aux \u00e9coles, universit\u00e9s, lieux de travail et \u00e9v\u00e9nements des solutions s\u00e9curis\u00e9es et sans t\u00e9l\u00e9phone.<\/p>\n<p>Nous sommes fiers de notre partenariat avec le gouvernement irlandais, qui offre des subventions aux \u00e9coles souhaitant mettre en \u0153uvre le syst\u00e8me Phone Locker.<sup>\u00ae<\/sup> des solutions qui facilitent la cr\u00e9ation, par les \u00e9tablissements d&#039;enseignement, d&#039;environnements d&#039;apprentissage concentr\u00e9s et sans distraction.<\/p>\n<p>Gr\u00e2ce \u00e0 notre r\u00e9seau de soutien local et \u00e0 notre capacit\u00e9 de mise en \u0153uvre fiable, cette initiative aide les \u00e9coles irlandaises \u00e0 adopter une solution pratique, conforme et durable pour la gestion de l&#039;utilisation des t\u00e9l\u00e9phones portables.<\/p>\n\t\t<\/div>\n\t\t\n<style>\n#col-1603175696 > .col-inner {\n  padding: 5% 5% 5% 5%;\n}\n<\/style>\n\t<\/div>\n\n\t\n<\/div>\n\t\t<\/div>\n\n\t\t\n<style>\n#section_2096817202 {\n  padding-top: 30px;\n  padding-bottom: 30px;\n}\n<\/style>\n\t<\/section>","protected":false},"excerpt":{"rendered":"","protected":false},"author":1,"featured_media":0,"parent":0,"menu_order":0,"comment_status":"closed","ping_status":"closed","template":"","meta":{"inline_featured_image":false,"footnotes":""},"class_list":["post-679","page","type-page","status-publish","hentry"],"yoast_head":"<!-- This site is optimized with the Yoast SEO plugin v27.4 - https:\/\/yoast.com\/product\/yoast-seo-wordpress\/ -->\n<title>Locations - Phone Locker<\/title>\n<meta name=\"robots\" content=\"index, follow, max-snippet:-1, max-image-preview:large, max-video-preview:-1\" \/>\n<link rel=\"canonical\" href=\"https:\/\/phonelocker.com\/fr\/location\/\" \/>\n<meta property=\"og:locale\" content=\"fr_FR\" \/>\n<meta property=\"og:type\" content=\"article\" \/>\n<meta property=\"og:title\" content=\"Locations - Phone Locker\" \/>\n<meta property=\"og:url\" content=\"https:\/\/phonelocker.com\/fr\/location\/\" \/>\n<meta property=\"og:site_name\" content=\"Phone Locker\" \/>\n<meta property=\"article:modified_time\" content=\"2026-03-23T11:36:21+00:00\" \/>\n<meta name=\"twitter:card\" content=\"summary_large_image\" \/>\n<meta name=\"twitter:label1\" content=\"Dur\u00e9e de lecture estim\u00e9e\" \/>\n\t<meta name=\"twitter:data1\" content=\"3 minutes\" \/>\n<!-- \/ Yoast SEO plugin. -->","yoast_head_json":{"title":"Locations - Phone Locker","robots":{"index":"index","follow":"follow","max-snippet":"max-snippet:-1","max-image-preview":"max-image-preview:large","max-video-preview":"max-video-preview:-1"},"canonical":"https:\/\/phonelocker.com\/fr\/location\/","og_locale":"fr_FR","og_type":"article","og_title":"Locations - Phone Locker","og_url":"https:\/\/phonelocker.com\/fr\/location\/","og_site_name":"Phone Locker","article_modified_time":"2026-03-23T11:36:21+00:00","twitter_card":"summary_large_image","twitter_misc":{"Dur\u00e9e de lecture estim\u00e9e":"3 minutes"},"schema":{"@context":"https:\/\/schema.org","@graph":[{"@type":"WebPage","@id":"https:\/\/phonelocker.com\/location\/","url":"https:\/\/phonelocker.com\/location\/","name":"Locations - Phone Locker","isPartOf":{"@id":"https:\/\/phonelocker.com\/#website"},"datePublished":"2024-03-27T06:55:47+00:00","dateModified":"2026-03-23T11:36:21+00:00","breadcrumb":{"@id":"https:\/\/phonelocker.com\/location\/#breadcrumb"},"inLanguage":"fr-FR","potentialAction":[{"@type":"ReadAction","target":["https:\/\/phonelocker.com\/location\/"]}]},{"@type":"BreadcrumbList","@id":"https:\/\/phonelocker.com\/location\/#breadcrumb","itemListElement":[{"@type":"ListItem","position":1,"name":"Home","item":"https:\/\/phonelocker.com\/"},{"@type":"ListItem","position":2,"name":"Locations"}]},{"@type":"WebSite","@id":"https:\/\/phonelocker.com\/#website","url":"https:\/\/phonelocker.com\/","name":"Casier de t\u00e9l\u00e9phone","description":"Pochette pour t\u00e9l\u00e9phone verrouillable","potentialAction":[{"@type":"SearchAction","target":{"@type":"EntryPoint","urlTemplate":"https:\/\/phonelocker.com\/?s={search_term_string}"},"query-input":{"@type":"PropertyValueSpecification","valueRequired":true,"valueName":"search_term_string"}}],"inLanguage":"fr-FR"}]}},"_links":{"self":[{"href":"https:\/\/phonelocker.com\/fr\/wp-json\/wp\/v2\/pages\/679","targetHints":{"allow":["GET"]}}],"collection":[{"href":"https:\/\/phonelocker.com\/fr\/wp-json\/wp\/v2\/pages"}],"about":[{"href":"https:\/\/phonelocker.com\/fr\/wp-json\/wp\/v2\/types\/page"}],"author":[{"embeddable":true,"href":"https:\/\/phonelocker.com\/fr\/wp-json\/wp\/v2\/users\/1"}],"replies":[{"embeddable":true,"href":"https:\/\/phonelocker.com\/fr\/wp-json\/wp\/v2\/comments?post=679"}],"version-history":[{"count":22,"href":"https:\/\/phonelocker.com\/fr\/wp-json\/wp\/v2\/pages\/679\/revisions"}],"predecessor-version":[{"id":3372,"href":"https:\/\/phonelocker.com\/fr\/wp-json\/wp\/v2\/pages\/679\/revisions\/3372"}],"wp:attachment":[{"href":"https:\/\/phonelocker.com\/fr\/wp-json\/wp\/v2\/media?parent=679"}],"curies":[{"name":"wp","href":"https:\/\/api.w.org\/{rel}","templated":true}]}}