{"id":706,"date":"2024-03-28T06:33:29","date_gmt":"2024-03-28T06:33:29","guid":{"rendered":"https:\/\/phonelocker.com\/?page_id=706"},"modified":"2026-04-08T15:38:48","modified_gmt":"2026-04-08T15:38:48","slug":"north-america","status":"publish","type":"page","link":"https:\/\/phonelocker.com\/fr\/north-america\/","title":{"rendered":"Am\u00e9rique du Nord"},"content":{"rendered":"<div class=\"banner has-hover\" id=\"banner-1414760292\">\n          <div class=\"banner-inner fill\">\n        <div class=\"banner-bg fill\" >\n            <div class=\"bg fill bg-fill\"><\/div>\n                                    \n                    <\/div>\n        <div class=\"banner-layers container\">\n            <div class=\"fill banner-link\"><\/div>            \n   <div id=\"text-box-1215116560\" class=\"text-box banner-layer x50 md-x50 lg-x50 y50 md-y50 lg-y50 res-text\">\n                                <div class=\"text-box-content text dark\">\n              \n              <div class=\"text-inner text-center\">\n                  \n<h3 class=\"uppercase\"><strong>Solutions sans t\u00e9l\u00e9phone en Am\u00e9rique du Nord, centrale et du Sud<\/strong><\/h3>\n<p>Trouvez des informations et du soutien pour les \u00e9coles, les \u00e9v\u00e9nements et les organisations qui utilisent Phone Locker\u00ae afin de cr\u00e9er des environnements sans t\u00e9l\u00e9phone et propices \u00e0 la concentration dans tout le pays.<\/p>\n<p>S\u00e9lectionnez votre pays pour en savoir plus.<\/p>\n              <\/div>\n           <\/div>\n                            \n<style>\n#text-box-1215116560 {\n  width: 60%;\n}\n#text-box-1215116560 .text-box-content {\n  font-size: 100%;\n}\n<\/style>\n    <\/div>\n \n        <\/div>\n      <\/div>\n\n            \n<style>\n#banner-1414760292 {\n  padding-top: 500px;\n  background-color: rgb(1, 181, 122);\n}\n<\/style>\n  <\/div>\n\n\n<div class=\"container section-title-container\" ><h3 class=\"section-title section-title-center\"><b><\/b><span class=\"section-title-main\" >Choisis ton pays<\/span><b><\/b><\/h3><\/div>\n<div class=\"row\"  id=\"row-500858704\">\n\n\t<div id=\"col-552698010\" class=\"col medium-4 small-12 large-4\"  >\n\t\t<div class=\"col-inner\"  >\n\t\t\t\n\t\t\t\n<p><img decoding=\"async\" class=\"alignnonewp-image-3036 aligncenter\" src=\"https:\/\/phonelocker.com\/wp-content\/uploads\/2026\/02\/United-states_flag_icon_round.svg-300x300.png\" alt=\"\" width=\"45\" height=\"45\" srcset=\"https:\/\/phonelocker.com\/wp-content\/uploads\/2026\/02\/United-states_flag_icon_round.svg-300x300.png 300w, https:\/\/phonelocker.com\/wp-content\/uploads\/2026\/02\/United-states_flag_icon_round.svg-1024x1024.png 1024w, https:\/\/phonelocker.com\/wp-content\/uploads\/2026\/02\/United-states_flag_icon_round.svg-150x150.png 150w, https:\/\/phonelocker.com\/wp-content\/uploads\/2026\/02\/United-states_flag_icon_round.svg-768x768.png 768w, https:\/\/phonelocker.com\/wp-content\/uploads\/2026\/02\/United-states_flag_icon_round.svg-12x12.png 12w, https:\/\/phonelocker.com\/wp-content\/uploads\/2026\/02\/United-states_flag_icon_round.svg.png 1280w\" sizes=\"(max-width: 45px) 100vw, 45px\" \/><\/p>\n<p style=\"text-align: center;\"><a href=\"https:\/\/phonelocker.com\/fr\/north-america\/contact-sales-north-america\/\">USA<\/a><\/p>\n\t\t<\/div>\n\t\t\t<\/div>\n\n\t\n\n\t<div id=\"col-1104688244\" class=\"col medium-4 small-12 large-4\"  >\n\t\t<div class=\"col-inner\"  >\n\t\t\t\n\t\t\t\n<p style=\"text-align: center;\"><a href=\"\/fr\/canada\/contact-sales\/\"><img decoding=\"async\" class=\"aligncenter\" title=\"\" src=\"https:\/\/img.icons8.com\/color\/48\/canada-circular.png\" alt=\"\" \/> <\/a><br \/><a href=\"\/fr\/canada\/contact-sales\/\">Canada<\/a><\/p>\n\t\t<\/div>\n\t\t\t<\/div>\n\n\t\n\n\t<div id=\"col-566200187\" class=\"col medium-4 small-12 large-4\"  >\n\t\t<div class=\"col-inner\"  >\n\t\t\t\n\t\t\t\n<p style=\"text-align: center;\"><img decoding=\"async\" class=\"alignnonewp-image-3377\" src=\"https:\/\/phonelocker.com\/wp-content\/uploads\/2026\/03\/mexico-flag.png\" alt=\"\" width=\"40\" height=\"40\" srcset=\"https:\/\/phonelocker.com\/wp-content\/uploads\/2026\/03\/mexico-flag.png 250w, https:\/\/phonelocker.com\/wp-content\/uploads\/2026\/03\/mexico-flag-150x150.png 150w, https:\/\/phonelocker.com\/wp-content\/uploads\/2026\/03\/mexico-flag-12x12.png 12w\" sizes=\"(max-width: 40px) 100vw, 40px\" \/><\/p>\n<p style=\"text-align: center;\"><a href=\"https:\/\/phonelocker.com\/fr\/mexico\/contact-sales\/\">Mexique<\/a><\/p>\n\t\t<\/div>\n\t\t\t<\/div>\n\n\t\n<\/div>","protected":false},"excerpt":{"rendered":"","protected":false},"author":1,"featured_media":0,"parent":0,"menu_order":0,"comment_status":"closed","ping_status":"closed","template":"","meta":{"footnotes":""},"class_list":["post-706","page","type-page","status-publish","hentry"],"yoast_head":"<!-- This site is optimized with the Yoast SEO plugin v27.1.1 - https:\/\/yoast.com\/product\/yoast-seo-wordpress\/ -->\n<title>North America - Phone Locker<\/title>\n<meta name=\"robots\" content=\"index, follow, max-snippet:-1, max-image-preview:large, max-video-preview:-1\" \/>\n<link rel=\"canonical\" href=\"https:\/\/phonelocker.com\/fr\/north-america\/\" \/>\n<meta property=\"og:locale\" content=\"fr_FR\" \/>\n<meta property=\"og:type\" content=\"article\" \/>\n<meta property=\"og:title\" content=\"North America - Phone Locker\" \/>\n<meta property=\"og:url\" content=\"https:\/\/phonelocker.com\/fr\/north-america\/\" \/>\n<meta property=\"og:site_name\" content=\"Phone Locker\" \/>\n<meta property=\"article:modified_time\" content=\"2026-04-08T15:38:48+00:00\" \/>\n<meta property=\"og:image\" content=\"https:\/\/phonelocker.com\/wp-content\/uploads\/2026\/02\/United-states_flag_icon_round.svg-300x300.png\" \/>\n<meta name=\"twitter:card\" content=\"summary_large_image\" \/>\n<meta name=\"twitter:label1\" content=\"Dur\u00e9e de lecture estim\u00e9e\" \/>\n\t<meta name=\"twitter:data1\" content=\"1 minute\" \/>\n<!-- \/ Yoast SEO plugin. -->","yoast_head_json":{"title":"Am\u00e9rique du Nord - Coffre-fort t\u00e9l\u00e9phonique","robots":{"index":"index","follow":"follow","max-snippet":"max-snippet:-1","max-image-preview":"max-image-preview:large","max-video-preview":"max-video-preview:-1"},"canonical":"https:\/\/phonelocker.com\/fr\/north-america\/","og_locale":"fr_FR","og_type":"article","og_title":"North America - Phone Locker","og_url":"https:\/\/phonelocker.com\/fr\/north-america\/","og_site_name":"Phone Locker","article_modified_time":"2026-04-08T15:38:48+00:00","og_image":[{"url":"https:\/\/phonelocker.com\/wp-content\/uploads\/2026\/02\/United-states_flag_icon_round.svg-300x300.png","type":"","width":"","height":""}],"twitter_card":"summary_large_image","twitter_misc":{"Dur\u00e9e de lecture estim\u00e9e":"1 minute"},"schema":{"@context":"https:\/\/schema.org","@graph":[{"@type":"WebPage","@id":"https:\/\/phonelocker.com\/north-america\/","url":"https:\/\/phonelocker.com\/north-america\/","name":"Am\u00e9rique du Nord - Coffre-fort t\u00e9l\u00e9phonique","isPartOf":{"@id":"https:\/\/phonelocker.com\/#website"},"primaryImageOfPage":{"@id":"https:\/\/phonelocker.com\/north-america\/#primaryimage"},"image":{"@id":"https:\/\/phonelocker.com\/north-america\/#primaryimage"},"thumbnailUrl":"https:\/\/phonelocker.com\/wp-content\/uploads\/2026\/02\/United-states_flag_icon_round.svg-300x300.png","datePublished":"2024-03-28T06:33:29+00:00","dateModified":"2026-04-08T15:38:48+00:00","breadcrumb":{"@id":"https:\/\/phonelocker.com\/north-america\/#breadcrumb"},"inLanguage":"fr-FR","potentialAction":[{"@type":"ReadAction","target":["https:\/\/phonelocker.com\/north-america\/"]}]},{"@type":"ImageObject","inLanguage":"fr-FR","@id":"https:\/\/phonelocker.com\/north-america\/#primaryimage","url":"https:\/\/phonelocker.com\/wp-content\/uploads\/2026\/02\/United-states_flag_icon_round.svg-300x300.png","contentUrl":"https:\/\/phonelocker.com\/wp-content\/uploads\/2026\/02\/United-states_flag_icon_round.svg-300x300.png"},{"@type":"BreadcrumbList","@id":"https:\/\/phonelocker.com\/north-america\/#breadcrumb","itemListElement":[{"@type":"ListItem","position":1,"name":"Home","item":"https:\/\/phonelocker.com\/"},{"@type":"ListItem","position":2,"name":"North America"}]},{"@type":"WebSite","@id":"https:\/\/phonelocker.com\/#website","url":"https:\/\/phonelocker.com\/","name":"Casier de t\u00e9l\u00e9phone","description":"Pochette pour t\u00e9l\u00e9phone verrouillable","potentialAction":[{"@type":"SearchAction","target":{"@type":"EntryPoint","urlTemplate":"https:\/\/phonelocker.com\/?s={search_term_string}"},"query-input":{"@type":"PropertyValueSpecification","valueRequired":true,"valueName":"search_term_string"}}],"inLanguage":"fr-FR"}]}},"_links":{"self":[{"href":"https:\/\/phonelocker.com\/fr\/wp-json\/wp\/v2\/pages\/706","targetHints":{"allow":["GET"]}}],"collection":[{"href":"https:\/\/phonelocker.com\/fr\/wp-json\/wp\/v2\/pages"}],"about":[{"href":"https:\/\/phonelocker.com\/fr\/wp-json\/wp\/v2\/types\/page"}],"author":[{"embeddable":true,"href":"https:\/\/phonelocker.com\/fr\/wp-json\/wp\/v2\/users\/1"}],"replies":[{"embeddable":true,"href":"https:\/\/phonelocker.com\/fr\/wp-json\/wp\/v2\/comments?post=706"}],"version-history":[{"count":20,"href":"https:\/\/phonelocker.com\/fr\/wp-json\/wp\/v2\/pages\/706\/revisions"}],"predecessor-version":[{"id":3490,"href":"https:\/\/phonelocker.com\/fr\/wp-json\/wp\/v2\/pages\/706\/revisions\/3490"}],"wp:attachment":[{"href":"https:\/\/phonelocker.com\/fr\/wp-json\/wp\/v2\/media?parent=706"}],"curies":[{"name":"wp","href":"https:\/\/api.w.org\/{rel}","templated":true}]}}