{"id":842,"date":"2024-04-08T07:25:57","date_gmt":"2024-04-08T07:25:57","guid":{"rendered":"https:\/\/phonelocker.com\/?page_id=842"},"modified":"2026-03-23T10:42:12","modified_gmt":"2026-03-23T10:42:12","slug":"contact-sales","status":"publish","type":"page","link":"https:\/\/phonelocker.com\/fr\/poland\/contact-sales\/","title":{"rendered":"contact-vente"},"content":{"rendered":"<div class=\"banner has-hover\" id=\"banner-299425469\">\n          <div class=\"banner-inner fill\">\n        <div class=\"banner-bg fill\" >\n            <div class=\"bg fill bg-fill\"><\/div>\n                                    \n                    <\/div>\n        <div class=\"banner-layers container\">\n            <div class=\"fill banner-link\"><\/div>            \n   <div id=\"text-box-1907907424\" class=\"text-box banner-layer x50 md-x50 lg-x50 y50 md-y50 lg-y50 res-text\">\n                                <div class=\"text-box-content text dark\">\n              \n              <div class=\"text-inner text-center\">\n                  \n<h6>Votre pays<\/h6>\n<h2>Casier de t\u00e9l\u00e9phone<sup>\u00ae<\/sup> en Pologne<\/h2>\n<p>Casier de t\u00e9l\u00e9phone<sup>\u00ae<\/sup> aide les \u00e9coles, les coll\u00e8ges, les \u00e9v\u00e9nements et les organisations \u00e0 travers la Pologne \u00e0<b>\u00a0<\/b>Cr\u00e9ez des espaces calmes, propices \u00e0 la concentration et sans t\u00e9l\u00e9phone. Notre syst\u00e8me de pochettes verrouillables permet de garder son t\u00e9l\u00e9phone \u00e0 port\u00e9e de main tout en \u00e9vitant son utilisation aux moments les plus importants\u00a0: en classe, lors d\u2019examens, de spectacles, de conf\u00e9rences ou de formations. Facile \u00e0 mettre en place et con\u00e7u pour favoriser le bien-\u00eatre, l\u2019attention et un comportement positif, Phone Locker<sup>\u00ae<\/sup> offre une solution pratique pour instaurer des environnements sans t\u00e9l\u00e9phone portable sans confiscation ni perturbation.<\/p>\n              <\/div>\n           <\/div>\n                            \n<style>\n#text-box-1907907424 {\n  width: 60%;\n}\n#text-box-1907907424 .text-box-content {\n  font-size: 100%;\n}\n<\/style>\n    <\/div>\n \n        <\/div>\n      <\/div>\n\n            \n<style>\n#banner-299425469 {\n  padding-top: 500px;\n}\n<\/style>\n  <\/div>\n\n\n<div class=\"container section-title-container\" ><h3 class=\"section-title section-title-center\"><b><\/b><span class=\"section-title-main\" >Demande d&#039;informations<\/span><b><\/b><\/h3><\/div>\n\t<section class=\"section\" id=\"section_505815060\">\n\t\t<div class=\"bg section-bg fill bg-fill  bg-loaded\" >\n\n\t\t\t\n\t\t\t<div class=\"section-bg-overlay absolute fill\"><\/div>\n\t\t\t\n\t<div class=\"is-border\"\n\t\tstyle=\"border-width:0px 0px 0px 0px;\">\n\t<\/div>\n\n\t\t<\/div>\n\n\t\t<div class=\"section-content relative\">\n\t\t\t\n<div class=\"row row-large align-middle\"  id=\"row-1032318666\">\n\n\t<div id=\"col-1384490929\" class=\"col medium-6 small-12 large-6\"  >\n\t\t<div class=\"col-inner\"  >\n\t\t\t\n\t\t\t\n\t<div class=\"img has-hover x md-x lg-x y md-y lg-y\" id=\"image_510311258\">\n\t\t\t\t\t\t\t\t<div class=\"img-inner dark\" >\n\t\t\t<img decoding=\"async\" width=\"1020\" height=\"1020\" src=\"https:\/\/phonelocker.com\/wp-content\/uploads\/2026\/01\/phonelockerpouch-clear-1024x1024.png\" class=\"attachment-large size-large\" alt=\"\" srcset=\"https:\/\/phonelocker.com\/wp-content\/uploads\/2026\/01\/phonelockerpouch-clear-1024x1024.png 1024w, https:\/\/phonelocker.com\/wp-content\/uploads\/2026\/01\/phonelockerpouch-clear-300x300.png 300w, https:\/\/phonelocker.com\/wp-content\/uploads\/2026\/01\/phonelockerpouch-clear-150x150.png 150w, https:\/\/phonelocker.com\/wp-content\/uploads\/2026\/01\/phonelockerpouch-clear-768x768.png 768w, https:\/\/phonelocker.com\/wp-content\/uploads\/2026\/01\/phonelockerpouch-clear-1536x1536.png 1536w, https:\/\/phonelocker.com\/wp-content\/uploads\/2026\/01\/phonelockerpouch-clear-2048x2048.png 2048w, https:\/\/phonelocker.com\/wp-content\/uploads\/2026\/01\/phonelockerpouch-clear-12x12.png 12w\" sizes=\"(max-width: 1020px) 100vw, 1020px\" \/>\t\t\t\t\t\t\n\t\t\t\t\t<\/div>\n\t\t\t\t\t\t\t\t\n<style>\n#image_510311258 {\n  width: 100%;\n}\n<\/style>\n\t<\/div>\n\t\n\t<div class=\"img has-hover x md-x lg-x y md-y lg-y\" id=\"image_2052658703\">\n\t\t\t\t\t\t\t\t<div class=\"img-inner box-shadow-2 dark\" >\n\t\t\t\t\t\t\t\t\t\n\t\t\t\t\t<\/div>\n\t\t\t\t\t\t\t\t\n<style>\n#image_2052658703 {\n  width: 100%;\n}\n<\/style>\n\t<\/div>\n\t\n\t\t<\/div>\n\t\t\t<\/div>\n\n\t\n\n\t<div id=\"col-1576035325\" class=\"col medium-6 small-12 large-6\"  >\n\t\t<div class=\"col-inner text-left\"  >\n\t\t\t\n\t\t\t\n<p data-start=\"2290\" data-end=\"2371\">Si vous recherchez des solutions sans t\u00e9l\u00e9phone en Pologne, nous serions ravis de vous aider.<\/p>\n<ul data-start=\"2373\" data-end=\"2467\">\n<li data-start=\"2373\" data-end=\"2394\">\n<p data-start=\"2375\" data-end=\"2394\">Demande d&#039;informations<\/p>\n<\/li>\n<li data-start=\"2395\" data-end=\"2414\">\n<p data-start=\"2397\" data-end=\"2414\">Renseignez-vous sur les prix<\/p>\n<\/li>\n<li data-start=\"2415\" data-end=\"2438\">\n<p data-start=\"2417\" data-end=\"2438\">Demandez un \u00e9chantillon.<\/p>\n<\/li>\n<li data-start=\"2439\" data-end=\"2467\">\n<p data-start=\"2441\" data-end=\"2467\">Parlez \u00e0 un partenaire local<\/p>\n<\/li>\n<\/ul>\n<a rel=\"noopener noreferrer\" href=\"https:\/\/phonelocker.com\/fr\/how-it-works\/\" target=\"_blank\" class=\"button primary\"  >\n    <span>D\u00e9couvrez comment fonctionne le casier t\u00e9l\u00e9phonique<sup>\u00ae<\/sup> La pochette fonctionne<\/span>\n  <\/a>\n\n\t\t<\/div>\n\t\t\t<\/div>\n\n\t\n<\/div>\n\t\t<\/div>\n\n\t\t\n<style>\n#section_505815060 {\n  padding-top: 20px;\n  padding-bottom: 20px;\n}\n#section_505815060 .section-bg-overlay {\n  background-color: rgba(255, 255, 255, 0.85);\n}\n<\/style>\n\t<\/section>\n\t\n<div class=\"message-box relative dark\" style=\"padding-top:36px;padding-bottom:36px;\"><div class=\"message-box-bg-image bg-fill fill\" ><\/div><div class=\"message-box-bg-overlay bg-fill fill\" style=\"background-color:rgb(6, 180, 122);\"><\/div><div class=\"container relative\"><div class=\"inner last-reset\">\n<div class=\"row align-middle\"  id=\"row-1301011529\">\n\n\t<div id=\"col-892274363\" class=\"col medium-7 small-12 large-7\"  >\n\t\t<div class=\"col-inner\"  >\n\t\t\t\n\t\t\t\n<h2 class=\"text--center\">Entrer en contact.<\/h2>\n<p>Pour des conseils sur la fa\u00e7on de se passer de t\u00e9l\u00e9phone avec Phone Locker<sup>\u00ae<\/sup>, Contactez-nous d\u00e8s aujourd&#039;hui.<\/p>\n\t\t<\/div>\n\t\t\t<\/div>\n\n\t\n<\/div>\n<iframe height=\"600px\" width=\"100%\" frameborder=\"0\" allow=\"geolocation;microphone;camera\" src=\"https:\/\/zfrmz.com\/ra2RwaFQAG0mJTHtFNHh\"> <\/iframe>\n<\/div><\/div><\/div>","protected":false},"excerpt":{"rendered":"","protected":false},"author":1,"featured_media":0,"parent":968,"menu_order":0,"comment_status":"closed","ping_status":"closed","template":"","meta":{"footnotes":""},"class_list":["post-842","page","type-page","status-publish","hentry"],"yoast_head":"<!-- This site is optimized with the Yoast SEO plugin v27.1.1 - https:\/\/yoast.com\/product\/yoast-seo-wordpress\/ -->\n<title>contact-sales - Phone Locker<\/title>\n<meta name=\"robots\" content=\"index, follow, max-snippet:-1, max-image-preview:large, max-video-preview:-1\" \/>\n<link rel=\"canonical\" href=\"https:\/\/phonelocker.com\/fr\/poland\/contact-sales\/\" \/>\n<meta property=\"og:locale\" content=\"fr_FR\" \/>\n<meta property=\"og:type\" content=\"article\" \/>\n<meta property=\"og:title\" content=\"contact-sales - Phone Locker\" \/>\n<meta property=\"og:url\" content=\"https:\/\/phonelocker.com\/fr\/poland\/contact-sales\/\" \/>\n<meta property=\"og:site_name\" content=\"Phone Locker\" \/>\n<meta property=\"article:modified_time\" content=\"2026-03-23T10:42:12+00:00\" \/>\n<meta name=\"twitter:card\" content=\"summary_large_image\" \/>\n<meta name=\"twitter:label1\" content=\"Dur\u00e9e de lecture estim\u00e9e\" \/>\n\t<meta name=\"twitter:data1\" content=\"1 minute\" \/>\n<!-- \/ Yoast SEO plugin. -->","yoast_head_json":{"title":"Ventes par contact - Coffre-fort t\u00e9l\u00e9phonique","robots":{"index":"index","follow":"follow","max-snippet":"max-snippet:-1","max-image-preview":"max-image-preview:large","max-video-preview":"max-video-preview:-1"},"canonical":"https:\/\/phonelocker.com\/fr\/poland\/contact-sales\/","og_locale":"fr_FR","og_type":"article","og_title":"contact-sales - Phone Locker","og_url":"https:\/\/phonelocker.com\/fr\/poland\/contact-sales\/","og_site_name":"Phone Locker","article_modified_time":"2026-03-23T10:42:12+00:00","twitter_card":"summary_large_image","twitter_misc":{"Dur\u00e9e de lecture estim\u00e9e":"1 minute"},"schema":{"@context":"https:\/\/schema.org","@graph":[{"@type":"WebPage","@id":"https:\/\/phonelocker.com\/poland\/contact-sales\/","url":"https:\/\/phonelocker.com\/poland\/contact-sales\/","name":"Ventes par contact - Coffre-fort t\u00e9l\u00e9phonique","isPartOf":{"@id":"https:\/\/phonelocker.com\/#website"},"datePublished":"2024-04-08T07:25:57+00:00","dateModified":"2026-03-23T10:42:12+00:00","breadcrumb":{"@id":"https:\/\/phonelocker.com\/poland\/contact-sales\/#breadcrumb"},"inLanguage":"fr-FR","potentialAction":[{"@type":"ReadAction","target":["https:\/\/phonelocker.com\/poland\/contact-sales\/"]}]},{"@type":"BreadcrumbList","@id":"https:\/\/phonelocker.com\/poland\/contact-sales\/#breadcrumb","itemListElement":[{"@type":"ListItem","position":1,"name":"Home","item":"https:\/\/phonelocker.com\/"},{"@type":"ListItem","position":2,"name":"Poland","item":"https:\/\/phonelocker.com\/poland\/"},{"@type":"ListItem","position":3,"name":"contact-sales"}]},{"@type":"WebSite","@id":"https:\/\/phonelocker.com\/#website","url":"https:\/\/phonelocker.com\/","name":"Casier de t\u00e9l\u00e9phone","description":"Pochette pour t\u00e9l\u00e9phone verrouillable","potentialAction":[{"@type":"SearchAction","target":{"@type":"EntryPoint","urlTemplate":"https:\/\/phonelocker.com\/?s={search_term_string}"},"query-input":{"@type":"PropertyValueSpecification","valueRequired":true,"valueName":"search_term_string"}}],"inLanguage":"fr-FR"}]}},"_links":{"self":[{"href":"https:\/\/phonelocker.com\/fr\/wp-json\/wp\/v2\/pages\/842","targetHints":{"allow":["GET"]}}],"collection":[{"href":"https:\/\/phonelocker.com\/fr\/wp-json\/wp\/v2\/pages"}],"about":[{"href":"https:\/\/phonelocker.com\/fr\/wp-json\/wp\/v2\/types\/page"}],"author":[{"embeddable":true,"href":"https:\/\/phonelocker.com\/fr\/wp-json\/wp\/v2\/users\/1"}],"replies":[{"embeddable":true,"href":"https:\/\/phonelocker.com\/fr\/wp-json\/wp\/v2\/comments?post=842"}],"version-history":[{"count":13,"href":"https:\/\/phonelocker.com\/fr\/wp-json\/wp\/v2\/pages\/842\/revisions"}],"predecessor-version":[{"id":3363,"href":"https:\/\/phonelocker.com\/fr\/wp-json\/wp\/v2\/pages\/842\/revisions\/3363"}],"up":[{"embeddable":true,"href":"https:\/\/phonelocker.com\/fr\/wp-json\/wp\/v2\/pages\/968"}],"wp:attachment":[{"href":"https:\/\/phonelocker.com\/fr\/wp-json\/wp\/v2\/media?parent=842"}],"curies":[{"name":"wp","href":"https:\/\/api.w.org\/{rel}","templated":true}]}}