{"id":179,"date":"2021-06-20T15:37:20","date_gmt":"2021-06-20T15:37:20","guid":{"rendered":"https:\/\/ec2-54-66-210-245.ap-southeast-2.compute.amazonaws.com\/?page_id=179"},"modified":"2026-03-19T10:47:21","modified_gmt":"2026-03-19T10:47:21","slug":"product-benefits","status":"publish","type":"page","link":"https:\/\/phonelocker.com\/it\/product-benefits\/","title":{"rendered":"Vantaggi di Phone Locker\u00ae"},"content":{"rendered":"<div class=\"banner has-hover\" id=\"banner-29935982\">\n          <div class=\"banner-inner fill\">\n        <div class=\"banner-bg fill\" >\n            <div class=\"bg fill bg-fill\"><\/div>\n                                    \n                    <\/div>\n        <div class=\"banner-layers container\">\n            <div class=\"fill banner-link\"><\/div>            \n   <div id=\"text-box-1613384096\" class=\"text-box banner-layer x5 md-x5 lg-x5 y95 md-y50 lg-y50 res-text\">\n                                <div class=\"text-box-content text box-shadow-1\">\n              \n              <div class=\"text-inner text-left\">\n                  \n<h6>La nostra soluzione<\/h6>\n<h3 class=\"uppercase\">Progettiamo soluzioni senza telefono che funzionano<\/h3>\n<p>Presso Phone Locker<sup>\u00ae<\/sup>, Crediamo che mettere via il telefono significhi molto pi\u00f9 che eliminare una distrazione: significa sbloccare qualcosa di pi\u00f9 grande. Le nostre custodie creano spazi in cui le persone possono essere pienamente presenti, in cui l&#039;attenzione \u00e8 indivisa e in cui prospera una vera connessione.<\/p>\n<a rel=\"noopener noreferrer\" href=\"https:\/\/phonelocker.com\/it\/contact\/\" target=\"_blank\" class=\"button primary is-gradient\"  >\n    <span>Contattaci<\/span>\n  <\/a>\n\n              <\/div>\n           <\/div>\n                            \n<style>\n#text-box-1613384096 .text-box-content {\n  background-color: rgba(255, 255, 255, 0.94);\n  font-size: 100%;\n}\n#text-box-1613384096 .text-inner {\n  padding: 30px 30px 30px 30px;\n}\n#text-box-1613384096 {\n  width: 90%;\n}\n@media (min-width:550px) {\n  #text-box-1613384096 {\n    width: 44%;\n  }\n}\n<\/style>\n    <\/div>\n \n        <\/div>\n      <\/div>\n\n            \n<style>\n#banner-29935982 {\n  padding-top: 637px;\n}\n#banner-29935982 .bg.bg-loaded {\n  background-image: url(https:\/\/phonelocker.com\/wp-content\/uploads\/2026\/01\/P1301663-scaled.jpg);\n}\n#banner-29935982 .bg {\n  background-position: 62% 60%;\n}\n<\/style>\n  <\/div>\n\n\n\t<section class=\"section\" id=\"section_1050748290\">\n\t\t<div class=\"bg section-bg fill bg-fill  bg-loaded\" >\n\n\t\t\t\n\t\t\t<div class=\"section-bg-overlay absolute fill\"><\/div>\n\t\t\t\n\t<div class=\"is-border\"\n\t\tstyle=\"border-width:1px 0px 1px 0px;\">\n\t<\/div>\n\n\t\t<\/div>\n\n\t\t<div class=\"section-content relative\">\n\t\t\t\n<div class=\"row row-large align-middle\"  id=\"row-592413345\">\n\n\t<div id=\"col-222377430\" class=\"col small-12 large-12\"  >\n\t\t<div class=\"col-inner\"  >\n\t\t\t\n\t\t\t\n<p style=\"text-align: center;\"><strong>Per scuole, teatri, luoghi di lavoro ed eventi dal vivo, Phone Locker<sup>\u00ae<\/sup> Ripristina la concentrazione, la fiducia e la riservatezza. Per i singoli individui, offre rassicurazione: il telefono \u00e8 sempre con te, ma la costante attrazione delle notifiche scompare. Il risultato \u00e8 una rara libert\u00e0: la libert\u00e0 di pensare con chiarezza, di collaborare apertamente e di vivere i momenti come dovrebbero essere.<\/strong><\/p>\n<p style=\"text-align: center;\">Armadietto telefonico<sup>\u00ae<\/sup> Non si limita a proteggere i dispositivi. Aiuta le organizzazioni e le comunit\u00e0 a recuperare ci\u00f2 che conta di pi\u00f9: l&#039;attenzione, la connessione e l&#039;esperienza autentica.<\/p>\n\t\t<\/div>\n\t\t\t<\/div>\n\n\t\n<\/div>\n\t\t<\/div>\n\n\t\t\n<style>\n#section_1050748290 {\n  padding-top: 20px;\n  padding-bottom: 20px;\n  background-color: rgb(255, 255, 255);\n}\n#section_1050748290 .section-bg-overlay {\n  background-color: rgba(255, 255, 255, 0.85);\n}\n<\/style>\n\t<\/section>\n\t\n\t<section class=\"section\" id=\"section_1478198094\">\n\t\t<div class=\"bg section-bg fill bg-fill  bg-loaded\" >\n\n\t\t\t\n\t\t\t<div class=\"section-bg-overlay absolute fill\"><\/div>\n\t\t\t\n\n\t\t<\/div>\n\n\t\t<div class=\"section-content relative\">\n\t\t\t\n<div class=\"container section-title-container\" ><h1 class=\"section-title section-title-center\"><b><\/b><span class=\"section-title-main\" >vantaggi del prodotto<\/span><b><\/b><\/h1><\/div>\n<div class=\"row row-large align-middle\"  id=\"row-528722561\">\n\n\t<div id=\"col-384306875\" class=\"col medium-6 small-12 large-6\"  >\n\t\t<div class=\"col-inner text-left\"  >\n\t\t\t\n\t\t\t\n<h3>Fatto per il tuo spazio<\/h3>\n<p>Le nostre custodie per telefono con serratura sono semplici da usare, sufficientemente resistenti per ambienti multiuso e disponibili con un marchio personalizzato a colori per adattarsi alla tua scuola, sede o organizzazione.<\/p>\n<h3>Utilizzo sicuro, senza interruzioni, con un solo tocco<\/h3>\n<p>Il sistema di blocco e sblocco con un solo tocco semplifica la gestione del telefono. Nessun rallentamento. Nessuna coda. Solo un&#039;esperienza fluida che mantiene le persone motivate e rende i momenti significativi.<\/p>\n\t\t<\/div>\n\t\t\t<\/div>\n\n\t\n\n\t<div id=\"col-461908634\" class=\"col medium-6 small-12 large-6\"  >\n\t\t<div class=\"col-inner\"  >\n\t\t\t\n\t\t\t\n\t<div class=\"img has-hover x md-x lg-x y md-y lg-y\" id=\"image_477329964\">\n\t\t\t\t\t\t\t\t<div class=\"img-inner dark\" >\n\t\t\t<img decoding=\"async\" width=\"1020\" height=\"1020\" src=\"https:\/\/phonelocker.com\/wp-content\/uploads\/2026\/02\/Lockable-Magnet-Case-5-1024x1024.jpg\" class=\"attachment-large size-large\" alt=\"\" srcset=\"https:\/\/phonelocker.com\/wp-content\/uploads\/2026\/02\/Lockable-Magnet-Case-5-1024x1024.jpg 1024w, https:\/\/phonelocker.com\/wp-content\/uploads\/2026\/02\/Lockable-Magnet-Case-5-300x300.jpg 300w, https:\/\/phonelocker.com\/wp-content\/uploads\/2026\/02\/Lockable-Magnet-Case-5-150x150.jpg 150w, https:\/\/phonelocker.com\/wp-content\/uploads\/2026\/02\/Lockable-Magnet-Case-5-768x768.jpg 768w, https:\/\/phonelocker.com\/wp-content\/uploads\/2026\/02\/Lockable-Magnet-Case-5-1536x1536.jpg 1536w, https:\/\/phonelocker.com\/wp-content\/uploads\/2026\/02\/Lockable-Magnet-Case-5-12x12.jpg 12w, https:\/\/phonelocker.com\/wp-content\/uploads\/2026\/02\/Lockable-Magnet-Case-5.jpg 2000w\" sizes=\"(max-width: 1020px) 100vw, 1020px\" \/>\t\t\t\t\t\t\n\t\t\t\t\t<\/div>\n\t\t\t\t\t\t\t\t\n<style>\n#image_477329964 {\n  width: 100%;\n}\n<\/style>\n\t<\/div>\n\t\n\t<div class=\"img has-hover x md-x lg-x y md-y lg-y\" id=\"image_2100022938\">\n\t\t\t\t\t\t\t\t<div class=\"img-inner box-shadow-2 dark\" >\n\t\t\t\t\t\t\t\t\t\n\t\t\t\t\t<\/div>\n\t\t\t\t\t\t\t\t\n<style>\n#image_2100022938 {\n  width: 100%;\n}\n<\/style>\n\t<\/div>\n\t\n\t\t<\/div>\n\t\t\t<\/div>\n\n\t\n<\/div>\n\t\t<\/div>\n\n\t\t\n<style>\n#section_1478198094 {\n  padding-top: 20px;\n  padding-bottom: 20px;\n  background-color: rgb(193, 193, 193);\n}\n#section_1478198094 .section-bg-overlay {\n  background-color: rgba(255, 255, 255, 0.85);\n}\n<\/style>\n\t<\/section>\n\t\n\t<section class=\"section\" id=\"section_171189180\">\n\t\t<div class=\"bg section-bg fill bg-fill  bg-loaded\" >\n\n\t\t\t\n\t\t\t<div class=\"section-bg-overlay absolute fill\"><\/div>\n\t\t\t\n\n\t\t<\/div>\n\n\t\t<div class=\"section-content relative\">\n\t\t\t\n<div class=\"container section-title-container\" ><h1 class=\"section-title section-title-center\"><b><\/b><span class=\"section-title-main\" >approccio personalizzato<\/span><b><\/b><\/h1><\/div>\n<div class=\"row row-large align-middle\"  id=\"row-1289435447\">\n\n\t<div id=\"col-818332892\" class=\"col medium-6 small-12 large-6\"  >\n\t\t<div class=\"col-inner text-left\"  >\n\t\t\t\n\t\t\t\n<h3>Supporto in ogni fase del percorso<\/h3>\n<p>Non ci limitiamo a fornire il prodotto, ti aiutiamo a implementarlo. Dalla pianificazione e comunicazione all&#039;assistenza in loco, il nostro team garantisce un&#039;implementazione fluida e senza stress, senza bisogno di telefonate. Il supporto localizzato garantisce una risoluzione rapida e gratuita di qualsiasi problema.<\/p>\n<h3>Scelto dalle comunit\u00e0 di tutto il mondo<\/h3>\n<p data-start=\"1831\" data-end=\"2041\">Scuole, luoghi di lavoro ed eventi si affidano a Phone Locker<sup>\u00ae<\/sup> per creare spazi pi\u00f9 sicuri e focalizzati. Forte\u00a0<a href=\"https:\/\/uk.trustpilot.com\/review\/phonelocker.com\" target=\"_blank\" rel=\"noopener\">Recensioni di Trustpilot<\/a>\u00a0e le continue collaborazioni con enti di beneficenza riflettono il nostro impegno per un impatto positivo che vada oltre il prodotto.<\/p>\n\t\t<\/div>\n\t\t\t<\/div>\n\n\t\n\n\t<div id=\"col-52847148\" class=\"col medium-6 small-12 large-6\"  >\n\t\t<div class=\"col-inner\"  >\n\t\t\t\n\t\t\t\n\t<div class=\"img has-hover x md-x lg-x y md-y lg-y\" id=\"image_532197780\">\n\t\t\t\t\t\t\t\t<div class=\"img-inner dark\" >\n\t\t\t<img decoding=\"async\" width=\"1020\" height=\"680\" src=\"https:\/\/phonelocker.com\/wp-content\/uploads\/2026\/02\/Insignus-school-staff-1024x683.jpg\" class=\"attachment-large size-large\" alt=\"\" srcset=\"https:\/\/phonelocker.com\/wp-content\/uploads\/2026\/02\/Insignus-school-staff-1024x683.jpg 1024w, https:\/\/phonelocker.com\/wp-content\/uploads\/2026\/02\/Insignus-school-staff-300x200.jpg 300w, https:\/\/phonelocker.com\/wp-content\/uploads\/2026\/02\/Insignus-school-staff-768x512.jpg 768w, https:\/\/phonelocker.com\/wp-content\/uploads\/2026\/02\/Insignus-school-staff-1536x1024.jpg 1536w, https:\/\/phonelocker.com\/wp-content\/uploads\/2026\/02\/Insignus-school-staff-2048x1366.jpg 2048w, https:\/\/phonelocker.com\/wp-content\/uploads\/2026\/02\/Insignus-school-staff-18x12.jpg 18w\" sizes=\"(max-width: 1020px) 100vw, 1020px\" \/>\t\t\t\t\t\t\n\t\t\t\t\t<\/div>\n\t\t\t\t\t\t\t\t\n<style>\n#image_532197780 {\n  width: 100%;\n}\n<\/style>\n\t<\/div>\n\t\n\t<div class=\"img has-hover x md-x lg-x y md-y lg-y\" id=\"image_1583587076\">\n\t\t\t\t\t\t\t\t<div class=\"img-inner box-shadow-2 dark\" >\n\t\t\t\t\t\t\t\t\t\n\t\t\t\t\t<\/div>\n\t\t\t\t\t\t\t\t\n<style>\n#image_1583587076 {\n  width: 100%;\n}\n<\/style>\n\t<\/div>\n\t\n\t\t<\/div>\n\t\t\t<\/div>\n\n\t\n<\/div>\n\t\t<\/div>\n\n\t\t\n<style>\n#section_171189180 {\n  padding-top: 20px;\n  padding-bottom: 20px;\n  background-color: rgb(232, 236, 243);\n}\n#section_171189180 .section-bg-overlay {\n  background-color: rgba(255, 255, 255, 0.85);\n}\n<\/style>\n\t<\/section>\n\t\n\t<section class=\"section\" id=\"section_1604162380\">\n\t\t<div class=\"bg section-bg fill bg-fill  bg-loaded\" >\n\n\t\t\t\n\t\t\t<div class=\"section-bg-overlay absolute fill\"><\/div>\n\t\t\t\n\n\t\t<\/div>\n\n\t\t<div class=\"section-content relative\">\n\t\t\t\n<div class=\"container section-title-container\" ><h1 class=\"section-title section-title-center\"><b><\/b><span class=\"section-title-main\" >Responsabile per progettazione<\/span><b><\/b><\/h1><\/div>\n<div class=\"row row-large align-middle\"  id=\"row-1906188004\">\n\n\t<div id=\"col-2103434840\" class=\"col medium-6 small-12 large-6\"  >\n\t\t<div class=\"col-inner text-left\"  >\n\t\t\t\n\t\t\t\n<h3>Catena di fornitura agile e design brevettato<\/h3>\n<p>Presso Phone Locker<sup>\u00ae<\/sup>, Non ci limitiamo a distribuire il prodotto di qualcun altro: progettiamo, sviluppiamo e produciamo internamente le nostre buste brevettate. Questo significa che abbiamo il controllo completo su qualit\u00e0, durata e sostenibilit\u00e0 dall&#039;inizio alla fine. Il design delle nostre buste si \u00e8 evoluto grazie all&#039;utilizzo sul campo e ai feedback ricevuti, dando vita a un prodotto robusto, affidabile e costruito per durare.<\/p>\n<p>Essendo noi i creatori, abbiamo potuto perfezionare ogni dettaglio: dalle cuciture rinforzate alla chiusura antimanomissione, dai materiali ecosostenibili al design intuitivo. \u00c8 questo approccio pratico che garantisce che i nostri astucci siano sempre performanti in scuole, luoghi di lavoro ed eventi affollati, giorno dopo giorno.<\/p>\n<h3>Sicuro, testato e responsabile<\/h3>\n<p>I nostri materiali soddisfano i rigorosi standard REACH e la produzione \u00e8 gestita da uno stabilimento certificato BSCI con elevati standard di controllo ecologico. Le nostre buste a lunga durata favoriscono un utilizzo sostenibile e responsabile.<\/p>\n<a href=\"https:\/\/phonelocker.com\/it\/the-product\/\" target=\"_self\" class=\"button primary\"  >\n    <span>Scopri la custodia per cellulare con aggancio<\/span>\n  <\/a>\n\n\t\t<\/div>\n\t\t\t<\/div>\n\n\t\n\n\t<div id=\"col-776204852\" class=\"col medium-6 small-12 large-6\"  >\n\t\t<div class=\"col-inner\"  >\n\t\t\t\n\t\t\t\n\t<div class=\"img has-hover x md-x lg-x y md-y lg-y\" id=\"image_1513711552\">\n\t\t\t\t\t\t\t\t<div class=\"img-inner dark\" >\n\t\t\t<img decoding=\"async\" width=\"1020\" height=\"1020\" src=\"https:\/\/phonelocker.com\/wp-content\/uploads\/2026\/02\/photo-sketch-phone-locker-pouch.png\" class=\"attachment-large size-large\" alt=\"\" srcset=\"https:\/\/phonelocker.com\/wp-content\/uploads\/2026\/02\/photo-sketch-phone-locker-pouch.png 1024w, https:\/\/phonelocker.com\/wp-content\/uploads\/2026\/02\/photo-sketch-phone-locker-pouch-300x300.png 300w, https:\/\/phonelocker.com\/wp-content\/uploads\/2026\/02\/photo-sketch-phone-locker-pouch-150x150.png 150w, https:\/\/phonelocker.com\/wp-content\/uploads\/2026\/02\/photo-sketch-phone-locker-pouch-768x768.png 768w, https:\/\/phonelocker.com\/wp-content\/uploads\/2026\/02\/photo-sketch-phone-locker-pouch-12x12.png 12w\" sizes=\"(max-width: 1020px) 100vw, 1020px\" \/>\t\t\t\t\t\t\n\t\t\t\t\t<\/div>\n\t\t\t\t\t\t\t\t\n<style>\n#image_1513711552 {\n  width: 100%;\n}\n<\/style>\n\t<\/div>\n\t\n\t<div class=\"img has-hover x md-x lg-x y md-y lg-y\" id=\"image_1625470125\">\n\t\t\t\t\t\t\t\t<div class=\"img-inner box-shadow-2 dark\" >\n\t\t\t\t\t\t\t\t\t\n\t\t\t\t\t<\/div>\n\t\t\t\t\t\t\t\t\n<style>\n#image_1625470125 {\n  width: 100%;\n}\n<\/style>\n\t<\/div>\n\t\n\t\t<\/div>\n\t\t\t<\/div>\n\n\t\n<\/div>\n\t\t<\/div>\n\n\t\t\n<style>\n#section_1604162380 {\n  padding-top: 20px;\n  padding-bottom: 20px;\n  background-color: rgb(193, 193, 193);\n}\n#section_1604162380 .section-bg-overlay {\n  background-color: rgba(255, 255, 255, 0.85);\n}\n<\/style>\n\t<\/section>\n\t\n\t<section class=\"section\" id=\"section_1190862814\">\n\t\t<div class=\"bg section-bg fill bg-fill  bg-loaded\" >\n\n\t\t\t\n\t\t\t<div class=\"section-bg-overlay absolute fill\"><\/div>\n\t\t\t\n\n\t\t<\/div>\n\n\t\t<div class=\"section-content relative\">\n\t\t\t\n<div class=\"container section-title-container\" ><h1 class=\"section-title section-title-center\"><b><\/b><span class=\"section-title-main\" >la nostra differenza<\/span><b><\/b><\/h1><\/div>\n<div class=\"row row-large align-middle\"  id=\"row-2124160617\">\n\n\t<div id=\"col-1361506619\" class=\"col medium-6 small-12 large-6\"  >\n\t\t<div class=\"col-inner text-left\"  >\n\t\t\t\n\t\t\t\n<p>Armadietto telefonico<sup>\u00ae<\/sup> Non ci limitiamo a fornire custodie per cellulari con chiusura di sicurezza: siamo qui per aiutarvi a farle funzionare al meglio. Che siate una scuola che vuole ridurre le distrazioni, un luogo di lavoro che mira a migliorare la concentrazione o un locale che desidera creare spazi senza cellulari, sappiamo che distribuire semplicemente le custodie non \u00e8 sufficiente. Potreste incontrare resistenza da parte di studenti, personale, genitori o clienti, ed \u00e8 qui che entriamo in gioco noi.<\/p>\n<p>Offriamo supporto personalizzato per aiutarti a costruire un<strong>\u00a0lancio fluido e sicuro<\/strong>. Siamo al tuo fianco in ogni fase del percorso: dalla risposta alle preoccupazioni delle parti interessate e dalla comunicazione chiara dei vantaggi, alla guida attraverso la logistica dell&#039;installazione e dell&#039;utilizzo quotidiano.<\/p>\n\t\t<\/div>\n\t\t\t<\/div>\n\n\t\n\n\t<div id=\"col-1467547364\" class=\"col medium-6 small-12 large-6\"  >\n\t\t<div class=\"col-inner\"  >\n\t\t\t\n\t\t\t\n\t<div class=\"img has-hover x md-x lg-x y md-y lg-y\" id=\"image_1472265681\">\n\t\t\t\t\t\t\t\t<div class=\"img-inner dark\" >\n\t\t\t<img decoding=\"async\" width=\"800\" height=\"600\" src=\"https:\/\/phonelocker.com\/wp-content\/uploads\/2026\/01\/SaaS25.jpeg\" class=\"attachment-large size-large\" alt=\"\" srcset=\"https:\/\/phonelocker.com\/wp-content\/uploads\/2026\/01\/SaaS25.jpeg 800w, https:\/\/phonelocker.com\/wp-content\/uploads\/2026\/01\/SaaS25-300x225.jpeg 300w, https:\/\/phonelocker.com\/wp-content\/uploads\/2026\/01\/SaaS25-768x576.jpeg 768w, https:\/\/phonelocker.com\/wp-content\/uploads\/2026\/01\/SaaS25-16x12.jpeg 16w\" sizes=\"(max-width: 800px) 100vw, 800px\" \/>\t\t\t\t\t\t\n\t\t\t\t\t<\/div>\n\t\t\t\t\t\t\t\t\n<style>\n#image_1472265681 {\n  width: 100%;\n}\n<\/style>\n\t<\/div>\n\t\n\t<div class=\"img has-hover x md-x lg-x y md-y lg-y\" id=\"image_1649976513\">\n\t\t\t\t\t\t\t\t<div class=\"img-inner box-shadow-2 dark\" >\n\t\t\t\t\t\t\t\t\t\n\t\t\t\t\t<\/div>\n\t\t\t\t\t\t\t\t\n<style>\n#image_1649976513 {\n  width: 100%;\n}\n<\/style>\n\t<\/div>\n\t\n\t\t<\/div>\n\t\t\t<\/div>\n\n\t\n<\/div>\n\t\t<\/div>\n\n\t\t\n<style>\n#section_1190862814 {\n  padding-top: 20px;\n  padding-bottom: 20px;\n  background-color: rgb(193, 193, 193);\n}\n#section_1190862814 .section-bg-overlay {\n  background-color: rgba(255, 255, 255, 0.85);\n}\n<\/style>\n\t<\/section>\n\t\n<div class=\"message-box relative dark\" style=\"padding-top:40px;padding-bottom:40px;\"><div class=\"message-box-bg-image bg-fill fill\" ><\/div><div class=\"message-box-bg-overlay bg-fill fill\" style=\"background-color:rgb(1, 181, 122);\"><\/div><div class=\"container relative\"><div class=\"inner last-reset\">\n<div class=\"row align-middle align-center\"  id=\"row-2119463988\">\n\n\t<div id=\"col-1524437365\" class=\"col medium-9 small-12 large-9\"  >\n\t\t<div class=\"col-inner\"  >\n\t\t\t\n\t\t\t\n<h2 class=\"text--center\">Contattaci.<\/h2>\n<p>Per consigli su come fare a meno del telefono con Phone Locker<sup>\u00ae<\/sup>, contattaci oggi stesso.<\/p>\n\t\t<\/div>\n\t\t\t<\/div>\n\n\t\n\n\t<div id=\"col-1577689157\" class=\"col medium-2 small-12 large-2\"  >\n\t\t<div class=\"col-inner text-center\"  >\n\t\t\t\n\t\t\t\n<a href=\"https:\/\/phonelocker.com\/it\/contact\/\" target=\"_self\" class=\"button white is-outline\"  style=\"border-radius:99px;\">\n    <span>parla con il nostro team<\/span>\n  <\/a>\n\n\t\t<\/div>\n\t\t\t<\/div>\n\n\t\n<\/div>\n<\/div><\/div><\/div>","protected":false},"excerpt":{"rendered":"","protected":false},"author":1,"featured_media":0,"parent":0,"menu_order":0,"comment_status":"closed","ping_status":"closed","template":"page-blank.php","meta":{"footnotes":""},"class_list":["post-179","page","type-page","status-publish","hentry"],"yoast_head":"<!-- This site is optimized with the Yoast SEO plugin v27.1.1 - https:\/\/yoast.com\/product\/yoast-seo-wordpress\/ -->\n<title>Phone Locker\u00ae Benefits - Phone Locker<\/title>\n<meta name=\"robots\" content=\"index, follow, max-snippet:-1, max-image-preview:large, max-video-preview:-1\" \/>\n<link rel=\"canonical\" href=\"https:\/\/phonelocker.com\/it\/product-benefits\/\" \/>\n<meta property=\"og:locale\" content=\"it_IT\" \/>\n<meta property=\"og:type\" content=\"article\" \/>\n<meta property=\"og:title\" content=\"Phone Locker\u00ae Benefits - Phone Locker\" \/>\n<meta property=\"og:url\" content=\"https:\/\/phonelocker.com\/it\/product-benefits\/\" \/>\n<meta property=\"og:site_name\" content=\"Phone Locker\" \/>\n<meta property=\"article:modified_time\" content=\"2026-03-19T10:47:21+00:00\" \/>\n<meta name=\"twitter:card\" content=\"summary_large_image\" \/>\n<meta name=\"twitter:label1\" content=\"Tempo di lettura stimato\" \/>\n\t<meta name=\"twitter:data1\" content=\"4 minuti\" \/>\n<!-- \/ Yoast SEO plugin. -->","yoast_head_json":{"title":"Vantaggi di Phone Locker\u00ae - Phone Locker","robots":{"index":"index","follow":"follow","max-snippet":"max-snippet:-1","max-image-preview":"max-image-preview:large","max-video-preview":"max-video-preview:-1"},"canonical":"https:\/\/phonelocker.com\/it\/product-benefits\/","og_locale":"it_IT","og_type":"article","og_title":"Phone Locker\u00ae Benefits - Phone Locker","og_url":"https:\/\/phonelocker.com\/it\/product-benefits\/","og_site_name":"Phone Locker","article_modified_time":"2026-03-19T10:47:21+00:00","twitter_card":"summary_large_image","twitter_misc":{"Tempo di lettura stimato":"4 minuti"},"schema":{"@context":"https:\/\/schema.org","@graph":[{"@type":"WebPage","@id":"https:\/\/phonelocker.com\/product-benefits\/","url":"https:\/\/phonelocker.com\/product-benefits\/","name":"Vantaggi di Phone Locker\u00ae - Phone Locker","isPartOf":{"@id":"https:\/\/phonelocker.com\/#website"},"datePublished":"2021-06-20T15:37:20+00:00","dateModified":"2026-03-19T10:47:21+00:00","breadcrumb":{"@id":"https:\/\/phonelocker.com\/product-benefits\/#breadcrumb"},"inLanguage":"it-IT","potentialAction":[{"@type":"ReadAction","target":["https:\/\/phonelocker.com\/product-benefits\/"]}]},{"@type":"BreadcrumbList","@id":"https:\/\/phonelocker.com\/product-benefits\/#breadcrumb","itemListElement":[{"@type":"ListItem","position":1,"name":"Home","item":"https:\/\/phonelocker.com\/"},{"@type":"ListItem","position":2,"name":"Phone Locker\u00ae Benefits"}]},{"@type":"WebSite","@id":"https:\/\/phonelocker.com\/#website","url":"https:\/\/phonelocker.com\/","name":"Armadietto telefonico","description":"Custodia per telefono con serratura","potentialAction":[{"@type":"SearchAction","target":{"@type":"EntryPoint","urlTemplate":"https:\/\/phonelocker.com\/?s={search_term_string}"},"query-input":{"@type":"PropertyValueSpecification","valueRequired":true,"valueName":"search_term_string"}}],"inLanguage":"it-IT"}]}},"_links":{"self":[{"href":"https:\/\/phonelocker.com\/it\/wp-json\/wp\/v2\/pages\/179","targetHints":{"allow":["GET"]}}],"collection":[{"href":"https:\/\/phonelocker.com\/it\/wp-json\/wp\/v2\/pages"}],"about":[{"href":"https:\/\/phonelocker.com\/it\/wp-json\/wp\/v2\/types\/page"}],"author":[{"embeddable":true,"href":"https:\/\/phonelocker.com\/it\/wp-json\/wp\/v2\/users\/1"}],"replies":[{"embeddable":true,"href":"https:\/\/phonelocker.com\/it\/wp-json\/wp\/v2\/comments?post=179"}],"version-history":[{"count":12,"href":"https:\/\/phonelocker.com\/it\/wp-json\/wp\/v2\/pages\/179\/revisions"}],"predecessor-version":[{"id":3321,"href":"https:\/\/phonelocker.com\/it\/wp-json\/wp\/v2\/pages\/179\/revisions\/3321"}],"wp:attachment":[{"href":"https:\/\/phonelocker.com\/it\/wp-json\/wp\/v2\/media?parent=179"}],"curies":[{"name":"parola chiave","href":"https:\/\/api.w.org\/{rel}","templated":true}]}}