{"id":3004,"date":"2026-03-17T14:46:27","date_gmt":"2026-03-17T14:46:27","guid":{"rendered":"https:\/\/phonelocker.com\/?page_id=3004"},"modified":"2026-03-19T11:06:21","modified_gmt":"2026-03-19T11:06:21","slug":"esg-and-compliance","status":"publish","type":"page","link":"https:\/\/phonelocker.com\/it\/esg-and-compliance\/","title":{"rendered":"ESG e conformit\u00e0"},"content":{"rendered":"<div class=\"banner has-hover\" id=\"banner-1064645749\">\n          <div class=\"banner-inner fill\">\n        <div class=\"banner-bg fill\" >\n            <div class=\"bg fill bg-fill\"><\/div>\n                                    \n                    <\/div>\n        <div class=\"banner-layers container\">\n            <div class=\"fill banner-link\"><\/div>            \n   <div id=\"text-box-86878150\" class=\"text-box banner-layer x5 md-x5 lg-x5 y95 md-y50 lg-y50 res-text\">\n                                <div class=\"text-box-content text box-shadow-1\">\n              \n              <div class=\"text-inner text-left\">\n                  \n<h6>La nostra storia<\/h6>\n<h3 class=\"banner-header__title header--alt\">Progettazione responsabile<\/h3>\n<p class=\"banner-header__subtitle text--white text--md\">Presso Phone Locker<sup>\u00ae<\/sup>, La responsabilit\u00e0 \u00e8 parte integrante del modo in cui progettiamo, produciamo e consegniamo i nostri prodotti.<\/p>\n<a rel=\"noopener noreferrer\" href=\"https:\/\/phonelocker.com\/it\/contact\/\" target=\"_blank\" class=\"button primary is-gradient\"  >\n    <span>Contattaci<\/span>\n  <\/a>\n\n              <\/div>\n           <\/div>\n                            \n<style>\n#text-box-86878150 .text-box-content {\n  background-color: rgba(255, 255, 255, 0.94);\n  font-size: 100%;\n}\n#text-box-86878150 .text-inner {\n  padding: 30px 30px 30px 30px;\n}\n#text-box-86878150 {\n  width: 90%;\n}\n@media (min-width:550px) {\n  #text-box-86878150 {\n    width: 44%;\n  }\n}\n<\/style>\n    <\/div>\n \n        <\/div>\n      <\/div>\n\n            \n<style>\n#banner-1064645749 {\n  padding-top: 637px;\n}\n#banner-1064645749 .bg.bg-loaded {\n  background-image: url(https:\/\/phonelocker.com\/wp-content\/uploads\/2026\/03\/pexels-splash-of-rain-7321-scaled.jpg);\n}\n#banner-1064645749 .bg {\n  background-position: 62% 60%;\n}\n<\/style>\n  <\/div>\n\n\n\t<section class=\"section\" id=\"section_1645395840\">\n\t\t<div class=\"bg section-bg fill bg-fill  bg-loaded\" >\n\n\t\t\t\n\t\t\t<div class=\"section-bg-overlay absolute fill\"><\/div>\n\t\t\t\n\t<div class=\"is-border\"\n\t\tstyle=\"border-width:1px 0px 1px 0px;\">\n\t<\/div>\n\n\t\t<\/div>\n\n\t\t<div class=\"section-content relative\">\n\t\t\t\n<div class=\"row row-large align-middle\"  id=\"row-134013782\">\n\n\t<div id=\"col-544685325\" class=\"col small-12 large-12\"  >\n\t\t<div class=\"col-inner\"  >\n\t\t\t\n\t\t\t\n<h1 style=\"text-align: center;\"><span style=\"font-size: 140%;\">Gestire il nostro impatto<\/span><\/h1>\n<p style=\"text-align: center;\" data-start=\"196\" data-end=\"503\"><strong><span style=\"font-size: 120%;\">Dalle catene di approvvigionamento etiche e la conformit\u00e0 dei materiali al controllo qualit\u00e0 e alla responsabilit\u00e0 ambientale, adottiamo un approccio ponderato per creare soluzioni sicure, durevoli e adatte a un utilizzo a lungo termine.<\/span><\/strong><\/p>\n<p style=\"text-align: center;\" data-start=\"196\" data-end=\"503\">Monitoriamo attivamente il nostro impatto ambientale in termini di emissioni di carbonio e le nostre buste sono progettate per un utilizzo ripetuto e prolungato, riducendo gli sprechi e la necessit\u00e0 di sostituzioni frequenti.<\/p>\n<p style=\"text-align: center;\" data-start=\"196\" data-end=\"503\">Tutti i prodotti sono sottoposti a test chimici e tossicologici conformi al regolamento REACH e vengono fabbricati in stabilimenti certificati BSCI, garantendo elevati standard di controllo qualit\u00e0, sicurezza dei lavoratori e conformit\u00e0. Mantenendo una rigorosa supervisione ecologica e produttiva, minimizziamo i rischi, miglioriamo la uniformit\u00e0 e forniamo prodotti di cui le aziende possono fidarsi.<\/p>\n\t\t<\/div>\n\t\t\t<\/div>\n\n\t\n<\/div>\n<div class=\"container section-title-container\" ><h1 class=\"section-title section-title-center\"><b><\/b><span class=\"section-title-main\" >Accreditamento<\/span><b><\/b><\/h1><\/div>\n<div class=\"row\"  id=\"row-768886664\">\n\n\t<div id=\"col-1494849116\" class=\"col medium-6 small-12 large-6\"  >\n\t\t<div class=\"col-inner text-center\"  >\n\t\t\t\n\t\t\t\n\t<div class=\"img has-hover x md-x lg-x y md-y lg-y\" id=\"image_1724994783\">\n\t\t\t\t\t\t\t\t<div class=\"img-inner dark\" >\n\t\t\t<img decoding=\"async\" width=\"1020\" height=\"990\" src=\"https:\/\/phonelocker.com\/wp-content\/uploads\/2026\/02\/BSCI_logo-1024x994.webp\" class=\"attachment-large size-large\" alt=\"\" srcset=\"https:\/\/phonelocker.com\/wp-content\/uploads\/2026\/02\/BSCI_logo-1024x994.webp 1024w, https:\/\/phonelocker.com\/wp-content\/uploads\/2026\/02\/BSCI_logo-300x291.webp 300w, https:\/\/phonelocker.com\/wp-content\/uploads\/2026\/02\/BSCI_logo-768x745.webp 768w, https:\/\/phonelocker.com\/wp-content\/uploads\/2026\/02\/BSCI_logo-12x12.webp 12w, https:\/\/phonelocker.com\/wp-content\/uploads\/2026\/02\/BSCI_logo.webp 1420w\" sizes=\"(max-width: 1020px) 100vw, 1020px\" \/>\t\t\t\t\t\t\n\t\t\t\t\t<\/div>\n\t\t\t\t\t\t\t\t\n<style>\n#image_1724994783 {\n  width: 30%;\n}\n<\/style>\n\t<\/div>\n\t\n\t\t<\/div>\n\t\t\t<\/div>\n\n\t\n\n\t<div id=\"col-225814842\" class=\"col medium-6 small-12 large-6\"  >\n\t\t<div class=\"col-inner text-center\"  >\n\t\t\t\n\t\t\t\n\t<div class=\"img has-hover x md-x lg-x y md-y lg-y\" id=\"image_1145183379\">\n\t\t\t\t\t\t\t\t<div class=\"img-inner dark\" >\n\t\t\t<img decoding=\"async\" width=\"300\" height=\"261\" src=\"https:\/\/phonelocker.com\/wp-content\/uploads\/2026\/02\/Logo-REACH-300x261-1.png\" class=\"attachment-large size-large\" alt=\"\" srcset=\"https:\/\/phonelocker.com\/wp-content\/uploads\/2026\/02\/Logo-REACH-300x261-1.png 300w, https:\/\/phonelocker.com\/wp-content\/uploads\/2026\/02\/Logo-REACH-300x261-1-14x12.png 14w\" sizes=\"(max-width: 300px) 100vw, 300px\" \/>\t\t\t\t\t\t\n\t\t\t\t\t<\/div>\n\t\t\t\t\t\t\t\t\n<style>\n#image_1145183379 {\n  width: 30%;\n}\n<\/style>\n\t<\/div>\n\t\n\t\t<\/div>\n\t\t\t<\/div>\n\n\t\n<\/div>\n\t\t<\/div>\n\n\t\t\n<style>\n#section_1645395840 {\n  padding-top: 20px;\n  padding-bottom: 20px;\n  background-color: rgb(255, 255, 255);\n}\n#section_1645395840 .section-bg-overlay {\n  background-color: rgba(255, 255, 255, 0.85);\n}\n<\/style>\n\t<\/section>\n\t\n\t<section class=\"section\" id=\"section_1197302098\">\n\t\t<div class=\"bg section-bg fill bg-fill  bg-loaded\" >\n\n\t\t\t\n\t\t\t<div class=\"section-bg-overlay absolute fill\"><\/div>\n\t\t\t\n\n\t\t<\/div>\n\n\t\t<div class=\"section-content relative\">\n\t\t\t\n<div class=\"container section-title-container\" ><h1 class=\"section-title section-title-center\"><b><\/b><span class=\"section-title-main\" >Conformit\u00e0 e produzione etica<\/span><b><\/b><\/h1><\/div>\n<div class=\"row row-large align-middle\"  id=\"row-1321207046\">\n\n\t<div id=\"col-1493810720\" class=\"col medium-6 small-12 large-6\"  >\n\t\t<div class=\"col-inner text-left\"  >\n\t\t\t\n\t\t\t\n<p data-start=\"636\" data-end=\"928\"><strong data-start=\"636\" data-end=\"663\">REACH e sicurezza dei materiali<\/strong><br data-start=\"663\" data-end=\"666\" \/>Armadietto per tutti i telefoni<sup>\u00ae<\/sup> i prodotti sono conformi a\u00a0<strong data-start=\"712\" data-end=\"733\">Regolamento REACH<\/strong>, garantendo che i materiali siano testati e approvati in termini di sicurezza chimica. Questo offre ai nostri clienti la certezza che i nostri prodotti soddisfino gli standard europei riconosciuti in materia di salute e tutela ambientale.<\/p>\n<p data-start=\"930\" data-end=\"1128\"><strong data-start=\"930\" data-end=\"956\">Fabbriche certificate BSCI<\/strong><br data-start=\"956\" data-end=\"959\" \/>Lavoriamo con\u00a0<strong data-start=\"972\" data-end=\"1011\">Partner di produzione conformi agli standard BSCI<\/strong>, sostenendo pratiche lavorative etiche, condizioni di lavoro sicure e approvvigionamento responsabile lungo tutta la nostra catena di fornitura.<\/p>\n\t\t<\/div>\n\t\t\t<\/div>\n\n\t\n\n\t<div id=\"col-756212174\" class=\"col medium-6 small-12 large-6\"  >\n\t\t<div class=\"col-inner\"  >\n\t\t\t\n\t\t\t\n\t<div class=\"img has-hover x md-x lg-x y md-y lg-y\" id=\"image_1075757170\">\n\t\t\t\t\t\t\t\t<div class=\"img-inner image-cover dark\" style=\"padding-top:75%;\">\n\t\t\t<img decoding=\"async\" width=\"960\" height=\"501\" src=\"https:\/\/phonelocker.com\/wp-content\/uploads\/2026\/03\/Business_performance_monitoring_1200x627-1.webp\" class=\"attachment-large size-large\" alt=\"\" srcset=\"https:\/\/phonelocker.com\/wp-content\/uploads\/2026\/03\/Business_performance_monitoring_1200x627-1.webp 960w, https:\/\/phonelocker.com\/wp-content\/uploads\/2026\/03\/Business_performance_monitoring_1200x627-1-300x157.webp 300w, https:\/\/phonelocker.com\/wp-content\/uploads\/2026\/03\/Business_performance_monitoring_1200x627-1-768x401.webp 768w, https:\/\/phonelocker.com\/wp-content\/uploads\/2026\/03\/Business_performance_monitoring_1200x627-1-18x9.webp 18w\" sizes=\"(max-width: 960px) 100vw, 960px\" \/>\t\t\t\t\t\t\n\t\t\t\t\t<\/div>\n\t\t\t\t\t\t\t\t\n<style>\n#image_1075757170 {\n  width: 100%;\n}\n<\/style>\n\t<\/div>\n\t\n\t<div class=\"img has-hover x md-x lg-x y md-y lg-y\" id=\"image_751815361\">\n\t\t\t\t\t\t\t\t<div class=\"img-inner box-shadow-2 dark\" >\n\t\t\t\t\t\t\t\t\t\n\t\t\t\t\t<\/div>\n\t\t\t\t\t\t\t\t\n<style>\n#image_751815361 {\n  width: 100%;\n}\n<\/style>\n\t<\/div>\n\t\n\t\t<\/div>\n\t\t\t<\/div>\n\n\t\n<\/div>\n\t\t<\/div>\n\n\t\t\n<style>\n#section_1197302098 {\n  padding-top: 20px;\n  padding-bottom: 20px;\n}\n#section_1197302098 .section-bg-overlay {\n  background-color: rgba(255, 255, 255, 0.85);\n}\n<\/style>\n\t<\/section>\n\t\n<div class=\"container section-title-container\" ><h1 class=\"section-title section-title-center\"><b><\/b><span class=\"section-title-main\" >Un controllo qualit\u00e0 di cui ti puoi fidare.<\/span><b><\/b><\/h1><\/div>\n\t<section class=\"section\" id=\"section_523162880\">\n\t\t<div class=\"bg section-bg fill bg-fill  bg-loaded\" >\n\n\t\t\t\n\t\t\t<div class=\"section-bg-overlay absolute fill\"><\/div>\n\t\t\t\n\n\t\t<\/div>\n\n\t\t<div class=\"section-content relative\">\n\t\t\t\n<div class=\"row row-large align-middle\"  id=\"row-1353405730\">\n\n\t<div id=\"col-343798688\" class=\"col medium-6 small-12 large-6\"  >\n\t\t<div class=\"col-inner text-left\"  >\n\t\t\t\n\t\t\t\n<p data-start=\"1169\" data-end=\"1391\"><strong data-start=\"1169\" data-end=\"1200\">Progettato per l&#039;uso nel mondo reale<\/strong><br data-start=\"1200\" data-end=\"1203\" \/>Le nostre custodie sono state sviluppate e perfezionate nel corso di anni di utilizzo quotidiano in scuole, luoghi di lavoro e ambienti reali. Durata, sicurezza e affidabilit\u00e0 sono al centro di ogni decisione progettuale.<\/p>\n<p data-start=\"1393\" data-end=\"1588\"><strong data-start=\"1393\" data-end=\"1426\">Controlli di qualit\u00e0 in ogni fase<\/strong><br data-start=\"1426\" data-end=\"1429\" \/>Ogni ciclo di produzione segue processi di controllo qualit\u00e0 ben definiti, con ispezioni visive e verifiche funzionali per garantire uniformit\u00e0, prestazioni e durata nel tempo.<\/p>\n\t\t<\/div>\n\t\t\t<\/div>\n\n\t\n\n\t<div id=\"col-1712761586\" class=\"col medium-6 small-12 large-6\"  >\n\t\t<div class=\"col-inner\"  >\n\t\t\t\n\t\t\t\n\t<div class=\"img has-hover x md-x lg-x y md-y lg-y\" id=\"image_1320814169\">\n\t\t\t\t\t\t\t\t<div class=\"img-inner image-cover dark\" style=\"padding-top:75%;\">\n\t\t\t<img decoding=\"async\" width=\"1020\" height=\"765\" src=\"https:\/\/phonelocker.com\/wp-content\/uploads\/2026\/01\/P1301663-1024x768.jpg\" class=\"attachment-large size-large\" alt=\"\" srcset=\"https:\/\/phonelocker.com\/wp-content\/uploads\/2026\/01\/P1301663-1024x768.jpg 1024w, https:\/\/phonelocker.com\/wp-content\/uploads\/2026\/01\/P1301663-300x225.jpg 300w, https:\/\/phonelocker.com\/wp-content\/uploads\/2026\/01\/P1301663-768x576.jpg 768w, https:\/\/phonelocker.com\/wp-content\/uploads\/2026\/01\/P1301663-1536x1152.jpg 1536w, https:\/\/phonelocker.com\/wp-content\/uploads\/2026\/01\/P1301663-2048x1536.jpg 2048w, https:\/\/phonelocker.com\/wp-content\/uploads\/2026\/01\/P1301663-16x12.jpg 16w\" sizes=\"(max-width: 1020px) 100vw, 1020px\" \/>\t\t\t\t\t\t\n\t\t\t\t\t<\/div>\n\t\t\t\t\t\t\t\t\n<style>\n#image_1320814169 {\n  width: 100%;\n}\n<\/style>\n\t<\/div>\n\t\n\t<div class=\"img has-hover x md-x lg-x y md-y lg-y\" id=\"image_1142399199\">\n\t\t\t\t\t\t\t\t<div class=\"img-inner box-shadow-2 dark\" >\n\t\t\t\t\t\t\t\t\t\n\t\t\t\t\t<\/div>\n\t\t\t\t\t\t\t\t\n<style>\n#image_1142399199 {\n  width: 100%;\n}\n<\/style>\n\t<\/div>\n\t\n\t\t<\/div>\n\t\t\t<\/div>\n\n\t\n<\/div>\n<div class=\"container section-title-container\" ><h1 class=\"section-title section-title-center\"><b><\/b><span class=\"section-title-main\" >Cura del creato<\/span><b><\/b><\/h1><\/div>\n<div class=\"row row-large align-middle\"  id=\"row-377255293\">\n\n\t<div id=\"col-902506774\" class=\"col medium-6 small-12 large-6\"  >\n\t\t<div class=\"col-inner text-left\"  >\n\t\t\t\n\t\t\t\n<p data-start=\"1718\" data-end=\"1977\"><strong data-start=\"1718\" data-end=\"1749\">Costruito per durare, non per sprecare<\/strong><br data-start=\"1749\" data-end=\"1752\" \/>Armadietto telefonico<sup>\u00ae<\/sup> I prodotti sono progettati per una lunga durata e un utilizzo ripetuto, riducendo la necessit\u00e0 di sostituzioni frequenti. Ove possibile, utilizziamo materiali selezionati con cura per ridurre l&#039;impatto ambientale.<\/p>\n<p data-start=\"1979\" data-end=\"2136\"><strong data-start=\"1979\" data-end=\"2012\">Decisioni responsabili sui prodotti<\/strong><br data-start=\"2012\" data-end=\"2015\" \/>Diamo priorit\u00e0 alla durabilit\u00e0, alla riparabilit\u00e0 e al controllo dei volumi di produzione per evitare sprechi inutili e sovrapproduzione.<\/p>\n\t\t<\/div>\n\t\t\t<\/div>\n\n\t\n\n\t<div id=\"col-2079330830\" class=\"col medium-6 small-12 large-6\"  >\n\t\t<div class=\"col-inner\"  >\n\t\t\t\n\t\t\t\n\t<div class=\"img has-hover x md-x lg-x y md-y lg-y\" id=\"image_1481206177\">\n\t\t\t\t\t\t\t\t<div class=\"img-inner dark\" >\n\t\t\t<img decoding=\"async\" width=\"1020\" height=\"679\" src=\"https:\/\/phonelocker.com\/wp-content\/uploads\/2026\/03\/machine-1024x682.jpg\" class=\"attachment-large size-large\" alt=\"\" srcset=\"https:\/\/phonelocker.com\/wp-content\/uploads\/2026\/03\/machine-1024x682.jpg 1024w, https:\/\/phonelocker.com\/wp-content\/uploads\/2026\/03\/machine-300x200.jpg 300w, https:\/\/phonelocker.com\/wp-content\/uploads\/2026\/03\/machine-768x512.jpg 768w, https:\/\/phonelocker.com\/wp-content\/uploads\/2026\/03\/machine-1536x1024.jpg 1536w, https:\/\/phonelocker.com\/wp-content\/uploads\/2026\/03\/machine-2048x1365.jpg 2048w, https:\/\/phonelocker.com\/wp-content\/uploads\/2026\/03\/machine-18x12.jpg 18w\" sizes=\"(max-width: 1020px) 100vw, 1020px\" \/>\t\t\t\t\t\t\n\t\t\t\t\t<\/div>\n\t\t\t\t\t\t\t\t\n<style>\n#image_1481206177 {\n  width: 100%;\n}\n<\/style>\n\t<\/div>\n\t\n\t<div class=\"img has-hover x md-x lg-x y md-y lg-y\" id=\"image_913200882\">\n\t\t\t\t\t\t\t\t<div class=\"img-inner box-shadow-2 dark\" >\n\t\t\t\t\t\t\t\t\t\n\t\t\t\t\t<\/div>\n\t\t\t\t\t\t\t\t\n<style>\n#image_913200882 {\n  width: 100%;\n}\n<\/style>\n\t<\/div>\n\t\n\t\t<\/div>\n\t\t\t<\/div>\n\n\t\n<\/div>\n<div class=\"container section-title-container\" ><h1 class=\"section-title section-title-center\"><b><\/b><span class=\"section-title-main\" >Tracciamento delle emissioni di carbonio e responsabilit\u00e0 ambientale<\/span><b><\/b><\/h1><\/div>\n<div class=\"row row-large align-middle\"  id=\"row-808526617\">\n\n\t<div id=\"col-1493511938\" class=\"col medium-6 small-12 large-6\"  >\n\t\t<div class=\"col-inner text-left\"  >\n\t\t\t\n\t\t\t\n<p data-start=\"2194\" data-end=\"2272\">Ci impegniamo a migliorare la trasparenza in merito al nostro impatto ambientale.<\/p>\n<p data-start=\"2274\" data-end=\"2494\"><strong data-start=\"2274\" data-end=\"2305\">Monitoraggio del carbonio in corso<\/strong><br data-start=\"2305\" data-end=\"2308\" \/>Armadietto telefonico<sup>\u00ae<\/sup> si impegna attivamente a monitorare l&#039;impatto ambientale in termini di emissioni di carbonio lungo tutta la produzione e la logistica. Ci\u00f2 include la comprensione dell&#039;approvvigionamento dei materiali, dei processi produttivi e delle emissioni derivanti dal trasporto.<\/p>\n<p data-start=\"2496\" data-end=\"2715\">Nell&#039;ambito di questo processo, stiamo collaborando a stretto contatto con il nostro team dirigenziale per affinare i dati e individuare opportunit\u00e0 per ridurre l&#039;impatto nel tempo.<\/p>\n\t\t<\/div>\n\t\t\t<\/div>\n\n\t\n\n\t<div id=\"col-198688594\" class=\"col medium-6 small-12 large-6\"  >\n\t\t<div class=\"col-inner\"  >\n\t\t\t\n\t\t\t\n\t<div class=\"img has-hover x md-x lg-x y md-y lg-y\" id=\"image_1813254293\">\n\t\t\t\t\t\t\t\t<div class=\"img-inner dark\" >\n\t\t\t<img decoding=\"async\" width=\"1020\" height=\"680\" src=\"https:\/\/phonelocker.com\/wp-content\/uploads\/2026\/03\/windturines-1024x683.jpg\" class=\"attachment-large size-large\" alt=\"\" srcset=\"https:\/\/phonelocker.com\/wp-content\/uploads\/2026\/03\/windturines-1024x683.jpg 1024w, https:\/\/phonelocker.com\/wp-content\/uploads\/2026\/03\/windturines-300x200.jpg 300w, https:\/\/phonelocker.com\/wp-content\/uploads\/2026\/03\/windturines-768x512.jpg 768w, https:\/\/phonelocker.com\/wp-content\/uploads\/2026\/03\/windturines-1536x1024.jpg 1536w, https:\/\/phonelocker.com\/wp-content\/uploads\/2026\/03\/windturines-2048x1366.jpg 2048w, https:\/\/phonelocker.com\/wp-content\/uploads\/2026\/03\/windturines-18x12.jpg 18w\" sizes=\"(max-width: 1020px) 100vw, 1020px\" \/>\t\t\t\t\t\t\n\t\t\t\t\t<\/div>\n\t\t\t\t\t\t\t\t\n<style>\n#image_1813254293 {\n  width: 100%;\n}\n<\/style>\n\t<\/div>\n\t\n\t<div class=\"img has-hover x md-x lg-x y md-y lg-y\" id=\"image_1164130163\">\n\t\t\t\t\t\t\t\t<div class=\"img-inner box-shadow-2 dark\" >\n\t\t\t\t\t\t\t\t\t\n\t\t\t\t\t<\/div>\n\t\t\t\t\t\t\t\t\n<style>\n#image_1164130163 {\n  width: 100%;\n}\n<\/style>\n\t<\/div>\n\t\n\t\t<\/div>\n\t\t\t<\/div>\n\n\t\n<\/div>\n\t\t<\/div>\n\n\t\t\n<style>\n#section_523162880 {\n  padding-top: 20px;\n  padding-bottom: 20px;\n}\n#section_523162880 .section-bg-overlay {\n  background-color: rgba(255, 255, 255, 0.85);\n}\n<\/style>\n\t<\/section>\n\t\n<div class=\"message-box relative dark\" style=\"padding-top:40px;padding-bottom:40px;\"><div class=\"message-box-bg-image bg-fill fill\" ><\/div><div class=\"message-box-bg-overlay bg-fill fill\" style=\"background-color:rgb(1, 181, 122);\"><\/div><div class=\"container relative\"><div class=\"inner last-reset\">\n<div class=\"row align-middle align-center\"  id=\"row-1933109709\">\n\n\t<div id=\"col-338499083\" class=\"col medium-9 small-12 large-9\"  >\n\t\t<div class=\"col-inner\"  >\n\t\t\t\n\t\t\t\n<h2 class=\"text--center\">Contattaci.<\/h2>\n<p>Per consigli su come fare a meno del telefono con Phone Locker<sup>\u00ae<\/sup>, contattaci oggi stesso.<\/p>\n\t\t<\/div>\n\t\t\t<\/div>\n\n\t\n\n\t<div id=\"col-1312251129\" class=\"col medium-2 small-12 large-2\"  >\n\t\t<div class=\"col-inner text-center\"  >\n\t\t\t\n\t\t\t\n<a href=\"https:\/\/phonelocker.com\/it\/contact\/\" target=\"_self\" class=\"button white is-outline\"  style=\"border-radius:99px;\">\n    <span>parla con il nostro team<\/span>\n  <\/a>\n\n\t\t<\/div>\n\t\t\t<\/div>\n\n\t\n<\/div>\n<\/div><\/div><\/div>","protected":false},"excerpt":{"rendered":"","protected":false},"author":1,"featured_media":0,"parent":0,"menu_order":0,"comment_status":"closed","ping_status":"closed","template":"page-blank.php","meta":{"footnotes":""},"class_list":["post-3004","page","type-page","status-publish","hentry"],"yoast_head":"<!-- This site is optimized with the Yoast SEO plugin v27.1.1 - https:\/\/yoast.com\/product\/yoast-seo-wordpress\/ -->\n<title>ESG and Compliance - Phone Locker<\/title>\n<meta name=\"robots\" content=\"index, follow, max-snippet:-1, max-image-preview:large, max-video-preview:-1\" \/>\n<link rel=\"canonical\" href=\"https:\/\/phonelocker.com\/it\/esg-and-compliance\/\" \/>\n<meta property=\"og:locale\" content=\"it_IT\" \/>\n<meta property=\"og:type\" content=\"article\" \/>\n<meta property=\"og:title\" content=\"ESG and Compliance - Phone Locker\" \/>\n<meta property=\"og:url\" content=\"https:\/\/phonelocker.com\/it\/esg-and-compliance\/\" \/>\n<meta property=\"og:site_name\" content=\"Phone Locker\" \/>\n<meta property=\"article:modified_time\" content=\"2026-03-19T11:06:21+00:00\" \/>\n<meta name=\"twitter:card\" content=\"summary_large_image\" \/>\n<meta name=\"twitter:label1\" content=\"Tempo di lettura stimato\" \/>\n\t<meta name=\"twitter:data1\" content=\"3 minuti\" \/>\n<!-- \/ Yoast SEO plugin. -->","yoast_head_json":{"title":"ESG e conformit\u00e0 - Phone Locker","robots":{"index":"index","follow":"follow","max-snippet":"max-snippet:-1","max-image-preview":"max-image-preview:large","max-video-preview":"max-video-preview:-1"},"canonical":"https:\/\/phonelocker.com\/it\/esg-and-compliance\/","og_locale":"it_IT","og_type":"article","og_title":"ESG and Compliance - Phone Locker","og_url":"https:\/\/phonelocker.com\/it\/esg-and-compliance\/","og_site_name":"Phone Locker","article_modified_time":"2026-03-19T11:06:21+00:00","twitter_card":"summary_large_image","twitter_misc":{"Tempo di lettura stimato":"3 minuti"},"schema":{"@context":"https:\/\/schema.org","@graph":[{"@type":"WebPage","@id":"https:\/\/phonelocker.com\/esg-and-compliance\/","url":"https:\/\/phonelocker.com\/esg-and-compliance\/","name":"ESG e conformit\u00e0 - Phone Locker","isPartOf":{"@id":"https:\/\/phonelocker.com\/#website"},"datePublished":"2026-03-17T14:46:27+00:00","dateModified":"2026-03-19T11:06:21+00:00","breadcrumb":{"@id":"https:\/\/phonelocker.com\/esg-and-compliance\/#breadcrumb"},"inLanguage":"it-IT","potentialAction":[{"@type":"ReadAction","target":["https:\/\/phonelocker.com\/esg-and-compliance\/"]}]},{"@type":"BreadcrumbList","@id":"https:\/\/phonelocker.com\/esg-and-compliance\/#breadcrumb","itemListElement":[{"@type":"ListItem","position":1,"name":"Home","item":"https:\/\/phonelocker.com\/"},{"@type":"ListItem","position":2,"name":"ESG and Compliance"}]},{"@type":"WebSite","@id":"https:\/\/phonelocker.com\/#website","url":"https:\/\/phonelocker.com\/","name":"Armadietto telefonico","description":"Custodia per telefono con serratura","potentialAction":[{"@type":"SearchAction","target":{"@type":"EntryPoint","urlTemplate":"https:\/\/phonelocker.com\/?s={search_term_string}"},"query-input":{"@type":"PropertyValueSpecification","valueRequired":true,"valueName":"search_term_string"}}],"inLanguage":"it-IT"}]}},"_links":{"self":[{"href":"https:\/\/phonelocker.com\/it\/wp-json\/wp\/v2\/pages\/3004","targetHints":{"allow":["GET"]}}],"collection":[{"href":"https:\/\/phonelocker.com\/it\/wp-json\/wp\/v2\/pages"}],"about":[{"href":"https:\/\/phonelocker.com\/it\/wp-json\/wp\/v2\/types\/page"}],"author":[{"embeddable":true,"href":"https:\/\/phonelocker.com\/it\/wp-json\/wp\/v2\/users\/1"}],"replies":[{"embeddable":true,"href":"https:\/\/phonelocker.com\/it\/wp-json\/wp\/v2\/comments?post=3004"}],"version-history":[{"count":7,"href":"https:\/\/phonelocker.com\/it\/wp-json\/wp\/v2\/pages\/3004\/revisions"}],"predecessor-version":[{"id":3328,"href":"https:\/\/phonelocker.com\/it\/wp-json\/wp\/v2\/pages\/3004\/revisions\/3328"}],"wp:attachment":[{"href":"https:\/\/phonelocker.com\/it\/wp-json\/wp\/v2\/media?parent=3004"}],"curies":[{"name":"parola chiave","href":"https:\/\/api.w.org\/{rel}","templated":true}]}}