{"id":523,"date":"2024-01-15T00:57:58","date_gmt":"2024-01-15T00:57:58","guid":{"rendered":"https:\/\/phonelocker.com\/?page_id=523"},"modified":"2026-02-24T15:37:40","modified_gmt":"2026-02-24T15:37:40","slug":"faqs","status":"publish","type":"page","link":"https:\/\/phonelocker.com\/it\/faqs\/","title":{"rendered":"Domande frequenti"},"content":{"rendered":"<section class=\"section\" id=\"section_785472881\">\n\t\t<div class=\"bg section-bg fill bg-fill  bg-loaded\" >\n\n\t\t\t\n\t\t\t\n\t\t\t\n\n\t\t<\/div>\n\n\t\t<div class=\"section-content relative\">\n\t\t\t\n<div class=\"row\"  id=\"row-1360957129\">\n\n\t<div id=\"col-668022253\" class=\"col small-12 large-12\"  >\n\t\t<div class=\"col-inner text-center\"  >\n\t\t\t\n\t\t\t\n<h2>Domande frequenti<\/h2>\n\t\t<\/div>\n\t\t\t<\/div>\n\n\t\n<\/div>\n<div class=\"row align-center row-box-shadow-1\"  id=\"row-1468763658\">\n\n\t<div id=\"col-919341521\" class=\"col medium-10 small-12 large-9\"  >\n\t\t<div class=\"col-inner\" style=\"background-color:rgb(255,255,255);\" >\n\t\t\t\n\t\t\t\n<div class=\"accordion\" rel=\"\">\n<div class=\"accordion-item\"><a href=\"#\" class=\"accordion-title plain\"><button class=\"toggle\"><i class=\"icon-angle-down\"><\/i><\/button><span>Iniziare<\/span><\/a><div class=\"accordion-inner\">\n\t<div id=\"text-2593848812\" class=\"text\">\n\t\t\n<p><strong>Che cos&#039;\u00e8 Phone Locker\u00ae?<\/strong><br \/>Phone Locker\u00ae fornisce custodie per telefoni sicure e bloccabili che aiutano a creare ambienti senza telefono nelle scuole, nei luoghi di lavoro, durante eventi e negli ambienti dell&#039;ospitalit\u00e0.<\/p>\n<p><strong>Come funziona Phone Locker\u00ae?<\/strong><br \/>Gli utenti ripongono il telefono in una custodia sicura, che viene bloccata tramite un semplice sistema a un solo tocco. Il telefono rimane in possesso dell&#039;utente, ma non \u00e8 accessibile finch\u00e9 non viene sbloccato dal personale autorizzato.<\/p>\n<p>La custodia per telefono con serratura pu\u00f2 essere utilizzata in pochi semplici passaggi.<\/p>\n<p>UN. Inserisci il telefono nella custodia.<\/p>\n<p>B. Bloccare il telefono all&#039;interno premendo il meccanismo di blocco chiuso.<\/p>\n<p>C. Sblocca il telefono utilizzando un magnete di sblocco centrale.<\/p>\n<p><strong>Phone Locker\u00ae \u00e8 facile da implementare?<\/strong><br \/>S\u00ec. Phone Locker\u00ae \u00e8 progettato per essere implementato in modo rapido e semplice. Offriamo inoltre supporto gratuito per l&#039;implementazione, inclusi consigli sulla pianificazione, assistenza al personale e modelli di comunicazione.<\/p>\n<p><strong>Offrite prove o voli pilota?<\/strong><br \/>S\u00ec, possiamo supportare programmi pilota o piccoli ordini iniziali per aiutare le organizzazioni a testare la soluzione prima di un&#039;implementazione pi\u00f9 ampia.<\/p>\n<p><a href=\"http:\/\/phonelocker.com\/it\/contact\/\">Contatta il nostro team per saperne di pi\u00f9.<\/a><\/p>\n\t\t\n<style>\n#text-2593848812 {\n  line-height: 1;\n}\n<\/style>\n\t<\/div>\n\t\n<\/div><\/div>\n<div class=\"accordion-item\"><a href=\"#\" class=\"accordion-title plain\"><button class=\"toggle\"><i class=\"icon-angle-down\"><\/i><\/button><span>Prodotto e caratteristiche<\/span><\/a><div class=\"accordion-inner\">\n\t<div id=\"text-2433442336\" class=\"text\">\n\t\t\n<p data-start=\"1054\" data-end=\"1226\"><strong data-start=\"1054\" data-end=\"1093\">Che tipi di buste offrite?<\/strong><br data-start=\"1093\" data-end=\"1096\" \/>Offriamo custodie resistenti e multiuso con serratura, con opzioni standard e di blocco del segnale disponibili a seconda delle vostre esigenze.<\/p>\n<p data-start=\"1054\" data-end=\"1226\"><a href=\"https:\/\/phonelocker.com\/it\/the-product\/\">Guarda i nostri prodotti<\/a><\/p>\n<p data-start=\"1228\" data-end=\"1444\"><strong data-start=\"1228\" data-end=\"1263\">Le basi magnetiche sono incluse?<\/strong><\/p>\n<p data-start=\"1228\" data-end=\"1444\">S\u00ec, \u00e8 inclusa 1 base magnetica ogni 100 custodie per telefono acquistate.<\/p>\n<p data-start=\"1228\" data-end=\"1444\"><strong data-start=\"1228\" data-end=\"1263\">Cosa significa blocco del segnale?<\/strong><br data-start=\"1263\" data-end=\"1266\" \/>Le custodie di blocco del segnale impediscono ai telefoni di inviare o ricevere segnali quando sono bloccati, garantendo ulteriore sicurezza per esami, riunioni riservate e ambienti sensibili.<\/p>\n<p data-start=\"1446\" data-end=\"1600\"><strong data-start=\"1446\" data-end=\"1487\">Le borse sono comode da trasportare?<\/strong><br data-start=\"1487\" data-end=\"1490\" \/>S\u00ec. Le custodie sono leggere, discrete e progettate per essere indossate o trasportate comodamente durante tutto il giorno.<\/p>\n<p data-start=\"1602\" data-end=\"1796\"><strong data-start=\"1602\" data-end=\"1634\">Quanto sono resistenti le buste?<\/strong><br data-start=\"1634\" data-end=\"1637\" \/>Le custodie Phone Locker\u00ae sono realizzate per un uso quotidiano ripetuto, utilizzando materiali durevoli e una struttura rinforzata, che le rendono adatte ad ambienti ad alto volume.<\/p>\n<p data-start=\"1602\" data-end=\"1796\"><strong>Qual \u00e8 la garanzia?<\/strong><\/p>\n<p data-start=\"1602\" data-end=\"1796\">La custodia include una garanzia di 1 anno.<\/p>\n<p data-start=\"1602\" data-end=\"1796\">Vedi la nostra garanzia<\/p>\n\t\t\n<style>\n#text-2433442336 {\n  line-height: 1;\n}\n<\/style>\n\t<\/div>\n\t\n<\/div><\/div>\n<div class=\"accordion-item\"><a href=\"#\" class=\"accordion-title plain\"><button class=\"toggle\"><i class=\"icon-angle-down\"><\/i><\/button><span>Ordini, consegna e supporto<\/span><\/a><div class=\"accordion-inner\">\n\t<div id=\"text-850411648\" class=\"text\">\n\t\t\n<p data-start=\"3029\" data-end=\"3184\"><strong data-start=\"3029\" data-end=\"3056\">Effettuate forniture direttamente?<\/strong><br data-start=\"3056\" data-end=\"3059\" \/>S\u00ec. Phone Locker\u00ae \u00e8 sia produttore che fornitore, il che ci consente di controllare la qualit\u00e0, i prezzi e i tempi di consegna.<\/p>\n<p data-start=\"3186\" data-end=\"3348\"><strong data-start=\"3186\" data-end=\"3211\">Dove consegnate?<\/strong><br data-start=\"3211\" data-end=\"3214\" \/>Operiamo in oltre 30 Paesi, collaborando direttamente con i clienti e tramite distributori di fiducia laddove sia necessario un supporto locale.<\/p>\n<p data-start=\"3186\" data-end=\"3348\"><a href=\"https:\/\/phonelocker.com\/it\/location\/\">Guarda le nostre sedi<\/a><\/p>\n<p data-start=\"3350\" data-end=\"3492\"><strong data-start=\"3350\" data-end=\"3395\">Che tipo di supporto offrite dopo l&#039;acquisto?<\/strong><br data-start=\"3395\" data-end=\"3398\" \/>Forniamo supporto continuo, con risoluzione dei problemi localizzati entro una settimana, gratuitamente.<\/p>\n<p data-start=\"3350\" data-end=\"3492\"><strong>Come verr\u00e0 implementata la custodia?<\/strong><\/p>\n<p>Ogni ambiente sar\u00e0 diverso a seconda delle esigenze degli utenti.<\/p>\n<p>Ad esempio, nelle scuole, agli studenti potrebbe essere chiesto di tenere i telefoni all\u2019interno durante l\u2019orario scolastico. Se hanno un&#039;emergenza, possono utilizzare l&#039;ufficio scolastico per contattare le loro famiglie.<\/p>\n<p>In un ambiente d&#039;ufficio, i telefoni potrebbero essere bloccati una volta entrati in una sala riunioni o in una determinata zona e rimossi una volta usciti dall&#039;area.<\/p>\n<p>Durante concerti o conferenze, \u00e8 possibile che i partecipanti inseriscano il telefono nella custodia quando entrano e lo rimuovano quando escono dalla sede.<\/p>\n\t\t\n<style>\n#text-850411648 {\n  line-height: 1;\n}\n<\/style>\n\t<\/div>\n\t\n<\/div><\/div>\n<div class=\"accordion-item\"><a href=\"#\" class=\"accordion-title plain\"><button class=\"toggle\"><i class=\"icon-angle-down\"><\/i><\/button><span>Utilizzo nell&#039;istruzione<\/span><\/a><div class=\"accordion-inner\">\n\t<div id=\"text-4058823614\" class=\"text\">\n\t\t\n<p data-start=\"1828\" data-end=\"2044\"><strong data-start=\"1828\" data-end=\"1878\">Le custodie Phone Locker\u00ae sono adatte alle scuole?<\/strong><br data-start=\"1878\" data-end=\"1881\" \/>Assolutamente s\u00ec. Phone Locker\u00ae \u00e8 ampiamente utilizzato nelle scuole secondarie, nei college e nelle universit\u00e0 per supportare il comportamento, la tutela, l&#039;integrit\u00e0 degli esami e il benessere digitale.<\/p>\n<p data-start=\"1828\" data-end=\"2044\">Visualizza i nostri casi di studio<a href=\"https:\/\/phonelocker.com\/it\/education\/\">Istruzione<\/a><\/p>\n<p data-start=\"2046\" data-end=\"2223\"><strong data-start=\"2046\" data-end=\"2102\">Come possono gli studenti accedere ai propri telefoni in caso di emergenza?<\/strong><br data-start=\"2102\" data-end=\"2105\" \/>Il personale autorizzato pu\u00f2 sbloccare rapidamente le tasche, se necessario. Sono previste procedure chiare per garantire sicurezza e tranquillit\u00e0.<\/p>\n<p data-start=\"2225\" data-end=\"2434\"><strong data-start=\"2225\" data-end=\"2268\">Gli studenti resisteranno all&#039;uso delle buste?<\/strong><br data-start=\"2268\" data-end=\"2271\" \/>L&#039;esperienza dimostra che, una volta integrato nelle politiche scolastiche, Phone Locker\u00ae diventa una routine. Molte scuole segnalano un miglioramento del comportamento e una riduzione dei conflitti legati all&#039;uso del telefono.<\/p>\n\t\t\n<style>\n#text-4058823614 {\n  line-height: 1;\n}\n<\/style>\n\t<\/div>\n\t\n<\/div><\/div>\n<div class=\"accordion-item\"><a href=\"#\" class=\"accordion-title plain\"><button class=\"toggle\"><i class=\"icon-angle-down\"><\/i><\/button><span>Eventi, aziende e ospitalit\u00e0<\/span><\/a><div class=\"accordion-inner\">\n<p data-start=\"2481\" data-end=\"2673\"><strong data-start=\"2481\" data-end=\"2529\">Phone Locker\u00ae pu\u00f2 essere utilizzato per eventi singoli?<\/strong><br data-start=\"2529\" data-end=\"2532\" \/>S\u00ec. Offriamo soluzioni flessibili per eventi unici, tra cui matrimoni, conferenze, festival, lanci di prodotti e funzioni private.<\/p>\n<p data-start=\"2481\" data-end=\"2673\"><a href=\"https:\/\/phonelocker.com\/it\/entertainment\/\">Scopri di pi\u00f9 sulle esigenze del tuo settore<\/a><\/p>\n<p data-start=\"2675\" data-end=\"2832\"><strong data-start=\"2675\" data-end=\"2729\">Il branding \u00e8 disponibile per eventi o organizzazioni?<\/strong><br data-start=\"2729\" data-end=\"2732\" \/>S\u00ec. Offriamo buste personalizzate a colori, che si adattano al tuo marchio, alla location o all&#039;identit\u00e0 del tuo evento.<\/p>\n<p data-start=\"2834\" data-end=\"2987\"><strong data-start=\"2834\" data-end=\"2884\">Quanto \u00e8 veloce il processo di bloccaggio e sbloccaggio?<\/strong><br data-start=\"2884\" data-end=\"2887\" \/>Il sistema one-tap \u00e8 progettato per essere veloce, consentendo di gestire le code senza intoppi anche durante gli eventi ad alto volume.<\/p>\n<\/div><\/div>\n<div class=\"accordion-item\"><a href=\"#\" class=\"accordion-title plain\"><button class=\"toggle\"><i class=\"icon-angle-down\"><\/i><\/button><span>Sostenibilit\u00e0 e responsabilit\u00e0<\/span><\/a><div class=\"accordion-inner\">\n<p data-start=\"3539\" data-end=\"3748\"><strong data-start=\"3539\" data-end=\"3597\">I prodotti Phone Locker\u00ae sono ecocompatibili?<\/strong><br data-start=\"3597\" data-end=\"3600\" \/>S\u00ec. Le nostre buste sono progettate per un riutilizzo a lungo termine e sono prodotte secondo rigorosi controlli ecologici. Monitoriamo la nostra impronta di carbonio e la compensiamo utilizzando l&#039;ecologia.<\/p>\n<p data-start=\"3750\" data-end=\"3920\"><strong data-start=\"3750\" data-end=\"3790\">I vostri prodotti sono testati per verificarne la sicurezza?<\/strong><br data-start=\"3790\" data-end=\"3793\" \/>Tutti i prodotti sono sottoposti a test chimici REACH e realizzati in stabilimenti sottoposti a verifica BSCI per garantire sicurezza e conformit\u00e0.<\/p>\n<p data-start=\"3750\" data-end=\"3920\">Scopri di pi\u00f9 su di noi<\/p>\n<\/div><\/div>\n<div class=\"accordion-item\"><a href=\"#\" class=\"accordion-title plain\"><button class=\"toggle\"><i class=\"icon-angle-down\"><\/i><\/button><span>Prezzi<\/span><\/a><div class=\"accordion-inner\">\n<p data-start=\"198\" data-end=\"234\"><strong>Quanto costa Phone Locker\u00ae?<\/strong><\/p>\n<p data-start=\"236\" data-end=\"580\">Il costo di Phone Locker\u00ae dipende dalle dimensioni della tua organizzazione, dal numero di tasche necessarie e dal fatto che la soluzione sia per uso permanente o per un evento di breve durata. Offriamo soluzioni flessibili, pensate per essere accessibili a scuole, aziende e location di ogni dimensione, con prezzi personalizzati in base al tuo ambiente specifico e al tuo piano di implementazione.<\/p>\n<p data-start=\"979\" data-end=\"1030\"><strong>Phone Locker\u00ae \u00e8 un acquisto una tantum o un noleggio?<\/strong><\/p>\n<p data-start=\"1032\" data-end=\"1319\">Offriamo entrambi i modelli. Molte scuole e organizzazioni optano per un acquisto una tantum per l&#039;uso quotidiano, mentre eventi e conferenze spesso preferiscono pacchetti di noleggio a breve termine. Ogni opzione include la stessa tecnologia sicura e lo stesso supporto: la struttura riflette semplicemente la durata della soluzione.<\/p>\n<p data-start=\"2211\" data-end=\"2255\"><strong>Possiamo ottenere un preventivo per la nostra organizzazione?<\/strong><\/p>\n<p data-start=\"2257\" data-end=\"2448\">Assolutamente s\u00ec. Forniamo preventivi personalizzati in base alle vostre esigenze, al numero di utenti e agli obiettivi. Una breve conversazione con il nostro team ci consente di consigliarvi la configurazione pi\u00f9 adatta ed economica.<\/p>\n<p data-start=\"2257\" data-end=\"2448\">Contattaci tramite il nostro <a href=\"http:\/\/phonelocker.com\/it\/contact\/\">modulo di contatto<\/a> o direttamente:<\/p>\n<p data-start=\"2257\" data-end=\"2448\">E: hello@phonelocker.com<\/p>\n<p data-start=\"2257\" data-end=\"2448\">Tel: +44 (0) 2031618121<\/p>\n<\/div><\/div>\n<\/div>\n\t\t<\/div>\n\t\t\t<\/div>\n\n\t\n\n<style>\n#row-1468763658 > .col > .col-inner {\n  padding: 0px 0px 0px 0px;\n}\n@media (min-width:550px) {\n  #row-1468763658 > .col > .col-inner {\n    padding: 30px 30px 30px 30px;\n  }\n}\n<\/style>\n<\/div>\n\t\t<\/div>\n\n\t\t\n<style>\n#section_785472881 {\n  padding-top: 60px;\n  padding-bottom: 60px;\n  background-color: rgb(255,255,255);\n}\n<\/style>\n\t<\/section>","protected":false},"excerpt":{"rendered":"","protected":false},"author":1,"featured_media":0,"parent":0,"menu_order":0,"comment_status":"closed","ping_status":"closed","template":"","meta":{"footnotes":""},"class_list":["post-523","page","type-page","status-publish","hentry"],"yoast_head":"<!-- This site is optimized with the Yoast SEO plugin v27.1.1 - https:\/\/yoast.com\/product\/yoast-seo-wordpress\/ -->\n<title>FAQs - Phone Locker<\/title>\n<meta name=\"robots\" content=\"index, follow, max-snippet:-1, max-image-preview:large, max-video-preview:-1\" \/>\n<link rel=\"canonical\" href=\"https:\/\/phonelocker.com\/it\/faqs\/\" \/>\n<meta property=\"og:locale\" content=\"it_IT\" \/>\n<meta property=\"og:type\" content=\"article\" \/>\n<meta property=\"og:title\" content=\"FAQs - Phone Locker\" \/>\n<meta property=\"og:url\" content=\"https:\/\/phonelocker.com\/it\/faqs\/\" \/>\n<meta property=\"og:site_name\" content=\"Phone Locker\" \/>\n<meta property=\"article:modified_time\" content=\"2026-02-24T15:37:40+00:00\" \/>\n<meta name=\"twitter:card\" content=\"summary_large_image\" \/>\n<meta name=\"twitter:label1\" content=\"Tempo di lettura stimato\" \/>\n\t<meta name=\"twitter:data1\" content=\"3 minuti\" \/>\n<!-- \/ Yoast SEO plugin. -->","yoast_head_json":{"title":"FAQs - Phone Locker","robots":{"index":"index","follow":"follow","max-snippet":"max-snippet:-1","max-image-preview":"max-image-preview:large","max-video-preview":"max-video-preview:-1"},"canonical":"https:\/\/phonelocker.com\/it\/faqs\/","og_locale":"it_IT","og_type":"article","og_title":"FAQs - Phone Locker","og_url":"https:\/\/phonelocker.com\/it\/faqs\/","og_site_name":"Phone Locker","article_modified_time":"2026-02-24T15:37:40+00:00","twitter_card":"summary_large_image","twitter_misc":{"Tempo di lettura stimato":"3 minuti"},"schema":{"@context":"https:\/\/schema.org","@graph":[{"@type":"WebPage","@id":"https:\/\/phonelocker.com\/faqs\/","url":"https:\/\/phonelocker.com\/faqs\/","name":"FAQs - Phone Locker","isPartOf":{"@id":"https:\/\/phonelocker.com\/#website"},"datePublished":"2024-01-15T00:57:58+00:00","dateModified":"2026-02-24T15:37:40+00:00","breadcrumb":{"@id":"https:\/\/phonelocker.com\/faqs\/#breadcrumb"},"inLanguage":"it-IT","potentialAction":[{"@type":"ReadAction","target":["https:\/\/phonelocker.com\/faqs\/"]}]},{"@type":"BreadcrumbList","@id":"https:\/\/phonelocker.com\/faqs\/#breadcrumb","itemListElement":[{"@type":"ListItem","position":1,"name":"Home","item":"https:\/\/phonelocker.com\/"},{"@type":"ListItem","position":2,"name":"FAQs"}]},{"@type":"WebSite","@id":"https:\/\/phonelocker.com\/#website","url":"https:\/\/phonelocker.com\/","name":"Armadietto telefonico","description":"Custodia per telefono con serratura","potentialAction":[{"@type":"SearchAction","target":{"@type":"EntryPoint","urlTemplate":"https:\/\/phonelocker.com\/?s={search_term_string}"},"query-input":{"@type":"PropertyValueSpecification","valueRequired":true,"valueName":"search_term_string"}}],"inLanguage":"it-IT"}]}},"_links":{"self":[{"href":"https:\/\/phonelocker.com\/it\/wp-json\/wp\/v2\/pages\/523","targetHints":{"allow":["GET"]}}],"collection":[{"href":"https:\/\/phonelocker.com\/it\/wp-json\/wp\/v2\/pages"}],"about":[{"href":"https:\/\/phonelocker.com\/it\/wp-json\/wp\/v2\/types\/page"}],"author":[{"embeddable":true,"href":"https:\/\/phonelocker.com\/it\/wp-json\/wp\/v2\/users\/1"}],"replies":[{"embeddable":true,"href":"https:\/\/phonelocker.com\/it\/wp-json\/wp\/v2\/comments?post=523"}],"version-history":[{"count":1,"href":"https:\/\/phonelocker.com\/it\/wp-json\/wp\/v2\/pages\/523\/revisions"}],"predecessor-version":[{"id":2944,"href":"https:\/\/phonelocker.com\/it\/wp-json\/wp\/v2\/pages\/523\/revisions\/2944"}],"wp:attachment":[{"href":"https:\/\/phonelocker.com\/it\/wp-json\/wp\/v2\/media?parent=523"}],"curies":[{"name":"parola chiave","href":"https:\/\/api.w.org\/{rel}","templated":true}]}}