{"id":179,"date":"2021-06-20T15:37:20","date_gmt":"2021-06-20T15:37:20","guid":{"rendered":"https:\/\/ec2-54-66-210-245.ap-southeast-2.compute.amazonaws.com\/?page_id=179"},"modified":"2026-03-19T10:47:21","modified_gmt":"2026-03-19T10:47:21","slug":"product-benefits","status":"publish","type":"page","link":"https:\/\/phonelocker.com\/pt\/product-benefits\/","title":{"rendered":"Benef\u00edcios do Phone Locker\u00ae"},"content":{"rendered":"<div class=\"banner has-hover\" id=\"banner-1709140415\">\n          <div class=\"banner-inner fill\">\n        <div class=\"banner-bg fill\" >\n            <div class=\"bg fill bg-fill\"><\/div>\n                                    \n                    <\/div>\n        <div class=\"banner-layers container\">\n            <div class=\"fill banner-link\"><\/div>            \n   <div id=\"text-box-518015609\" class=\"text-box banner-layer x5 md-x5 lg-x5 y95 md-y50 lg-y50 res-text\">\n                                <div class=\"text-box-content text box-shadow-1\">\n              \n              <div class=\"text-inner text-left\">\n                  \n<h6>Nossa solu\u00e7\u00e3o<\/h6>\n<h3 class=\"uppercase\">Criamos solu\u00e7\u00f5es que funcionam sem a necessidade de um telefone.<\/h3>\n<p>Na Phone Locker<sup>\u00ae<\/sup>, Acreditamos que guardar o celular vai al\u00e9m de simplesmente eliminar uma distra\u00e7\u00e3o \u2013 trata-se de desbloquear algo maior. Nossas bolsas criam espa\u00e7os onde as pessoas podem estar totalmente presentes, onde a aten\u00e7\u00e3o \u00e9 plena e onde a conex\u00e3o genu\u00edna floresce.<\/p>\n<a rel=\"noopener noreferrer\" href=\"https:\/\/phonelocker.com\/pt\/contact\/\" target=\"_blank\" class=\"button primary is-gradient\"  >\n    <span>Contate-nos<\/span>\n  <\/a>\n\n              <\/div>\n           <\/div>\n                            \n<style>\n#text-box-518015609 .text-box-content {\n  background-color: rgba(255, 255, 255, 0.94);\n  font-size: 100%;\n}\n#text-box-518015609 .text-inner {\n  padding: 30px 30px 30px 30px;\n}\n#text-box-518015609 {\n  width: 90%;\n}\n@media (min-width:550px) {\n  #text-box-518015609 {\n    width: 44%;\n  }\n}\n<\/style>\n    <\/div>\n \n        <\/div>\n      <\/div>\n\n            \n<style>\n#banner-1709140415 {\n  padding-top: 637px;\n}\n#banner-1709140415 .bg.bg-loaded {\n  background-image: url(https:\/\/phonelocker.com\/wp-content\/uploads\/2026\/01\/P1301663-scaled.jpg);\n}\n#banner-1709140415 .bg {\n  background-position: 62% 60%;\n}\n<\/style>\n  <\/div>\n\n\n\t<section class=\"section\" id=\"section_699091665\">\n\t\t<div class=\"bg section-bg fill bg-fill  bg-loaded\" >\n\n\t\t\t\n\t\t\t<div class=\"section-bg-overlay absolute fill\"><\/div>\n\t\t\t\n\t<div class=\"is-border\"\n\t\tstyle=\"border-width:1px 0px 1px 0px;\">\n\t<\/div>\n\n\t\t<\/div>\n\n\t\t<div class=\"section-content relative\">\n\t\t\t\n<div class=\"row row-large align-middle\"  id=\"row-870752577\">\n\n\t<div id=\"col-1280515625\" class=\"col small-12 large-12\"  >\n\t\t<div class=\"col-inner\"  >\n\t\t\t\n\t\t\t\n<p style=\"text-align: center;\"><strong>Para escolas, teatros, locais de trabalho e eventos ao vivo, o Phone Locker \u00e9 ideal.<sup>\u00ae<\/sup> Restaura o foco, a confian\u00e7a e a confidencialidade. Para os indiv\u00edduos, oferece tranquilidade: seu telefone est\u00e1 sempre com voc\u00ea, mas a constante press\u00e3o das notifica\u00e7\u00f5es desaparece. O resultado \u00e9 uma liberdade rara \u2013 a liberdade de pensar com clareza, colaborar abertamente e vivenciar os momentos como eles devem ser.<\/strong><\/p>\n<p style=\"text-align: center;\">Arm\u00e1rio de telefone<sup>\u00ae<\/sup> N\u00e3o se limita a proteger dispositivos. Ajuda organiza\u00e7\u00f5es e comunidades a recuperar o que \u00e9 mais valioso: aten\u00e7\u00e3o, conex\u00e3o e experi\u00eancias aut\u00eanticas.<\/p>\n\t\t<\/div>\n\t\t\t<\/div>\n\n\t\n<\/div>\n\t\t<\/div>\n\n\t\t\n<style>\n#section_699091665 {\n  padding-top: 20px;\n  padding-bottom: 20px;\n  background-color: rgb(255, 255, 255);\n}\n#section_699091665 .section-bg-overlay {\n  background-color: rgba(255, 255, 255, 0.85);\n}\n<\/style>\n\t<\/section>\n\t\n\t<section class=\"section\" id=\"section_1314411205\">\n\t\t<div class=\"bg section-bg fill bg-fill  bg-loaded\" >\n\n\t\t\t\n\t\t\t<div class=\"section-bg-overlay absolute fill\"><\/div>\n\t\t\t\n\n\t\t<\/div>\n\n\t\t<div class=\"section-content relative\">\n\t\t\t\n<div class=\"container section-title-container\" ><h1 class=\"section-title section-title-center\"><b><\/b><span class=\"section-title-main\" >Benef\u00edcios do produto<\/span><b><\/b><\/h1><\/div>\n<div class=\"row row-large align-middle\"  id=\"row-1866942577\">\n\n\t<div id=\"col-861001032\" class=\"col medium-6 small-12 large-6\"  >\n\t\t<div class=\"col-inner text-left\"  >\n\t\t\t\n\t\t\t\n<h3>Feito para o seu espa\u00e7o<\/h3>\n<p>Nossos estojos para celular com trava s\u00e3o f\u00e1ceis de usar, resistentes o suficiente para diversos ambientes e est\u00e3o dispon\u00edveis com personaliza\u00e7\u00e3o em cores para combinar com a identidade visual da sua escola, local do evento ou organiza\u00e7\u00e3o.<\/p>\n<h3>Uso seguro, integrado e com um \u00fanico toque<\/h3>\n<p>O sistema de bloqueio e desbloqueio com um \u00fanico toque torna o gerenciamento do telefone descomplicado. Sem lentid\u00e3o. Sem filas. Apenas uma experi\u00eancia fluida que mant\u00e9m as pessoas em movimento e preserva os momentos significativos.<\/p>\n\t\t<\/div>\n\t\t\t<\/div>\n\n\t\n\n\t<div id=\"col-1689355866\" class=\"col medium-6 small-12 large-6\"  >\n\t\t<div class=\"col-inner\"  >\n\t\t\t\n\t\t\t\n\t<div class=\"img has-hover x md-x lg-x y md-y lg-y\" id=\"image_85285074\">\n\t\t\t\t\t\t\t\t<div class=\"img-inner dark\" >\n\t\t\t<img decoding=\"async\" width=\"1020\" height=\"1020\" src=\"https:\/\/phonelocker.com\/wp-content\/uploads\/2026\/02\/Lockable-Magnet-Case-5-1024x1024.jpg\" class=\"attachment-large size-large\" alt=\"\" srcset=\"https:\/\/phonelocker.com\/wp-content\/uploads\/2026\/02\/Lockable-Magnet-Case-5-1024x1024.jpg 1024w, https:\/\/phonelocker.com\/wp-content\/uploads\/2026\/02\/Lockable-Magnet-Case-5-300x300.jpg 300w, https:\/\/phonelocker.com\/wp-content\/uploads\/2026\/02\/Lockable-Magnet-Case-5-150x150.jpg 150w, https:\/\/phonelocker.com\/wp-content\/uploads\/2026\/02\/Lockable-Magnet-Case-5-768x768.jpg 768w, https:\/\/phonelocker.com\/wp-content\/uploads\/2026\/02\/Lockable-Magnet-Case-5-1536x1536.jpg 1536w, https:\/\/phonelocker.com\/wp-content\/uploads\/2026\/02\/Lockable-Magnet-Case-5-12x12.jpg 12w, https:\/\/phonelocker.com\/wp-content\/uploads\/2026\/02\/Lockable-Magnet-Case-5.jpg 2000w\" sizes=\"(max-width: 1020px) 100vw, 1020px\" \/>\t\t\t\t\t\t\n\t\t\t\t\t<\/div>\n\t\t\t\t\t\t\t\t\n<style>\n#image_85285074 {\n  width: 100%;\n}\n<\/style>\n\t<\/div>\n\t\n\t<div class=\"img has-hover x md-x lg-x y md-y lg-y\" id=\"image_280628221\">\n\t\t\t\t\t\t\t\t<div class=\"img-inner box-shadow-2 dark\" >\n\t\t\t\t\t\t\t\t\t\n\t\t\t\t\t<\/div>\n\t\t\t\t\t\t\t\t\n<style>\n#image_280628221 {\n  width: 100%;\n}\n<\/style>\n\t<\/div>\n\t\n\t\t<\/div>\n\t\t\t<\/div>\n\n\t\n<\/div>\n\t\t<\/div>\n\n\t\t\n<style>\n#section_1314411205 {\n  padding-top: 20px;\n  padding-bottom: 20px;\n  background-color: rgb(193, 193, 193);\n}\n#section_1314411205 .section-bg-overlay {\n  background-color: rgba(255, 255, 255, 0.85);\n}\n<\/style>\n\t<\/section>\n\t\n\t<section class=\"section\" id=\"section_1525351244\">\n\t\t<div class=\"bg section-bg fill bg-fill  bg-loaded\" >\n\n\t\t\t\n\t\t\t<div class=\"section-bg-overlay absolute fill\"><\/div>\n\t\t\t\n\n\t\t<\/div>\n\n\t\t<div class=\"section-content relative\">\n\t\t\t\n<div class=\"container section-title-container\" ><h1 class=\"section-title section-title-center\"><b><\/b><span class=\"section-title-main\" >abordagem personalizada<\/span><b><\/b><\/h1><\/div>\n<div class=\"row row-large align-middle\"  id=\"row-546373956\">\n\n\t<div id=\"col-158865145\" class=\"col medium-6 small-12 large-6\"  >\n\t\t<div class=\"col-inner text-left\"  >\n\t\t\t\n\t\t\t\n<h3>Apoie-nos em cada etapa do processo.<\/h3>\n<p>N\u00e3o apenas fornecemos o produto, como tamb\u00e9m ajudamos voc\u00ea a implement\u00e1-lo. Do planejamento e comunica\u00e7\u00e3o ao suporte presencial, nossa equipe garante que a implementa\u00e7\u00e3o da sua solu\u00e7\u00e3o sem telefone seja tranquila e sem estresse. O suporte local significa que quaisquer problemas ser\u00e3o resolvidos de forma r\u00e1pida e gratuita.<\/p>\n<h3>Aprovado por comunidades em todo o mundo.<\/h3>\n<p data-start=\"1831\" data-end=\"2041\">Escolas, locais de trabalho e eventos confiam no Phone Locker.<sup>\u00ae<\/sup> Criar espa\u00e7os mais seguros e focados. Forte\u00a0<a href=\"https:\/\/uk.trustpilot.com\/review\/phonelocker.com\" target=\"_blank\" rel=\"noopener\">Avalia\u00e7\u00f5es do Trustpilot<\/a>\u00a0e as parcerias cont\u00ednuas com institui\u00e7\u00f5es de caridade refletem nosso compromisso com um impacto positivo que vai al\u00e9m do produto.<\/p>\n\t\t<\/div>\n\t\t\t<\/div>\n\n\t\n\n\t<div id=\"col-1428212914\" class=\"col medium-6 small-12 large-6\"  >\n\t\t<div class=\"col-inner\"  >\n\t\t\t\n\t\t\t\n\t<div class=\"img has-hover x md-x lg-x y md-y lg-y\" id=\"image_1968098349\">\n\t\t\t\t\t\t\t\t<div class=\"img-inner dark\" >\n\t\t\t<img decoding=\"async\" width=\"1020\" height=\"680\" src=\"https:\/\/phonelocker.com\/wp-content\/uploads\/2026\/02\/Insignus-school-staff-1024x683.jpg\" class=\"attachment-large size-large\" alt=\"\" srcset=\"https:\/\/phonelocker.com\/wp-content\/uploads\/2026\/02\/Insignus-school-staff-1024x683.jpg 1024w, https:\/\/phonelocker.com\/wp-content\/uploads\/2026\/02\/Insignus-school-staff-300x200.jpg 300w, https:\/\/phonelocker.com\/wp-content\/uploads\/2026\/02\/Insignus-school-staff-768x512.jpg 768w, https:\/\/phonelocker.com\/wp-content\/uploads\/2026\/02\/Insignus-school-staff-1536x1024.jpg 1536w, https:\/\/phonelocker.com\/wp-content\/uploads\/2026\/02\/Insignus-school-staff-2048x1366.jpg 2048w, https:\/\/phonelocker.com\/wp-content\/uploads\/2026\/02\/Insignus-school-staff-18x12.jpg 18w\" sizes=\"(max-width: 1020px) 100vw, 1020px\" \/>\t\t\t\t\t\t\n\t\t\t\t\t<\/div>\n\t\t\t\t\t\t\t\t\n<style>\n#image_1968098349 {\n  width: 100%;\n}\n<\/style>\n\t<\/div>\n\t\n\t<div class=\"img has-hover x md-x lg-x y md-y lg-y\" id=\"image_2085403081\">\n\t\t\t\t\t\t\t\t<div class=\"img-inner box-shadow-2 dark\" >\n\t\t\t\t\t\t\t\t\t\n\t\t\t\t\t<\/div>\n\t\t\t\t\t\t\t\t\n<style>\n#image_2085403081 {\n  width: 100%;\n}\n<\/style>\n\t<\/div>\n\t\n\t\t<\/div>\n\t\t\t<\/div>\n\n\t\n<\/div>\n\t\t<\/div>\n\n\t\t\n<style>\n#section_1525351244 {\n  padding-top: 20px;\n  padding-bottom: 20px;\n  background-color: rgb(232, 236, 243);\n}\n#section_1525351244 .section-bg-overlay {\n  background-color: rgba(255, 255, 255, 0.85);\n}\n<\/style>\n\t<\/section>\n\t\n\t<section class=\"section\" id=\"section_1538903316\">\n\t\t<div class=\"bg section-bg fill bg-fill  bg-loaded\" >\n\n\t\t\t\n\t\t\t<div class=\"section-bg-overlay absolute fill\"><\/div>\n\t\t\t\n\n\t\t<\/div>\n\n\t\t<div class=\"section-content relative\">\n\t\t\t\n<div class=\"container section-title-container\" ><h1 class=\"section-title section-title-center\"><b><\/b><span class=\"section-title-main\" >Respons\u00e1vel por Design<\/span><b><\/b><\/h1><\/div>\n<div class=\"row row-large align-middle\"  id=\"row-767938267\">\n\n\t<div id=\"col-691924423\" class=\"col medium-6 small-12 large-6\"  >\n\t\t<div class=\"col-inner text-left\"  >\n\t\t\t\n\t\t\t\n<h3>Cadeia de suprimentos \u00e1gil e design patenteado<\/h3>\n<p>Na Phone Locker<sup>\u00ae<\/sup>, N\u00e3o estamos apenas distribuindo o produto de outra pessoa \u2013 n\u00f3s mesmos projetamos, desenvolvemos e fabricamos nossas embalagens patenteadas. Isso significa que temos controle total sobre a qualidade, durabilidade e sustentabilidade do in\u00edcio ao fim. O design de nossas embalagens evoluiu por meio do uso pr\u00e1tico e do feedback dos clientes, resultando em um produto robusto, confi\u00e1vel e feito para durar.<\/p>\n<p>Por sermos os criadores, conseguimos aprimorar cada detalhe \u2013 desde costuras refor\u00e7adas e fechos inviol\u00e1veis at\u00e9 materiais ecol\u00f3gicos e design intuitivo. \u00c9 essa abordagem pr\u00e1tica que garante o desempenho consistente de nossas bolsas em escolas, locais de trabalho e eventos movimentados \u2013 dia ap\u00f3s dia.<\/p>\n<h3>Seguro, testado e respons\u00e1vel<\/h3>\n<p>Nossos materiais atendem aos rigorosos padr\u00f5es REACH e a produ\u00e7\u00e3o \u00e9 gerenciada em uma f\u00e1brica com certifica\u00e7\u00e3o BSCI e alto controle ecol\u00f3gico. Nossas embalagens dur\u00e1veis promovem o uso sustent\u00e1vel e respons\u00e1vel.<\/p>\n<a href=\"https:\/\/phonelocker.com\/pt\/the-product\/\" target=\"_self\" class=\"button primary\"  >\n    <span>Explore a Bolsa Porta-Celular<\/span>\n  <\/a>\n\n\t\t<\/div>\n\t\t\t<\/div>\n\n\t\n\n\t<div id=\"col-2029230955\" class=\"col medium-6 small-12 large-6\"  >\n\t\t<div class=\"col-inner\"  >\n\t\t\t\n\t\t\t\n\t<div class=\"img has-hover x md-x lg-x y md-y lg-y\" id=\"image_1484317251\">\n\t\t\t\t\t\t\t\t<div class=\"img-inner dark\" >\n\t\t\t<img decoding=\"async\" width=\"1020\" height=\"1020\" src=\"https:\/\/phonelocker.com\/wp-content\/uploads\/2026\/02\/photo-sketch-phone-locker-pouch.png\" class=\"attachment-large size-large\" alt=\"\" srcset=\"https:\/\/phonelocker.com\/wp-content\/uploads\/2026\/02\/photo-sketch-phone-locker-pouch.png 1024w, https:\/\/phonelocker.com\/wp-content\/uploads\/2026\/02\/photo-sketch-phone-locker-pouch-300x300.png 300w, https:\/\/phonelocker.com\/wp-content\/uploads\/2026\/02\/photo-sketch-phone-locker-pouch-150x150.png 150w, https:\/\/phonelocker.com\/wp-content\/uploads\/2026\/02\/photo-sketch-phone-locker-pouch-768x768.png 768w, https:\/\/phonelocker.com\/wp-content\/uploads\/2026\/02\/photo-sketch-phone-locker-pouch-12x12.png 12w\" sizes=\"(max-width: 1020px) 100vw, 1020px\" \/>\t\t\t\t\t\t\n\t\t\t\t\t<\/div>\n\t\t\t\t\t\t\t\t\n<style>\n#image_1484317251 {\n  width: 100%;\n}\n<\/style>\n\t<\/div>\n\t\n\t<div class=\"img has-hover x md-x lg-x y md-y lg-y\" id=\"image_1244346084\">\n\t\t\t\t\t\t\t\t<div class=\"img-inner box-shadow-2 dark\" >\n\t\t\t\t\t\t\t\t\t\n\t\t\t\t\t<\/div>\n\t\t\t\t\t\t\t\t\n<style>\n#image_1244346084 {\n  width: 100%;\n}\n<\/style>\n\t<\/div>\n\t\n\t\t<\/div>\n\t\t\t<\/div>\n\n\t\n<\/div>\n\t\t<\/div>\n\n\t\t\n<style>\n#section_1538903316 {\n  padding-top: 20px;\n  padding-bottom: 20px;\n  background-color: rgb(193, 193, 193);\n}\n#section_1538903316 .section-bg-overlay {\n  background-color: rgba(255, 255, 255, 0.85);\n}\n<\/style>\n\t<\/section>\n\t\n\t<section class=\"section\" id=\"section_2089974309\">\n\t\t<div class=\"bg section-bg fill bg-fill  bg-loaded\" >\n\n\t\t\t\n\t\t\t<div class=\"section-bg-overlay absolute fill\"><\/div>\n\t\t\t\n\n\t\t<\/div>\n\n\t\t<div class=\"section-content relative\">\n\t\t\t\n<div class=\"container section-title-container\" ><h1 class=\"section-title section-title-center\"><b><\/b><span class=\"section-title-main\" >nossa diferen\u00e7a<\/span><b><\/b><\/h1><\/div>\n<div class=\"row row-large align-middle\"  id=\"row-2097554256\">\n\n\t<div id=\"col-1710809430\" class=\"col medium-6 small-12 large-6\"  >\n\t\t<div class=\"col-inner text-left\"  >\n\t\t\t\n\t\t\t\n<p>Arm\u00e1rio de telefone<sup>\u00ae<\/sup> N\u00e3o se trata apenas de fornecer capas para celular com trava \u2013 estamos aqui para ajudar voc\u00ea a coloc\u00e1-las em pr\u00e1tica. Seja voc\u00ea uma escola buscando reduzir distra\u00e7\u00f5es, um local de trabalho visando melhorar o foco ou um estabelecimento querendo criar espa\u00e7os livres de celulares, entendemos que simplesmente distribuir capas n\u00e3o \u00e9 suficiente. Voc\u00ea pode enfrentar resist\u00eancia de alunos, funcion\u00e1rios, pais ou clientes \u2013 e \u00e9 a\u00ed que entramos.<\/p>\n<p>Oferecemos suporte personalizado para ajud\u00e1-lo a construir um<strong>\u00a0implementa\u00e7\u00e3o tranquila e segura<\/strong>. Desde o esclarecimento das d\u00favidas das partes interessadas e a comunica\u00e7\u00e3o clara dos benef\u00edcios, at\u00e9 o acompanhamento da log\u00edstica de instala\u00e7\u00e3o e uso di\u00e1rio, estamos com voc\u00ea em cada etapa do processo.<\/p>\n\t\t<\/div>\n\t\t\t<\/div>\n\n\t\n\n\t<div id=\"col-49434771\" class=\"col medium-6 small-12 large-6\"  >\n\t\t<div class=\"col-inner\"  >\n\t\t\t\n\t\t\t\n\t<div class=\"img has-hover x md-x lg-x y md-y lg-y\" id=\"image_1392720548\">\n\t\t\t\t\t\t\t\t<div class=\"img-inner dark\" >\n\t\t\t<img decoding=\"async\" width=\"800\" height=\"600\" src=\"https:\/\/phonelocker.com\/wp-content\/uploads\/2026\/01\/SaaS25.jpeg\" class=\"attachment-large size-large\" alt=\"\" srcset=\"https:\/\/phonelocker.com\/wp-content\/uploads\/2026\/01\/SaaS25.jpeg 800w, https:\/\/phonelocker.com\/wp-content\/uploads\/2026\/01\/SaaS25-300x225.jpeg 300w, https:\/\/phonelocker.com\/wp-content\/uploads\/2026\/01\/SaaS25-768x576.jpeg 768w, https:\/\/phonelocker.com\/wp-content\/uploads\/2026\/01\/SaaS25-16x12.jpeg 16w\" sizes=\"(max-width: 800px) 100vw, 800px\" \/>\t\t\t\t\t\t\n\t\t\t\t\t<\/div>\n\t\t\t\t\t\t\t\t\n<style>\n#image_1392720548 {\n  width: 100%;\n}\n<\/style>\n\t<\/div>\n\t\n\t<div class=\"img has-hover x md-x lg-x y md-y lg-y\" id=\"image_1235735393\">\n\t\t\t\t\t\t\t\t<div class=\"img-inner box-shadow-2 dark\" >\n\t\t\t\t\t\t\t\t\t\n\t\t\t\t\t<\/div>\n\t\t\t\t\t\t\t\t\n<style>\n#image_1235735393 {\n  width: 100%;\n}\n<\/style>\n\t<\/div>\n\t\n\t\t<\/div>\n\t\t\t<\/div>\n\n\t\n<\/div>\n\t\t<\/div>\n\n\t\t\n<style>\n#section_2089974309 {\n  padding-top: 20px;\n  padding-bottom: 20px;\n  background-color: rgb(193, 193, 193);\n}\n#section_2089974309 .section-bg-overlay {\n  background-color: rgba(255, 255, 255, 0.85);\n}\n<\/style>\n\t<\/section>\n\t\n<div class=\"message-box relative dark\" style=\"padding-top:40px;padding-bottom:40px;\"><div class=\"message-box-bg-image bg-fill fill\" ><\/div><div class=\"message-box-bg-overlay bg-fill fill\" style=\"background-color:rgb(1, 181, 122);\"><\/div><div class=\"container relative\"><div class=\"inner last-reset\">\n<div class=\"row align-middle align-center\"  id=\"row-1888791378\">\n\n\t<div id=\"col-1445206131\" class=\"col medium-9 small-12 large-9\"  >\n\t\t<div class=\"col-inner\"  >\n\t\t\t\n\t\t\t\n<h2 class=\"text--center\">Entre em contato.<\/h2>\n<p>Para dicas sobre como ficar sem celular com o Phone Locker<sup>\u00ae<\/sup>, Entre em contato hoje mesmo.<\/p>\n\t\t<\/div>\n\t\t\t<\/div>\n\n\t\n\n\t<div id=\"col-868666056\" class=\"col medium-2 small-12 large-2\"  >\n\t\t<div class=\"col-inner text-center\"  >\n\t\t\t\n\t\t\t\n<a href=\"https:\/\/phonelocker.com\/pt\/contact\/\" target=\"_self\" class=\"button white is-outline\"  style=\"border-radius:99px;\">\n    <span>Fale com nossa equipe<\/span>\n  <\/a>\n\n\t\t<\/div>\n\t\t\t<\/div>\n\n\t\n<\/div>\n<\/div><\/div><\/div>","protected":false},"excerpt":{"rendered":"","protected":false},"author":1,"featured_media":0,"parent":0,"menu_order":0,"comment_status":"closed","ping_status":"closed","template":"page-blank.php","meta":{"footnotes":""},"class_list":["post-179","page","type-page","status-publish","hentry"],"yoast_head":"<!-- This site is optimized with the Yoast SEO plugin v27.1.1 - https:\/\/yoast.com\/product\/yoast-seo-wordpress\/ -->\n<title>Phone Locker\u00ae Benefits - Phone Locker<\/title>\n<meta name=\"robots\" content=\"index, follow, max-snippet:-1, max-image-preview:large, max-video-preview:-1\" \/>\n<link rel=\"canonical\" href=\"https:\/\/phonelocker.com\/pt\/product-benefits\/\" \/>\n<meta property=\"og:locale\" content=\"pt_PT\" \/>\n<meta property=\"og:type\" content=\"article\" \/>\n<meta property=\"og:title\" content=\"Phone Locker\u00ae Benefits - Phone Locker\" \/>\n<meta property=\"og:url\" content=\"https:\/\/phonelocker.com\/pt\/product-benefits\/\" \/>\n<meta property=\"og:site_name\" content=\"Phone Locker\" \/>\n<meta property=\"article:modified_time\" content=\"2026-03-19T10:47:21+00:00\" \/>\n<meta name=\"twitter:card\" content=\"summary_large_image\" \/>\n<meta name=\"twitter:label1\" content=\"Tempo estimado de leitura\" \/>\n\t<meta name=\"twitter:data1\" content=\"4 minutos\" \/>\n<!-- \/ Yoast SEO plugin. -->","yoast_head_json":{"title":"Phone Locker\u00ae Benefits - Phone Locker","robots":{"index":"index","follow":"follow","max-snippet":"max-snippet:-1","max-image-preview":"max-image-preview:large","max-video-preview":"max-video-preview:-1"},"canonical":"https:\/\/phonelocker.com\/pt\/product-benefits\/","og_locale":"pt_PT","og_type":"article","og_title":"Phone Locker\u00ae Benefits - Phone Locker","og_url":"https:\/\/phonelocker.com\/pt\/product-benefits\/","og_site_name":"Phone Locker","article_modified_time":"2026-03-19T10:47:21+00:00","twitter_card":"summary_large_image","twitter_misc":{"Tempo estimado de leitura":"4 minutos"},"schema":{"@context":"https:\/\/schema.org","@graph":[{"@type":"WebPage","@id":"https:\/\/phonelocker.com\/product-benefits\/","url":"https:\/\/phonelocker.com\/product-benefits\/","name":"Phone Locker\u00ae Benefits - Phone Locker","isPartOf":{"@id":"https:\/\/phonelocker.com\/#website"},"datePublished":"2021-06-20T15:37:20+00:00","dateModified":"2026-03-19T10:47:21+00:00","breadcrumb":{"@id":"https:\/\/phonelocker.com\/product-benefits\/#breadcrumb"},"inLanguage":"pt-PT","potentialAction":[{"@type":"ReadAction","target":["https:\/\/phonelocker.com\/product-benefits\/"]}]},{"@type":"BreadcrumbList","@id":"https:\/\/phonelocker.com\/product-benefits\/#breadcrumb","itemListElement":[{"@type":"ListItem","position":1,"name":"Home","item":"https:\/\/phonelocker.com\/"},{"@type":"ListItem","position":2,"name":"Phone Locker\u00ae Benefits"}]},{"@type":"WebSite","@id":"https:\/\/phonelocker.com\/#website","url":"https:\/\/phonelocker.com\/","name":"Arm\u00e1rio de telefone","description":"Bolsa para telefone com trava","potentialAction":[{"@type":"SearchAction","target":{"@type":"EntryPoint","urlTemplate":"https:\/\/phonelocker.com\/?s={search_term_string}"},"query-input":{"@type":"PropertyValueSpecification","valueRequired":true,"valueName":"search_term_string"}}],"inLanguage":"pt-PT"}]}},"_links":{"self":[{"href":"https:\/\/phonelocker.com\/pt\/wp-json\/wp\/v2\/pages\/179","targetHints":{"allow":["GET"]}}],"collection":[{"href":"https:\/\/phonelocker.com\/pt\/wp-json\/wp\/v2\/pages"}],"about":[{"href":"https:\/\/phonelocker.com\/pt\/wp-json\/wp\/v2\/types\/page"}],"author":[{"embeddable":true,"href":"https:\/\/phonelocker.com\/pt\/wp-json\/wp\/v2\/users\/1"}],"replies":[{"embeddable":true,"href":"https:\/\/phonelocker.com\/pt\/wp-json\/wp\/v2\/comments?post=179"}],"version-history":[{"count":12,"href":"https:\/\/phonelocker.com\/pt\/wp-json\/wp\/v2\/pages\/179\/revisions"}],"predecessor-version":[{"id":3321,"href":"https:\/\/phonelocker.com\/pt\/wp-json\/wp\/v2\/pages\/179\/revisions\/3321"}],"wp:attachment":[{"href":"https:\/\/phonelocker.com\/pt\/wp-json\/wp\/v2\/media?parent=179"}],"curies":[{"name":"wp","href":"https:\/\/api.w.org\/{rel}","templated":true}]}}