{"id":2818,"date":"2026-02-19T17:25:31","date_gmt":"2026-02-19T17:25:31","guid":{"rendered":"https:\/\/phonelocker.com\/?page_id=2818"},"modified":"2026-03-19T10:36:27","modified_gmt":"2026-03-19T10:36:27","slug":"the-product","status":"publish","type":"page","link":"https:\/\/phonelocker.com\/pt\/the-product\/","title":{"rendered":"O Produto"},"content":{"rendered":"<div class=\"banner has-hover\" id=\"banner-1376977311\">\n          <div class=\"banner-inner fill\">\n        <div class=\"banner-bg fill\" >\n            <div class=\"bg fill bg-fill\"><\/div>\n                                    \n                    <\/div>\n        <div class=\"banner-layers container\">\n            <div class=\"fill banner-link\"><\/div>            \n   <div id=\"text-box-87732061\" class=\"text-box banner-layer x5 md-x5 lg-x5 y95 md-y50 lg-y50 res-text\">\n                                <div class=\"text-box-content text box-shadow-1\">\n              \n              <div class=\"text-inner text-left\">\n                  \n<h6>Nossa solu\u00e7\u00e3o<\/h6>\n<h3 class=\"uppercase\">O Arm\u00e1rio do Telefone<sup>\u00ae<\/sup> Bolsa<\/h3>\n<p>Nossos produtos s\u00e3o projetados para tornar os ambientes sem telefone simples, seguros e f\u00e1ceis de gerenciar.<\/p>\n<p>Seja para uma solu\u00e7\u00e3o pontual ou um sistema duradouro para uso di\u00e1rio, o Phone Locker \u00e9 a escolha ideal.<sup>\u00ae<\/sup> Oferece estojos para celular com trava de alta qualidade, projetados para situa\u00e7\u00f5es do mundo real, com op\u00e7\u00f5es que se adaptam a diferentes n\u00edveis de controle, marca e escala.<\/p>\n<a rel=\"noopener noreferrer\" href=\"https:\/\/phonelocker.com\/pt\/contact\/\" target=\"_blank\" class=\"button primary is-gradient\"  >\n    <span>Contate-nos<\/span>\n  <\/a>\n\n              <\/div>\n           <\/div>\n                            \n<style>\n#text-box-87732061 .text-box-content {\n  background-color: rgba(255, 255, 255, 0.94);\n  font-size: 100%;\n}\n#text-box-87732061 .text-inner {\n  padding: 30px 30px 30px 30px;\n}\n#text-box-87732061 {\n  width: 90%;\n}\n@media (min-width:550px) {\n  #text-box-87732061 {\n    width: 44%;\n  }\n}\n<\/style>\n    <\/div>\n \n        <\/div>\n      <\/div>\n\n            \n<style>\n#banner-1376977311 {\n  padding-top: 637px;\n}\n#banner-1376977311 .bg.bg-loaded {\n  background-image: url(https:\/\/phonelocker.com\/wp-content\/uploads\/2026\/02\/Phone-Locker_Pouch-Metal-Box.jpg);\n}\n#banner-1376977311 .bg {\n  background-position: 62% 60%;\n}\n<\/style>\n  <\/div>\n\n\n\t<section class=\"section\" id=\"section_2057766161\">\n\t\t<div class=\"bg section-bg fill bg-fill  bg-loaded\" >\n\n\t\t\t\n\t\t\t<div class=\"section-bg-overlay absolute fill\"><\/div>\n\t\t\t\n\t<div class=\"is-border\"\n\t\tstyle=\"border-width:1px 0px 1px 0px;\">\n\t<\/div>\n\n\t\t<\/div>\n\n\t\t<div class=\"section-content relative\">\n\t\t\t\n<div class=\"row row-large align-middle\"  id=\"row-1363731684\">\n\n\t<div id=\"col-762875512\" class=\"col small-12 large-12\"  >\n\t\t<div class=\"col-inner\"  >\n\t\t\t\n\t\t\t\n<p style=\"text-align: center;\"><span style=\"font-size: 120%;\">O Arm\u00e1rio do Telefone<sup>\u00ae<\/sup> O Pouch \u00e9 uma solu\u00e7\u00e3o simples e comprovada, projetada para ajudar escolas, locais de trabalho e eventos a criarem momentos sem celulares, sem a necessidade de confiscar os aparelhos. Os celulares permanecem em seguran\u00e7a com o usu\u00e1rio, enquanto a tecnologia de bloqueio de sinal elimina distra\u00e7\u00f5es e notifica\u00e7\u00f5es, favorecendo o foco, a presen\u00e7a e o bem-estar.<\/span><\/p>\n<p><img decoding=\"async\" class=\"size-medium wp-image-2677 aligncenter\" src=\"https:\/\/phonelocker.com\/wp-content\/uploads\/2026\/01\/phonelockerpouch-300x300.png\" alt=\"\" width=\"300\" height=\"300\" srcset=\"https:\/\/phonelocker.com\/wp-content\/uploads\/2026\/01\/phonelockerpouch-300x300.png 300w, https:\/\/phonelocker.com\/wp-content\/uploads\/2026\/01\/phonelockerpouch-1024x1024.png 1024w, https:\/\/phonelocker.com\/wp-content\/uploads\/2026\/01\/phonelockerpouch-150x150.png 150w, https:\/\/phonelocker.com\/wp-content\/uploads\/2026\/01\/phonelockerpouch-768x768.png 768w, https:\/\/phonelocker.com\/wp-content\/uploads\/2026\/01\/phonelockerpouch-1536x1536.png 1536w, https:\/\/phonelocker.com\/wp-content\/uploads\/2026\/01\/phonelockerpouch-2048x2048.png 2048w, https:\/\/phonelocker.com\/wp-content\/uploads\/2026\/01\/phonelockerpouch-12x12.png 12w\" sizes=\"(max-width: 300px) 100vw, 300px\" \/><\/p>\n<p style=\"text-align: center;\">Projetado para uso di\u00e1rio e com confian\u00e7a global, o Phone Locker<sup>\u00ae<\/sup> A bolsa combina durabilidade, facilidade de uso e design inteligente para funcionar perfeitamente em ambientes do mundo real.<\/p>\n\t\t<\/div>\n\t\t\t<\/div>\n\n\t\n<\/div>\n\t\t<\/div>\n\n\t\t\n<style>\n#section_2057766161 {\n  padding-top: 60px;\n  padding-bottom: 60px;\n  background-color: rgb(255, 255, 255);\n}\n#section_2057766161 .section-bg-overlay {\n  background-color: rgba(255, 255, 255, 0.85);\n}\n<\/style>\n\t<\/section>\n\t\n\t<section class=\"section\" id=\"section_1275639364\">\n\t\t<div class=\"bg section-bg fill bg-fill  bg-loaded\" >\n\n\t\t\t\n\t\t\t<div class=\"section-bg-overlay absolute fill\"><\/div>\n\t\t\t\n\n\t\t<\/div>\n\n\t\t<div class=\"section-content relative\">\n\t\t\t\n<div class=\"container section-title-container\" ><h1 class=\"section-title section-title-center\"><b><\/b><span class=\"section-title-main\" >MATERIAIS E AJUSTE<\/span><b><\/b><\/h1><\/div>\n<div class=\"row row-large align-middle\"  id=\"row-909446149\">\n\n\t<div id=\"col-307831652\" class=\"col medium-6 small-12 large-6\"  >\n\t\t<div class=\"col-inner text-left\"  >\n\t\t\t\n\t\t\t\n<p><strong>Materiais dur\u00e1veis e de longa dura\u00e7\u00e3o<\/strong><br \/>\nFabricado com tecidos refor\u00e7ados e componentes projetados para uso di\u00e1rio repetido em ambientes de alto tr\u00e1fego.<\/p>\n<p><strong>Leve e confort\u00e1vel<\/strong><br \/>\nO design fino e leve permite que os usu\u00e1rios carreguem o telefone consigo o dia todo sem volume ou desconforto.<\/p>\n<p><strong>Ajuste perfeito em todos os dispositivos<\/strong><br \/>\nProjetado para acomodar uma ampla gama de tamanhos de smartphones, mantendo um desempenho confi\u00e1vel.<\/p>\n\t\t<\/div>\n\t\t\t<\/div>\n\n\t\n\n\t<div id=\"col-1875539362\" class=\"col medium-6 small-12 large-6\"  >\n\t\t<div class=\"col-inner\"  >\n\t\t\t\n\t\t\t\n\t<div class=\"img has-hover x md-x lg-x y md-y lg-y\" id=\"image_296030022\">\n\t\t\t\t\t\t\t\t<div class=\"img-inner dark\" >\n\t\t\t<img decoding=\"async\" width=\"1020\" height=\"765\" src=\"https:\/\/phonelocker.com\/wp-content\/uploads\/2026\/01\/P1301663-1024x768.jpg\" class=\"attachment-large size-large\" alt=\"\" srcset=\"https:\/\/phonelocker.com\/wp-content\/uploads\/2026\/01\/P1301663-1024x768.jpg 1024w, https:\/\/phonelocker.com\/wp-content\/uploads\/2026\/01\/P1301663-300x225.jpg 300w, https:\/\/phonelocker.com\/wp-content\/uploads\/2026\/01\/P1301663-768x576.jpg 768w, https:\/\/phonelocker.com\/wp-content\/uploads\/2026\/01\/P1301663-1536x1152.jpg 1536w, https:\/\/phonelocker.com\/wp-content\/uploads\/2026\/01\/P1301663-2048x1536.jpg 2048w, https:\/\/phonelocker.com\/wp-content\/uploads\/2026\/01\/P1301663-16x12.jpg 16w\" sizes=\"(max-width: 1020px) 100vw, 1020px\" \/>\t\t\t\t\t\t\n\t\t\t\t\t<\/div>\n\t\t\t\t\t\t\t\t\n<style>\n#image_296030022 {\n  width: 100%;\n}\n<\/style>\n\t<\/div>\n\t\n\t<div class=\"img has-hover x md-x lg-x y md-y lg-y\" id=\"image_936717314\">\n\t\t\t\t\t\t\t\t<div class=\"img-inner box-shadow-2 dark\" >\n\t\t\t\t\t\t\t\t\t\n\t\t\t\t\t<\/div>\n\t\t\t\t\t\t\t\t\n<style>\n#image_936717314 {\n  width: 100%;\n}\n<\/style>\n\t<\/div>\n\t\n\t\t<\/div>\n\t\t\t<\/div>\n\n\t\n<\/div>\n\t\t<\/div>\n\n\t\t\n<style>\n#section_1275639364 {\n  padding-top: 60px;\n  padding-bottom: 60px;\n  background-color: rgb(193, 193, 193);\n}\n#section_1275639364 .section-bg-overlay {\n  background-color: rgba(255, 255, 255, 0.85);\n}\n<\/style>\n\t<\/section>\n\t\n\t<section class=\"section\" id=\"section_2144352808\">\n\t\t<div class=\"bg section-bg fill bg-fill  bg-loaded\" >\n\n\t\t\t\n\t\t\t<div class=\"section-bg-overlay absolute fill\"><\/div>\n\t\t\t\n\n\t\t<\/div>\n\n\t\t<div class=\"section-content relative\">\n\t\t\t\n<div class=\"container section-title-container\" ><h1 class=\"section-title section-title-center\"><b><\/b><span class=\"section-title-main\" >Inova\u00e7\u00e3o de produto<\/span><b><\/b><\/h1><\/div>\n<div class=\"row row-large align-middle\"  id=\"row-802824295\">\n\n\t<div id=\"col-1517314968\" class=\"col medium-6 small-12 large-6\"  >\n\t\t<div class=\"col-inner text-left\"  >\n\t\t\t\n\t\t\t\n<p><strong>Mecanismo de travamento seguro da dobradi\u00e7a<\/strong><br \/>\nUm sistema de travamento mec\u00e2nico robusto garante que a bolsa permane\u00e7a fechada com seguran\u00e7a at\u00e9 ser liberada em um ponto de destravamento designado.<\/p>\n<p><strong>Tecnologia de bloqueio de sinal<\/strong><br \/>\nImpede a conectividade com redes, Bluetooth, fones de ouvido e rel\u00f3gios inteligentes, eliminando notifica\u00e7\u00f5es, chamadas e distra\u00e7\u00f5es.<\/p>\n<p><strong>Design resistente \u00e0 adultera\u00e7\u00e3o<\/strong><br \/>\nProjetado para resistir ao manuseio, ao desgaste e \u00e0s tentativas de burlar o sistema, garantindo a aplica\u00e7\u00e3o consistente das pol\u00edticas.<\/p>\n\t\t<\/div>\n\t\t\t<\/div>\n\n\t\n\n\t<div id=\"col-2044752149\" class=\"col medium-6 small-12 large-6\"  >\n\t\t<div class=\"col-inner\"  >\n\t\t\t\n\t\t\t\n\t<div class=\"img has-hover x md-x lg-x y md-y lg-y\" id=\"image_981473517\">\n\t\t\t\t\t\t\t\t<div class=\"img-inner dark\" >\n\t\t\t<img decoding=\"async\" width=\"1020\" height=\"765\" src=\"https:\/\/phonelocker.com\/wp-content\/uploads\/2026\/01\/P1301686-1024x768.jpg\" class=\"attachment-large size-large\" alt=\"\" srcset=\"https:\/\/phonelocker.com\/wp-content\/uploads\/2026\/01\/P1301686-1024x768.jpg 1024w, https:\/\/phonelocker.com\/wp-content\/uploads\/2026\/01\/P1301686-300x225.jpg 300w, https:\/\/phonelocker.com\/wp-content\/uploads\/2026\/01\/P1301686-768x576.jpg 768w, https:\/\/phonelocker.com\/wp-content\/uploads\/2026\/01\/P1301686-1536x1152.jpg 1536w, https:\/\/phonelocker.com\/wp-content\/uploads\/2026\/01\/P1301686-2048x1536.jpg 2048w, https:\/\/phonelocker.com\/wp-content\/uploads\/2026\/01\/P1301686-16x12.jpg 16w\" sizes=\"(max-width: 1020px) 100vw, 1020px\" \/>\t\t\t\t\t\t\n\t\t\t\t\t<\/div>\n\t\t\t\t\t\t\t\t\n<style>\n#image_981473517 {\n  width: 100%;\n}\n<\/style>\n\t<\/div>\n\t\n\t<div class=\"img has-hover x md-x lg-x y md-y lg-y\" id=\"image_583872163\">\n\t\t\t\t\t\t\t\t<div class=\"img-inner box-shadow-2 dark\" >\n\t\t\t\t\t\t\t\t\t\n\t\t\t\t\t<\/div>\n\t\t\t\t\t\t\t\t\n<style>\n#image_583872163 {\n  width: 100%;\n}\n<\/style>\n\t<\/div>\n\t\n\t\t<\/div>\n\t\t\t<\/div>\n\n\t\n<\/div>\n\t\t<\/div>\n\n\t\t\n<style>\n#section_2144352808 {\n  padding-top: 60px;\n  padding-bottom: 60px;\n  background-color: rgb(232, 236, 243);\n}\n#section_2144352808 .section-bg-overlay {\n  background-color: rgba(255, 255, 255, 0.85);\n}\n<\/style>\n\t<\/section>\n\t\n\t<section class=\"section\" id=\"section_1168684426\">\n\t\t<div class=\"bg section-bg fill bg-fill  bg-loaded\" >\n\n\t\t\t\n\t\t\t<div class=\"section-bg-overlay absolute fill\"><\/div>\n\t\t\t\n\n\t\t<\/div>\n\n\t\t<div class=\"section-content relative\">\n\t\t\t\n<div class=\"container section-title-container\" ><h1 class=\"section-title section-title-center\"><b><\/b><span class=\"section-title-main\" >Projeto e implementa\u00e7\u00e3o<\/span><b><\/b><\/h1><\/div>\n<div class=\"row row-large align-middle\"  id=\"row-1829301792\">\n\n\t<div id=\"col-1863775572\" class=\"col medium-6 small-12 large-6\"  >\n\t\t<div class=\"col-inner text-left\"  >\n\t\t\t\n\t\t\t\n<p><strong>Op\u00e7\u00f5es de design personalizadas<\/strong><br \/>\nImpress\u00e3o a cores e com logotipo.<\/p>\n<p><strong>Integra\u00e7\u00e3o completa<\/strong><br \/>\nDesde o planejamento do local at\u00e9 os modelos de documentos, nossa equipe fornece as etapas necess\u00e1rias para tornar sua experi\u00eancia sem celular perfeita.<\/p>\n<p><strong>F\u00e1cil de implementar e gerenciar.<\/strong><br \/>\nProcesso simples de abrir e fechar, com necessidade m\u00ednima de treinamento para funcion\u00e1rios e usu\u00e1rios.<\/p>\n\t\t<\/div>\n\t\t\t<\/div>\n\n\t\n\n\t<div id=\"col-1671580328\" class=\"col medium-6 small-12 large-6\"  >\n\t\t<div class=\"col-inner\"  >\n\t\t\t\n\t\t\t\n\t<div class=\"img has-hover x md-x lg-x y md-y lg-y\" id=\"image_1098023025\">\n\t\t\t\t\t\t\t\t<div class=\"img-inner dark\" >\n\t\t\t<img decoding=\"async\" width=\"1020\" height=\"765\" src=\"https:\/\/phonelocker.com\/wp-content\/uploads\/2026\/01\/P1301690-1024x768.jpg\" class=\"attachment-large size-large\" alt=\"\" srcset=\"https:\/\/phonelocker.com\/wp-content\/uploads\/2026\/01\/P1301690-1024x768.jpg 1024w, https:\/\/phonelocker.com\/wp-content\/uploads\/2026\/01\/P1301690-300x225.jpg 300w, https:\/\/phonelocker.com\/wp-content\/uploads\/2026\/01\/P1301690-768x576.jpg 768w, https:\/\/phonelocker.com\/wp-content\/uploads\/2026\/01\/P1301690-1536x1152.jpg 1536w, https:\/\/phonelocker.com\/wp-content\/uploads\/2026\/01\/P1301690-2048x1536.jpg 2048w, https:\/\/phonelocker.com\/wp-content\/uploads\/2026\/01\/P1301690-16x12.jpg 16w\" sizes=\"(max-width: 1020px) 100vw, 1020px\" \/>\t\t\t\t\t\t\n\t\t\t\t\t<\/div>\n\t\t\t\t\t\t\t\t\n<style>\n#image_1098023025 {\n  width: 100%;\n}\n<\/style>\n\t<\/div>\n\t\n\t<div class=\"img has-hover x md-x lg-x y md-y lg-y\" id=\"image_512523025\">\n\t\t\t\t\t\t\t\t<div class=\"img-inner box-shadow-2 dark\" >\n\t\t\t\t\t\t\t\t\t\n\t\t\t\t\t<\/div>\n\t\t\t\t\t\t\t\t\n<style>\n#image_512523025 {\n  width: 100%;\n}\n<\/style>\n\t<\/div>\n\t\n\t\t<\/div>\n\t\t\t<\/div>\n\n\t\n<\/div>\n\t\t<\/div>\n\n\t\t\n<style>\n#section_1168684426 {\n  padding-top: 60px;\n  padding-bottom: 60px;\n  background-color: rgb(193, 193, 193);\n}\n#section_1168684426 .section-bg-overlay {\n  background-color: rgba(255, 255, 255, 0.85);\n}\n<\/style>\n\t<\/section>\n\t\n\t<section class=\"section info-card-1\" id=\"section_1153053807\">\n\t\t<div class=\"bg section-bg fill bg-fill  bg-loaded\" >\n\n\t\t\t\n\t\t\t\n\t\t\t\n\n\t\t<\/div>\n\n\t\t<div class=\"section-content relative\">\n\t\t\t\n<div class=\"row row-small align-equal\"  id=\"row-813861597\">\n\n\t<div id=\"col-1079083386\" class=\"col medium-4 small-12 large-4\"  >\n\t\t<div class=\"col-inner\"  >\n\t\t\t\n\t\t\t\n\t<div class=\"box has-hover   has-hover box-push box-text-bottom\" >\n\n\t\t<div class=\"box-image\" >\n\t\t\t<a href=\"https:\/\/phonelocker.com\/pt\/lockable-phone-pouches\/\" target=\"_blank\" rel=\"noopener noreferrer\" >\t\t\t<div class=\"image-zoom image-cover\" style=\"padding-top:70%;\">\n\t\t\t\t<img decoding=\"async\" width=\"2560\" height=\"2560\" src=\"https:\/\/phonelocker.com\/wp-content\/uploads\/2026\/02\/Phone-Locker_Pouch-Metal-Box.jpg\" class=\"attachment- size-\" alt=\"\" srcset=\"https:\/\/phonelocker.com\/wp-content\/uploads\/2026\/02\/Phone-Locker_Pouch-Metal-Box.jpg 2560w, https:\/\/phonelocker.com\/wp-content\/uploads\/2026\/02\/Phone-Locker_Pouch-Metal-Box-300x300.jpg 300w, https:\/\/phonelocker.com\/wp-content\/uploads\/2026\/02\/Phone-Locker_Pouch-Metal-Box-1024x1024.jpg 1024w, https:\/\/phonelocker.com\/wp-content\/uploads\/2026\/02\/Phone-Locker_Pouch-Metal-Box-150x150.jpg 150w, https:\/\/phonelocker.com\/wp-content\/uploads\/2026\/02\/Phone-Locker_Pouch-Metal-Box-768x768.jpg 768w, https:\/\/phonelocker.com\/wp-content\/uploads\/2026\/02\/Phone-Locker_Pouch-Metal-Box-1536x1536.jpg 1536w, https:\/\/phonelocker.com\/wp-content\/uploads\/2026\/02\/Phone-Locker_Pouch-Metal-Box-2048x2048.jpg 2048w, https:\/\/phonelocker.com\/wp-content\/uploads\/2026\/02\/Phone-Locker_Pouch-Metal-Box-12x12.jpg 12w\" sizes=\"(max-width: 2560px) 100vw, 2560px\" \/>\t\t\t\t\t\t\t\t\t\t\t<\/div>\n\t\t\t<\/a>\t\t<\/div>\n\n\t\t<div class=\"box-text text-center\" style=\"background-color:rgb(255, 255, 255);padding:20px 5% 20px 5%;\">\n\t\t\t<div class=\"box-text-inner\">\n\t\t\t\t\n<h4>Bolsas e sistemas de destravamento<\/h4>\n<p>Os detalhes que voc\u00ea precisa para tomar a decis\u00e3o certa para voc\u00ea.<\/p>\n<a href=\"https:\/\/phonelocker.com\/pt\/lockable-phone-pouches\/\" target=\"_self\" class=\"button primary is-underline\"  >\n    <span>Ver bolsas<\/span>\n  <\/a>\n\n\t\t\t<\/div>\n\t\t<\/div>\n\t<\/div>\n\t\n\t\t<\/div>\n\t\t\t<\/div>\n\n\t\n\n\t<div id=\"col-775048826\" class=\"col medium-4 small-12 large-4\"  >\n\t\t<div class=\"col-inner\"  >\n\t\t\t\n\t\t\t\n\t<div class=\"box has-hover   has-hover box-push box-text-bottom\" >\n\n\t\t<div class=\"box-image\" >\n\t\t\t<a href=\"https:\/\/phonelocker.com\/pt\/accessories\/\" target=\"_blank\" rel=\"noopener noreferrer\" >\t\t\t<div class=\"image-zoom image-cover\" style=\"padding-top:70%;\">\n\t\t\t\t<img decoding=\"async\" width=\"2560\" height=\"1920\" src=\"https:\/\/phonelocker.com\/wp-content\/uploads\/2026\/02\/phone-locker-lanyard-pouch.jpg\" class=\"attachment- size-\" alt=\"\" srcset=\"https:\/\/phonelocker.com\/wp-content\/uploads\/2026\/02\/phone-locker-lanyard-pouch.jpg 2560w, https:\/\/phonelocker.com\/wp-content\/uploads\/2026\/02\/phone-locker-lanyard-pouch-300x225.jpg 300w, https:\/\/phonelocker.com\/wp-content\/uploads\/2026\/02\/phone-locker-lanyard-pouch-1024x768.jpg 1024w, https:\/\/phonelocker.com\/wp-content\/uploads\/2026\/02\/phone-locker-lanyard-pouch-768x576.jpg 768w, https:\/\/phonelocker.com\/wp-content\/uploads\/2026\/02\/phone-locker-lanyard-pouch-1536x1152.jpg 1536w, https:\/\/phonelocker.com\/wp-content\/uploads\/2026\/02\/phone-locker-lanyard-pouch-2048x1536.jpg 2048w, https:\/\/phonelocker.com\/wp-content\/uploads\/2026\/02\/phone-locker-lanyard-pouch-16x12.jpg 16w\" sizes=\"(max-width: 2560px) 100vw, 2560px\" \/>\t\t\t\t\t\t\t\t\t\t\t<\/div>\n\t\t\t<\/a>\t\t<\/div>\n\n\t\t<div class=\"box-text text-center\" style=\"background-color:rgb(255, 255, 255);padding:20px 5% 20px 5%;\">\n\t\t\t<div class=\"box-text-inner\">\n\t\t\t\t\n<h4>Acess\u00f3rios de suporte para bolsas<\/h4>\n<p>De cord\u00f5es a bolsas, todos os acess\u00f3rios que voc\u00ea precisa.<\/p>\n<a rel=\"noopener noreferrer\" href=\"https:\/\/phonelocker.com\/pt\/accessories\/\" target=\"_blank\" class=\"button primary is-underline\"  >\n    <span>Ver acess\u00f3rios<\/span>\n  <\/a>\n\n\t\t\t<\/div>\n\t\t<\/div>\n\t<\/div>\n\t\n\t\t<\/div>\n\t\t\t<\/div>\n\n\t\n\n\t<div id=\"col-1712157441\" class=\"col medium-4 small-12 large-4\"  >\n\t\t<div class=\"col-inner\"  >\n\t\t\t\n\t\t\t\n\t<div class=\"box has-hover   has-hover box-push box-text-bottom\" >\n\n\t\t<div class=\"box-image\" >\n\t\t\t<a href=\"https:\/\/phonelocker.com\/pt\/contact\/\" target=\"_blank\" rel=\"noopener noreferrer\" >\t\t\t<div class=\"image-zoom image-cover\" style=\"padding-top:70%;\">\n\t\t\t\t<img decoding=\"async\" width=\"1200\" height=\"600\" src=\"https:\/\/phonelocker.com\/wp-content\/uploads\/2026\/02\/Website-Images.jpg\" class=\"attachment- size-\" alt=\"\" srcset=\"https:\/\/phonelocker.com\/wp-content\/uploads\/2026\/02\/Website-Images.jpg 1200w, https:\/\/phonelocker.com\/wp-content\/uploads\/2026\/02\/Website-Images-300x150.jpg 300w, https:\/\/phonelocker.com\/wp-content\/uploads\/2026\/02\/Website-Images-1024x512.jpg 1024w, https:\/\/phonelocker.com\/wp-content\/uploads\/2026\/02\/Website-Images-768x384.jpg 768w, https:\/\/phonelocker.com\/wp-content\/uploads\/2026\/02\/Website-Images-18x9.jpg 18w\" sizes=\"(max-width: 1200px) 100vw, 1200px\" \/>\t\t\t\t\t\t\t\t\t\t\t<\/div>\n\t\t\t<\/a>\t\t<\/div>\n\n\t\t<div class=\"box-text text-center\" style=\"background-color:rgb(255, 255, 255);padding:20px 5% 20px 5%;\">\n\t\t\t<div class=\"box-text-inner\">\n\t\t\t\t\n<h4>Fale com nossa equipe<\/h4>\n<p>Para d\u00favidas gerais, informa\u00e7\u00f5es adicionais e orienta\u00e7\u00f5es.<\/p>\n<a href=\"https:\/\/phonelocker.com\/pt\/contact\/\" target=\"_self\" class=\"button primary is-underline\"  >\n    <span>Contate-nos<\/span>\n  <\/a>\n\n\t\t\t<\/div>\n\t\t<\/div>\n\t<\/div>\n\t\n\t\t<\/div>\n\t\t\t<\/div>\n\n\t\n\n<style>\n#row-813861597 > .col > .col-inner {\n  background-color: rgb(255,255,255);\n}\n<\/style>\n<\/div>\n\t\t<\/div>\n\n\t\t\n<style>\n#section_1153053807 {\n  padding-top: 50px;\n  padding-bottom: 50px;\n  background-color: rgb(32, 64, 154);\n}\n<\/style>\n\t<\/section>","protected":false},"excerpt":{"rendered":"","protected":false},"author":1,"featured_media":0,"parent":0,"menu_order":0,"comment_status":"closed","ping_status":"closed","template":"page-blank.php","meta":{"inline_featured_image":false,"footnotes":""},"class_list":["post-2818","page","type-page","status-publish","hentry"],"yoast_head":"<!-- This site is optimized with the Yoast SEO plugin v27.4 - https:\/\/yoast.com\/product\/yoast-seo-wordpress\/ -->\n<title>The Product - Phone Locker<\/title>\n<meta name=\"robots\" content=\"index, follow, max-snippet:-1, max-image-preview:large, max-video-preview:-1\" \/>\n<link rel=\"canonical\" href=\"https:\/\/phonelocker.com\/pt\/the-product\/\" \/>\n<meta property=\"og:locale\" content=\"pt_PT\" \/>\n<meta property=\"og:type\" content=\"article\" \/>\n<meta property=\"og:title\" content=\"The Product - Phone Locker\" \/>\n<meta property=\"og:url\" content=\"https:\/\/phonelocker.com\/pt\/the-product\/\" \/>\n<meta property=\"og:site_name\" content=\"Phone Locker\" \/>\n<meta property=\"article:modified_time\" content=\"2026-03-19T10:36:27+00:00\" \/>\n<meta property=\"og:image\" content=\"https:\/\/phonelocker.com\/wp-content\/uploads\/2026\/01\/phonelockerpouch-1024x1024.png\" \/>\n\t<meta property=\"og:image:width\" content=\"1024\" \/>\n\t<meta property=\"og:image:height\" content=\"1024\" \/>\n\t<meta property=\"og:image:type\" content=\"image\/png\" \/>\n<meta name=\"twitter:card\" content=\"summary_large_image\" \/>\n<meta name=\"twitter:label1\" content=\"Tempo estimado de leitura\" \/>\n\t<meta name=\"twitter:data1\" content=\"3 minutos\" \/>\n<!-- \/ Yoast SEO plugin. -->","yoast_head_json":{"title":"O Produto - Cofre para Celular","robots":{"index":"index","follow":"follow","max-snippet":"max-snippet:-1","max-image-preview":"max-image-preview:large","max-video-preview":"max-video-preview:-1"},"canonical":"https:\/\/phonelocker.com\/pt\/the-product\/","og_locale":"pt_PT","og_type":"article","og_title":"The Product - Phone Locker","og_url":"https:\/\/phonelocker.com\/pt\/the-product\/","og_site_name":"Phone Locker","article_modified_time":"2026-03-19T10:36:27+00:00","og_image":[{"width":1024,"height":1024,"url":"https:\/\/phonelocker.com\/wp-content\/uploads\/2026\/01\/phonelockerpouch-1024x1024.png","type":"image\/png"}],"twitter_card":"summary_large_image","twitter_misc":{"Tempo estimado de leitura":"3 minutos"},"schema":{"@context":"https:\/\/schema.org","@graph":[{"@type":"WebPage","@id":"https:\/\/phonelocker.com\/the-product\/","url":"https:\/\/phonelocker.com\/the-product\/","name":"O Produto - Cofre para Celular","isPartOf":{"@id":"https:\/\/phonelocker.com\/#website"},"primaryImageOfPage":{"@id":"https:\/\/phonelocker.com\/the-product\/#primaryimage"},"image":{"@id":"https:\/\/phonelocker.com\/the-product\/#primaryimage"},"thumbnailUrl":"https:\/\/phonelocker.com\/wp-content\/uploads\/2026\/01\/phonelockerpouch-300x300.png","datePublished":"2026-02-19T17:25:31+00:00","dateModified":"2026-03-19T10:36:27+00:00","breadcrumb":{"@id":"https:\/\/phonelocker.com\/the-product\/#breadcrumb"},"inLanguage":"pt-PT","potentialAction":[{"@type":"ReadAction","target":["https:\/\/phonelocker.com\/the-product\/"]}]},{"@type":"ImageObject","inLanguage":"pt-PT","@id":"https:\/\/phonelocker.com\/the-product\/#primaryimage","url":"https:\/\/phonelocker.com\/wp-content\/uploads\/2026\/01\/phonelockerpouch-300x300.png","contentUrl":"https:\/\/phonelocker.com\/wp-content\/uploads\/2026\/01\/phonelockerpouch-300x300.png"},{"@type":"BreadcrumbList","@id":"https:\/\/phonelocker.com\/the-product\/#breadcrumb","itemListElement":[{"@type":"ListItem","position":1,"name":"Home","item":"https:\/\/phonelocker.com\/"},{"@type":"ListItem","position":2,"name":"The Product"}]},{"@type":"WebSite","@id":"https:\/\/phonelocker.com\/#website","url":"https:\/\/phonelocker.com\/","name":"Arm\u00e1rio de telefone","description":"Bolsa para telefone com trava","potentialAction":[{"@type":"SearchAction","target":{"@type":"EntryPoint","urlTemplate":"https:\/\/phonelocker.com\/?s={search_term_string}"},"query-input":{"@type":"PropertyValueSpecification","valueRequired":true,"valueName":"search_term_string"}}],"inLanguage":"pt-PT"}]}},"_links":{"self":[{"href":"https:\/\/phonelocker.com\/pt\/wp-json\/wp\/v2\/pages\/2818","targetHints":{"allow":["GET"]}}],"collection":[{"href":"https:\/\/phonelocker.com\/pt\/wp-json\/wp\/v2\/pages"}],"about":[{"href":"https:\/\/phonelocker.com\/pt\/wp-json\/wp\/v2\/types\/page"}],"author":[{"embeddable":true,"href":"https:\/\/phonelocker.com\/pt\/wp-json\/wp\/v2\/users\/1"}],"replies":[{"embeddable":true,"href":"https:\/\/phonelocker.com\/pt\/wp-json\/wp\/v2\/comments?post=2818"}],"version-history":[{"count":10,"href":"https:\/\/phonelocker.com\/pt\/wp-json\/wp\/v2\/pages\/2818\/revisions"}],"predecessor-version":[{"id":3316,"href":"https:\/\/phonelocker.com\/pt\/wp-json\/wp\/v2\/pages\/2818\/revisions\/3316"}],"wp:attachment":[{"href":"https:\/\/phonelocker.com\/pt\/wp-json\/wp\/v2\/media?parent=2818"}],"curies":[{"name":"wp","href":"https:\/\/api.w.org\/{rel}","templated":true}]}}