{"id":2823,"date":"2026-02-19T17:33:44","date_gmt":"2026-02-19T17:33:44","guid":{"rendered":"https:\/\/phonelocker.com\/?page_id=2823"},"modified":"2026-03-19T10:38:03","modified_gmt":"2026-03-19T10:38:03","slug":"lockable-phone-pouches","status":"publish","type":"page","link":"https:\/\/phonelocker.com\/pt\/lockable-phone-pouches\/","title":{"rendered":"Bolsas para telefone com trava"},"content":{"rendered":"<div class=\"banner has-hover\" id=\"banner-182886145\">\n          <div class=\"banner-inner fill\">\n        <div class=\"banner-bg fill\" >\n            <div class=\"bg fill bg-fill\"><\/div>\n                                    \n                    <\/div>\n        <div class=\"banner-layers container\">\n            <div class=\"fill banner-link\"><\/div>            \n   <div id=\"text-box-1201978456\" class=\"text-box banner-layer x5 md-x5 lg-x5 y95 md-y50 lg-y50 res-text\">\n                                <div class=\"text-box-content text box-shadow-1\">\n              \n              <div class=\"text-inner text-left\">\n                  \n<h6>Nossa solu\u00e7\u00e3o<\/h6>\n<h3 class=\"uppercase\">O Arm\u00e1rio do Telefone<sup>\u00ae<\/sup> Gama de bolsas<\/h3>\n<p>Nossos estojos para celular com trava s\u00e3o usados no mundo todo, ajudando escolas, espa\u00e7os para eventos e outros locais a criar ambientes livres de celulares, permitindo que as pessoas se concentrem no momento presente. Nosso design patenteado de estojo est\u00e1 dispon\u00edvel em diversas vers\u00f5es, oferecendo m\u00e1xima flexibilidade para atender \u00e0s suas necessidades.<\/p>\n<a href=\"https:\/\/phonelocker.com\/pt\/contact\/\" target=\"_self\" class=\"button primary is-gradient\"  >\n    <span>Contate-nos<\/span>\n  <\/a>\n\n              <\/div>\n           <\/div>\n                            \n<style>\n#text-box-1201978456 .text-box-content {\n  background-color: rgba(255, 255, 255, 0.94);\n  font-size: 100%;\n}\n#text-box-1201978456 .text-inner {\n  padding: 30px 30px 30px 30px;\n}\n#text-box-1201978456 {\n  width: 90%;\n}\n@media (min-width:550px) {\n  #text-box-1201978456 {\n    width: 44%;\n  }\n}\n<\/style>\n    <\/div>\n \n        <\/div>\n      <\/div>\n\n            \n<style>\n#banner-182886145 {\n  padding-top: 637px;\n}\n#banner-182886145 .bg.bg-loaded {\n  background-image: url(https:\/\/phonelocker.com\/wp-content\/uploads\/2026\/01\/P1301661-scaled.jpg);\n}\n#banner-182886145 .bg {\n  background-position: 62% 60%;\n}\n<\/style>\n  <\/div>\n\n\n\t<section class=\"section\" id=\"section_1791508123\">\n\t\t<div class=\"bg section-bg fill bg-fill  bg-loaded\" >\n\n\t\t\t\n\t\t\t<div class=\"section-bg-overlay absolute fill\"><\/div>\n\t\t\t\n\n\t\t<\/div>\n\n\t\t<div class=\"section-content relative\">\n\t\t\t\n<div class=\"container section-title-container\" ><h1 class=\"section-title section-title-center\"><b><\/b><span class=\"section-title-main\" >Bolsas<\/span><b><\/b><\/h1><\/div>\n<div class=\"row row-large align-middle\"  id=\"row-931889129\">\n\n\t<div id=\"col-17836314\" class=\"col medium-6 small-12 large-6\"  >\n\t\t<div class=\"col-inner text-left\"  >\n\t\t\t\n\t\t\t\n<h3><strong>Bolsa padr\u00e3o<\/strong><\/h3>\n<p>Nosso arm\u00e1rio de celular padr\u00e3o<sup>\u00ae<\/sup> medidas da bolsa\u00a0<strong>135 mm x 280 mm<\/strong>, projetada para se ajustar \u00e0 grande maioria dos smartphones com seguran\u00e7a e conforto. Uma\u00a0<strong>Tamanho menor (128 mm x 255 mm)<\/strong>\u00a0Tamb\u00e9m est\u00e1 dispon\u00edvel mediante solicita\u00e7\u00e3o.<\/p>\n<h3><strong>Arm\u00e1rio de telefone<sup>\u00ae<\/sup> Bolsa de bloqueio de sinal<\/strong><\/h3>\n<p><strong>Nossa op\u00e7\u00e3o mais popular<\/strong><\/p>\n<p>Esta bolsa com fecho oferece a mesma forma e fun\u00e7\u00e3o da vers\u00e3o padr\u00e3o, com o benef\u00edcio adicional da tecnologia integrada.\u00a0<strong>Bloquear sinais de Bluetooth, Wi-Fi e redes m\u00f3veis.<\/strong>. Proporciona maior seguran\u00e7a e tranquilidade em ambientes onde a conectividade precisa ser totalmente restrita.<\/p>\n<p><strong>Dimens\u00f5es: 135 mm x 280 mm<\/strong><\/p>\n\t\t<\/div>\n\t\t\t<\/div>\n\n\t\n\n\t<div id=\"col-439586495\" class=\"col medium-6 small-12 large-6\"  >\n\t\t<div class=\"col-inner\"  >\n\t\t\t\n\t\t\t\n\t<div class=\"img has-hover x md-x lg-x y md-y lg-y\" id=\"image_481473106\">\n\t\t\t\t\t\t\t\t<div class=\"img-inner dark\" >\n\t\t\t<img decoding=\"async\" width=\"1020\" height=\"765\" src=\"https:\/\/phonelocker.com\/wp-content\/uploads\/2026\/01\/P1301659-Edited-1024x768.png\" class=\"attachment-large size-large\" alt=\"\" srcset=\"https:\/\/phonelocker.com\/wp-content\/uploads\/2026\/01\/P1301659-Edited-1024x768.png 1024w, https:\/\/phonelocker.com\/wp-content\/uploads\/2026\/01\/P1301659-Edited-300x225.png 300w, https:\/\/phonelocker.com\/wp-content\/uploads\/2026\/01\/P1301659-Edited-768x576.png 768w, https:\/\/phonelocker.com\/wp-content\/uploads\/2026\/01\/P1301659-Edited-1536x1152.png 1536w, https:\/\/phonelocker.com\/wp-content\/uploads\/2026\/01\/P1301659-Edited-2048x1536.png 2048w, https:\/\/phonelocker.com\/wp-content\/uploads\/2026\/01\/P1301659-Edited-16x12.png 16w\" sizes=\"(max-width: 1020px) 100vw, 1020px\" \/>\t\t\t\t\t\t\n\t\t\t\t\t<\/div>\n\t\t\t\t\t\t\t\t\n<style>\n#image_481473106 {\n  width: 100%;\n}\n<\/style>\n\t<\/div>\n\t\n\t<div class=\"img has-hover x md-x lg-x y md-y lg-y\" id=\"image_1184723028\">\n\t\t\t\t\t\t\t\t<div class=\"img-inner box-shadow-2 dark\" >\n\t\t\t\t\t\t\t\t\t\n\t\t\t\t\t<\/div>\n\t\t\t\t\t\t\t\t\n<style>\n#image_1184723028 {\n  width: 100%;\n}\n<\/style>\n\t<\/div>\n\t\n\t\t<\/div>\n\t\t\t<\/div>\n\n\t\n<\/div>\n<div class=\"row row-large align-middle\"  id=\"row-217831048\">\n\n\t<div id=\"col-546429465\" class=\"col medium-6 small-12 large-6\"  >\n\t\t<div class=\"col-inner text-left\"  >\n\t\t\t\n\t\t\t\n<h3><strong>Arm\u00e1rio de telefone<sup>\u00ae<\/sup> Bolsa m\u00e9dica<\/strong><\/h3>\n<p>Projetada para usu\u00e1rios que precisam acessar o celular por motivos m\u00e9dicos, a Bolsa M\u00e9dica tem a mesma apar\u00eancia da bolsa padr\u00e3o, mas possui um fecho de velcro simples em vez de um cadeado. Isso garante a inclus\u00e3o em espa\u00e7os onde o celular n\u00e3o \u00e9 permitido.\u00a0<strong>sem discriminar indiv\u00edduos com necessidades m\u00e9dicas<\/strong>.<\/p>\n<p><strong>Dimens\u00f5es: 135 mm x 280 mm<\/strong><\/p>\n\t\t<\/div>\n\t\t\t<\/div>\n\n\t\n\n\t<div id=\"col-525937650\" class=\"col medium-6 small-12 large-6\"  >\n\t\t<div class=\"col-inner\"  >\n\t\t\t\n\t\t\t\n\t<div class=\"img has-hover x md-x lg-x y md-y lg-y\" id=\"image_2125614044\">\n\t\t\t\t\t\t\t\t<div class=\"img-inner dark\" >\n\t\t\t<img decoding=\"async\" width=\"1020\" height=\"1020\" src=\"https:\/\/phonelocker.com\/wp-content\/uploads\/2026\/02\/medical-pouch-1024x1024.jpg\" class=\"attachment-large size-large\" alt=\"\" srcset=\"https:\/\/phonelocker.com\/wp-content\/uploads\/2026\/02\/medical-pouch-1024x1024.jpg 1024w, https:\/\/phonelocker.com\/wp-content\/uploads\/2026\/02\/medical-pouch-300x300.jpg 300w, https:\/\/phonelocker.com\/wp-content\/uploads\/2026\/02\/medical-pouch-150x150.jpg 150w, https:\/\/phonelocker.com\/wp-content\/uploads\/2026\/02\/medical-pouch-768x768.jpg 768w, https:\/\/phonelocker.com\/wp-content\/uploads\/2026\/02\/medical-pouch-1536x1536.jpg 1536w, https:\/\/phonelocker.com\/wp-content\/uploads\/2026\/02\/medical-pouch-2048x2048.jpg 2048w, https:\/\/phonelocker.com\/wp-content\/uploads\/2026\/02\/medical-pouch-12x12.jpg 12w\" sizes=\"(max-width: 1020px) 100vw, 1020px\" \/>\t\t\t\t\t\t\n\t\t\t\t\t<\/div>\n\t\t\t\t\t\t\t\t\n<style>\n#image_2125614044 {\n  width: 100%;\n}\n<\/style>\n\t<\/div>\n\t\n\t<div class=\"img has-hover x md-x lg-x y md-y lg-y\" id=\"image_794473835\">\n\t\t\t\t\t\t\t\t<div class=\"img-inner box-shadow-2 dark\" >\n\t\t\t\t\t\t\t\t\t\n\t\t\t\t\t<\/div>\n\t\t\t\t\t\t\t\t\n<style>\n#image_794473835 {\n  width: 100%;\n}\n<\/style>\n\t<\/div>\n\t\n\t\t<\/div>\n\t\t\t<\/div>\n\n\t\n<\/div>\n\t\t<\/div>\n\n\t\t\n<style>\n#section_1791508123 {\n  padding-top: 60px;\n  padding-bottom: 60px;\n  background-color: rgb(255,255,255);\n}\n#section_1791508123 .section-bg-overlay {\n  background-color: rgba(255, 255, 255, 0.85);\n}\n<\/style>\n\t<\/section>\n\t\n\t<section class=\"section\" id=\"section_306994364\">\n\t\t<div class=\"bg section-bg fill bg-fill  bg-loaded\" >\n\n\t\t\t\n\t\t\t<div class=\"section-bg-overlay absolute fill\"><\/div>\n\t\t\t\n\n\t\t<\/div>\n\n\t\t<div class=\"section-content relative\">\n\t\t\t\n<div class=\"container section-title-container\" ><h1 class=\"section-title section-title-center\"><b><\/b><span class=\"section-title-main\" >Sistemas de desbloqueio<\/span><b><\/b><\/h1><\/div>\n<div class=\"row row-large align-middle\"  id=\"row-891357815\">\n\n\t<div id=\"col-281397718\" class=\"col medium-6 small-12 large-6\"  >\n\t\t<div class=\"col-inner text-left\"  >\n\t\t\t\n\t\t\t\n<h3 data-start=\"98\" data-end=\"132\">Arm\u00e1rio de telefone<sup>\u00ae<\/sup> Alavanca de destravamento<\/h3>\n<p data-start=\"134\" data-end=\"576\">O Arm\u00e1rio do Telefone<sup>\u00ae<\/sup> A alavanca de destravamento \u00e9 uma ferramenta simples e dur\u00e1vel, projetada para o destravamento r\u00e1pido e controlado de bolsas em pontos de sa\u00edda designados. Constru\u00edda para ambientes de alto fluxo, permite que a equipe libere os telefones em segundos, mantendo total supervis\u00e3o do processo. Leve e f\u00e1cil de manusear, a alavanca facilita as rotinas di\u00e1rias em escolas, locais de trabalho e eventos, sem a necessidade de energia ou conectividade.<\/p>\n<p data-start=\"578\" data-end=\"594\"><strong data-start=\"578\" data-end=\"594\">Principais benef\u00edcios<\/strong><\/p>\n<ul>\n<li data-start=\"597\" data-end=\"641\">Desbloqueio r\u00e1pido e confi\u00e1vel em ambientes movimentados.<\/li>\n<li data-start=\"597\" data-end=\"641\">N\u00e3o s\u00e3o necess\u00e1rias pilhas nem componentes eletr\u00f4nicos.<\/li>\n<li data-start=\"597\" data-end=\"641\">Design robusto para uso di\u00e1rio a longo prazo.<\/li>\n<li data-start=\"597\" data-end=\"641\">Oferece suporte ao retorno de chamadas telef\u00f4nicas gerenciado e supervisionado.<\/li>\n<li data-start=\"597\" data-end=\"641\">F\u00e1cil de posicionar nos pontos de entrada e sa\u00edda.<\/li>\n<\/ul>\n\t\t<\/div>\n\t\t\t<\/div>\n\n\t\n\n\t<div id=\"col-940105574\" class=\"col medium-6 small-12 large-6\"  >\n\t\t<div class=\"col-inner\"  >\n\t\t\t\n\t\t\t\n\t<div class=\"img has-hover x md-x lg-x y md-y lg-y\" id=\"image_1188131477\">\n\t\t\t\t\t\t\t\t<div class=\"img-inner dark\" >\n\t\t\t<img decoding=\"async\" width=\"1020\" height=\"1020\" src=\"https:\/\/phonelocker.com\/wp-content\/uploads\/2026\/02\/magnet-unlocker-1024x1024.jpg\" class=\"attachment-large size-large\" alt=\"\" srcset=\"https:\/\/phonelocker.com\/wp-content\/uploads\/2026\/02\/magnet-unlocker-1024x1024.jpg 1024w, https:\/\/phonelocker.com\/wp-content\/uploads\/2026\/02\/magnet-unlocker-300x300.jpg 300w, https:\/\/phonelocker.com\/wp-content\/uploads\/2026\/02\/magnet-unlocker-150x150.jpg 150w, https:\/\/phonelocker.com\/wp-content\/uploads\/2026\/02\/magnet-unlocker-768x768.jpg 768w, https:\/\/phonelocker.com\/wp-content\/uploads\/2026\/02\/magnet-unlocker-1536x1536.jpg 1536w, https:\/\/phonelocker.com\/wp-content\/uploads\/2026\/02\/magnet-unlocker-2048x2048.jpg 2048w, https:\/\/phonelocker.com\/wp-content\/uploads\/2026\/02\/magnet-unlocker-12x12.jpg 12w\" sizes=\"(max-width: 1020px) 100vw, 1020px\" \/>\t\t\t\t\t\t\n\t\t\t\t\t<\/div>\n\t\t\t\t\t\t\t\t\n<style>\n#image_1188131477 {\n  width: 100%;\n}\n<\/style>\n\t<\/div>\n\t\n\t<div class=\"img has-hover x md-x lg-x y md-y lg-y\" id=\"image_1976229665\">\n\t\t\t\t\t\t\t\t<div class=\"img-inner box-shadow-2 dark\" >\n\t\t\t\t\t\t\t\t\t\n\t\t\t\t\t<\/div>\n\t\t\t\t\t\t\t\t\n<style>\n#image_1976229665 {\n  width: 100%;\n}\n<\/style>\n\t<\/div>\n\t\n\t\t<\/div>\n\t\t\t<\/div>\n\n\t\n<\/div>\n<div class=\"row row-large align-middle\"  id=\"row-1757969204\">\n\n\t<div id=\"col-1135983021\" class=\"col medium-6 small-12 large-6\"  >\n\t\t<div class=\"col-inner text-left\"  >\n\t\t\t\n\t\t\t\n<h3 data-start=\"823\" data-end=\"866\">Arm\u00e1rio de telefone<sup>\u00ae<\/sup> Caixa de fechadura magn\u00e9tica de destravamento<\/h3>\n<p data-start=\"868\" data-end=\"1277\">A caixa de seguran\u00e7a com \u00edm\u00e3 para desbloqueio oferece um local seguro e inviol\u00e1vel para guardar o \u00edm\u00e3 quando n\u00e3o estiver em uso. Projetada para ambientes controlados, a caixa garante que apenas funcion\u00e1rios autorizados possam acessar a ferramenta de desbloqueio, ajudando as organiza\u00e7\u00f5es a manter a integridade de sua pol\u00edtica de proibi\u00e7\u00e3o de celulares. Seu design discreto, que permite a montagem na parede, se integra perfeitamente a \u00e1reas de recep\u00e7\u00e3o, salas de exame e espa\u00e7os para eventos.<\/p>\n<p data-start=\"1279\" data-end=\"1295\"><strong data-start=\"1279\" data-end=\"1295\">Principais benef\u00edcios<\/strong><\/p>\n<ul>\n<li data-start=\"1298\" data-end=\"1341\">Armazenamento seguro com acesso restrito a pessoas autorizadas.<\/li>\n<li data-start=\"1298\" data-end=\"1341\">\u00c0 prova d&#039;\u00e1gua para uso externo<\/li>\n<li data-start=\"1298\" data-end=\"1341\">Protege contra a perda ou o uso indevido do \u00edm\u00e3.<\/li>\n<li data-start=\"1298\" data-end=\"1341\">Instala\u00e7\u00e3o simples na parede<\/li>\n<li data-start=\"1298\" data-end=\"1341\">Ideal para locais com entradas compartilhadas ou m\u00faltiplas.<\/li>\n<li data-start=\"1298\" data-end=\"1341\">Apoia processos de salvaguarda consistentes<\/li>\n<\/ul>\n\t\t<\/div>\n\t\t\t<\/div>\n\n\t\n\n\t<div id=\"col-1646221665\" class=\"col medium-6 small-12 large-6\"  >\n\t\t<div class=\"col-inner\"  >\n\t\t\t\n\t\t\t\n\t<div class=\"img has-hover x md-x lg-x y md-y lg-y\" id=\"image_1757904389\">\n\t\t\t\t\t\t\t\t<div class=\"img-inner dark\" >\n\t\t\t<img decoding=\"async\" width=\"1020\" height=\"1020\" src=\"https:\/\/phonelocker.com\/wp-content\/uploads\/2026\/02\/magnet-box-1024x1024.jpg\" class=\"attachment-large size-large\" alt=\"\" srcset=\"https:\/\/phonelocker.com\/wp-content\/uploads\/2026\/02\/magnet-box-1024x1024.jpg 1024w, https:\/\/phonelocker.com\/wp-content\/uploads\/2026\/02\/magnet-box-300x300.jpg 300w, https:\/\/phonelocker.com\/wp-content\/uploads\/2026\/02\/magnet-box-150x150.jpg 150w, https:\/\/phonelocker.com\/wp-content\/uploads\/2026\/02\/magnet-box-768x768.jpg 768w, https:\/\/phonelocker.com\/wp-content\/uploads\/2026\/02\/magnet-box-1536x1536.jpg 1536w, https:\/\/phonelocker.com\/wp-content\/uploads\/2026\/02\/magnet-box-2048x2048.jpg 2048w, https:\/\/phonelocker.com\/wp-content\/uploads\/2026\/02\/magnet-box-12x12.jpg 12w\" sizes=\"(max-width: 1020px) 100vw, 1020px\" \/>\t\t\t\t\t\t\n\t\t\t\t\t<\/div>\n\t\t\t\t\t\t\t\t\n<style>\n#image_1757904389 {\n  width: 100%;\n}\n<\/style>\n\t<\/div>\n\t\n\t<div class=\"img has-hover x md-x lg-x y md-y lg-y\" id=\"image_1270077979\">\n\t\t\t\t\t\t\t\t<div class=\"img-inner box-shadow-2 dark\" >\n\t\t\t\t\t\t\t\t\t\n\t\t\t\t\t<\/div>\n\t\t\t\t\t\t\t\t\n<style>\n#image_1270077979 {\n  width: 100%;\n}\n<\/style>\n\t<\/div>\n\t\n\t\t<\/div>\n\t\t\t<\/div>\n\n\t\n<\/div>\n<div class=\"row row-large align-middle\"  id=\"row-342565791\">\n\n\t<div id=\"col-1863192838\" class=\"col medium-6 small-12 large-6\"  >\n\t\t<div class=\"col-inner text-left\"  >\n\t\t\t\n\t\t\t\n<h3 data-start=\"823\" data-end=\"866\">Arm\u00e1rio de telefone<sup>\u00ae<\/sup> Arm\u00e1rio magn\u00e9tico de destravamento<\/h3>\n<p data-start=\"868\" data-end=\"1277\">Arm\u00e1rio magn\u00e9tico de desbloqueio projetado para uso interno.<\/p>\n<p data-start=\"1279\" data-end=\"1295\"><strong data-start=\"1279\" data-end=\"1295\">Principais benef\u00edcios<\/strong><\/p>\n<ul>\n<li data-start=\"1298\" data-end=\"1341\">Armazenamento seguro com acesso restrito a pessoas autorizadas.<\/li>\n<li data-start=\"1298\" data-end=\"1341\">Protege contra a perda ou o uso indevido do \u00edm\u00e3.<\/li>\n<li data-start=\"1298\" data-end=\"1341\">Instala\u00e7\u00e3o simples na parede<\/li>\n<li data-start=\"1298\" data-end=\"1341\">Ideal para locais com entradas compartilhadas ou m\u00faltiplas.<\/li>\n<li data-start=\"1298\" data-end=\"1341\">Apoia processos de salvaguarda consistentes<\/li>\n<\/ul>\n\t\t<\/div>\n\t\t\t<\/div>\n\n\t\n\n\t<div id=\"col-1582818168\" class=\"col medium-6 small-12 large-6\"  >\n\t\t<div class=\"col-inner\"  >\n\t\t\t\n\t\t\t\n\t<div class=\"img has-hover x md-x lg-x y md-y lg-y\" id=\"image_886293439\">\n\t\t\t\t\t\t\t\t<div class=\"img-inner dark\" >\n\t\t\t<img decoding=\"async\" width=\"1020\" height=\"1020\" src=\"https:\/\/phonelocker.com\/wp-content\/uploads\/2026\/02\/magnet-cabinet-1024x1024.jpg\" class=\"attachment-large size-large\" alt=\"\" srcset=\"https:\/\/phonelocker.com\/wp-content\/uploads\/2026\/02\/magnet-cabinet-1024x1024.jpg 1024w, https:\/\/phonelocker.com\/wp-content\/uploads\/2026\/02\/magnet-cabinet-300x300.jpg 300w, https:\/\/phonelocker.com\/wp-content\/uploads\/2026\/02\/magnet-cabinet-150x150.jpg 150w, https:\/\/phonelocker.com\/wp-content\/uploads\/2026\/02\/magnet-cabinet-768x768.jpg 768w, https:\/\/phonelocker.com\/wp-content\/uploads\/2026\/02\/magnet-cabinet-1536x1536.jpg 1536w, https:\/\/phonelocker.com\/wp-content\/uploads\/2026\/02\/magnet-cabinet-2048x2048.jpg 2048w, https:\/\/phonelocker.com\/wp-content\/uploads\/2026\/02\/magnet-cabinet-12x12.jpg 12w\" sizes=\"(max-width: 1020px) 100vw, 1020px\" \/>\t\t\t\t\t\t\n\t\t\t\t\t<\/div>\n\t\t\t\t\t\t\t\t\n<style>\n#image_886293439 {\n  width: 100%;\n}\n<\/style>\n\t<\/div>\n\t\n\t<div class=\"img has-hover x md-x lg-x y md-y lg-y\" id=\"image_1100077330\">\n\t\t\t\t\t\t\t\t<div class=\"img-inner box-shadow-2 dark\" >\n\t\t\t\t\t\t\t\t\t\n\t\t\t\t\t<\/div>\n\t\t\t\t\t\t\t\t\n<style>\n#image_1100077330 {\n  width: 100%;\n}\n<\/style>\n\t<\/div>\n\t\n\t\t<\/div>\n\t\t\t<\/div>\n\n\t\n<\/div>\n\t\t<\/div>\n\n\t\t\n<style>\n#section_306994364 {\n  padding-top: 60px;\n  padding-bottom: 60px;\n  background-color: rgb(232, 236, 243);\n}\n#section_306994364 .section-bg-overlay {\n  background-color: rgba(255, 255, 255, 0.85);\n}\n<\/style>\n\t<\/section>\n\t\n\t<section class=\"section info-card-1\" id=\"section_1888962028\">\n\t\t<div class=\"bg section-bg fill bg-fill  bg-loaded\" >\n\n\t\t\t\n\t\t\t\n\t\t\t\n\n\t\t<\/div>\n\n\t\t<div class=\"section-content relative\">\n\t\t\t\n<div class=\"row row-small align-equal align-center\"  id=\"row-414131392\">\n\n\t<div id=\"col-1960714883\" class=\"col medium-4 small-12 large-4\"  >\n\t\t<div class=\"col-inner\"  >\n\t\t\t\n\t\t\t\n\t<div class=\"box has-hover   has-hover box-push box-text-bottom\" >\n\n\t\t<div class=\"box-image\" >\n\t\t\t<a href=\"https:\/\/phonelocker.com\/pt\/contact\/\"  >\t\t\t<div class=\"image-zoom image-cover\" style=\"padding-top:70%;\">\n\t\t\t\t<img decoding=\"async\" width=\"1200\" height=\"600\" src=\"https:\/\/phonelocker.com\/wp-content\/uploads\/2026\/02\/Website-Images.jpg\" class=\"attachment- size-\" alt=\"\" srcset=\"https:\/\/phonelocker.com\/wp-content\/uploads\/2026\/02\/Website-Images.jpg 1200w, https:\/\/phonelocker.com\/wp-content\/uploads\/2026\/02\/Website-Images-300x150.jpg 300w, https:\/\/phonelocker.com\/wp-content\/uploads\/2026\/02\/Website-Images-1024x512.jpg 1024w, https:\/\/phonelocker.com\/wp-content\/uploads\/2026\/02\/Website-Images-768x384.jpg 768w, https:\/\/phonelocker.com\/wp-content\/uploads\/2026\/02\/Website-Images-18x9.jpg 18w\" sizes=\"(max-width: 1200px) 100vw, 1200px\" \/>\t\t\t\t\t\t\t\t\t\t\t<\/div>\n\t\t\t<\/a>\t\t<\/div>\n\n\t\t<div class=\"box-text text-center\" style=\"background-color:rgb(255, 255, 255);padding:20px 5% 20px 5%;\">\n\t\t\t<div class=\"box-text-inner\">\n\t\t\t\t\n<h4>Tem interesse em saber mais?<\/h4>\n<p>Fale com nossa equipe e encontre a solu\u00e7\u00e3o ideal para voc\u00ea.<\/p>\n<a rel=\"noopener noreferrer\" href=\"https:\/\/phonelocker.com\/pt\/contact\/\" target=\"_blank\" class=\"button primary is-underline\"  >\n    <span>Entre em contato conosco hoje<\/span>\n  <\/a>\n\n\t\t\t<\/div>\n\t\t<\/div>\n\t<\/div>\n\t\n\t\t<\/div>\n\t\t\t<\/div>\n\n\t\n\n\t<div id=\"col-1601629698\" class=\"col medium-4 small-12 large-4\"  >\n\t\t<div class=\"col-inner\"  >\n\t\t\t\n\t\t\t\n\t<div class=\"box has-hover   has-hover box-push box-text-bottom\" >\n\n\t\t<div class=\"box-image\" >\n\t\t\t<a href=\"https:\/\/phonelocker.com\/pt\/accessories\/\" target=\"_blank\" rel=\"noopener noreferrer\" >\t\t\t<div class=\"image-zoom image-cover\" style=\"padding-top:70%;\">\n\t\t\t\t<img decoding=\"async\" width=\"2000\" height=\"2000\" src=\"https:\/\/phonelocker.com\/wp-content\/uploads\/2026\/02\/Pouch-with-strap.jpg\" class=\"attachment- size-\" alt=\"\" srcset=\"https:\/\/phonelocker.com\/wp-content\/uploads\/2026\/02\/Pouch-with-strap.jpg 2000w, https:\/\/phonelocker.com\/wp-content\/uploads\/2026\/02\/Pouch-with-strap-300x300.jpg 300w, https:\/\/phonelocker.com\/wp-content\/uploads\/2026\/02\/Pouch-with-strap-1024x1024.jpg 1024w, https:\/\/phonelocker.com\/wp-content\/uploads\/2026\/02\/Pouch-with-strap-150x150.jpg 150w, https:\/\/phonelocker.com\/wp-content\/uploads\/2026\/02\/Pouch-with-strap-768x768.jpg 768w, https:\/\/phonelocker.com\/wp-content\/uploads\/2026\/02\/Pouch-with-strap-1536x1536.jpg 1536w, https:\/\/phonelocker.com\/wp-content\/uploads\/2026\/02\/Pouch-with-strap-12x12.jpg 12w\" sizes=\"(max-width: 2000px) 100vw, 2000px\" \/>\t\t\t\t\t\t\t\t\t\t\t<\/div>\n\t\t\t<\/a>\t\t<\/div>\n\n\t\t<div class=\"box-text text-center\" style=\"background-color:rgb(255, 255, 255);padding:20px 5% 20px 5%;\">\n\t\t\t<div class=\"box-text-inner\">\n\t\t\t\t\n<h4>Acess\u00f3rios de suporte para bolsas<\/h4>\n<p>De cord\u00f5es a bolsas, todos os acess\u00f3rios que voc\u00ea precisa.<\/p>\n<a rel=\"noopener noreferrer\" href=\"https:\/\/phonelocker.com\/pt\/accessories\/\" target=\"_blank\" class=\"button primary is-underline\"  >\n    <span>Ver acess\u00f3rios<\/span>\n  <\/a>\n\n\t\t\t<\/div>\n\t\t<\/div>\n\t<\/div>\n\t\n\t\t<\/div>\n\t\t\t<\/div>\n\n\t\n\n<style>\n#row-414131392 > .col > .col-inner {\n  background-color: rgb(255,255,255);\n}\n<\/style>\n<\/div>\n\t\t<\/div>\n\n\t\t\n<style>\n#section_1888962028 {\n  padding-top: 50px;\n  padding-bottom: 50px;\n  background-color: #20409a;\n}\n<\/style>\n\t<\/section>","protected":false},"excerpt":{"rendered":"","protected":false},"author":1,"featured_media":0,"parent":0,"menu_order":0,"comment_status":"closed","ping_status":"closed","template":"page-blank.php","meta":{"inline_featured_image":false,"footnotes":""},"class_list":["post-2823","page","type-page","status-publish","hentry"],"yoast_head":"<!-- This site is optimized with the Yoast SEO plugin v27.4 - https:\/\/yoast.com\/product\/yoast-seo-wordpress\/ -->\n<title>Lockable Phone Pouches - Phone Locker<\/title>\n<meta name=\"robots\" content=\"index, follow, max-snippet:-1, max-image-preview:large, max-video-preview:-1\" \/>\n<link rel=\"canonical\" href=\"https:\/\/phonelocker.com\/pt\/lockable-phone-pouches\/\" \/>\n<meta property=\"og:locale\" content=\"pt_PT\" \/>\n<meta property=\"og:type\" content=\"article\" \/>\n<meta property=\"og:title\" content=\"Lockable Phone Pouches - Phone Locker\" \/>\n<meta property=\"og:url\" content=\"https:\/\/phonelocker.com\/pt\/lockable-phone-pouches\/\" \/>\n<meta property=\"og:site_name\" content=\"Phone Locker\" \/>\n<meta property=\"article:modified_time\" content=\"2026-03-19T10:38:03+00:00\" \/>\n<meta name=\"twitter:card\" content=\"summary_large_image\" \/>\n<meta name=\"twitter:label1\" content=\"Tempo estimado de leitura\" \/>\n\t<meta name=\"twitter:data1\" content=\"3 minutos\" \/>\n<!-- \/ Yoast SEO plugin. -->","yoast_head_json":{"title":"Lockable Phone Pouches - Phone Locker","robots":{"index":"index","follow":"follow","max-snippet":"max-snippet:-1","max-image-preview":"max-image-preview:large","max-video-preview":"max-video-preview:-1"},"canonical":"https:\/\/phonelocker.com\/pt\/lockable-phone-pouches\/","og_locale":"pt_PT","og_type":"article","og_title":"Lockable Phone Pouches - Phone Locker","og_url":"https:\/\/phonelocker.com\/pt\/lockable-phone-pouches\/","og_site_name":"Phone Locker","article_modified_time":"2026-03-19T10:38:03+00:00","twitter_card":"summary_large_image","twitter_misc":{"Tempo estimado de leitura":"3 minutos"},"schema":{"@context":"https:\/\/schema.org","@graph":[{"@type":"WebPage","@id":"https:\/\/phonelocker.com\/lockable-phone-pouches\/","url":"https:\/\/phonelocker.com\/lockable-phone-pouches\/","name":"Lockable Phone Pouches - Phone Locker","isPartOf":{"@id":"https:\/\/phonelocker.com\/#website"},"datePublished":"2026-02-19T17:33:44+00:00","dateModified":"2026-03-19T10:38:03+00:00","breadcrumb":{"@id":"https:\/\/phonelocker.com\/lockable-phone-pouches\/#breadcrumb"},"inLanguage":"pt-PT","potentialAction":[{"@type":"ReadAction","target":["https:\/\/phonelocker.com\/lockable-phone-pouches\/"]}]},{"@type":"BreadcrumbList","@id":"https:\/\/phonelocker.com\/lockable-phone-pouches\/#breadcrumb","itemListElement":[{"@type":"ListItem","position":1,"name":"Home","item":"https:\/\/phonelocker.com\/"},{"@type":"ListItem","position":2,"name":"Lockable Phone Pouches"}]},{"@type":"WebSite","@id":"https:\/\/phonelocker.com\/#website","url":"https:\/\/phonelocker.com\/","name":"Arm\u00e1rio de telefone","description":"Bolsa para telefone com trava","potentialAction":[{"@type":"SearchAction","target":{"@type":"EntryPoint","urlTemplate":"https:\/\/phonelocker.com\/?s={search_term_string}"},"query-input":{"@type":"PropertyValueSpecification","valueRequired":true,"valueName":"search_term_string"}}],"inLanguage":"pt-PT"}]}},"_links":{"self":[{"href":"https:\/\/phonelocker.com\/pt\/wp-json\/wp\/v2\/pages\/2823","targetHints":{"allow":["GET"]}}],"collection":[{"href":"https:\/\/phonelocker.com\/pt\/wp-json\/wp\/v2\/pages"}],"about":[{"href":"https:\/\/phonelocker.com\/pt\/wp-json\/wp\/v2\/types\/page"}],"author":[{"embeddable":true,"href":"https:\/\/phonelocker.com\/pt\/wp-json\/wp\/v2\/users\/1"}],"replies":[{"embeddable":true,"href":"https:\/\/phonelocker.com\/pt\/wp-json\/wp\/v2\/comments?post=2823"}],"version-history":[{"count":10,"href":"https:\/\/phonelocker.com\/pt\/wp-json\/wp\/v2\/pages\/2823\/revisions"}],"predecessor-version":[{"id":3317,"href":"https:\/\/phonelocker.com\/pt\/wp-json\/wp\/v2\/pages\/2823\/revisions\/3317"}],"wp:attachment":[{"href":"https:\/\/phonelocker.com\/pt\/wp-json\/wp\/v2\/media?parent=2823"}],"curies":[{"name":"wp","href":"https:\/\/api.w.org\/{rel}","templated":true}]}}