{"id":3,"date":"2021-06-13T16:01:01","date_gmt":"2021-06-13T16:01:01","guid":{"rendered":"http:\/\/localhost\/phone-pouch\/?page_id=3"},"modified":"2026-03-19T16:19:32","modified_gmt":"2026-03-19T16:19:32","slug":"privacy-policy","status":"publish","type":"page","link":"https:\/\/phonelocker.com\/pt\/privacy-policy\/","title":{"rendered":"pol\u00edtica de Privacidade"},"content":{"rendered":"<h1 class=\"wp-block-heading\">Pol\u00edtica de Privacidade do Phone Locker\u00ae<\/h1>\r\n<p><strong>\u00daltima atualiza\u00e7\u00e3o: 29 de janeiro de 2026<\/strong><\/p>\r\n<p>A Phone Locker\u00ae (\u201cn\u00f3s\u201d, \u201cnos\u201d, \u201cnossos\u201d) est\u00e1 comprometida em proteger e respeitar a sua privacidade. Esta Pol\u00edtica de Privacidade explica como coletamos, usamos, armazenamos e protegemos seus dados pessoais quando voc\u00ea visita nosso site ou interage conosco.<\/p>\r\n<p>Esta pol\u00edtica aplica-se a todos os utilizadores do website Phone Locker\u00ae e servi\u00e7os relacionados.<\/p>\r\n<p>A Phone Locker\u00ae \u00e9 uma empresa sediada no Reino Unido que fornece solu\u00e7\u00f5es seguras de bloqueio de celulares para escolas, eventos e organiza\u00e7\u00f5es.<\/p>\r\n<p><strong>Controlador de dados:<br \/><\/strong>PromoCollection Limited T\/A Phone Locker\u00ae<br \/>N\u00famero de registro da empresa: 09756639<br \/>3 Brunel Court, Severalls Industrial Park, Colchester, Essex, Reino Unido, CO4 9XP<br \/>E-mail:<strong>hello@phonelocker.com<\/strong><br \/>Este endere\u00e7o de e-mail tamb\u00e9m \u00e9 utilizado para todas as quest\u00f5es relacionadas \u00e0 prote\u00e7\u00e3o de dados e privacidade.<\/p>\r\n<h2>Que dados pessoais coletamos?<\/h2>\r\n<p>Podemos coletar e processar os seguintes dados pessoais:<\/p>\r\n<h3><strong>a) Informa\u00e7\u00f5es que voc\u00ea nos fornece<\/strong><\/h3>\r\n<ul>\r\n<li>Nome<\/li>\r\n<li>Endere\u00e7o de email<\/li>\r\n<li>N\u00famero de telefone<\/li>\r\n<li>Nome da organiza\u00e7\u00e3o\/escola<\/li>\r\n<li>Cargo<\/li>\r\n<li>Qualquer informa\u00e7\u00e3o enviada por meio de formul\u00e1rios de contato, consultas, downloads ou correspond\u00eancia por e-mail.<\/li>\r\n<\/ul>\r\n<h3><strong>b) Informa\u00e7\u00f5es coletadas automaticamente<\/strong><\/h3>\r\n<ul>\r\n<li>endere\u00e7o IP<\/li>\r\n<li>Tipo e vers\u00e3o do navegador<\/li>\r\n<li>Informa\u00e7\u00f5es do dispositivo<\/li>\r\n<li>P\u00e1ginas visitadas e tempo gasto em nosso site<\/li>\r\n<li>URLs de refer\u00eancia<\/li>\r\n<\/ul>\r\n<p>Esses dados s\u00e3o coletados por meio de cookies e tecnologias semelhantes.<\/p>\r\n<h2>Como utilizamos seus dados<\/h2>\r\n<p>Utilizamos seus dados pessoais para:<\/p>\r\n<ul>\r\n<li>Responder a perguntas e solicita\u00e7\u00f5es<\/li>\r\n<li>Fornecer informa\u00e7\u00f5es sobre nossos produtos e servi\u00e7os.<\/li>\r\n<li>Gerenciar o relacionamento com clientes, escolas e parceiros.<\/li>\r\n<li>Melhorar nosso site e servi\u00e7os<\/li>\r\n<li>Enviar comunica\u00e7\u00f5es de marketing (quando houver consentimento).<\/li>\r\n<li>Cumprir obriga\u00e7\u00f5es legais ou regulamentares<\/li>\r\n<\/ul>\r\n<p>Fornecer essas informa\u00e7\u00f5es \u00e9, portanto, uma exig\u00eancia contratual ou uma exig\u00eancia necess\u00e1ria para<br \/>celebrar um contrato. Se voc\u00ea n\u00e3o fornecer os dados pessoais solicitados, talvez n\u00e3o possamos:<br \/>\u2022 Responder integralmente \u00e0 sua solicita\u00e7\u00e3o;<br \/>\u2022 fornecer um or\u00e7amento ou proposta;<br \/>\u2022 prosseguir com qualquer venda, instala\u00e7\u00e3o ou servi\u00e7o de suporte cont\u00ednuo em potencial.<\/p>\r\n<p><br \/>Para comunica\u00e7\u00f5es opcionais (por exemplo, e-mails de marketing), voc\u00ea n\u00e3o \u00e9 obrigado a fornecer seus dados.\u00a0<br \/>detalhes ou consentimento, e n\u00e3o h\u00e1 consequ\u00eancias negativas por omiti-los, al\u00e9m de n\u00e3o receber tais atualiza\u00e7\u00f5es.<\/p>\r\n<p><br \/>N\u00e3o exigimos que voc\u00ea forne\u00e7a quaisquer dados de categoria especial (por exemplo, informa\u00e7\u00f5es de sa\u00fade) para o nosso<br \/>servi\u00e7os padr\u00e3o. S\u00f3 utilizaremos os seus dados quando tivermos uma base legal para o fazer.<\/p>\r\n<h2>Bases legais para o processamento<\/h2>\r\n<p>Ao abrigo do RGPD (Regulamento Geral sobre a Prote\u00e7\u00e3o de Dados) do Reino Unido, baseamo-nos nos seguintes fundamentos jur\u00eddicos:<\/p>\r\n<ul>\r\n<li><strong>Consentimento<\/strong> \u2013 onde voc\u00ea optou por receber comunica\u00e7\u00f5es de marketing<\/li>\r\n<li><strong>Interesses leg\u00edtimos<\/strong> \u2013 Para responder a perguntas e melhorar nossos servi\u00e7os.<\/li>\r\n<li><strong>Necessidade contratual<\/strong> \u2013 quando o processamento for necess\u00e1rio para fornecer um servi\u00e7o<\/li>\r\n<li><strong>Obriga\u00e7\u00e3o legal<\/strong> \u2013 onde exigido por lei<\/li>\r\n<\/ul>\r\n<h2>Comunica\u00e7\u00e3o de Marketing<\/h2>\r\n<p>Poderemos enviar-lhe comunica\u00e7\u00f5es de marketing sobre o Phone Locker\u00ae nos seguintes locais:<\/p>\r\n<ul>\r\n<li>Os dados de contato s\u00e3o relacionados a neg\u00f3cios.<\/li>\r\n<li>A comunica\u00e7\u00e3o \u00e9 relevante para a sua fun\u00e7\u00e3o profissional.<\/li>\r\n<li>Temos um interesse leg\u00edtimo em promover nossos servi\u00e7os.<\/li>\r\n<\/ul>\r\n<p>Podemos obter informa\u00e7\u00f5es de contato comercial de fontes publicamente dispon\u00edveis, como sites de empresas, LinkedIn, diret\u00f3rios comerciais e listas de eventos.<\/p>\r\n<p>Voc\u00ea tem o direito absoluto de se opor ao marketing direto a qualquer momento.<\/p>\r\n<p>Todos os e-mails de marketing incluem um link para cancelar a inscri\u00e7\u00e3o, e voc\u00ea tamb\u00e9m pode optar por n\u00e3o receb\u00ea-los entrando em contato conosco pelo endere\u00e7o hello@phonelocker.com.<\/p>\r\n<h2>Cookies<\/h2>\r\n<p>Nosso site utiliza cookies para:<\/p>\r\n<ul>\r\n<li>Garantir que o site funcione corretamente<\/li>\r\n<li>Analisar o tr\u00e1fego e a utiliza\u00e7\u00e3o do site.<\/li>\r\n<li>Melhorar o desempenho e a experi\u00eancia do usu\u00e1rio<\/li>\r\n<\/ul>\r\n<p>Voc\u00ea pode gerenciar ou desativar os cookies nas configura\u00e7\u00f5es do seu navegador. Para mais informa\u00e7\u00f5es, consulte nossa pol\u00edtica de cookies. <strong>Pol\u00edtica de Cookies<\/strong>.<\/p>\r\n<h2>Compartilhamento de dados<\/h2>\r\n<p>N\u00e3o vendemos seus dados pessoais.<\/p>\r\n<p>Podemos compartilhar seus dados com terceiros confi\u00e1veis, incluindo:<\/p>\r\n<ul>\r\n<li>provedores de hospedagem de sites<\/li>\r\n<li>Plataformas de CRM e marketing por e-mail<\/li>\r\n<li>Fornecedores de an\u00e1lises (ex: Google Analytics)<\/li>\r\n<li>provedores de servi\u00e7os de e-mail<\/li>\r\n<li>Consultores profissionais (jur\u00eddicos, financeiros, de TI)<\/li>\r\n<\/ul>\r\n<p>Todas as terceiras partes s\u00e3o obrigadas a processar os seus dados de forma segura e em conformidade com o RGPD (Regulamento Geral sobre a Prote\u00e7\u00e3o de Dados) do Reino Unido.<\/p>\r\n<h2>Transfer\u00eancias internacionais de dados<\/h2>\r\n<p>Alguns dos nossos prestadores de servi\u00e7os est\u00e3o localizados fora do Reino Unido, incluindo:<\/p>\r\n<ul>\r\n<li>Google (Estados Unidos)<\/li>\r\n<li>Zoho (centros de dados da UE e da \u00cdndia)<\/li>\r\n<\/ul>\r\n<p>Quando os dados pessoais s\u00e3o transferidos internacionalmente, garantimos que as salvaguardas adequadas estejam em vigor, incluindo:<\/p>\r\n<ul>\r\n<li>Regulamentos de adequa\u00e7\u00e3o do Reino Unido<\/li>\r\n<li>Acordos Internacionais de Transfer\u00eancia de Dados (IDTA)<\/li>\r\n<li>Cl\u00e1usulas Contratuais Padr\u00e3o (CCPs)<\/li>\r\n<\/ul>\r\n<h2>Reten\u00e7\u00e3o de dados<\/h2>\r\n<p>Conservamos os dados pessoais apenas pelo tempo necess\u00e1rio para cumprir as finalidades para as quais foram coletados, incluindo requisitos legais, cont\u00e1beis e de relat\u00f3rios.<\/p>\r\n<h2>Seus direitos<\/h2>\r\n<p>Ao abrigo do RGPD (Regulamento Geral sobre a Prote\u00e7\u00e3o de Dados) do Reino Unido, voc\u00ea tem o direito de:<\/p>\r\n<ul>\r\n<li>Aceda aos seus dados pessoais<\/li>\r\n<li>Solicitar a corre\u00e7\u00e3o de dados incorretos.<\/li>\r\n<li>Solicitar a exclus\u00e3o dos seus dados<\/li>\r\n<li>Objeto ao processamento<\/li>\r\n<li>Restringir processamento<\/li>\r\n<li>Solicitar portabilidade de dados<\/li>\r\n<li>Retirar o consentimento a qualquer momento.<\/li>\r\n<\/ul>\r\n<p>Para exercer seus direitos, entre em contato com: <a href=\"mailto:hello@phonelocker.com\">hello@phonelocker.com<\/a><\/p>\r\n<p>Voc\u00ea tamb\u00e9m tem o direito de apresentar uma reclama\u00e7\u00e3o ao Gabinete do Comiss\u00e1rio de Informa\u00e7\u00e3o do Reino Unido (ICO).<\/p>\r\n<h2>Tomada de decis\u00e3o automatizada<\/h2>\r\n<p>N\u00e3o utilizamos processos automatizados de tomada de decis\u00e3o ou cria\u00e7\u00e3o de perfis que produzam efeitos legais ou significativos sobre os indiv\u00edduos.<\/p>\r\n<h2>Seguran\u00e7a de dados<\/h2>\r\n<p>Adotamos medidas t\u00e9cnicas e organizacionais adequadas para proteger os seus dados pessoais contra acesso n\u00e3o autorizado, perda, uso indevido ou altera\u00e7\u00e3o.<\/p>\r\n<h2>Dados das crian\u00e7as<\/h2>\r\n<p>O Phone Locker\u00ae n\u00e3o coleta ou processa intencionalmente dados pessoais de estudantes ou crian\u00e7as.<\/p>\r\n<p>Nos casos em que as escolas utilizam nossos produtos, elas continuam sendo as controladoras dos dados de todas as informa\u00e7\u00f5es dos alunos.<\/p>\r\n<h2>Altera\u00e7\u00f5es a esta pol\u00edtica<\/h2>\r\n<p>Podemos atualizar esta Pol\u00edtica de Privacidade periodicamente. Quaisquer altera\u00e7\u00f5es ser\u00e3o publicadas nesta p\u00e1gina com a data de revis\u00e3o atualizada.<\/p>\r\n<h2>Pol\u00edtica de Privacidade | Reclama\u00e7\u00f5es e Consultas<\/h2>\r\n<p>Se tiver alguma d\u00favida ou reclama\u00e7\u00e3o sobre a nossa Pol\u00edtica de Privacidade, entre em contato conosco atrav\u00e9s do seguinte endere\u00e7o:<\/p>\r\n<p>3 Brunel Court Severalls, Colchester, CO4 9XP Essex Reino Unido<\/p>\r\n<p>hello@phonelocker.com<\/p>\r\n<p>(+44) 203 916 5098<\/p>","protected":false},"excerpt":{"rendered":"<p>Phone Locker\u00ae Privacy Policy Last updated: 29 January 2026 Phone Locker\u00ae\u00a0 (\u201cwe\u201d, \u201cus\u201d, \u201cour\u201d) is committed to protecting and respecting your privacy. This Privacy Policy explains how we collect, use, store and protect your personal data when you visit our website or engage with us. This policy applies to all users of the Phone Locker\u00ae [&#8230;]\n","protected":false},"author":1,"featured_media":0,"parent":0,"menu_order":0,"comment_status":"closed","ping_status":"open","template":"","meta":{"footnotes":""},"class_list":["post-3","page","type-page","status-publish","hentry"],"yoast_head":"<!-- This site is optimized with the Yoast SEO plugin v27.1.1 - https:\/\/yoast.com\/product\/yoast-seo-wordpress\/ -->\n<title>Privacy Policy - Phone Locker<\/title>\n<meta name=\"robots\" content=\"index, follow, max-snippet:-1, max-image-preview:large, max-video-preview:-1\" \/>\n<link rel=\"canonical\" href=\"https:\/\/phonelocker.com\/pt\/privacy-policy\/\" \/>\n<meta property=\"og:locale\" content=\"pt_PT\" \/>\n<meta property=\"og:type\" content=\"article\" \/>\n<meta property=\"og:title\" content=\"Privacy Policy - Phone Locker\" \/>\n<meta property=\"og:description\" content=\"Phone Locker\u00ae Privacy Policy Last updated: 29 January 2026 Phone Locker\u00ae\u00a0 (\u201cwe\u201d, \u201cus\u201d, \u201cour\u201d) is committed to protecting and respecting your privacy. This Privacy Policy explains how we collect, use, store and protect your personal data when you visit our website or engage with us. This policy applies to all users of the Phone Locker\u00ae [...]\" \/>\n<meta property=\"og:url\" content=\"https:\/\/phonelocker.com\/pt\/privacy-policy\/\" \/>\n<meta property=\"og:site_name\" content=\"Phone Locker\" \/>\n<meta property=\"article:modified_time\" content=\"2026-03-19T16:19:32+00:00\" \/>\n<meta name=\"twitter:card\" content=\"summary_large_image\" \/>\n<meta name=\"twitter:label1\" content=\"Tempo estimado de leitura\" \/>\n\t<meta name=\"twitter:data1\" content=\"4 minutos\" \/>\n<!-- \/ Yoast SEO plugin. -->","yoast_head_json":{"title":"Pol\u00edtica de Privacidade - Cofre para Celular","robots":{"index":"index","follow":"follow","max-snippet":"max-snippet:-1","max-image-preview":"max-image-preview:large","max-video-preview":"max-video-preview:-1"},"canonical":"https:\/\/phonelocker.com\/pt\/privacy-policy\/","og_locale":"pt_PT","og_type":"article","og_title":"Privacy Policy - Phone Locker","og_description":"Phone Locker\u00ae Privacy Policy Last updated: 29 January 2026 Phone Locker\u00ae\u00a0 (\u201cwe\u201d, \u201cus\u201d, \u201cour\u201d) is committed to protecting and respecting your privacy. This Privacy Policy explains how we collect, use, store and protect your personal data when you visit our website or engage with us. This policy applies to all users of the Phone Locker\u00ae [...]","og_url":"https:\/\/phonelocker.com\/pt\/privacy-policy\/","og_site_name":"Phone Locker","article_modified_time":"2026-03-19T16:19:32+00:00","twitter_card":"summary_large_image","twitter_misc":{"Tempo estimado de leitura":"4 minutos"},"schema":{"@context":"https:\/\/schema.org","@graph":[{"@type":"WebPage","@id":"https:\/\/phonelocker.com\/privacy-policy\/","url":"https:\/\/phonelocker.com\/privacy-policy\/","name":"Pol\u00edtica de Privacidade - Cofre para Celular","isPartOf":{"@id":"https:\/\/phonelocker.com\/#website"},"datePublished":"2021-06-13T16:01:01+00:00","dateModified":"2026-03-19T16:19:32+00:00","breadcrumb":{"@id":"https:\/\/phonelocker.com\/privacy-policy\/#breadcrumb"},"inLanguage":"pt-PT","potentialAction":[{"@type":"ReadAction","target":["https:\/\/phonelocker.com\/privacy-policy\/"]}]},{"@type":"BreadcrumbList","@id":"https:\/\/phonelocker.com\/privacy-policy\/#breadcrumb","itemListElement":[{"@type":"ListItem","position":1,"name":"Home","item":"https:\/\/phonelocker.com\/"},{"@type":"ListItem","position":2,"name":"Privacy Policy"}]},{"@type":"WebSite","@id":"https:\/\/phonelocker.com\/#website","url":"https:\/\/phonelocker.com\/","name":"Arm\u00e1rio de telefone","description":"Bolsa para telefone com trava","potentialAction":[{"@type":"SearchAction","target":{"@type":"EntryPoint","urlTemplate":"https:\/\/phonelocker.com\/?s={search_term_string}"},"query-input":{"@type":"PropertyValueSpecification","valueRequired":true,"valueName":"search_term_string"}}],"inLanguage":"pt-PT"}]}},"_links":{"self":[{"href":"https:\/\/phonelocker.com\/pt\/wp-json\/wp\/v2\/pages\/3","targetHints":{"allow":["GET"]}}],"collection":[{"href":"https:\/\/phonelocker.com\/pt\/wp-json\/wp\/v2\/pages"}],"about":[{"href":"https:\/\/phonelocker.com\/pt\/wp-json\/wp\/v2\/types\/page"}],"author":[{"embeddable":true,"href":"https:\/\/phonelocker.com\/pt\/wp-json\/wp\/v2\/users\/1"}],"replies":[{"embeddable":true,"href":"https:\/\/phonelocker.com\/pt\/wp-json\/wp\/v2\/comments?post=3"}],"version-history":[{"count":6,"href":"https:\/\/phonelocker.com\/pt\/wp-json\/wp\/v2\/pages\/3\/revisions"}],"predecessor-version":[{"id":3346,"href":"https:\/\/phonelocker.com\/pt\/wp-json\/wp\/v2\/pages\/3\/revisions\/3346"}],"wp:attachment":[{"href":"https:\/\/phonelocker.com\/pt\/wp-json\/wp\/v2\/media?parent=3"}],"curies":[{"name":"wp","href":"https:\/\/api.w.org\/{rel}","templated":true}]}}