{"id":3004,"date":"2026-03-17T14:46:27","date_gmt":"2026-03-17T14:46:27","guid":{"rendered":"https:\/\/phonelocker.com\/?page_id=3004"},"modified":"2026-03-19T11:06:21","modified_gmt":"2026-03-19T11:06:21","slug":"esg-and-compliance","status":"publish","type":"page","link":"https:\/\/phonelocker.com\/pt\/esg-and-compliance\/","title":{"rendered":"ESG e Conformidade"},"content":{"rendered":"<div class=\"banner has-hover\" id=\"banner-1081323880\">\n          <div class=\"banner-inner fill\">\n        <div class=\"banner-bg fill\" >\n            <div class=\"bg fill bg-fill\"><\/div>\n                                    \n                    <\/div>\n        <div class=\"banner-layers container\">\n            <div class=\"fill banner-link\"><\/div>            \n   <div id=\"text-box-819029363\" class=\"text-box banner-layer x5 md-x5 lg-x5 y95 md-y50 lg-y50 res-text\">\n                                <div class=\"text-box-content text box-shadow-1\">\n              \n              <div class=\"text-inner text-left\">\n                  \n<h6>Nossa hist\u00f3ria<\/h6>\n<h3 class=\"banner-header__title header--alt\">Respons\u00e1vel por natureza<\/h3>\n<p class=\"banner-header__subtitle text--white text--md\">Na Phone Locker<sup>\u00ae<\/sup>, A responsabilidade est\u00e1 intr\u00ednseca \u00e0 forma como concebemos, fabricamos e entregamos os nossos produtos.<\/p>\n<a rel=\"noopener noreferrer\" href=\"https:\/\/phonelocker.com\/pt\/contact\/\" target=\"_blank\" class=\"button primary is-gradient\"  >\n    <span>Contate-nos<\/span>\n  <\/a>\n\n              <\/div>\n           <\/div>\n                            \n<style>\n#text-box-819029363 .text-box-content {\n  background-color: rgba(255, 255, 255, 0.94);\n  font-size: 100%;\n}\n#text-box-819029363 .text-inner {\n  padding: 30px 30px 30px 30px;\n}\n#text-box-819029363 {\n  width: 90%;\n}\n@media (min-width:550px) {\n  #text-box-819029363 {\n    width: 44%;\n  }\n}\n<\/style>\n    <\/div>\n \n        <\/div>\n      <\/div>\n\n            \n<style>\n#banner-1081323880 {\n  padding-top: 637px;\n}\n#banner-1081323880 .bg.bg-loaded {\n  background-image: url(https:\/\/phonelocker.com\/wp-content\/uploads\/2026\/03\/pexels-splash-of-rain-7321-scaled.jpg);\n}\n#banner-1081323880 .bg {\n  background-position: 62% 60%;\n}\n<\/style>\n  <\/div>\n\n\n\t<section class=\"section\" id=\"section_1653026117\">\n\t\t<div class=\"bg section-bg fill bg-fill  bg-loaded\" >\n\n\t\t\t\n\t\t\t<div class=\"section-bg-overlay absolute fill\"><\/div>\n\t\t\t\n\t<div class=\"is-border\"\n\t\tstyle=\"border-width:1px 0px 1px 0px;\">\n\t<\/div>\n\n\t\t<\/div>\n\n\t\t<div class=\"section-content relative\">\n\t\t\t\n<div class=\"row row-large align-middle\"  id=\"row-270003062\">\n\n\t<div id=\"col-1631540974\" class=\"col small-12 large-12\"  >\n\t\t<div class=\"col-inner\"  >\n\t\t\t\n\t\t\t\n<h1 style=\"text-align: center;\"><span style=\"font-size: 140%;\">Gerenciando nosso impacto<\/span><\/h1>\n<p style=\"text-align: center;\" data-start=\"196\" data-end=\"503\"><strong><span style=\"font-size: 120%;\">Desde cadeias de fornecimento \u00e9ticas e conformidade de materiais at\u00e9 controle de qualidade e responsabilidade ambiental, adotamos uma abordagem ponderada para criar solu\u00e7\u00f5es seguras, dur\u00e1veis e adequadas para uso a longo prazo.<\/span><\/strong><\/p>\n<p style=\"text-align: center;\" data-start=\"196\" data-end=\"503\">Monitoramos ativamente nosso impacto de carbono e nossas embalagens s\u00e3o projetadas para uso repetido e de longo prazo, reduzindo o desperd\u00edcio e a necessidade de substitui\u00e7\u00e3o frequente.<\/p>\n<p style=\"text-align: center;\" data-start=\"196\" data-end=\"503\">Todos os produtos s\u00e3o submetidos a testes qu\u00edmicos e toxicol\u00f3gicos de acordo com o REACH e s\u00e3o fabricados em f\u00e1bricas auditadas pela BSCI, garantindo altos padr\u00f5es de controle de qualidade, seguran\u00e7a do trabalhador e conformidade. Ao manter uma supervis\u00e3o ecol\u00f3gica e de fabrica\u00e7\u00e3o rigorosa, minimizamos os riscos, melhoramos a consist\u00eancia e entregamos produtos nos quais as organiza\u00e7\u00f5es podem confiar.<\/p>\n\t\t<\/div>\n\t\t\t<\/div>\n\n\t\n<\/div>\n<div class=\"container section-title-container\" ><h1 class=\"section-title section-title-center\"><b><\/b><span class=\"section-title-main\" >Acredita\u00e7\u00e3o<\/span><b><\/b><\/h1><\/div>\n<div class=\"row\"  id=\"row-179144225\">\n\n\t<div id=\"col-149197718\" class=\"col medium-6 small-12 large-6\"  >\n\t\t<div class=\"col-inner text-center\"  >\n\t\t\t\n\t\t\t\n\t<div class=\"img has-hover x md-x lg-x y md-y lg-y\" id=\"image_1403672037\">\n\t\t\t\t\t\t\t\t<div class=\"img-inner dark\" >\n\t\t\t<img decoding=\"async\" width=\"1020\" height=\"990\" src=\"https:\/\/phonelocker.com\/wp-content\/uploads\/2026\/02\/BSCI_logo-1024x994.webp\" class=\"attachment-large size-large\" alt=\"\" srcset=\"https:\/\/phonelocker.com\/wp-content\/uploads\/2026\/02\/BSCI_logo-1024x994.webp 1024w, https:\/\/phonelocker.com\/wp-content\/uploads\/2026\/02\/BSCI_logo-300x291.webp 300w, https:\/\/phonelocker.com\/wp-content\/uploads\/2026\/02\/BSCI_logo-768x745.webp 768w, https:\/\/phonelocker.com\/wp-content\/uploads\/2026\/02\/BSCI_logo-12x12.webp 12w, https:\/\/phonelocker.com\/wp-content\/uploads\/2026\/02\/BSCI_logo.webp 1420w\" sizes=\"(max-width: 1020px) 100vw, 1020px\" \/>\t\t\t\t\t\t\n\t\t\t\t\t<\/div>\n\t\t\t\t\t\t\t\t\n<style>\n#image_1403672037 {\n  width: 30%;\n}\n<\/style>\n\t<\/div>\n\t\n\t\t<\/div>\n\t\t\t<\/div>\n\n\t\n\n\t<div id=\"col-1759791257\" class=\"col medium-6 small-12 large-6\"  >\n\t\t<div class=\"col-inner text-center\"  >\n\t\t\t\n\t\t\t\n\t<div class=\"img has-hover x md-x lg-x y md-y lg-y\" id=\"image_914244638\">\n\t\t\t\t\t\t\t\t<div class=\"img-inner dark\" >\n\t\t\t<img decoding=\"async\" width=\"300\" height=\"261\" src=\"https:\/\/phonelocker.com\/wp-content\/uploads\/2026\/02\/Logo-REACH-300x261-1.png\" class=\"attachment-large size-large\" alt=\"\" srcset=\"https:\/\/phonelocker.com\/wp-content\/uploads\/2026\/02\/Logo-REACH-300x261-1.png 300w, https:\/\/phonelocker.com\/wp-content\/uploads\/2026\/02\/Logo-REACH-300x261-1-14x12.png 14w\" sizes=\"(max-width: 300px) 100vw, 300px\" \/>\t\t\t\t\t\t\n\t\t\t\t\t<\/div>\n\t\t\t\t\t\t\t\t\n<style>\n#image_914244638 {\n  width: 30%;\n}\n<\/style>\n\t<\/div>\n\t\n\t\t<\/div>\n\t\t\t<\/div>\n\n\t\n<\/div>\n\t\t<\/div>\n\n\t\t\n<style>\n#section_1653026117 {\n  padding-top: 20px;\n  padding-bottom: 20px;\n  background-color: rgb(255, 255, 255);\n}\n#section_1653026117 .section-bg-overlay {\n  background-color: rgba(255, 255, 255, 0.85);\n}\n<\/style>\n\t<\/section>\n\t\n\t<section class=\"section\" id=\"section_944718182\">\n\t\t<div class=\"bg section-bg fill bg-fill  bg-loaded\" >\n\n\t\t\t\n\t\t\t<div class=\"section-bg-overlay absolute fill\"><\/div>\n\t\t\t\n\n\t\t<\/div>\n\n\t\t<div class=\"section-content relative\">\n\t\t\t\n<div class=\"container section-title-container\" ><h1 class=\"section-title section-title-center\"><b><\/b><span class=\"section-title-main\" >Conformidade e fabrica\u00e7\u00e3o \u00e9tica<\/span><b><\/b><\/h1><\/div>\n<div class=\"row row-large align-middle\"  id=\"row-1086286813\">\n\n\t<div id=\"col-1024824344\" class=\"col medium-6 small-12 large-6\"  >\n\t\t<div class=\"col-inner text-left\"  >\n\t\t\t\n\t\t\t\n<p data-start=\"636\" data-end=\"928\"><strong data-start=\"636\" data-end=\"663\">REACH e seguran\u00e7a de materiais<\/strong><br data-start=\"663\" data-end=\"666\" \/>Todos os arm\u00e1rios de telefone<sup>\u00ae<\/sup> Os produtos est\u00e3o em conformidade com\u00a0<strong data-start=\"712\" data-end=\"733\">Regulamentos REACH<\/strong>, Garantimos que os materiais sejam testados e aprovados quanto \u00e0 seguran\u00e7a qu\u00edmica. Isso proporciona aos nossos clientes a confian\u00e7a de que nossos produtos atendem aos padr\u00f5es europeus reconhecidos de sa\u00fade e prote\u00e7\u00e3o ambiental.<\/p>\n<p data-start=\"930\" data-end=\"1128\"><strong data-start=\"930\" data-end=\"956\">F\u00e1bricas auditadas pela BSCI<\/strong><br data-start=\"956\" data-end=\"959\" \/>Trabalhamos com\u00a0<strong data-start=\"972\" data-end=\"1011\">Parceiros de fabrica\u00e7\u00e3o alinhados com a BSCI<\/strong>, Apoiamos pr\u00e1ticas trabalhistas \u00e9ticas, condi\u00e7\u00f5es de trabalho seguras e fornecimento respons\u00e1vel em toda a nossa cadeia de suprimentos.<\/p>\n\t\t<\/div>\n\t\t\t<\/div>\n\n\t\n\n\t<div id=\"col-1838635019\" class=\"col medium-6 small-12 large-6\"  >\n\t\t<div class=\"col-inner\"  >\n\t\t\t\n\t\t\t\n\t<div class=\"img has-hover x md-x lg-x y md-y lg-y\" id=\"image_1191034565\">\n\t\t\t\t\t\t\t\t<div class=\"img-inner image-cover dark\" style=\"padding-top:75%;\">\n\t\t\t<img decoding=\"async\" width=\"960\" height=\"501\" src=\"https:\/\/phonelocker.com\/wp-content\/uploads\/2026\/03\/Business_performance_monitoring_1200x627-1.webp\" class=\"attachment-large size-large\" alt=\"\" srcset=\"https:\/\/phonelocker.com\/wp-content\/uploads\/2026\/03\/Business_performance_monitoring_1200x627-1.webp 960w, https:\/\/phonelocker.com\/wp-content\/uploads\/2026\/03\/Business_performance_monitoring_1200x627-1-300x157.webp 300w, https:\/\/phonelocker.com\/wp-content\/uploads\/2026\/03\/Business_performance_monitoring_1200x627-1-768x401.webp 768w, https:\/\/phonelocker.com\/wp-content\/uploads\/2026\/03\/Business_performance_monitoring_1200x627-1-18x9.webp 18w\" sizes=\"(max-width: 960px) 100vw, 960px\" \/>\t\t\t\t\t\t\n\t\t\t\t\t<\/div>\n\t\t\t\t\t\t\t\t\n<style>\n#image_1191034565 {\n  width: 100%;\n}\n<\/style>\n\t<\/div>\n\t\n\t<div class=\"img has-hover x md-x lg-x y md-y lg-y\" id=\"image_1784564341\">\n\t\t\t\t\t\t\t\t<div class=\"img-inner box-shadow-2 dark\" >\n\t\t\t\t\t\t\t\t\t\n\t\t\t\t\t<\/div>\n\t\t\t\t\t\t\t\t\n<style>\n#image_1784564341 {\n  width: 100%;\n}\n<\/style>\n\t<\/div>\n\t\n\t\t<\/div>\n\t\t\t<\/div>\n\n\t\n<\/div>\n\t\t<\/div>\n\n\t\t\n<style>\n#section_944718182 {\n  padding-top: 20px;\n  padding-bottom: 20px;\n}\n#section_944718182 .section-bg-overlay {\n  background-color: rgba(255, 255, 255, 0.85);\n}\n<\/style>\n\t<\/section>\n\t\n<div class=\"container section-title-container\" ><h1 class=\"section-title section-title-center\"><b><\/b><span class=\"section-title-main\" >Controle de qualidade em que voc\u00ea pode confiar<\/span><b><\/b><\/h1><\/div>\n\t<section class=\"section\" id=\"section_1352514648\">\n\t\t<div class=\"bg section-bg fill bg-fill  bg-loaded\" >\n\n\t\t\t\n\t\t\t<div class=\"section-bg-overlay absolute fill\"><\/div>\n\t\t\t\n\n\t\t<\/div>\n\n\t\t<div class=\"section-content relative\">\n\t\t\t\n<div class=\"row row-large align-middle\"  id=\"row-1828496618\">\n\n\t<div id=\"col-1358081246\" class=\"col medium-6 small-12 large-6\"  >\n\t\t<div class=\"col-inner text-left\"  >\n\t\t\t\n\t\t\t\n<p data-start=\"1169\" data-end=\"1391\"><strong data-start=\"1169\" data-end=\"1200\">Projetado para uso no mundo real.<\/strong><br data-start=\"1200\" data-end=\"1203\" \/>Nossas bolsas foram desenvolvidas e aprimoradas ao longo de anos de uso di\u00e1rio em escolas, locais de trabalho e ambientes reais. Durabilidade, seguran\u00e7a e confiabilidade s\u00e3o fundamentais em todas as nossas decis\u00f5es de design.<\/p>\n<p data-start=\"1393\" data-end=\"1588\"><strong data-start=\"1393\" data-end=\"1426\">Controles de qualidade em todas as etapas.<\/strong><br data-start=\"1426\" data-end=\"1429\" \/>Cada lote de produ\u00e7\u00e3o segue processos de controle de qualidade definidos, com inspe\u00e7\u00f5es visuais e verifica\u00e7\u00f5es funcionais para garantir consist\u00eancia, desempenho e durabilidade.<\/p>\n\t\t<\/div>\n\t\t\t<\/div>\n\n\t\n\n\t<div id=\"col-1287358109\" class=\"col medium-6 small-12 large-6\"  >\n\t\t<div class=\"col-inner\"  >\n\t\t\t\n\t\t\t\n\t<div class=\"img has-hover x md-x lg-x y md-y lg-y\" id=\"image_2002366230\">\n\t\t\t\t\t\t\t\t<div class=\"img-inner image-cover dark\" style=\"padding-top:75%;\">\n\t\t\t<img decoding=\"async\" width=\"1020\" height=\"765\" src=\"https:\/\/phonelocker.com\/wp-content\/uploads\/2026\/01\/P1301663-1024x768.jpg\" class=\"attachment-large size-large\" alt=\"\" srcset=\"https:\/\/phonelocker.com\/wp-content\/uploads\/2026\/01\/P1301663-1024x768.jpg 1024w, https:\/\/phonelocker.com\/wp-content\/uploads\/2026\/01\/P1301663-300x225.jpg 300w, https:\/\/phonelocker.com\/wp-content\/uploads\/2026\/01\/P1301663-768x576.jpg 768w, https:\/\/phonelocker.com\/wp-content\/uploads\/2026\/01\/P1301663-1536x1152.jpg 1536w, https:\/\/phonelocker.com\/wp-content\/uploads\/2026\/01\/P1301663-2048x1536.jpg 2048w, https:\/\/phonelocker.com\/wp-content\/uploads\/2026\/01\/P1301663-16x12.jpg 16w\" sizes=\"(max-width: 1020px) 100vw, 1020px\" \/>\t\t\t\t\t\t\n\t\t\t\t\t<\/div>\n\t\t\t\t\t\t\t\t\n<style>\n#image_2002366230 {\n  width: 100%;\n}\n<\/style>\n\t<\/div>\n\t\n\t<div class=\"img has-hover x md-x lg-x y md-y lg-y\" id=\"image_970920383\">\n\t\t\t\t\t\t\t\t<div class=\"img-inner box-shadow-2 dark\" >\n\t\t\t\t\t\t\t\t\t\n\t\t\t\t\t<\/div>\n\t\t\t\t\t\t\t\t\n<style>\n#image_970920383 {\n  width: 100%;\n}\n<\/style>\n\t<\/div>\n\t\n\t\t<\/div>\n\t\t\t<\/div>\n\n\t\n<\/div>\n<div class=\"container section-title-container\" ><h1 class=\"section-title section-title-center\"><b><\/b><span class=\"section-title-main\" >Cuidado com a cria\u00e7\u00e3o<\/span><b><\/b><\/h1><\/div>\n<div class=\"row row-large align-middle\"  id=\"row-910864305\">\n\n\t<div id=\"col-1424856472\" class=\"col medium-6 small-12 large-6\"  >\n\t\t<div class=\"col-inner text-left\"  >\n\t\t\t\n\t\t\t\n<p data-start=\"1718\" data-end=\"1977\"><strong data-start=\"1718\" data-end=\"1749\">Feito para durar, n\u00e3o para desperdi\u00e7ar.<\/strong><br data-start=\"1749\" data-end=\"1752\" \/>Arm\u00e1rio de telefone<sup>\u00ae<\/sup> Os produtos s\u00e3o projetados para longa dura\u00e7\u00e3o e uso repetido, reduzindo a necessidade de substitui\u00e7\u00e3o frequente. Sempre que poss\u00edvel, utilizamos materiais selecionados criteriosamente para minimizar o impacto ambiental.<\/p>\n<p data-start=\"1979\" data-end=\"2136\"><strong data-start=\"1979\" data-end=\"2012\">Decis\u00f5es respons\u00e1veis sobre o produto<\/strong><br data-start=\"2012\" data-end=\"2015\" \/>Priorizamos a durabilidade, a possibilidade de reparo e os volumes de produ\u00e7\u00e3o controlados para evitar desperd\u00edcio desnecess\u00e1rio e superprodu\u00e7\u00e3o.<\/p>\n\t\t<\/div>\n\t\t\t<\/div>\n\n\t\n\n\t<div id=\"col-1784277188\" class=\"col medium-6 small-12 large-6\"  >\n\t\t<div class=\"col-inner\"  >\n\t\t\t\n\t\t\t\n\t<div class=\"img has-hover x md-x lg-x y md-y lg-y\" id=\"image_1679133386\">\n\t\t\t\t\t\t\t\t<div class=\"img-inner dark\" >\n\t\t\t<img decoding=\"async\" width=\"1020\" height=\"679\" src=\"https:\/\/phonelocker.com\/wp-content\/uploads\/2026\/03\/machine-1024x682.jpg\" class=\"attachment-large size-large\" alt=\"\" srcset=\"https:\/\/phonelocker.com\/wp-content\/uploads\/2026\/03\/machine-1024x682.jpg 1024w, https:\/\/phonelocker.com\/wp-content\/uploads\/2026\/03\/machine-300x200.jpg 300w, https:\/\/phonelocker.com\/wp-content\/uploads\/2026\/03\/machine-768x512.jpg 768w, https:\/\/phonelocker.com\/wp-content\/uploads\/2026\/03\/machine-1536x1024.jpg 1536w, https:\/\/phonelocker.com\/wp-content\/uploads\/2026\/03\/machine-2048x1365.jpg 2048w, https:\/\/phonelocker.com\/wp-content\/uploads\/2026\/03\/machine-18x12.jpg 18w\" sizes=\"(max-width: 1020px) 100vw, 1020px\" \/>\t\t\t\t\t\t\n\t\t\t\t\t<\/div>\n\t\t\t\t\t\t\t\t\n<style>\n#image_1679133386 {\n  width: 100%;\n}\n<\/style>\n\t<\/div>\n\t\n\t<div class=\"img has-hover x md-x lg-x y md-y lg-y\" id=\"image_603288319\">\n\t\t\t\t\t\t\t\t<div class=\"img-inner box-shadow-2 dark\" >\n\t\t\t\t\t\t\t\t\t\n\t\t\t\t\t<\/div>\n\t\t\t\t\t\t\t\t\n<style>\n#image_603288319 {\n  width: 100%;\n}\n<\/style>\n\t<\/div>\n\t\n\t\t<\/div>\n\t\t\t<\/div>\n\n\t\n<\/div>\n<div class=\"container section-title-container\" ><h1 class=\"section-title section-title-center\"><b><\/b><span class=\"section-title-main\" >Rastreamento de carbono e responsabilidade ambiental<\/span><b><\/b><\/h1><\/div>\n<div class=\"row row-large align-middle\"  id=\"row-1549920310\">\n\n\t<div id=\"col-1181666671\" class=\"col medium-6 small-12 large-6\"  >\n\t\t<div class=\"col-inner text-left\"  >\n\t\t\t\n\t\t\t\n<p data-start=\"2194\" data-end=\"2272\">Estamos empenhados em melhorar a transpar\u00eancia em rela\u00e7\u00e3o ao nosso impacto ambiental.<\/p>\n<p data-start=\"2274\" data-end=\"2494\"><strong data-start=\"2274\" data-end=\"2305\">Rastreamento de carbono em andamento<\/strong><br data-start=\"2305\" data-end=\"2308\" \/>Arm\u00e1rio de telefone<sup>\u00ae<\/sup> est\u00e1 trabalhando ativamente para monitorar o impacto de carbono em toda a produ\u00e7\u00e3o e log\u00edstica. Isso inclui compreender a origem dos materiais, os processos de fabrica\u00e7\u00e3o e as emiss\u00f5es de transporte.<\/p>\n<p data-start=\"2496\" data-end=\"2715\">Como parte desse processo, estamos colaborando estreitamente com nossa equipe de lideran\u00e7a para refinar os dados e identificar oportunidades para reduzir o impacto ao longo do tempo.<\/p>\n\t\t<\/div>\n\t\t\t<\/div>\n\n\t\n\n\t<div id=\"col-719580917\" class=\"col medium-6 small-12 large-6\"  >\n\t\t<div class=\"col-inner\"  >\n\t\t\t\n\t\t\t\n\t<div class=\"img has-hover x md-x lg-x y md-y lg-y\" id=\"image_1990065807\">\n\t\t\t\t\t\t\t\t<div class=\"img-inner dark\" >\n\t\t\t<img decoding=\"async\" width=\"1020\" height=\"680\" src=\"https:\/\/phonelocker.com\/wp-content\/uploads\/2026\/03\/windturines-1024x683.jpg\" class=\"attachment-large size-large\" alt=\"\" srcset=\"https:\/\/phonelocker.com\/wp-content\/uploads\/2026\/03\/windturines-1024x683.jpg 1024w, https:\/\/phonelocker.com\/wp-content\/uploads\/2026\/03\/windturines-300x200.jpg 300w, https:\/\/phonelocker.com\/wp-content\/uploads\/2026\/03\/windturines-768x512.jpg 768w, https:\/\/phonelocker.com\/wp-content\/uploads\/2026\/03\/windturines-1536x1024.jpg 1536w, https:\/\/phonelocker.com\/wp-content\/uploads\/2026\/03\/windturines-2048x1366.jpg 2048w, https:\/\/phonelocker.com\/wp-content\/uploads\/2026\/03\/windturines-18x12.jpg 18w\" sizes=\"(max-width: 1020px) 100vw, 1020px\" \/>\t\t\t\t\t\t\n\t\t\t\t\t<\/div>\n\t\t\t\t\t\t\t\t\n<style>\n#image_1990065807 {\n  width: 100%;\n}\n<\/style>\n\t<\/div>\n\t\n\t<div class=\"img has-hover x md-x lg-x y md-y lg-y\" id=\"image_1015547802\">\n\t\t\t\t\t\t\t\t<div class=\"img-inner box-shadow-2 dark\" >\n\t\t\t\t\t\t\t\t\t\n\t\t\t\t\t<\/div>\n\t\t\t\t\t\t\t\t\n<style>\n#image_1015547802 {\n  width: 100%;\n}\n<\/style>\n\t<\/div>\n\t\n\t\t<\/div>\n\t\t\t<\/div>\n\n\t\n<\/div>\n\t\t<\/div>\n\n\t\t\n<style>\n#section_1352514648 {\n  padding-top: 20px;\n  padding-bottom: 20px;\n}\n#section_1352514648 .section-bg-overlay {\n  background-color: rgba(255, 255, 255, 0.85);\n}\n<\/style>\n\t<\/section>\n\t\n<div class=\"message-box relative dark\" style=\"padding-top:40px;padding-bottom:40px;\"><div class=\"message-box-bg-image bg-fill fill\" ><\/div><div class=\"message-box-bg-overlay bg-fill fill\" style=\"background-color:rgb(1, 181, 122);\"><\/div><div class=\"container relative\"><div class=\"inner last-reset\">\n<div class=\"row align-middle align-center\"  id=\"row-2137134677\">\n\n\t<div id=\"col-352233459\" class=\"col medium-9 small-12 large-9\"  >\n\t\t<div class=\"col-inner\"  >\n\t\t\t\n\t\t\t\n<h2 class=\"text--center\">Entre em contato.<\/h2>\n<p>Para dicas sobre como ficar sem celular com o Phone Locker<sup>\u00ae<\/sup>, Entre em contato hoje mesmo.<\/p>\n\t\t<\/div>\n\t\t\t<\/div>\n\n\t\n\n\t<div id=\"col-1387579940\" class=\"col medium-2 small-12 large-2\"  >\n\t\t<div class=\"col-inner text-center\"  >\n\t\t\t\n\t\t\t\n<a href=\"https:\/\/phonelocker.com\/pt\/contact\/\" target=\"_self\" class=\"button white is-outline\"  style=\"border-radius:99px;\">\n    <span>Fale com nossa equipe<\/span>\n  <\/a>\n\n\t\t<\/div>\n\t\t\t<\/div>\n\n\t\n<\/div>\n<\/div><\/div><\/div>","protected":false},"excerpt":{"rendered":"","protected":false},"author":1,"featured_media":0,"parent":0,"menu_order":0,"comment_status":"closed","ping_status":"closed","template":"page-blank.php","meta":{"footnotes":""},"class_list":["post-3004","page","type-page","status-publish","hentry"],"yoast_head":"<!-- This site is optimized with the Yoast SEO plugin v27.1.1 - https:\/\/yoast.com\/product\/yoast-seo-wordpress\/ -->\n<title>ESG and Compliance - Phone Locker<\/title>\n<meta name=\"robots\" content=\"index, follow, max-snippet:-1, max-image-preview:large, max-video-preview:-1\" \/>\n<link rel=\"canonical\" href=\"https:\/\/phonelocker.com\/pt\/esg-and-compliance\/\" \/>\n<meta property=\"og:locale\" content=\"pt_PT\" \/>\n<meta property=\"og:type\" content=\"article\" \/>\n<meta property=\"og:title\" content=\"ESG and Compliance - Phone Locker\" \/>\n<meta property=\"og:url\" content=\"https:\/\/phonelocker.com\/pt\/esg-and-compliance\/\" \/>\n<meta property=\"og:site_name\" content=\"Phone Locker\" \/>\n<meta property=\"article:modified_time\" content=\"2026-03-19T11:06:21+00:00\" \/>\n<meta name=\"twitter:card\" content=\"summary_large_image\" \/>\n<meta name=\"twitter:label1\" content=\"Tempo estimado de leitura\" \/>\n\t<meta name=\"twitter:data1\" content=\"3 minutos\" \/>\n<!-- \/ Yoast SEO plugin. -->","yoast_head_json":{"title":"ESG and Compliance - Phone Locker","robots":{"index":"index","follow":"follow","max-snippet":"max-snippet:-1","max-image-preview":"max-image-preview:large","max-video-preview":"max-video-preview:-1"},"canonical":"https:\/\/phonelocker.com\/pt\/esg-and-compliance\/","og_locale":"pt_PT","og_type":"article","og_title":"ESG and Compliance - Phone Locker","og_url":"https:\/\/phonelocker.com\/pt\/esg-and-compliance\/","og_site_name":"Phone Locker","article_modified_time":"2026-03-19T11:06:21+00:00","twitter_card":"summary_large_image","twitter_misc":{"Tempo estimado de leitura":"3 minutos"},"schema":{"@context":"https:\/\/schema.org","@graph":[{"@type":"WebPage","@id":"https:\/\/phonelocker.com\/esg-and-compliance\/","url":"https:\/\/phonelocker.com\/esg-and-compliance\/","name":"ESG and Compliance - Phone Locker","isPartOf":{"@id":"https:\/\/phonelocker.com\/#website"},"datePublished":"2026-03-17T14:46:27+00:00","dateModified":"2026-03-19T11:06:21+00:00","breadcrumb":{"@id":"https:\/\/phonelocker.com\/esg-and-compliance\/#breadcrumb"},"inLanguage":"pt-PT","potentialAction":[{"@type":"ReadAction","target":["https:\/\/phonelocker.com\/esg-and-compliance\/"]}]},{"@type":"BreadcrumbList","@id":"https:\/\/phonelocker.com\/esg-and-compliance\/#breadcrumb","itemListElement":[{"@type":"ListItem","position":1,"name":"Home","item":"https:\/\/phonelocker.com\/"},{"@type":"ListItem","position":2,"name":"ESG and Compliance"}]},{"@type":"WebSite","@id":"https:\/\/phonelocker.com\/#website","url":"https:\/\/phonelocker.com\/","name":"Arm\u00e1rio de telefone","description":"Bolsa para telefone com trava","potentialAction":[{"@type":"SearchAction","target":{"@type":"EntryPoint","urlTemplate":"https:\/\/phonelocker.com\/?s={search_term_string}"},"query-input":{"@type":"PropertyValueSpecification","valueRequired":true,"valueName":"search_term_string"}}],"inLanguage":"pt-PT"}]}},"_links":{"self":[{"href":"https:\/\/phonelocker.com\/pt\/wp-json\/wp\/v2\/pages\/3004","targetHints":{"allow":["GET"]}}],"collection":[{"href":"https:\/\/phonelocker.com\/pt\/wp-json\/wp\/v2\/pages"}],"about":[{"href":"https:\/\/phonelocker.com\/pt\/wp-json\/wp\/v2\/types\/page"}],"author":[{"embeddable":true,"href":"https:\/\/phonelocker.com\/pt\/wp-json\/wp\/v2\/users\/1"}],"replies":[{"embeddable":true,"href":"https:\/\/phonelocker.com\/pt\/wp-json\/wp\/v2\/comments?post=3004"}],"version-history":[{"count":7,"href":"https:\/\/phonelocker.com\/pt\/wp-json\/wp\/v2\/pages\/3004\/revisions"}],"predecessor-version":[{"id":3328,"href":"https:\/\/phonelocker.com\/pt\/wp-json\/wp\/v2\/pages\/3004\/revisions\/3328"}],"wp:attachment":[{"href":"https:\/\/phonelocker.com\/pt\/wp-json\/wp\/v2\/media?parent=3004"}],"curies":[{"name":"wp","href":"https:\/\/api.w.org\/{rel}","templated":true}]}}