{"id":3379,"date":"2026-03-23T12:03:04","date_gmt":"2026-03-23T12:03:04","guid":{"rendered":"https:\/\/phonelocker.com\/?page_id=3379"},"modified":"2026-03-23T12:03:04","modified_gmt":"2026-03-23T12:03:04","slug":"middle-east","status":"publish","type":"page","link":"https:\/\/phonelocker.com\/pt\/middle-east\/","title":{"rendered":"M\u00e9dio Oriente"},"content":{"rendered":"<div class=\"banner has-hover\" id=\"banner-1320164758\">\n          <div class=\"banner-inner fill\">\n        <div class=\"banner-bg fill\" >\n            <div class=\"bg fill bg-fill\"><\/div>\n                                    \n                    <\/div>\n        <div class=\"banner-layers container\">\n            <div class=\"fill banner-link\"><\/div>            \n   <div id=\"text-box-1737594985\" class=\"text-box banner-layer x50 md-x50 lg-x50 y50 md-y50 lg-y50 res-text\">\n                                <div class=\"text-box-content text dark\">\n              \n              <div class=\"text-inner text-center\">\n                  \n<h3 class=\"uppercase\"><strong>Solu\u00e7\u00f5es sem telefone em todo o Oriente M\u00e9dio<\/strong><\/h3>\n<p>Encontre informa\u00e7\u00f5es e suporte para escolas, eventos e organiza\u00e7\u00f5es que utilizam o Phone Locker\u00ae para criar ambientes focados e livres de celulares em todo o pa\u00eds.<\/p>\n<p>Selecione seu pa\u00eds para saber mais.<\/p>\n              <\/div>\n           <\/div>\n                            \n<style>\n#text-box-1737594985 {\n  width: 60%;\n}\n#text-box-1737594985 .text-box-content {\n  font-size: 100%;\n}\n<\/style>\n    <\/div>\n \n        <\/div>\n      <\/div>\n\n            \n<style>\n#banner-1320164758 {\n  padding-top: 500px;\n  background-color: rgb(1, 181, 122);\n}\n<\/style>\n  <\/div>\n\n\n<div class=\"container section-title-container\" ><h3 class=\"section-title section-title-center\"><b><\/b><span class=\"section-title-main\" >Escolha seu pa\u00eds<\/span><b><\/b><\/h3><\/div>\n<div class=\"row\"  id=\"row-236737714\">\n\n\t<div id=\"col-1359971050\" class=\"col medium-3 small-12 large-3\"  >\n\t\t<div class=\"col-inner\"  >\n\t\t\t\n\t\t\t\n<p style=\"text-align: center;\"><img decoding=\"async\" class=\"wp-image-3383 aligncenter\" src=\"https:\/\/phonelocker.com\/wp-content\/uploads\/2026\/03\/egypt-flag-300x300.png\" alt=\"\" width=\"48\" height=\"48\" srcset=\"https:\/\/phonelocker.com\/wp-content\/uploads\/2026\/03\/egypt-flag-300x300.png 300w, https:\/\/phonelocker.com\/wp-content\/uploads\/2026\/03\/egypt-flag-150x150.png 150w, https:\/\/phonelocker.com\/wp-content\/uploads\/2026\/03\/egypt-flag-12x12.png 12w, https:\/\/phonelocker.com\/wp-content\/uploads\/2026\/03\/egypt-flag.png 500w\" sizes=\"(max-width: 48px) 100vw, 48px\" \/><span style=\"font-size: 14.4px;\"><br \/>Egito<\/span><\/p>\n\t\t<\/div>\n\t\t\t<\/div>\n\n\t\n\n\t<div id=\"col-1043615718\" class=\"col medium-3 small-12 large-3\"  >\n\t\t<div class=\"col-inner\"  >\n\t\t\t\n\t\t\t\n<p style=\"text-align: center;\"><img decoding=\"async\" class=\"alignnone  wp-image-3386\" src=\"https:\/\/phonelocker.com\/wp-content\/uploads\/2026\/03\/qatar-flag-300x300.png\" alt=\"\" width=\"50\" height=\"50\" srcset=\"https:\/\/phonelocker.com\/wp-content\/uploads\/2026\/03\/qatar-flag-300x300.png 300w, https:\/\/phonelocker.com\/wp-content\/uploads\/2026\/03\/qatar-flag-150x150.png 150w, https:\/\/phonelocker.com\/wp-content\/uploads\/2026\/03\/qatar-flag-12x12.png 12w, https:\/\/phonelocker.com\/wp-content\/uploads\/2026\/03\/qatar-flag.png 512w\" sizes=\"(max-width: 50px) 100vw, 50px\" \/><\/p>\n<p><a style=\"font-size: 14.4px;\" href=\"\/pt\/qatar\/contact-sales\/\">Catar<\/a><\/p>\n\t\t<\/div>\n\t\t\t<\/div>\n\n\t\n\n\t<div id=\"col-2101319093\" class=\"col medium-3 small-12 large-3\"  >\n\t\t<div class=\"col-inner\"  >\n\t\t\t\n\t\t\t\n<p style=\"text-align: center;\"><img decoding=\"async\" class=\"alignnone  wp-image-3385\" src=\"https:\/\/phonelocker.com\/wp-content\/uploads\/2026\/03\/UAE-flag-300x300.png\" alt=\"\" width=\"50\" height=\"50\" srcset=\"https:\/\/phonelocker.com\/wp-content\/uploads\/2026\/03\/UAE-flag-300x300.png 300w, https:\/\/phonelocker.com\/wp-content\/uploads\/2026\/03\/UAE-flag-150x150.png 150w, https:\/\/phonelocker.com\/wp-content\/uploads\/2026\/03\/UAE-flag-12x12.png 12w, https:\/\/phonelocker.com\/wp-content\/uploads\/2026\/03\/UAE-flag.png 512w\" sizes=\"(max-width: 50px) 100vw, 50px\" \/><\/p>\n<p>Emirados \u00c1rabes Unidos<\/p>\n\t\t<\/div>\n\t\t\t<\/div>\n\n\t\n\n\t<div id=\"col-880918378\" class=\"col medium-3 small-12 large-3\"  >\n\t\t<div class=\"col-inner\"  >\n\t\t\t\n\t\t\t\n<p style=\"text-align: center;\"><img decoding=\"async\" class=\"alignnone  wp-image-3384\" src=\"https:\/\/phonelocker.com\/wp-content\/uploads\/2026\/03\/turkey-flag-300x300.png\" alt=\"\" width=\"50\" height=\"50\" srcset=\"https:\/\/phonelocker.com\/wp-content\/uploads\/2026\/03\/turkey-flag-300x300.png 300w, https:\/\/phonelocker.com\/wp-content\/uploads\/2026\/03\/turkey-flag-150x150.png 150w, https:\/\/phonelocker.com\/wp-content\/uploads\/2026\/03\/turkey-flag-12x12.png 12w, https:\/\/phonelocker.com\/wp-content\/uploads\/2026\/03\/turkey-flag.png 512w\" sizes=\"(max-width: 50px) 100vw, 50px\" \/><\/p>\n<p>Peru<\/p>\n\t\t<\/div>\n\t\t\t<\/div>\n\n\t\n<\/div>","protected":false},"excerpt":{"rendered":"","protected":false},"author":1,"featured_media":0,"parent":0,"menu_order":0,"comment_status":"closed","ping_status":"closed","template":"","meta":{"footnotes":""},"class_list":["post-3379","page","type-page","status-publish","hentry"],"yoast_head":"<!-- This site is optimized with the Yoast SEO plugin v27.1.1 - https:\/\/yoast.com\/product\/yoast-seo-wordpress\/ -->\n<title>Middle East - Phone Locker<\/title>\n<meta name=\"robots\" content=\"index, follow, max-snippet:-1, max-image-preview:large, max-video-preview:-1\" \/>\n<link rel=\"canonical\" href=\"https:\/\/phonelocker.com\/pt\/middle-east\/\" \/>\n<meta property=\"og:locale\" content=\"pt_PT\" \/>\n<meta property=\"og:type\" content=\"article\" \/>\n<meta property=\"og:title\" content=\"Middle East - Phone Locker\" \/>\n<meta property=\"og:url\" content=\"https:\/\/phonelocker.com\/pt\/middle-east\/\" \/>\n<meta property=\"og:site_name\" content=\"Phone Locker\" \/>\n<meta property=\"og:image\" content=\"https:\/\/phonelocker.com\/wp-content\/uploads\/2026\/03\/egypt-flag.png\" \/>\n\t<meta property=\"og:image:width\" content=\"500\" \/>\n\t<meta property=\"og:image:height\" content=\"500\" \/>\n\t<meta property=\"og:image:type\" content=\"image\/png\" \/>\n<meta name=\"twitter:card\" content=\"summary_large_image\" \/>\n<meta name=\"twitter:label1\" content=\"Tempo estimado de leitura\" \/>\n\t<meta name=\"twitter:data1\" content=\"2 minutos\" \/>\n<!-- \/ Yoast SEO plugin. -->","yoast_head_json":{"title":"Oriente M\u00e9dio - Arm\u00e1rio para Celular","robots":{"index":"index","follow":"follow","max-snippet":"max-snippet:-1","max-image-preview":"max-image-preview:large","max-video-preview":"max-video-preview:-1"},"canonical":"https:\/\/phonelocker.com\/pt\/middle-east\/","og_locale":"pt_PT","og_type":"article","og_title":"Middle East - Phone Locker","og_url":"https:\/\/phonelocker.com\/pt\/middle-east\/","og_site_name":"Phone Locker","og_image":[{"width":500,"height":500,"url":"https:\/\/phonelocker.com\/wp-content\/uploads\/2026\/03\/egypt-flag.png","type":"image\/png"}],"twitter_card":"summary_large_image","twitter_misc":{"Tempo estimado de leitura":"2 minutos"},"schema":{"@context":"https:\/\/schema.org","@graph":[{"@type":"WebPage","@id":"https:\/\/phonelocker.com\/middle-east\/","url":"https:\/\/phonelocker.com\/middle-east\/","name":"Oriente M\u00e9dio - Arm\u00e1rio para Celular","isPartOf":{"@id":"https:\/\/phonelocker.com\/#website"},"primaryImageOfPage":{"@id":"https:\/\/phonelocker.com\/middle-east\/#primaryimage"},"image":{"@id":"https:\/\/phonelocker.com\/middle-east\/#primaryimage"},"thumbnailUrl":"https:\/\/phonelocker.com\/wp-content\/uploads\/2026\/03\/egypt-flag-300x300.png","datePublished":"2026-03-23T12:03:04+00:00","breadcrumb":{"@id":"https:\/\/phonelocker.com\/middle-east\/#breadcrumb"},"inLanguage":"pt-PT","potentialAction":[{"@type":"ReadAction","target":["https:\/\/phonelocker.com\/middle-east\/"]}]},{"@type":"ImageObject","inLanguage":"pt-PT","@id":"https:\/\/phonelocker.com\/middle-east\/#primaryimage","url":"https:\/\/phonelocker.com\/wp-content\/uploads\/2026\/03\/egypt-flag-300x300.png","contentUrl":"https:\/\/phonelocker.com\/wp-content\/uploads\/2026\/03\/egypt-flag-300x300.png"},{"@type":"BreadcrumbList","@id":"https:\/\/phonelocker.com\/middle-east\/#breadcrumb","itemListElement":[{"@type":"ListItem","position":1,"name":"Home","item":"https:\/\/phonelocker.com\/"},{"@type":"ListItem","position":2,"name":"Middle East"}]},{"@type":"WebSite","@id":"https:\/\/phonelocker.com\/#website","url":"https:\/\/phonelocker.com\/","name":"Arm\u00e1rio de telefone","description":"Bolsa para telefone com trava","potentialAction":[{"@type":"SearchAction","target":{"@type":"EntryPoint","urlTemplate":"https:\/\/phonelocker.com\/?s={search_term_string}"},"query-input":{"@type":"PropertyValueSpecification","valueRequired":true,"valueName":"search_term_string"}}],"inLanguage":"pt-PT"}]}},"_links":{"self":[{"href":"https:\/\/phonelocker.com\/pt\/wp-json\/wp\/v2\/pages\/3379","targetHints":{"allow":["GET"]}}],"collection":[{"href":"https:\/\/phonelocker.com\/pt\/wp-json\/wp\/v2\/pages"}],"about":[{"href":"https:\/\/phonelocker.com\/pt\/wp-json\/wp\/v2\/types\/page"}],"author":[{"embeddable":true,"href":"https:\/\/phonelocker.com\/pt\/wp-json\/wp\/v2\/users\/1"}],"replies":[{"embeddable":true,"href":"https:\/\/phonelocker.com\/pt\/wp-json\/wp\/v2\/comments?post=3379"}],"version-history":[{"count":2,"href":"https:\/\/phonelocker.com\/pt\/wp-json\/wp\/v2\/pages\/3379\/revisions"}],"predecessor-version":[{"id":3387,"href":"https:\/\/phonelocker.com\/pt\/wp-json\/wp\/v2\/pages\/3379\/revisions\/3387"}],"wp:attachment":[{"href":"https:\/\/phonelocker.com\/pt\/wp-json\/wp\/v2\/media?parent=3379"}],"curies":[{"name":"wp","href":"https:\/\/api.w.org\/{rel}","templated":true}]}}