{"id":523,"date":"2024-01-15T00:57:58","date_gmt":"2024-01-15T00:57:58","guid":{"rendered":"https:\/\/phonelocker.com\/?page_id=523"},"modified":"2026-02-24T15:37:40","modified_gmt":"2026-02-24T15:37:40","slug":"faqs","status":"publish","type":"page","link":"https:\/\/phonelocker.com\/pt\/faqs\/","title":{"rendered":"Perguntas frequentes"},"content":{"rendered":"<section class=\"section\" id=\"section_2083960784\">\n\t\t<div class=\"bg section-bg fill bg-fill  bg-loaded\" >\n\n\t\t\t\n\t\t\t\n\t\t\t\n\n\t\t<\/div>\n\n\t\t<div class=\"section-content relative\">\n\t\t\t\n<div class=\"row\"  id=\"row-1635440291\">\n\n\t<div id=\"col-807506337\" class=\"col small-12 large-12\"  >\n\t\t<div class=\"col-inner text-center\"  >\n\t\t\t\n\t\t\t\n<h2>Perguntas frequentes<\/h2>\n\t\t<\/div>\n\t\t\t<\/div>\n\n\t\n<\/div>\n<div class=\"row align-center row-box-shadow-1\"  id=\"row-1953480167\">\n\n\t<div id=\"col-1053275084\" class=\"col medium-10 small-12 large-9\"  >\n\t\t<div class=\"col-inner\" style=\"background-color:rgb(255,255,255);\" >\n\t\t\t\n\t\t\t\n<div class=\"accordion\" rel=\"\">\n<div class=\"accordion-item\"><a href=\"#\" class=\"accordion-title plain\"><button class=\"toggle\"><i class=\"icon-angle-down\"><\/i><\/button><span>Come\u00e7ando<\/span><\/a><div class=\"accordion-inner\">\n\t<div id=\"text-168230612\" class=\"text\">\n\t\t\n<p><strong>O que \u00e9 o Phone Locker\u00ae?<\/strong><br \/>A Phone Locker\u00ae oferece estojos seguros e com fechadura para celulares, que ajudam a criar ambientes livres de celulares em escolas, locais de trabalho, eventos e estabelecimentos de hotelaria.<\/p>\n<p><strong>Como funciona o Phone Locker\u00ae?<\/strong><br \/>Os usu\u00e1rios colocam seus telefones em uma bolsa segura, que \u00e9 trancada com um sistema simples de um toque. Os telefones permanecem com o usu\u00e1rio, mas n\u00e3o podem ser acessados at\u00e9 serem destrancados por funcion\u00e1rios autorizados.<\/p>\n<p>A bolsa para telefone com chave pode ser usada em algumas etapas simples.<\/p>\n<p>a. Insira seu telefone na bolsa.<\/p>\n<p>b. Trave o telefone por dentro, pressionando o mecanismo de travamento para fechar.<\/p>\n<p>c. Desbloqueie o telefone usando um \u00edm\u00e3 de desbloqueio central.<\/p>\n<p><strong>O Phone Locker\u00ae \u00e9 f\u00e1cil de implementar?<\/strong><br \/>Sim. O Phone Locker\u00ae foi projetado para ser implementado de forma r\u00e1pida e simples. Tamb\u00e9m oferecemos suporte gratuito \u00e0 implementa\u00e7\u00e3o, incluindo consultoria de planejamento, orienta\u00e7\u00e3o para a equipe e modelos de comunica\u00e7\u00e3o.<\/p>\n<p><strong>Voc\u00eas oferecem per\u00edodos de teste ou programas piloto?<\/strong><br \/>Sim, podemos apoiar programas piloto ou pequenas encomendas iniciais para ajudar as organiza\u00e7\u00f5es a testar a solu\u00e7\u00e3o antes de uma implementa\u00e7\u00e3o mais ampla.<\/p>\n<p><a href=\"http:\/\/phonelocker.com\/pt\/contact\/\">Entre em contato com nossa equipe para saber mais.<\/a><\/p>\n\t\t\n<style>\n#text-168230612 {\n  line-height: 1;\n}\n<\/style>\n\t<\/div>\n\t\n<\/div><\/div>\n<div class=\"accordion-item\"><a href=\"#\" class=\"accordion-title plain\"><button class=\"toggle\"><i class=\"icon-angle-down\"><\/i><\/button><span>Produto e recursos<\/span><\/a><div class=\"accordion-inner\">\n\t<div id=\"text-1090148358\" class=\"text\">\n\t\t\n<p data-start=\"1054\" data-end=\"1226\"><strong data-start=\"1054\" data-end=\"1093\">Que tipos de bolsas voc\u00eas oferecem?<\/strong><br data-start=\"1093\" data-end=\"1096\" \/>Oferecemos bolsas resistentes e multiuso com fecho, dispon\u00edveis nas vers\u00f5es padr\u00e3o e com bloqueio de sinal, dependendo das suas necessidades.<\/p>\n<p data-start=\"1054\" data-end=\"1226\"><a href=\"https:\/\/phonelocker.com\/pt\/the-product\/\">Veja nossos produtos<\/a><\/p>\n<p data-start=\"1228\" data-end=\"1444\"><strong data-start=\"1228\" data-end=\"1263\">As bases magn\u00e9ticas est\u00e3o inclu\u00eddas?<\/strong><\/p>\n<p data-start=\"1228\" data-end=\"1444\">Sim, 1 base magn\u00e9tica est\u00e1 inclu\u00edda para cada 100 unidades de bolsa para telefone adquiridas.<\/p>\n<p data-start=\"1228\" data-end=\"1444\"><strong data-start=\"1228\" data-end=\"1263\">O que significa bloqueio de sinal?<\/strong><br data-start=\"1263\" data-end=\"1266\" \/>As capas bloqueadoras de sinal impedem que os telefones enviem ou recebam sinais enquanto estiverem bloqueados, proporcionando seguran\u00e7a adicional para exames, reuni\u00f5es confidenciais e ambientes sens\u00edveis.<\/p>\n<p data-start=\"1446\" data-end=\"1600\"><strong data-start=\"1446\" data-end=\"1487\">As bolsas s\u00e3o confort\u00e1veis de transportar?<\/strong><br data-start=\"1487\" data-end=\"1490\" \/>Sim. As bolsas s\u00e3o leves, discretas e projetadas para serem usadas ou carregadas confortavelmente ao longo do dia.<\/p>\n<p data-start=\"1602\" data-end=\"1796\"><strong data-start=\"1602\" data-end=\"1634\">Qu\u00e3o dur\u00e1veis s\u00e3o as bolsas?<\/strong><br data-start=\"1634\" data-end=\"1637\" \/>As bolsas Phone Locker\u00ae s\u00e3o fabricadas para uso di\u00e1rio repetido, utilizando materiais dur\u00e1veis e constru\u00e7\u00e3o refor\u00e7ada, o que as torna adequadas para ambientes de alto volume.<\/p>\n<p data-start=\"1602\" data-end=\"1796\"><strong>Qual \u00e9 a garantia?<\/strong><\/p>\n<p data-start=\"1602\" data-end=\"1796\">A bolsa inclui garantia de 1 ano.<\/p>\n<p data-start=\"1602\" data-end=\"1796\">Consulte nossa garantia.<\/p>\n\t\t\n<style>\n#text-1090148358 {\n  line-height: 1;\n}\n<\/style>\n\t<\/div>\n\t\n<\/div><\/div>\n<div class=\"accordion-item\"><a href=\"#\" class=\"accordion-title plain\"><button class=\"toggle\"><i class=\"icon-angle-down\"><\/i><\/button><span>Pedidos, Entrega e Suporte<\/span><\/a><div class=\"accordion-inner\">\n\t<div id=\"text-4184333625\" class=\"text\">\n\t\t\n<p data-start=\"3029\" data-end=\"3184\"><strong data-start=\"3029\" data-end=\"3056\">Voc\u00eas fornecem diretamente?<\/strong><br data-start=\"3056\" data-end=\"3059\" \/>Sim. A Phone Locker\u00ae \u00e9 simultaneamente fabricante e fornecedora, o que nos permite controlar a qualidade, os pre\u00e7os e os prazos de entrega.<\/p>\n<p data-start=\"3186\" data-end=\"3348\"><strong data-start=\"3186\" data-end=\"3211\">Onde voc\u00eas fazem entregas?<\/strong><br data-start=\"3211\" data-end=\"3214\" \/>Operamos em mais de 30 pa\u00edses, trabalhando diretamente com os clientes e por meio de distribuidores de confian\u00e7a onde \u00e9 necess\u00e1rio suporte local.<\/p>\n<p data-start=\"3186\" data-end=\"3348\"><a href=\"https:\/\/phonelocker.com\/pt\/location\/\">Veja nossas localiza\u00e7\u00f5es<\/a><\/p>\n<p data-start=\"3350\" data-end=\"3492\"><strong data-start=\"3350\" data-end=\"3395\">Que tipo de suporte voc\u00eas oferecem ap\u00f3s a compra?<\/strong><br data-start=\"3395\" data-end=\"3398\" \/>Oferecemos suporte cont\u00ednuo, com resolu\u00e7\u00e3o de problemas localizados em at\u00e9 uma semana, sem custos adicionais.<\/p>\n<p data-start=\"3350\" data-end=\"3492\"><strong>Como ser\u00e1 implementada a bolsa?<\/strong><\/p>\n<p>Cada ambiente ser\u00e1 diferente dependendo das necessidades dos usu\u00e1rios.<\/p>\n<p>Por exemplo, nas escolas, os alunos podem ser instru\u00eddos a manter os seus telefones dentro de casa durante o hor\u00e1rio escolar. Se tiverem uma emerg\u00eancia, podem usar a secretaria da escola para entrar em contato com suas fam\u00edlias.<\/p>\n<p>Em um ambiente de escrit\u00f3rio, pode ser que os telefones sejam bloqueados ao entrar em uma sala de reuni\u00e3o, ou em determinada zona, e removidos ao sair da \u00e1rea.<\/p>\n<p>Em shows ou confer\u00eancias, os participantes podem inserir o telefone na bolsa ao entrar e retir\u00e1-lo ao sair do local.<\/p>\n\t\t\n<style>\n#text-4184333625 {\n  line-height: 1;\n}\n<\/style>\n\t<\/div>\n\t\n<\/div><\/div>\n<div class=\"accordion-item\"><a href=\"#\" class=\"accordion-title plain\"><button class=\"toggle\"><i class=\"icon-angle-down\"><\/i><\/button><span>Uso na educa\u00e7\u00e3o<\/span><\/a><div class=\"accordion-inner\">\n\t<div id=\"text-1990407632\" class=\"text\">\n\t\t\n<p data-start=\"1828\" data-end=\"2044\"><strong data-start=\"1828\" data-end=\"1878\">As bolsas Phone Locker\u00ae s\u00e3o adequadas para escolas?<\/strong><br data-start=\"1878\" data-end=\"1881\" \/>Com certeza. O Phone Locker\u00ae \u00e9 amplamente utilizado em escolas de ensino fundamental e m\u00e9dio, faculdades e universidades para promover o bom comportamento, a seguran\u00e7a, a integridade dos exames e o bem-estar digital.<\/p>\n<p data-start=\"1828\" data-end=\"2044\">Veja nossos estudos de caso<a href=\"https:\/\/phonelocker.com\/pt\/education\/\">Educa\u00e7\u00e3o<\/a><\/p>\n<p data-start=\"2046\" data-end=\"2223\"><strong data-start=\"2046\" data-end=\"2102\">Como os alunos acessam seus telefones em caso de emerg\u00eancia?<\/strong><br data-start=\"2102\" data-end=\"2105\" \/>Funcion\u00e1rios autorizados podem abrir as bolsas rapidamente, se necess\u00e1rio. Procedimentos claros s\u00e3o fornecidos para garantir seguran\u00e7a e tranquilidade.<\/p>\n<p data-start=\"2225\" data-end=\"2434\"><strong data-start=\"2225\" data-end=\"2268\">Ser\u00e1 que os alunos resistir\u00e3o ao uso das bolsas?<\/strong><br data-start=\"2268\" data-end=\"2271\" \/>A experi\u00eancia demonstra que, uma vez incorporado \u00e0 pol\u00edtica escolar, o Phone Locker\u00ae torna-se rotina. Muitas escolas relatam melhorias no comportamento e redu\u00e7\u00e3o de conflitos relacionados ao uso do celular.<\/p>\n\t\t\n<style>\n#text-1990407632 {\n  line-height: 1;\n}\n<\/style>\n\t<\/div>\n\t\n<\/div><\/div>\n<div class=\"accordion-item\"><a href=\"#\" class=\"accordion-title plain\"><button class=\"toggle\"><i class=\"icon-angle-down\"><\/i><\/button><span>Eventos, Corporativo e Hospitalidade<\/span><\/a><div class=\"accordion-inner\">\n<p data-start=\"2481\" data-end=\"2673\"><strong data-start=\"2481\" data-end=\"2529\">O Phone Locker\u00ae pode ser usado para eventos pontuais?<\/strong><br data-start=\"2529\" data-end=\"2532\" \/>Sim. Oferecemos solu\u00e7\u00f5es flex\u00edveis para eventos pontuais, incluindo casamentos, confer\u00eancias, festivais, lan\u00e7amentos de produtos e eventos privados.<\/p>\n<p data-start=\"2481\" data-end=\"2673\"><a href=\"https:\/\/phonelocker.com\/pt\/entertainment\/\">Descubra mais sobre os requisitos do seu setor.<\/a><\/p>\n<p data-start=\"2675\" data-end=\"2832\"><strong data-start=\"2675\" data-end=\"2729\">\u00c9 poss\u00edvel criar marcas para eventos ou organiza\u00e7\u00f5es?<\/strong><br data-start=\"2729\" data-end=\"2732\" \/>Sim. Oferecemos bolsas personalizadas e coloridas que combinam com a sua marca, local ou identidade visual do evento.<\/p>\n<p data-start=\"2834\" data-end=\"2987\"><strong data-start=\"2834\" data-end=\"2884\">Qual a velocidade do processo de bloqueio e desbloqueio?<\/strong><br data-start=\"2884\" data-end=\"2887\" \/>O sistema de um toque foi projetado para ser r\u00e1pido, mantendo as filas fluindo sem problemas mesmo em eventos com grande volume de p\u00fablico.<\/p>\n<\/div><\/div>\n<div class=\"accordion-item\"><a href=\"#\" class=\"accordion-title plain\"><button class=\"toggle\"><i class=\"icon-angle-down\"><\/i><\/button><span>Sustentabilidade e Responsabilidade<\/span><\/a><div class=\"accordion-inner\">\n<p data-start=\"3539\" data-end=\"3748\"><strong data-start=\"3539\" data-end=\"3597\">Os produtos Phone Locker\u00ae s\u00e3o ambientalmente respons\u00e1veis?<\/strong><br data-start=\"3597\" data-end=\"3600\" \/>Sim. Nossas embalagens s\u00e3o projetadas para reutiliza\u00e7\u00e3o a longo prazo e fabricadas sob rigorosos controles ecol\u00f3gicos. Monitoramos nossa pegada de carbono e a compensamos por meio de pr\u00e1ticas ecol\u00f3gicas.<\/p>\n<p data-start=\"3750\" data-end=\"3920\"><strong data-start=\"3750\" data-end=\"3790\">Seus produtos s\u00e3o testados quanto \u00e0 seguran\u00e7a?<\/strong><br data-start=\"3790\" data-end=\"3793\" \/>Todos os produtos s\u00e3o submetidos a testes qu\u00edmicos REACH e produzidos em f\u00e1bricas auditadas pela BSCI para garantir seguran\u00e7a e conformidade.<\/p>\n<p data-start=\"3750\" data-end=\"3920\">Saiba mais sobre n\u00f3s<\/p>\n<\/div><\/div>\n<div class=\"accordion-item\"><a href=\"#\" class=\"accordion-title plain\"><button class=\"toggle\"><i class=\"icon-angle-down\"><\/i><\/button><span>Pre\u00e7os<\/span><\/a><div class=\"accordion-inner\">\n<p data-start=\"198\" data-end=\"234\"><strong>Qual o pre\u00e7o do Phone Locker\u00ae?<\/strong><\/p>\n<p data-start=\"236\" data-end=\"580\">O custo de utiliza\u00e7\u00e3o do Phone Locker\u00ae depende do tamanho da sua organiza\u00e7\u00e3o, do n\u00famero de bolsas necess\u00e1rias e se a solu\u00e7\u00e3o se destina a uso permanente ou a um evento de curta dura\u00e7\u00e3o. Oferecemos op\u00e7\u00f5es flex\u00edveis, concebidas para serem acess\u00edveis a escolas, empresas e espa\u00e7os de todos os tamanhos, com pre\u00e7os adaptados ao seu ambiente espec\u00edfico e plano de implementa\u00e7\u00e3o.<\/p>\n<p data-start=\"979\" data-end=\"1030\"><strong>O Phone Locker\u00ae \u00e9 uma compra \u00fanica ou um aluguel?<\/strong><\/p>\n<p data-start=\"1032\" data-end=\"1319\">Oferecemos ambos os modelos. Muitas escolas e organiza\u00e7\u00f5es optam por uma compra \u00fanica para uso di\u00e1rio, enquanto eventos e confer\u00eancias geralmente preferem pacotes de aluguel de curto prazo. Cada op\u00e7\u00e3o inclui a mesma tecnologia segura e suporte \u2014 a estrutura simplesmente reflete por quanto tempo voc\u00ea precisa da solu\u00e7\u00e3o.<\/p>\n<p data-start=\"2211\" data-end=\"2255\"><strong>Podemos obter um or\u00e7amento para nossa organiza\u00e7\u00e3o?<\/strong><\/p>\n<p data-start=\"2257\" data-end=\"2448\">Com certeza. Fornecemos or\u00e7amentos personalizados com base no seu contexto, n\u00famero de usu\u00e1rios e objetivos. Uma breve conversa com nossa equipe nos permite recomendar a configura\u00e7\u00e3o mais adequada e econ\u00f4mica.<\/p>\n<p data-start=\"2257\" data-end=\"2448\">Entre em contato atrav\u00e9s do nosso <a href=\"http:\/\/phonelocker.com\/pt\/contact\/\">formul\u00e1rio de contato<\/a> ou diretamente:<\/p>\n<p data-start=\"2257\" data-end=\"2448\">E: hello@phonelocker.com<\/p>\n<p data-start=\"2257\" data-end=\"2448\">T: +44 (0) 2031618121<\/p>\n<\/div><\/div>\n<\/div>\n\t\t<\/div>\n\t\t\t<\/div>\n\n\t\n\n<style>\n#row-1953480167 > .col > .col-inner {\n  padding: 0px 0px 0px 0px;\n}\n@media (min-width:550px) {\n  #row-1953480167 > .col > .col-inner {\n    padding: 30px 30px 30px 30px;\n  }\n}\n<\/style>\n<\/div>\n\t\t<\/div>\n\n\t\t\n<style>\n#section_2083960784 {\n  padding-top: 60px;\n  padding-bottom: 60px;\n  background-color: rgb(255,255,255);\n}\n<\/style>\n\t<\/section>","protected":false},"excerpt":{"rendered":"","protected":false},"author":1,"featured_media":0,"parent":0,"menu_order":0,"comment_status":"closed","ping_status":"closed","template":"","meta":{"footnotes":""},"class_list":["post-523","page","type-page","status-publish","hentry"],"yoast_head":"<!-- This site is optimized with the Yoast SEO plugin v27.1.1 - https:\/\/yoast.com\/product\/yoast-seo-wordpress\/ -->\n<title>FAQs - Phone Locker<\/title>\n<meta name=\"robots\" content=\"index, follow, max-snippet:-1, max-image-preview:large, max-video-preview:-1\" \/>\n<link rel=\"canonical\" href=\"https:\/\/phonelocker.com\/pt\/faqs\/\" \/>\n<meta property=\"og:locale\" content=\"pt_PT\" \/>\n<meta property=\"og:type\" content=\"article\" \/>\n<meta property=\"og:title\" content=\"FAQs - Phone Locker\" \/>\n<meta property=\"og:url\" content=\"https:\/\/phonelocker.com\/pt\/faqs\/\" \/>\n<meta property=\"og:site_name\" content=\"Phone Locker\" \/>\n<meta property=\"article:modified_time\" content=\"2026-02-24T15:37:40+00:00\" \/>\n<meta name=\"twitter:card\" content=\"summary_large_image\" \/>\n<meta name=\"twitter:label1\" content=\"Tempo estimado de leitura\" \/>\n\t<meta name=\"twitter:data1\" content=\"3 minutos\" \/>\n<!-- \/ Yoast SEO plugin. -->","yoast_head_json":{"title":"Perguntas frequentes - Arm\u00e1rio para celular","robots":{"index":"index","follow":"follow","max-snippet":"max-snippet:-1","max-image-preview":"max-image-preview:large","max-video-preview":"max-video-preview:-1"},"canonical":"https:\/\/phonelocker.com\/pt\/faqs\/","og_locale":"pt_PT","og_type":"article","og_title":"FAQs - Phone Locker","og_url":"https:\/\/phonelocker.com\/pt\/faqs\/","og_site_name":"Phone Locker","article_modified_time":"2026-02-24T15:37:40+00:00","twitter_card":"summary_large_image","twitter_misc":{"Tempo estimado de leitura":"3 minutos"},"schema":{"@context":"https:\/\/schema.org","@graph":[{"@type":"WebPage","@id":"https:\/\/phonelocker.com\/faqs\/","url":"https:\/\/phonelocker.com\/faqs\/","name":"Perguntas frequentes - Arm\u00e1rio para celular","isPartOf":{"@id":"https:\/\/phonelocker.com\/#website"},"datePublished":"2024-01-15T00:57:58+00:00","dateModified":"2026-02-24T15:37:40+00:00","breadcrumb":{"@id":"https:\/\/phonelocker.com\/faqs\/#breadcrumb"},"inLanguage":"pt-PT","potentialAction":[{"@type":"ReadAction","target":["https:\/\/phonelocker.com\/faqs\/"]}]},{"@type":"BreadcrumbList","@id":"https:\/\/phonelocker.com\/faqs\/#breadcrumb","itemListElement":[{"@type":"ListItem","position":1,"name":"Home","item":"https:\/\/phonelocker.com\/"},{"@type":"ListItem","position":2,"name":"FAQs"}]},{"@type":"WebSite","@id":"https:\/\/phonelocker.com\/#website","url":"https:\/\/phonelocker.com\/","name":"Arm\u00e1rio de telefone","description":"Bolsa para telefone com trava","potentialAction":[{"@type":"SearchAction","target":{"@type":"EntryPoint","urlTemplate":"https:\/\/phonelocker.com\/?s={search_term_string}"},"query-input":{"@type":"PropertyValueSpecification","valueRequired":true,"valueName":"search_term_string"}}],"inLanguage":"pt-PT"}]}},"_links":{"self":[{"href":"https:\/\/phonelocker.com\/pt\/wp-json\/wp\/v2\/pages\/523","targetHints":{"allow":["GET"]}}],"collection":[{"href":"https:\/\/phonelocker.com\/pt\/wp-json\/wp\/v2\/pages"}],"about":[{"href":"https:\/\/phonelocker.com\/pt\/wp-json\/wp\/v2\/types\/page"}],"author":[{"embeddable":true,"href":"https:\/\/phonelocker.com\/pt\/wp-json\/wp\/v2\/users\/1"}],"replies":[{"embeddable":true,"href":"https:\/\/phonelocker.com\/pt\/wp-json\/wp\/v2\/comments?post=523"}],"version-history":[{"count":1,"href":"https:\/\/phonelocker.com\/pt\/wp-json\/wp\/v2\/pages\/523\/revisions"}],"predecessor-version":[{"id":2944,"href":"https:\/\/phonelocker.com\/pt\/wp-json\/wp\/v2\/pages\/523\/revisions\/2944"}],"wp:attachment":[{"href":"https:\/\/phonelocker.com\/pt\/wp-json\/wp\/v2\/media?parent=523"}],"curies":[{"name":"wp","href":"https:\/\/api.w.org\/{rel}","templated":true}]}}