{"id":679,"date":"2024-03-27T06:55:47","date_gmt":"2024-03-27T06:55:47","guid":{"rendered":"https:\/\/phonelocker.com\/?page_id=679"},"modified":"2026-03-23T11:36:21","modified_gmt":"2026-03-23T11:36:21","slug":"location","status":"publish","type":"page","link":"https:\/\/phonelocker.com\/pt\/location\/","title":{"rendered":"Locais"},"content":{"rendered":"<div class=\"banner has-hover\" id=\"banner-1294369009\">\n          <div class=\"banner-inner fill\">\n        <div class=\"banner-bg fill\" >\n            <div class=\"bg fill bg-fill\"><\/div>\n                        <div class=\"overlay\"><\/div>            \n                    <\/div>\n        <div class=\"banner-layers container\">\n            <div class=\"fill banner-link\"><\/div>            \n   <div id=\"text-box-1969607585\" class=\"text-box banner-layer x5 md-x5 lg-x5 y50 md-y50 lg-y50 res-text\">\n                                <div class=\"text-box-content text box-shadow-3\">\n              \n              <div class=\"text-inner text-left\">\n                  \n<h5 class=\"uppercase\">Locais<\/h5>\n<h1 class=\"banner-header__title header--alt\">Nossa presen\u00e7a global<\/h1>\n<p class=\"banner-header__subtitle text--white text--md\">Presente em mais de 30 pa\u00edses, com suporte direto e parceiros de confian\u00e7a em todo o mundo.<\/p>\n              <\/div>\n           <\/div>\n                            \n<style>\n#text-box-1969607585 .text-box-content {\n  background-color: rgb(255, 255, 255);\n  font-size: 100%;\n}\n#text-box-1969607585 .text-inner {\n  padding: 30px 30px 30px 30px;\n}\n#text-box-1969607585 {\n  width: 60%;\n}\n@media (min-width:550px) {\n  #text-box-1969607585 {\n    width: 40%;\n  }\n}\n<\/style>\n    <\/div>\n \n        <\/div>\n      <\/div>\n\n            \n<style>\n#banner-1294369009 {\n  padding-top: 500px;\n  background-color: rgb(255, 255, 255);\n}\n#banner-1294369009 .bg.bg-loaded {\n  background-image: url(https:\/\/phonelocker.com\/wp-content\/uploads\/2026\/02\/digital-technology-earth-made-with-particles-connection_1017-29750.avif);\n}\n#banner-1294369009 .overlay {\n  background-color: rgba(190, 190, 190, 0.2);\n}\n<\/style>\n  <\/div>\n\n\n<div class=\"container section-title-container\" ><h3 class=\"section-title section-title-center\"><b><\/b><span class=\"section-title-main\" >Escolha sua regi\u00e3o<\/span><b><\/b><\/h3><\/div>\n\t<div id=\"text-2540180483\" class=\"text\">\n\t\t\n<h3><a href=\"\/pt\/asia\/\">\u00c1sia<\/a>\u00a0\u2013 <a href=\"\/pt\/europe\/\">Europa<\/a>\u00a0\u2013 <a href=\"\/pt\/middle-east\/\">M\u00e9dio Oriente<\/a>\u00a0 \u2013\u00a0<a href=\"\/pt\/north-america\/\">Am\u00e9rica do Norte e do Sul<\/a>\u00a0\u2013 <a href=\"\/pt\/oceania\/\">Oce\u00e2nia<\/a><\/h3>\n<h3 style=\"text-align: center;\">\u00a0<\/h3>\n\t\t\n<style>\n#text-2540180483 {\n  text-align: center;\n}\n<\/style>\n\t<\/div>\n\t\n\t<section class=\"section\" id=\"section_446740861\">\n\t\t<div class=\"bg section-bg fill bg-fill  bg-loaded\" >\n\n\t\t\t\n\t\t\t\n\t\t\t\n\n\t\t<\/div>\n\n\t\t<div class=\"section-content relative\">\n\t\t\t\n\t<div id=\"text-1485152701\" class=\"text\">\n\t\t\n<h2>Arm\u00e1rio de telefone<sup>\u00ae<\/sup> Opera globalmente, dando suporte a clientes em mais de 30 pa\u00edses por meio de uma combina\u00e7\u00e3o de parcerias diretas e distribuidores de confian\u00e7a.<\/h2>\n<p>Nossa presen\u00e7a internacional nos permite oferecer qualidade consistente, fornecimento confi\u00e1vel e suporte local onde quer que nossos produtos sejam utilizados.<\/p>\n<p class=\"p1\">Austr\u00e1lia \u2022 Nova Zel\u00e2ndia \u2022 Reino Unido \u2022 Canad\u00e1 \u2022 \u00c1ustria \u2022 B\u00e9lgica \u2022 Bulg\u00e1ria \u2022 Dinamarca \u2022 Est\u00f4nia \u2022 Finl\u00e2ndia \u2022 Fran\u00e7a \u2022 Alemanha \u2022 Gibraltar \u2022 Gr\u00e9cia \u2022 Hungria \u2022 Isl\u00e2ndia \u2022 Irlanda \u2022 It\u00e1lia \u2022 Let\u00f4nia \u2022 Litu\u00e2nia \u2022 Luxemburgo \u2022 Pa\u00edses Baixos \u2022 Noruega \u2022 Pol\u00f4nia \u2022 Portugal \u2022 Rom\u00eania \u2022 S\u00e9rvia \u2022 Espanha \u2022 Su\u00e9cia \u2022 Su\u00ed\u00e7a \u2022 Reino Unido \u2022 Bielorr\u00fassia \u2022 Catar \u2022 Singapura<\/p>\n\t\t\n<style>\n#text-1485152701 {\n  text-align: center;\n}\n<\/style>\n\t<\/div>\n\t\n\t\t<\/div>\n\n\t\t\n<style>\n#section_446740861 {\n  padding-top: 30px;\n  padding-bottom: 30px;\n}\n<\/style>\n\t<\/section>\n\t\n\t<section class=\"section\" id=\"section_1342615410\">\n\t\t<div class=\"bg section-bg fill bg-fill  bg-loaded\" >\n\n\t\t\t\n\t\t\t\n\t\t\t\n\n\t\t<\/div>\n\n\t\t<div class=\"section-content relative\">\n\t\t\t\n<div class=\"row align-middle\"  id=\"row-1452228525\">\n\n\t<div id=\"col-797792128\" class=\"col medium-6 small-12 large-6\"  >\n\t\t<div class=\"col-inner\"  >\n\t\t\t\n\t\t\t\n\t<div class=\"img has-hover x md-x lg-x y md-y lg-y\" id=\"image_1876507036\">\n\t\t\t\t\t\t\t\t<div class=\"img-inner image-cover dark\" style=\"padding-top:75%;\">\n\t\t\t<img decoding=\"async\" width=\"1020\" height=\"721\" src=\"https:\/\/phonelocker.com\/wp-content\/uploads\/2026\/02\/Europe-Map-1024x724.jpg\" class=\"attachment-large size-large\" alt=\"\" srcset=\"https:\/\/phonelocker.com\/wp-content\/uploads\/2026\/02\/Europe-Map-1024x724.jpg 1024w, https:\/\/phonelocker.com\/wp-content\/uploads\/2026\/02\/Europe-Map-300x212.jpg 300w, https:\/\/phonelocker.com\/wp-content\/uploads\/2026\/02\/Europe-Map-768x543.jpg 768w, https:\/\/phonelocker.com\/wp-content\/uploads\/2026\/02\/Europe-Map-1536x1087.jpg 1536w, https:\/\/phonelocker.com\/wp-content\/uploads\/2026\/02\/Europe-Map-18x12.jpg 18w, https:\/\/phonelocker.com\/wp-content\/uploads\/2026\/02\/Europe-Map.jpg 2000w\" sizes=\"(max-width: 1020px) 100vw, 1020px\" \/>\t\t\t\t\t\t\n\t\t\t\t\t<\/div>\n\t\t\t\t\t\t\t\t\n<style>\n#image_1876507036 {\n  width: 100%;\n}\n<\/style>\n\t<\/div>\n\t\n\t\t<\/div>\n\t\t\t<\/div>\n\n\t\n\n\t<div id=\"col-1580942744\" class=\"col medium-6 small-12 large-6\"  >\n\t\t<div class=\"col-inner\"  >\n\t\t\t\n\t\t\t\n<h2>Europa<\/h2>\n<p>Arm\u00e1rio de telefone<sup>\u00ae<\/sup> Possu\u00edmos uma forte presen\u00e7a em toda a Europa, com uma rede de parcerias diretas e distribuidores de confian\u00e7a que fornecem solu\u00e7\u00f5es para escolas, locais de trabalho e espa\u00e7os para eventos. Nossos produtos est\u00e3o em conformidade com as regulamenta\u00e7\u00f5es europeias, garantindo a conformidade e a tranquilidade de todas as organiza\u00e7\u00f5es.<\/p>\n<p>Reconhecemos tamb\u00e9m a import\u00e2ncia da representa\u00e7\u00e3o cultural e das necessidades locais, adaptando nossa abordagem para atender \u00e0s pol\u00edticas nacionais, aos requisitos lingu\u00edsticos e \u00e0s expectativas espec\u00edficas de cada setor. De escolas de ensino m\u00e9dio a universidades, de escrit\u00f3rios corporativos a espa\u00e7os de entretenimento, o Phone Locker est\u00e1 presente em todas as nossas plataformas.<sup>\u00ae<\/sup> Oferece solu\u00e7\u00f5es confi\u00e1veis e com suporte local que refletem as prioridades europeias em mat\u00e9ria de seguran\u00e7a, foco e bem-estar.<\/p>\n<p><a href=\"https:\/\/phonelocker.com\/pt\/europe\/\">Descubra mais sobre a sua localiza\u00e7\u00e3o.<\/a><\/p>\n\t\t<\/div>\n\t\t\t<\/div>\n\n\t\n<\/div>\n<div class=\"row row-collapse row-full-width align-middle\"  id=\"row-204508624\">\n\n\t<div id=\"col-1849161862\" class=\"col medium-6 small-12 large-6\"  >\n\t\t<div class=\"col-inner\"  >\n\t\t\t\n\t\t\t\n\t<div class=\"img has-hover x md-x lg-x y md-y lg-y\" id=\"image_1139496283\">\n\t\t\t\t\t\t\t\t<div class=\"img-inner image-cover dark\" style=\"padding-top:75%;\">\n\t\t\t<img decoding=\"async\" width=\"1020\" height=\"681\" src=\"https:\/\/phonelocker.com\/wp-content\/uploads\/2026\/02\/vancouver-1024x684.jpg\" class=\"attachment-large size-large\" alt=\"\" srcset=\"https:\/\/phonelocker.com\/wp-content\/uploads\/2026\/02\/vancouver-1024x684.jpg 1024w, https:\/\/phonelocker.com\/wp-content\/uploads\/2026\/02\/vancouver-300x200.jpg 300w, https:\/\/phonelocker.com\/wp-content\/uploads\/2026\/02\/vancouver-768x513.jpg 768w, https:\/\/phonelocker.com\/wp-content\/uploads\/2026\/02\/vancouver-1536x1025.jpg 1536w, https:\/\/phonelocker.com\/wp-content\/uploads\/2026\/02\/vancouver-2048x1367.jpg 2048w, https:\/\/phonelocker.com\/wp-content\/uploads\/2026\/02\/vancouver-18x12.jpg 18w\" sizes=\"(max-width: 1020px) 100vw, 1020px\" \/>\t\t\t\t\t\t\n\t\t\t\t\t<\/div>\n\t\t\t\t\t\t\t\t\n<style>\n#image_1139496283 {\n  width: 100%;\n}\n<\/style>\n\t<\/div>\n\t\n\t\t<\/div>\n\t\t\t<\/div>\n\n\t\n\n\t<div id=\"col-2029300946\" class=\"col medium-6 small-12 large-6\"  >\n\t\t<div class=\"col-inner\" style=\"max-width:520px;\" >\n\t\t\t\n\t\t\t\n<h2 data-start=\"96\" data-end=\"116\">Canad\u00e1<\/h2>\n<p data-start=\"772\" data-end=\"1117\">No Canad\u00e1, o Phone Locker<sup>\u00ae<\/sup> Estabelecemos uma s\u00f3lida rede de clientes diretos e parceiros de distribui\u00e7\u00e3o, ajudando escolas, universidades, locais de trabalho e espa\u00e7os para eventos a implementar ambientes seguros e livres de celulares. Nossos produtos atendem aos padr\u00f5es de seguran\u00e7a e regulamenta\u00e7\u00e3o canadenses, proporcionando \u00e0s organiza\u00e7\u00f5es confian\u00e7a em qualidade, seguran\u00e7a e confiabilidade.<\/p>\n<p data-start=\"1119\" data-end=\"1345\">Por meio de uma combina\u00e7\u00e3o de apoio direto e parcerias regionais, o Phone Locker<sup>\u00ae<\/sup> Garante entrega eficiente, implementa\u00e7\u00e3o tranquila e solu\u00e7\u00f5es escal\u00e1veis nos setores de educa\u00e7\u00e3o, corporativo e de eventos em todo o pa\u00eds.<\/p>\n<p data-start=\"1119\" data-end=\"1345\"><a href=\"https:\/\/phonelocker.com\/pt\/canada\/\">Descubra mais sobre o Canad\u00e1.<\/a><\/p>\n\t\t<\/div>\n\t\t\n<style>\n#col-2029300946 > .col-inner {\n  padding: 5% 5% 5% 5%;\n}\n<\/style>\n\t<\/div>\n\n\t\n<\/div>\n<div class=\"row row-collapse row-full-width align-middle\"  id=\"row-368768991\">\n\n\t<div id=\"col-167442542\" class=\"col medium-6 small-12 large-6\"  >\n\t\t<div class=\"col-inner\"  >\n\t\t\t\n\t\t\t\n\t<div class=\"img has-hover x md-x lg-x y md-y lg-y\" id=\"image_63346341\">\n\t\t\t\t\t\t\t\t<div class=\"img-inner image-cover dark\" style=\"padding-top:75%;\">\n\t\t\t<img decoding=\"async\" width=\"1020\" height=\"680\" src=\"https:\/\/phonelocker.com\/wp-content\/uploads\/2026\/02\/middle-east-woman-1024x683.jpg\" class=\"attachment-large size-large\" alt=\"\" srcset=\"https:\/\/phonelocker.com\/wp-content\/uploads\/2026\/02\/middle-east-woman-1024x683.jpg 1024w, https:\/\/phonelocker.com\/wp-content\/uploads\/2026\/02\/middle-east-woman-300x200.jpg 300w, https:\/\/phonelocker.com\/wp-content\/uploads\/2026\/02\/middle-east-woman-768x512.jpg 768w, https:\/\/phonelocker.com\/wp-content\/uploads\/2026\/02\/middle-east-woman-1536x1024.jpg 1536w, https:\/\/phonelocker.com\/wp-content\/uploads\/2026\/02\/middle-east-woman-2048x1366.jpg 2048w, https:\/\/phonelocker.com\/wp-content\/uploads\/2026\/02\/middle-east-woman-18x12.jpg 18w\" sizes=\"(max-width: 1020px) 100vw, 1020px\" \/>\t\t\t\t\t\t\n\t\t\t\t\t<\/div>\n\t\t\t\t\t\t\t\t\n<style>\n#image_63346341 {\n  width: 100%;\n}\n<\/style>\n\t<\/div>\n\t\n\t\t<\/div>\n\t\t\t<\/div>\n\n\t\n\n\t<div id=\"col-1372038339\" class=\"col medium-6 small-12 large-6\"  >\n\t\t<div class=\"col-inner\" style=\"max-width:520px;\" >\n\t\t\t\n\t\t\t\n<h2 data-start=\"96\" data-end=\"116\">M\u00e9dio Oriente<\/h2>\n<p data-start=\"118\" data-end=\"432\">Arm\u00e1rio de telefone<sup>\u00ae<\/sup> Est\u00e1 em expans\u00e3o pelo Oriente M\u00e9dio e atua tanto no Catar quanto nos Emirados \u00c1rabes Unidos, apoiando organiza\u00e7\u00f5es que priorizam foco, privacidade e bem-estar. Nossas solu\u00e7\u00f5es s\u00e3o particularmente adequadas para escolas, ambientes corporativos e eventos onde iniciativas governamentais de bem-estar digital est\u00e3o impulsionando a demanda por espa\u00e7os livres de celulares.<\/p>\n<p data-start=\"434\" data-end=\"748\">Trabalhamos diretamente e com distribuidores locais de confian\u00e7a para garantir a conformidade com as regulamenta\u00e7\u00f5es regionais e as expectativas culturais, oferecendo orienta\u00e7\u00e3o e suporte personalizados. Seja para educa\u00e7\u00e3o, produtividade no local de trabalho ou eventos, o Phone Locker \u00e9 a solu\u00e7\u00e3o ideal.<sup>\u00ae<\/sup> Oferece solu\u00e7\u00f5es confi\u00e1veis, seguras e culturalmente adequadas em toda a regi\u00e3o.<\/p>\n\t\t<\/div>\n\t\t\n<style>\n#col-1372038339 > .col-inner {\n  padding: 5% 5% 5% 5%;\n}\n<\/style>\n\t<\/div>\n\n\t\n<\/div>\n<div class=\"row row-collapse row-full-width align-middle\"  id=\"row-1021521219\">\n\n\t<div id=\"col-999236755\" class=\"col medium-6 small-12 large-6\"  >\n\t\t<div class=\"col-inner\"  >\n\t\t\t\n\t\t\t\n\t<div class=\"img has-hover x md-x lg-x y md-y lg-y\" id=\"image_656221729\">\n\t\t\t\t\t\t\t\t<div class=\"img-inner image-cover dark\" style=\"padding-top:75%;\">\n\t\t\t<img decoding=\"async\" width=\"1020\" height=\"675\" src=\"https:\/\/phonelocker.com\/wp-content\/uploads\/2026\/02\/University-of-Dublin-Ireland-1-1024x678.webp\" class=\"attachment-large size-large\" alt=\"\" srcset=\"https:\/\/phonelocker.com\/wp-content\/uploads\/2026\/02\/University-of-Dublin-Ireland-1-1024x678.webp 1024w, https:\/\/phonelocker.com\/wp-content\/uploads\/2026\/02\/University-of-Dublin-Ireland-1-300x199.webp 300w, https:\/\/phonelocker.com\/wp-content\/uploads\/2026\/02\/University-of-Dublin-Ireland-1-768x508.webp 768w, https:\/\/phonelocker.com\/wp-content\/uploads\/2026\/02\/University-of-Dublin-Ireland-1-1536x1017.webp 1536w, https:\/\/phonelocker.com\/wp-content\/uploads\/2026\/02\/University-of-Dublin-Ireland-1-18x12.webp 18w, https:\/\/phonelocker.com\/wp-content\/uploads\/2026\/02\/University-of-Dublin-Ireland-1.webp 1600w\" sizes=\"(max-width: 1020px) 100vw, 1020px\" \/>\t\t\t\t\t\t\n\t\t\t\t\t<\/div>\n\t\t\t\t\t\t\t\t\n<style>\n#image_656221729 {\n  width: 100%;\n}\n<\/style>\n\t<\/div>\n\t\n\t\t<\/div>\n\t\t\t<\/div>\n\n\t\n\n\t<div id=\"col-881655854\" class=\"col medium-6 small-12 large-6\"  >\n\t\t<div class=\"col-inner\" style=\"max-width:520px;\" >\n\t\t\t\n\t\t\t\n<h2>Irlanda<\/h2>\n<p>Arm\u00e1rio de telefone<sup>\u00ae<\/sup> \u00e9 o principal fornecedor de solu\u00e7\u00f5es na Irlanda, apoiando escolas, universidades, locais de trabalho e eventos com solu\u00e7\u00f5es seguras e sem necessidade de telefone.<\/p>\n<p>Temos orgulho da nossa parceria com o Governo Irland\u00eas, que oferece subs\u00eddios \u00e0s escolas interessadas em implementar o Phone Locker.<sup>\u00ae<\/sup> Solu\u00e7\u00f5es que facilitem \u00e0s institui\u00e7\u00f5es de ensino a cria\u00e7\u00e3o de ambientes de aprendizagem focados e livres de distra\u00e7\u00f5es.<\/p>\n<p>Aliada \u00e0 nossa rede de apoio local e \u00e0 entrega confi\u00e1vel, esta iniciativa ajuda as escolas irlandesas a adotarem uma solu\u00e7\u00e3o pr\u00e1tica, em conformidade com a lei e sustent\u00e1vel para a gest\u00e3o da utiliza\u00e7\u00e3o de telem\u00f3veis.<\/p>\n\t\t<\/div>\n\t\t\n<style>\n#col-881655854 > .col-inner {\n  padding: 5% 5% 5% 5%;\n}\n<\/style>\n\t<\/div>\n\n\t\n<\/div>\n\t\t<\/div>\n\n\t\t\n<style>\n#section_1342615410 {\n  padding-top: 30px;\n  padding-bottom: 30px;\n}\n<\/style>\n\t<\/section>","protected":false},"excerpt":{"rendered":"","protected":false},"author":1,"featured_media":0,"parent":0,"menu_order":0,"comment_status":"closed","ping_status":"closed","template":"","meta":{"footnotes":""},"class_list":["post-679","page","type-page","status-publish","hentry"],"yoast_head":"<!-- This site is optimized with the Yoast SEO plugin v27.1.1 - https:\/\/yoast.com\/product\/yoast-seo-wordpress\/ -->\n<title>Locations - Phone Locker<\/title>\n<meta name=\"robots\" content=\"index, follow, max-snippet:-1, max-image-preview:large, max-video-preview:-1\" \/>\n<link rel=\"canonical\" href=\"https:\/\/phonelocker.com\/pt\/location\/\" \/>\n<meta property=\"og:locale\" content=\"pt_PT\" \/>\n<meta property=\"og:type\" content=\"article\" \/>\n<meta property=\"og:title\" content=\"Locations - Phone Locker\" \/>\n<meta property=\"og:url\" content=\"https:\/\/phonelocker.com\/pt\/location\/\" \/>\n<meta property=\"og:site_name\" content=\"Phone Locker\" \/>\n<meta property=\"article:modified_time\" content=\"2026-03-23T11:36:21+00:00\" \/>\n<meta name=\"twitter:card\" content=\"summary_large_image\" \/>\n<meta name=\"twitter:label1\" content=\"Tempo estimado de leitura\" \/>\n\t<meta name=\"twitter:data1\" content=\"3 minutos\" \/>\n<!-- \/ Yoast SEO plugin. -->","yoast_head_json":{"title":"Locais - Arm\u00e1rio para Celular","robots":{"index":"index","follow":"follow","max-snippet":"max-snippet:-1","max-image-preview":"max-image-preview:large","max-video-preview":"max-video-preview:-1"},"canonical":"https:\/\/phonelocker.com\/pt\/location\/","og_locale":"pt_PT","og_type":"article","og_title":"Locations - Phone Locker","og_url":"https:\/\/phonelocker.com\/pt\/location\/","og_site_name":"Phone Locker","article_modified_time":"2026-03-23T11:36:21+00:00","twitter_card":"summary_large_image","twitter_misc":{"Tempo estimado de leitura":"3 minutos"},"schema":{"@context":"https:\/\/schema.org","@graph":[{"@type":"WebPage","@id":"https:\/\/phonelocker.com\/location\/","url":"https:\/\/phonelocker.com\/location\/","name":"Locais - Arm\u00e1rio para Celular","isPartOf":{"@id":"https:\/\/phonelocker.com\/#website"},"datePublished":"2024-03-27T06:55:47+00:00","dateModified":"2026-03-23T11:36:21+00:00","breadcrumb":{"@id":"https:\/\/phonelocker.com\/location\/#breadcrumb"},"inLanguage":"pt-PT","potentialAction":[{"@type":"ReadAction","target":["https:\/\/phonelocker.com\/location\/"]}]},{"@type":"BreadcrumbList","@id":"https:\/\/phonelocker.com\/location\/#breadcrumb","itemListElement":[{"@type":"ListItem","position":1,"name":"Home","item":"https:\/\/phonelocker.com\/"},{"@type":"ListItem","position":2,"name":"Locations"}]},{"@type":"WebSite","@id":"https:\/\/phonelocker.com\/#website","url":"https:\/\/phonelocker.com\/","name":"Arm\u00e1rio de telefone","description":"Bolsa para telefone com trava","potentialAction":[{"@type":"SearchAction","target":{"@type":"EntryPoint","urlTemplate":"https:\/\/phonelocker.com\/?s={search_term_string}"},"query-input":{"@type":"PropertyValueSpecification","valueRequired":true,"valueName":"search_term_string"}}],"inLanguage":"pt-PT"}]}},"_links":{"self":[{"href":"https:\/\/phonelocker.com\/pt\/wp-json\/wp\/v2\/pages\/679","targetHints":{"allow":["GET"]}}],"collection":[{"href":"https:\/\/phonelocker.com\/pt\/wp-json\/wp\/v2\/pages"}],"about":[{"href":"https:\/\/phonelocker.com\/pt\/wp-json\/wp\/v2\/types\/page"}],"author":[{"embeddable":true,"href":"https:\/\/phonelocker.com\/pt\/wp-json\/wp\/v2\/users\/1"}],"replies":[{"embeddable":true,"href":"https:\/\/phonelocker.com\/pt\/wp-json\/wp\/v2\/comments?post=679"}],"version-history":[{"count":22,"href":"https:\/\/phonelocker.com\/pt\/wp-json\/wp\/v2\/pages\/679\/revisions"}],"predecessor-version":[{"id":3372,"href":"https:\/\/phonelocker.com\/pt\/wp-json\/wp\/v2\/pages\/679\/revisions\/3372"}],"wp:attachment":[{"href":"https:\/\/phonelocker.com\/pt\/wp-json\/wp\/v2\/media?parent=679"}],"curies":[{"name":"wp","href":"https:\/\/api.w.org\/{rel}","templated":true}]}}