{"id":813,"date":"2024-04-08T07:11:18","date_gmt":"2024-04-08T07:11:18","guid":{"rendered":"https:\/\/phonelocker.com\/?page_id=813"},"modified":"2026-02-26T14:40:41","modified_gmt":"2026-02-26T14:40:41","slug":"contact-sales","status":"publish","type":"page","link":"https:\/\/phonelocker.com\/pt\/australia\/contact-sales\/","title":{"rendered":"contato-vendas"},"content":{"rendered":"<div class=\"banner has-hover\" id=\"banner-2125714166\">\n          <div class=\"banner-inner fill\">\n        <div class=\"banner-bg fill\" >\n            <div class=\"bg fill bg-fill\"><\/div>\n                                    \n                    <\/div>\n        <div class=\"banner-layers container\">\n            <div class=\"fill banner-link\"><\/div>            \n   <div id=\"text-box-2023946117\" class=\"text-box banner-layer x50 md-x50 lg-x50 y50 md-y50 lg-y50 res-text\">\n                                <div class=\"text-box-content text dark\">\n              \n              <div class=\"text-inner text-center\">\n                  \n<h6>Seu pa\u00eds<\/h6>\n<h2>Phone Locker\u00ae na Austr\u00e1lia<\/h2>\n<p>O Phone Locker\u00ae ajuda escolas, faculdades, eventos e organiza\u00e7\u00f5es em toda a Austr\u00e1lia a<b>\u00a0<\/b>Crie espa\u00e7os calmos, focados e livres de celulares. Nosso sistema de estojo com trava permite que as pessoas mantenham seus celulares por perto, evitando o uso quando mais importa \u2014 seja em salas de aula, provas, apresenta\u00e7\u00f5es, confer\u00eancias ou treinamentos. F\u00e1cil de implementar e projetado para promover bem-estar, aten\u00e7\u00e3o e comportamentos positivos, o Phone Locker\u00ae oferece uma maneira pr\u00e1tica de introduzir ambientes livres de celulares sem confisco ou interrup\u00e7\u00e3o.<\/p>\n              <\/div>\n           <\/div>\n                            \n<style>\n#text-box-2023946117 {\n  width: 60%;\n}\n#text-box-2023946117 .text-box-content {\n  font-size: 100%;\n}\n<\/style>\n    <\/div>\n \n        <\/div>\n      <\/div>\n\n            \n<style>\n#banner-2125714166 {\n  padding-top: 500px;\n}\n<\/style>\n  <\/div>\n\n\n<div class=\"container section-title-container\" ><h3 class=\"section-title section-title-center\"><b><\/b><span class=\"section-title-main\" >Solicitar informa\u00e7\u00f5es<\/span><b><\/b><\/h3><\/div>\n\t<section class=\"section\" id=\"section_285727935\">\n\t\t<div class=\"bg section-bg fill bg-fill  bg-loaded\" >\n\n\t\t\t\n\t\t\t<div class=\"section-bg-overlay absolute fill\"><\/div>\n\t\t\t\n\t<div class=\"is-border\"\n\t\tstyle=\"border-width:0px 0px 0px 0px;\">\n\t<\/div>\n\n\t\t<\/div>\n\n\t\t<div class=\"section-content relative\">\n\t\t\t\n<div class=\"row row-large align-middle\"  id=\"row-1492521275\">\n\n\t<div id=\"col-1735459151\" class=\"col medium-6 small-12 large-6\"  >\n\t\t<div class=\"col-inner\"  >\n\t\t\t\n\t\t\t\n\t<div class=\"img has-hover x md-x lg-x y md-y lg-y\" id=\"image_1354704100\">\n\t\t\t\t\t\t\t\t<div class=\"img-inner dark\" >\n\t\t\t<img decoding=\"async\" width=\"1020\" height=\"1020\" src=\"https:\/\/phonelocker.com\/wp-content\/uploads\/2026\/01\/phonelockerpouch-clear-1024x1024.png\" class=\"attachment-large size-large\" alt=\"\" srcset=\"https:\/\/phonelocker.com\/wp-content\/uploads\/2026\/01\/phonelockerpouch-clear-1024x1024.png 1024w, https:\/\/phonelocker.com\/wp-content\/uploads\/2026\/01\/phonelockerpouch-clear-300x300.png 300w, https:\/\/phonelocker.com\/wp-content\/uploads\/2026\/01\/phonelockerpouch-clear-150x150.png 150w, https:\/\/phonelocker.com\/wp-content\/uploads\/2026\/01\/phonelockerpouch-clear-768x768.png 768w, https:\/\/phonelocker.com\/wp-content\/uploads\/2026\/01\/phonelockerpouch-clear-1536x1536.png 1536w, https:\/\/phonelocker.com\/wp-content\/uploads\/2026\/01\/phonelockerpouch-clear-2048x2048.png 2048w, https:\/\/phonelocker.com\/wp-content\/uploads\/2026\/01\/phonelockerpouch-clear-12x12.png 12w\" sizes=\"(max-width: 1020px) 100vw, 1020px\" \/>\t\t\t\t\t\t\n\t\t\t\t\t<\/div>\n\t\t\t\t\t\t\t\t\n<style>\n#image_1354704100 {\n  width: 100%;\n}\n<\/style>\n\t<\/div>\n\t\n\t<div class=\"img has-hover x md-x lg-x y md-y lg-y\" id=\"image_550267359\">\n\t\t\t\t\t\t\t\t<div class=\"img-inner box-shadow-2 dark\" >\n\t\t\t\t\t\t\t\t\t\n\t\t\t\t\t<\/div>\n\t\t\t\t\t\t\t\t\n<style>\n#image_550267359 {\n  width: 100%;\n}\n<\/style>\n\t<\/div>\n\t\n\t\t<\/div>\n\t\t\t<\/div>\n\n\t\n\n\t<div id=\"col-1970491901\" class=\"col medium-6 small-12 large-6\"  >\n\t\t<div class=\"col-inner text-left\"  >\n\t\t\t\n\t\t\t\n<p data-start=\"2290\" data-end=\"2371\">Se voc\u00ea est\u00e1 buscando solu\u00e7\u00f5es que dispensem o uso do celular na Austr\u00e1lia, teremos prazer em ajudar.<\/p>\n<ul data-start=\"2373\" data-end=\"2467\">\n<li data-start=\"2373\" data-end=\"2394\">\n<p data-start=\"2375\" data-end=\"2394\">Solicitar informa\u00e7\u00f5es<\/p>\n<\/li>\n<li data-start=\"2395\" data-end=\"2414\">\n<p data-start=\"2397\" data-end=\"2414\">Consulte os pre\u00e7os.<\/p>\n<\/li>\n<li data-start=\"2415\" data-end=\"2438\">\n<p data-start=\"2417\" data-end=\"2438\">Prepare um pacote de amostras.<\/p>\n<\/li>\n<li data-start=\"2439\" data-end=\"2467\">\n<p data-start=\"2441\" data-end=\"2467\">Fale com um parceiro local.<\/p>\n<\/li>\n<\/ul>\n<a rel=\"noopener noreferrer\" href=\"https:\/\/phonelocker.com\/pt\/how-it-works\/\" target=\"_blank\" class=\"button primary\"  >\n    <span>Veja como funciona a Bolsa para Celular.<\/span>\n  <\/a>\n\n\t\t<\/div>\n\t\t\t<\/div>\n\n\t\n<\/div>\n\t\t<\/div>\n\n\t\t\n<style>\n#section_285727935 {\n  padding-top: 20px;\n  padding-bottom: 20px;\n}\n#section_285727935 .section-bg-overlay {\n  background-color: rgba(255, 255, 255, 0.85);\n}\n<\/style>\n\t<\/section>\n\t\n<div class=\"message-box relative dark\" style=\"padding-top:36px;padding-bottom:36px;\"><div class=\"message-box-bg-image bg-fill fill\" ><\/div><div class=\"message-box-bg-overlay bg-fill fill\" style=\"background-color:rgb(6, 180, 122);\"><\/div><div class=\"container relative\"><div class=\"inner last-reset\">\n<div class=\"row align-middle\"  id=\"row-1881137809\">\n\n\t<div id=\"col-1906792415\" class=\"col medium-7 small-12 large-7\"  >\n\t\t<div class=\"col-inner\"  >\n\t\t\t\n\t\t\t\n<h2 class=\"text--center\">Entre em contato.<\/h2>\n<p>Para obter dicas sobre como viver sem celular com o Phone Locker\u00ae, entre em contato conosco hoje mesmo.<\/p>\n\t\t<\/div>\n\t\t\t<\/div>\n\n\t\n<\/div>\n<iframe height=\"600px\" width=\"100%\" frameborder=\"0\" allow=\"geolocation;microphone;camera\" src=\"https:\/\/zfrmz.com\/ra2RwaFQAG0mJTHtFNHh\"> <\/iframe>\n<\/div><\/div><\/div>","protected":false},"excerpt":{"rendered":"","protected":false},"author":1,"featured_media":0,"parent":945,"menu_order":0,"comment_status":"closed","ping_status":"closed","template":"","meta":{"footnotes":""},"class_list":["post-813","page","type-page","status-publish","hentry"],"yoast_head":"<!-- This site is optimized with the Yoast SEO plugin v27.1.1 - https:\/\/yoast.com\/product\/yoast-seo-wordpress\/ -->\n<title>contact-sales - Phone Locker<\/title>\n<meta name=\"robots\" content=\"index, follow, max-snippet:-1, max-image-preview:large, max-video-preview:-1\" \/>\n<link rel=\"canonical\" href=\"https:\/\/phonelocker.com\/pt\/australia\/contact-sales\/\" \/>\n<meta property=\"og:locale\" content=\"pt_PT\" \/>\n<meta property=\"og:type\" content=\"article\" \/>\n<meta property=\"og:title\" content=\"contact-sales - Phone Locker\" \/>\n<meta property=\"og:url\" content=\"https:\/\/phonelocker.com\/pt\/australia\/contact-sales\/\" \/>\n<meta property=\"og:site_name\" content=\"Phone Locker\" \/>\n<meta property=\"article:modified_time\" content=\"2026-02-26T14:40:41+00:00\" \/>\n<meta name=\"twitter:card\" content=\"summary_large_image\" \/>\n<meta name=\"twitter:label1\" content=\"Tempo estimado de leitura\" \/>\n\t<meta name=\"twitter:data1\" content=\"1 minuto\" \/>\n<!-- \/ Yoast SEO plugin. -->","yoast_head_json":{"title":"contato-vendas - Arm\u00e1rio de Celular","robots":{"index":"index","follow":"follow","max-snippet":"max-snippet:-1","max-image-preview":"max-image-preview:large","max-video-preview":"max-video-preview:-1"},"canonical":"https:\/\/phonelocker.com\/pt\/australia\/contact-sales\/","og_locale":"pt_PT","og_type":"article","og_title":"contact-sales - Phone Locker","og_url":"https:\/\/phonelocker.com\/pt\/australia\/contact-sales\/","og_site_name":"Phone Locker","article_modified_time":"2026-02-26T14:40:41+00:00","twitter_card":"summary_large_image","twitter_misc":{"Tempo estimado de leitura":"1 minuto"},"schema":{"@context":"https:\/\/schema.org","@graph":[{"@type":"WebPage","@id":"https:\/\/phonelocker.com\/australia\/contact-sales\/","url":"https:\/\/phonelocker.com\/australia\/contact-sales\/","name":"contato-vendas - Arm\u00e1rio de Celular","isPartOf":{"@id":"https:\/\/phonelocker.com\/#website"},"datePublished":"2024-04-08T07:11:18+00:00","dateModified":"2026-02-26T14:40:41+00:00","breadcrumb":{"@id":"https:\/\/phonelocker.com\/australia\/contact-sales\/#breadcrumb"},"inLanguage":"pt-PT","potentialAction":[{"@type":"ReadAction","target":["https:\/\/phonelocker.com\/australia\/contact-sales\/"]}]},{"@type":"BreadcrumbList","@id":"https:\/\/phonelocker.com\/australia\/contact-sales\/#breadcrumb","itemListElement":[{"@type":"ListItem","position":1,"name":"Home","item":"https:\/\/phonelocker.com\/"},{"@type":"ListItem","position":2,"name":"Australia","item":"https:\/\/phonelocker.com\/australia\/"},{"@type":"ListItem","position":3,"name":"contact-sales"}]},{"@type":"WebSite","@id":"https:\/\/phonelocker.com\/#website","url":"https:\/\/phonelocker.com\/","name":"Arm\u00e1rio de telefone","description":"Bolsa para telefone com trava","potentialAction":[{"@type":"SearchAction","target":{"@type":"EntryPoint","urlTemplate":"https:\/\/phonelocker.com\/?s={search_term_string}"},"query-input":{"@type":"PropertyValueSpecification","valueRequired":true,"valueName":"search_term_string"}}],"inLanguage":"pt-PT"}]}},"_links":{"self":[{"href":"https:\/\/phonelocker.com\/pt\/wp-json\/wp\/v2\/pages\/813","targetHints":{"allow":["GET"]}}],"collection":[{"href":"https:\/\/phonelocker.com\/pt\/wp-json\/wp\/v2\/pages"}],"about":[{"href":"https:\/\/phonelocker.com\/pt\/wp-json\/wp\/v2\/types\/page"}],"author":[{"embeddable":true,"href":"https:\/\/phonelocker.com\/pt\/wp-json\/wp\/v2\/users\/1"}],"replies":[{"embeddable":true,"href":"https:\/\/phonelocker.com\/pt\/wp-json\/wp\/v2\/comments?post=813"}],"version-history":[{"count":10,"href":"https:\/\/phonelocker.com\/pt\/wp-json\/wp\/v2\/pages\/813\/revisions"}],"predecessor-version":[{"id":3073,"href":"https:\/\/phonelocker.com\/pt\/wp-json\/wp\/v2\/pages\/813\/revisions\/3073"}],"up":[{"embeddable":true,"href":"https:\/\/phonelocker.com\/pt\/wp-json\/wp\/v2\/pages\/945"}],"wp:attachment":[{"href":"https:\/\/phonelocker.com\/pt\/wp-json\/wp\/v2\/media?parent=813"}],"curies":[{"name":"wp","href":"https:\/\/api.w.org\/{rel}","templated":true}]}}