{"id":844,"date":"2024-04-08T07:17:24","date_gmt":"2024-04-08T07:17:24","guid":{"rendered":"https:\/\/phonelocker.com\/?page_id=844"},"modified":"2025-04-01T02:03:56","modified_gmt":"2025-04-01T02:03:56","slug":"contact-sales","status":"publish","type":"page","link":"https:\/\/phonelocker.com\/pt\/ireland\/contact-sales\/","title":{"rendered":"contato-vendas"},"content":{"rendered":"<section class=\"section\" id=\"section_112034482\">\n\t\t<div class=\"bg section-bg fill bg-fill  bg-loaded\" >\n\n\t\t\t\n\t\t\t\n\t\t\t\n\n\t\t<\/div>\n\n\t\t<div class=\"section-content relative\">\n\t\t\t<div class=\"row row-collapse\"  id=\"row-193443412\">\n\t<div id=\"col-2116218485\" class=\"col small-12 large-12\"  >\n\t\t<div class=\"col-inner text-center\"  >\n\t\t\t\n\t\t\t<ul class=\"sidebar-wrapper ul-reset\"><div class=\"breadcrumbs\" vocab=\"https:\/\/schema.org\/\" typeof=\"BreadcrumbList\"><!-- Breadcrumb NavXT 6.6.0 -->\n<span property=\"itemListElement\" typeof=\"ListItem\"><a property=\"item\" typeof=\"WebPage\" title=\"Acesse o Arm\u00e1rio do Celular.\" href=\"https:\/\/phonelocker.com\/pt\" class=\"home\" aria-current=\"page\"><span property=\"name\">Lar<\/span><\/a><meta property=\"position\" content=\"1\"><\/span><\/div><\/ul>\t\t<\/div>\n\t\t\t<\/div>\n\n\t<\/div><div class=\"row\"  id=\"row-12289367\">\n\t<div id=\"col-413504861\" class=\"col small-12 large-12\"  >\n\t\t<div class=\"col-inner text-center\"  >\n\t\t\t\n\t\t\t\t<div id=\"text-3807259224\" class=\"text\">\n\t\t\n<h2>Benef\u00edcios do produto<\/h2>\n\t\t\t<\/div>\n\t\t\t<\/div>\n\t\t\t<\/div>\n\n\t<\/div><div class=\"row row-small\"  id=\"row-1109535316\">\n\t<div id=\"col-180686161\" class=\"col medium-4 small-12 large-4\"  >\n\t\t<div class=\"col-inner\"  >\n\t\t\t\n\t\t\t\n  <div class=\"banner has-hover bg-zoom\" id=\"banner-388074180\">\n          <div class=\"banner-inner fill\">\n        <div class=\"banner-bg fill\" >\n            <div class=\"bg fill bg-fill\"><\/div>\n                        <div class=\"overlay\"><\/div>            \n                    <\/div>\n        <div class=\"banner-layers container\">\n            <a class=\"fill\" href=\"#\"  ><div class=\"fill banner-link\"><\/div><\/a>               <div id=\"text-box-1629384512\" class=\"text-box banner-layer x50 md-x50 lg-x50 y100 md-y100 lg-y100 res-text\">\n                                <div class=\"text-box-content text dark\">\n              \n              <div class=\"text-inner text-left\">\n                  \n<h3>Mantenha o foco<\/h3>\n<p>Mantenha-se longe da tenta\u00e7\u00e3o do telefone              <\/div>\n           <\/div>\n                            \n<style>\n#text-box-1629384512 .text-inner {\n  padding: 18px 18px 18px 18px;\n}\n#text-box-1629384512 {\n  width: 100%;\n}\n#text-box-1629384512 .text-box-content {\n  font-size: 100%;\n}\n<\/style>\n    <\/div>\n         <\/div>\n      <\/div>\n\n            \n<style>\n#banner-388074180 {\n  padding-top: 380px;\n}\n#banner-388074180 .bg.bg-loaded {\n  background-image: url(https:\/\/phonelocker.com\/wp-content\/uploads\/2021\/06\/benefit-1.png);\n}\n#banner-388074180 .overlay {\n  background-color: rgba(0, 0, 0, 0.01);\n}\n<\/style>\n  <\/div>\n\n\t\t<\/div>\n\t\t\n<style>\n#col-180686161 > .col-inner {\n  margin: 0px 0px 20px 0px;\n}\n<\/style>\n\t<\/div>\n\n\t\n\t<div id=\"col-568064331\" class=\"col medium-4 small-12 large-4\"  >\n\t\t<div class=\"col-inner\"  >\n\t\t\t\n\t\t\t\n  <div class=\"banner has-hover bg-zoom\" id=\"banner-165187810\">\n          <div class=\"banner-inner fill\">\n        <div class=\"banner-bg fill\" >\n            <div class=\"bg fill bg-fill\"><\/div>\n                        <div class=\"overlay\"><\/div>            \n                    <\/div>\n        <div class=\"banner-layers container\">\n            <a class=\"fill\" href=\"#\"  ><div class=\"fill banner-link\"><\/div><\/a>               <div id=\"text-box-218662121\" class=\"text-box banner-layer x50 md-x50 lg-x50 y100 md-y100 lg-y100 res-text\">\n                                <div class=\"text-box-content text dark\">\n              \n              <div class=\"text-inner text-left\">\n                  \n<h3>Bloquear sinal de telefone<\/h3>\n<p>Equipado com material especial para bloquear o sinal do telefone              <\/div>\n           <\/div>\n                            \n<style>\n#text-box-218662121 .text-inner {\n  padding: 18px 18px 18px 18px;\n}\n#text-box-218662121 {\n  width: 100%;\n}\n#text-box-218662121 .text-box-content {\n  font-size: 100%;\n}\n<\/style>\n    <\/div>\n         <\/div>\n      <\/div>\n\n            \n<style>\n#banner-165187810 {\n  padding-top: 380px;\n}\n#banner-165187810 .bg.bg-loaded {\n  background-image: url(https:\/\/phonelocker.com\/wp-content\/uploads\/2021\/06\/benefit-2.png);\n}\n#banner-165187810 .overlay {\n  background-color: rgba(0, 0, 0, 0.01);\n}\n<\/style>\n  <\/div>\n\n\t\t<\/div>\n\t\t\n<style>\n#col-568064331 > .col-inner {\n  margin: 0px 0px 20px 0px;\n}\n<\/style>\n\t<\/div>\n\n\t\n\t<div id=\"col-955829506\" class=\"col medium-4 small-12 large-4\"  >\n\t\t<div class=\"col-inner\"  >\n\t\t\t\n\t\t\t\n  <div class=\"banner has-hover bg-zoom\" id=\"banner-1505300689\">\n          <div class=\"banner-inner fill\">\n        <div class=\"banner-bg fill\" >\n            <div class=\"bg fill bg-fill\"><\/div>\n                        <div class=\"overlay\"><\/div>            \n                    <\/div>\n        <div class=\"banner-layers container\">\n            <a class=\"fill\" href=\"#\"  ><div class=\"fill banner-link\"><\/div><\/a>               <div id=\"text-box-1578488073\" class=\"text-box banner-layer x50 md-x50 lg-x50 y100 md-y100 lg-y100 res-text\">\n                                <div class=\"text-box-content text dark\">\n              \n              <div class=\"text-inner text-left\">\n                  \n<h3>\u00d3tima \u00e1rea de impress\u00e3o<\/h3>\n<p>A superf\u00edcie da bolsa pode ser impressa de forma personalizada com impress\u00e3o por sublima\u00e7\u00e3o              <\/div>\n           <\/div>\n                            \n<style>\n#text-box-1578488073 .text-inner {\n  padding: 18px 18px 18px 18px;\n}\n#text-box-1578488073 {\n  width: 100%;\n}\n#text-box-1578488073 .text-box-content {\n  font-size: 100%;\n}\n<\/style>\n    <\/div>\n         <\/div>\n      <\/div>\n\n            \n<style>\n#banner-1505300689 {\n  padding-top: 380px;\n}\n#banner-1505300689 .bg.bg-loaded {\n  background-image: url(https:\/\/phonelocker.com\/wp-content\/uploads\/2021\/06\/benefit-3.png);\n}\n#banner-1505300689 .overlay {\n  background-color: rgba(0, 0, 0, 0.01);\n}\n<\/style>\n  <\/div>\n\n\t\t<\/div>\n\t\t\n<style>\n#col-955829506 > .col-inner {\n  margin: 0px 0px 20px 0px;\n}\n<\/style>\n\t<\/div>\n\n\t\n\t<div id=\"col-332972878\" class=\"col medium-4 small-12 large-4\"  >\n\t\t<div class=\"col-inner\"  >\n\t\t\t\n\t\t\t\n  <div class=\"banner has-hover bg-zoom\" id=\"banner-1652084798\">\n          <div class=\"banner-inner fill\">\n        <div class=\"banner-bg fill\" >\n            <div class=\"bg fill bg-fill\"><\/div>\n                        <div class=\"overlay\"><\/div>            \n                    <\/div>\n        <div class=\"banner-layers container\">\n            <a class=\"fill\" href=\"#\"  ><div class=\"fill banner-link\"><\/div><\/a>               <div id=\"text-box-597682904\" class=\"text-box banner-layer x50 md-x50 lg-x50 y100 md-y100 lg-y100 res-text\">\n                                <div class=\"text-box-content text dark\">\n              \n              <div class=\"text-inner text-left\">\n                  \n<h3>Previne trapa\u00e7a<\/h3>\n<p>Com os telefones bloqueados, n\u00e3o h\u00e1 oportunidade de dar uma olhada              <\/div>\n           <\/div>\n                            \n<style>\n#text-box-597682904 .text-inner {\n  padding: 18px 18px 18px 18px;\n}\n#text-box-597682904 {\n  width: 100%;\n}\n#text-box-597682904 .text-box-content {\n  font-size: 100%;\n}\n<\/style>\n    <\/div>\n         <\/div>\n      <\/div>\n\n            \n<style>\n#banner-1652084798 {\n  padding-top: 380px;\n}\n#banner-1652084798 .bg.bg-loaded {\n  background-image: url(https:\/\/phonelocker.com\/wp-content\/uploads\/2021\/06\/benefit-4.png);\n}\n#banner-1652084798 .overlay {\n  background-color: rgba(0, 0, 0, 0.01);\n}\n<\/style>\n  <\/div>\n\n\t\t<\/div>\n\t\t\n<style>\n#col-332972878 > .col-inner {\n  margin: 0px 0px 20px 0px;\n}\n<\/style>\n\t<\/div>\n\n\t\n\t<div id=\"col-696389313\" class=\"col medium-4 small-12 large-4\"  >\n\t\t<div class=\"col-inner\"  >\n\t\t\t\n\t\t\t\n  <div class=\"banner has-hover bg-zoom\" id=\"banner-1684135605\">\n          <div class=\"banner-inner fill\">\n        <div class=\"banner-bg fill\" >\n            <div class=\"bg fill bg-fill\"><\/div>\n                        <div class=\"overlay\"><\/div>            \n                    <\/div>\n        <div class=\"banner-layers container\">\n            <a class=\"fill\" href=\"#\"  ><div class=\"fill banner-link\"><\/div><\/a>               <div id=\"text-box-286742752\" class=\"text-box banner-layer x50 md-x50 lg-x50 y100 md-y100 lg-y100 res-text\">\n                                <div class=\"text-box-content text dark\">\n              \n              <div class=\"text-inner text-left\">\n                  \n<h3>Seguro de usar<\/h3>\n<p>Pino flex\u00edvel de seguran\u00e7a, mantenha seus dedos seguros durante o uso              <\/div>\n           <\/div>\n                            \n<style>\n#text-box-286742752 .text-inner {\n  padding: 18px 18px 18px 18px;\n}\n#text-box-286742752 {\n  width: 100%;\n}\n#text-box-286742752 .text-box-content {\n  font-size: 100%;\n}\n<\/style>\n    <\/div>\n         <\/div>\n      <\/div>\n\n            \n<style>\n#banner-1684135605 {\n  padding-top: 380px;\n}\n#banner-1684135605 .bg.bg-loaded {\n  background-image: url(https:\/\/phonelocker.com\/wp-content\/uploads\/2021\/06\/benefit-5.png);\n}\n#banner-1684135605 .overlay {\n  background-color: rgba(0, 0, 0, 0.01);\n}\n<\/style>\n  <\/div>\n\n\t\t<\/div>\n\t\t\n<style>\n#col-696389313 > .col-inner {\n  margin: 0px 0px 20px 0px;\n}\n<\/style>\n\t<\/div>\n\n\t\n\t<div id=\"col-828776433\" class=\"col medium-4 small-12 large-4\"  >\n\t\t<div class=\"col-inner\"  >\n\t\t\t\n\t\t\t\n  <div class=\"banner has-hover bg-zoom\" id=\"banner-565724998\">\n          <div class=\"banner-inner fill\">\n        <div class=\"banner-bg fill\" >\n            <div class=\"bg fill bg-fill\"><\/div>\n                        <div class=\"overlay\"><\/div>            \n                    <\/div>\n        <div class=\"banner-layers container\">\n            <a class=\"fill\" href=\"#\"  ><div class=\"fill banner-link\"><\/div><\/a>               <div id=\"text-box-527971430\" class=\"text-box banner-layer x50 md-x50 lg-x50 y100 md-y100 lg-y100 res-text\">\n                                <div class=\"text-box-content text dark\">\n              \n              <div class=\"text-inner text-left\">\n                  \n<h3>Serve para todos os tamanhos de telefone<\/h3>\n<p>De telefones com tela pequena a grande              <\/div>\n           <\/div>\n                            \n<style>\n#text-box-527971430 .text-inner {\n  padding: 18px 18px 18px 18px;\n}\n#text-box-527971430 {\n  width: 100%;\n}\n#text-box-527971430 .text-box-content {\n  font-size: 100%;\n}\n<\/style>\n    <\/div>\n         <\/div>\n      <\/div>\n\n            \n<style>\n#banner-565724998 {\n  padding-top: 380px;\n}\n#banner-565724998 .bg.bg-loaded {\n  background-image: url(https:\/\/phonelocker.com\/wp-content\/uploads\/2021\/06\/benefit-6.png);\n}\n#banner-565724998 .overlay {\n  background-color: rgba(0, 0, 0, 0.01);\n}\n<\/style>\n  <\/div>\n\n\t\t<\/div>\n\t\t\n<style>\n#col-828776433 > .col-inner {\n  margin: 0px 0px 20px 0px;\n}\n<\/style>\n\t<\/div>\n\n\t<\/div>\n<iframe height=\"600px\" width=\"100%\" frameborder=\"0\" allow=\"geolocation;microphone;camera\" src=\"https:\/\/zfrmz.com\/ra2RwaFQAG0mJTHtFNHh\"> <\/iframe>\t\t<\/div>\n\n\t\t\n<style>\n#section_112034482 {\n  padding-top: 29px;\n  padding-bottom: 29px;\n}\n<\/style>\n\t<\/section>","protected":false},"excerpt":{"rendered":"","protected":false},"author":1,"featured_media":0,"parent":951,"menu_order":0,"comment_status":"closed","ping_status":"closed","template":"","meta":{"footnotes":""},"class_list":["post-844","page","type-page","status-publish","hentry"],"yoast_head":"<!-- This site is optimized with the Yoast SEO plugin v27.1.1 - https:\/\/yoast.com\/product\/yoast-seo-wordpress\/ -->\n<title>contact-sales - Phone Locker<\/title>\n<meta name=\"robots\" content=\"index, follow, max-snippet:-1, max-image-preview:large, max-video-preview:-1\" \/>\n<link rel=\"canonical\" href=\"https:\/\/phonelocker.com\/pt\/ireland\/contact-sales\/\" \/>\n<meta property=\"og:locale\" content=\"pt_PT\" \/>\n<meta property=\"og:type\" content=\"article\" \/>\n<meta property=\"og:title\" content=\"contact-sales - Phone Locker\" \/>\n<meta property=\"og:url\" content=\"https:\/\/phonelocker.com\/pt\/ireland\/contact-sales\/\" \/>\n<meta property=\"og:site_name\" content=\"Phone Locker\" \/>\n<meta property=\"article:modified_time\" content=\"2025-04-01T02:03:56+00:00\" \/>\n<meta name=\"twitter:card\" content=\"summary_large_image\" \/>\n<meta name=\"twitter:label1\" content=\"Tempo estimado de leitura\" \/>\n\t<meta name=\"twitter:data1\" content=\"2 minutos\" \/>\n<!-- \/ Yoast SEO plugin. -->","yoast_head_json":{"title":"contato-vendas - Arm\u00e1rio de Celular","robots":{"index":"index","follow":"follow","max-snippet":"max-snippet:-1","max-image-preview":"max-image-preview:large","max-video-preview":"max-video-preview:-1"},"canonical":"https:\/\/phonelocker.com\/pt\/ireland\/contact-sales\/","og_locale":"pt_PT","og_type":"article","og_title":"contact-sales - Phone Locker","og_url":"https:\/\/phonelocker.com\/pt\/ireland\/contact-sales\/","og_site_name":"Phone Locker","article_modified_time":"2025-04-01T02:03:56+00:00","twitter_card":"summary_large_image","twitter_misc":{"Tempo estimado de leitura":"2 minutos"},"schema":{"@context":"https:\/\/schema.org","@graph":[{"@type":"WebPage","@id":"https:\/\/phonelocker.com\/ireland\/contact-sales\/","url":"https:\/\/phonelocker.com\/ireland\/contact-sales\/","name":"contato-vendas - Arm\u00e1rio de Celular","isPartOf":{"@id":"https:\/\/phonelocker.com\/#website"},"datePublished":"2024-04-08T07:17:24+00:00","dateModified":"2025-04-01T02:03:56+00:00","breadcrumb":{"@id":"https:\/\/phonelocker.com\/ireland\/contact-sales\/#breadcrumb"},"inLanguage":"pt-PT","potentialAction":[{"@type":"ReadAction","target":["https:\/\/phonelocker.com\/ireland\/contact-sales\/"]}]},{"@type":"BreadcrumbList","@id":"https:\/\/phonelocker.com\/ireland\/contact-sales\/#breadcrumb","itemListElement":[{"@type":"ListItem","position":1,"name":"Home","item":"https:\/\/phonelocker.com\/"},{"@type":"ListItem","position":2,"name":"Ireland","item":"https:\/\/phonelocker.com\/ireland\/"},{"@type":"ListItem","position":3,"name":"contact-sales"}]},{"@type":"WebSite","@id":"https:\/\/phonelocker.com\/#website","url":"https:\/\/phonelocker.com\/","name":"Arm\u00e1rio de telefone","description":"Bolsa para telefone com trava","potentialAction":[{"@type":"SearchAction","target":{"@type":"EntryPoint","urlTemplate":"https:\/\/phonelocker.com\/?s={search_term_string}"},"query-input":{"@type":"PropertyValueSpecification","valueRequired":true,"valueName":"search_term_string"}}],"inLanguage":"pt-PT"}]}},"_links":{"self":[{"href":"https:\/\/phonelocker.com\/pt\/wp-json\/wp\/v2\/pages\/844","targetHints":{"allow":["GET"]}}],"collection":[{"href":"https:\/\/phonelocker.com\/pt\/wp-json\/wp\/v2\/pages"}],"about":[{"href":"https:\/\/phonelocker.com\/pt\/wp-json\/wp\/v2\/types\/page"}],"author":[{"embeddable":true,"href":"https:\/\/phonelocker.com\/pt\/wp-json\/wp\/v2\/users\/1"}],"replies":[{"embeddable":true,"href":"https:\/\/phonelocker.com\/pt\/wp-json\/wp\/v2\/comments?post=844"}],"version-history":[{"count":3,"href":"https:\/\/phonelocker.com\/pt\/wp-json\/wp\/v2\/pages\/844\/revisions"}],"predecessor-version":[{"id":2188,"href":"https:\/\/phonelocker.com\/pt\/wp-json\/wp\/v2\/pages\/844\/revisions\/2188"}],"up":[{"embeddable":true,"href":"https:\/\/phonelocker.com\/pt\/wp-json\/wp\/v2\/pages\/951"}],"wp:attachment":[{"href":"https:\/\/phonelocker.com\/pt\/wp-json\/wp\/v2\/media?parent=844"}],"curies":[{"name":"wp","href":"https:\/\/api.w.org\/{rel}","templated":true}]}}