{"id":996,"date":"2024-04-10T09:36:36","date_gmt":"2024-04-10T09:36:36","guid":{"rendered":"https:\/\/phonelocker.com\/?page_id=996"},"modified":"2026-03-23T11:51:24","modified_gmt":"2026-03-23T11:51:24","slug":"europe","status":"publish","type":"page","link":"https:\/\/phonelocker.com\/pt\/europe\/","title":{"rendered":"Europa"},"content":{"rendered":"<div class=\"banner has-hover\" id=\"banner-2008129402\">\n          <div class=\"banner-inner fill\">\n        <div class=\"banner-bg fill\" >\n            <div class=\"bg fill bg-fill\"><\/div>\n                                    \n                    <\/div>\n        <div class=\"banner-layers container\">\n            <div class=\"fill banner-link\"><\/div>            \n   <div id=\"text-box-2139172302\" class=\"text-box banner-layer x50 md-x50 lg-x50 y50 md-y50 lg-y50 res-text\">\n                                <div class=\"text-box-content text dark\">\n              \n              <div class=\"text-inner text-center\">\n                  \n<h3 class=\"uppercase\"><strong>Solu\u00e7\u00f5es sem telefone em toda a Europa<\/strong><\/h3>\n<p>Encontre informa\u00e7\u00f5es e suporte para escolas, eventos e organiza\u00e7\u00f5es que utilizam o Phone Locker\u00ae para criar ambientes focados e livres de celulares em todo o pa\u00eds.<\/p>\n<p>Selecione seu pa\u00eds para saber mais.<\/p>\n              <\/div>\n           <\/div>\n                            \n<style>\n#text-box-2139172302 {\n  width: 60%;\n}\n#text-box-2139172302 .text-box-content {\n  font-size: 100%;\n}\n<\/style>\n    <\/div>\n \n        <\/div>\n      <\/div>\n\n            \n<style>\n#banner-2008129402 {\n  padding-top: 500px;\n  background-color: rgb(1, 181, 122);\n}\n<\/style>\n  <\/div>\n\n\n<div class=\"container section-title-container\" ><h3 class=\"section-title section-title-center\"><b><\/b><span class=\"section-title-main\" >Escolha seu pa\u00eds<\/span><b><\/b><\/h3><\/div>\n<div class=\"row\"  id=\"row-1798276523\">\n\n\t<div id=\"col-1287942555\" class=\"col medium-3 small-12 large-3\"  >\n\t\t<div class=\"col-inner\"  >\n\t\t\t\n\t\t\t\n<p style=\"text-align: center;\"><a href=\"\/pt\/united-kingdom\/contact-sales\/\"><img decoding=\"async\" class=\"aligncenter\" title=\"\" src=\"https:\/\/img.icons8.com\/color\/48\/great-britain-circular.png\" alt=\"\" \/><\/a><a href=\"\/pt\/united-kingdom\/contact-sales\/\">Reino Unido<\/a><\/p>\n\t\t<\/div>\n\t\t\t<\/div>\n\n\t\n\n\t<div id=\"col-737654638\" class=\"col medium-3 small-12 large-3\"  >\n\t\t<div class=\"col-inner\"  >\n\t\t\t\n\t\t\t\n<p style=\"text-align: center;\"><a href=\"\/pt\/austria\/contact-sales\/\"><img decoding=\"async\" class=\"aligncenter\" title=\"\" src=\"https:\/\/img.icons8.com\/color\/48\/austria-circular.png\" alt=\"\" \/> <\/a><a href=\"\/pt\/austria\/contact-sales\/\">\u00c1ustria<\/a><\/p>\n\t\t<\/div>\n\t\t\t<\/div>\n\n\t\n\n\t<div id=\"col-1329057207\" class=\"col medium-3 small-12 large-3\"  >\n\t\t<div class=\"col-inner\"  >\n\t\t\t\n\t\t\t\n<p style=\"text-align: center;\"><a href=\"\/pt\/belarus\/contact-sales\/\"><img decoding=\"async\" title=\"\" src=\"https:\/\/img.icons8.com\/color\/48\/belarus-circular.png\" alt=\"\" \/> <\/a><br \/><a href=\"\/pt\/belarus\/contact-sales\/\">Bielorr\u00fassia<\/a><\/p>\n\t\t<\/div>\n\t\t\t<\/div>\n\n\t\n\n\t<div id=\"col-1900214165\" class=\"col medium-3 small-12 large-3\"  >\n\t\t<div class=\"col-inner\"  >\n\t\t\t\n\t\t\t\n<p style=\"text-align: center;\"><a href=\"\/pt\/bulgaria\/contact-sales\/\"><img decoding=\"async\" title=\"\" src=\"https:\/\/img.icons8.com\/color\/48\/bulgaria-circular.png\" alt=\"\" \/> <\/a><br \/><a href=\"\/pt\/bulgaria\/contact-sales\/\">Bulg\u00e1ria<\/a><\/p>\n\t\t<\/div>\n\t\t\t<\/div>\n\n\t\n\n\t<div id=\"col-1107730622\" class=\"col medium-3 small-12 large-3\"  >\n\t\t<div class=\"col-inner\"  >\n\t\t\t\n\t\t\t\n<p style=\"text-align: center;\"><a href=\"\/pt\/denmark\/contact-sales\/\"><img decoding=\"async\" title=\"\" src=\"https:\/\/img.icons8.com\/color\/48\/denmark-circular.png\" alt=\"\" \/> <\/a><br \/><a href=\"\/pt\/denmark\/contact-sales\/\">Dinamarca<\/a><\/p>\n\t\t<\/div>\n\t\t\t<\/div>\n\n\t\n\n\t<div id=\"col-1945249456\" class=\"col medium-3 small-12 large-3\"  >\n\t\t<div class=\"col-inner\"  >\n\t\t\t\n\t\t\t\n<p style=\"text-align: center;\"><a href=\"\/pt\/estonia\/contact-sales\/\"><img decoding=\"async\" title=\"\" src=\"https:\/\/img.icons8.com\/color\/48\/estonia-circular.png\" alt=\"\" \/> <\/a><br \/><a href=\"\/pt\/estonia\/contact-sales\/\">Est\u00f4nia<\/a><\/p>\n\t\t<\/div>\n\t\t\t<\/div>\n\n\t\n\n\t<div id=\"col-1714385685\" class=\"col medium-3 small-12 large-3\"  >\n\t\t<div class=\"col-inner\"  >\n\t\t\t\n\t\t\t\n<p style=\"text-align: center;\"><a href=\"\/pt\/france\/contact-sales\/\"><img decoding=\"async\" title=\"\" src=\"https:\/\/img.icons8.com\/color\/48\/france-circular.png\" alt=\"\" \/> <\/a><br \/><a href=\"\/pt\/france\/contact-sales\/\">Fran\u00e7a<\/a><\/p>\n\t\t<\/div>\n\t\t\t<\/div>\n\n\t\n\n\t<div id=\"col-305010782\" class=\"col medium-3 small-12 large-3\"  >\n\t\t<div class=\"col-inner\"  >\n\t\t\t\n\t\t\t\n<p style=\"text-align: center;\"><a href=\"\/pt\/finland\/contact-sales\/\"><img decoding=\"async\" title=\"\" src=\"https:\/\/img.icons8.com\/color\/48\/finland-circular.png\" alt=\"\" \/> <\/a><br \/><a href=\"\/pt\/finland\/contact-sales\/\">Finl\u00e2ndia<\/a><\/p>\n\t\t<\/div>\n\t\t\t<\/div>\n\n\t\n\n\t<div id=\"col-670432045\" class=\"col medium-3 small-12 large-3\"  >\n\t\t<div class=\"col-inner\"  >\n\t\t\t\n\t\t\t\n<p style=\"text-align: center;\"><a href=\"\/pt\/greece\/contact-sales\/\"><img decoding=\"async\" class=\"aligncenter\" title=\"\" src=\"https:\/\/img.icons8.com\/color\/48\/greece-circular.png\" alt=\"\" \/> <\/a><a href=\"\/pt\/greece\/contact-sales\/\">Gr\u00e9cia<\/a><\/p>\n\t\t<\/div>\n\t\t\t<\/div>\n\n\t\n\n\t<div id=\"col-1324448535\" class=\"col medium-3 small-12 large-3\"  >\n\t\t<div class=\"col-inner\"  >\n\t\t\t\n\t\t\t\n<p style=\"text-align: center;\"><a href=\"\/pt\/gibraltar\/contact-sales\/\"><img decoding=\"async\" title=\"\" src=\"https:\/\/img.icons8.com\/color\/48\/gibraltar-circular.png\" alt=\"\" \/> <\/a><br \/><a href=\"\/pt\/gibraltar\/contact-sales\/\">Gibraltar<\/a><\/p>\n\t\t<\/div>\n\t\t\t<\/div>\n\n\t\n\n\t<div id=\"col-835832503\" class=\"col medium-3 small-12 large-3\"  >\n\t\t<div class=\"col-inner\"  >\n\t\t\t\n\t\t\t\n<p style=\"text-align: center;\"><a href=\"\/de\/contact-sales\"><img decoding=\"async\" title=\"\" src=\"https:\/\/img.icons8.com\/color\/48\/germany-circular.png\" alt=\"\" \/> <\/a><br \/><a href=\"\/pt\/germany\/contact-sales\/\">Alemanha<\/a><\/p>\n\t\t<\/div>\n\t\t\t<\/div>\n\n\t\n\n\t<div id=\"col-1444212532\" class=\"col medium-3 small-12 large-3\"  >\n\t\t<div class=\"col-inner\"  >\n\t\t\t\n\t\t\t\n<p style=\"text-align: center;\"><a href=\"\/pt\/hungary\/contact-sales\/\"><img decoding=\"async\" title=\"\" src=\"https:\/\/img.icons8.com\/color\/48\/hungary-circular.png\" alt=\"Hungary\" \/> <\/a><br \/><a href=\"\/pt\/hungary\/contact-sales\/\">Hungria<\/a><\/p>\n\t\t<\/div>\n\t\t\t<\/div>\n\n\t\n\n\t<div id=\"col-1542883546\" class=\"col medium-3 small-12 large-3\"  >\n\t\t<div class=\"col-inner\"  >\n\t\t\t\n\t\t\t\n<p style=\"text-align: center;\"><a href=\"\/pt\/iceland\/contact-sales\/\"><img decoding=\"async\" class=\"aligncenter\" title=\"\" src=\"https:\/\/img.icons8.com\/color\/48\/iceland-circular.png\" alt=\"\" \/><\/a><a href=\"\/pt\/iceland\/contact-sales\/\">Isl\u00e2ndia<\/a><\/p>\n\t\t<\/div>\n\t\t\t<\/div>\n\n\t\n\n\t<div id=\"col-1868873501\" class=\"col medium-3 small-12 large-3\"  >\n\t\t<div class=\"col-inner\"  >\n\t\t\t\n\t\t\t\n<p style=\"text-align: center;\"><a href=\"\/pt\/ireland\/contact-sales\/\"><img decoding=\"async\" title=\"\" src=\"https:\/\/img.icons8.com\/color\/48\/ireland-circular.png\" alt=\"\" \/> <\/a><br \/><a href=\"\/pt\/ireland\/contact-sales\/\">Irlanda<\/a><\/p>\n\t\t<\/div>\n\t\t\t<\/div>\n\n\t\n\n\t<div id=\"col-952688056\" class=\"col medium-3 small-12 large-3\"  >\n\t\t<div class=\"col-inner\"  >\n\t\t\t\n\t\t\t\n<p style=\"text-align: center;\"><a href=\"\/pt\/italy\/contact-sales\/\"><img decoding=\"async\" title=\"\" src=\"https:\/\/img.icons8.com\/color\/48\/italy-circular.png\" alt=\"\" \/> <\/a><br \/><a href=\"\/pt\/italy\/contact-sales\/\">It\u00e1lia<\/a><\/p>\n\t\t<\/div>\n\t\t\t<\/div>\n\n\t\n\n\t<div id=\"col-1397608826\" class=\"col medium-3 small-12 large-3\"  >\n\t\t<div class=\"col-inner\"  >\n\t\t\t\n\t\t\t\n<p style=\"text-align: center;\"><a href=\"\/pt\/latvia\/contact-sales\/\"><img decoding=\"async\" title=\"\" src=\"https:\/\/img.icons8.com\/color\/48\/latvia-circular.png\" alt=\"\" \/> <\/a><br \/><a href=\"\/pt\/latvia\/contact-sales\/\">Let\u00f4nia<\/a><\/p>\n\t\t<\/div>\n\t\t\t<\/div>\n\n\t\n\n\t<div id=\"col-19356261\" class=\"col medium-3 small-12 large-3\"  >\n\t\t<div class=\"col-inner\"  >\n\t\t\t\n\t\t\t\n<p style=\"text-align: center;\"><a href=\"\/pt\/lithuania\/contact-sales\/\"><img decoding=\"async\" title=\"\" src=\"https:\/\/img.icons8.com\/color\/48\/lithuania-circular.png\" alt=\"\" \/> <\/a><br \/><a href=\"\/pt\/lithuania\/contact-sales\/\">Litu\u00e2nia<\/a><\/p>\n\t\t<\/div>\n\t\t\t<\/div>\n\n\t\n\n\t<div id=\"col-903802803\" class=\"col medium-3 small-12 large-3\"  >\n\t\t<div class=\"col-inner\"  >\n\t\t\t\n\t\t\t\n<p style=\"text-align: center;\"><img decoding=\"async\" class=\"aligncenter\" title=\"\" src=\"https:\/\/img.icons8.com\/color\/48\/luxembourg-circular.png\" alt=\"\" \/><a href=\"\/pt\/luxembourg\/contact-sales\/\">Luxemburgo<\/a><\/p>\n\t\t<\/div>\n\t\t\t<\/div>\n\n\t\n\n\t<div id=\"col-1661936197\" class=\"col medium-3 small-12 large-3\"  >\n\t\t<div class=\"col-inner\"  >\n\t\t\t\n\t\t\t\n<p style=\"text-align: center;\"><a href=\"\/pt\/netherlands\/contact-sales\/\"><img decoding=\"async\" title=\"\" src=\"https:\/\/img.icons8.com\/color\/48\/netherlands-circular.png\" alt=\"\" \/> <\/a><br \/><a href=\"\/pt\/netherlands\/contact-sales\/\">Holanda<\/a><\/p>\n\t\t<\/div>\n\t\t\t<\/div>\n\n\t\n\n\t<div id=\"col-1732289080\" class=\"col medium-3 small-12 large-3\"  >\n\t\t<div class=\"col-inner\"  >\n\t\t\t\n\t\t\t\n<p style=\"text-align: center;\"><a href=\"\/pt\/norway\/contact-sales\/\"><img decoding=\"async\" title=\"\" src=\"https:\/\/img.icons8.com\/color\/48\/norway-circular.png\" alt=\"\" \/> <\/a><br \/><a href=\"\/pt\/norway\/contact-sales\/\">Noruega<\/a><\/p>\n\t\t<\/div>\n\t\t\t<\/div>\n\n\t\n\n\t<div id=\"col-19385866\" class=\"col medium-3 small-12 large-3\"  >\n\t\t<div class=\"col-inner\"  >\n\t\t\t\n\t\t\t\n<p style=\"text-align: center;\"><a href=\"\/pt\/poland\/contact-sales\/\"><img decoding=\"async\" title=\"\" src=\"https:\/\/img.icons8.com\/color\/48\/poland-circular.png\" alt=\"\" \/> <\/a><br \/><a href=\"\/pt\/poland\/contact-sales\/\">Pol\u00f4nia<\/a><\/p>\n\t\t<\/div>\n\t\t\t<\/div>\n\n\t\n\n\t<div id=\"col-1332663518\" class=\"col medium-3 small-12 large-3\"  >\n\t\t<div class=\"col-inner\"  >\n\t\t\t\n\t\t\t\n<p style=\"text-align: center;\"><a href=\"\/pt\/portugal\/contact-sales\/\"><img decoding=\"async\" title=\"\" src=\"https:\/\/img.icons8.com\/color\/48\/portugal-circular.png\" alt=\"\" \/> <\/a><br \/><a href=\"\/pt\/portugal\/contact-sales\/\">Portugal<\/a><\/p>\n\t\t<\/div>\n\t\t\t<\/div>\n\n\t\n\n\t<div id=\"col-1750155445\" class=\"col medium-3 small-12 large-3\"  >\n\t\t<div class=\"col-inner\"  >\n\t\t\t\n\t\t\t\n<p style=\"text-align: center;\"><a href=\"\/pt\/romania\/contact-sales\/\"><img decoding=\"async\" title=\"\" src=\"https:\/\/img.icons8.com\/color\/48\/romania-circular.png\" alt=\"\" \/> <\/a><br \/><a href=\"\/pt\/romania\/contact-sales\/\">Rom\u00eania<\/a><\/p>\n\t\t<\/div>\n\t\t\t<\/div>\n\n\t\n\n\t<div id=\"col-149423309\" class=\"col medium-3 small-12 large-3\"  >\n\t\t<div class=\"col-inner\"  >\n\t\t\t\n\t\t\t\n<p style=\"text-align: center;\"><a href=\"\/pt\/serbia\/contact-sales\/\"><img decoding=\"async\" class=\"aligncenter\" title=\"\" src=\"https:\/\/img.icons8.com\/color\/48\/sernia-circular.png\" alt=\"\" \/> <\/a><a href=\"\/pt\/serbia\/contact-sales\/\">S\u00e9rvia<\/a><\/p>\n\t\t<\/div>\n\t\t\t<\/div>\n\n\t\n\n\t<div id=\"col-1878338869\" class=\"col medium-3 small-12 large-3\"  >\n\t\t<div class=\"col-inner\"  >\n\t\t\t\n\t\t\t\n<p style=\"text-align: center;\"><a href=\"\/pt\/spain\u200b\/contact-sales\/\"><img decoding=\"async\" class=\"alignnone  wp-image-3380\" src=\"https:\/\/phonelocker.com\/wp-content\/uploads\/2026\/03\/spain-round-icon-spanish-country-flag-icon-circle-vector-button_642540-2038.avif\" alt=\"\" width=\"55\" height=\"55\" \/><img decoding=\"async\" title=\"\" src=\"https:\/\/img.icons8.com\/color\/48\/spain2-circular.png\" alt=\"\" \/> <\/a><br \/><a href=\"\/pt\/spain\u200b\/contact-sales\/\">Espanha<\/a><\/p>\n\t\t<\/div>\n\t\t\t<\/div>\n\n\t\n\n\t<div id=\"col-1898956045\" class=\"col medium-3 small-12 large-3\"  >\n\t\t<div class=\"col-inner\"  >\n\t\t\t\n\t\t\t\n<p style=\"text-align: center;\"><a href=\"\/pt\/sweden\/contact-sales\/\"><img decoding=\"async\" title=\"\" src=\"https:\/\/img.icons8.com\/color\/48\/sweden-circular.png\" alt=\"\" \/> <\/a><br \/><a href=\"\/pt\/sweden\/contact-sales\/\">Su\u00e9cia<\/a><\/p>\n\t\t<\/div>\n\t\t\t<\/div>\n\n\t\n\n\t<div id=\"col-1680353339\" class=\"col medium-3 small-12 large-3\"  >\n\t\t<div class=\"col-inner\"  >\n\t\t\t\n\t\t\t\n<p style=\"text-align: center;\"><a href=\"\/pt\/switzerland\/contact-sales\/\"><img decoding=\"async\" title=\"\" src=\"https:\/\/img.icons8.com\/color\/48\/switzerland-circular.png\" alt=\"\" \/> <\/a><br \/><a href=\"\/pt\/switzerland\/contact-sales\/\">Su\u00ed\u00e7a<\/a><\/p>\n\t\t<\/div>\n\t\t\t<\/div>\n\n\t\n<\/div>","protected":false},"excerpt":{"rendered":"","protected":false},"author":1,"featured_media":0,"parent":0,"menu_order":0,"comment_status":"closed","ping_status":"closed","template":"","meta":{"footnotes":""},"class_list":["post-996","page","type-page","status-publish","hentry"],"yoast_head":"<!-- This site is optimized with the Yoast SEO plugin v27.1.1 - https:\/\/yoast.com\/product\/yoast-seo-wordpress\/ -->\n<title>Europe - Phone Locker<\/title>\n<meta name=\"robots\" content=\"index, follow, max-snippet:-1, max-image-preview:large, max-video-preview:-1\" \/>\n<link rel=\"canonical\" href=\"https:\/\/phonelocker.com\/pt\/europe\/\" \/>\n<meta property=\"og:locale\" content=\"pt_PT\" \/>\n<meta property=\"og:type\" content=\"article\" \/>\n<meta property=\"og:title\" content=\"Europe - Phone Locker\" \/>\n<meta property=\"og:url\" content=\"https:\/\/phonelocker.com\/pt\/europe\/\" \/>\n<meta property=\"og:site_name\" content=\"Phone Locker\" \/>\n<meta property=\"article:modified_time\" content=\"2026-03-23T11:51:24+00:00\" \/>\n<meta property=\"og:image\" content=\"https:\/\/img.icons8.com\/color\/48\/great-britain-circular.png\" \/>\n<meta name=\"twitter:card\" content=\"summary_large_image\" \/>\n<meta name=\"twitter:label1\" content=\"Tempo estimado de leitura\" \/>\n\t<meta name=\"twitter:data1\" content=\"7 minutos\" \/>\n<!-- \/ Yoast SEO plugin. -->","yoast_head_json":{"title":"Europa - Arm\u00e1rio para Celular","robots":{"index":"index","follow":"follow","max-snippet":"max-snippet:-1","max-image-preview":"max-image-preview:large","max-video-preview":"max-video-preview:-1"},"canonical":"https:\/\/phonelocker.com\/pt\/europe\/","og_locale":"pt_PT","og_type":"article","og_title":"Europe - Phone Locker","og_url":"https:\/\/phonelocker.com\/pt\/europe\/","og_site_name":"Phone Locker","article_modified_time":"2026-03-23T11:51:24+00:00","og_image":[{"url":"https:\/\/img.icons8.com\/color\/48\/great-britain-circular.png","type":"","width":"","height":""}],"twitter_card":"summary_large_image","twitter_misc":{"Tempo estimado de leitura":"7 minutos"},"schema":{"@context":"https:\/\/schema.org","@graph":[{"@type":"WebPage","@id":"https:\/\/phonelocker.com\/europe\/","url":"https:\/\/phonelocker.com\/europe\/","name":"Europa - Arm\u00e1rio para Celular","isPartOf":{"@id":"https:\/\/phonelocker.com\/#website"},"primaryImageOfPage":{"@id":"https:\/\/phonelocker.com\/europe\/#primaryimage"},"image":{"@id":"https:\/\/phonelocker.com\/europe\/#primaryimage"},"thumbnailUrl":"https:\/\/img.icons8.com\/color\/48\/great-britain-circular.png","datePublished":"2024-04-10T09:36:36+00:00","dateModified":"2026-03-23T11:51:24+00:00","breadcrumb":{"@id":"https:\/\/phonelocker.com\/europe\/#breadcrumb"},"inLanguage":"pt-PT","potentialAction":[{"@type":"ReadAction","target":["https:\/\/phonelocker.com\/europe\/"]}]},{"@type":"ImageObject","inLanguage":"pt-PT","@id":"https:\/\/phonelocker.com\/europe\/#primaryimage","url":"https:\/\/img.icons8.com\/color\/48\/great-britain-circular.png","contentUrl":"https:\/\/img.icons8.com\/color\/48\/great-britain-circular.png"},{"@type":"BreadcrumbList","@id":"https:\/\/phonelocker.com\/europe\/#breadcrumb","itemListElement":[{"@type":"ListItem","position":1,"name":"Home","item":"https:\/\/phonelocker.com\/"},{"@type":"ListItem","position":2,"name":"Europe"}]},{"@type":"WebSite","@id":"https:\/\/phonelocker.com\/#website","url":"https:\/\/phonelocker.com\/","name":"Arm\u00e1rio de telefone","description":"Bolsa para telefone com trava","potentialAction":[{"@type":"SearchAction","target":{"@type":"EntryPoint","urlTemplate":"https:\/\/phonelocker.com\/?s={search_term_string}"},"query-input":{"@type":"PropertyValueSpecification","valueRequired":true,"valueName":"search_term_string"}}],"inLanguage":"pt-PT"}]}},"_links":{"self":[{"href":"https:\/\/phonelocker.com\/pt\/wp-json\/wp\/v2\/pages\/996","targetHints":{"allow":["GET"]}}],"collection":[{"href":"https:\/\/phonelocker.com\/pt\/wp-json\/wp\/v2\/pages"}],"about":[{"href":"https:\/\/phonelocker.com\/pt\/wp-json\/wp\/v2\/types\/page"}],"author":[{"embeddable":true,"href":"https:\/\/phonelocker.com\/pt\/wp-json\/wp\/v2\/users\/1"}],"replies":[{"embeddable":true,"href":"https:\/\/phonelocker.com\/pt\/wp-json\/wp\/v2\/comments?post=996"}],"version-history":[{"count":36,"href":"https:\/\/phonelocker.com\/pt\/wp-json\/wp\/v2\/pages\/996\/revisions"}],"predecessor-version":[{"id":3381,"href":"https:\/\/phonelocker.com\/pt\/wp-json\/wp\/v2\/pages\/996\/revisions\/3381"}],"wp:attachment":[{"href":"https:\/\/phonelocker.com\/pt\/wp-json\/wp\/v2\/media?parent=996"}],"curies":[{"name":"wp","href":"https:\/\/api.w.org\/{rel}","templated":true}]}}